{"id":360,"date":"2019-09-16T22:03:12","date_gmt":"2019-09-16T20:03:12","guid":{"rendered":"http:\/\/localhost\/?page_id=360"},"modified":"2020-09-16T11:22:25","modified_gmt":"2020-09-16T15:22:25","slug":"a-propos","status":"publish","type":"page","link":"https:\/\/drbean.ca\/en\/a-propos\/","title":{"rendered":"About"},"content":{"rendered":"<p>[et_pb_section fb_built=\u00a0\u00bb1&Prime; _builder_version=\u00a0\u00bb3.28&Prime; use_background_color_gradient=\u00a0\u00bbon\u00a0\u00bb background_color_gradient_start=\u00a0\u00bb#FF5E5E\u00a0\u00bb background_color_gradient_end=\u00a0\u00bb#ED7B7B\u00a0\u00bb background_color_gradient_direction=\u00a0\u00bb160deg\u00a0\u00bb background_color_gradient_start_position=\u00a0\u00bb74%\u00a0\u00bb background_color_gradient_end_position=\u00a0\u00bb36%\u00a0\u00bb fb_built=\u00a0\u00bb1&Prime; _i=\u00a0\u00bb0&Prime; _address=\u00a0\u00bb0&Prime;][et_pb_row _builder_version=\u00a0\u00bb3.28&Prime; _i=\u00a0\u00bb0&Prime; _address=\u00a0\u00bb0.0&Prime;][et_pb_column type=\u00a0\u00bb4_4&Prime; _builder_version=\u00a0\u00bb3.28&Prime; _i=\u00a0\u00bb0&Prime; _address=\u00a0\u00bb0.0.0&Prime;][et_pb_text _builder_version=\u00a0\u00bb3.27.4&Prime; text_font=\u00a0\u00bbHeebo||||||||\u00a0\u00bb text_text_color=\u00a0\u00bb#ffffff\u00a0\u00bb text_font_size=\u00a0\u00bb34px\u00a0\u00bb _i=\u00a0\u00bb0&Prime; _address=\u00a0\u00bb0.0.0.0&Prime;]<\/p>\n<p style=\"text-align: center;\">About<\/p>\n<p>[\/et_pb_text][\/et_pb_column][\/et_pb_row][\/et_pb_section][et_pb_section fb_built=\u00a0\u00bb1&Prime; _builder_version=\u00a0\u00bb3.28&Prime; custom_padding=\u00a0\u00bb12px||0px|||\u00a0\u00bb fb_built=\u00a0\u00bb1&Prime; _i=\u00a0\u00bb1&Prime; _address=\u00a0\u00bb1&Prime;][et_pb_row _builder_version=\u00a0\u00bb3.28&Prime; _i=\u00a0\u00bb0&Prime; _address=\u00a0\u00bb1.0&Prime;][et_pb_column type=\u00a0\u00bb4_4&Prime; _builder_version=\u00a0\u00bb3.28&Prime; _i=\u00a0\u00bb0&Prime; _address=\u00a0\u00bb1.0.0&Prime;][et_pb_text _builder_version=\u00a0\u00bb3.27.4&Prime; text_font=\u00a0\u00bbHeebo||||||||\u00a0\u00bb text_text_color=\u00a0\u00bb#000000&Prime; text_font_size=\u00a0\u00bb24px\u00a0\u00bb custom_margin=\u00a0\u00bb-6px|||||\u00a0\u00bb _i=\u00a0\u00bb0&Prime; _address=\u00a0\u00bb1.0.0.0&Prime;]<\/p>\n<p style=\"text-align: center;\">Discover a solution for every situation<\/p>\n<p>[\/et_pb_text][et_pb_divider color=\u00a0\u00bb#000000&Prime; divider_weight=\u00a0\u00bb4px\u00a0\u00bb admin_label=\u00a0\u00bbS\u00e9parateur\u00a0\u00bb _builder_version=\u00a0\u00bb3.27.4&Prime; width=\u00a0\u00bb38%\u00a0\u00bb module_alignment=\u00a0\u00bbcenter\u00a0\u00bb custom_margin=\u00a0\u00bb0px||||false|false\u00a0\u00bb custom_padding=\u00a0\u00bb||0px|||\u00a0\u00bb _i=\u00a0\u00bb1&Prime; _address=\u00a0\u00bb1.0.0.1&Prime;][\/et_pb_divider][et_pb_text _builder_version=\u00a0\u00bb3.27.4&Prime; text_font=\u00a0\u00bbHeebo||||||||\u00a0\u00bb text_text_color=\u00a0\u00bb#000000&Prime; text_font_size=\u00a0\u00bb18px\u00a0\u00bb text_line_height=\u00a0\u00bb1.8em\u00a0\u00bb background_layout=\u00a0\u00bbdark\u00a0\u00bb custom_margin=\u00a0\u00bb-6px|||||\u00a0\u00bb _i=\u00a0\u00bb2&Prime; _address=\u00a0\u00bb1.0.0.2&Prime;]<\/p>\n<p style=\"text-align: center;\">Solutions and advice adapted to every client's need. We offer a large variaty of complete and effective services!\u00a0<\/p>\n<p>[\/et_pb_text][et_pb_button button_url=\u00a0\u00bbhttp:\/\/drbean.ca\/solutions\/\u00a0\u00bb button_text=\u00a0\u00bbD\u00c9COUVREZ-LES\u00a0\u00bb button_alignment=\u00a0\u00bbcenter\u00a0\u00bb _builder_version=\u00a0\u00bb3.27.4&Prime; custom_button=\u00a0\u00bbon\u00a0\u00bb button_text_color=\u00a0\u00bb#000000&Prime; custom_margin=\u00a0\u00bb-1px|||||\u00a0\u00bb custom_padding=\u00a0\u00bb0px|||||\u00a0\u00bb _i=\u00a0\u00bb3&Prime; _address=\u00a0\u00bb1.0.0.3&Prime;][\/et_pb_button][\/et_pb_column][\/et_pb_row][\/et_pb_section][et_pb_section fb_built=\u00a0\u00bb1&Prime; _builder_version=\u00a0\u00bb3.28&Prime; background_color=\u00a0\u00bb#0c0c0c\u00a0\u00bb fb_built=\u00a0\u00bb1&Prime; _i=\u00a0\u00bb2&Prime; _address=\u00a0\u00bb2&Prime;][et_pb_row column_structure=\u00a0\u00bb1_2,1_2&Prime; _builder_version=\u00a0\u00bb3.28&Prime; _i=\u00a0\u00bb0&Prime; _address=\u00a0\u00bb2.0&Prime;][et_pb_column type=\u00a0\u00bb1_2&Prime; _builder_version=\u00a0\u00bb3.28&Prime; _i=\u00a0\u00bb0&Prime; _address=\u00a0\u00bb2.0.0&Prime;][et_pb_text _builder_version=\u00a0\u00bb3.27.4&Prime; text_font=\u00a0\u00bbHeebo||||||||\u00a0\u00bb text_text_color=\u00a0\u00bb#ffffff\u00a0\u00bb text_font_size=\u00a0\u00bb27px\u00a0\u00bb text_letter_spacing=\u00a0\u00bb4px\u00a0\u00bb custom_margin=\u00a0\u00bb||17px|||\u00a0\u00bb _i=\u00a0\u00bb0&Prime; _address=\u00a0\u00bb2.0.0.0&Prime;]<\/p>\n<p>Our mission<\/p>\n<p>[\/et_pb_text][et_pb_divider color=\u00a0\u00bb#ffffff\u00a0\u00bb divider_weight=\u00a0\u00bb6px\u00a0\u00bb _builder_version=\u00a0\u00bb3.28&Prime; background_color=\u00a0\u00bbrgba(0,0,0,0)\u00a0\u00bb width=\u00a0\u00bb18%\u00a0\u00bb _i=\u00a0\u00bb1&Prime; _address=\u00a0\u00bb2.0.0.1&Prime;][\/et_pb_divider][et_pb_text _builder_version=\u00a0\u00bb3.27.4&Prime; text_text_color=\u00a0\u00bb#ffffff\u00a0\u00bb text_font_size=\u00a0\u00bb15px\u00a0\u00bb _i=\u00a0\u00bb2&Prime; _address=\u00a0\u00bb2.0.0.2&Prime;]<\/p>\n<p>The choice of equipment when it comes to coffee machines is something that deserves the right advice. We accord great importence to the quality and durability of our products.<\/p>\n<p>The quality and reliability of our machines, recognized by the entire industry, can be explained by our desire to make no compromise on the choice of materials and technologies.<\/p>\n<p>The know-how of our specialized team allow us to provide efficient service to our customers as well as to guarantee permanent technical support to our partners.<\/p>\n<p>[\/et_pb_text][\/et_pb_column][et_pb_column type=\u00a0\u00bb1_2&Prime; _builder_version=\u00a0\u00bb3.28&Prime; _i=\u00a0\u00bb1&Prime; _address=\u00a0\u00bb2.0.1&Prime;][et_pb_text _builder_version=\u00a0\u00bb3.27.4&Prime; text_font=\u00a0\u00bbHeebo||||||||\u00a0\u00bb text_text_color=\u00a0\u00bb#ffffff\u00a0\u00bb text_font_size=\u00a0\u00bb27px\u00a0\u00bb text_letter_spacing=\u00a0\u00bb4px\u00a0\u00bb custom_margin=\u00a0\u00bb||16px|||\u00a0\u00bb _i=\u00a0\u00bb0&Prime; _address=\u00a0\u00bb2.0.1.0&Prime;]<\/p>\n<p>Background<\/p>\n<p>[\/et_pb_text][et_pb_divider color=\u00a0\u00bb#ffffff\u00a0\u00bb divider_weight=\u00a0\u00bb6px\u00a0\u00bb _builder_version=\u00a0\u00bb3.28&Prime; background_color=\u00a0\u00bbrgba(0,0,0,0)\u00a0\u00bb width=\u00a0\u00bb18%\u00a0\u00bb _i=\u00a0\u00bb1&Prime; _address=\u00a0\u00bb2.0.1.1&Prime;][\/et_pb_divider][et_pb_text _builder_version=\u00a0\u00bb3.27.4&Prime; text_text_color=\u00a0\u00bb#ffffff\u00a0\u00bb text_font_size=\u00a0\u00bb15px\u00a0\u00bb _i=\u00a0\u00bb2&Prime; _address=\u00a0\u00bb2.0.1.2&Prime;]<\/p>\n<p>Laurent Francheteau launched Dr. Bean Espresso International Inc. in 1998 backed by 30 years of experience.<\/p>\n<p>Located in Montreal, Dr. Bean offers a quality service in sales, installations and maintenance of commercial and residential espresso machines.<\/p>\n<p>Coffee for us is a passion that offers great diversity, it is synonymous with adventure, generosity and joy.<\/p>\n<p>[\/et_pb_text][\/et_pb_column][\/et_pb_row][\/et_pb_section][et_pb_section fb_built=\u00a0\u00bb1&Prime; _builder_version=\u00a0\u00bb3.28&Prime; background_color=\u00a0\u00bb#FF5E5E\u00a0\u00bb custom_padding=\u00a0\u00bb21px||26px|||\u00a0\u00bb fb_built=\u00a0\u00bb1&Prime; _i=\u00a0\u00bb3&Prime; _address=\u00a0\u00bb3&Prime;][et_pb_row _builder_version=\u00a0\u00bb3.28&Prime; _i=\u00a0\u00bb0&Prime; _address=\u00a0\u00bb3.0&Prime;][et_pb_column type=\u00a0\u00bb4_4&Prime; _builder_version=\u00a0\u00bb3.28&Prime; _i=\u00a0\u00bb0&Prime; _address=\u00a0\u00bb3.0.0&Prime;][et_pb_text _builder_version=\u00a0\u00bb3.27.4&Prime; text_font=\u00a0\u00bbHeebo||||||||\u00a0\u00bb text_text_color=\u00a0\u00bb#ffffff\u00a0\u00bb text_font_size=\u00a0\u00bb25px\u00a0\u00bb _i=\u00a0\u00bb0&Prime; _address=\u00a0\u00bb3.0.0.0&Prime;]<\/p>\n<p style=\"text-align: center;\">DISCOVER OUR ORGANIC AND FAIR TRADE COFFEE ROASTED WITH CARE IN MONTREAL<\/p>\n<p>[\/et_pb_text][et_pb_button button_url=\u00a0\u00bbhttp:\/\/drbean.ca\/categorie-produit\/cafe-espresso\/\u00a0\u00bb button_text=\u00a0\u00bbEN SAVOIR PLUS\u00a0\u00bb button_alignment=\u00a0\u00bbcenter\u00a0\u00bb _builder_version=\u00a0\u00bb3.27.4&Prime; custom_button=\u00a0\u00bbon\u00a0\u00bb button_text_color=\u00a0\u00bb#ffffff\u00a0\u00bb _i=\u00a0\u00bb1&Prime; _address=\u00a0\u00bb3.0.0.1&Prime;][\/et_pb_button][\/et_pb_column][\/et_pb_row][\/et_pb_section][et_pb_section fb_built=\u00a0\u00bb1&Prime; _builder_version=\u00a0\u00bb3.28&Prime; custom_padding=\u00a0\u00bb25px|||||\u00a0\u00bb fb_built=\u00a0\u00bb1&Prime; _i=\u00a0\u00bb4&Prime; _address=\u00a0\u00bb4&Prime;][et_pb_row _builder_version=\u00a0\u00bb3.28&Prime; _i=\u00a0\u00bb0&Prime; _address=\u00a0\u00bb4.0&Prime;][et_pb_column type=\u00a0\u00bb4_4&Prime; _builder_version=\u00a0\u00bb3.28&Prime; _i=\u00a0\u00bb0&Prime; _address=\u00a0\u00bb4.0.0&Prime;][et_pb_text _builder_version=\u00a0\u00bb3.28&Prime; text_font=\u00a0\u00bbHeebo||||||||\u00a0\u00bb text_text_color=\u00a0\u00bb#000000&Prime; text_font_size=\u00a0\u00bb29px\u00a0\u00bb text_letter_spacing=\u00a0\u00bb4px\u00a0\u00bb text_orientation=\u00a0\u00bbcenter\u00a0\u00bb _i=\u00a0\u00bb0&Prime; _address=\u00a0\u00bb4.0.0.0&Prime;]<\/p>\n<p>OUR DEVOTED TEAM<\/p>\n<p>[\/et_pb_text][et_pb_divider color=\u00a0\u00bb#000000&Prime; divider_weight=\u00a0\u00bb6px\u00a0\u00bb _builder_version=\u00a0\u00bb3.28&Prime; width=\u00a0\u00bb10%\u00a0\u00bb module_alignment=\u00a0\u00bbcenter\u00a0\u00bb _i=\u00a0\u00bb1&Prime; _address=\u00a0\u00bb4.0.0.1&Prime;][\/et_pb_divider][\/et_pb_column][\/et_pb_row][et_pb_row column_structure=\u00a0\u00bb1_3,1_3,1_3&Prime; _builder_version=\u00a0\u00bb3.28&Prime; _i=\u00a0\u00bb1&Prime; _address=\u00a0\u00bb4.1&Prime;][et_pb_column type=\u00a0\u00bb1_3&Prime; _builder_version=\u00a0\u00bb3.28&Prime; _i=\u00a0\u00bb0&Prime; _address=\u00a0\u00bb4.1.0&Prime;][et_pb_image src=\u00a0\u00bbhttp:\/\/drbean.ca\/wp-content\/uploads\/2019\/09\/equipe_bonhomme_01-1.png\u00a0\u00bb align=\u00a0\u00bbcenter\u00a0\u00bb _builder_version=\u00a0\u00bb3.27.4&Prime; _i=\u00a0\u00bb0&Prime; _address=\u00a0\u00bb4.1.0.0&Prime;][\/et_pb_image][et_pb_text _builder_version=\u00a0\u00bb3.27.4&Prime; text_font=\u00a0\u00bbHeebo||||||||\u00a0\u00bb custom_margin=\u00a0\u00bb||11px|||\u00a0\u00bb _i=\u00a0\u00bb1&Prime; _address=\u00a0\u00bb4.1.0.1&Prime;]<\/p>\n<h4 class=\"nospace\" style=\"text-align: center;\">LAURENT<br \/>FRANCHETEAU<\/h4>\n<p>[\/et_pb_text][et_pb_text _builder_version=\u00a0\u00bb3.27.4&Prime; text_font=\u00a0\u00bbHeebo||||||||\u00a0\u00bb text_letter_spacing=\u00a0\u00bb1px\u00a0\u00bb custom_margin=\u00a0\u00bb0px|||||\u00a0\u00bb _i=\u00a0\u00bb2&Prime; _address=\u00a0\u00bb4.1.0.2&Prime;]<\/p>\n<h4 class=\"nospace\" style=\"text-align: center;\">OWNER AND PRESIDENT<\/h4>\n<p>[\/et_pb_text][et_pb_text _builder_version=\u00a0\u00bb3.27.4&Prime; _i=\u00a0\u00bb3&Prime; _address=\u00a0\u00bb4.1.0.3&Prime;]<\/p>\n<p style=\"text-align: center;\">30 years of experience in coffee machines and technical support<\/p>\n<p>[\/et_pb_text][\/et_pb_column][et_pb_column type=\u00a0\u00bb1_3&Prime; _builder_version=\u00a0\u00bb3.28&Prime; _i=\u00a0\u00bb1&Prime; _address=\u00a0\u00bb4.1.1&Prime;][et_pb_image src=\u00a0\u00bbhttp:\/\/drbean.ca\/wp-content\/uploads\/2019\/09\/equipe_bonhomme_02-1.png\u00a0\u00bb align=\u00a0\u00bbcenter\u00a0\u00bb _builder_version=\u00a0\u00bb3.27.4&Prime; _i=\u00a0\u00bb0&Prime; _address=\u00a0\u00bb4.1.1.0&Prime;][\/et_pb_image][et_pb_text _builder_version=\u00a0\u00bb3.27.4&Prime; text_font=\u00a0\u00bbHeebo||||||||\u00a0\u00bb custom_margin=\u00a0\u00bb||20px|||\u00a0\u00bb _i=\u00a0\u00bb1&Prime; _address=\u00a0\u00bb4.1.1.1&Prime;]<\/p>\n<h4 class=\"nospace\" style=\"text-align: center;\">SOPHIE<br \/>ROUSSEAU<\/h4>\n<p>[\/et_pb_text][et_pb_text _builder_version=\u00a0\u00bb3.27.4&Prime; text_font=\u00a0\u00bbHeebo||||||||\u00a0\u00bb text_letter_spacing=\u00a0\u00bb1px\u00a0\u00bb custom_margin=\u00a0\u00bb-8px|||||\u00a0\u00bb _i=\u00a0\u00bb2&Prime; _address=\u00a0\u00bb4.1.1.2&Prime;]<\/p>\n<h4 class=\"nospace\" style=\"text-align: center;\">ADMINISTRATIVE DIRECTOR<\/h4>\n<p>[\/et_pb_text][et_pb_text _builder_version=\u00a0\u00bb3.27.4&Prime; _i=\u00a0\u00bb3&Prime; _address=\u00a0\u00bb4.1.1.3&Prime;]<\/p>\n<p style=\"text-align: center;\">20 years of experience, administrative support<\/p>\n<p>[\/et_pb_text][\/et_pb_column][et_pb_column type=\u00a0\u00bb1_3&Prime; _builder_version=\u00a0\u00bb3.28&Prime; _i=\u00a0\u00bb2&Prime; _address=\u00a0\u00bb4.1.2&Prime;][et_pb_image src=\u00a0\u00bbhttp:\/\/drbean.ca\/wp-content\/uploads\/2019\/09\/equipe_bonhomme_03-1.png\u00a0\u00bb align=\u00a0\u00bbcenter\u00a0\u00bb _builder_version=\u00a0\u00bb3.27.4&Prime; _i=\u00a0\u00bb0&Prime; _address=\u00a0\u00bb4.1.2.0&Prime;][\/et_pb_image][et_pb_text _builder_version=\u00a0\u00bb3.27.4&Prime; text_font=\u00a0\u00bbHeebo||||||||\u00a0\u00bb custom_margin=\u00a0\u00bb||12px|||\u00a0\u00bb _i=\u00a0\u00bb1&Prime; _address=\u00a0\u00bb4.1.2.1&Prime;]<\/p>\n<h4 class=\"nospace\" style=\"text-align: center;\">PHILIPPE<br \/>JORON<\/h4>\n<p>[\/et_pb_text][et_pb_text _builder_version=\u00a0\u00bb3.27.4&Prime; text_font=\u00a0\u00bbHeebo||||||||\u00a0\u00bb text_letter_spacing=\u00a0\u00bb1px\u00a0\u00bb custom_margin=\u00a0\u00bb0px|||||\u00a0\u00bb _i=\u00a0\u00bb2&Prime; _address=\u00a0\u00bb4.1.2.2&Prime;]<\/p>\n<h4 class=\"nospace\" style=\"text-align: center;\">SPECIALIZED TECHNICIAN<\/h4>\n<p>[\/et_pb_text][et_pb_text _builder_version=\u00a0\u00bb3.27.4&Prime; _i=\u00a0\u00bb3&Prime; _address=\u00a0\u00bb4.1.2.3&Prime;]<\/p>\n<p style=\"text-align: center;\">10 years of experience, technical support<\/p>\n<p>[\/et_pb_text][\/et_pb_column][\/et_pb_row][et_pb_row column_structure=\u00a0\u00bb1_3,1_3,1_3&Prime; _builder_version=\u00a0\u00bb3.28&Prime; _i=\u00a0\u00bb2&Prime; _address=\u00a0\u00bb4.2&Prime;][et_pb_column type=\u00a0\u00bb1_3&Prime; _builder_version=\u00a0\u00bb3.28&Prime; _i=\u00a0\u00bb0&Prime; _address=\u00a0\u00bb4.2.0&Prime;][et_pb_image src=\u00a0\u00bbhttp:\/\/drbean.ca\/wp-content\/uploads\/2019\/09\/equipe_bonhomme_04-1.png\u00a0\u00bb align=\u00a0\u00bbcenter\u00a0\u00bb _builder_version=\u00a0\u00bb3.27.4&Prime; _i=\u00a0\u00bb0&Prime; _address=\u00a0\u00bb4.2.0.0&Prime;][\/et_pb_image][et_pb_text _builder_version=\u00a0\u00bb3.28&Prime; text_font=\u00a0\u00bbHeebo||||||||\u00a0\u00bb custom_margin=\u00a0\u00bb||11px|||\u00a0\u00bb _i=\u00a0\u00bb1&Prime; _address=\u00a0\u00bb4.2.0.1&Prime;]<\/p>\n<h4 class=\"nospace\" style=\"text-align: center;\">BOGDAN<br \/> SAVU<\/h4>\n<p>[\/et_pb_text][et_pb_text _builder_version=\u00a0\u00bb3.28&Prime; text_font=\u00a0\u00bbHeebo||||||||\u00a0\u00bb text_letter_spacing=\u00a0\u00bb1px\u00a0\u00bb custom_margin=\u00a0\u00bb0px|||||\u00a0\u00bb _i=\u00a0\u00bb2&Prime; _address=\u00a0\u00bb4.2.0.2&Prime;]<\/p>\n<h4 class=\"nospace\" style=\"text-align: center;\">SPECIALIZED TECHNICIAN<\/h4>\n<p>[\/et_pb_text][et_pb_text _builder_version=\u00a0\u00bb3.28&Prime; _i=\u00a0\u00bb3&Prime; _address=\u00a0\u00bb4.2.0.3&Prime;]<\/p>\n<p style=\"text-align: center;\">8 years of experience, technical support<\/p>\n<p>[\/et_pb_text][\/et_pb_column][et_pb_column type=\u00a0\u00bb1_3&Prime; _builder_version=\u00a0\u00bb3.28&Prime; _i=\u00a0\u00bb1&Prime; _address=\u00a0\u00bb4.2.1&Prime;][et_pb_image src=\u00a0\u00bbhttp:\/\/drbean.ca\/wp-content\/uploads\/2019\/09\/equipe_bonhomme_05-1.png\u00a0\u00bb align=\u00a0\u00bbcenter\u00a0\u00bb _builder_version=\u00a0\u00bb3.27.4&Prime; _i=\u00a0\u00bb0&Prime; _address=\u00a0\u00bb4.2.1.0&Prime;][\/et_pb_image][et_pb_text _builder_version=\u00a0\u00bb3.28&Prime; text_font=\u00a0\u00bbHeebo||||||||\u00a0\u00bb custom_margin=\u00a0\u00bb||20px|||\u00a0\u00bb _i=\u00a0\u00bb1&Prime; _address=\u00a0\u00bb4.2.1.1&Prime;]<\/p>\n<h4 class=\"nospace\" style=\"text-align: center;\">MAXIME<br \/> GOULET<\/h4>\n<p>[\/et_pb_text][et_pb_text _builder_version=\u00a0\u00bb3.28&Prime; text_font=\u00a0\u00bbHeebo||||||||\u00a0\u00bb text_letter_spacing=\u00a0\u00bb1px\u00a0\u00bb custom_margin=\u00a0\u00bb-8px|||||\u00a0\u00bb _i=\u00a0\u00bb2&Prime; _address=\u00a0\u00bb4.2.1.2&Prime;]<\/p>\n<h4 class=\"nospace\" style=\"text-align: center;\">SPECIALIZED TECHNICIAN<\/h4>\n<p>[\/et_pb_text][et_pb_text _builder_version=\u00a0\u00bb3.28&Prime; _i=\u00a0\u00bb3&Prime; _address=\u00a0\u00bb4.2.1.3&Prime;]<\/p>\n<p style=\"text-align: center;\">3 years of experience, technical support<\/p>\n<p>[\/et_pb_text][\/et_pb_column][et_pb_column type=\u00a0\u00bb1_3&Prime; _builder_version=\u00a0\u00bb3.28&Prime; _i=\u00a0\u00bb2&Prime; _address=\u00a0\u00bb4.2.2&Prime;][\/et_pb_column][\/et_pb_row][\/et_pb_section]<\/p>","protected":false},"excerpt":{"rendered":"<p>[et_pb_section fb_built=\u00a0\u00bb1&Prime; _builder_version=\u00a0\u00bb3.28&Prime; use_background_color_gradient=\u00a0\u00bbon\u00a0\u00bb background_color_gradient_start=\u00a0\u00bb#FF5E5E\u00a0\u00bb background_color_gradient_end=\u00a0\u00bb#ED7B7B\u00a0\u00bb background_color_gradient_direction=\u00a0\u00bb160deg\u00a0\u00bb background_color_gradient_start_position=\u00a0\u00bb74%\u00a0\u00bb background_color_gradient_end_position=\u00a0\u00bb36%\u00a0\u00bb fb_built=\u00a0\u00bb1&Prime; _i=\u00a0\u00bb0&Prime; _address=\u00a0\u00bb0&Prime;][et_pb_row _builder_version=\u00a0\u00bb3.28&Prime; _i=\u00a0\u00bb0&Prime; _address=\u00a0\u00bb0.0&Prime;][et_pb_column type=\u00a0\u00bb4_4&Prime; _builder_version=\u00a0\u00bb3.28&Prime; _i=\u00a0\u00bb0&Prime; _address=\u00a0\u00bb0.0.0&Prime;][et_pb_text _builder_version=\u00a0\u00bb3.27.4&Prime; text_font=\u00a0\u00bbHeebo||||||||\u00a0\u00bb text_text_color=\u00a0\u00bb#ffffff\u00a0\u00bb text_font_size=\u00a0\u00bb34px\u00a0\u00bb _i=\u00a0\u00bb0&Prime; _address=\u00a0\u00bb0.0.0.0&Prime;] \u00c0 PROPOS [\/et_pb_text][\/et_pb_column][\/et_pb_row][\/et_pb_section][et_pb_section fb_built=\u00a0\u00bb1&Prime; _builder_version=\u00a0\u00bb3.28&Prime; custom_padding=\u00a0\u00bb12px||0px|||\u00a0\u00bb fb_built=\u00a0\u00bb1&Prime; _i=\u00a0\u00bb1&Prime; _address=\u00a0\u00bb1&Prime;][et_pb_row _builder_version=\u00a0\u00bb3.28&Prime; _i=\u00a0\u00bb0&Prime; _address=\u00a0\u00bb1.0&Prime;][et_pb_column type=\u00a0\u00bb4_4&Prime; _builder_version=\u00a0\u00bb3.28&Prime; _i=\u00a0\u00bb0&Prime; _address=\u00a0\u00bb1.0.0&Prime;][et_pb_text _builder_version=\u00a0\u00bb3.27.4&Prime; text_font=\u00a0\u00bbHeebo||||||||\u00a0\u00bb text_text_color=\u00a0\u00bb#000000&Prime; text_font_size=\u00a0\u00bb24px\u00a0\u00bb custom_margin=\u00a0\u00bb-6px|||||\u00a0\u00bb _i=\u00a0\u00bb0&Prime; _address=\u00a0\u00bb1.0.0.0&Prime;] D\u00c9COUVREZ LES SOLUTIONS POUR TOUTES LES SITUATIONS [&hellip;]<\/p>","protected":false},"author":5,"featured_media":0,"parent":0,"menu_order":0,"comment_status":"closed","ping_status":"closed","template":"","meta":{"_et_pb_use_builder":"on","_et_pb_old_content":"","om_disable_all_campaigns":false,"_monsterinsights_skip_tracking":false,"_monsterinsights_sitenote_active":false,"_monsterinsights_sitenote_note":"","_monsterinsights_sitenote_category":0,"footnotes":""},"class_list":["post-360","page","type-page","status-publish","hentry"],"aioseo_notices":[],"yoast_head":"<!-- This site is optimized with the Yoast SEO plugin v23.7 - https:\/\/yoast.com\/wordpress\/plugins\/seo\/ -->\n<title>\u00c0 propos - Dr Bean<\/title>\n<meta name=\"description\" content=\"Consultez un expert caf\u00e9 maintenant que \u00e7a soit pour boutique sp\u00e9cialis\u00e9e, bureaux, restaurants ou h\u00f4tels! Profitez de nos conseils d&#039;experts!\" \/>\n<meta name=\"robots\" content=\"index, follow, max-snippet:-1, max-image-preview:large, max-video-preview:-1\" \/>\n<link rel=\"canonical\" href=\"http:\/\/drbean.ca\/en\/a-propos\/\" \/>\n<meta property=\"og:locale\" content=\"en_US\" \/>\n<meta property=\"og:type\" content=\"article\" \/>\n<meta property=\"og:title\" content=\"\u00c0 propos - Dr Bean\" \/>\n<meta property=\"og:description\" content=\"Consultez un expert caf\u00e9 maintenant que \u00e7a soit pour boutique sp\u00e9cialis\u00e9e, bureaux, restaurants ou h\u00f4tels! Profitez de nos conseils d&#039;experts!\" \/>\n<meta property=\"og:url\" content=\"http:\/\/drbean.ca\/en\/a-propos\/\" \/>\n<meta property=\"og:site_name\" content=\"Dr Bean\" \/>\n<meta property=\"article:publisher\" content=\"https:\/\/www.facebook.com\/DRBEANMTL\" \/>\n<meta property=\"article:modified_time\" content=\"2020-09-16T15:22:25+00:00\" \/>\n<meta name=\"twitter:card\" content=\"summary_large_image\" \/>\n<meta name=\"twitter:label1\" content=\"Est. reading time\" \/>\n\t<meta name=\"twitter:data1\" content=\"7 minutes\" \/>\n<script type=\"application\/ld+json\" class=\"yoast-schema-graph\">{\"@context\":\"https:\/\/schema.org\",\"@graph\":[{\"@type\":\"WebPage\",\"@id\":\"http:\/\/drbean.ca\/fr\/a-propos\/\",\"url\":\"http:\/\/drbean.ca\/fr\/a-propos\/\",\"name\":\"\u00c0 propos - Dr Bean\",\"isPartOf\":{\"@id\":\"https:\/\/drbean.ca\/fr\/#website\"},\"datePublished\":\"2019-09-16T20:03:12+00:00\",\"dateModified\":\"2020-09-16T15:22:25+00:00\",\"description\":\"Consultez un expert caf\u00e9 maintenant que \u00e7a soit pour boutique sp\u00e9cialis\u00e9e, bureaux, restaurants ou h\u00f4tels! Profitez de nos conseils d'experts!\",\"breadcrumb\":{\"@id\":\"http:\/\/drbean.ca\/fr\/a-propos\/#breadcrumb\"},\"inLanguage\":\"en-US\",\"potentialAction\":[{\"@type\":\"ReadAction\",\"target\":[\"http:\/\/drbean.ca\/fr\/a-propos\/\"]}]},{\"@type\":\"BreadcrumbList\",\"@id\":\"http:\/\/drbean.ca\/fr\/a-propos\/#breadcrumb\",\"itemListElement\":[{\"@type\":\"ListItem\",\"position\":1,\"name\":\"Accueil\",\"item\":\"http:\/\/drbean.ca\/fr\/\"},{\"@type\":\"ListItem\",\"position\":2,\"name\":\"\u00c0 propos\"}]},{\"@type\":\"WebSite\",\"@id\":\"https:\/\/drbean.ca\/fr\/#website\",\"url\":\"https:\/\/drbean.ca\/fr\/\",\"name\":\"Dr Bean\",\"description\":\"Votre partenaire depuis plus de 15 ans\",\"publisher\":{\"@id\":\"https:\/\/drbean.ca\/fr\/#organization\"},\"potentialAction\":[{\"@type\":\"SearchAction\",\"target\":{\"@type\":\"EntryPoint\",\"urlTemplate\":\"https:\/\/drbean.ca\/fr\/?s={search_term_string}\"},\"query-input\":{\"@type\":\"PropertyValueSpecification\",\"valueRequired\":true,\"valueName\":\"search_term_string\"}}],\"inLanguage\":\"en-US\"},{\"@type\":\"Organization\",\"@id\":\"https:\/\/drbean.ca\/fr\/#organization\",\"name\":\"Dr Bean\",\"url\":\"https:\/\/drbean.ca\/fr\/\",\"logo\":{\"@type\":\"ImageObject\",\"inLanguage\":\"en-US\",\"@id\":\"https:\/\/drbean.ca\/fr\/#\/schema\/logo\/image\/\",\"url\":\"https:\/\/drbean.ca\/wp-content\/uploads\/2016\/09\/footer_logo.png\",\"contentUrl\":\"https:\/\/drbean.ca\/wp-content\/uploads\/2016\/09\/footer_logo.png\",\"width\":216,\"height\":192,\"caption\":\"Dr Bean\"},\"image\":{\"@id\":\"https:\/\/drbean.ca\/fr\/#\/schema\/logo\/image\/\"},\"sameAs\":[\"https:\/\/www.facebook.com\/DRBEANMTL\",\"https:\/\/www.instagram.com\/drbeanmtl\/\"]}]}<\/script>\n<!-- \/ Yoast SEO plugin. -->","yoast_head_json":{"title":"\u00c0 propos - Dr Bean","description":"Consultez un expert caf\u00e9 maintenant que \u00e7a soit pour boutique sp\u00e9cialis\u00e9e, bureaux, restaurants ou h\u00f4tels! Profitez de nos conseils d'experts!","robots":{"index":"index","follow":"follow","max-snippet":"max-snippet:-1","max-image-preview":"max-image-preview:large","max-video-preview":"max-video-preview:-1"},"canonical":"http:\/\/drbean.ca\/en\/a-propos\/","og_locale":"en_US","og_type":"article","og_title":"\u00c0 propos - Dr Bean","og_description":"Consultez un expert caf\u00e9 maintenant que \u00e7a soit pour boutique sp\u00e9cialis\u00e9e, bureaux, restaurants ou h\u00f4tels! Profitez de nos conseils d'experts!","og_url":"http:\/\/drbean.ca\/en\/a-propos\/","og_site_name":"Dr Bean","article_publisher":"https:\/\/www.facebook.com\/DRBEANMTL","article_modified_time":"2020-09-16T15:22:25+00:00","twitter_card":"summary_large_image","twitter_misc":{"Est. reading time":"7 minutes"},"schema":{"@context":"https:\/\/schema.org","@graph":[{"@type":"WebPage","@id":"http:\/\/drbean.ca\/fr\/a-propos\/","url":"http:\/\/drbean.ca\/fr\/a-propos\/","name":"\u00c0 propos - Dr Bean","isPartOf":{"@id":"https:\/\/drbean.ca\/fr\/#website"},"datePublished":"2019-09-16T20:03:12+00:00","dateModified":"2020-09-16T15:22:25+00:00","description":"Consultez un expert caf\u00e9 maintenant que \u00e7a soit pour boutique sp\u00e9cialis\u00e9e, bureaux, restaurants ou h\u00f4tels! Profitez de nos conseils d'experts!","breadcrumb":{"@id":"http:\/\/drbean.ca\/fr\/a-propos\/#breadcrumb"},"inLanguage":"en-US","potentialAction":[{"@type":"ReadAction","target":["http:\/\/drbean.ca\/fr\/a-propos\/"]}]},{"@type":"BreadcrumbList","@id":"http:\/\/drbean.ca\/fr\/a-propos\/#breadcrumb","itemListElement":[{"@type":"ListItem","position":1,"name":"Accueil","item":"http:\/\/drbean.ca\/fr\/"},{"@type":"ListItem","position":2,"name":"\u00c0 propos"}]},{"@type":"WebSite","@id":"https:\/\/drbean.ca\/fr\/#website","url":"https:\/\/drbean.ca\/fr\/","name":"Dr Bean","description":"Votre partenaire depuis plus de 15 ans","publisher":{"@id":"https:\/\/drbean.ca\/fr\/#organization"},"potentialAction":[{"@type":"SearchAction","target":{"@type":"EntryPoint","urlTemplate":"https:\/\/drbean.ca\/fr\/?s={search_term_string}"},"query-input":{"@type":"PropertyValueSpecification","valueRequired":true,"valueName":"search_term_string"}}],"inLanguage":"en-US"},{"@type":"Organization","@id":"https:\/\/drbean.ca\/fr\/#organization","name":"Dr Bean","url":"https:\/\/drbean.ca\/fr\/","logo":{"@type":"ImageObject","inLanguage":"en-US","@id":"https:\/\/drbean.ca\/fr\/#\/schema\/logo\/image\/","url":"https:\/\/drbean.ca\/wp-content\/uploads\/2016\/09\/footer_logo.png","contentUrl":"https:\/\/drbean.ca\/wp-content\/uploads\/2016\/09\/footer_logo.png","width":216,"height":192,"caption":"Dr Bean"},"image":{"@id":"https:\/\/drbean.ca\/fr\/#\/schema\/logo\/image\/"},"sameAs":["https:\/\/www.facebook.com\/DRBEANMTL","https:\/\/www.instagram.com\/drbeanmtl\/"]}]}},"_links":{"self":[{"href":"https:\/\/drbean.ca\/en\/wp-json\/wp\/v2\/pages\/360","targetHints":{"allow":["GET"]}}],"collection":[{"href":"https:\/\/drbean.ca\/en\/wp-json\/wp\/v2\/pages"}],"about":[{"href":"https:\/\/drbean.ca\/en\/wp-json\/wp\/v2\/types\/page"}],"author":[{"embeddable":true,"href":"https:\/\/drbean.ca\/en\/wp-json\/wp\/v2\/users\/5"}],"replies":[{"embeddable":true,"href":"https:\/\/drbean.ca\/en\/wp-json\/wp\/v2\/comments?post=360"}],"version-history":[{"count":0,"href":"https:\/\/drbean.ca\/en\/wp-json\/wp\/v2\/pages\/360\/revisions"}],"wp:attachment":[{"href":"https:\/\/drbean.ca\/en\/wp-json\/wp\/v2\/media?parent=360"}],"curies":[{"name":"wp","href":"https:\/\/api.w.org\/{rel}","templated":true}]}}