{"id":1248,"date":"2019-09-06T08:46:08","date_gmt":"2019-09-06T12:46:08","guid":{"rendered":"https:\/\/drbean.ca\/?post_type=product&#038;p=1248"},"modified":"2023-01-19T16:58:50","modified_gmt":"2023-01-19T20:58:50","slug":"stella-epic","status":"publish","type":"product","link":"https:\/\/drbean.ca\/en\/catalogue\/machines\/traditionnelles\/stella-epic\/","title":{"rendered":"Unic Stella Epic"},"content":{"rendered":"<h3>Stella Epic<\/h3>\n<p><strong>Machine espresso professionnelle<\/strong>\u00a0multi-chaudi\u00e8res haut de gamme au design inspir\u00e9 des ann\u00e9es 50, la\u00a0<strong>Stella Epic<\/strong>\u00a0garantit une extraction exceptionnelle gr\u00e2ce \u00e0 sa <strong>technologie Thermalink network\u00ae<\/strong> et son mode EXPERT de contr\u00f4le et de sauvegarde des r\u00e9glages permettant la <strong>cr\u00e9ation et l&rsquo;enregistrement jusqu\u2019\u00e0 5 profils d\u2019infusion<\/strong> par groupe pour travailler avec des caf\u00e9s de diff\u00e9rentes origines.<\/p>\n<p>De nombreuses possibilit\u00e9s de personnalisation et d&rsquo;options viennent compl\u00e9ter les \u00e9quipements de s\u00e9rie de la <strong>Stella Epic<\/strong>, alors d\u00e9marquez-vous avec une machine sur-mesure au service de votre image!<\/p>\n<p>La <strong>Stella Epic<\/strong> s\u2019adresse sp\u00e9cifiquement aux coffee shops et aux \u00e9tablissements sp\u00e9cialis\u00e9s dans l\u2019offre de caf\u00e9s de sp\u00e9cialit\u00e9 qui exigent un mat\u00e9riel de pr\u00e9cision offrant des r\u00e9glages pr\u00e9cis et une capacit\u00e9 vapeur maximale<\/p>\n<p>La <strong>Stella Epic<\/strong> est disponible en 1 ou 3 groupes.<\/p>","protected":false},"excerpt":{"rendered":"<p><strong>Machine espresso professionnelle<\/strong> multi-chaudi\u00e8res haut de gamme au design inspir\u00e9 des ann\u00e9es 50, la <strong>Stella Epic<\/strong> garantit une extraction exceptionnelle gr\u00e2ce \u00e0 sa <strong>technologie Thermalink network\u00ae<\/strong> et son mode EXPERT de contr\u00f4le et de sauvegarde des r\u00e9glages permettant la <strong>cr\u00e9ation et l&rsquo;enregistrement jusqu\u2019\u00e0 5 profils d\u2019infusion<\/strong> par groupe pour travailler avec des caf\u00e9s de diff\u00e9rentes origines.<\/p>\n<p>De nombreuses possibilit\u00e9s de personnalisation et d&rsquo;options viennent compl\u00e9ter les \u00e9quipements de s\u00e9rie de la <strong>Stella Epic<\/strong>, alors d\u00e9marquez-vous avec une machine sur-mesure au service de votre image!<\/p>\n<p>La <strong>Stella Epic<\/strong> s\u2019adresse sp\u00e9cifiquement aux coffee shops et aux \u00e9tablissements sp\u00e9cialis\u00e9s dans l\u2019offre de caf\u00e9s de sp\u00e9cialit\u00e9 qui exigent un mat\u00e9riel de pr\u00e9cision offrant des r\u00e9glages pr\u00e9cis et une capacit\u00e9 vapeur maximale<\/p>\n<p>La <strong>Stella Epic<\/strong> est disponible en 1 ou 3 groupes.<\/p>\n<p>&nbsp;<\/p>\n<p><a class=\"maxbutton-1 maxbutton maxbutton-fiche-technique-mira\" target=\"_blank\" rel=\"noopener\" href=\"https:\/\/www.unic-sa.com\/uploads\/media\/product\/0001\/02\/ea76cca07aa1528e248e90220ea13185ec7000f9.pdf\"><span class='mb-text'>FICHE TECHNIQUE<\/span><\/a><\/p>\n<p><a class=\"maxbutton-2 maxbutton maxbutton-technical-manual\" target=\"_blank\" rel=\"noopener\" href=\"https:\/\/www.unic-sa.com\/uploads\/media\/product\/0001\/02\/a67a7a8bf7f22d9763bbff2dfb72f63e1245427e.pdf\"><span class='mb-text'>TECHNICAL MANUAL<\/span><\/a><\/p>\n<p>&nbsp;<\/p>","protected":false},"featured_media":1250,"template":"","meta":{"_et_pb_use_builder":"","_et_pb_old_content":"","om_disable_all_campaigns":false,"_monsterinsights_skip_tracking":false,"_monsterinsights_sitenote_active":false,"_monsterinsights_sitenote_note":"","_monsterinsights_sitenote_category":0},"product_cat":[41,42],"product_tag":[],"class_list":{"0":"post-1248","1":"product","2":"type-product","3":"status-publish","4":"has-post-thumbnail","6":"product_cat-machines","7":"product_cat-traditionnelles","9":"first","10":"instock","11":"taxable","12":"shipping-taxable","13":"product-type-simple"},"aioseo_notices":[],"yoast_head":"<!-- This site is optimized with the Yoast SEO plugin v23.7 - https:\/\/yoast.com\/wordpress\/plugins\/seo\/ -->\n<title>Stella Epic - DrBean<\/title>\n<meta name=\"description\" content=\"La Stella Epic est une machine espresso professionnelle multi-chaudi\u00e8res haut de gamme au design inspir\u00e9 des ann\u00e9es 50.\" \/>\n<meta name=\"robots\" content=\"index, follow, max-snippet:-1, max-image-preview:large, max-video-preview:-1\" \/>\n<link rel=\"canonical\" href=\"http:\/\/drbean.ca\/en\/catalogue\/machines\/traditionnelles\/stella-epic\/\" \/>\n<meta property=\"og:locale\" content=\"en_US\" \/>\n<meta property=\"og:type\" content=\"article\" \/>\n<meta property=\"og:title\" content=\"Stella Epic - DrBean\" \/>\n<meta property=\"og:description\" content=\"La Stella Epic est une machine espresso professionnelle multi-chaudi\u00e8res haut de gamme au design inspir\u00e9 des ann\u00e9es 50.\" \/>\n<meta property=\"og:url\" content=\"http:\/\/drbean.ca\/en\/catalogue\/machines\/traditionnelles\/stella-epic\/\" \/>\n<meta property=\"og:site_name\" content=\"Dr Bean\" \/>\n<meta property=\"article:publisher\" content=\"https:\/\/www.facebook.com\/DRBEANMTL\" \/>\n<meta property=\"article:modified_time\" content=\"2023-01-19T20:58:50+00:00\" \/>\n<meta property=\"og:image\" content=\"https:\/\/drbean.ca\/wp-content\/uploads\/2019\/09\/thumb_1091_product_large.jpeg\" \/>\n\t<meta property=\"og:image:width\" content=\"962\" \/>\n\t<meta property=\"og:image:height\" content=\"1089\" \/>\n\t<meta property=\"og:image:type\" content=\"image\/jpeg\" \/>\n<meta name=\"twitter:card\" content=\"summary_large_image\" \/>\n<meta name=\"twitter:label1\" content=\"Est. reading time\" \/>\n\t<meta name=\"twitter:data1\" content=\"1 minute\" \/>\n<script type=\"application\/ld+json\" class=\"yoast-schema-graph\">{\"@context\":\"https:\/\/schema.org\",\"@graph\":[{\"@type\":\"WebPage\",\"@id\":\"http:\/\/drbean.ca\/fr\/catalogue\/machines\/traditionnelles\/stella-epic\/\",\"url\":\"http:\/\/drbean.ca\/fr\/catalogue\/machines\/traditionnelles\/stella-epic\/\",\"name\":\"Stella Epic - DrBean\",\"isPartOf\":{\"@id\":\"https:\/\/drbean.ca\/fr\/#website\"},\"primaryImageOfPage\":{\"@id\":\"http:\/\/drbean.ca\/fr\/catalogue\/machines\/traditionnelles\/stella-epic\/#primaryimage\"},\"image\":{\"@id\":\"http:\/\/drbean.ca\/fr\/catalogue\/machines\/traditionnelles\/stella-epic\/#primaryimage\"},\"thumbnailUrl\":\"https:\/\/drbean.ca\/wp-content\/uploads\/2019\/09\/thumb_1091_product_large.jpeg\",\"datePublished\":\"2019-09-06T12:46:08+00:00\",\"dateModified\":\"2023-01-19T20:58:50+00:00\",\"description\":\"La Stella Epic est une machine espresso professionnelle multi-chaudi\u00e8res haut de gamme au design inspir\u00e9 des ann\u00e9es 50.\",\"breadcrumb\":{\"@id\":\"http:\/\/drbean.ca\/fr\/catalogue\/machines\/traditionnelles\/stella-epic\/#breadcrumb\"},\"inLanguage\":\"en-US\",\"potentialAction\":[{\"@type\":\"ReadAction\",\"target\":[\"http:\/\/drbean.ca\/fr\/catalogue\/machines\/traditionnelles\/stella-epic\/\"]}]},{\"@type\":\"ImageObject\",\"inLanguage\":\"en-US\",\"@id\":\"http:\/\/drbean.ca\/fr\/catalogue\/machines\/traditionnelles\/stella-epic\/#primaryimage\",\"url\":\"https:\/\/drbean.ca\/wp-content\/uploads\/2019\/09\/thumb_1091_product_large.jpeg\",\"contentUrl\":\"https:\/\/drbean.ca\/wp-content\/uploads\/2019\/09\/thumb_1091_product_large.jpeg\",\"width\":962,\"height\":1089,\"caption\":\"machine \u00e0 caf\u00e9 Stella Epic\"},{\"@type\":\"BreadcrumbList\",\"@id\":\"http:\/\/drbean.ca\/fr\/catalogue\/machines\/traditionnelles\/stella-epic\/#breadcrumb\",\"itemListElement\":[{\"@type\":\"ListItem\",\"position\":1,\"name\":\"Accueil\",\"item\":\"http:\/\/drbean.ca\/fr\/\"},{\"@type\":\"ListItem\",\"position\":2,\"name\":\"Boutique\",\"item\":\"http:\/\/drbean.ca\/fr\/boutique\/\"},{\"@type\":\"ListItem\",\"position\":3,\"name\":\"Unic Stella Epic\"}]},{\"@type\":\"WebSite\",\"@id\":\"https:\/\/drbean.ca\/fr\/#website\",\"url\":\"https:\/\/drbean.ca\/fr\/\",\"name\":\"Dr Bean\",\"description\":\"Votre partenaire depuis plus de 15 ans\",\"publisher\":{\"@id\":\"https:\/\/drbean.ca\/fr\/#organization\"},\"potentialAction\":[{\"@type\":\"SearchAction\",\"target\":{\"@type\":\"EntryPoint\",\"urlTemplate\":\"https:\/\/drbean.ca\/fr\/?s={search_term_string}\"},\"query-input\":{\"@type\":\"PropertyValueSpecification\",\"valueRequired\":true,\"valueName\":\"search_term_string\"}}],\"inLanguage\":\"en-US\"},{\"@type\":\"Organization\",\"@id\":\"https:\/\/drbean.ca\/fr\/#organization\",\"name\":\"Dr Bean\",\"url\":\"https:\/\/drbean.ca\/fr\/\",\"logo\":{\"@type\":\"ImageObject\",\"inLanguage\":\"en-US\",\"@id\":\"https:\/\/drbean.ca\/fr\/#\/schema\/logo\/image\/\",\"url\":\"https:\/\/drbean.ca\/wp-content\/uploads\/2016\/09\/footer_logo.png\",\"contentUrl\":\"https:\/\/drbean.ca\/wp-content\/uploads\/2016\/09\/footer_logo.png\",\"width\":216,\"height\":192,\"caption\":\"Dr Bean\"},\"image\":{\"@id\":\"https:\/\/drbean.ca\/fr\/#\/schema\/logo\/image\/\"},\"sameAs\":[\"https:\/\/www.facebook.com\/DRBEANMTL\",\"https:\/\/www.instagram.com\/drbeanmtl\/\"]}]}<\/script>\n<!-- \/ Yoast SEO plugin. -->","yoast_head_json":{"title":"Stella Epic - DrBean","description":"La Stella Epic est une machine espresso professionnelle multi-chaudi\u00e8res haut de gamme au design inspir\u00e9 des ann\u00e9es 50.","robots":{"index":"index","follow":"follow","max-snippet":"max-snippet:-1","max-image-preview":"max-image-preview:large","max-video-preview":"max-video-preview:-1"},"canonical":"http:\/\/drbean.ca\/en\/catalogue\/machines\/traditionnelles\/stella-epic\/","og_locale":"en_US","og_type":"article","og_title":"Stella Epic - DrBean","og_description":"La Stella Epic est une machine espresso professionnelle multi-chaudi\u00e8res haut de gamme au design inspir\u00e9 des ann\u00e9es 50.","og_url":"http:\/\/drbean.ca\/en\/catalogue\/machines\/traditionnelles\/stella-epic\/","og_site_name":"Dr Bean","article_publisher":"https:\/\/www.facebook.com\/DRBEANMTL","article_modified_time":"2023-01-19T20:58:50+00:00","og_image":[{"width":962,"height":1089,"url":"https:\/\/drbean.ca\/wp-content\/uploads\/2019\/09\/thumb_1091_product_large.jpeg","type":"image\/jpeg"}],"twitter_card":"summary_large_image","twitter_misc":{"Est. reading time":"1 minute"},"schema":{"@context":"https:\/\/schema.org","@graph":[{"@type":"WebPage","@id":"http:\/\/drbean.ca\/fr\/catalogue\/machines\/traditionnelles\/stella-epic\/","url":"http:\/\/drbean.ca\/fr\/catalogue\/machines\/traditionnelles\/stella-epic\/","name":"Stella Epic - DrBean","isPartOf":{"@id":"https:\/\/drbean.ca\/fr\/#website"},"primaryImageOfPage":{"@id":"http:\/\/drbean.ca\/fr\/catalogue\/machines\/traditionnelles\/stella-epic\/#primaryimage"},"image":{"@id":"http:\/\/drbean.ca\/fr\/catalogue\/machines\/traditionnelles\/stella-epic\/#primaryimage"},"thumbnailUrl":"https:\/\/drbean.ca\/wp-content\/uploads\/2019\/09\/thumb_1091_product_large.jpeg","datePublished":"2019-09-06T12:46:08+00:00","dateModified":"2023-01-19T20:58:50+00:00","description":"La Stella Epic est une machine espresso professionnelle multi-chaudi\u00e8res haut de gamme au design inspir\u00e9 des ann\u00e9es 50.","breadcrumb":{"@id":"http:\/\/drbean.ca\/fr\/catalogue\/machines\/traditionnelles\/stella-epic\/#breadcrumb"},"inLanguage":"en-US","potentialAction":[{"@type":"ReadAction","target":["http:\/\/drbean.ca\/fr\/catalogue\/machines\/traditionnelles\/stella-epic\/"]}]},{"@type":"ImageObject","inLanguage":"en-US","@id":"http:\/\/drbean.ca\/fr\/catalogue\/machines\/traditionnelles\/stella-epic\/#primaryimage","url":"https:\/\/drbean.ca\/wp-content\/uploads\/2019\/09\/thumb_1091_product_large.jpeg","contentUrl":"https:\/\/drbean.ca\/wp-content\/uploads\/2019\/09\/thumb_1091_product_large.jpeg","width":962,"height":1089,"caption":"machine \u00e0 caf\u00e9 Stella Epic"},{"@type":"BreadcrumbList","@id":"http:\/\/drbean.ca\/fr\/catalogue\/machines\/traditionnelles\/stella-epic\/#breadcrumb","itemListElement":[{"@type":"ListItem","position":1,"name":"Accueil","item":"http:\/\/drbean.ca\/fr\/"},{"@type":"ListItem","position":2,"name":"Boutique","item":"http:\/\/drbean.ca\/fr\/boutique\/"},{"@type":"ListItem","position":3,"name":"Unic Stella Epic"}]},{"@type":"WebSite","@id":"https:\/\/drbean.ca\/fr\/#website","url":"https:\/\/drbean.ca\/fr\/","name":"Dr Bean","description":"Votre partenaire depuis plus de 15 ans","publisher":{"@id":"https:\/\/drbean.ca\/fr\/#organization"},"potentialAction":[{"@type":"SearchAction","target":{"@type":"EntryPoint","urlTemplate":"https:\/\/drbean.ca\/fr\/?s={search_term_string}"},"query-input":{"@type":"PropertyValueSpecification","valueRequired":true,"valueName":"search_term_string"}}],"inLanguage":"en-US"},{"@type":"Organization","@id":"https:\/\/drbean.ca\/fr\/#organization","name":"Dr Bean","url":"https:\/\/drbean.ca\/fr\/","logo":{"@type":"ImageObject","inLanguage":"en-US","@id":"https:\/\/drbean.ca\/fr\/#\/schema\/logo\/image\/","url":"https:\/\/drbean.ca\/wp-content\/uploads\/2016\/09\/footer_logo.png","contentUrl":"https:\/\/drbean.ca\/wp-content\/uploads\/2016\/09\/footer_logo.png","width":216,"height":192,"caption":"Dr Bean"},"image":{"@id":"https:\/\/drbean.ca\/fr\/#\/schema\/logo\/image\/"},"sameAs":["https:\/\/www.facebook.com\/DRBEANMTL","https:\/\/www.instagram.com\/drbeanmtl\/"]}]}},"_links":{"self":[{"href":"https:\/\/drbean.ca\/en\/wp-json\/wp\/v2\/product\/1248","targetHints":{"allow":["GET"]}}],"collection":[{"href":"https:\/\/drbean.ca\/en\/wp-json\/wp\/v2\/product"}],"about":[{"href":"https:\/\/drbean.ca\/en\/wp-json\/wp\/v2\/types\/product"}],"wp:featuredmedia":[{"embeddable":true,"href":"https:\/\/drbean.ca\/en\/wp-json\/wp\/v2\/media\/1250"}],"wp:attachment":[{"href":"https:\/\/drbean.ca\/en\/wp-json\/wp\/v2\/media?parent=1248"}],"wp:term":[{"taxonomy":"product_cat","embeddable":true,"href":"https:\/\/drbean.ca\/en\/wp-json\/wp\/v2\/product_cat?post=1248"},{"taxonomy":"product_tag","embeddable":true,"href":"https:\/\/drbean.ca\/en\/wp-json\/wp\/v2\/product_tag?post=1248"}],"curies":[{"name":"wp","href":"https:\/\/api.w.org\/{rel}","templated":true}]}}