{"id":1260,"date":"2019-09-06T09:53:26","date_gmt":"2019-09-06T13:53:26","guid":{"rendered":"https:\/\/drbean.ca\/?post_type=product&#038;p=1260"},"modified":"2023-01-19T16:57:59","modified_gmt":"2023-01-19T20:57:59","slug":"aura","status":"publish","type":"product","link":"https:\/\/drbean.ca\/en\/catalogue\/machines\/traditionnelles\/aura\/","title":{"rendered":"Unic Aura"},"content":{"rendered":"<h3>Aura<\/h3>\n<p>La<strong>\u00a0machine \u00e0 caf\u00e9 professionnelle AURA 2 groupes<\/strong>\u00a0poss\u00e8de toutes les caract\u00e9ristiques d\u2019une\u00a0<strong>machine espresso traditionnelle<\/strong>\u00a0haut de gamme\u00a0: la synth\u00e8se parfaite entre esth\u00e9tisme et performance pour maitriser l\u2019extraction et sa constance, gr\u00e2ce au dosage volum\u00e9trique et \u00e0 sa capacit\u00e9 chaudi\u00e8re.<\/p>\n<p>AURA 2 groupes s\u2019adresse aux clients du type<strong>\u00a0caf\u00e9s, restaurants, brasseries<\/strong>\u00a0ayant une consommation moyenne de 10-12kg de caf\u00e9 par semaine.<\/p>\n<p>La\u00a0<strong>AURA<\/strong>\u00a0est disponible en 2 ou 3 groupes.<\/p>\n<p>&nbsp;<\/p>","protected":false},"excerpt":{"rendered":"<p>La<strong>\u00a0machine \u00e0 caf\u00e9 professionnelle AURA 2 groupes<\/strong>\u00a0poss\u00e8de toutes les caract\u00e9ristiques d\u2019une\u00a0<strong>machine espresso traditionnelle<\/strong>\u00a0haut de gamme\u00a0: la synth\u00e8se parfaite entre esth\u00e9tisme et performance pour maitriser l\u2019extraction et sa constance, gr\u00e2ce au dosage volum\u00e9trique et \u00e0 sa capacit\u00e9 chaudi\u00e8re.<\/p>\n<p>AURA 2 groupes s\u2019adresse aux clients du type<strong>\u00a0caf\u00e9s, restaurants, brasseries<\/strong>\u00a0ayant une consommation moyenne de 10-12kg de caf\u00e9 par semaine.<\/p>\n<p>La\u00a0<strong>AURA<\/strong>\u00a0est disponible en 2 ou 3 groupes.<\/p>\n<p>&nbsp;<\/p>\n<p><a class=\"maxbutton-1 maxbutton maxbutton-fiche-technique-mira\" target=\"_blank\" rel=\"noopener\" href=\"https:\/\/www.unic-sa.com\/uploads\/media\/product\/0001\/01\/4b0aaac9e6f3cdba369f500e3f2198cacbc6d947.pdf\"><span class='mb-text'>FICHE TECHNIQUE<\/span><\/a><\/p>\n<p><a class=\"maxbutton-2 maxbutton maxbutton-technical-manual\" target=\"_blank\" rel=\"noopener\" href=\"https:\/\/www.unic-sa.com\/uploads\/media\/product\/0001\/01\/5da5c9a4bfdbc925e2a589db6ab28ac96871528b.pdf\"><span class='mb-text'>TECHNICAL MANUAL<\/span><\/a><\/p>\n<p>&nbsp;<\/p>","protected":false},"featured_media":1261,"template":"","meta":{"_et_pb_use_builder":"","_et_pb_old_content":"","om_disable_all_campaigns":false,"_monsterinsights_skip_tracking":false,"_monsterinsights_sitenote_active":false,"_monsterinsights_sitenote_note":"","_monsterinsights_sitenote_category":0},"product_cat":[41,42],"product_tag":[],"class_list":{"0":"post-1260","1":"product","2":"type-product","3":"status-publish","4":"has-post-thumbnail","6":"product_cat-machines","7":"product_cat-traditionnelles","9":"first","10":"instock","11":"taxable","12":"shipping-taxable","13":"product-type-simple"},"aioseo_notices":[],"yoast_head":"<!-- This site is optimized with the Yoast SEO plugin v23.7 - https:\/\/yoast.com\/wordpress\/plugins\/seo\/ -->\n<title>Unic Aura - Dr Bean<\/title>\n<meta name=\"description\" content=\"La machine \u00e0 caf\u00e9 professionnelle AURA 2 groupes poss\u00e8de toutes les caract\u00e9ristiques d\u2019une machine espresso traditionnelle haut de gamme.\" \/>\n<meta name=\"robots\" content=\"index, follow, max-snippet:-1, max-image-preview:large, max-video-preview:-1\" \/>\n<link rel=\"canonical\" href=\"http:\/\/drbean.ca\/en\/catalogue\/machines\/traditionnelles\/aura\/\" \/>\n<meta property=\"og:locale\" content=\"en_US\" \/>\n<meta property=\"og:type\" content=\"article\" \/>\n<meta property=\"og:title\" content=\"Unic Aura - Dr Bean\" \/>\n<meta property=\"og:description\" content=\"La machine \u00e0 caf\u00e9 professionnelle AURA 2 groupes poss\u00e8de toutes les caract\u00e9ristiques d\u2019une machine espresso traditionnelle haut de gamme.\" \/>\n<meta property=\"og:url\" content=\"http:\/\/drbean.ca\/en\/catalogue\/machines\/traditionnelles\/aura\/\" \/>\n<meta property=\"og:site_name\" content=\"Dr Bean\" \/>\n<meta property=\"article:publisher\" content=\"https:\/\/www.facebook.com\/DRBEANMTL\" \/>\n<meta property=\"article:modified_time\" content=\"2023-01-19T20:57:59+00:00\" \/>\n<meta property=\"og:image\" content=\"https:\/\/drbean.ca\/wp-content\/uploads\/2019\/09\/thumb_1033_product_large.jpeg\" \/>\n\t<meta property=\"og:image:width\" content=\"962\" \/>\n\t<meta property=\"og:image:height\" content=\"1089\" \/>\n\t<meta property=\"og:image:type\" content=\"image\/jpeg\" \/>\n<meta name=\"twitter:card\" content=\"summary_large_image\" \/>\n<script type=\"application\/ld+json\" class=\"yoast-schema-graph\">{\"@context\":\"https:\/\/schema.org\",\"@graph\":[{\"@type\":\"WebPage\",\"@id\":\"http:\/\/drbean.ca\/fr\/catalogue\/machines\/traditionnelles\/aura\/\",\"url\":\"http:\/\/drbean.ca\/fr\/catalogue\/machines\/traditionnelles\/aura\/\",\"name\":\"Unic Aura - Dr Bean\",\"isPartOf\":{\"@id\":\"https:\/\/drbean.ca\/fr\/#website\"},\"primaryImageOfPage\":{\"@id\":\"http:\/\/drbean.ca\/fr\/catalogue\/machines\/traditionnelles\/aura\/#primaryimage\"},\"image\":{\"@id\":\"http:\/\/drbean.ca\/fr\/catalogue\/machines\/traditionnelles\/aura\/#primaryimage\"},\"thumbnailUrl\":\"https:\/\/drbean.ca\/wp-content\/uploads\/2019\/09\/thumb_1033_product_large.jpeg\",\"datePublished\":\"2019-09-06T13:53:26+00:00\",\"dateModified\":\"2023-01-19T20:57:59+00:00\",\"description\":\"La machine \u00e0 caf\u00e9 professionnelle AURA 2 groupes poss\u00e8de toutes les caract\u00e9ristiques d\u2019une machine espresso traditionnelle haut de gamme.\",\"breadcrumb\":{\"@id\":\"http:\/\/drbean.ca\/fr\/catalogue\/machines\/traditionnelles\/aura\/#breadcrumb\"},\"inLanguage\":\"en-US\",\"potentialAction\":[{\"@type\":\"ReadAction\",\"target\":[\"http:\/\/drbean.ca\/fr\/catalogue\/machines\/traditionnelles\/aura\/\"]}]},{\"@type\":\"ImageObject\",\"inLanguage\":\"en-US\",\"@id\":\"http:\/\/drbean.ca\/fr\/catalogue\/machines\/traditionnelles\/aura\/#primaryimage\",\"url\":\"https:\/\/drbean.ca\/wp-content\/uploads\/2019\/09\/thumb_1033_product_large.jpeg\",\"contentUrl\":\"https:\/\/drbean.ca\/wp-content\/uploads\/2019\/09\/thumb_1033_product_large.jpeg\",\"width\":962,\"height\":1089,\"caption\":\"machine \u00e0 caf\u00e9 Aura\"},{\"@type\":\"BreadcrumbList\",\"@id\":\"http:\/\/drbean.ca\/fr\/catalogue\/machines\/traditionnelles\/aura\/#breadcrumb\",\"itemListElement\":[{\"@type\":\"ListItem\",\"position\":1,\"name\":\"Accueil\",\"item\":\"http:\/\/drbean.ca\/fr\/\"},{\"@type\":\"ListItem\",\"position\":2,\"name\":\"Boutique\",\"item\":\"http:\/\/drbean.ca\/fr\/boutique\/\"},{\"@type\":\"ListItem\",\"position\":3,\"name\":\"Unic Aura\"}]},{\"@type\":\"WebSite\",\"@id\":\"https:\/\/drbean.ca\/fr\/#website\",\"url\":\"https:\/\/drbean.ca\/fr\/\",\"name\":\"Dr Bean\",\"description\":\"Votre partenaire depuis plus de 15 ans\",\"publisher\":{\"@id\":\"https:\/\/drbean.ca\/fr\/#organization\"},\"potentialAction\":[{\"@type\":\"SearchAction\",\"target\":{\"@type\":\"EntryPoint\",\"urlTemplate\":\"https:\/\/drbean.ca\/fr\/?s={search_term_string}\"},\"query-input\":{\"@type\":\"PropertyValueSpecification\",\"valueRequired\":true,\"valueName\":\"search_term_string\"}}],\"inLanguage\":\"en-US\"},{\"@type\":\"Organization\",\"@id\":\"https:\/\/drbean.ca\/fr\/#organization\",\"name\":\"Dr Bean\",\"url\":\"https:\/\/drbean.ca\/fr\/\",\"logo\":{\"@type\":\"ImageObject\",\"inLanguage\":\"en-US\",\"@id\":\"https:\/\/drbean.ca\/fr\/#\/schema\/logo\/image\/\",\"url\":\"https:\/\/drbean.ca\/wp-content\/uploads\/2016\/09\/footer_logo.png\",\"contentUrl\":\"https:\/\/drbean.ca\/wp-content\/uploads\/2016\/09\/footer_logo.png\",\"width\":216,\"height\":192,\"caption\":\"Dr Bean\"},\"image\":{\"@id\":\"https:\/\/drbean.ca\/fr\/#\/schema\/logo\/image\/\"},\"sameAs\":[\"https:\/\/www.facebook.com\/DRBEANMTL\",\"https:\/\/www.instagram.com\/drbeanmtl\/\"]}]}<\/script>\n<!-- \/ Yoast SEO plugin. -->","yoast_head_json":{"title":"Unic Aura - Dr Bean","description":"La machine \u00e0 caf\u00e9 professionnelle AURA 2 groupes poss\u00e8de toutes les caract\u00e9ristiques d\u2019une machine espresso traditionnelle haut de gamme.","robots":{"index":"index","follow":"follow","max-snippet":"max-snippet:-1","max-image-preview":"max-image-preview:large","max-video-preview":"max-video-preview:-1"},"canonical":"http:\/\/drbean.ca\/en\/catalogue\/machines\/traditionnelles\/aura\/","og_locale":"en_US","og_type":"article","og_title":"Unic Aura - Dr Bean","og_description":"La machine \u00e0 caf\u00e9 professionnelle AURA 2 groupes poss\u00e8de toutes les caract\u00e9ristiques d\u2019une machine espresso traditionnelle haut de gamme.","og_url":"http:\/\/drbean.ca\/en\/catalogue\/machines\/traditionnelles\/aura\/","og_site_name":"Dr Bean","article_publisher":"https:\/\/www.facebook.com\/DRBEANMTL","article_modified_time":"2023-01-19T20:57:59+00:00","og_image":[{"width":962,"height":1089,"url":"https:\/\/drbean.ca\/wp-content\/uploads\/2019\/09\/thumb_1033_product_large.jpeg","type":"image\/jpeg"}],"twitter_card":"summary_large_image","schema":{"@context":"https:\/\/schema.org","@graph":[{"@type":"WebPage","@id":"http:\/\/drbean.ca\/fr\/catalogue\/machines\/traditionnelles\/aura\/","url":"http:\/\/drbean.ca\/fr\/catalogue\/machines\/traditionnelles\/aura\/","name":"Unic Aura - Dr Bean","isPartOf":{"@id":"https:\/\/drbean.ca\/fr\/#website"},"primaryImageOfPage":{"@id":"http:\/\/drbean.ca\/fr\/catalogue\/machines\/traditionnelles\/aura\/#primaryimage"},"image":{"@id":"http:\/\/drbean.ca\/fr\/catalogue\/machines\/traditionnelles\/aura\/#primaryimage"},"thumbnailUrl":"https:\/\/drbean.ca\/wp-content\/uploads\/2019\/09\/thumb_1033_product_large.jpeg","datePublished":"2019-09-06T13:53:26+00:00","dateModified":"2023-01-19T20:57:59+00:00","description":"La machine \u00e0 caf\u00e9 professionnelle AURA 2 groupes poss\u00e8de toutes les caract\u00e9ristiques d\u2019une machine espresso traditionnelle haut de gamme.","breadcrumb":{"@id":"http:\/\/drbean.ca\/fr\/catalogue\/machines\/traditionnelles\/aura\/#breadcrumb"},"inLanguage":"en-US","potentialAction":[{"@type":"ReadAction","target":["http:\/\/drbean.ca\/fr\/catalogue\/machines\/traditionnelles\/aura\/"]}]},{"@type":"ImageObject","inLanguage":"en-US","@id":"http:\/\/drbean.ca\/fr\/catalogue\/machines\/traditionnelles\/aura\/#primaryimage","url":"https:\/\/drbean.ca\/wp-content\/uploads\/2019\/09\/thumb_1033_product_large.jpeg","contentUrl":"https:\/\/drbean.ca\/wp-content\/uploads\/2019\/09\/thumb_1033_product_large.jpeg","width":962,"height":1089,"caption":"machine \u00e0 caf\u00e9 Aura"},{"@type":"BreadcrumbList","@id":"http:\/\/drbean.ca\/fr\/catalogue\/machines\/traditionnelles\/aura\/#breadcrumb","itemListElement":[{"@type":"ListItem","position":1,"name":"Accueil","item":"http:\/\/drbean.ca\/fr\/"},{"@type":"ListItem","position":2,"name":"Boutique","item":"http:\/\/drbean.ca\/fr\/boutique\/"},{"@type":"ListItem","position":3,"name":"Unic Aura"}]},{"@type":"WebSite","@id":"https:\/\/drbean.ca\/fr\/#website","url":"https:\/\/drbean.ca\/fr\/","name":"Dr Bean","description":"Votre partenaire depuis plus de 15 ans","publisher":{"@id":"https:\/\/drbean.ca\/fr\/#organization"},"potentialAction":[{"@type":"SearchAction","target":{"@type":"EntryPoint","urlTemplate":"https:\/\/drbean.ca\/fr\/?s={search_term_string}"},"query-input":{"@type":"PropertyValueSpecification","valueRequired":true,"valueName":"search_term_string"}}],"inLanguage":"en-US"},{"@type":"Organization","@id":"https:\/\/drbean.ca\/fr\/#organization","name":"Dr Bean","url":"https:\/\/drbean.ca\/fr\/","logo":{"@type":"ImageObject","inLanguage":"en-US","@id":"https:\/\/drbean.ca\/fr\/#\/schema\/logo\/image\/","url":"https:\/\/drbean.ca\/wp-content\/uploads\/2016\/09\/footer_logo.png","contentUrl":"https:\/\/drbean.ca\/wp-content\/uploads\/2016\/09\/footer_logo.png","width":216,"height":192,"caption":"Dr Bean"},"image":{"@id":"https:\/\/drbean.ca\/fr\/#\/schema\/logo\/image\/"},"sameAs":["https:\/\/www.facebook.com\/DRBEANMTL","https:\/\/www.instagram.com\/drbeanmtl\/"]}]}},"_links":{"self":[{"href":"https:\/\/drbean.ca\/en\/wp-json\/wp\/v2\/product\/1260","targetHints":{"allow":["GET"]}}],"collection":[{"href":"https:\/\/drbean.ca\/en\/wp-json\/wp\/v2\/product"}],"about":[{"href":"https:\/\/drbean.ca\/en\/wp-json\/wp\/v2\/types\/product"}],"wp:featuredmedia":[{"embeddable":true,"href":"https:\/\/drbean.ca\/en\/wp-json\/wp\/v2\/media\/1261"}],"wp:attachment":[{"href":"https:\/\/drbean.ca\/en\/wp-json\/wp\/v2\/media?parent=1260"}],"wp:term":[{"taxonomy":"product_cat","embeddable":true,"href":"https:\/\/drbean.ca\/en\/wp-json\/wp\/v2\/product_cat?post=1260"},{"taxonomy":"product_tag","embeddable":true,"href":"https:\/\/drbean.ca\/en\/wp-json\/wp\/v2\/product_tag?post=1260"}],"curies":[{"name":"wp","href":"https:\/\/api.w.org\/{rel}","templated":true}]}}