{"id":1283,"date":"2019-09-11T10:50:17","date_gmt":"2019-09-11T14:50:17","guid":{"rendered":"https:\/\/drbean.ca\/?post_type=product&#038;p=1283"},"modified":"2022-02-22T12:30:57","modified_gmt":"2022-02-22T16:30:57","slug":"kb90","status":"publish","type":"product","link":"https:\/\/drbean.ca\/en\/catalogue\/machines\/traditionnelles\/kb90\/","title":{"rendered":"La Marzocco KB90"},"content":{"rendered":"<p><strong>Straight-in portafilter<\/strong><\/p>\n<p>Designed to simplify the motions required to engage the portafilter and reduce the strain by 12 times on the barista for even greater performance and everyday usability. High volume coffee environments demand that a barista can work fast and efficiently to produce drinks during busiest periods of the day. The Straight-In Portafilter can noticeably mitigate the repetitive stress injuries occurring through its ease of action improving the natural workflow and output of barista.<\/p>\n<p><strong>Auto steam flush<\/strong><\/p>\n<p>After each extraction, a burst of steam from the steam boiler purges the brew path and is followed by a flush of hot water, keeping the group clean even during the busiest hours. This innovative function minimizes coffee residue in the group, and reduces the number of times baristas need to back flush during service.<\/p>\n<p><strong>Auto brew ratio with drip prediction (optional)<\/strong><\/p>\n<p>Precision scales incorporated into the drip tray improve beverage consistency by stopping the extraction based on mass. The machine uses an algorithm called Drip Prediction to improve shot accuracy and ease of dialing in.<\/p>\n<p><strong>Independent boilers<\/strong><\/p>\n<p>Separate boilers for each group head allow barista to optimize temperature for individual coffees.<\/p>\n<p><strong>Available configurations<\/strong><br \/>\nAuto-volumetric and auto-volumetric with scales (ABR)<\/p>\n<p><strong>Available models<\/strong><br \/>\n2 and 3 group<\/p>\n<p>&nbsp;<\/p>\n<table width=\"100%\">\n<tbody>\n<tr>\n<th>specifications<\/th>\n<th>2grp<\/th>\n<th>3grp<\/th>\n<\/tr>\n<tr>\n<td>Height<\/td>\n<td>20.75 inches<\/td>\n<td>20.75 inches<\/td>\n<\/tr>\n<tr>\n<td>Width<\/td>\n<td>32 inches<\/td>\n<td>41.5 inches<\/td>\n<\/tr>\n<tr>\n<td>Depth<\/td>\n<td>24.5 inches<\/td>\n<td>24.5 inches<\/td>\n<\/tr>\n<tr>\n<td>Weight<\/td>\n<td>170 lbs<\/td>\n<td>223 lbs<\/td>\n<\/tr>\n<tr>\n<td>Voltage (VAC, phase, Hz)<\/td>\n<td>208-240, 1, 60 (VAC, Phase, Hz)<\/td>\n<td>208-240, 1, 60 (VAC, Phase, Hz)<\/td>\n<\/tr>\n<tr>\n<td>Amperage (A)<\/td>\n<td>30 A<\/td>\n<td>50 A<\/td>\n<\/tr>\n<tr>\n<td>Element wattage<\/td>\n<td>5400 W<\/td>\n<td>7300 W<\/td>\n<\/tr>\n<tr>\n<td>Coffee boiler<\/td>\n<td>1.3x2 liters<\/td>\n<td>1.3x3 liters<\/td>\n<\/tr>\n<tr>\n<td>Steam boiler<\/td>\n<td>7 liters<\/td>\n<td>11 liters<\/td>\n<\/tr>\n<\/tbody>\n<\/table>","protected":false},"excerpt":{"rendered":"<p><strong>The ultimate workflow machine, a new standard in high volume caf\u00e9 performance.<\/strong><\/p>\n<p>The KB90 is the ultimate evolution of the Linea PB form. Designed to optimize the workflow for the barista in the world\u2019s busiest bars by improving the ergonomics and features of the machine. The KB90 is named for our Board Chairman, Kent Bakke. 20 years ago, Kent imagined one of the most exciting new features of the KB90, the Straight-in Portafilter. Kent has always seen La Marzocco\u2019s mission to create machines that make the lives of the barista easier and more efficient, and the KB90 embodies this philosophy.<\/p>","protected":false},"featured_media":1284,"template":"","meta":{"_et_pb_use_builder":"","_et_pb_old_content":"","om_disable_all_campaigns":false,"_monsterinsights_skip_tracking":false,"_monsterinsights_sitenote_active":false,"_monsterinsights_sitenote_note":"","_monsterinsights_sitenote_category":0},"product_cat":[41,42],"product_tag":[],"class_list":{"0":"post-1283","1":"product","2":"type-product","3":"status-publish","4":"has-post-thumbnail","6":"product_cat-machines","7":"product_cat-traditionnelles","9":"first","10":"instock","11":"taxable","12":"shipping-taxable","13":"product-type-simple"},"aioseo_notices":[],"yoast_head":"<!-- This site is optimized with the Yoast SEO plugin v23.7 - https:\/\/yoast.com\/wordpress\/plugins\/seo\/ -->\n<title>La Marzocco KB90 - Dr Bean<\/title>\n<meta name=\"robots\" content=\"index, follow, max-snippet:-1, max-image-preview:large, max-video-preview:-1\" \/>\n<link rel=\"canonical\" href=\"http:\/\/drbean.ca\/en\/catalogue\/machines\/traditionnelles\/kb90\/\" \/>\n<meta property=\"og:locale\" content=\"en_US\" \/>\n<meta property=\"og:type\" content=\"article\" \/>\n<meta property=\"og:title\" content=\"La Marzocco KB90 - Dr Bean\" \/>\n<meta property=\"og:description\" content=\"La machine de flux de travail ultime, une nouvelle norme en mati\u00e8re de performances de caf\u00e9 \u00e0 grand volume.  Le KB90 est l&#039;\u00e9volution ultime de la forme Linea PB. Con\u00e7u pour optimiser le flux de travail du barista dans les bars les plus fr\u00e9quent\u00e9s du monde en am\u00e9liorant l&#039;ergonomie et les fonctionnalit\u00e9s de la machine. Le KB90 porte le nom de notre pr\u00e9sident du conseil, Kent Bakke. Il y a 20 ans, Kent a imagin\u00e9 l&#039;une des nouvelles fonctionnalit\u00e9s les plus excitantes du KB90, le porte-filtre droit. Kent a toujours vu la mission de La Marzocco de cr\u00e9er des machines qui rendent la vie du barista plus facile et plus efficace, et le KB90 incarne cette philosophie.\" \/>\n<meta property=\"og:url\" content=\"http:\/\/drbean.ca\/en\/catalogue\/machines\/traditionnelles\/kb90\/\" \/>\n<meta property=\"og:site_name\" content=\"Dr Bean\" \/>\n<meta property=\"article:publisher\" content=\"https:\/\/www.facebook.com\/DRBEANMTL\" \/>\n<meta property=\"article:modified_time\" content=\"2022-02-22T16:30:57+00:00\" \/>\n<meta property=\"og:image\" content=\"https:\/\/drbean.ca\/wp-content\/uploads\/2019\/09\/KB90.jpg\" \/>\n\t<meta property=\"og:image:width\" content=\"600\" \/>\n\t<meta property=\"og:image:height\" content=\"600\" \/>\n\t<meta property=\"og:image:type\" content=\"image\/jpeg\" \/>\n<meta name=\"twitter:card\" content=\"summary_large_image\" \/>\n<meta name=\"twitter:label1\" content=\"Est. reading time\" \/>\n\t<meta name=\"twitter:data1\" content=\"2 minutes\" \/>\n<script type=\"application\/ld+json\" class=\"yoast-schema-graph\">{\"@context\":\"https:\/\/schema.org\",\"@graph\":[{\"@type\":\"WebPage\",\"@id\":\"http:\/\/drbean.ca\/fr\/catalogue\/machines\/traditionnelles\/kb90\/\",\"url\":\"http:\/\/drbean.ca\/fr\/catalogue\/machines\/traditionnelles\/kb90\/\",\"name\":\"La Marzocco KB90 - Dr Bean\",\"isPartOf\":{\"@id\":\"https:\/\/drbean.ca\/fr\/#website\"},\"primaryImageOfPage\":{\"@id\":\"http:\/\/drbean.ca\/fr\/catalogue\/machines\/traditionnelles\/kb90\/#primaryimage\"},\"image\":{\"@id\":\"http:\/\/drbean.ca\/fr\/catalogue\/machines\/traditionnelles\/kb90\/#primaryimage\"},\"thumbnailUrl\":\"https:\/\/drbean.ca\/wp-content\/uploads\/2019\/09\/KB90.jpg\",\"datePublished\":\"2019-09-11T14:50:17+00:00\",\"dateModified\":\"2022-02-22T16:30:57+00:00\",\"breadcrumb\":{\"@id\":\"http:\/\/drbean.ca\/fr\/catalogue\/machines\/traditionnelles\/kb90\/#breadcrumb\"},\"inLanguage\":\"en-US\",\"potentialAction\":[{\"@type\":\"ReadAction\",\"target\":[\"http:\/\/drbean.ca\/fr\/catalogue\/machines\/traditionnelles\/kb90\/\"]}]},{\"@type\":\"ImageObject\",\"inLanguage\":\"en-US\",\"@id\":\"http:\/\/drbean.ca\/fr\/catalogue\/machines\/traditionnelles\/kb90\/#primaryimage\",\"url\":\"https:\/\/drbean.ca\/wp-content\/uploads\/2019\/09\/KB90.jpg\",\"contentUrl\":\"https:\/\/drbean.ca\/wp-content\/uploads\/2019\/09\/KB90.jpg\",\"width\":600,\"height\":600},{\"@type\":\"BreadcrumbList\",\"@id\":\"http:\/\/drbean.ca\/fr\/catalogue\/machines\/traditionnelles\/kb90\/#breadcrumb\",\"itemListElement\":[{\"@type\":\"ListItem\",\"position\":1,\"name\":\"Accueil\",\"item\":\"http:\/\/drbean.ca\/fr\/\"},{\"@type\":\"ListItem\",\"position\":2,\"name\":\"Boutique\",\"item\":\"http:\/\/drbean.ca\/fr\/boutique\/\"},{\"@type\":\"ListItem\",\"position\":3,\"name\":\"La Marzocco KB90\"}]},{\"@type\":\"WebSite\",\"@id\":\"https:\/\/drbean.ca\/fr\/#website\",\"url\":\"https:\/\/drbean.ca\/fr\/\",\"name\":\"Dr Bean\",\"description\":\"Votre partenaire depuis plus de 15 ans\",\"publisher\":{\"@id\":\"https:\/\/drbean.ca\/fr\/#organization\"},\"potentialAction\":[{\"@type\":\"SearchAction\",\"target\":{\"@type\":\"EntryPoint\",\"urlTemplate\":\"https:\/\/drbean.ca\/fr\/?s={search_term_string}\"},\"query-input\":{\"@type\":\"PropertyValueSpecification\",\"valueRequired\":true,\"valueName\":\"search_term_string\"}}],\"inLanguage\":\"en-US\"},{\"@type\":\"Organization\",\"@id\":\"https:\/\/drbean.ca\/fr\/#organization\",\"name\":\"Dr Bean\",\"url\":\"https:\/\/drbean.ca\/fr\/\",\"logo\":{\"@type\":\"ImageObject\",\"inLanguage\":\"en-US\",\"@id\":\"https:\/\/drbean.ca\/fr\/#\/schema\/logo\/image\/\",\"url\":\"https:\/\/drbean.ca\/wp-content\/uploads\/2016\/09\/footer_logo.png\",\"contentUrl\":\"https:\/\/drbean.ca\/wp-content\/uploads\/2016\/09\/footer_logo.png\",\"width\":216,\"height\":192,\"caption\":\"Dr Bean\"},\"image\":{\"@id\":\"https:\/\/drbean.ca\/fr\/#\/schema\/logo\/image\/\"},\"sameAs\":[\"https:\/\/www.facebook.com\/DRBEANMTL\",\"https:\/\/www.instagram.com\/drbeanmtl\/\"]}]}<\/script>\n<!-- \/ Yoast SEO plugin. -->","yoast_head_json":{"title":"La Marzocco KB90 - Dr Bean","robots":{"index":"index","follow":"follow","max-snippet":"max-snippet:-1","max-image-preview":"max-image-preview:large","max-video-preview":"max-video-preview:-1"},"canonical":"http:\/\/drbean.ca\/en\/catalogue\/machines\/traditionnelles\/kb90\/","og_locale":"en_US","og_type":"article","og_title":"La Marzocco KB90 - Dr Bean","og_description":"La machine de flux de travail ultime, une nouvelle norme en mati\u00e8re de performances de caf\u00e9 \u00e0 grand volume.  Le KB90 est l'\u00e9volution ultime de la forme Linea PB. Con\u00e7u pour optimiser le flux de travail du barista dans les bars les plus fr\u00e9quent\u00e9s du monde en am\u00e9liorant l'ergonomie et les fonctionnalit\u00e9s de la machine. Le KB90 porte le nom de notre pr\u00e9sident du conseil, Kent Bakke. Il y a 20 ans, Kent a imagin\u00e9 l'une des nouvelles fonctionnalit\u00e9s les plus excitantes du KB90, le porte-filtre droit. Kent a toujours vu la mission de La Marzocco de cr\u00e9er des machines qui rendent la vie du barista plus facile et plus efficace, et le KB90 incarne cette philosophie.","og_url":"http:\/\/drbean.ca\/en\/catalogue\/machines\/traditionnelles\/kb90\/","og_site_name":"Dr Bean","article_publisher":"https:\/\/www.facebook.com\/DRBEANMTL","article_modified_time":"2022-02-22T16:30:57+00:00","og_image":[{"width":600,"height":600,"url":"https:\/\/drbean.ca\/wp-content\/uploads\/2019\/09\/KB90.jpg","type":"image\/jpeg"}],"twitter_card":"summary_large_image","twitter_misc":{"Est. reading time":"2 minutes"},"schema":{"@context":"https:\/\/schema.org","@graph":[{"@type":"WebPage","@id":"http:\/\/drbean.ca\/fr\/catalogue\/machines\/traditionnelles\/kb90\/","url":"http:\/\/drbean.ca\/fr\/catalogue\/machines\/traditionnelles\/kb90\/","name":"La Marzocco KB90 - Dr Bean","isPartOf":{"@id":"https:\/\/drbean.ca\/fr\/#website"},"primaryImageOfPage":{"@id":"http:\/\/drbean.ca\/fr\/catalogue\/machines\/traditionnelles\/kb90\/#primaryimage"},"image":{"@id":"http:\/\/drbean.ca\/fr\/catalogue\/machines\/traditionnelles\/kb90\/#primaryimage"},"thumbnailUrl":"https:\/\/drbean.ca\/wp-content\/uploads\/2019\/09\/KB90.jpg","datePublished":"2019-09-11T14:50:17+00:00","dateModified":"2022-02-22T16:30:57+00:00","breadcrumb":{"@id":"http:\/\/drbean.ca\/fr\/catalogue\/machines\/traditionnelles\/kb90\/#breadcrumb"},"inLanguage":"en-US","potentialAction":[{"@type":"ReadAction","target":["http:\/\/drbean.ca\/fr\/catalogue\/machines\/traditionnelles\/kb90\/"]}]},{"@type":"ImageObject","inLanguage":"en-US","@id":"http:\/\/drbean.ca\/fr\/catalogue\/machines\/traditionnelles\/kb90\/#primaryimage","url":"https:\/\/drbean.ca\/wp-content\/uploads\/2019\/09\/KB90.jpg","contentUrl":"https:\/\/drbean.ca\/wp-content\/uploads\/2019\/09\/KB90.jpg","width":600,"height":600},{"@type":"BreadcrumbList","@id":"http:\/\/drbean.ca\/fr\/catalogue\/machines\/traditionnelles\/kb90\/#breadcrumb","itemListElement":[{"@type":"ListItem","position":1,"name":"Accueil","item":"http:\/\/drbean.ca\/fr\/"},{"@type":"ListItem","position":2,"name":"Boutique","item":"http:\/\/drbean.ca\/fr\/boutique\/"},{"@type":"ListItem","position":3,"name":"La Marzocco KB90"}]},{"@type":"WebSite","@id":"https:\/\/drbean.ca\/fr\/#website","url":"https:\/\/drbean.ca\/fr\/","name":"Dr Bean","description":"Votre partenaire depuis plus de 15 ans","publisher":{"@id":"https:\/\/drbean.ca\/fr\/#organization"},"potentialAction":[{"@type":"SearchAction","target":{"@type":"EntryPoint","urlTemplate":"https:\/\/drbean.ca\/fr\/?s={search_term_string}"},"query-input":{"@type":"PropertyValueSpecification","valueRequired":true,"valueName":"search_term_string"}}],"inLanguage":"en-US"},{"@type":"Organization","@id":"https:\/\/drbean.ca\/fr\/#organization","name":"Dr Bean","url":"https:\/\/drbean.ca\/fr\/","logo":{"@type":"ImageObject","inLanguage":"en-US","@id":"https:\/\/drbean.ca\/fr\/#\/schema\/logo\/image\/","url":"https:\/\/drbean.ca\/wp-content\/uploads\/2016\/09\/footer_logo.png","contentUrl":"https:\/\/drbean.ca\/wp-content\/uploads\/2016\/09\/footer_logo.png","width":216,"height":192,"caption":"Dr Bean"},"image":{"@id":"https:\/\/drbean.ca\/fr\/#\/schema\/logo\/image\/"},"sameAs":["https:\/\/www.facebook.com\/DRBEANMTL","https:\/\/www.instagram.com\/drbeanmtl\/"]}]}},"_links":{"self":[{"href":"https:\/\/drbean.ca\/en\/wp-json\/wp\/v2\/product\/1283","targetHints":{"allow":["GET"]}}],"collection":[{"href":"https:\/\/drbean.ca\/en\/wp-json\/wp\/v2\/product"}],"about":[{"href":"https:\/\/drbean.ca\/en\/wp-json\/wp\/v2\/types\/product"}],"wp:featuredmedia":[{"embeddable":true,"href":"https:\/\/drbean.ca\/en\/wp-json\/wp\/v2\/media\/1284"}],"wp:attachment":[{"href":"https:\/\/drbean.ca\/en\/wp-json\/wp\/v2\/media?parent=1283"}],"wp:term":[{"taxonomy":"product_cat","embeddable":true,"href":"https:\/\/drbean.ca\/en\/wp-json\/wp\/v2\/product_cat?post=1283"},{"taxonomy":"product_tag","embeddable":true,"href":"https:\/\/drbean.ca\/en\/wp-json\/wp\/v2\/product_tag?post=1283"}],"curies":[{"name":"wp","href":"https:\/\/api.w.org\/{rel}","templated":true}]}}