{"id":1294,"date":"2019-09-11T11:12:02","date_gmt":"2019-09-11T15:12:02","guid":{"rendered":"https:\/\/drbean.ca\/?post_type=product&#038;p=1294"},"modified":"2023-01-19T16:58:50","modified_gmt":"2023-01-19T20:58:50","slug":"strada","status":"publish","type":"product","link":"https:\/\/drbean.ca\/en\/catalogue\/machines\/traditionnelles\/strada\/","title":{"rendered":"La Marzocco Strada AV"},"content":{"rendered":"<p>Con\u00e7ue en collaboration avec certains des meilleurs professionnels du caf\u00e9 au monde, <strong>la Strada AV<\/strong> est la machine \u00e0 expresso du Barista.<\/p>\n<p>Dans la famille Strada, la Strada AV est le choix des clients qui appr\u00e9cient la familiarit\u00e9 des contr\u00f4les volum\u00e9triques, et qui cherchent la r\u00e9p\u00e9tabilit\u00e9 et la coh\u00e9rence dans les r\u00e9glages de grand volume.<\/p>\n<p>Avec la fiabilit\u00e9 que l\u2019on attend de l\u2019\u00e9quipement La Marzocco test\u00e9 dans le temps, la Strada AV offre la plate-forme de brassage la plus stable gr\u00e2ce \u00e0 son syst\u00e8me de stabilit\u00e9 thermique et ses cuves individuelles \u00e0 caf\u00e9.<\/p>\n<p>Les buses \u00e0 vapeur Performance Touch am\u00e9liorent l\u2019ergonomie de la machine en restant toujours froides au toucher.<\/p>\n<p>L\u2019\u00e9lectronique conviviale pour le Barista facilite la modification des param\u00e8tres, la programmation de la machine, la mise \u00e0 jour du firmware par USB et offre \u00e0 l\u2019utilisateur une exp\u00e9rience agr\u00e9able, confortable et unique.<\/p>","protected":false},"excerpt":{"rendered":"<p>Con\u00e7ue en collaboration avec certains des meilleurs professionnels du caf\u00e9 au monde, <strong>la Strada AV<\/strong> est la machine \u00e0 expresso du Barista.<\/p>\n<p>Dans la famille Strada, la Strada AV est le choix des clients qui appr\u00e9cient la familiarit\u00e9 des contr\u00f4les volum\u00e9triques, et qui cherchent la r\u00e9p\u00e9tabilit\u00e9 et la coh\u00e9rence dans les r\u00e9glages de grand volume.<\/p>\n<p>Avec la fiabilit\u00e9 que l\u2019on attend de l\u2019\u00e9quipement La Marzocco test\u00e9 dans le temps, la Strada AV offre la plate-forme de brassage la plus stable gr\u00e2ce \u00e0 son syst\u00e8me de stabilit\u00e9 thermique et ses cuves individuelles \u00e0 caf\u00e9.<\/p>\n<p>Les buses \u00e0 vapeur Performance Touch am\u00e9liorent l\u2019ergonomie de la machine en restant toujours froides au toucher.<\/p>\n<p>L\u2019\u00e9lectronique conviviale pour le Barista facilite la modification des param\u00e8tres, la programmation de la machine, la mise \u00e0 jour du firmware par USB et offre \u00e0 l\u2019utilisateur une exp\u00e9rience agr\u00e9able, confortable et unique.<\/p>\n<p><a class=\"maxbutton-1 maxbutton maxbutton-fiche-technique-mira\" target=\"_blank\" rel=\"noopener\" href=\"https:\/\/international.lamarzocco.com\/wp-content\/uploads\/2019\/08\/product_brochure_strada_fra.pdf\"><span class='mb-text'>FICHE TECHNIQUE<\/span><\/a><\/p>\n<p><a class=\"maxbutton-2 maxbutton maxbutton-technical-manual\" target=\"_blank\" rel=\"noopener\" href=\"https:\/\/international.lamarzocco.com\/wp-content\/uploads\/2019\/08\/product_brochure_strada_eng.pdf\"><span class='mb-text'>TECHNICAL MANUAL<\/span><\/a><\/p>","protected":false},"featured_media":1295,"template":"","meta":{"_et_pb_use_builder":"","_et_pb_old_content":"","om_disable_all_campaigns":false,"_monsterinsights_skip_tracking":false,"_monsterinsights_sitenote_active":false,"_monsterinsights_sitenote_note":"","_monsterinsights_sitenote_category":0},"product_cat":[41,42],"product_tag":[],"class_list":{"0":"post-1294","1":"product","2":"type-product","3":"status-publish","4":"has-post-thumbnail","6":"product_cat-machines","7":"product_cat-traditionnelles","9":"first","10":"instock","11":"taxable","12":"shipping-taxable","13":"product-type-simple"},"aioseo_notices":[],"yoast_head":"<!-- This site is optimized with the Yoast SEO plugin v23.7 - https:\/\/yoast.com\/wordpress\/plugins\/seo\/ -->\n<title>La Marzocco Strada AV - Dr Bean<\/title>\n<meta name=\"robots\" content=\"index, follow, max-snippet:-1, max-image-preview:large, max-video-preview:-1\" \/>\n<link rel=\"canonical\" href=\"http:\/\/drbean.ca\/en\/catalogue\/machines\/traditionnelles\/strada\/\" \/>\n<meta property=\"og:locale\" content=\"en_US\" \/>\n<meta property=\"og:type\" content=\"article\" \/>\n<meta property=\"og:title\" content=\"La Marzocco Strada AV - Dr Bean\" \/>\n<meta property=\"og:description\" content=\"Con\u00e7ue en collaboration avec certains des meilleurs professionnels du caf\u00e9 au monde, la Strada AV est la machine \u00e0 expresso du Barista.  Dans la famille Strada, la Strada AV est le choix des clients qui appr\u00e9cient la familiarit\u00e9 des contr\u00f4les volum\u00e9triques, et qui cherchent la r\u00e9p\u00e9tabilit\u00e9 et la coh\u00e9rence dans les r\u00e9glages de grand volume.  Avec la fiabilit\u00e9 que l\u2019on attend de l\u2019\u00e9quipement La Marzocco test\u00e9 dans le temps, la Strada AV offre la plate-forme de brassage la plus stable gr\u00e2ce \u00e0 son syst\u00e8me de stabilit\u00e9 thermique et ses cuves individuelles \u00e0 caf\u00e9.  Les buses \u00e0 vapeur Performance Touch am\u00e9liorent l\u2019ergonomie de la machine en restant toujours froides au toucher.  L\u2019\u00e9lectronique conviviale pour le Barista facilite la modification des param\u00e8tres, la programmation de la machine, la mise \u00e0 jour du firmware par USB et offre \u00e0 l\u2019utilisateur une exp\u00e9rience agr\u00e9able, confortable et unique.\" \/>\n<meta property=\"og:url\" content=\"http:\/\/drbean.ca\/en\/catalogue\/machines\/traditionnelles\/strada\/\" \/>\n<meta property=\"og:site_name\" content=\"Dr Bean\" \/>\n<meta property=\"article:publisher\" content=\"https:\/\/www.facebook.com\/DRBEANMTL\" \/>\n<meta property=\"article:modified_time\" content=\"2023-01-19T20:58:50+00:00\" \/>\n<meta property=\"og:image\" content=\"https:\/\/drbean.ca\/wp-content\/uploads\/2019\/09\/STRADA.jpg\" \/>\n\t<meta property=\"og:image:width\" content=\"600\" \/>\n\t<meta property=\"og:image:height\" content=\"600\" \/>\n\t<meta property=\"og:image:type\" content=\"image\/jpeg\" \/>\n<meta name=\"twitter:card\" content=\"summary_large_image\" \/>\n<meta name=\"twitter:label1\" content=\"Est. reading time\" \/>\n\t<meta name=\"twitter:data1\" content=\"1 minute\" \/>\n<script type=\"application\/ld+json\" class=\"yoast-schema-graph\">{\"@context\":\"https:\/\/schema.org\",\"@graph\":[{\"@type\":\"WebPage\",\"@id\":\"http:\/\/drbean.ca\/fr\/catalogue\/machines\/traditionnelles\/strada\/\",\"url\":\"http:\/\/drbean.ca\/fr\/catalogue\/machines\/traditionnelles\/strada\/\",\"name\":\"La Marzocco Strada AV - Dr Bean\",\"isPartOf\":{\"@id\":\"https:\/\/drbean.ca\/fr\/#website\"},\"primaryImageOfPage\":{\"@id\":\"http:\/\/drbean.ca\/fr\/catalogue\/machines\/traditionnelles\/strada\/#primaryimage\"},\"image\":{\"@id\":\"http:\/\/drbean.ca\/fr\/catalogue\/machines\/traditionnelles\/strada\/#primaryimage\"},\"thumbnailUrl\":\"https:\/\/drbean.ca\/wp-content\/uploads\/2019\/09\/STRADA.jpg\",\"datePublished\":\"2019-09-11T15:12:02+00:00\",\"dateModified\":\"2023-01-19T20:58:50+00:00\",\"breadcrumb\":{\"@id\":\"http:\/\/drbean.ca\/fr\/catalogue\/machines\/traditionnelles\/strada\/#breadcrumb\"},\"inLanguage\":\"en-US\",\"potentialAction\":[{\"@type\":\"ReadAction\",\"target\":[\"http:\/\/drbean.ca\/fr\/catalogue\/machines\/traditionnelles\/strada\/\"]}]},{\"@type\":\"ImageObject\",\"inLanguage\":\"en-US\",\"@id\":\"http:\/\/drbean.ca\/fr\/catalogue\/machines\/traditionnelles\/strada\/#primaryimage\",\"url\":\"https:\/\/drbean.ca\/wp-content\/uploads\/2019\/09\/STRADA.jpg\",\"contentUrl\":\"https:\/\/drbean.ca\/wp-content\/uploads\/2019\/09\/STRADA.jpg\",\"width\":600,\"height\":600},{\"@type\":\"BreadcrumbList\",\"@id\":\"http:\/\/drbean.ca\/fr\/catalogue\/machines\/traditionnelles\/strada\/#breadcrumb\",\"itemListElement\":[{\"@type\":\"ListItem\",\"position\":1,\"name\":\"Accueil\",\"item\":\"http:\/\/drbean.ca\/fr\/\"},{\"@type\":\"ListItem\",\"position\":2,\"name\":\"Boutique\",\"item\":\"http:\/\/drbean.ca\/fr\/boutique\/\"},{\"@type\":\"ListItem\",\"position\":3,\"name\":\"La Marzocco Strada AV\"}]},{\"@type\":\"WebSite\",\"@id\":\"https:\/\/drbean.ca\/fr\/#website\",\"url\":\"https:\/\/drbean.ca\/fr\/\",\"name\":\"Dr Bean\",\"description\":\"Votre partenaire depuis plus de 15 ans\",\"publisher\":{\"@id\":\"https:\/\/drbean.ca\/fr\/#organization\"},\"potentialAction\":[{\"@type\":\"SearchAction\",\"target\":{\"@type\":\"EntryPoint\",\"urlTemplate\":\"https:\/\/drbean.ca\/fr\/?s={search_term_string}\"},\"query-input\":{\"@type\":\"PropertyValueSpecification\",\"valueRequired\":true,\"valueName\":\"search_term_string\"}}],\"inLanguage\":\"en-US\"},{\"@type\":\"Organization\",\"@id\":\"https:\/\/drbean.ca\/fr\/#organization\",\"name\":\"Dr Bean\",\"url\":\"https:\/\/drbean.ca\/fr\/\",\"logo\":{\"@type\":\"ImageObject\",\"inLanguage\":\"en-US\",\"@id\":\"https:\/\/drbean.ca\/fr\/#\/schema\/logo\/image\/\",\"url\":\"https:\/\/drbean.ca\/wp-content\/uploads\/2016\/09\/footer_logo.png\",\"contentUrl\":\"https:\/\/drbean.ca\/wp-content\/uploads\/2016\/09\/footer_logo.png\",\"width\":216,\"height\":192,\"caption\":\"Dr Bean\"},\"image\":{\"@id\":\"https:\/\/drbean.ca\/fr\/#\/schema\/logo\/image\/\"},\"sameAs\":[\"https:\/\/www.facebook.com\/DRBEANMTL\",\"https:\/\/www.instagram.com\/drbeanmtl\/\"]}]}<\/script>\n<!-- \/ Yoast SEO plugin. -->","yoast_head_json":{"title":"La Marzocco Strada AV - Dr Bean","robots":{"index":"index","follow":"follow","max-snippet":"max-snippet:-1","max-image-preview":"max-image-preview:large","max-video-preview":"max-video-preview:-1"},"canonical":"http:\/\/drbean.ca\/en\/catalogue\/machines\/traditionnelles\/strada\/","og_locale":"en_US","og_type":"article","og_title":"La Marzocco Strada AV - Dr Bean","og_description":"Con\u00e7ue en collaboration avec certains des meilleurs professionnels du caf\u00e9 au monde, la Strada AV est la machine \u00e0 expresso du Barista.  Dans la famille Strada, la Strada AV est le choix des clients qui appr\u00e9cient la familiarit\u00e9 des contr\u00f4les volum\u00e9triques, et qui cherchent la r\u00e9p\u00e9tabilit\u00e9 et la coh\u00e9rence dans les r\u00e9glages de grand volume.  Avec la fiabilit\u00e9 que l\u2019on attend de l\u2019\u00e9quipement La Marzocco test\u00e9 dans le temps, la Strada AV offre la plate-forme de brassage la plus stable gr\u00e2ce \u00e0 son syst\u00e8me de stabilit\u00e9 thermique et ses cuves individuelles \u00e0 caf\u00e9.  Les buses \u00e0 vapeur Performance Touch am\u00e9liorent l\u2019ergonomie de la machine en restant toujours froides au toucher.  L\u2019\u00e9lectronique conviviale pour le Barista facilite la modification des param\u00e8tres, la programmation de la machine, la mise \u00e0 jour du firmware par USB et offre \u00e0 l\u2019utilisateur une exp\u00e9rience agr\u00e9able, confortable et unique.","og_url":"http:\/\/drbean.ca\/en\/catalogue\/machines\/traditionnelles\/strada\/","og_site_name":"Dr Bean","article_publisher":"https:\/\/www.facebook.com\/DRBEANMTL","article_modified_time":"2023-01-19T20:58:50+00:00","og_image":[{"width":600,"height":600,"url":"https:\/\/drbean.ca\/wp-content\/uploads\/2019\/09\/STRADA.jpg","type":"image\/jpeg"}],"twitter_card":"summary_large_image","twitter_misc":{"Est. reading time":"1 minute"},"schema":{"@context":"https:\/\/schema.org","@graph":[{"@type":"WebPage","@id":"http:\/\/drbean.ca\/fr\/catalogue\/machines\/traditionnelles\/strada\/","url":"http:\/\/drbean.ca\/fr\/catalogue\/machines\/traditionnelles\/strada\/","name":"La Marzocco Strada AV - Dr Bean","isPartOf":{"@id":"https:\/\/drbean.ca\/fr\/#website"},"primaryImageOfPage":{"@id":"http:\/\/drbean.ca\/fr\/catalogue\/machines\/traditionnelles\/strada\/#primaryimage"},"image":{"@id":"http:\/\/drbean.ca\/fr\/catalogue\/machines\/traditionnelles\/strada\/#primaryimage"},"thumbnailUrl":"https:\/\/drbean.ca\/wp-content\/uploads\/2019\/09\/STRADA.jpg","datePublished":"2019-09-11T15:12:02+00:00","dateModified":"2023-01-19T20:58:50+00:00","breadcrumb":{"@id":"http:\/\/drbean.ca\/fr\/catalogue\/machines\/traditionnelles\/strada\/#breadcrumb"},"inLanguage":"en-US","potentialAction":[{"@type":"ReadAction","target":["http:\/\/drbean.ca\/fr\/catalogue\/machines\/traditionnelles\/strada\/"]}]},{"@type":"ImageObject","inLanguage":"en-US","@id":"http:\/\/drbean.ca\/fr\/catalogue\/machines\/traditionnelles\/strada\/#primaryimage","url":"https:\/\/drbean.ca\/wp-content\/uploads\/2019\/09\/STRADA.jpg","contentUrl":"https:\/\/drbean.ca\/wp-content\/uploads\/2019\/09\/STRADA.jpg","width":600,"height":600},{"@type":"BreadcrumbList","@id":"http:\/\/drbean.ca\/fr\/catalogue\/machines\/traditionnelles\/strada\/#breadcrumb","itemListElement":[{"@type":"ListItem","position":1,"name":"Accueil","item":"http:\/\/drbean.ca\/fr\/"},{"@type":"ListItem","position":2,"name":"Boutique","item":"http:\/\/drbean.ca\/fr\/boutique\/"},{"@type":"ListItem","position":3,"name":"La Marzocco Strada AV"}]},{"@type":"WebSite","@id":"https:\/\/drbean.ca\/fr\/#website","url":"https:\/\/drbean.ca\/fr\/","name":"Dr Bean","description":"Votre partenaire depuis plus de 15 ans","publisher":{"@id":"https:\/\/drbean.ca\/fr\/#organization"},"potentialAction":[{"@type":"SearchAction","target":{"@type":"EntryPoint","urlTemplate":"https:\/\/drbean.ca\/fr\/?s={search_term_string}"},"query-input":{"@type":"PropertyValueSpecification","valueRequired":true,"valueName":"search_term_string"}}],"inLanguage":"en-US"},{"@type":"Organization","@id":"https:\/\/drbean.ca\/fr\/#organization","name":"Dr Bean","url":"https:\/\/drbean.ca\/fr\/","logo":{"@type":"ImageObject","inLanguage":"en-US","@id":"https:\/\/drbean.ca\/fr\/#\/schema\/logo\/image\/","url":"https:\/\/drbean.ca\/wp-content\/uploads\/2016\/09\/footer_logo.png","contentUrl":"https:\/\/drbean.ca\/wp-content\/uploads\/2016\/09\/footer_logo.png","width":216,"height":192,"caption":"Dr Bean"},"image":{"@id":"https:\/\/drbean.ca\/fr\/#\/schema\/logo\/image\/"},"sameAs":["https:\/\/www.facebook.com\/DRBEANMTL","https:\/\/www.instagram.com\/drbeanmtl\/"]}]}},"_links":{"self":[{"href":"https:\/\/drbean.ca\/en\/wp-json\/wp\/v2\/product\/1294","targetHints":{"allow":["GET"]}}],"collection":[{"href":"https:\/\/drbean.ca\/en\/wp-json\/wp\/v2\/product"}],"about":[{"href":"https:\/\/drbean.ca\/en\/wp-json\/wp\/v2\/types\/product"}],"wp:featuredmedia":[{"embeddable":true,"href":"https:\/\/drbean.ca\/en\/wp-json\/wp\/v2\/media\/1295"}],"wp:attachment":[{"href":"https:\/\/drbean.ca\/en\/wp-json\/wp\/v2\/media?parent=1294"}],"wp:term":[{"taxonomy":"product_cat","embeddable":true,"href":"https:\/\/drbean.ca\/en\/wp-json\/wp\/v2\/product_cat?post=1294"},{"taxonomy":"product_tag","embeddable":true,"href":"https:\/\/drbean.ca\/en\/wp-json\/wp\/v2\/product_tag?post=1294"}],"curies":[{"name":"wp","href":"https:\/\/api.w.org\/{rel}","templated":true}]}}