{"id":2009,"date":"2020-09-24T14:58:18","date_gmt":"2020-09-24T18:58:18","guid":{"rendered":"https:\/\/drbean.ca\/?post_type=product&#038;p=2009"},"modified":"2023-03-03T16:01:25","modified_gmt":"2023-03-03T20:01:25","slug":"the-vert-detox-mate-boite-sachets-x40","status":"publish","type":"product","link":"https:\/\/drbean.ca\/en\/catalogue\/thes-et-infusions\/the-vert-detox-mate-boite-sachets-x40\/","title":{"rendered":"Th\u00e9 vert D\u00e9tox mat\u00e9"},"content":{"rendered":"<p>Le th\u00e9 vert aromatis\u00e9 Detox est une d\u00e9licieuse alliance de th\u00e9 et de mat\u00e9 verts aromatis\u00e9s o\u00f9 se m\u00ealent le zest\u00e9 du citron et un soup\u00e7on de menthe douce.<\/p>\n<p>Cette recette D\u00e9tox in\u00e9dite, fra\u00eeche et tonique, a pour vertu de faciliter la digestion et l&rsquo;\u00e9limination des toxines.<br \/>\nLe mat\u00e9 est reconnu pour am\u00e9liorer les fonctions d&rsquo;\u00e9limination. Boire au moins 4 tasses tout au long de la journ\u00e9e en compl\u00e9ment d&rsquo;une alimentation vari\u00e9e et \u00e9quilibr\u00e9e, et d&rsquo;un mode de vie sain.<\/p>\n<p>Marque : <strong>THE DES COMPTOIRS,COMPTOIRS RICHARD<\/strong><\/p>\n<p>&nbsp;<\/p>","protected":false},"excerpt":{"rendered":"<p>Le th\u00e9 vert aromatis\u00e9 Detox est une d\u00e9licieuse alliance de th\u00e9 et de mat\u00e9 verts aromatis\u00e9s o\u00f9 se m\u00ealent le zest\u00e9 du citron et un soup\u00e7on de menthe douce.<\/p>\n<p>Cette recette D\u00e9tox in\u00e9dite, fra\u00eeche et tonique, a pour vertu de faciliter la digestion et l&rsquo;\u00e9limination des toxines.<br \/>\nLe mat\u00e9 est reconnu pour am\u00e9liorer les fonctions d&rsquo;\u00e9limination. Boire au moins 4 tasses tout au long de la journ\u00e9e en compl\u00e9ment d&rsquo;une alimentation vari\u00e9e et \u00e9quilibr\u00e9e, et d&rsquo;un mode de vie sain.<\/p>\n<p>Marque : <strong>THE DES COMPTOIRS,COMPTOIRS RICHARD<\/strong><\/p>","protected":false},"featured_media":2011,"template":"","meta":{"_et_pb_use_builder":"","_et_pb_old_content":"","om_disable_all_campaigns":false,"_monsterinsights_skip_tracking":false,"_monsterinsights_sitenote_active":false,"_monsterinsights_sitenote_note":"","_monsterinsights_sitenote_category":0},"product_cat":[47],"product_tag":[],"class_list":{"0":"post-2009","1":"product","2":"type-product","3":"status-publish","4":"has-post-thumbnail","6":"product_cat-thes-et-infusions","8":"first","9":"outofstock","10":"featured","11":"purchasable","12":"product-type-variable"},"aioseo_notices":[],"yoast_head":"<!-- This site is optimized with the Yoast SEO plugin v23.7 - https:\/\/yoast.com\/wordpress\/plugins\/seo\/ -->\n<title>Th\u00e9 vert D\u00e9tox mat\u00e9 - Dr Bean<\/title>\n<meta name=\"description\" content=\"? L&#039;infusion de Tilleul Bio r\u00e9v\u00e8le une saveur douce et raffin\u00e9e participant \u00e0 de d\u00e9licats moments de s\u00e9r\u00e9nit\u00e9. Bo\u00eete de 40 sachets. ?\" \/>\n<meta name=\"robots\" content=\"index, follow, max-snippet:-1, max-image-preview:large, max-video-preview:-1\" \/>\n<link rel=\"canonical\" href=\"http:\/\/drbean.ca\/en\/catalogue\/thes-et-infusions\/the-vert-detox-mate-boite-sachets-x40\/\" \/>\n<meta property=\"og:locale\" content=\"en_US\" \/>\n<meta property=\"og:type\" content=\"article\" \/>\n<meta property=\"og:title\" content=\"Th\u00e9 vert D\u00e9tox mat\u00e9 - Dr Bean\" \/>\n<meta property=\"og:description\" content=\"? L&#039;infusion de Tilleul Bio r\u00e9v\u00e8le une saveur douce et raffin\u00e9e participant \u00e0 de d\u00e9licats moments de s\u00e9r\u00e9nit\u00e9. Bo\u00eete de 40 sachets. ?\" \/>\n<meta property=\"og:url\" content=\"http:\/\/drbean.ca\/en\/catalogue\/thes-et-infusions\/the-vert-detox-mate-boite-sachets-x40\/\" \/>\n<meta property=\"og:site_name\" content=\"Dr Bean\" \/>\n<meta property=\"article:publisher\" content=\"https:\/\/www.facebook.com\/DRBEANMTL\" \/>\n<meta property=\"article:modified_time\" content=\"2023-03-03T20:01:25+00:00\" \/>\n<meta property=\"og:image\" content=\"https:\/\/drbean.ca\/wp-content\/uploads\/2020\/09\/the-vert-detox-mate-sachets-voile-x40.jpg\" \/>\n\t<meta property=\"og:image:width\" content=\"1200\" \/>\n\t<meta property=\"og:image:height\" content=\"1200\" \/>\n\t<meta property=\"og:image:type\" content=\"image\/jpeg\" \/>\n<meta name=\"twitter:card\" content=\"summary_large_image\" \/>\n<meta name=\"twitter:label1\" content=\"Est. reading time\" \/>\n\t<meta name=\"twitter:data1\" content=\"1 minute\" \/>\n<script type=\"application\/ld+json\" class=\"yoast-schema-graph\">{\"@context\":\"https:\/\/schema.org\",\"@graph\":[{\"@type\":\"WebPage\",\"@id\":\"http:\/\/drbean.ca\/fr\/catalogue\/thes-et-infusions\/the-vert-detox-mate-boite-sachets-x40\/\",\"url\":\"http:\/\/drbean.ca\/fr\/catalogue\/thes-et-infusions\/the-vert-detox-mate-boite-sachets-x40\/\",\"name\":\"Th\u00e9 vert D\u00e9tox mat\u00e9 - Dr Bean\",\"isPartOf\":{\"@id\":\"https:\/\/drbean.ca\/fr\/#website\"},\"primaryImageOfPage\":{\"@id\":\"http:\/\/drbean.ca\/fr\/catalogue\/thes-et-infusions\/the-vert-detox-mate-boite-sachets-x40\/#primaryimage\"},\"image\":{\"@id\":\"http:\/\/drbean.ca\/fr\/catalogue\/thes-et-infusions\/the-vert-detox-mate-boite-sachets-x40\/#primaryimage\"},\"thumbnailUrl\":\"https:\/\/drbean.ca\/wp-content\/uploads\/2020\/09\/the-vert-detox-mate-sachets-voile-x40.jpg\",\"datePublished\":\"2020-09-24T18:58:18+00:00\",\"dateModified\":\"2023-03-03T20:01:25+00:00\",\"description\":\"? L'infusion de Tilleul Bio r\u00e9v\u00e8le une saveur douce et raffin\u00e9e participant \u00e0 de d\u00e9licats moments de s\u00e9r\u00e9nit\u00e9. Bo\u00eete de 40 sachets. ?\",\"breadcrumb\":{\"@id\":\"http:\/\/drbean.ca\/fr\/catalogue\/thes-et-infusions\/the-vert-detox-mate-boite-sachets-x40\/#breadcrumb\"},\"inLanguage\":\"en-US\",\"potentialAction\":[{\"@type\":\"ReadAction\",\"target\":[\"http:\/\/drbean.ca\/fr\/catalogue\/thes-et-infusions\/the-vert-detox-mate-boite-sachets-x40\/\"]}]},{\"@type\":\"ImageObject\",\"inLanguage\":\"en-US\",\"@id\":\"http:\/\/drbean.ca\/fr\/catalogue\/thes-et-infusions\/the-vert-detox-mate-boite-sachets-x40\/#primaryimage\",\"url\":\"https:\/\/drbean.ca\/wp-content\/uploads\/2020\/09\/the-vert-detox-mate-sachets-voile-x40.jpg\",\"contentUrl\":\"https:\/\/drbean.ca\/wp-content\/uploads\/2020\/09\/the-vert-detox-mate-sachets-voile-x40.jpg\",\"width\":1200,\"height\":1200},{\"@type\":\"BreadcrumbList\",\"@id\":\"http:\/\/drbean.ca\/fr\/catalogue\/thes-et-infusions\/the-vert-detox-mate-boite-sachets-x40\/#breadcrumb\",\"itemListElement\":[{\"@type\":\"ListItem\",\"position\":1,\"name\":\"Accueil\",\"item\":\"http:\/\/drbean.ca\/fr\/\"},{\"@type\":\"ListItem\",\"position\":2,\"name\":\"Boutique\",\"item\":\"http:\/\/drbean.ca\/fr\/boutique\/\"},{\"@type\":\"ListItem\",\"position\":3,\"name\":\"Th\u00e9 vert D\u00e9tox mat\u00e9\"}]},{\"@type\":\"WebSite\",\"@id\":\"https:\/\/drbean.ca\/fr\/#website\",\"url\":\"https:\/\/drbean.ca\/fr\/\",\"name\":\"Dr Bean\",\"description\":\"Votre partenaire depuis plus de 15 ans\",\"publisher\":{\"@id\":\"https:\/\/drbean.ca\/fr\/#organization\"},\"potentialAction\":[{\"@type\":\"SearchAction\",\"target\":{\"@type\":\"EntryPoint\",\"urlTemplate\":\"https:\/\/drbean.ca\/fr\/?s={search_term_string}\"},\"query-input\":{\"@type\":\"PropertyValueSpecification\",\"valueRequired\":true,\"valueName\":\"search_term_string\"}}],\"inLanguage\":\"en-US\"},{\"@type\":\"Organization\",\"@id\":\"https:\/\/drbean.ca\/fr\/#organization\",\"name\":\"Dr Bean\",\"url\":\"https:\/\/drbean.ca\/fr\/\",\"logo\":{\"@type\":\"ImageObject\",\"inLanguage\":\"en-US\",\"@id\":\"https:\/\/drbean.ca\/fr\/#\/schema\/logo\/image\/\",\"url\":\"https:\/\/drbean.ca\/wp-content\/uploads\/2016\/09\/footer_logo.png\",\"contentUrl\":\"https:\/\/drbean.ca\/wp-content\/uploads\/2016\/09\/footer_logo.png\",\"width\":216,\"height\":192,\"caption\":\"Dr Bean\"},\"image\":{\"@id\":\"https:\/\/drbean.ca\/fr\/#\/schema\/logo\/image\/\"},\"sameAs\":[\"https:\/\/www.facebook.com\/DRBEANMTL\",\"https:\/\/www.instagram.com\/drbeanmtl\/\"]}]}<\/script>\n<!-- \/ Yoast SEO plugin. -->","yoast_head_json":{"title":"Th\u00e9 vert D\u00e9tox mat\u00e9 - Dr Bean","description":"? L'infusion de Tilleul Bio r\u00e9v\u00e8le une saveur douce et raffin\u00e9e participant \u00e0 de d\u00e9licats moments de s\u00e9r\u00e9nit\u00e9. Bo\u00eete de 40 sachets. ?","robots":{"index":"index","follow":"follow","max-snippet":"max-snippet:-1","max-image-preview":"max-image-preview:large","max-video-preview":"max-video-preview:-1"},"canonical":"http:\/\/drbean.ca\/en\/catalogue\/thes-et-infusions\/the-vert-detox-mate-boite-sachets-x40\/","og_locale":"en_US","og_type":"article","og_title":"Th\u00e9 vert D\u00e9tox mat\u00e9 - Dr Bean","og_description":"? L'infusion de Tilleul Bio r\u00e9v\u00e8le une saveur douce et raffin\u00e9e participant \u00e0 de d\u00e9licats moments de s\u00e9r\u00e9nit\u00e9. Bo\u00eete de 40 sachets. ?","og_url":"http:\/\/drbean.ca\/en\/catalogue\/thes-et-infusions\/the-vert-detox-mate-boite-sachets-x40\/","og_site_name":"Dr Bean","article_publisher":"https:\/\/www.facebook.com\/DRBEANMTL","article_modified_time":"2023-03-03T20:01:25+00:00","og_image":[{"width":1200,"height":1200,"url":"https:\/\/drbean.ca\/wp-content\/uploads\/2020\/09\/the-vert-detox-mate-sachets-voile-x40.jpg","type":"image\/jpeg"}],"twitter_card":"summary_large_image","twitter_misc":{"Est. reading time":"1 minute"},"schema":{"@context":"https:\/\/schema.org","@graph":[{"@type":"WebPage","@id":"http:\/\/drbean.ca\/fr\/catalogue\/thes-et-infusions\/the-vert-detox-mate-boite-sachets-x40\/","url":"http:\/\/drbean.ca\/fr\/catalogue\/thes-et-infusions\/the-vert-detox-mate-boite-sachets-x40\/","name":"Th\u00e9 vert D\u00e9tox mat\u00e9 - Dr Bean","isPartOf":{"@id":"https:\/\/drbean.ca\/fr\/#website"},"primaryImageOfPage":{"@id":"http:\/\/drbean.ca\/fr\/catalogue\/thes-et-infusions\/the-vert-detox-mate-boite-sachets-x40\/#primaryimage"},"image":{"@id":"http:\/\/drbean.ca\/fr\/catalogue\/thes-et-infusions\/the-vert-detox-mate-boite-sachets-x40\/#primaryimage"},"thumbnailUrl":"https:\/\/drbean.ca\/wp-content\/uploads\/2020\/09\/the-vert-detox-mate-sachets-voile-x40.jpg","datePublished":"2020-09-24T18:58:18+00:00","dateModified":"2023-03-03T20:01:25+00:00","description":"? L'infusion de Tilleul Bio r\u00e9v\u00e8le une saveur douce et raffin\u00e9e participant \u00e0 de d\u00e9licats moments de s\u00e9r\u00e9nit\u00e9. Bo\u00eete de 40 sachets. ?","breadcrumb":{"@id":"http:\/\/drbean.ca\/fr\/catalogue\/thes-et-infusions\/the-vert-detox-mate-boite-sachets-x40\/#breadcrumb"},"inLanguage":"en-US","potentialAction":[{"@type":"ReadAction","target":["http:\/\/drbean.ca\/fr\/catalogue\/thes-et-infusions\/the-vert-detox-mate-boite-sachets-x40\/"]}]},{"@type":"ImageObject","inLanguage":"en-US","@id":"http:\/\/drbean.ca\/fr\/catalogue\/thes-et-infusions\/the-vert-detox-mate-boite-sachets-x40\/#primaryimage","url":"https:\/\/drbean.ca\/wp-content\/uploads\/2020\/09\/the-vert-detox-mate-sachets-voile-x40.jpg","contentUrl":"https:\/\/drbean.ca\/wp-content\/uploads\/2020\/09\/the-vert-detox-mate-sachets-voile-x40.jpg","width":1200,"height":1200},{"@type":"BreadcrumbList","@id":"http:\/\/drbean.ca\/fr\/catalogue\/thes-et-infusions\/the-vert-detox-mate-boite-sachets-x40\/#breadcrumb","itemListElement":[{"@type":"ListItem","position":1,"name":"Accueil","item":"http:\/\/drbean.ca\/fr\/"},{"@type":"ListItem","position":2,"name":"Boutique","item":"http:\/\/drbean.ca\/fr\/boutique\/"},{"@type":"ListItem","position":3,"name":"Th\u00e9 vert D\u00e9tox mat\u00e9"}]},{"@type":"WebSite","@id":"https:\/\/drbean.ca\/fr\/#website","url":"https:\/\/drbean.ca\/fr\/","name":"Dr Bean","description":"Votre partenaire depuis plus de 15 ans","publisher":{"@id":"https:\/\/drbean.ca\/fr\/#organization"},"potentialAction":[{"@type":"SearchAction","target":{"@type":"EntryPoint","urlTemplate":"https:\/\/drbean.ca\/fr\/?s={search_term_string}"},"query-input":{"@type":"PropertyValueSpecification","valueRequired":true,"valueName":"search_term_string"}}],"inLanguage":"en-US"},{"@type":"Organization","@id":"https:\/\/drbean.ca\/fr\/#organization","name":"Dr Bean","url":"https:\/\/drbean.ca\/fr\/","logo":{"@type":"ImageObject","inLanguage":"en-US","@id":"https:\/\/drbean.ca\/fr\/#\/schema\/logo\/image\/","url":"https:\/\/drbean.ca\/wp-content\/uploads\/2016\/09\/footer_logo.png","contentUrl":"https:\/\/drbean.ca\/wp-content\/uploads\/2016\/09\/footer_logo.png","width":216,"height":192,"caption":"Dr Bean"},"image":{"@id":"https:\/\/drbean.ca\/fr\/#\/schema\/logo\/image\/"},"sameAs":["https:\/\/www.facebook.com\/DRBEANMTL","https:\/\/www.instagram.com\/drbeanmtl\/"]}]}},"_links":{"self":[{"href":"https:\/\/drbean.ca\/en\/wp-json\/wp\/v2\/product\/2009","targetHints":{"allow":["GET"]}}],"collection":[{"href":"https:\/\/drbean.ca\/en\/wp-json\/wp\/v2\/product"}],"about":[{"href":"https:\/\/drbean.ca\/en\/wp-json\/wp\/v2\/types\/product"}],"wp:featuredmedia":[{"embeddable":true,"href":"https:\/\/drbean.ca\/en\/wp-json\/wp\/v2\/media\/2011"}],"wp:attachment":[{"href":"https:\/\/drbean.ca\/en\/wp-json\/wp\/v2\/media?parent=2009"}],"wp:term":[{"taxonomy":"product_cat","embeddable":true,"href":"https:\/\/drbean.ca\/en\/wp-json\/wp\/v2\/product_cat?post=2009"},{"taxonomy":"product_tag","embeddable":true,"href":"https:\/\/drbean.ca\/en\/wp-json\/wp\/v2\/product_tag?post=2009"}],"curies":[{"name":"wp","href":"https:\/\/api.w.org\/{rel}","templated":true}]}}