{"id":2056,"date":"2020-09-25T15:25:58","date_gmt":"2020-09-25T19:25:58","guid":{"rendered":"https:\/\/drbean.ca\/?post_type=product&#038;p=2056"},"modified":"2023-01-19T16:57:06","modified_gmt":"2023-01-19T20:57:06","slug":"tasse-expresso-et-soucoupe-florio-8cl","status":"publish","type":"product","link":"https:\/\/drbean.ca\/en\/catalogue\/accessoires\/tasse-expresso-et-soucoupe-florio-8cl\/","title":{"rendered":"Tasse expresso et soucoupe Florio 8cl"},"content":{"rendered":"<p>Sobre et intemporelle, cette tasse et sa soucoupe Florio de\u00a0<strong>Caf\u00e9s Richard<\/strong>\u00a0sont id\u00e9ales pour le service de l&rsquo;expresso Florio.<\/p>\n<p>Tr\u00e8s utilis\u00e9e par les professionnels de l&rsquo;h\u00f4tellerie et de la restauration, la tasse Perle Noire pr\u00e9sente toutes les qualit\u00e9s requises pour la d\u00e9gustation de votre boisson favorite.<\/p>","protected":false},"excerpt":{"rendered":"<p>Sobre et intemporelle, cette tasse et sa soucoupe Florio de\u00a0<strong>Caf\u00e9s Richard<\/strong>\u00a0sont id\u00e9ales pour le service de l&rsquo;expresso Florio.<\/p>\n<p>Tr\u00e8s utilis\u00e9e par les professionnels de l&rsquo;h\u00f4tellerie et de la restauration, la tasse Perle Noire pr\u00e9sente toutes les qualit\u00e9s requises pour la d\u00e9gustation de votre boisson favorite.<\/p>","protected":false},"featured_media":2057,"template":"","meta":{"_et_pb_use_builder":"","_et_pb_old_content":"","om_disable_all_campaigns":false,"_monsterinsights_skip_tracking":false,"_monsterinsights_sitenote_active":false,"_monsterinsights_sitenote_note":"","_monsterinsights_sitenote_category":0},"product_cat":[77],"product_tag":[],"class_list":{"0":"post-2056","1":"product","2":"type-product","3":"status-publish","4":"has-post-thumbnail","6":"product_cat-accessoires","8":"first","9":"instock","10":"taxable","11":"shipping-taxable","12":"product-type-simple"},"aioseo_notices":[],"yoast_head":"<!-- This site is optimized with the Yoast SEO plugin v23.7 - https:\/\/yoast.com\/wordpress\/plugins\/seo\/ -->\n<title>Tasse expresso et soucoupe Florio 8cl - Dr Bean<\/title>\n<meta name=\"robots\" content=\"index, follow, max-snippet:-1, max-image-preview:large, max-video-preview:-1\" \/>\n<link rel=\"canonical\" href=\"http:\/\/drbean.ca\/en\/catalogue\/accessoires\/tasse-expresso-et-soucoupe-florio-8cl\/\" \/>\n<meta property=\"og:locale\" content=\"en_US\" \/>\n<meta property=\"og:type\" content=\"article\" \/>\n<meta property=\"og:title\" content=\"Tasse expresso et soucoupe Florio 8cl - Dr Bean\" \/>\n<meta property=\"og:description\" content=\"Sobre et intemporelle, cette tasse et sa soucoupe Florio de\u00a0Caf\u00e9s Richard\u00a0sont id\u00e9ales pour le service de l&#039;expresso Florio.  Tr\u00e8s utilis\u00e9e par les professionnels de l&#039;h\u00f4tellerie et de la restauration, la tasse Perle Noire pr\u00e9sente toutes les qualit\u00e9s requises pour la d\u00e9gustation de votre boisson favorite.\" \/>\n<meta property=\"og:url\" content=\"http:\/\/drbean.ca\/en\/catalogue\/accessoires\/tasse-expresso-et-soucoupe-florio-8cl\/\" \/>\n<meta property=\"og:site_name\" content=\"Dr Bean\" \/>\n<meta property=\"article:publisher\" content=\"https:\/\/www.facebook.com\/DRBEANMTL\" \/>\n<meta property=\"article:modified_time\" content=\"2023-01-19T20:57:06+00:00\" \/>\n<meta property=\"og:image\" content=\"https:\/\/drbean.ca\/wp-content\/uploads\/2020\/09\/tasse-expresso-et-soucoupe-florio-8cl.jpg\" \/>\n\t<meta property=\"og:image:width\" content=\"1200\" \/>\n\t<meta property=\"og:image:height\" content=\"1200\" \/>\n\t<meta property=\"og:image:type\" content=\"image\/jpeg\" \/>\n<meta name=\"twitter:card\" content=\"summary_large_image\" \/>\n<script type=\"application\/ld+json\" class=\"yoast-schema-graph\">{\"@context\":\"https:\/\/schema.org\",\"@graph\":[{\"@type\":\"WebPage\",\"@id\":\"http:\/\/drbean.ca\/fr\/catalogue\/accessoires\/tasse-expresso-et-soucoupe-florio-8cl\/\",\"url\":\"http:\/\/drbean.ca\/fr\/catalogue\/accessoires\/tasse-expresso-et-soucoupe-florio-8cl\/\",\"name\":\"Tasse expresso et soucoupe Florio 8cl - Dr Bean\",\"isPartOf\":{\"@id\":\"https:\/\/drbean.ca\/fr\/#website\"},\"primaryImageOfPage\":{\"@id\":\"http:\/\/drbean.ca\/fr\/catalogue\/accessoires\/tasse-expresso-et-soucoupe-florio-8cl\/#primaryimage\"},\"image\":{\"@id\":\"http:\/\/drbean.ca\/fr\/catalogue\/accessoires\/tasse-expresso-et-soucoupe-florio-8cl\/#primaryimage\"},\"thumbnailUrl\":\"https:\/\/drbean.ca\/wp-content\/uploads\/2020\/09\/tasse-expresso-et-soucoupe-florio-8cl.jpg\",\"datePublished\":\"2020-09-25T19:25:58+00:00\",\"dateModified\":\"2023-01-19T20:57:06+00:00\",\"breadcrumb\":{\"@id\":\"http:\/\/drbean.ca\/fr\/catalogue\/accessoires\/tasse-expresso-et-soucoupe-florio-8cl\/#breadcrumb\"},\"inLanguage\":\"en-US\",\"potentialAction\":[{\"@type\":\"ReadAction\",\"target\":[\"http:\/\/drbean.ca\/fr\/catalogue\/accessoires\/tasse-expresso-et-soucoupe-florio-8cl\/\"]}]},{\"@type\":\"ImageObject\",\"inLanguage\":\"en-US\",\"@id\":\"http:\/\/drbean.ca\/fr\/catalogue\/accessoires\/tasse-expresso-et-soucoupe-florio-8cl\/#primaryimage\",\"url\":\"https:\/\/drbean.ca\/wp-content\/uploads\/2020\/09\/tasse-expresso-et-soucoupe-florio-8cl.jpg\",\"contentUrl\":\"https:\/\/drbean.ca\/wp-content\/uploads\/2020\/09\/tasse-expresso-et-soucoupe-florio-8cl.jpg\",\"width\":1200,\"height\":1200},{\"@type\":\"BreadcrumbList\",\"@id\":\"http:\/\/drbean.ca\/fr\/catalogue\/accessoires\/tasse-expresso-et-soucoupe-florio-8cl\/#breadcrumb\",\"itemListElement\":[{\"@type\":\"ListItem\",\"position\":1,\"name\":\"Accueil\",\"item\":\"http:\/\/drbean.ca\/fr\/\"},{\"@type\":\"ListItem\",\"position\":2,\"name\":\"Boutique\",\"item\":\"http:\/\/drbean.ca\/fr\/boutique\/\"},{\"@type\":\"ListItem\",\"position\":3,\"name\":\"Tasse expresso et soucoupe Florio 8cl\"}]},{\"@type\":\"WebSite\",\"@id\":\"https:\/\/drbean.ca\/fr\/#website\",\"url\":\"https:\/\/drbean.ca\/fr\/\",\"name\":\"Dr Bean\",\"description\":\"Votre partenaire depuis plus de 15 ans\",\"publisher\":{\"@id\":\"https:\/\/drbean.ca\/fr\/#organization\"},\"potentialAction\":[{\"@type\":\"SearchAction\",\"target\":{\"@type\":\"EntryPoint\",\"urlTemplate\":\"https:\/\/drbean.ca\/fr\/?s={search_term_string}\"},\"query-input\":{\"@type\":\"PropertyValueSpecification\",\"valueRequired\":true,\"valueName\":\"search_term_string\"}}],\"inLanguage\":\"en-US\"},{\"@type\":\"Organization\",\"@id\":\"https:\/\/drbean.ca\/fr\/#organization\",\"name\":\"Dr Bean\",\"url\":\"https:\/\/drbean.ca\/fr\/\",\"logo\":{\"@type\":\"ImageObject\",\"inLanguage\":\"en-US\",\"@id\":\"https:\/\/drbean.ca\/fr\/#\/schema\/logo\/image\/\",\"url\":\"https:\/\/drbean.ca\/wp-content\/uploads\/2016\/09\/footer_logo.png\",\"contentUrl\":\"https:\/\/drbean.ca\/wp-content\/uploads\/2016\/09\/footer_logo.png\",\"width\":216,\"height\":192,\"caption\":\"Dr Bean\"},\"image\":{\"@id\":\"https:\/\/drbean.ca\/fr\/#\/schema\/logo\/image\/\"},\"sameAs\":[\"https:\/\/www.facebook.com\/DRBEANMTL\",\"https:\/\/www.instagram.com\/drbeanmtl\/\"]}]}<\/script>\n<!-- \/ Yoast SEO plugin. -->","yoast_head_json":{"title":"Tasse expresso et soucoupe Florio 8cl - Dr Bean","robots":{"index":"index","follow":"follow","max-snippet":"max-snippet:-1","max-image-preview":"max-image-preview:large","max-video-preview":"max-video-preview:-1"},"canonical":"http:\/\/drbean.ca\/en\/catalogue\/accessoires\/tasse-expresso-et-soucoupe-florio-8cl\/","og_locale":"en_US","og_type":"article","og_title":"Tasse expresso et soucoupe Florio 8cl - Dr Bean","og_description":"Sobre et intemporelle, cette tasse et sa soucoupe Florio de\u00a0Caf\u00e9s Richard\u00a0sont id\u00e9ales pour le service de l'expresso Florio.  Tr\u00e8s utilis\u00e9e par les professionnels de l'h\u00f4tellerie et de la restauration, la tasse Perle Noire pr\u00e9sente toutes les qualit\u00e9s requises pour la d\u00e9gustation de votre boisson favorite.","og_url":"http:\/\/drbean.ca\/en\/catalogue\/accessoires\/tasse-expresso-et-soucoupe-florio-8cl\/","og_site_name":"Dr Bean","article_publisher":"https:\/\/www.facebook.com\/DRBEANMTL","article_modified_time":"2023-01-19T20:57:06+00:00","og_image":[{"width":1200,"height":1200,"url":"https:\/\/drbean.ca\/wp-content\/uploads\/2020\/09\/tasse-expresso-et-soucoupe-florio-8cl.jpg","type":"image\/jpeg"}],"twitter_card":"summary_large_image","schema":{"@context":"https:\/\/schema.org","@graph":[{"@type":"WebPage","@id":"http:\/\/drbean.ca\/fr\/catalogue\/accessoires\/tasse-expresso-et-soucoupe-florio-8cl\/","url":"http:\/\/drbean.ca\/fr\/catalogue\/accessoires\/tasse-expresso-et-soucoupe-florio-8cl\/","name":"Tasse expresso et soucoupe Florio 8cl - Dr Bean","isPartOf":{"@id":"https:\/\/drbean.ca\/fr\/#website"},"primaryImageOfPage":{"@id":"http:\/\/drbean.ca\/fr\/catalogue\/accessoires\/tasse-expresso-et-soucoupe-florio-8cl\/#primaryimage"},"image":{"@id":"http:\/\/drbean.ca\/fr\/catalogue\/accessoires\/tasse-expresso-et-soucoupe-florio-8cl\/#primaryimage"},"thumbnailUrl":"https:\/\/drbean.ca\/wp-content\/uploads\/2020\/09\/tasse-expresso-et-soucoupe-florio-8cl.jpg","datePublished":"2020-09-25T19:25:58+00:00","dateModified":"2023-01-19T20:57:06+00:00","breadcrumb":{"@id":"http:\/\/drbean.ca\/fr\/catalogue\/accessoires\/tasse-expresso-et-soucoupe-florio-8cl\/#breadcrumb"},"inLanguage":"en-US","potentialAction":[{"@type":"ReadAction","target":["http:\/\/drbean.ca\/fr\/catalogue\/accessoires\/tasse-expresso-et-soucoupe-florio-8cl\/"]}]},{"@type":"ImageObject","inLanguage":"en-US","@id":"http:\/\/drbean.ca\/fr\/catalogue\/accessoires\/tasse-expresso-et-soucoupe-florio-8cl\/#primaryimage","url":"https:\/\/drbean.ca\/wp-content\/uploads\/2020\/09\/tasse-expresso-et-soucoupe-florio-8cl.jpg","contentUrl":"https:\/\/drbean.ca\/wp-content\/uploads\/2020\/09\/tasse-expresso-et-soucoupe-florio-8cl.jpg","width":1200,"height":1200},{"@type":"BreadcrumbList","@id":"http:\/\/drbean.ca\/fr\/catalogue\/accessoires\/tasse-expresso-et-soucoupe-florio-8cl\/#breadcrumb","itemListElement":[{"@type":"ListItem","position":1,"name":"Accueil","item":"http:\/\/drbean.ca\/fr\/"},{"@type":"ListItem","position":2,"name":"Boutique","item":"http:\/\/drbean.ca\/fr\/boutique\/"},{"@type":"ListItem","position":3,"name":"Tasse expresso et soucoupe Florio 8cl"}]},{"@type":"WebSite","@id":"https:\/\/drbean.ca\/fr\/#website","url":"https:\/\/drbean.ca\/fr\/","name":"Dr Bean","description":"Votre partenaire depuis plus de 15 ans","publisher":{"@id":"https:\/\/drbean.ca\/fr\/#organization"},"potentialAction":[{"@type":"SearchAction","target":{"@type":"EntryPoint","urlTemplate":"https:\/\/drbean.ca\/fr\/?s={search_term_string}"},"query-input":{"@type":"PropertyValueSpecification","valueRequired":true,"valueName":"search_term_string"}}],"inLanguage":"en-US"},{"@type":"Organization","@id":"https:\/\/drbean.ca\/fr\/#organization","name":"Dr Bean","url":"https:\/\/drbean.ca\/fr\/","logo":{"@type":"ImageObject","inLanguage":"en-US","@id":"https:\/\/drbean.ca\/fr\/#\/schema\/logo\/image\/","url":"https:\/\/drbean.ca\/wp-content\/uploads\/2016\/09\/footer_logo.png","contentUrl":"https:\/\/drbean.ca\/wp-content\/uploads\/2016\/09\/footer_logo.png","width":216,"height":192,"caption":"Dr Bean"},"image":{"@id":"https:\/\/drbean.ca\/fr\/#\/schema\/logo\/image\/"},"sameAs":["https:\/\/www.facebook.com\/DRBEANMTL","https:\/\/www.instagram.com\/drbeanmtl\/"]}]}},"_links":{"self":[{"href":"https:\/\/drbean.ca\/en\/wp-json\/wp\/v2\/product\/2056","targetHints":{"allow":["GET"]}}],"collection":[{"href":"https:\/\/drbean.ca\/en\/wp-json\/wp\/v2\/product"}],"about":[{"href":"https:\/\/drbean.ca\/en\/wp-json\/wp\/v2\/types\/product"}],"wp:featuredmedia":[{"embeddable":true,"href":"https:\/\/drbean.ca\/en\/wp-json\/wp\/v2\/media\/2057"}],"wp:attachment":[{"href":"https:\/\/drbean.ca\/en\/wp-json\/wp\/v2\/media?parent=2056"}],"wp:term":[{"taxonomy":"product_cat","embeddable":true,"href":"https:\/\/drbean.ca\/en\/wp-json\/wp\/v2\/product_cat?post=2056"},{"taxonomy":"product_tag","embeddable":true,"href":"https:\/\/drbean.ca\/en\/wp-json\/wp\/v2\/product_tag?post=2056"}],"curies":[{"name":"wp","href":"https:\/\/api.w.org\/{rel}","templated":true}]}}