{"id":2081,"date":"2020-09-28T15:29:00","date_gmt":"2020-09-28T19:29:00","guid":{"rendered":"https:\/\/drbean.ca\/?post_type=product&#038;p=2081"},"modified":"2023-03-03T12:45:01","modified_gmt":"2023-03-03T16:45:01","slug":"rooibos-aux-epices","status":"publish","type":"product","link":"https:\/\/drbean.ca\/en\/catalogue\/thes-et-infusions\/rooibos-aux-epices\/","title":{"rendered":"Rooibos aux \u00e9pices"},"content":{"rendered":"<h3>Rooibos aux \u00e9pices<\/h3>\n<p>Ce Roo\u00efbos aux \u00e9pices se d\u00e9guste id\u00e9alement la journ\u00e9e et le soir, avec ou sans nuage de lait. Son aspect est celui d&rsquo;une petite feuille bris\u00e9e rouge homog\u00e8ne. Le Roo\u00efbos aux \u00e9pices se compose d&rsquo;un roo\u00cfbos rouge aromatis\u00e9 \u00e0 l\u2019orange et aux \u00e9pices et agr\u00e9ment\u00e9 de graines de cardamome, d\u2019\u00e9corces de cannelle, de clou de girofle, de p\u00e9tales de tournesol et de morceaux de vanille. Sa liqueur rouge orang\u00e9e r\u00e9v\u00e9lant des notes bois\u00e9es, \u00e9pic\u00e9es et zest\u00e9es orange douce sans aucune astringence ni amertume.<\/p>\n<p>Sans th\u00e9ine, il est id\u00e9al pour le soir. Il est aussi bon chaud que froid.<br \/>\nAccord roo\u00efbos et confiseries\u00a0: Cakes, sabl\u00e9s, croquants, calissons, nougats, fruits secs, fruits confits.<\/p>\n<p>Bo\u00eete de 15 sachets voiles emball\u00e9s individuellement pour pr\u00e9server toute la fra\u00eecheur des ar\u00f4mes.<\/p>\n<p>Marque : <strong>THE DES COMPTOIRS,COMPTOIRS RICHARD<\/strong><\/p>","protected":false},"excerpt":{"rendered":"<p>Ce Roo\u00efbos aux \u00e9pices se d\u00e9guste id\u00e9alement la journ\u00e9e et le soir, avec ou sans nuage de lait. Son aspect est celui d&rsquo;une petite feuille bris\u00e9e rouge homog\u00e8ne. Le Roo\u00efbos aux \u00e9pices se compose d&rsquo;un roo\u00cfbos rouge aromatis\u00e9 \u00e0 l\u2019orange et aux \u00e9pices et agr\u00e9ment\u00e9 de graines de cardamome, d\u2019\u00e9corces de cannelle, de clou de girofle, de p\u00e9tales de tournesol et de morceaux de vanille. Sa liqueur rouge orang\u00e9e r\u00e9v\u00e9lant des notes bois\u00e9es, \u00e9pic\u00e9es et zest\u00e9es orange douce sans aucune astringence ni amertume.<\/p>\n<p>Sans th\u00e9ine, il est id\u00e9al pour le soir. Il est aussi bon chaud que froid.<br \/>\nAccord roo\u00efbos et confiseries\u00a0: Cakes, sabl\u00e9s, croquants, calissons, nougats, fruits secs, fruits confits.<\/p>\n<p>Bo\u00eete de 15 sachets voiles emball\u00e9s individuellement pour pr\u00e9server toute la fra\u00eecheur des ar\u00f4mes.<\/p>\n<p>Marque : <strong>THE DES COMPTOIRS,COMPTOIRS RICHARD<\/strong><\/p>","protected":false},"featured_media":2082,"template":"","meta":{"_et_pb_use_builder":"","_et_pb_old_content":"","om_disable_all_campaigns":false,"_monsterinsights_skip_tracking":false,"_monsterinsights_sitenote_active":false,"_monsterinsights_sitenote_note":"","_monsterinsights_sitenote_category":0},"product_cat":[47],"product_tag":[],"class_list":{"0":"post-2081","1":"product","2":"type-product","3":"status-publish","4":"has-post-thumbnail","6":"product_cat-thes-et-infusions","8":"first","9":"outofstock","10":"featured","11":"purchasable","12":"product-type-variable"},"aioseo_notices":[],"yoast_head":"<!-- This site is optimized with the Yoast SEO plugin v23.7 - https:\/\/yoast.com\/wordpress\/plugins\/seo\/ -->\n<title>Rooibos aux \u00e9pices - Dr Bean<\/title>\n<meta name=\"description\" content=\"? Le Roo\u00efbos aux \u00e9pices se compose de graines de cardamome, d\u2019\u00e9corces de cannelle, de clou de girofle, de p\u00e9tales de tournesol et de morceaux de vanille\" \/>\n<meta name=\"robots\" content=\"index, follow, max-snippet:-1, max-image-preview:large, max-video-preview:-1\" \/>\n<link rel=\"canonical\" href=\"http:\/\/drbean.ca\/en\/catalogue\/thes-et-infusions\/rooibos-aux-epices\/\" \/>\n<meta property=\"og:locale\" content=\"en_US\" \/>\n<meta property=\"og:type\" content=\"article\" \/>\n<meta property=\"og:title\" content=\"Rooibos aux \u00e9pices - Dr Bean\" \/>\n<meta property=\"og:description\" content=\"? Le Roo\u00efbos aux \u00e9pices se compose de graines de cardamome, d\u2019\u00e9corces de cannelle, de clou de girofle, de p\u00e9tales de tournesol et de morceaux de vanille\" \/>\n<meta property=\"og:url\" content=\"http:\/\/drbean.ca\/en\/catalogue\/thes-et-infusions\/rooibos-aux-epices\/\" \/>\n<meta property=\"og:site_name\" content=\"Dr Bean\" \/>\n<meta property=\"article:publisher\" content=\"https:\/\/www.facebook.com\/DRBEANMTL\" \/>\n<meta property=\"article:modified_time\" content=\"2023-03-03T16:45:01+00:00\" \/>\n<meta property=\"og:image\" content=\"https:\/\/drbean.ca\/wp-content\/uploads\/2020\/09\/rooibos-aux-epices-boite-de-15-sachets-voiles-comptoirs-richard-1.jpg\" \/>\n\t<meta property=\"og:image:width\" content=\"1200\" \/>\n\t<meta property=\"og:image:height\" content=\"1200\" \/>\n\t<meta property=\"og:image:type\" content=\"image\/jpeg\" \/>\n<meta name=\"twitter:card\" content=\"summary_large_image\" \/>\n<meta name=\"twitter:label1\" content=\"Est. reading time\" \/>\n\t<meta name=\"twitter:data1\" content=\"1 minute\" \/>\n<script type=\"application\/ld+json\" class=\"yoast-schema-graph\">{\"@context\":\"https:\/\/schema.org\",\"@graph\":[{\"@type\":\"WebPage\",\"@id\":\"http:\/\/drbean.ca\/fr\/catalogue\/thes-et-infusions\/rooibos-aux-epices\/\",\"url\":\"http:\/\/drbean.ca\/fr\/catalogue\/thes-et-infusions\/rooibos-aux-epices\/\",\"name\":\"Rooibos aux \u00e9pices - Dr Bean\",\"isPartOf\":{\"@id\":\"https:\/\/drbean.ca\/fr\/#website\"},\"primaryImageOfPage\":{\"@id\":\"http:\/\/drbean.ca\/fr\/catalogue\/thes-et-infusions\/rooibos-aux-epices\/#primaryimage\"},\"image\":{\"@id\":\"http:\/\/drbean.ca\/fr\/catalogue\/thes-et-infusions\/rooibos-aux-epices\/#primaryimage\"},\"thumbnailUrl\":\"https:\/\/drbean.ca\/wp-content\/uploads\/2020\/09\/rooibos-aux-epices-boite-de-15-sachets-voiles-comptoirs-richard-1.jpg\",\"datePublished\":\"2020-09-28T19:29:00+00:00\",\"dateModified\":\"2023-03-03T16:45:01+00:00\",\"description\":\"? Le Roo\u00efbos aux \u00e9pices se compose de graines de cardamome, d\u2019\u00e9corces de cannelle, de clou de girofle, de p\u00e9tales de tournesol et de morceaux de vanille\",\"breadcrumb\":{\"@id\":\"http:\/\/drbean.ca\/fr\/catalogue\/thes-et-infusions\/rooibos-aux-epices\/#breadcrumb\"},\"inLanguage\":\"en-US\",\"potentialAction\":[{\"@type\":\"ReadAction\",\"target\":[\"http:\/\/drbean.ca\/fr\/catalogue\/thes-et-infusions\/rooibos-aux-epices\/\"]}]},{\"@type\":\"ImageObject\",\"inLanguage\":\"en-US\",\"@id\":\"http:\/\/drbean.ca\/fr\/catalogue\/thes-et-infusions\/rooibos-aux-epices\/#primaryimage\",\"url\":\"https:\/\/drbean.ca\/wp-content\/uploads\/2020\/09\/rooibos-aux-epices-boite-de-15-sachets-voiles-comptoirs-richard-1.jpg\",\"contentUrl\":\"https:\/\/drbean.ca\/wp-content\/uploads\/2020\/09\/rooibos-aux-epices-boite-de-15-sachets-voiles-comptoirs-richard-1.jpg\",\"width\":1200,\"height\":1200},{\"@type\":\"BreadcrumbList\",\"@id\":\"http:\/\/drbean.ca\/fr\/catalogue\/thes-et-infusions\/rooibos-aux-epices\/#breadcrumb\",\"itemListElement\":[{\"@type\":\"ListItem\",\"position\":1,\"name\":\"Accueil\",\"item\":\"http:\/\/drbean.ca\/fr\/\"},{\"@type\":\"ListItem\",\"position\":2,\"name\":\"Boutique\",\"item\":\"http:\/\/drbean.ca\/fr\/boutique\/\"},{\"@type\":\"ListItem\",\"position\":3,\"name\":\"Rooibos aux \u00e9pices\"}]},{\"@type\":\"WebSite\",\"@id\":\"https:\/\/drbean.ca\/fr\/#website\",\"url\":\"https:\/\/drbean.ca\/fr\/\",\"name\":\"Dr Bean\",\"description\":\"Votre partenaire depuis plus de 15 ans\",\"publisher\":{\"@id\":\"https:\/\/drbean.ca\/fr\/#organization\"},\"potentialAction\":[{\"@type\":\"SearchAction\",\"target\":{\"@type\":\"EntryPoint\",\"urlTemplate\":\"https:\/\/drbean.ca\/fr\/?s={search_term_string}\"},\"query-input\":{\"@type\":\"PropertyValueSpecification\",\"valueRequired\":true,\"valueName\":\"search_term_string\"}}],\"inLanguage\":\"en-US\"},{\"@type\":\"Organization\",\"@id\":\"https:\/\/drbean.ca\/fr\/#organization\",\"name\":\"Dr Bean\",\"url\":\"https:\/\/drbean.ca\/fr\/\",\"logo\":{\"@type\":\"ImageObject\",\"inLanguage\":\"en-US\",\"@id\":\"https:\/\/drbean.ca\/fr\/#\/schema\/logo\/image\/\",\"url\":\"https:\/\/drbean.ca\/wp-content\/uploads\/2016\/09\/footer_logo.png\",\"contentUrl\":\"https:\/\/drbean.ca\/wp-content\/uploads\/2016\/09\/footer_logo.png\",\"width\":216,\"height\":192,\"caption\":\"Dr Bean\"},\"image\":{\"@id\":\"https:\/\/drbean.ca\/fr\/#\/schema\/logo\/image\/\"},\"sameAs\":[\"https:\/\/www.facebook.com\/DRBEANMTL\",\"https:\/\/www.instagram.com\/drbeanmtl\/\"]}]}<\/script>\n<!-- \/ Yoast SEO plugin. -->","yoast_head_json":{"title":"Rooibos aux \u00e9pices - Dr Bean","description":"? Le Roo\u00efbos aux \u00e9pices se compose de graines de cardamome, d\u2019\u00e9corces de cannelle, de clou de girofle, de p\u00e9tales de tournesol et de morceaux de vanille","robots":{"index":"index","follow":"follow","max-snippet":"max-snippet:-1","max-image-preview":"max-image-preview:large","max-video-preview":"max-video-preview:-1"},"canonical":"http:\/\/drbean.ca\/en\/catalogue\/thes-et-infusions\/rooibos-aux-epices\/","og_locale":"en_US","og_type":"article","og_title":"Rooibos aux \u00e9pices - Dr Bean","og_description":"? Le Roo\u00efbos aux \u00e9pices se compose de graines de cardamome, d\u2019\u00e9corces de cannelle, de clou de girofle, de p\u00e9tales de tournesol et de morceaux de vanille","og_url":"http:\/\/drbean.ca\/en\/catalogue\/thes-et-infusions\/rooibos-aux-epices\/","og_site_name":"Dr Bean","article_publisher":"https:\/\/www.facebook.com\/DRBEANMTL","article_modified_time":"2023-03-03T16:45:01+00:00","og_image":[{"width":1200,"height":1200,"url":"https:\/\/drbean.ca\/wp-content\/uploads\/2020\/09\/rooibos-aux-epices-boite-de-15-sachets-voiles-comptoirs-richard-1.jpg","type":"image\/jpeg"}],"twitter_card":"summary_large_image","twitter_misc":{"Est. reading time":"1 minute"},"schema":{"@context":"https:\/\/schema.org","@graph":[{"@type":"WebPage","@id":"http:\/\/drbean.ca\/fr\/catalogue\/thes-et-infusions\/rooibos-aux-epices\/","url":"http:\/\/drbean.ca\/fr\/catalogue\/thes-et-infusions\/rooibos-aux-epices\/","name":"Rooibos aux \u00e9pices - Dr Bean","isPartOf":{"@id":"https:\/\/drbean.ca\/fr\/#website"},"primaryImageOfPage":{"@id":"http:\/\/drbean.ca\/fr\/catalogue\/thes-et-infusions\/rooibos-aux-epices\/#primaryimage"},"image":{"@id":"http:\/\/drbean.ca\/fr\/catalogue\/thes-et-infusions\/rooibos-aux-epices\/#primaryimage"},"thumbnailUrl":"https:\/\/drbean.ca\/wp-content\/uploads\/2020\/09\/rooibos-aux-epices-boite-de-15-sachets-voiles-comptoirs-richard-1.jpg","datePublished":"2020-09-28T19:29:00+00:00","dateModified":"2023-03-03T16:45:01+00:00","description":"? Le Roo\u00efbos aux \u00e9pices se compose de graines de cardamome, d\u2019\u00e9corces de cannelle, de clou de girofle, de p\u00e9tales de tournesol et de morceaux de vanille","breadcrumb":{"@id":"http:\/\/drbean.ca\/fr\/catalogue\/thes-et-infusions\/rooibos-aux-epices\/#breadcrumb"},"inLanguage":"en-US","potentialAction":[{"@type":"ReadAction","target":["http:\/\/drbean.ca\/fr\/catalogue\/thes-et-infusions\/rooibos-aux-epices\/"]}]},{"@type":"ImageObject","inLanguage":"en-US","@id":"http:\/\/drbean.ca\/fr\/catalogue\/thes-et-infusions\/rooibos-aux-epices\/#primaryimage","url":"https:\/\/drbean.ca\/wp-content\/uploads\/2020\/09\/rooibos-aux-epices-boite-de-15-sachets-voiles-comptoirs-richard-1.jpg","contentUrl":"https:\/\/drbean.ca\/wp-content\/uploads\/2020\/09\/rooibos-aux-epices-boite-de-15-sachets-voiles-comptoirs-richard-1.jpg","width":1200,"height":1200},{"@type":"BreadcrumbList","@id":"http:\/\/drbean.ca\/fr\/catalogue\/thes-et-infusions\/rooibos-aux-epices\/#breadcrumb","itemListElement":[{"@type":"ListItem","position":1,"name":"Accueil","item":"http:\/\/drbean.ca\/fr\/"},{"@type":"ListItem","position":2,"name":"Boutique","item":"http:\/\/drbean.ca\/fr\/boutique\/"},{"@type":"ListItem","position":3,"name":"Rooibos aux \u00e9pices"}]},{"@type":"WebSite","@id":"https:\/\/drbean.ca\/fr\/#website","url":"https:\/\/drbean.ca\/fr\/","name":"Dr Bean","description":"Votre partenaire depuis plus de 15 ans","publisher":{"@id":"https:\/\/drbean.ca\/fr\/#organization"},"potentialAction":[{"@type":"SearchAction","target":{"@type":"EntryPoint","urlTemplate":"https:\/\/drbean.ca\/fr\/?s={search_term_string}"},"query-input":{"@type":"PropertyValueSpecification","valueRequired":true,"valueName":"search_term_string"}}],"inLanguage":"en-US"},{"@type":"Organization","@id":"https:\/\/drbean.ca\/fr\/#organization","name":"Dr Bean","url":"https:\/\/drbean.ca\/fr\/","logo":{"@type":"ImageObject","inLanguage":"en-US","@id":"https:\/\/drbean.ca\/fr\/#\/schema\/logo\/image\/","url":"https:\/\/drbean.ca\/wp-content\/uploads\/2016\/09\/footer_logo.png","contentUrl":"https:\/\/drbean.ca\/wp-content\/uploads\/2016\/09\/footer_logo.png","width":216,"height":192,"caption":"Dr Bean"},"image":{"@id":"https:\/\/drbean.ca\/fr\/#\/schema\/logo\/image\/"},"sameAs":["https:\/\/www.facebook.com\/DRBEANMTL","https:\/\/www.instagram.com\/drbeanmtl\/"]}]}},"_links":{"self":[{"href":"https:\/\/drbean.ca\/en\/wp-json\/wp\/v2\/product\/2081","targetHints":{"allow":["GET"]}}],"collection":[{"href":"https:\/\/drbean.ca\/en\/wp-json\/wp\/v2\/product"}],"about":[{"href":"https:\/\/drbean.ca\/en\/wp-json\/wp\/v2\/types\/product"}],"wp:featuredmedia":[{"embeddable":true,"href":"https:\/\/drbean.ca\/en\/wp-json\/wp\/v2\/media\/2082"}],"wp:attachment":[{"href":"https:\/\/drbean.ca\/en\/wp-json\/wp\/v2\/media?parent=2081"}],"wp:term":[{"taxonomy":"product_cat","embeddable":true,"href":"https:\/\/drbean.ca\/en\/wp-json\/wp\/v2\/product_cat?post=2081"},{"taxonomy":"product_tag","embeddable":true,"href":"https:\/\/drbean.ca\/en\/wp-json\/wp\/v2\/product_tag?post=2081"}],"curies":[{"name":"wp","href":"https:\/\/api.w.org\/{rel}","templated":true}]}}