{"id":2094,"date":"2020-10-05T12:23:32","date_gmt":"2020-10-05T16:23:32","guid":{"rendered":"https:\/\/drbean.ca\/?post_type=product&#038;p=2094"},"modified":"2023-01-19T16:56:12","modified_gmt":"2023-01-19T20:56:12","slug":"eureka-mignon-specialita","status":"publish","type":"product","link":"https:\/\/drbean.ca\/en\/catalogue\/residentiel\/eureka-mignon-specialita\/","title":{"rendered":"Eureka Mignon Specialita"},"content":{"rendered":"<p><iframe title=\"Mignon Specialit\u00e0 - Set Up and Usage\" width=\"1080\" height=\"608\" src=\"https:\/\/www.youtube.com\/embed\/nUFU3gL1n90?feature=oembed\" frameborder=\"0\" allow=\"accelerometer; autoplay; clipboard-write; encrypted-media; gyroscope; picture-in-picture\" allowfullscreen><\/iframe><\/p>\n<h3><strong>CARACTERISTIQUES<\/strong><\/h3>\n<ul>\n<li>Moulin \u00e0 caf\u00e9 automatique<\/li>\n<li>Meules: 55mm plates en acier tremp\u00e9<\/li>\n<li>Capacit\u00e9 tr\u00e9mie: 300g<\/li>\n<li>Ajustement mouture: Microm\u00e9trique \u201cEasy Setting\u201d<\/li>\n<li>Dosage: Minuterie Digitale (2 doses ajustables)<\/li>\n<li>Couleur: Noir, Blanc, Bleu Royal, Rose, Jaune, Vert, Rouge Amaranthe, Orange, Bleu Tiffany, Cuivre Vieilli ou Chrome<\/li>\n<li>Poids net: 5,5 Kg<\/li>\n<\/ul>\n<h3>INFORMATIONS TECHNIQUES<\/h3>\n<ul>\n<li>Carrosserie: Acier Peint et Acier Inoxydable Poli<\/li>\n<li>Dimension: (L x H x P): 12 x 35 x 18 cm<\/li>\n<li>Alimentation: 110V 60Hz 260W<\/li>\n<\/ul>","protected":false},"excerpt":{"rendered":"<h3><strong>CARACTERISTIQUES<\/strong><\/h3>\n<ul>\n<li>Moulin \u00e0 caf\u00e9 automatique<\/li>\n<li>Meules: 55mm plates en acier tremp\u00e9<\/li>\n<li>Capacit\u00e9 tr\u00e9mie: 300g<\/li>\n<li>Ajustement mouture: Microm\u00e9trique \u201cEasy Setting\u201d<\/li>\n<li>Dosage: Minuterie Digitale (2 doses ajustables)<\/li>\n<li>Couleur: Noir, Blanc, Bleu Royal, Rose, Jaune, Vert, Rouge Amaranthe, Orange, Bleu Tiffany, Cuivre Vieilli ou Chrome<\/li>\n<li>Poids net: 5,5 Kg<\/li>\n<\/ul>\n<h3>INFORMATIONS TECHNIQUES<\/h3>\n<ul>\n<li>Carrosserie: Acier Peint et Acier Inoxydable Poli<\/li>\n<li>Dimension: (L x H x P): 12 x 35 x 18 cm<\/li>\n<li>Alimentation: 110V 60Hz 260W<\/li>\n<\/ul>","protected":false},"featured_media":2105,"template":"","meta":{"_et_pb_use_builder":"","_et_pb_old_content":"","om_disable_all_campaigns":false,"_monsterinsights_skip_tracking":false,"_monsterinsights_sitenote_active":false,"_monsterinsights_sitenote_note":"","_monsterinsights_sitenote_category":0},"product_cat":[72,44],"product_tag":[],"class_list":{"0":"post-2094","1":"product","2":"type-product","3":"status-publish","4":"has-post-thumbnail","6":"product_cat-homepage","7":"product_cat-residentiel","9":"first","10":"outofstock","11":"featured","12":"taxable","13":"shipping-taxable","14":"purchasable","15":"product-type-variable"},"aioseo_notices":[],"yoast_head":"<!-- This site is optimized with the Yoast SEO plugin v23.7 - https:\/\/yoast.com\/wordpress\/plugins\/seo\/ -->\n<title>Eureka Mignon Specialita - Dr Bean<\/title>\n<meta name=\"robots\" content=\"index, follow, max-snippet:-1, max-image-preview:large, max-video-preview:-1\" \/>\n<link rel=\"canonical\" href=\"http:\/\/drbean.ca\/en\/catalogue\/residentiel\/eureka-mignon-specialita\/\" \/>\n<meta property=\"og:locale\" content=\"en_US\" \/>\n<meta property=\"og:type\" content=\"article\" \/>\n<meta property=\"og:title\" content=\"Eureka Mignon Specialita - Dr Bean\" \/>\n<meta property=\"og:description\" content=\"CARACTERISTIQUES   Moulin \u00e0 caf\u00e9 automatique  Meules: 55mm plates en acier tremp\u00e9  Capacit\u00e9 tr\u00e9mie: 300g  Ajustement mouture: Microm\u00e9trique \u201cEasy Setting\u201d  Dosage: Minuterie Digitale (2 doses ajustables)  Couleur: Noir, Blanc, Bleu Royal, Rose, Jaune, Vert, Rouge Amaranthe, Orange, Bleu Tiffany, Cuivre Vieilli ou Chrome  Poids net: 5,5 Kg  INFORMATIONS TECHNIQUES   Carrosserie: Acier Peint et Acier Inoxydable Poli  Dimension: (L x H x P): 12 x 35 x 18 cm  Alimentation: 110V 60Hz 260W\" \/>\n<meta property=\"og:url\" content=\"http:\/\/drbean.ca\/en\/catalogue\/residentiel\/eureka-mignon-specialita\/\" \/>\n<meta property=\"og:site_name\" content=\"Dr Bean\" \/>\n<meta property=\"article:publisher\" content=\"https:\/\/www.facebook.com\/DRBEANMTL\" \/>\n<meta property=\"article:modified_time\" content=\"2023-01-19T20:56:12+00:00\" \/>\n<meta property=\"og:image\" content=\"https:\/\/drbean.ca\/wp-content\/uploads\/2020\/10\/mignon-specialit\u00e0-16cr-nero-opaco-600x905.jpg\" \/>\n\t<meta property=\"og:image:width\" content=\"600\" \/>\n\t<meta property=\"og:image:height\" content=\"905\" \/>\n\t<meta property=\"og:image:type\" content=\"image\/jpeg\" \/>\n<meta name=\"twitter:card\" content=\"summary_large_image\" \/>\n<script type=\"application\/ld+json\" class=\"yoast-schema-graph\">{\"@context\":\"https:\/\/schema.org\",\"@graph\":[{\"@type\":\"WebPage\",\"@id\":\"http:\/\/drbean.ca\/fr\/catalogue\/residentiel\/eureka-mignon-specialita\/\",\"url\":\"http:\/\/drbean.ca\/fr\/catalogue\/residentiel\/eureka-mignon-specialita\/\",\"name\":\"Eureka Mignon Specialita - Dr Bean\",\"isPartOf\":{\"@id\":\"https:\/\/drbean.ca\/fr\/#website\"},\"primaryImageOfPage\":{\"@id\":\"http:\/\/drbean.ca\/fr\/catalogue\/residentiel\/eureka-mignon-specialita\/#primaryimage\"},\"image\":{\"@id\":\"http:\/\/drbean.ca\/fr\/catalogue\/residentiel\/eureka-mignon-specialita\/#primaryimage\"},\"thumbnailUrl\":\"https:\/\/drbean.ca\/wp-content\/uploads\/2020\/10\/mignon-specialit\u00e0-16cr-nero-opaco-600x905.jpg\",\"datePublished\":\"2020-10-05T16:23:32+00:00\",\"dateModified\":\"2023-01-19T20:56:12+00:00\",\"breadcrumb\":{\"@id\":\"http:\/\/drbean.ca\/fr\/catalogue\/residentiel\/eureka-mignon-specialita\/#breadcrumb\"},\"inLanguage\":\"en-US\",\"potentialAction\":[{\"@type\":\"ReadAction\",\"target\":[\"http:\/\/drbean.ca\/fr\/catalogue\/residentiel\/eureka-mignon-specialita\/\"]}]},{\"@type\":\"ImageObject\",\"inLanguage\":\"en-US\",\"@id\":\"http:\/\/drbean.ca\/fr\/catalogue\/residentiel\/eureka-mignon-specialita\/#primaryimage\",\"url\":\"https:\/\/drbean.ca\/wp-content\/uploads\/2020\/10\/mignon-specialit\u00e0-16cr-nero-opaco-600x905.jpg\",\"contentUrl\":\"https:\/\/drbean.ca\/wp-content\/uploads\/2020\/10\/mignon-specialit\u00e0-16cr-nero-opaco-600x905.jpg\",\"width\":600,\"height\":905},{\"@type\":\"BreadcrumbList\",\"@id\":\"http:\/\/drbean.ca\/fr\/catalogue\/residentiel\/eureka-mignon-specialita\/#breadcrumb\",\"itemListElement\":[{\"@type\":\"ListItem\",\"position\":1,\"name\":\"Accueil\",\"item\":\"http:\/\/drbean.ca\/fr\/\"},{\"@type\":\"ListItem\",\"position\":2,\"name\":\"Boutique\",\"item\":\"http:\/\/drbean.ca\/fr\/boutique\/\"},{\"@type\":\"ListItem\",\"position\":3,\"name\":\"Eureka Mignon Specialita\"}]},{\"@type\":\"WebSite\",\"@id\":\"https:\/\/drbean.ca\/fr\/#website\",\"url\":\"https:\/\/drbean.ca\/fr\/\",\"name\":\"Dr Bean\",\"description\":\"Votre partenaire depuis plus de 15 ans\",\"publisher\":{\"@id\":\"https:\/\/drbean.ca\/fr\/#organization\"},\"potentialAction\":[{\"@type\":\"SearchAction\",\"target\":{\"@type\":\"EntryPoint\",\"urlTemplate\":\"https:\/\/drbean.ca\/fr\/?s={search_term_string}\"},\"query-input\":{\"@type\":\"PropertyValueSpecification\",\"valueRequired\":true,\"valueName\":\"search_term_string\"}}],\"inLanguage\":\"en-US\"},{\"@type\":\"Organization\",\"@id\":\"https:\/\/drbean.ca\/fr\/#organization\",\"name\":\"Dr Bean\",\"url\":\"https:\/\/drbean.ca\/fr\/\",\"logo\":{\"@type\":\"ImageObject\",\"inLanguage\":\"en-US\",\"@id\":\"https:\/\/drbean.ca\/fr\/#\/schema\/logo\/image\/\",\"url\":\"https:\/\/drbean.ca\/wp-content\/uploads\/2016\/09\/footer_logo.png\",\"contentUrl\":\"https:\/\/drbean.ca\/wp-content\/uploads\/2016\/09\/footer_logo.png\",\"width\":216,\"height\":192,\"caption\":\"Dr Bean\"},\"image\":{\"@id\":\"https:\/\/drbean.ca\/fr\/#\/schema\/logo\/image\/\"},\"sameAs\":[\"https:\/\/www.facebook.com\/DRBEANMTL\",\"https:\/\/www.instagram.com\/drbeanmtl\/\"]}]}<\/script>\n<!-- \/ Yoast SEO plugin. -->","yoast_head_json":{"title":"Eureka Mignon Specialita - Dr Bean","robots":{"index":"index","follow":"follow","max-snippet":"max-snippet:-1","max-image-preview":"max-image-preview:large","max-video-preview":"max-video-preview:-1"},"canonical":"http:\/\/drbean.ca\/en\/catalogue\/residentiel\/eureka-mignon-specialita\/","og_locale":"en_US","og_type":"article","og_title":"Eureka Mignon Specialita - Dr Bean","og_description":"CARACTERISTIQUES   Moulin \u00e0 caf\u00e9 automatique  Meules: 55mm plates en acier tremp\u00e9  Capacit\u00e9 tr\u00e9mie: 300g  Ajustement mouture: Microm\u00e9trique \u201cEasy Setting\u201d  Dosage: Minuterie Digitale (2 doses ajustables)  Couleur: Noir, Blanc, Bleu Royal, Rose, Jaune, Vert, Rouge Amaranthe, Orange, Bleu Tiffany, Cuivre Vieilli ou Chrome  Poids net: 5,5 Kg  INFORMATIONS TECHNIQUES   Carrosserie: Acier Peint et Acier Inoxydable Poli  Dimension: (L x H x P): 12 x 35 x 18 cm  Alimentation: 110V 60Hz 260W","og_url":"http:\/\/drbean.ca\/en\/catalogue\/residentiel\/eureka-mignon-specialita\/","og_site_name":"Dr Bean","article_publisher":"https:\/\/www.facebook.com\/DRBEANMTL","article_modified_time":"2023-01-19T20:56:12+00:00","og_image":[{"width":600,"height":905,"url":"https:\/\/drbean.ca\/wp-content\/uploads\/2020\/10\/mignon-specialit\u00e0-16cr-nero-opaco-600x905.jpg","type":"image\/jpeg"}],"twitter_card":"summary_large_image","schema":{"@context":"https:\/\/schema.org","@graph":[{"@type":"WebPage","@id":"http:\/\/drbean.ca\/fr\/catalogue\/residentiel\/eureka-mignon-specialita\/","url":"http:\/\/drbean.ca\/fr\/catalogue\/residentiel\/eureka-mignon-specialita\/","name":"Eureka Mignon Specialita - Dr Bean","isPartOf":{"@id":"https:\/\/drbean.ca\/fr\/#website"},"primaryImageOfPage":{"@id":"http:\/\/drbean.ca\/fr\/catalogue\/residentiel\/eureka-mignon-specialita\/#primaryimage"},"image":{"@id":"http:\/\/drbean.ca\/fr\/catalogue\/residentiel\/eureka-mignon-specialita\/#primaryimage"},"thumbnailUrl":"https:\/\/drbean.ca\/wp-content\/uploads\/2020\/10\/mignon-specialit\u00e0-16cr-nero-opaco-600x905.jpg","datePublished":"2020-10-05T16:23:32+00:00","dateModified":"2023-01-19T20:56:12+00:00","breadcrumb":{"@id":"http:\/\/drbean.ca\/fr\/catalogue\/residentiel\/eureka-mignon-specialita\/#breadcrumb"},"inLanguage":"en-US","potentialAction":[{"@type":"ReadAction","target":["http:\/\/drbean.ca\/fr\/catalogue\/residentiel\/eureka-mignon-specialita\/"]}]},{"@type":"ImageObject","inLanguage":"en-US","@id":"http:\/\/drbean.ca\/fr\/catalogue\/residentiel\/eureka-mignon-specialita\/#primaryimage","url":"https:\/\/drbean.ca\/wp-content\/uploads\/2020\/10\/mignon-specialit\u00e0-16cr-nero-opaco-600x905.jpg","contentUrl":"https:\/\/drbean.ca\/wp-content\/uploads\/2020\/10\/mignon-specialit\u00e0-16cr-nero-opaco-600x905.jpg","width":600,"height":905},{"@type":"BreadcrumbList","@id":"http:\/\/drbean.ca\/fr\/catalogue\/residentiel\/eureka-mignon-specialita\/#breadcrumb","itemListElement":[{"@type":"ListItem","position":1,"name":"Accueil","item":"http:\/\/drbean.ca\/fr\/"},{"@type":"ListItem","position":2,"name":"Boutique","item":"http:\/\/drbean.ca\/fr\/boutique\/"},{"@type":"ListItem","position":3,"name":"Eureka Mignon Specialita"}]},{"@type":"WebSite","@id":"https:\/\/drbean.ca\/fr\/#website","url":"https:\/\/drbean.ca\/fr\/","name":"Dr Bean","description":"Votre partenaire depuis plus de 15 ans","publisher":{"@id":"https:\/\/drbean.ca\/fr\/#organization"},"potentialAction":[{"@type":"SearchAction","target":{"@type":"EntryPoint","urlTemplate":"https:\/\/drbean.ca\/fr\/?s={search_term_string}"},"query-input":{"@type":"PropertyValueSpecification","valueRequired":true,"valueName":"search_term_string"}}],"inLanguage":"en-US"},{"@type":"Organization","@id":"https:\/\/drbean.ca\/fr\/#organization","name":"Dr Bean","url":"https:\/\/drbean.ca\/fr\/","logo":{"@type":"ImageObject","inLanguage":"en-US","@id":"https:\/\/drbean.ca\/fr\/#\/schema\/logo\/image\/","url":"https:\/\/drbean.ca\/wp-content\/uploads\/2016\/09\/footer_logo.png","contentUrl":"https:\/\/drbean.ca\/wp-content\/uploads\/2016\/09\/footer_logo.png","width":216,"height":192,"caption":"Dr Bean"},"image":{"@id":"https:\/\/drbean.ca\/fr\/#\/schema\/logo\/image\/"},"sameAs":["https:\/\/www.facebook.com\/DRBEANMTL","https:\/\/www.instagram.com\/drbeanmtl\/"]}]}},"_links":{"self":[{"href":"https:\/\/drbean.ca\/en\/wp-json\/wp\/v2\/product\/2094","targetHints":{"allow":["GET"]}}],"collection":[{"href":"https:\/\/drbean.ca\/en\/wp-json\/wp\/v2\/product"}],"about":[{"href":"https:\/\/drbean.ca\/en\/wp-json\/wp\/v2\/types\/product"}],"wp:featuredmedia":[{"embeddable":true,"href":"https:\/\/drbean.ca\/en\/wp-json\/wp\/v2\/media\/2105"}],"wp:attachment":[{"href":"https:\/\/drbean.ca\/en\/wp-json\/wp\/v2\/media?parent=2094"}],"wp:term":[{"taxonomy":"product_cat","embeddable":true,"href":"https:\/\/drbean.ca\/en\/wp-json\/wp\/v2\/product_cat?post=2094"},{"taxonomy":"product_tag","embeddable":true,"href":"https:\/\/drbean.ca\/en\/wp-json\/wp\/v2\/product_tag?post=2094"}],"curies":[{"name":"wp","href":"https:\/\/api.w.org\/{rel}","templated":true}]}}