{"id":2346,"date":"2020-12-09T14:18:22","date_gmt":"2020-12-09T18:18:22","guid":{"rendered":"https:\/\/drbean.ca\/?post_type=product&#038;p=2346"},"modified":"2023-01-19T16:54:52","modified_gmt":"2023-01-19T20:54:52","slug":"bac-a-marc-joefrex","status":"publish","type":"product","link":"https:\/\/drbean.ca\/en\/catalogue\/accessoires\/bac-a-marc-joefrex\/","title":{"rendered":"Bac \u00e0 marc JoeFrex"},"content":{"rendered":"","protected":false},"excerpt":{"rendered":"<p>C&rsquo;est le produit que JoeFrex a lanc\u00e9 en 1996 et c&rsquo;\u00e9tait probablement l&rsquo;une des premi\u00e8res bo\u00eetes de frappe qui ont \u00e9t\u00e9 con\u00e7ues. Leur populaire Knockbox Classic combine un design \u00e9l\u00e9gant et un minimalisme avec une manipulation et un nettoyage faciles. Le corps en bois robuste abrite le conteneur en PVC int\u00e9gr\u00e9, qui se soul\u00e8ve simplement en soulevant la barre de frappe pour une \u00e9limination et un nettoyage rapides.<\/p>","protected":false},"featured_media":2342,"template":"","meta":{"_et_pb_use_builder":"","_et_pb_old_content":"","om_disable_all_campaigns":false,"_monsterinsights_skip_tracking":false,"_monsterinsights_sitenote_active":false,"_monsterinsights_sitenote_note":"","_monsterinsights_sitenote_category":0},"product_cat":[77],"product_tag":[],"class_list":{"0":"post-2346","1":"product","2":"type-product","3":"status-publish","4":"has-post-thumbnail","6":"product_cat-accessoires","8":"first","9":"instock","10":"taxable","11":"shipping-taxable","12":"purchasable","13":"product-type-simple"},"aioseo_notices":[],"yoast_head":"<!-- This site is optimized with the Yoast SEO plugin v23.7 - https:\/\/yoast.com\/wordpress\/plugins\/seo\/ -->\n<title>Bac \u00e0 marc JoeFrex - Dr Bean<\/title>\n<meta name=\"robots\" content=\"index, follow, max-snippet:-1, max-image-preview:large, max-video-preview:-1\" \/>\n<link rel=\"canonical\" href=\"http:\/\/drbean.ca\/en\/catalogue\/accessoires\/bac-a-marc-joefrex\/\" \/>\n<meta property=\"og:locale\" content=\"en_US\" \/>\n<meta property=\"og:type\" content=\"article\" \/>\n<meta property=\"og:title\" content=\"Bac \u00e0 marc JoeFrex - Dr Bean\" \/>\n<meta property=\"og:description\" content=\"C&#039;est le produit que JoeFrex a lanc\u00e9 en 1996 et c&#039;\u00e9tait probablement l&#039;une des premi\u00e8res bo\u00eetes de frappe qui ont \u00e9t\u00e9 con\u00e7ues. Leur populaire Knockbox Classic combine un design \u00e9l\u00e9gant et un minimalisme avec une manipulation et un nettoyage faciles. Le corps en bois robuste abrite le conteneur en PVC int\u00e9gr\u00e9, qui se soul\u00e8ve simplement en soulevant la barre de frappe pour une \u00e9limination et un nettoyage rapides.\" \/>\n<meta property=\"og:url\" content=\"http:\/\/drbean.ca\/en\/catalogue\/accessoires\/bac-a-marc-joefrex\/\" \/>\n<meta property=\"og:site_name\" content=\"Dr Bean\" \/>\n<meta property=\"article:publisher\" content=\"https:\/\/www.facebook.com\/DRBEANMTL\" \/>\n<meta property=\"article:modified_time\" content=\"2023-01-19T20:54:52+00:00\" \/>\n<meta property=\"og:image\" content=\"https:\/\/drbean.ca\/wp-content\/uploads\/2020\/12\/IMG_1875-1024x768.jpg\" \/>\n\t<meta property=\"og:image:width\" content=\"1024\" \/>\n\t<meta property=\"og:image:height\" content=\"768\" \/>\n\t<meta property=\"og:image:type\" content=\"image\/jpeg\" \/>\n<meta name=\"twitter:card\" content=\"summary_large_image\" \/>\n<script type=\"application\/ld+json\" class=\"yoast-schema-graph\">{\"@context\":\"https:\/\/schema.org\",\"@graph\":[{\"@type\":\"WebPage\",\"@id\":\"http:\/\/drbean.ca\/fr\/catalogue\/accessoires\/bac-a-marc-joefrex\/\",\"url\":\"http:\/\/drbean.ca\/fr\/catalogue\/accessoires\/bac-a-marc-joefrex\/\",\"name\":\"Bac \u00e0 marc JoeFrex - Dr Bean\",\"isPartOf\":{\"@id\":\"https:\/\/drbean.ca\/fr\/#website\"},\"primaryImageOfPage\":{\"@id\":\"http:\/\/drbean.ca\/fr\/catalogue\/accessoires\/bac-a-marc-joefrex\/#primaryimage\"},\"image\":{\"@id\":\"http:\/\/drbean.ca\/fr\/catalogue\/accessoires\/bac-a-marc-joefrex\/#primaryimage\"},\"thumbnailUrl\":\"https:\/\/drbean.ca\/wp-content\/uploads\/2020\/12\/IMG_1875.jpg\",\"datePublished\":\"2020-12-09T18:18:22+00:00\",\"dateModified\":\"2023-01-19T20:54:52+00:00\",\"breadcrumb\":{\"@id\":\"http:\/\/drbean.ca\/fr\/catalogue\/accessoires\/bac-a-marc-joefrex\/#breadcrumb\"},\"inLanguage\":\"en-US\",\"potentialAction\":[{\"@type\":\"ReadAction\",\"target\":[\"http:\/\/drbean.ca\/fr\/catalogue\/accessoires\/bac-a-marc-joefrex\/\"]}]},{\"@type\":\"ImageObject\",\"inLanguage\":\"en-US\",\"@id\":\"http:\/\/drbean.ca\/fr\/catalogue\/accessoires\/bac-a-marc-joefrex\/#primaryimage\",\"url\":\"https:\/\/drbean.ca\/wp-content\/uploads\/2020\/12\/IMG_1875.jpg\",\"contentUrl\":\"https:\/\/drbean.ca\/wp-content\/uploads\/2020\/12\/IMG_1875.jpg\",\"width\":4032,\"height\":3024},{\"@type\":\"BreadcrumbList\",\"@id\":\"http:\/\/drbean.ca\/fr\/catalogue\/accessoires\/bac-a-marc-joefrex\/#breadcrumb\",\"itemListElement\":[{\"@type\":\"ListItem\",\"position\":1,\"name\":\"Accueil\",\"item\":\"http:\/\/drbean.ca\/fr\/\"},{\"@type\":\"ListItem\",\"position\":2,\"name\":\"Boutique\",\"item\":\"http:\/\/drbean.ca\/fr\/boutique\/\"},{\"@type\":\"ListItem\",\"position\":3,\"name\":\"Bac \u00e0 marc JoeFrex\"}]},{\"@type\":\"WebSite\",\"@id\":\"https:\/\/drbean.ca\/fr\/#website\",\"url\":\"https:\/\/drbean.ca\/fr\/\",\"name\":\"Dr Bean\",\"description\":\"Votre partenaire depuis plus de 15 ans\",\"publisher\":{\"@id\":\"https:\/\/drbean.ca\/fr\/#organization\"},\"potentialAction\":[{\"@type\":\"SearchAction\",\"target\":{\"@type\":\"EntryPoint\",\"urlTemplate\":\"https:\/\/drbean.ca\/fr\/?s={search_term_string}\"},\"query-input\":{\"@type\":\"PropertyValueSpecification\",\"valueRequired\":true,\"valueName\":\"search_term_string\"}}],\"inLanguage\":\"en-US\"},{\"@type\":\"Organization\",\"@id\":\"https:\/\/drbean.ca\/fr\/#organization\",\"name\":\"Dr Bean\",\"url\":\"https:\/\/drbean.ca\/fr\/\",\"logo\":{\"@type\":\"ImageObject\",\"inLanguage\":\"en-US\",\"@id\":\"https:\/\/drbean.ca\/fr\/#\/schema\/logo\/image\/\",\"url\":\"https:\/\/drbean.ca\/wp-content\/uploads\/2016\/09\/footer_logo.png\",\"contentUrl\":\"https:\/\/drbean.ca\/wp-content\/uploads\/2016\/09\/footer_logo.png\",\"width\":216,\"height\":192,\"caption\":\"Dr Bean\"},\"image\":{\"@id\":\"https:\/\/drbean.ca\/fr\/#\/schema\/logo\/image\/\"},\"sameAs\":[\"https:\/\/www.facebook.com\/DRBEANMTL\",\"https:\/\/www.instagram.com\/drbeanmtl\/\"]}]}<\/script>\n<!-- \/ Yoast SEO plugin. -->","yoast_head_json":{"title":"Bac \u00e0 marc JoeFrex - Dr Bean","robots":{"index":"index","follow":"follow","max-snippet":"max-snippet:-1","max-image-preview":"max-image-preview:large","max-video-preview":"max-video-preview:-1"},"canonical":"http:\/\/drbean.ca\/en\/catalogue\/accessoires\/bac-a-marc-joefrex\/","og_locale":"en_US","og_type":"article","og_title":"Bac \u00e0 marc JoeFrex - Dr Bean","og_description":"C'est le produit que JoeFrex a lanc\u00e9 en 1996 et c'\u00e9tait probablement l'une des premi\u00e8res bo\u00eetes de frappe qui ont \u00e9t\u00e9 con\u00e7ues. Leur populaire Knockbox Classic combine un design \u00e9l\u00e9gant et un minimalisme avec une manipulation et un nettoyage faciles. Le corps en bois robuste abrite le conteneur en PVC int\u00e9gr\u00e9, qui se soul\u00e8ve simplement en soulevant la barre de frappe pour une \u00e9limination et un nettoyage rapides.","og_url":"http:\/\/drbean.ca\/en\/catalogue\/accessoires\/bac-a-marc-joefrex\/","og_site_name":"Dr Bean","article_publisher":"https:\/\/www.facebook.com\/DRBEANMTL","article_modified_time":"2023-01-19T20:54:52+00:00","og_image":[{"width":1024,"height":768,"url":"https:\/\/drbean.ca\/wp-content\/uploads\/2020\/12\/IMG_1875-1024x768.jpg","type":"image\/jpeg"}],"twitter_card":"summary_large_image","schema":{"@context":"https:\/\/schema.org","@graph":[{"@type":"WebPage","@id":"http:\/\/drbean.ca\/fr\/catalogue\/accessoires\/bac-a-marc-joefrex\/","url":"http:\/\/drbean.ca\/fr\/catalogue\/accessoires\/bac-a-marc-joefrex\/","name":"Bac \u00e0 marc JoeFrex - Dr Bean","isPartOf":{"@id":"https:\/\/drbean.ca\/fr\/#website"},"primaryImageOfPage":{"@id":"http:\/\/drbean.ca\/fr\/catalogue\/accessoires\/bac-a-marc-joefrex\/#primaryimage"},"image":{"@id":"http:\/\/drbean.ca\/fr\/catalogue\/accessoires\/bac-a-marc-joefrex\/#primaryimage"},"thumbnailUrl":"https:\/\/drbean.ca\/wp-content\/uploads\/2020\/12\/IMG_1875.jpg","datePublished":"2020-12-09T18:18:22+00:00","dateModified":"2023-01-19T20:54:52+00:00","breadcrumb":{"@id":"http:\/\/drbean.ca\/fr\/catalogue\/accessoires\/bac-a-marc-joefrex\/#breadcrumb"},"inLanguage":"en-US","potentialAction":[{"@type":"ReadAction","target":["http:\/\/drbean.ca\/fr\/catalogue\/accessoires\/bac-a-marc-joefrex\/"]}]},{"@type":"ImageObject","inLanguage":"en-US","@id":"http:\/\/drbean.ca\/fr\/catalogue\/accessoires\/bac-a-marc-joefrex\/#primaryimage","url":"https:\/\/drbean.ca\/wp-content\/uploads\/2020\/12\/IMG_1875.jpg","contentUrl":"https:\/\/drbean.ca\/wp-content\/uploads\/2020\/12\/IMG_1875.jpg","width":4032,"height":3024},{"@type":"BreadcrumbList","@id":"http:\/\/drbean.ca\/fr\/catalogue\/accessoires\/bac-a-marc-joefrex\/#breadcrumb","itemListElement":[{"@type":"ListItem","position":1,"name":"Accueil","item":"http:\/\/drbean.ca\/fr\/"},{"@type":"ListItem","position":2,"name":"Boutique","item":"http:\/\/drbean.ca\/fr\/boutique\/"},{"@type":"ListItem","position":3,"name":"Bac \u00e0 marc JoeFrex"}]},{"@type":"WebSite","@id":"https:\/\/drbean.ca\/fr\/#website","url":"https:\/\/drbean.ca\/fr\/","name":"Dr Bean","description":"Votre partenaire depuis plus de 15 ans","publisher":{"@id":"https:\/\/drbean.ca\/fr\/#organization"},"potentialAction":[{"@type":"SearchAction","target":{"@type":"EntryPoint","urlTemplate":"https:\/\/drbean.ca\/fr\/?s={search_term_string}"},"query-input":{"@type":"PropertyValueSpecification","valueRequired":true,"valueName":"search_term_string"}}],"inLanguage":"en-US"},{"@type":"Organization","@id":"https:\/\/drbean.ca\/fr\/#organization","name":"Dr Bean","url":"https:\/\/drbean.ca\/fr\/","logo":{"@type":"ImageObject","inLanguage":"en-US","@id":"https:\/\/drbean.ca\/fr\/#\/schema\/logo\/image\/","url":"https:\/\/drbean.ca\/wp-content\/uploads\/2016\/09\/footer_logo.png","contentUrl":"https:\/\/drbean.ca\/wp-content\/uploads\/2016\/09\/footer_logo.png","width":216,"height":192,"caption":"Dr Bean"},"image":{"@id":"https:\/\/drbean.ca\/fr\/#\/schema\/logo\/image\/"},"sameAs":["https:\/\/www.facebook.com\/DRBEANMTL","https:\/\/www.instagram.com\/drbeanmtl\/"]}]}},"_links":{"self":[{"href":"https:\/\/drbean.ca\/en\/wp-json\/wp\/v2\/product\/2346","targetHints":{"allow":["GET"]}}],"collection":[{"href":"https:\/\/drbean.ca\/en\/wp-json\/wp\/v2\/product"}],"about":[{"href":"https:\/\/drbean.ca\/en\/wp-json\/wp\/v2\/types\/product"}],"wp:featuredmedia":[{"embeddable":true,"href":"https:\/\/drbean.ca\/en\/wp-json\/wp\/v2\/media\/2342"}],"wp:attachment":[{"href":"https:\/\/drbean.ca\/en\/wp-json\/wp\/v2\/media?parent=2346"}],"wp:term":[{"taxonomy":"product_cat","embeddable":true,"href":"https:\/\/drbean.ca\/en\/wp-json\/wp\/v2\/product_cat?post=2346"},{"taxonomy":"product_tag","embeddable":true,"href":"https:\/\/drbean.ca\/en\/wp-json\/wp\/v2\/product_tag?post=2346"}],"curies":[{"name":"wp","href":"https:\/\/api.w.org\/{rel}","templated":true}]}}