{"id":2391,"date":"2021-03-12T10:36:47","date_gmt":"2021-03-12T14:36:47","guid":{"rendered":"https:\/\/drbean.ca\/?post_type=product&#038;p=2391"},"modified":"2023-01-19T16:55:23","modified_gmt":"2023-01-19T20:55:23","slug":"ascaso-dream-pid","status":"publish","type":"product","link":"https:\/\/drbean.ca\/en\/catalogue\/residentiel\/ascaso-dream-pid\/","title":{"rendered":"Ascaso Dream PID"},"content":{"rendered":"<p><span class=\"PBLongTxt\">Machine \u00e0 caf\u00e9 expresso r\u00e9tro\u00a0 avec laquelle vous pouvez utiliser du caf\u00e9 moulu ou un POD. <\/span>La Dream d&rsquo; Ascaso est \u00e9quip\u00e9e d&rsquo;un syst\u00e8me de chauffe par thermoblock (pour une temp\u00e9rature constante), d&rsquo;une \u00e9lectrovanne commerciale, d&rsquo;une pompe 16 bars avec ajustement de pression et deux diffuseurs vapeur selon votre usage.<\/p>\n<p>Cette machine \u00e0 caf\u00e9 expresso fournit une extraction de qualit\u00e9 professionnelle\u00a0 avec une grande simplicit\u00e9 pour un usage quotidien. Le petit manom\u00e8tre en fa\u00e7ade vous permet de visualiser la temp\u00e9rature du\u00a0 thermoblock.<\/p>\n<p>&nbsp;<\/p>\n<p>Cette machine est dot\u00e9e d&rsquo;une coque aluminium ce qui lui conf\u00e8re une long\u00e9vit\u00e9 exceptionnelle.<\/p>\n<p>&nbsp;<\/p>\n<p>&#8211; Dimensions:\u00a013.25\u201d x 11.25\u201d x 9.5\u201d<\/p>\n<p>&#8211; Fabrique en Espagne<\/p>\n<p>&nbsp;<\/p>\n<p><span class=\"PBLongTxt\">Robuste<br \/>\nTrois commutateurs en m\u00e9tal pour une machine robuste.\u00a01 pour la mise en marche (centre), 1 pour l&rsquo;expresso (droite), le troisi\u00e8me\u00a0pour la vapeur(gauche).<\/span><\/p>\n<p><span class=\"PBLongTxt\">\u00a0<\/span><\/p>\n<p><span class=\"PBLongTxt\">Chauffe tasses<br \/>\nInspir\u00e9 des machines \u00e0 caf\u00e9 professionnelles de bar, le chauffe-tasses\u00a0vous permet de garder les tasses \u00e0 la bonne temp\u00e9rature (50\u00b0C).<\/span><\/p>\n<p><span class=\"PBLongTxt\">\u00a0<\/span><\/p>\n<p><span class=\"PBLongTxt\">Tube vapeur<br \/>\nLe tube vapeur permet de mousser facilement gr\u00e2ce \u00e0 son embout sp\u00e9cial cappuccino. Vous pourrez \u00e9galement l&rsquo;utiliser pour distribuer de l&rsquo;eau chaude.<\/span><\/p>\n<p><span class=\"PBLongTxt\">\u00a0<\/span><\/p>\n<p><span class=\"PBLongTxt\">Qualit\u00e9 professionnelle<br \/>\nUn porte-filtre en laiton chrom\u00e9 \u00e9quip\u00e9 d&rsquo;une poign\u00e9e ergonomique pour recevoir les filtres Supercream 1 et 2 tasses. Vous avez la garantie d&rsquo;un caf\u00e9 cr\u00e9meux \u00e0 chaque fois.<\/span><\/p>\n<p>&nbsp;<\/p>\n<p><strong>Avantage<\/strong><\/p>\n<p><strong>Eau propre. <\/strong>Ici, elle est constamment renouvel\u00e9 et propre pour chaque caf\u00e9. Le go\u00fbt et l&rsquo;odeur du caf\u00e9 ne sont pas affect\u00e9s. Comme l&rsquo;eau ne reste pas dans la chaudi\u00e8re, \u00e9tant constamment r\u00e9chauff\u00e9e, la qualit\u00e9 n&rsquo;est pas affect\u00e9e.<\/p>\n<p><strong>Stabilit\u00e9 thermique<\/strong>. La qualit\u00e9 en tasse. Gr\u00e2ce \u00e0 sa grande capacit\u00e9 et \u00e0 sa conduite interne de plus d&rsquo;un m\u00e8tre de long. Optimis\u00e9 avec le contr\u00f4le \u00e9lectronique de la temp\u00e9rature<\/p>\n<p><strong>100% alimentaire<\/strong>. Circuit d&rsquo;eau en acier inoxydable AISI 316. Aucune migration de m\u00e9tal dans l&rsquo;eau.<\/p>\n<p><strong>Moins d&rsquo;accumulation de calcaire.<\/strong> Le circuit en acier inoxydable facile \u00e0 nettoyer r\u00e9duit l&rsquo;accumulation de calcaire.<\/p>\n<p><strong>Vapeur. Approvisionnement illimit\u00e9 en vapeur.<\/strong> Pression constante. Aucun dommage \u00e0 l&rsquo;\u00e9l\u00e9ment chauffant caus\u00e9 par des niveaux d&rsquo;eau bas. Fiabilit\u00e9 et qualit\u00e9.<\/p>\n<p>&nbsp;<\/p>","protected":false},"excerpt":{"rendered":"<p><strong>Chez Dr Bean nous avons d\u00e9cid\u00e9 d&rsquo;importer ce mod\u00e8le d&rsquo; Ascaso Dream\u00a0 avec la poign\u00e9e portefiltre\u00a0 ainsi que la manette robinet en bois et non en plastique.<\/strong><\/p>\n<p>Nous avons aussi inclus un tapis en caoutchouc et un monte lait de fa\u00e7on \u00e0 am\u00e9liorer votre exp\u00e9rience espresso.<\/p>\n<p>&nbsp;<\/p>","protected":false},"featured_media":2395,"template":"","meta":{"_et_pb_use_builder":"","_et_pb_old_content":"","om_disable_all_campaigns":false,"_monsterinsights_skip_tracking":false,"_monsterinsights_sitenote_active":false,"_monsterinsights_sitenote_note":"","_monsterinsights_sitenote_category":0},"product_cat":[72,44],"product_tag":[],"class_list":{"0":"post-2391","1":"product","2":"type-product","3":"status-publish","4":"has-post-thumbnail","6":"product_cat-homepage","7":"product_cat-residentiel","9":"first","10":"instock","11":"featured","12":"taxable","13":"shipping-taxable","14":"purchasable","15":"product-type-variable"},"aioseo_notices":[],"yoast_head":"<!-- This site is optimized with the Yoast SEO plugin v23.7 - https:\/\/yoast.com\/wordpress\/plugins\/seo\/ -->\n<title>Ascaso Dream PID - Dr Bean<\/title>\n<meta name=\"robots\" content=\"index, follow, max-snippet:-1, max-image-preview:large, max-video-preview:-1\" \/>\n<link rel=\"canonical\" href=\"http:\/\/drbean.ca\/en\/catalogue\/residentiel\/ascaso-dream-pid\/\" \/>\n<meta property=\"og:locale\" content=\"en_US\" \/>\n<meta property=\"og:type\" content=\"article\" \/>\n<meta property=\"og:title\" content=\"Ascaso Dream PID - Dr Bean\" \/>\n<meta property=\"og:description\" content=\"Chez Dr Bean nous avons d\u00e9cid\u00e9 d&#039;importer ce mod\u00e8le d&#039; Ascaso Dream\u00a0 avec la poign\u00e9e portefiltre\u00a0 ainsi que la manette robinet en bois et non en plastique.  Nous avons aussi inclus un tapis en caoutchouc et un monte lait de fa\u00e7on \u00e0 am\u00e9liorer votre exp\u00e9rience espresso.  &nbsp;\" \/>\n<meta property=\"og:url\" content=\"http:\/\/drbean.ca\/en\/catalogue\/residentiel\/ascaso-dream-pid\/\" \/>\n<meta property=\"og:site_name\" content=\"Dr Bean\" \/>\n<meta property=\"article:publisher\" content=\"https:\/\/www.facebook.com\/DRBEANMTL\" \/>\n<meta property=\"article:modified_time\" content=\"2023-01-19T20:55:23+00:00\" \/>\n<meta property=\"og:image\" content=\"https:\/\/drbean.ca\/wp-content\/uploads\/2021\/03\/DREAM-PID-001-antracita-1024x1024.png\" \/>\n\t<meta property=\"og:image:width\" content=\"1024\" \/>\n\t<meta property=\"og:image:height\" content=\"1024\" \/>\n\t<meta property=\"og:image:type\" content=\"image\/png\" \/>\n<meta name=\"twitter:card\" content=\"summary_large_image\" \/>\n<meta name=\"twitter:label1\" content=\"Est. reading time\" \/>\n\t<meta name=\"twitter:data1\" content=\"2 minutes\" \/>\n<script type=\"application\/ld+json\" class=\"yoast-schema-graph\">{\"@context\":\"https:\/\/schema.org\",\"@graph\":[{\"@type\":\"WebPage\",\"@id\":\"http:\/\/drbean.ca\/fr\/catalogue\/residentiel\/ascaso-dream-pid\/\",\"url\":\"http:\/\/drbean.ca\/fr\/catalogue\/residentiel\/ascaso-dream-pid\/\",\"name\":\"Ascaso Dream PID - Dr Bean\",\"isPartOf\":{\"@id\":\"https:\/\/drbean.ca\/fr\/#website\"},\"primaryImageOfPage\":{\"@id\":\"http:\/\/drbean.ca\/fr\/catalogue\/residentiel\/ascaso-dream-pid\/#primaryimage\"},\"image\":{\"@id\":\"http:\/\/drbean.ca\/fr\/catalogue\/residentiel\/ascaso-dream-pid\/#primaryimage\"},\"thumbnailUrl\":\"https:\/\/drbean.ca\/wp-content\/uploads\/2021\/03\/DREAM-PID-001-antracita.png\",\"datePublished\":\"2021-03-12T14:36:47+00:00\",\"dateModified\":\"2023-01-19T20:55:23+00:00\",\"breadcrumb\":{\"@id\":\"http:\/\/drbean.ca\/fr\/catalogue\/residentiel\/ascaso-dream-pid\/#breadcrumb\"},\"inLanguage\":\"en-US\",\"potentialAction\":[{\"@type\":\"ReadAction\",\"target\":[\"http:\/\/drbean.ca\/fr\/catalogue\/residentiel\/ascaso-dream-pid\/\"]}]},{\"@type\":\"ImageObject\",\"inLanguage\":\"en-US\",\"@id\":\"http:\/\/drbean.ca\/fr\/catalogue\/residentiel\/ascaso-dream-pid\/#primaryimage\",\"url\":\"https:\/\/drbean.ca\/wp-content\/uploads\/2021\/03\/DREAM-PID-001-antracita.png\",\"contentUrl\":\"https:\/\/drbean.ca\/wp-content\/uploads\/2021\/03\/DREAM-PID-001-antracita.png\",\"width\":3072,\"height\":3072},{\"@type\":\"BreadcrumbList\",\"@id\":\"http:\/\/drbean.ca\/fr\/catalogue\/residentiel\/ascaso-dream-pid\/#breadcrumb\",\"itemListElement\":[{\"@type\":\"ListItem\",\"position\":1,\"name\":\"Accueil\",\"item\":\"http:\/\/drbean.ca\/fr\/\"},{\"@type\":\"ListItem\",\"position\":2,\"name\":\"Boutique\",\"item\":\"http:\/\/drbean.ca\/fr\/boutique\/\"},{\"@type\":\"ListItem\",\"position\":3,\"name\":\"Ascaso Dream PID\"}]},{\"@type\":\"WebSite\",\"@id\":\"https:\/\/drbean.ca\/fr\/#website\",\"url\":\"https:\/\/drbean.ca\/fr\/\",\"name\":\"Dr Bean\",\"description\":\"Votre partenaire depuis plus de 15 ans\",\"publisher\":{\"@id\":\"https:\/\/drbean.ca\/fr\/#organization\"},\"potentialAction\":[{\"@type\":\"SearchAction\",\"target\":{\"@type\":\"EntryPoint\",\"urlTemplate\":\"https:\/\/drbean.ca\/fr\/?s={search_term_string}\"},\"query-input\":{\"@type\":\"PropertyValueSpecification\",\"valueRequired\":true,\"valueName\":\"search_term_string\"}}],\"inLanguage\":\"en-US\"},{\"@type\":\"Organization\",\"@id\":\"https:\/\/drbean.ca\/fr\/#organization\",\"name\":\"Dr Bean\",\"url\":\"https:\/\/drbean.ca\/fr\/\",\"logo\":{\"@type\":\"ImageObject\",\"inLanguage\":\"en-US\",\"@id\":\"https:\/\/drbean.ca\/fr\/#\/schema\/logo\/image\/\",\"url\":\"https:\/\/drbean.ca\/wp-content\/uploads\/2016\/09\/footer_logo.png\",\"contentUrl\":\"https:\/\/drbean.ca\/wp-content\/uploads\/2016\/09\/footer_logo.png\",\"width\":216,\"height\":192,\"caption\":\"Dr Bean\"},\"image\":{\"@id\":\"https:\/\/drbean.ca\/fr\/#\/schema\/logo\/image\/\"},\"sameAs\":[\"https:\/\/www.facebook.com\/DRBEANMTL\",\"https:\/\/www.instagram.com\/drbeanmtl\/\"]}]}<\/script>\n<!-- \/ Yoast SEO plugin. -->","yoast_head_json":{"title":"Ascaso Dream PID - Dr Bean","robots":{"index":"index","follow":"follow","max-snippet":"max-snippet:-1","max-image-preview":"max-image-preview:large","max-video-preview":"max-video-preview:-1"},"canonical":"http:\/\/drbean.ca\/en\/catalogue\/residentiel\/ascaso-dream-pid\/","og_locale":"en_US","og_type":"article","og_title":"Ascaso Dream PID - Dr Bean","og_description":"Chez Dr Bean nous avons d\u00e9cid\u00e9 d'importer ce mod\u00e8le d' Ascaso Dream\u00a0 avec la poign\u00e9e portefiltre\u00a0 ainsi que la manette robinet en bois et non en plastique.  Nous avons aussi inclus un tapis en caoutchouc et un monte lait de fa\u00e7on \u00e0 am\u00e9liorer votre exp\u00e9rience espresso.  &nbsp;","og_url":"http:\/\/drbean.ca\/en\/catalogue\/residentiel\/ascaso-dream-pid\/","og_site_name":"Dr Bean","article_publisher":"https:\/\/www.facebook.com\/DRBEANMTL","article_modified_time":"2023-01-19T20:55:23+00:00","og_image":[{"width":1024,"height":1024,"url":"https:\/\/drbean.ca\/wp-content\/uploads\/2021\/03\/DREAM-PID-001-antracita-1024x1024.png","type":"image\/png"}],"twitter_card":"summary_large_image","twitter_misc":{"Est. reading time":"2 minutes"},"schema":{"@context":"https:\/\/schema.org","@graph":[{"@type":"WebPage","@id":"http:\/\/drbean.ca\/fr\/catalogue\/residentiel\/ascaso-dream-pid\/","url":"http:\/\/drbean.ca\/fr\/catalogue\/residentiel\/ascaso-dream-pid\/","name":"Ascaso Dream PID - Dr Bean","isPartOf":{"@id":"https:\/\/drbean.ca\/fr\/#website"},"primaryImageOfPage":{"@id":"http:\/\/drbean.ca\/fr\/catalogue\/residentiel\/ascaso-dream-pid\/#primaryimage"},"image":{"@id":"http:\/\/drbean.ca\/fr\/catalogue\/residentiel\/ascaso-dream-pid\/#primaryimage"},"thumbnailUrl":"https:\/\/drbean.ca\/wp-content\/uploads\/2021\/03\/DREAM-PID-001-antracita.png","datePublished":"2021-03-12T14:36:47+00:00","dateModified":"2023-01-19T20:55:23+00:00","breadcrumb":{"@id":"http:\/\/drbean.ca\/fr\/catalogue\/residentiel\/ascaso-dream-pid\/#breadcrumb"},"inLanguage":"en-US","potentialAction":[{"@type":"ReadAction","target":["http:\/\/drbean.ca\/fr\/catalogue\/residentiel\/ascaso-dream-pid\/"]}]},{"@type":"ImageObject","inLanguage":"en-US","@id":"http:\/\/drbean.ca\/fr\/catalogue\/residentiel\/ascaso-dream-pid\/#primaryimage","url":"https:\/\/drbean.ca\/wp-content\/uploads\/2021\/03\/DREAM-PID-001-antracita.png","contentUrl":"https:\/\/drbean.ca\/wp-content\/uploads\/2021\/03\/DREAM-PID-001-antracita.png","width":3072,"height":3072},{"@type":"BreadcrumbList","@id":"http:\/\/drbean.ca\/fr\/catalogue\/residentiel\/ascaso-dream-pid\/#breadcrumb","itemListElement":[{"@type":"ListItem","position":1,"name":"Accueil","item":"http:\/\/drbean.ca\/fr\/"},{"@type":"ListItem","position":2,"name":"Boutique","item":"http:\/\/drbean.ca\/fr\/boutique\/"},{"@type":"ListItem","position":3,"name":"Ascaso Dream PID"}]},{"@type":"WebSite","@id":"https:\/\/drbean.ca\/fr\/#website","url":"https:\/\/drbean.ca\/fr\/","name":"Dr Bean","description":"Votre partenaire depuis plus de 15 ans","publisher":{"@id":"https:\/\/drbean.ca\/fr\/#organization"},"potentialAction":[{"@type":"SearchAction","target":{"@type":"EntryPoint","urlTemplate":"https:\/\/drbean.ca\/fr\/?s={search_term_string}"},"query-input":{"@type":"PropertyValueSpecification","valueRequired":true,"valueName":"search_term_string"}}],"inLanguage":"en-US"},{"@type":"Organization","@id":"https:\/\/drbean.ca\/fr\/#organization","name":"Dr Bean","url":"https:\/\/drbean.ca\/fr\/","logo":{"@type":"ImageObject","inLanguage":"en-US","@id":"https:\/\/drbean.ca\/fr\/#\/schema\/logo\/image\/","url":"https:\/\/drbean.ca\/wp-content\/uploads\/2016\/09\/footer_logo.png","contentUrl":"https:\/\/drbean.ca\/wp-content\/uploads\/2016\/09\/footer_logo.png","width":216,"height":192,"caption":"Dr Bean"},"image":{"@id":"https:\/\/drbean.ca\/fr\/#\/schema\/logo\/image\/"},"sameAs":["https:\/\/www.facebook.com\/DRBEANMTL","https:\/\/www.instagram.com\/drbeanmtl\/"]}]}},"_links":{"self":[{"href":"https:\/\/drbean.ca\/en\/wp-json\/wp\/v2\/product\/2391","targetHints":{"allow":["GET"]}}],"collection":[{"href":"https:\/\/drbean.ca\/en\/wp-json\/wp\/v2\/product"}],"about":[{"href":"https:\/\/drbean.ca\/en\/wp-json\/wp\/v2\/types\/product"}],"wp:featuredmedia":[{"embeddable":true,"href":"https:\/\/drbean.ca\/en\/wp-json\/wp\/v2\/media\/2395"}],"wp:attachment":[{"href":"https:\/\/drbean.ca\/en\/wp-json\/wp\/v2\/media?parent=2391"}],"wp:term":[{"taxonomy":"product_cat","embeddable":true,"href":"https:\/\/drbean.ca\/en\/wp-json\/wp\/v2\/product_cat?post=2391"},{"taxonomy":"product_tag","embeddable":true,"href":"https:\/\/drbean.ca\/en\/wp-json\/wp\/v2\/product_tag?post=2391"}],"curies":[{"name":"wp","href":"https:\/\/api.w.org\/{rel}","templated":true}]}}