{"id":2456,"date":"2021-12-09T10:22:24","date_gmt":"2021-12-09T14:22:24","guid":{"rendered":"https:\/\/drbean.ca\/?post_type=product&#038;p=2456"},"modified":"2023-01-19T16:57:59","modified_gmt":"2023-01-19T20:57:59","slug":"cafe-honduras-bio-et-equitable-dosettes-ese-x25","status":"publish","type":"product","link":"https:\/\/drbean.ca\/en\/catalogue\/dosettes-cafe\/cafe-honduras-bio-et-equitable-dosettes-ese-x25\/","title":{"rendered":"Caf\u00e9 Honduras Bio et \u00e9quitable (dosettes ESE x25)"},"content":{"rendered":"<p>Pure origine Arabica d\u2019Ethiopie.<\/p>\n<p>Un caf\u00e9 embl\u00e9matique au berceau de son histoire r\u00e9v\u00e9lant une saveur d\u00e9licate, l\u00e9g\u00e8rement sauvage et fleurie \u00e0 l\u2019ar\u00f4me complexe.<\/p>\n<p>Pour un expresso sauvage et fleuri<\/p>\n<p>Pour permettre aux utilisateurs une grande libert\u00e9 de choix et d&rsquo;utilisation, les constructeurs de machines \u00e0 caf\u00e9 et les torr\u00e9facteurs de caf\u00e9 ont \u00e9tabli une norme commune de fabrication de dosettes destin\u00e9es \u00e0 une pr\u00e9paration en expresso : la norme E.S.E. (Easy Serving Espresso).<\/p>\n<p>Ces dosettes sont compatibles avec toutes les machines agr\u00e9\u00e9es E.S.E.<\/p>\n<p>Dans le respect de l&rsquo;environnement, nos pods E.S.E ou dosettes E.S.E sont compos\u00e9s de fibre v\u00e9g\u00e9tale biod\u00e9gradable.<\/p>\n<p>Les pods ESE ne sont pas compatibles avec les machines Sense<span class=\"PBMainTxt\">o\u00ae (<\/span><em>marque appartenant \u00e0 un tiers n&rsquo;ayant aucun lien avec Comptoirs Richard).<\/em><\/p>\n<p>\u00c9tui distributeur de 25 pods E.S.E suremball\u00e9s individuellement.<\/p>\n<p>Marque : <strong>CAFES RICHARD<\/strong><\/p>","protected":false},"excerpt":{"rendered":"<p>Pure origine arabica bio et \u00e9quitable du Honduras.<\/p>\n<p>Sa tasse r\u00e9v\u00e8le une belle acidit\u00e9 avec des notes fruit\u00e9es de mirabelle et de raisin sec.<\/p>\n<p>Pour un expresso bio rond et ample.<\/p>\n<p>Pour permettre aux utilisateurs une grande libert\u00e9 de choix et d&rsquo;utilisation, les constructeurs de machines \u00e0 caf\u00e9 et les torr\u00e9facteurs de caf\u00e9 ont \u00e9tabli une norme commune de fabrication de dosettes destin\u00e9es \u00e0 une pr\u00e9paration en expresso : la norme E.S.E. (Easy Serving Espresso).<\/p>\n<p>Ces dosettes sont compatibles avec toutes les machines agr\u00e9\u00e9es E.S.E. <\/p>\n<p>Dans le respect de l&rsquo;environnement, nos pods E.S.E ou dosettes E.S.E sont compos\u00e9s de fibre v\u00e9g\u00e9tale biod\u00e9gradable.<\/p>\n<p>Les pods ESE ne sont pas compatibles avec les machines Senseo\u00ae (marque appartenant \u00e0 un tiers n&rsquo;ayant aucun lien avec Comptoirs Richard)<\/p>\n<p>\u00c9tui distributeur de 25 pods E.S.E suremball\u00e9s individuellement.<\/p>","protected":false},"featured_media":2457,"template":"","meta":{"_et_pb_use_builder":"","_et_pb_old_content":"","om_disable_all_campaigns":false,"_monsterinsights_skip_tracking":false,"_monsterinsights_sitenote_active":false,"_monsterinsights_sitenote_note":"","_monsterinsights_sitenote_category":0},"product_cat":[48],"product_tag":[],"class_list":{"0":"post-2456","1":"product","2":"type-product","3":"status-publish","4":"has-post-thumbnail","6":"product_cat-dosettes-cafe","8":"first","9":"outofstock","10":"purchasable","11":"product-type-simple"},"aioseo_notices":[],"yoast_head":"<!-- This site is optimized with the Yoast SEO plugin v23.7 - https:\/\/yoast.com\/wordpress\/plugins\/seo\/ -->\n<title>Caf\u00e9 Honduras Bio et \u00e9quitable (dosettes ESE x25) - Dr Bean<\/title>\n<meta name=\"description\" content=\"D\u00e9couvrez le caf\u00e9 Costa Rica pur Arabica en dosettes, cultiv\u00e9 en haute altitude, ce caf\u00e9 est vif, \u00e9l\u00e9gant, rond et agr\u00e9ablement long en bouche.\" \/>\n<meta name=\"robots\" content=\"index, follow, max-snippet:-1, max-image-preview:large, max-video-preview:-1\" \/>\n<link rel=\"canonical\" href=\"http:\/\/drbean.ca\/en\/catalogue\/dosettes-cafe\/cafe-honduras-bio-et-equitable-dosettes-ese-x25\/\" \/>\n<meta property=\"og:locale\" content=\"en_US\" \/>\n<meta property=\"og:type\" content=\"article\" \/>\n<meta property=\"og:title\" content=\"Caf\u00e9 Honduras Bio et \u00e9quitable (dosettes ESE x25) - Dr Bean\" \/>\n<meta property=\"og:description\" content=\"D\u00e9couvrez le caf\u00e9 Costa Rica pur Arabica en dosettes, cultiv\u00e9 en haute altitude, ce caf\u00e9 est vif, \u00e9l\u00e9gant, rond et agr\u00e9ablement long en bouche.\" \/>\n<meta property=\"og:url\" content=\"http:\/\/drbean.ca\/en\/catalogue\/dosettes-cafe\/cafe-honduras-bio-et-equitable-dosettes-ese-x25\/\" \/>\n<meta property=\"og:site_name\" content=\"Dr Bean\" \/>\n<meta property=\"article:publisher\" content=\"https:\/\/www.facebook.com\/DRBEANMTL\" \/>\n<meta property=\"article:modified_time\" content=\"2023-01-19T20:57:59+00:00\" \/>\n<meta property=\"og:image\" content=\"https:\/\/drbean.ca\/wp-content\/uploads\/2021\/12\/cafe-honduras-pods-ese-etui-x25.jpg\" \/>\n\t<meta property=\"og:image:width\" content=\"1200\" \/>\n\t<meta property=\"og:image:height\" content=\"1200\" \/>\n\t<meta property=\"og:image:type\" content=\"image\/jpeg\" \/>\n<meta name=\"twitter:card\" content=\"summary_large_image\" \/>\n<meta name=\"twitter:label1\" content=\"Est. reading time\" \/>\n\t<meta name=\"twitter:data1\" content=\"1 minute\" \/>\n<script type=\"application\/ld+json\" class=\"yoast-schema-graph\">{\"@context\":\"https:\/\/schema.org\",\"@graph\":[{\"@type\":\"WebPage\",\"@id\":\"http:\/\/drbean.ca\/fr\/catalogue\/dosettes-cafe\/cafe-honduras-bio-et-equitable-dosettes-ese-x25\/\",\"url\":\"http:\/\/drbean.ca\/fr\/catalogue\/dosettes-cafe\/cafe-honduras-bio-et-equitable-dosettes-ese-x25\/\",\"name\":\"Caf\u00e9 Honduras Bio et \u00e9quitable (dosettes ESE x25) - Dr Bean\",\"isPartOf\":{\"@id\":\"https:\/\/drbean.ca\/fr\/#website\"},\"primaryImageOfPage\":{\"@id\":\"http:\/\/drbean.ca\/fr\/catalogue\/dosettes-cafe\/cafe-honduras-bio-et-equitable-dosettes-ese-x25\/#primaryimage\"},\"image\":{\"@id\":\"http:\/\/drbean.ca\/fr\/catalogue\/dosettes-cafe\/cafe-honduras-bio-et-equitable-dosettes-ese-x25\/#primaryimage\"},\"thumbnailUrl\":\"https:\/\/drbean.ca\/wp-content\/uploads\/2021\/12\/cafe-honduras-pods-ese-etui-x25.jpg\",\"datePublished\":\"2021-12-09T14:22:24+00:00\",\"dateModified\":\"2023-01-19T20:57:59+00:00\",\"description\":\"D\u00e9couvrez le caf\u00e9 Costa Rica pur Arabica en dosettes, cultiv\u00e9 en haute altitude, ce caf\u00e9 est vif, \u00e9l\u00e9gant, rond et agr\u00e9ablement long en bouche.\",\"breadcrumb\":{\"@id\":\"http:\/\/drbean.ca\/fr\/catalogue\/dosettes-cafe\/cafe-honduras-bio-et-equitable-dosettes-ese-x25\/#breadcrumb\"},\"inLanguage\":\"en-US\",\"potentialAction\":[{\"@type\":\"ReadAction\",\"target\":[\"http:\/\/drbean.ca\/fr\/catalogue\/dosettes-cafe\/cafe-honduras-bio-et-equitable-dosettes-ese-x25\/\"]}]},{\"@type\":\"ImageObject\",\"inLanguage\":\"en-US\",\"@id\":\"http:\/\/drbean.ca\/fr\/catalogue\/dosettes-cafe\/cafe-honduras-bio-et-equitable-dosettes-ese-x25\/#primaryimage\",\"url\":\"https:\/\/drbean.ca\/wp-content\/uploads\/2021\/12\/cafe-honduras-pods-ese-etui-x25.jpg\",\"contentUrl\":\"https:\/\/drbean.ca\/wp-content\/uploads\/2021\/12\/cafe-honduras-pods-ese-etui-x25.jpg\",\"width\":1200,\"height\":1200},{\"@type\":\"BreadcrumbList\",\"@id\":\"http:\/\/drbean.ca\/fr\/catalogue\/dosettes-cafe\/cafe-honduras-bio-et-equitable-dosettes-ese-x25\/#breadcrumb\",\"itemListElement\":[{\"@type\":\"ListItem\",\"position\":1,\"name\":\"Accueil\",\"item\":\"http:\/\/drbean.ca\/fr\/\"},{\"@type\":\"ListItem\",\"position\":2,\"name\":\"Boutique\",\"item\":\"http:\/\/drbean.ca\/fr\/boutique\/\"},{\"@type\":\"ListItem\",\"position\":3,\"name\":\"Caf\u00e9 Honduras Bio et \u00e9quitable (dosettes ESE x25)\"}]},{\"@type\":\"WebSite\",\"@id\":\"https:\/\/drbean.ca\/fr\/#website\",\"url\":\"https:\/\/drbean.ca\/fr\/\",\"name\":\"Dr Bean\",\"description\":\"Votre partenaire depuis plus de 15 ans\",\"publisher\":{\"@id\":\"https:\/\/drbean.ca\/fr\/#organization\"},\"potentialAction\":[{\"@type\":\"SearchAction\",\"target\":{\"@type\":\"EntryPoint\",\"urlTemplate\":\"https:\/\/drbean.ca\/fr\/?s={search_term_string}\"},\"query-input\":{\"@type\":\"PropertyValueSpecification\",\"valueRequired\":true,\"valueName\":\"search_term_string\"}}],\"inLanguage\":\"en-US\"},{\"@type\":\"Organization\",\"@id\":\"https:\/\/drbean.ca\/fr\/#organization\",\"name\":\"Dr Bean\",\"url\":\"https:\/\/drbean.ca\/fr\/\",\"logo\":{\"@type\":\"ImageObject\",\"inLanguage\":\"en-US\",\"@id\":\"https:\/\/drbean.ca\/fr\/#\/schema\/logo\/image\/\",\"url\":\"https:\/\/drbean.ca\/wp-content\/uploads\/2016\/09\/footer_logo.png\",\"contentUrl\":\"https:\/\/drbean.ca\/wp-content\/uploads\/2016\/09\/footer_logo.png\",\"width\":216,\"height\":192,\"caption\":\"Dr Bean\"},\"image\":{\"@id\":\"https:\/\/drbean.ca\/fr\/#\/schema\/logo\/image\/\"},\"sameAs\":[\"https:\/\/www.facebook.com\/DRBEANMTL\",\"https:\/\/www.instagram.com\/drbeanmtl\/\"]}]}<\/script>\n<!-- \/ Yoast SEO plugin. -->","yoast_head_json":{"title":"Caf\u00e9 Honduras Bio et \u00e9quitable (dosettes ESE x25) - Dr Bean","description":"D\u00e9couvrez le caf\u00e9 Costa Rica pur Arabica en dosettes, cultiv\u00e9 en haute altitude, ce caf\u00e9 est vif, \u00e9l\u00e9gant, rond et agr\u00e9ablement long en bouche.","robots":{"index":"index","follow":"follow","max-snippet":"max-snippet:-1","max-image-preview":"max-image-preview:large","max-video-preview":"max-video-preview:-1"},"canonical":"http:\/\/drbean.ca\/en\/catalogue\/dosettes-cafe\/cafe-honduras-bio-et-equitable-dosettes-ese-x25\/","og_locale":"en_US","og_type":"article","og_title":"Caf\u00e9 Honduras Bio et \u00e9quitable (dosettes ESE x25) - Dr Bean","og_description":"D\u00e9couvrez le caf\u00e9 Costa Rica pur Arabica en dosettes, cultiv\u00e9 en haute altitude, ce caf\u00e9 est vif, \u00e9l\u00e9gant, rond et agr\u00e9ablement long en bouche.","og_url":"http:\/\/drbean.ca\/en\/catalogue\/dosettes-cafe\/cafe-honduras-bio-et-equitable-dosettes-ese-x25\/","og_site_name":"Dr Bean","article_publisher":"https:\/\/www.facebook.com\/DRBEANMTL","article_modified_time":"2023-01-19T20:57:59+00:00","og_image":[{"width":1200,"height":1200,"url":"https:\/\/drbean.ca\/wp-content\/uploads\/2021\/12\/cafe-honduras-pods-ese-etui-x25.jpg","type":"image\/jpeg"}],"twitter_card":"summary_large_image","twitter_misc":{"Est. reading time":"1 minute"},"schema":{"@context":"https:\/\/schema.org","@graph":[{"@type":"WebPage","@id":"http:\/\/drbean.ca\/fr\/catalogue\/dosettes-cafe\/cafe-honduras-bio-et-equitable-dosettes-ese-x25\/","url":"http:\/\/drbean.ca\/fr\/catalogue\/dosettes-cafe\/cafe-honduras-bio-et-equitable-dosettes-ese-x25\/","name":"Caf\u00e9 Honduras Bio et \u00e9quitable (dosettes ESE x25) - Dr Bean","isPartOf":{"@id":"https:\/\/drbean.ca\/fr\/#website"},"primaryImageOfPage":{"@id":"http:\/\/drbean.ca\/fr\/catalogue\/dosettes-cafe\/cafe-honduras-bio-et-equitable-dosettes-ese-x25\/#primaryimage"},"image":{"@id":"http:\/\/drbean.ca\/fr\/catalogue\/dosettes-cafe\/cafe-honduras-bio-et-equitable-dosettes-ese-x25\/#primaryimage"},"thumbnailUrl":"https:\/\/drbean.ca\/wp-content\/uploads\/2021\/12\/cafe-honduras-pods-ese-etui-x25.jpg","datePublished":"2021-12-09T14:22:24+00:00","dateModified":"2023-01-19T20:57:59+00:00","description":"D\u00e9couvrez le caf\u00e9 Costa Rica pur Arabica en dosettes, cultiv\u00e9 en haute altitude, ce caf\u00e9 est vif, \u00e9l\u00e9gant, rond et agr\u00e9ablement long en bouche.","breadcrumb":{"@id":"http:\/\/drbean.ca\/fr\/catalogue\/dosettes-cafe\/cafe-honduras-bio-et-equitable-dosettes-ese-x25\/#breadcrumb"},"inLanguage":"en-US","potentialAction":[{"@type":"ReadAction","target":["http:\/\/drbean.ca\/fr\/catalogue\/dosettes-cafe\/cafe-honduras-bio-et-equitable-dosettes-ese-x25\/"]}]},{"@type":"ImageObject","inLanguage":"en-US","@id":"http:\/\/drbean.ca\/fr\/catalogue\/dosettes-cafe\/cafe-honduras-bio-et-equitable-dosettes-ese-x25\/#primaryimage","url":"https:\/\/drbean.ca\/wp-content\/uploads\/2021\/12\/cafe-honduras-pods-ese-etui-x25.jpg","contentUrl":"https:\/\/drbean.ca\/wp-content\/uploads\/2021\/12\/cafe-honduras-pods-ese-etui-x25.jpg","width":1200,"height":1200},{"@type":"BreadcrumbList","@id":"http:\/\/drbean.ca\/fr\/catalogue\/dosettes-cafe\/cafe-honduras-bio-et-equitable-dosettes-ese-x25\/#breadcrumb","itemListElement":[{"@type":"ListItem","position":1,"name":"Accueil","item":"http:\/\/drbean.ca\/fr\/"},{"@type":"ListItem","position":2,"name":"Boutique","item":"http:\/\/drbean.ca\/fr\/boutique\/"},{"@type":"ListItem","position":3,"name":"Caf\u00e9 Honduras Bio et \u00e9quitable (dosettes ESE x25)"}]},{"@type":"WebSite","@id":"https:\/\/drbean.ca\/fr\/#website","url":"https:\/\/drbean.ca\/fr\/","name":"Dr Bean","description":"Votre partenaire depuis plus de 15 ans","publisher":{"@id":"https:\/\/drbean.ca\/fr\/#organization"},"potentialAction":[{"@type":"SearchAction","target":{"@type":"EntryPoint","urlTemplate":"https:\/\/drbean.ca\/fr\/?s={search_term_string}"},"query-input":{"@type":"PropertyValueSpecification","valueRequired":true,"valueName":"search_term_string"}}],"inLanguage":"en-US"},{"@type":"Organization","@id":"https:\/\/drbean.ca\/fr\/#organization","name":"Dr Bean","url":"https:\/\/drbean.ca\/fr\/","logo":{"@type":"ImageObject","inLanguage":"en-US","@id":"https:\/\/drbean.ca\/fr\/#\/schema\/logo\/image\/","url":"https:\/\/drbean.ca\/wp-content\/uploads\/2016\/09\/footer_logo.png","contentUrl":"https:\/\/drbean.ca\/wp-content\/uploads\/2016\/09\/footer_logo.png","width":216,"height":192,"caption":"Dr Bean"},"image":{"@id":"https:\/\/drbean.ca\/fr\/#\/schema\/logo\/image\/"},"sameAs":["https:\/\/www.facebook.com\/DRBEANMTL","https:\/\/www.instagram.com\/drbeanmtl\/"]}]}},"_links":{"self":[{"href":"https:\/\/drbean.ca\/en\/wp-json\/wp\/v2\/product\/2456","targetHints":{"allow":["GET"]}}],"collection":[{"href":"https:\/\/drbean.ca\/en\/wp-json\/wp\/v2\/product"}],"about":[{"href":"https:\/\/drbean.ca\/en\/wp-json\/wp\/v2\/types\/product"}],"wp:featuredmedia":[{"embeddable":true,"href":"https:\/\/drbean.ca\/en\/wp-json\/wp\/v2\/media\/2457"}],"wp:attachment":[{"href":"https:\/\/drbean.ca\/en\/wp-json\/wp\/v2\/media?parent=2456"}],"wp:term":[{"taxonomy":"product_cat","embeddable":true,"href":"https:\/\/drbean.ca\/en\/wp-json\/wp\/v2\/product_cat?post=2456"},{"taxonomy":"product_tag","embeddable":true,"href":"https:\/\/drbean.ca\/en\/wp-json\/wp\/v2\/product_tag?post=2456"}],"curies":[{"name":"wp","href":"https:\/\/api.w.org\/{rel}","templated":true}]}}