{"id":489,"date":"2016-08-31T12:20:32","date_gmt":"2016-08-31T16:20:32","guid":{"rendered":"https:\/\/drbean.cafebarista.ca\/catalogue\/machines\/tango-st-solo\/"},"modified":"2023-01-19T16:57:58","modified_gmt":"2023-01-19T20:57:58","slug":"tango-st-solo","status":"publish","type":"product","link":"https:\/\/drbean.ca\/en\/catalogue\/machines\/automatiques\/tango-st-solo\/","title":{"rendered":"Unic Tango St Solo"},"content":{"rendered":"<h3>Tango St Solo<\/h3>\n<p>La <strong>TANGO\u00ae ST SOLO<\/strong>\u00a0 adopte une nouvelle interface utilisateur bas\u00e9e sur un <strong>\u00e9cran tactile de 7&Prime;<\/strong> pour piloter intuitivement le groupe TANGO\u00ae r\u00e9put\u00e9 pour la qualit\u00e9 exceptionnelle de l&rsquo;extraction caf\u00e9 qu&rsquo;il ex\u00e9cute.<\/p>\n<p>La <strong>TANGO\u00ae ST SOLO<\/strong> est conseill\u00e9e pour des points de vente <strong>ayant une consommation jusqu\u2019\u00e0 15Kg de caf\u00e9\/semaine<\/strong>, et faisant le choix de la pr\u00e9paration automatique de boissons caf\u00e9. La qualit\u00e9 de conception et de fabrication de la gamme TANGO\u00ae ST est\u00a0 un gage de fiabilit\u00e9 pour un mat\u00e9riel de haut niveau professionnel.<\/p>\n<ul>\n<li>Marque : <strong>UNIC<\/strong><\/li>\n<li>Hauteur 75cm<\/li>\n<li>Largeur 45cm<\/li>\n<li>Profondeur 63cm<\/li>\n<li>Poids 76Kg<\/li>\n<li>Puissance totale 5630W<\/li>\n<li>Puissance chaudi\u00e8re vapeur 4500W<\/li>\n<li>Voltage 230V \/400V Tri+N<\/li>\n<\/ul>","protected":false},"excerpt":{"rendered":"<p>La <strong>TANGO\u00ae ST SOLO<\/strong>\u00a0 adopte une nouvelle interface utilisateur bas\u00e9e sur un <strong>\u00e9cran tactile de 7&Prime;<\/strong> pour piloter intuitivement le groupe TANGO\u00ae r\u00e9put\u00e9 pour la qualit\u00e9 exceptionnelle de l&rsquo;extraction caf\u00e9 qu&rsquo;il ex\u00e9cute.<\/p>\n<p>La <strong>TANGO\u00ae ST SOLO<\/strong> est conseill\u00e9e pour des points de vente <strong>ayant une consommation jusqu\u2019\u00e0 15Kg de caf\u00e9\/semaine<\/strong>, et faisant le choix de la pr\u00e9paration automatique de boissons caf\u00e9. La qualit\u00e9 de conception et de fabrication de la gamme TANGO\u00ae ST est\u00a0 un gage de fiabilit\u00e9 pour un mat\u00e9riel de haut niveau professionnel.<\/p>\n<p>&nbsp;<\/p>\n<p><a class=\"maxbutton-1 maxbutton maxbutton-fiche-technique-mira\" target=\"_blank\" rel=\"noopener\" href=\"https:\/\/www.unic-sa.com\/uploads\/media\/product\/0001\/01\/9e6ca5a8f6205854e889690d8249775e61e3d926.pdf\"><span class='mb-text'>FICHE TECHNIQUE<\/span><\/a><\/p>\n<p><a class=\"maxbutton-2 maxbutton maxbutton-technical-manual\" target=\"_blank\" rel=\"noopener\" href=\"https:\/\/www.unic-sa.com\/uploads\/media\/product\/0001\/01\/f54eeb3c3162b19f46ba5cde5fa555d9e86e814f.pdf\"><span class='mb-text'>TECHNICAL MANUAL<\/span><\/a><\/p>\n<p>&nbsp;<\/p>\n<p><a class=\"maxbutton-1 maxbutton maxbutton-fiche-technique-mira\" target=\"_blank\" rel=\"noopener\" href=\"http:\/\/drbean.ca\/en\/stsolo.pdf\/\"><span class='mb-text'>PI\u00c8CES D\u00c9TACH\u00c9ES<\/span><\/a><\/p>","protected":false},"featured_media":490,"template":"","meta":{"_et_pb_use_builder":"","_et_pb_old_content":"","om_disable_all_campaigns":false,"_monsterinsights_skip_tracking":false,"_monsterinsights_sitenote_active":false,"_monsterinsights_sitenote_note":"","_monsterinsights_sitenote_category":0},"product_cat":[43,17,27,26,37,41,31,40],"product_tag":[],"class_list":{"0":"post-489","1":"product","2":"type-product","3":"status-publish","4":"has-post-thumbnail","6":"product_cat-automatiques","7":"product_cat-boutique-specialisee","8":"product_cat-bureaux","9":"product_cat-epicerie","10":"product_cat-hotels","11":"product_cat-machines","12":"product_cat-plus-de-70-collaborateurs","13":"product_cat-plus-de-80-chambres","15":"first","16":"instock","17":"featured","18":"taxable","19":"shipping-taxable","20":"product-type-simple"},"aioseo_notices":[],"yoast_head":"<!-- This site is optimized with the Yoast SEO plugin v23.7 - https:\/\/yoast.com\/wordpress\/plugins\/seo\/ -->\n<title>Unic Tango St Solo - Dr Bean<\/title>\n<meta name=\"robots\" content=\"index, follow, max-snippet:-1, max-image-preview:large, max-video-preview:-1\" \/>\n<link rel=\"canonical\" href=\"http:\/\/drbean.ca\/en\/catalogue\/machines\/automatiques\/tango-st-solo\/\" \/>\n<meta property=\"og:locale\" content=\"en_US\" \/>\n<meta property=\"og:type\" content=\"article\" \/>\n<meta property=\"og:title\" content=\"Unic Tango St Solo - Dr Bean\" \/>\n<meta property=\"og:description\" content=\"La TANGO\u00ae ST SOLO\u00a0 adopte une nouvelle interface utilisateur bas\u00e9e sur un \u00e9cran tactile de 7&quot; pour piloter intuitivement le groupe TANGO\u00ae r\u00e9put\u00e9 pour la qualit\u00e9 exceptionnelle de l&#039;extraction caf\u00e9 qu&#039;il ex\u00e9cute.  La TANGO\u00ae ST SOLO est conseill\u00e9e pour des points de vente ayant une consommation jusqu\u2019\u00e0 15Kg de caf\u00e9\/semaine, et faisant le choix de la pr\u00e9paration automatique de boissons caf\u00e9. La qualit\u00e9 de conception et de fabrication de la gamme TANGO\u00ae ST est\u00a0 un gage de fiabilit\u00e9 pour un mat\u00e9riel de haut niveau professionnel.  &nbsp;      &nbsp;\" \/>\n<meta property=\"og:url\" content=\"http:\/\/drbean.ca\/en\/catalogue\/machines\/automatiques\/tango-st-solo\/\" \/>\n<meta property=\"og:site_name\" content=\"Dr Bean\" \/>\n<meta property=\"article:publisher\" content=\"https:\/\/www.facebook.com\/DRBEANMTL\" \/>\n<meta property=\"article:modified_time\" content=\"2023-01-19T20:57:58+00:00\" \/>\n<meta property=\"og:image\" content=\"https:\/\/drbean.ca\/wp-content\/uploads\/2016\/08\/TANGO-ST-SOLO.jpeg\" \/>\n\t<meta property=\"og:image:width\" content=\"437\" \/>\n\t<meta property=\"og:image:height\" content=\"495\" \/>\n\t<meta property=\"og:image:type\" content=\"image\/jpeg\" \/>\n<meta name=\"twitter:card\" content=\"summary_large_image\" \/>\n<meta name=\"twitter:label1\" content=\"Est. reading time\" \/>\n\t<meta name=\"twitter:data1\" content=\"1 minute\" \/>\n<script type=\"application\/ld+json\" class=\"yoast-schema-graph\">{\"@context\":\"https:\/\/schema.org\",\"@graph\":[{\"@type\":\"WebPage\",\"@id\":\"http:\/\/drbean.ca\/fr\/catalogue\/machines\/automatiques\/tango-st-solo\/\",\"url\":\"http:\/\/drbean.ca\/fr\/catalogue\/machines\/automatiques\/tango-st-solo\/\",\"name\":\"Unic Tango St Solo - Dr Bean\",\"isPartOf\":{\"@id\":\"https:\/\/drbean.ca\/fr\/#website\"},\"primaryImageOfPage\":{\"@id\":\"http:\/\/drbean.ca\/fr\/catalogue\/machines\/automatiques\/tango-st-solo\/#primaryimage\"},\"image\":{\"@id\":\"http:\/\/drbean.ca\/fr\/catalogue\/machines\/automatiques\/tango-st-solo\/#primaryimage\"},\"thumbnailUrl\":\"https:\/\/drbean.ca\/wp-content\/uploads\/2016\/08\/TANGO-ST-SOLO.jpeg\",\"datePublished\":\"2016-08-31T16:20:32+00:00\",\"dateModified\":\"2023-01-19T20:57:58+00:00\",\"breadcrumb\":{\"@id\":\"http:\/\/drbean.ca\/fr\/catalogue\/machines\/automatiques\/tango-st-solo\/#breadcrumb\"},\"inLanguage\":\"en-US\",\"potentialAction\":[{\"@type\":\"ReadAction\",\"target\":[\"http:\/\/drbean.ca\/fr\/catalogue\/machines\/automatiques\/tango-st-solo\/\"]}]},{\"@type\":\"ImageObject\",\"inLanguage\":\"en-US\",\"@id\":\"http:\/\/drbean.ca\/fr\/catalogue\/machines\/automatiques\/tango-st-solo\/#primaryimage\",\"url\":\"https:\/\/drbean.ca\/wp-content\/uploads\/2016\/08\/TANGO-ST-SOLO.jpeg\",\"contentUrl\":\"https:\/\/drbean.ca\/wp-content\/uploads\/2016\/08\/TANGO-ST-SOLO.jpeg\",\"width\":437,\"height\":495,\"caption\":\"machine \u00e0 caf\u00e9 Tango St Solo\"},{\"@type\":\"BreadcrumbList\",\"@id\":\"http:\/\/drbean.ca\/fr\/catalogue\/machines\/automatiques\/tango-st-solo\/#breadcrumb\",\"itemListElement\":[{\"@type\":\"ListItem\",\"position\":1,\"name\":\"Accueil\",\"item\":\"http:\/\/drbean.ca\/fr\/\"},{\"@type\":\"ListItem\",\"position\":2,\"name\":\"Boutique\",\"item\":\"http:\/\/drbean.ca\/fr\/boutique\/\"},{\"@type\":\"ListItem\",\"position\":3,\"name\":\"Unic Tango St Solo\"}]},{\"@type\":\"WebSite\",\"@id\":\"https:\/\/drbean.ca\/fr\/#website\",\"url\":\"https:\/\/drbean.ca\/fr\/\",\"name\":\"Dr Bean\",\"description\":\"Votre partenaire depuis plus de 15 ans\",\"publisher\":{\"@id\":\"https:\/\/drbean.ca\/fr\/#organization\"},\"potentialAction\":[{\"@type\":\"SearchAction\",\"target\":{\"@type\":\"EntryPoint\",\"urlTemplate\":\"https:\/\/drbean.ca\/fr\/?s={search_term_string}\"},\"query-input\":{\"@type\":\"PropertyValueSpecification\",\"valueRequired\":true,\"valueName\":\"search_term_string\"}}],\"inLanguage\":\"en-US\"},{\"@type\":\"Organization\",\"@id\":\"https:\/\/drbean.ca\/fr\/#organization\",\"name\":\"Dr Bean\",\"url\":\"https:\/\/drbean.ca\/fr\/\",\"logo\":{\"@type\":\"ImageObject\",\"inLanguage\":\"en-US\",\"@id\":\"https:\/\/drbean.ca\/fr\/#\/schema\/logo\/image\/\",\"url\":\"https:\/\/drbean.ca\/wp-content\/uploads\/2016\/09\/footer_logo.png\",\"contentUrl\":\"https:\/\/drbean.ca\/wp-content\/uploads\/2016\/09\/footer_logo.png\",\"width\":216,\"height\":192,\"caption\":\"Dr Bean\"},\"image\":{\"@id\":\"https:\/\/drbean.ca\/fr\/#\/schema\/logo\/image\/\"},\"sameAs\":[\"https:\/\/www.facebook.com\/DRBEANMTL\",\"https:\/\/www.instagram.com\/drbeanmtl\/\"]}]}<\/script>\n<!-- \/ Yoast SEO plugin. -->","yoast_head_json":{"title":"Unic Tango St Solo - Dr Bean","robots":{"index":"index","follow":"follow","max-snippet":"max-snippet:-1","max-image-preview":"max-image-preview:large","max-video-preview":"max-video-preview:-1"},"canonical":"http:\/\/drbean.ca\/en\/catalogue\/machines\/automatiques\/tango-st-solo\/","og_locale":"en_US","og_type":"article","og_title":"Unic Tango St Solo - Dr Bean","og_description":"La TANGO\u00ae ST SOLO\u00a0 adopte une nouvelle interface utilisateur bas\u00e9e sur un \u00e9cran tactile de 7\" pour piloter intuitivement le groupe TANGO\u00ae r\u00e9put\u00e9 pour la qualit\u00e9 exceptionnelle de l'extraction caf\u00e9 qu'il ex\u00e9cute.  La TANGO\u00ae ST SOLO est conseill\u00e9e pour des points de vente ayant une consommation jusqu\u2019\u00e0 15Kg de caf\u00e9\/semaine, et faisant le choix de la pr\u00e9paration automatique de boissons caf\u00e9. La qualit\u00e9 de conception et de fabrication de la gamme TANGO\u00ae ST est\u00a0 un gage de fiabilit\u00e9 pour un mat\u00e9riel de haut niveau professionnel.  &nbsp;      &nbsp;","og_url":"http:\/\/drbean.ca\/en\/catalogue\/machines\/automatiques\/tango-st-solo\/","og_site_name":"Dr Bean","article_publisher":"https:\/\/www.facebook.com\/DRBEANMTL","article_modified_time":"2023-01-19T20:57:58+00:00","og_image":[{"width":437,"height":495,"url":"https:\/\/drbean.ca\/wp-content\/uploads\/2016\/08\/TANGO-ST-SOLO.jpeg","type":"image\/jpeg"}],"twitter_card":"summary_large_image","twitter_misc":{"Est. reading time":"1 minute"},"schema":{"@context":"https:\/\/schema.org","@graph":[{"@type":"WebPage","@id":"http:\/\/drbean.ca\/fr\/catalogue\/machines\/automatiques\/tango-st-solo\/","url":"http:\/\/drbean.ca\/fr\/catalogue\/machines\/automatiques\/tango-st-solo\/","name":"Unic Tango St Solo - Dr Bean","isPartOf":{"@id":"https:\/\/drbean.ca\/fr\/#website"},"primaryImageOfPage":{"@id":"http:\/\/drbean.ca\/fr\/catalogue\/machines\/automatiques\/tango-st-solo\/#primaryimage"},"image":{"@id":"http:\/\/drbean.ca\/fr\/catalogue\/machines\/automatiques\/tango-st-solo\/#primaryimage"},"thumbnailUrl":"https:\/\/drbean.ca\/wp-content\/uploads\/2016\/08\/TANGO-ST-SOLO.jpeg","datePublished":"2016-08-31T16:20:32+00:00","dateModified":"2023-01-19T20:57:58+00:00","breadcrumb":{"@id":"http:\/\/drbean.ca\/fr\/catalogue\/machines\/automatiques\/tango-st-solo\/#breadcrumb"},"inLanguage":"en-US","potentialAction":[{"@type":"ReadAction","target":["http:\/\/drbean.ca\/fr\/catalogue\/machines\/automatiques\/tango-st-solo\/"]}]},{"@type":"ImageObject","inLanguage":"en-US","@id":"http:\/\/drbean.ca\/fr\/catalogue\/machines\/automatiques\/tango-st-solo\/#primaryimage","url":"https:\/\/drbean.ca\/wp-content\/uploads\/2016\/08\/TANGO-ST-SOLO.jpeg","contentUrl":"https:\/\/drbean.ca\/wp-content\/uploads\/2016\/08\/TANGO-ST-SOLO.jpeg","width":437,"height":495,"caption":"machine \u00e0 caf\u00e9 Tango St Solo"},{"@type":"BreadcrumbList","@id":"http:\/\/drbean.ca\/fr\/catalogue\/machines\/automatiques\/tango-st-solo\/#breadcrumb","itemListElement":[{"@type":"ListItem","position":1,"name":"Accueil","item":"http:\/\/drbean.ca\/fr\/"},{"@type":"ListItem","position":2,"name":"Boutique","item":"http:\/\/drbean.ca\/fr\/boutique\/"},{"@type":"ListItem","position":3,"name":"Unic Tango St Solo"}]},{"@type":"WebSite","@id":"https:\/\/drbean.ca\/fr\/#website","url":"https:\/\/drbean.ca\/fr\/","name":"Dr Bean","description":"Votre partenaire depuis plus de 15 ans","publisher":{"@id":"https:\/\/drbean.ca\/fr\/#organization"},"potentialAction":[{"@type":"SearchAction","target":{"@type":"EntryPoint","urlTemplate":"https:\/\/drbean.ca\/fr\/?s={search_term_string}"},"query-input":{"@type":"PropertyValueSpecification","valueRequired":true,"valueName":"search_term_string"}}],"inLanguage":"en-US"},{"@type":"Organization","@id":"https:\/\/drbean.ca\/fr\/#organization","name":"Dr Bean","url":"https:\/\/drbean.ca\/fr\/","logo":{"@type":"ImageObject","inLanguage":"en-US","@id":"https:\/\/drbean.ca\/fr\/#\/schema\/logo\/image\/","url":"https:\/\/drbean.ca\/wp-content\/uploads\/2016\/09\/footer_logo.png","contentUrl":"https:\/\/drbean.ca\/wp-content\/uploads\/2016\/09\/footer_logo.png","width":216,"height":192,"caption":"Dr Bean"},"image":{"@id":"https:\/\/drbean.ca\/fr\/#\/schema\/logo\/image\/"},"sameAs":["https:\/\/www.facebook.com\/DRBEANMTL","https:\/\/www.instagram.com\/drbeanmtl\/"]}]}},"_links":{"self":[{"href":"https:\/\/drbean.ca\/en\/wp-json\/wp\/v2\/product\/489","targetHints":{"allow":["GET"]}}],"collection":[{"href":"https:\/\/drbean.ca\/en\/wp-json\/wp\/v2\/product"}],"about":[{"href":"https:\/\/drbean.ca\/en\/wp-json\/wp\/v2\/types\/product"}],"wp:featuredmedia":[{"embeddable":true,"href":"https:\/\/drbean.ca\/en\/wp-json\/wp\/v2\/media\/490"}],"wp:attachment":[{"href":"https:\/\/drbean.ca\/en\/wp-json\/wp\/v2\/media?parent=489"}],"wp:term":[{"taxonomy":"product_cat","embeddable":true,"href":"https:\/\/drbean.ca\/en\/wp-json\/wp\/v2\/product_cat?post=489"},{"taxonomy":"product_tag","embeddable":true,"href":"https:\/\/drbean.ca\/en\/wp-json\/wp\/v2\/product_tag?post=489"}],"curies":[{"name":"wp","href":"https:\/\/api.w.org\/{rel}","templated":true}]}}