{"id":491,"date":"2016-08-31T13:03:50","date_gmt":"2016-08-31T17:03:50","guid":{"rendered":"https:\/\/drbean.cafebarista.ca\/catalogue\/machines\/automatiques\/tango-st-duo\/"},"modified":"2023-01-19T16:57:59","modified_gmt":"2023-01-19T20:57:59","slug":"tango-st-duo","status":"publish","type":"product","link":"https:\/\/drbean.ca\/en\/catalogue\/machines\/automatiques\/tango-st-duo\/","title":{"rendered":"Unic Tango St Duo"},"content":{"rendered":"<h3>Machine \u00e0 caf\u00e9 Tango St Duo<\/h3>\n<p>Deux \u00e9crans tactiles de 7&Prime; chacun pour piloter le <strong>double groupe brevet\u00e9 TANGO\u00ae<\/strong> \u00e0 la fiabilit\u00e9 internationalement reconnue, pour cr\u00e9er et param\u00e9trer un <strong>choix de 96 boissons<\/strong>, et pr\u00e9parer automatiquement <strong>4 boissons simultan\u00e9ment<\/strong> : la <strong>TANGO\u00ae ST DUO<\/strong> est l&rsquo;unique mod\u00e8le du march\u00e9 de l&rsquo;automatique \u00e0 offrir un tel niveau de performance, tout en garantissant une exceptionnelle qualit\u00e9 d&rsquo;extraction.<\/p>\n<p>Avec un encombrement minimal de 60cm pour un mod\u00e8le deux groupes, la <strong>TANGO\u00ae ST DUO<\/strong> est l\u2019\u00e9quipement id\u00e9al pour les \u00e9tablissements faisant le choix de la pr\u00e9paration automatique de boissons caf\u00e9 et de sp\u00e9cialit\u00e9s \u00e0 base de caf\u00e9 et de lait frais, <strong>ayant une consommation jusqu\u2019\u00e0 30Kg de caf\u00e9 \/semaine<\/strong>.<\/p>\n<ul>\n<li>Marque : <strong>UNIC<\/strong><\/li>\n<li>Hauteur 75cm<\/li>\n<li>Largeur 60cm<\/li>\n<li>Profondeur 62cm<\/li>\n<li>Poids 105Kg<\/li>\n<li>Puissance totale 7500W<\/li>\n<li>Puissance chaudi\u00e8re vapeur 2500W<\/li>\n<li>Puissance chaudi\u00e8re caf\u00e9 4370W<\/li>\n<li>Voltage 230V \/400V Tri+N<\/li>\n<\/ul>","protected":false},"excerpt":{"rendered":"<p>Deux \u00e9crans tactiles de 7&Prime; chacun pour piloter le <strong>double groupe brevet\u00e9 TANGO\u00ae<\/strong> \u00e0 la fiabilit\u00e9 internationalement reconnue, pour cr\u00e9er et param\u00e9trer un <strong>choix de 96 boissons<\/strong>, et pr\u00e9parer automatiquement <strong>4 boissons simultan\u00e9ment<\/strong> : la <strong>TANGO\u00ae ST DUO<\/strong> est l&rsquo;unique mod\u00e8le du march\u00e9 de l&rsquo;automatique \u00e0 offrir un tel niveau de performance, tout en garantissant une exceptionnelle qualit\u00e9 d&rsquo;extraction.<\/p>\n<p>Avec un encombrement minimal de 60cm pour un mod\u00e8le deux groupes, la <strong>TANGO\u00ae ST DUO<\/strong> est l\u2019\u00e9quipement id\u00e9al pour les \u00e9tablissements faisant le choix de la pr\u00e9paration automatique de boissons caf\u00e9 et de sp\u00e9cialit\u00e9s \u00e0 base de caf\u00e9 et de lait frais, <strong>ayant une consommation jusqu\u2019\u00e0 30Kg de caf\u00e9 \/semaine<\/strong>.<\/p>\n<p><a class=\"maxbutton-1 maxbutton maxbutton-fiche-technique-mira\" target=\"_blank\" rel=\"noopener\" href=\"https:\/\/www.unic-sa.com\/uploads\/media\/product\/0001\/01\/9e6ca5a8f6205854e889690d8249775e61e3d926.pdf\"><span class='mb-text'>FICHE TECHNIQUE<\/span><\/a><\/p>\n<p><a class=\"maxbutton-2 maxbutton maxbutton-technical-manual\" target=\"_blank\" rel=\"noopener\" href=\"https:\/\/www.unic-sa.com\/uploads\/media\/product\/0001\/01\/f54eeb3c3162b19f46ba5cde5fa555d9e86e814f.pdf\"><span class='mb-text'>TECHNICAL MANUAL<\/span><\/a><\/p>","protected":false},"featured_media":492,"template":"","meta":{"_et_pb_use_builder":"","_et_pb_old_content":"","om_disable_all_campaigns":false,"_monsterinsights_skip_tracking":false,"_monsterinsights_sitenote_active":false,"_monsterinsights_sitenote_note":"","_monsterinsights_sitenote_category":0},"product_cat":[43,41,36,32],"product_tag":[],"class_list":{"0":"post-491","1":"product","2":"type-product","3":"status-publish","4":"has-post-thumbnail","6":"product_cat-automatiques","7":"product_cat-machines","8":"product_cat-plus-de-60-places-assises","9":"product_cat-restaurants","11":"first","12":"instock","13":"featured","14":"taxable","15":"shipping-taxable","16":"product-type-simple"},"aioseo_notices":[],"yoast_head":"<!-- This site is optimized with the Yoast SEO plugin v23.7 - https:\/\/yoast.com\/wordpress\/plugins\/seo\/ -->\n<title>Unic Tango St Duo - Dr Bean<\/title>\n<meta name=\"robots\" content=\"index, follow, max-snippet:-1, max-image-preview:large, max-video-preview:-1\" \/>\n<link rel=\"canonical\" href=\"http:\/\/drbean.ca\/en\/catalogue\/machines\/automatiques\/tango-st-duo\/\" \/>\n<meta property=\"og:locale\" content=\"en_US\" \/>\n<meta property=\"og:type\" content=\"article\" \/>\n<meta property=\"og:title\" content=\"Unic Tango St Duo - Dr Bean\" \/>\n<meta property=\"og:description\" content=\"Deux \u00e9crans tactiles de 7&quot; chacun pour piloter le double groupe brevet\u00e9 TANGO\u00ae \u00e0 la fiabilit\u00e9 internationalement reconnue, pour cr\u00e9er et param\u00e9trer un choix de 96 boissons, et pr\u00e9parer automatiquement 4 boissons simultan\u00e9ment : la TANGO\u00ae ST DUO est l&#039;unique mod\u00e8le du march\u00e9 de l&#039;automatique \u00e0 offrir un tel niveau de performance, tout en garantissant une exceptionnelle qualit\u00e9 d&#039;extraction.  Avec un encombrement minimal de 60cm pour un mod\u00e8le deux groupes, la TANGO\u00ae ST DUO est l\u2019\u00e9quipement id\u00e9al pour les \u00e9tablissements faisant le choix de la pr\u00e9paration automatique de boissons caf\u00e9 et de sp\u00e9cialit\u00e9s \u00e0 base de caf\u00e9 et de lait frais, ayant une consommation jusqu\u2019\u00e0 30Kg de caf\u00e9 \/semaine.\" \/>\n<meta property=\"og:url\" content=\"http:\/\/drbean.ca\/en\/catalogue\/machines\/automatiques\/tango-st-duo\/\" \/>\n<meta property=\"og:site_name\" content=\"Dr Bean\" \/>\n<meta property=\"article:publisher\" content=\"https:\/\/www.facebook.com\/DRBEANMTL\" \/>\n<meta property=\"article:modified_time\" content=\"2023-01-19T20:57:59+00:00\" \/>\n<meta property=\"og:image\" content=\"https:\/\/drbean.ca\/wp-content\/uploads\/2016\/08\/TANGO-ST-DUO.jpeg\" \/>\n\t<meta property=\"og:image:width\" content=\"437\" \/>\n\t<meta property=\"og:image:height\" content=\"495\" \/>\n\t<meta property=\"og:image:type\" content=\"image\/jpeg\" \/>\n<meta name=\"twitter:card\" content=\"summary_large_image\" \/>\n<meta name=\"twitter:label1\" content=\"Est. reading time\" \/>\n\t<meta name=\"twitter:data1\" content=\"1 minute\" \/>\n<script type=\"application\/ld+json\" class=\"yoast-schema-graph\">{\"@context\":\"https:\/\/schema.org\",\"@graph\":[{\"@type\":\"WebPage\",\"@id\":\"http:\/\/drbean.ca\/fr\/catalogue\/machines\/automatiques\/tango-st-duo\/\",\"url\":\"http:\/\/drbean.ca\/fr\/catalogue\/machines\/automatiques\/tango-st-duo\/\",\"name\":\"Unic Tango St Duo - Dr Bean\",\"isPartOf\":{\"@id\":\"https:\/\/drbean.ca\/fr\/#website\"},\"primaryImageOfPage\":{\"@id\":\"http:\/\/drbean.ca\/fr\/catalogue\/machines\/automatiques\/tango-st-duo\/#primaryimage\"},\"image\":{\"@id\":\"http:\/\/drbean.ca\/fr\/catalogue\/machines\/automatiques\/tango-st-duo\/#primaryimage\"},\"thumbnailUrl\":\"https:\/\/drbean.ca\/wp-content\/uploads\/2016\/08\/TANGO-ST-DUO.jpeg\",\"datePublished\":\"2016-08-31T17:03:50+00:00\",\"dateModified\":\"2023-01-19T20:57:59+00:00\",\"breadcrumb\":{\"@id\":\"http:\/\/drbean.ca\/fr\/catalogue\/machines\/automatiques\/tango-st-duo\/#breadcrumb\"},\"inLanguage\":\"en-US\",\"potentialAction\":[{\"@type\":\"ReadAction\",\"target\":[\"http:\/\/drbean.ca\/fr\/catalogue\/machines\/automatiques\/tango-st-duo\/\"]}]},{\"@type\":\"ImageObject\",\"inLanguage\":\"en-US\",\"@id\":\"http:\/\/drbean.ca\/fr\/catalogue\/machines\/automatiques\/tango-st-duo\/#primaryimage\",\"url\":\"https:\/\/drbean.ca\/wp-content\/uploads\/2016\/08\/TANGO-ST-DUO.jpeg\",\"contentUrl\":\"https:\/\/drbean.ca\/wp-content\/uploads\/2016\/08\/TANGO-ST-DUO.jpeg\",\"width\":437,\"height\":495,\"caption\":\"machine \u00e0 caf\u00e9 Tango St Duo\"},{\"@type\":\"BreadcrumbList\",\"@id\":\"http:\/\/drbean.ca\/fr\/catalogue\/machines\/automatiques\/tango-st-duo\/#breadcrumb\",\"itemListElement\":[{\"@type\":\"ListItem\",\"position\":1,\"name\":\"Accueil\",\"item\":\"http:\/\/drbean.ca\/fr\/\"},{\"@type\":\"ListItem\",\"position\":2,\"name\":\"Boutique\",\"item\":\"http:\/\/drbean.ca\/fr\/boutique\/\"},{\"@type\":\"ListItem\",\"position\":3,\"name\":\"Unic Tango St Duo\"}]},{\"@type\":\"WebSite\",\"@id\":\"https:\/\/drbean.ca\/fr\/#website\",\"url\":\"https:\/\/drbean.ca\/fr\/\",\"name\":\"Dr Bean\",\"description\":\"Votre partenaire depuis plus de 15 ans\",\"publisher\":{\"@id\":\"https:\/\/drbean.ca\/fr\/#organization\"},\"potentialAction\":[{\"@type\":\"SearchAction\",\"target\":{\"@type\":\"EntryPoint\",\"urlTemplate\":\"https:\/\/drbean.ca\/fr\/?s={search_term_string}\"},\"query-input\":{\"@type\":\"PropertyValueSpecification\",\"valueRequired\":true,\"valueName\":\"search_term_string\"}}],\"inLanguage\":\"en-US\"},{\"@type\":\"Organization\",\"@id\":\"https:\/\/drbean.ca\/fr\/#organization\",\"name\":\"Dr Bean\",\"url\":\"https:\/\/drbean.ca\/fr\/\",\"logo\":{\"@type\":\"ImageObject\",\"inLanguage\":\"en-US\",\"@id\":\"https:\/\/drbean.ca\/fr\/#\/schema\/logo\/image\/\",\"url\":\"https:\/\/drbean.ca\/wp-content\/uploads\/2016\/09\/footer_logo.png\",\"contentUrl\":\"https:\/\/drbean.ca\/wp-content\/uploads\/2016\/09\/footer_logo.png\",\"width\":216,\"height\":192,\"caption\":\"Dr Bean\"},\"image\":{\"@id\":\"https:\/\/drbean.ca\/fr\/#\/schema\/logo\/image\/\"},\"sameAs\":[\"https:\/\/www.facebook.com\/DRBEANMTL\",\"https:\/\/www.instagram.com\/drbeanmtl\/\"]}]}<\/script>\n<!-- \/ Yoast SEO plugin. -->","yoast_head_json":{"title":"Unic Tango St Duo - Dr Bean","robots":{"index":"index","follow":"follow","max-snippet":"max-snippet:-1","max-image-preview":"max-image-preview:large","max-video-preview":"max-video-preview:-1"},"canonical":"http:\/\/drbean.ca\/en\/catalogue\/machines\/automatiques\/tango-st-duo\/","og_locale":"en_US","og_type":"article","og_title":"Unic Tango St Duo - Dr Bean","og_description":"Deux \u00e9crans tactiles de 7\" chacun pour piloter le double groupe brevet\u00e9 TANGO\u00ae \u00e0 la fiabilit\u00e9 internationalement reconnue, pour cr\u00e9er et param\u00e9trer un choix de 96 boissons, et pr\u00e9parer automatiquement 4 boissons simultan\u00e9ment : la TANGO\u00ae ST DUO est l'unique mod\u00e8le du march\u00e9 de l'automatique \u00e0 offrir un tel niveau de performance, tout en garantissant une exceptionnelle qualit\u00e9 d'extraction.  Avec un encombrement minimal de 60cm pour un mod\u00e8le deux groupes, la TANGO\u00ae ST DUO est l\u2019\u00e9quipement id\u00e9al pour les \u00e9tablissements faisant le choix de la pr\u00e9paration automatique de boissons caf\u00e9 et de sp\u00e9cialit\u00e9s \u00e0 base de caf\u00e9 et de lait frais, ayant une consommation jusqu\u2019\u00e0 30Kg de caf\u00e9 \/semaine.","og_url":"http:\/\/drbean.ca\/en\/catalogue\/machines\/automatiques\/tango-st-duo\/","og_site_name":"Dr Bean","article_publisher":"https:\/\/www.facebook.com\/DRBEANMTL","article_modified_time":"2023-01-19T20:57:59+00:00","og_image":[{"width":437,"height":495,"url":"https:\/\/drbean.ca\/wp-content\/uploads\/2016\/08\/TANGO-ST-DUO.jpeg","type":"image\/jpeg"}],"twitter_card":"summary_large_image","twitter_misc":{"Est. reading time":"1 minute"},"schema":{"@context":"https:\/\/schema.org","@graph":[{"@type":"WebPage","@id":"http:\/\/drbean.ca\/fr\/catalogue\/machines\/automatiques\/tango-st-duo\/","url":"http:\/\/drbean.ca\/fr\/catalogue\/machines\/automatiques\/tango-st-duo\/","name":"Unic Tango St Duo - Dr Bean","isPartOf":{"@id":"https:\/\/drbean.ca\/fr\/#website"},"primaryImageOfPage":{"@id":"http:\/\/drbean.ca\/fr\/catalogue\/machines\/automatiques\/tango-st-duo\/#primaryimage"},"image":{"@id":"http:\/\/drbean.ca\/fr\/catalogue\/machines\/automatiques\/tango-st-duo\/#primaryimage"},"thumbnailUrl":"https:\/\/drbean.ca\/wp-content\/uploads\/2016\/08\/TANGO-ST-DUO.jpeg","datePublished":"2016-08-31T17:03:50+00:00","dateModified":"2023-01-19T20:57:59+00:00","breadcrumb":{"@id":"http:\/\/drbean.ca\/fr\/catalogue\/machines\/automatiques\/tango-st-duo\/#breadcrumb"},"inLanguage":"en-US","potentialAction":[{"@type":"ReadAction","target":["http:\/\/drbean.ca\/fr\/catalogue\/machines\/automatiques\/tango-st-duo\/"]}]},{"@type":"ImageObject","inLanguage":"en-US","@id":"http:\/\/drbean.ca\/fr\/catalogue\/machines\/automatiques\/tango-st-duo\/#primaryimage","url":"https:\/\/drbean.ca\/wp-content\/uploads\/2016\/08\/TANGO-ST-DUO.jpeg","contentUrl":"https:\/\/drbean.ca\/wp-content\/uploads\/2016\/08\/TANGO-ST-DUO.jpeg","width":437,"height":495,"caption":"machine \u00e0 caf\u00e9 Tango St Duo"},{"@type":"BreadcrumbList","@id":"http:\/\/drbean.ca\/fr\/catalogue\/machines\/automatiques\/tango-st-duo\/#breadcrumb","itemListElement":[{"@type":"ListItem","position":1,"name":"Accueil","item":"http:\/\/drbean.ca\/fr\/"},{"@type":"ListItem","position":2,"name":"Boutique","item":"http:\/\/drbean.ca\/fr\/boutique\/"},{"@type":"ListItem","position":3,"name":"Unic Tango St Duo"}]},{"@type":"WebSite","@id":"https:\/\/drbean.ca\/fr\/#website","url":"https:\/\/drbean.ca\/fr\/","name":"Dr Bean","description":"Votre partenaire depuis plus de 15 ans","publisher":{"@id":"https:\/\/drbean.ca\/fr\/#organization"},"potentialAction":[{"@type":"SearchAction","target":{"@type":"EntryPoint","urlTemplate":"https:\/\/drbean.ca\/fr\/?s={search_term_string}"},"query-input":{"@type":"PropertyValueSpecification","valueRequired":true,"valueName":"search_term_string"}}],"inLanguage":"en-US"},{"@type":"Organization","@id":"https:\/\/drbean.ca\/fr\/#organization","name":"Dr Bean","url":"https:\/\/drbean.ca\/fr\/","logo":{"@type":"ImageObject","inLanguage":"en-US","@id":"https:\/\/drbean.ca\/fr\/#\/schema\/logo\/image\/","url":"https:\/\/drbean.ca\/wp-content\/uploads\/2016\/09\/footer_logo.png","contentUrl":"https:\/\/drbean.ca\/wp-content\/uploads\/2016\/09\/footer_logo.png","width":216,"height":192,"caption":"Dr Bean"},"image":{"@id":"https:\/\/drbean.ca\/fr\/#\/schema\/logo\/image\/"},"sameAs":["https:\/\/www.facebook.com\/DRBEANMTL","https:\/\/www.instagram.com\/drbeanmtl\/"]}]}},"_links":{"self":[{"href":"https:\/\/drbean.ca\/en\/wp-json\/wp\/v2\/product\/491","targetHints":{"allow":["GET"]}}],"collection":[{"href":"https:\/\/drbean.ca\/en\/wp-json\/wp\/v2\/product"}],"about":[{"href":"https:\/\/drbean.ca\/en\/wp-json\/wp\/v2\/types\/product"}],"wp:featuredmedia":[{"embeddable":true,"href":"https:\/\/drbean.ca\/en\/wp-json\/wp\/v2\/media\/492"}],"wp:attachment":[{"href":"https:\/\/drbean.ca\/en\/wp-json\/wp\/v2\/media?parent=491"}],"wp:term":[{"taxonomy":"product_cat","embeddable":true,"href":"https:\/\/drbean.ca\/en\/wp-json\/wp\/v2\/product_cat?post=491"},{"taxonomy":"product_tag","embeddable":true,"href":"https:\/\/drbean.ca\/en\/wp-json\/wp\/v2\/product_tag?post=491"}],"curies":[{"name":"wp","href":"https:\/\/api.w.org\/{rel}","templated":true}]}}