{"id":495,"date":"2016-08-31T13:12:11","date_gmt":"2016-08-31T17:12:11","guid":{"rendered":"https:\/\/drbean.cafebarista.ca\/catalogue\/machines\/traditionnelles\/mira\/"},"modified":"2023-01-19T16:54:53","modified_gmt":"2023-01-19T20:54:53","slug":"unic-mira-2gr-version-haute","status":"publish","type":"product","link":"https:\/\/drbean.ca\/en\/catalogue\/machines\/traditionnelles\/unic-mira-2gr-version-haute\/","title":{"rendered":"Unic Mira 2GR v\u00e9rsion haute"},"content":{"rendered":"<h3>Unic Mira 2GR<\/h3>\n<p>Facile d\u2019utilisation et d\u2019entretien, la <strong>MIRA<\/strong> est la machine espresso traditionnelle destin\u00e9e aux \u00e9tablissements de restauration, aux bars et brasseries dont le volume caf\u00e9 se situe jusqu\u2019\u00e0 10 Kg\/semaine.<\/p>\n<p>Ses caract\u00e9ristiques techniques lui permettent de garantir un r\u00e9sultat caf\u00e9 d\u2019excellente qualit\u00e9, et constant tout au long du service.<\/p>\n<p>La <strong>MIRA<\/strong> est disponible en 1, 2, 3 ou 4 groupes.<\/p>\n<ul>\n<li>Marque : <strong>UNIC<\/strong><\/li>\n<li>Hauteur 51cm<\/li>\n<li>Largeur 64cm<\/li>\n<li>Profondeur 57cm<\/li>\n<li>Poids 55Kg<\/li>\n<li>Puissance totale 4700W<\/li>\n<li>Puissance chaudi\u00e8re vapeur 4300W<\/li>\n<li>Voltage 230V \/400V Tri+N<\/li>\n<\/ul>","protected":false},"excerpt":{"rendered":"<p>Facile d\u2019utilisation et d\u2019entretien, la <strong>MIRA<\/strong> est la machine espresso traditionnelle destin\u00e9e aux \u00e9tablissements de restauration, aux bars et brasseries dont le volume caf\u00e9 se situe jusqu\u2019\u00e0 10 Kg\/semaine.<\/p>\n<p>Ses caract\u00e9ristiques techniques lui permettent de garantir un r\u00e9sultat caf\u00e9 d\u2019excellente qualit\u00e9, et constant tout au long du service.<\/p>\n<p>La <strong>MIRA<\/strong> est disponible en 1, 2, 3 ou 4 groupes.<\/p>\n<p>&nbsp;<\/p>\n<p><a class=\"maxbutton-1 maxbutton maxbutton-fiche-technique-mira\" target=\"_blank\" rel=\"noopener\" href=\"https:\/\/www.unic-sa.com\/uploads\/media\/product\/0001\/01\/923f590abee611a930c1f94eaa6a076b3cba0b74.pdf\"><span class='mb-text'>FICHE TECHNIQUE<\/span><\/a><\/p>\n<p><a class=\"maxbutton-2 maxbutton maxbutton-technical-manual\" target=\"_blank\" rel=\"noopener\" href=\"https:\/\/www.unic-sa.com\/uploads\/media\/product\/0001\/01\/256258f7aabe13e8d75782d137fd6b0ca479fc3e.pdf\"><span class='mb-text'>TECHNICAL MANUAL<\/span><\/a><\/p>\n<p>&nbsp;<\/p>\n<p><a class=\"maxbutton-1 maxbutton maxbutton-fiche-technique-mira\" target=\"_blank\" rel=\"noopener\" href=\"http:\/\/drbean.ca\/en\/partsmira.pdf\/\"><span class='mb-text'>PI\u00c8CES D\u00c9TACH\u00c9ES<\/span><\/a><\/p>\n<p>&nbsp;<\/p>","protected":false},"featured_media":496,"template":"","meta":{"_et_pb_use_builder":"","_et_pb_old_content":"","om_disable_all_campaigns":false,"_monsterinsights_skip_tracking":false,"_monsterinsights_sitenote_active":false,"_monsterinsights_sitenote_note":"","_monsterinsights_sitenote_category":0},"product_cat":[27,35,39,30,37,41,32,42],"product_tag":[],"class_list":{"0":"post-495","1":"product","2":"type-product","3":"status-publish","4":"has-post-thumbnail","6":"product_cat-bureaux","7":"product_cat-de-20-a-60-places-assises","8":"product_cat-de-20-a-80-chambres","9":"product_cat-de-30-a-70-collaborateurs","10":"product_cat-hotels","11":"product_cat-machines","12":"product_cat-restaurants","13":"product_cat-traditionnelles","15":"first","16":"instock","17":"featured","18":"taxable","19":"shipping-taxable","20":"purchasable","21":"product-type-simple"},"aioseo_notices":[],"yoast_head":"<!-- This site is optimized with the Yoast SEO plugin v23.7 - https:\/\/yoast.com\/wordpress\/plugins\/seo\/ -->\n<title>Unic Mira 2GR v\u00e9rsion haute - Dr Bean<\/title>\n<meta name=\"description\" content=\"Facile d\u2019utilisation et d\u2019entretien, la MIRA est la machine espresso traditionnelle destin\u00e9e aux \u00e9tablissements de restauration, aux bars et brasseries.\" \/>\n<meta name=\"robots\" content=\"index, follow, max-snippet:-1, max-image-preview:large, max-video-preview:-1\" \/>\n<link rel=\"canonical\" href=\"http:\/\/drbean.ca\/en\/catalogue\/machines\/traditionnelles\/unic-mira-2gr-version-haute\/\" \/>\n<meta property=\"og:locale\" content=\"en_US\" \/>\n<meta property=\"og:type\" content=\"article\" \/>\n<meta property=\"og:title\" content=\"Unic Mira 2GR v\u00e9rsion haute - Dr Bean\" \/>\n<meta property=\"og:description\" content=\"Facile d\u2019utilisation et d\u2019entretien, la MIRA est la machine espresso traditionnelle destin\u00e9e aux \u00e9tablissements de restauration, aux bars et brasseries.\" \/>\n<meta property=\"og:url\" content=\"http:\/\/drbean.ca\/en\/catalogue\/machines\/traditionnelles\/unic-mira-2gr-version-haute\/\" \/>\n<meta property=\"og:site_name\" content=\"Dr Bean\" \/>\n<meta property=\"article:publisher\" content=\"https:\/\/www.facebook.com\/DRBEANMTL\" \/>\n<meta property=\"article:modified_time\" content=\"2023-01-19T20:54:53+00:00\" \/>\n<meta property=\"og:image\" content=\"https:\/\/drbean.ca\/wp-content\/uploads\/2016\/08\/UNIC-MIRA.jpeg\" \/>\n\t<meta property=\"og:image:width\" content=\"437\" \/>\n\t<meta property=\"og:image:height\" content=\"495\" \/>\n\t<meta property=\"og:image:type\" content=\"image\/jpeg\" \/>\n<meta name=\"twitter:card\" content=\"summary_large_image\" \/>\n<script type=\"application\/ld+json\" class=\"yoast-schema-graph\">{\"@context\":\"https:\/\/schema.org\",\"@graph\":[{\"@type\":\"WebPage\",\"@id\":\"http:\/\/drbean.ca\/fr\/catalogue\/machines\/traditionnelles\/unic-mira-2gr-version-haute\/\",\"url\":\"http:\/\/drbean.ca\/fr\/catalogue\/machines\/traditionnelles\/unic-mira-2gr-version-haute\/\",\"name\":\"Unic Mira 2GR v\u00e9rsion haute - Dr Bean\",\"isPartOf\":{\"@id\":\"https:\/\/drbean.ca\/fr\/#website\"},\"primaryImageOfPage\":{\"@id\":\"http:\/\/drbean.ca\/fr\/catalogue\/machines\/traditionnelles\/unic-mira-2gr-version-haute\/#primaryimage\"},\"image\":{\"@id\":\"http:\/\/drbean.ca\/fr\/catalogue\/machines\/traditionnelles\/unic-mira-2gr-version-haute\/#primaryimage\"},\"thumbnailUrl\":\"https:\/\/drbean.ca\/wp-content\/uploads\/2016\/08\/UNIC-MIRA.jpeg\",\"datePublished\":\"2016-08-31T17:12:11+00:00\",\"dateModified\":\"2023-01-19T20:54:53+00:00\",\"description\":\"Facile d\u2019utilisation et d\u2019entretien, la MIRA est la machine espresso traditionnelle destin\u00e9e aux \u00e9tablissements de restauration, aux bars et brasseries.\",\"breadcrumb\":{\"@id\":\"http:\/\/drbean.ca\/fr\/catalogue\/machines\/traditionnelles\/unic-mira-2gr-version-haute\/#breadcrumb\"},\"inLanguage\":\"en-US\",\"potentialAction\":[{\"@type\":\"ReadAction\",\"target\":[\"http:\/\/drbean.ca\/fr\/catalogue\/machines\/traditionnelles\/unic-mira-2gr-version-haute\/\"]}]},{\"@type\":\"ImageObject\",\"inLanguage\":\"en-US\",\"@id\":\"http:\/\/drbean.ca\/fr\/catalogue\/machines\/traditionnelles\/unic-mira-2gr-version-haute\/#primaryimage\",\"url\":\"https:\/\/drbean.ca\/wp-content\/uploads\/2016\/08\/UNIC-MIRA.jpeg\",\"contentUrl\":\"https:\/\/drbean.ca\/wp-content\/uploads\/2016\/08\/UNIC-MIRA.jpeg\",\"width\":437,\"height\":495,\"caption\":\"machine \u00e0 caf\u00e9 Mira\"},{\"@type\":\"BreadcrumbList\",\"@id\":\"http:\/\/drbean.ca\/fr\/catalogue\/machines\/traditionnelles\/unic-mira-2gr-version-haute\/#breadcrumb\",\"itemListElement\":[{\"@type\":\"ListItem\",\"position\":1,\"name\":\"Accueil\",\"item\":\"http:\/\/drbean.ca\/fr\/\"},{\"@type\":\"ListItem\",\"position\":2,\"name\":\"Boutique\",\"item\":\"http:\/\/drbean.ca\/fr\/boutique\/\"},{\"@type\":\"ListItem\",\"position\":3,\"name\":\"Unic Mira 2GR v\u00e9rsion haute\"}]},{\"@type\":\"WebSite\",\"@id\":\"https:\/\/drbean.ca\/fr\/#website\",\"url\":\"https:\/\/drbean.ca\/fr\/\",\"name\":\"Dr Bean\",\"description\":\"Votre partenaire depuis plus de 15 ans\",\"publisher\":{\"@id\":\"https:\/\/drbean.ca\/fr\/#organization\"},\"potentialAction\":[{\"@type\":\"SearchAction\",\"target\":{\"@type\":\"EntryPoint\",\"urlTemplate\":\"https:\/\/drbean.ca\/fr\/?s={search_term_string}\"},\"query-input\":{\"@type\":\"PropertyValueSpecification\",\"valueRequired\":true,\"valueName\":\"search_term_string\"}}],\"inLanguage\":\"en-US\"},{\"@type\":\"Organization\",\"@id\":\"https:\/\/drbean.ca\/fr\/#organization\",\"name\":\"Dr Bean\",\"url\":\"https:\/\/drbean.ca\/fr\/\",\"logo\":{\"@type\":\"ImageObject\",\"inLanguage\":\"en-US\",\"@id\":\"https:\/\/drbean.ca\/fr\/#\/schema\/logo\/image\/\",\"url\":\"https:\/\/drbean.ca\/wp-content\/uploads\/2016\/09\/footer_logo.png\",\"contentUrl\":\"https:\/\/drbean.ca\/wp-content\/uploads\/2016\/09\/footer_logo.png\",\"width\":216,\"height\":192,\"caption\":\"Dr Bean\"},\"image\":{\"@id\":\"https:\/\/drbean.ca\/fr\/#\/schema\/logo\/image\/\"},\"sameAs\":[\"https:\/\/www.facebook.com\/DRBEANMTL\",\"https:\/\/www.instagram.com\/drbeanmtl\/\"]}]}<\/script>\n<!-- \/ Yoast SEO plugin. -->","yoast_head_json":{"title":"Unic Mira 2GR v\u00e9rsion haute - Dr Bean","description":"Facile d\u2019utilisation et d\u2019entretien, la MIRA est la machine espresso traditionnelle destin\u00e9e aux \u00e9tablissements de restauration, aux bars et brasseries.","robots":{"index":"index","follow":"follow","max-snippet":"max-snippet:-1","max-image-preview":"max-image-preview:large","max-video-preview":"max-video-preview:-1"},"canonical":"http:\/\/drbean.ca\/en\/catalogue\/machines\/traditionnelles\/unic-mira-2gr-version-haute\/","og_locale":"en_US","og_type":"article","og_title":"Unic Mira 2GR v\u00e9rsion haute - Dr Bean","og_description":"Facile d\u2019utilisation et d\u2019entretien, la MIRA est la machine espresso traditionnelle destin\u00e9e aux \u00e9tablissements de restauration, aux bars et brasseries.","og_url":"http:\/\/drbean.ca\/en\/catalogue\/machines\/traditionnelles\/unic-mira-2gr-version-haute\/","og_site_name":"Dr Bean","article_publisher":"https:\/\/www.facebook.com\/DRBEANMTL","article_modified_time":"2023-01-19T20:54:53+00:00","og_image":[{"width":437,"height":495,"url":"https:\/\/drbean.ca\/wp-content\/uploads\/2016\/08\/UNIC-MIRA.jpeg","type":"image\/jpeg"}],"twitter_card":"summary_large_image","schema":{"@context":"https:\/\/schema.org","@graph":[{"@type":"WebPage","@id":"http:\/\/drbean.ca\/fr\/catalogue\/machines\/traditionnelles\/unic-mira-2gr-version-haute\/","url":"http:\/\/drbean.ca\/fr\/catalogue\/machines\/traditionnelles\/unic-mira-2gr-version-haute\/","name":"Unic Mira 2GR v\u00e9rsion haute - Dr Bean","isPartOf":{"@id":"https:\/\/drbean.ca\/fr\/#website"},"primaryImageOfPage":{"@id":"http:\/\/drbean.ca\/fr\/catalogue\/machines\/traditionnelles\/unic-mira-2gr-version-haute\/#primaryimage"},"image":{"@id":"http:\/\/drbean.ca\/fr\/catalogue\/machines\/traditionnelles\/unic-mira-2gr-version-haute\/#primaryimage"},"thumbnailUrl":"https:\/\/drbean.ca\/wp-content\/uploads\/2016\/08\/UNIC-MIRA.jpeg","datePublished":"2016-08-31T17:12:11+00:00","dateModified":"2023-01-19T20:54:53+00:00","description":"Facile d\u2019utilisation et d\u2019entretien, la MIRA est la machine espresso traditionnelle destin\u00e9e aux \u00e9tablissements de restauration, aux bars et brasseries.","breadcrumb":{"@id":"http:\/\/drbean.ca\/fr\/catalogue\/machines\/traditionnelles\/unic-mira-2gr-version-haute\/#breadcrumb"},"inLanguage":"en-US","potentialAction":[{"@type":"ReadAction","target":["http:\/\/drbean.ca\/fr\/catalogue\/machines\/traditionnelles\/unic-mira-2gr-version-haute\/"]}]},{"@type":"ImageObject","inLanguage":"en-US","@id":"http:\/\/drbean.ca\/fr\/catalogue\/machines\/traditionnelles\/unic-mira-2gr-version-haute\/#primaryimage","url":"https:\/\/drbean.ca\/wp-content\/uploads\/2016\/08\/UNIC-MIRA.jpeg","contentUrl":"https:\/\/drbean.ca\/wp-content\/uploads\/2016\/08\/UNIC-MIRA.jpeg","width":437,"height":495,"caption":"machine \u00e0 caf\u00e9 Mira"},{"@type":"BreadcrumbList","@id":"http:\/\/drbean.ca\/fr\/catalogue\/machines\/traditionnelles\/unic-mira-2gr-version-haute\/#breadcrumb","itemListElement":[{"@type":"ListItem","position":1,"name":"Accueil","item":"http:\/\/drbean.ca\/fr\/"},{"@type":"ListItem","position":2,"name":"Boutique","item":"http:\/\/drbean.ca\/fr\/boutique\/"},{"@type":"ListItem","position":3,"name":"Unic Mira 2GR v\u00e9rsion haute"}]},{"@type":"WebSite","@id":"https:\/\/drbean.ca\/fr\/#website","url":"https:\/\/drbean.ca\/fr\/","name":"Dr Bean","description":"Votre partenaire depuis plus de 15 ans","publisher":{"@id":"https:\/\/drbean.ca\/fr\/#organization"},"potentialAction":[{"@type":"SearchAction","target":{"@type":"EntryPoint","urlTemplate":"https:\/\/drbean.ca\/fr\/?s={search_term_string}"},"query-input":{"@type":"PropertyValueSpecification","valueRequired":true,"valueName":"search_term_string"}}],"inLanguage":"en-US"},{"@type":"Organization","@id":"https:\/\/drbean.ca\/fr\/#organization","name":"Dr Bean","url":"https:\/\/drbean.ca\/fr\/","logo":{"@type":"ImageObject","inLanguage":"en-US","@id":"https:\/\/drbean.ca\/fr\/#\/schema\/logo\/image\/","url":"https:\/\/drbean.ca\/wp-content\/uploads\/2016\/09\/footer_logo.png","contentUrl":"https:\/\/drbean.ca\/wp-content\/uploads\/2016\/09\/footer_logo.png","width":216,"height":192,"caption":"Dr Bean"},"image":{"@id":"https:\/\/drbean.ca\/fr\/#\/schema\/logo\/image\/"},"sameAs":["https:\/\/www.facebook.com\/DRBEANMTL","https:\/\/www.instagram.com\/drbeanmtl\/"]}]}},"_links":{"self":[{"href":"https:\/\/drbean.ca\/en\/wp-json\/wp\/v2\/product\/495","targetHints":{"allow":["GET"]}}],"collection":[{"href":"https:\/\/drbean.ca\/en\/wp-json\/wp\/v2\/product"}],"about":[{"href":"https:\/\/drbean.ca\/en\/wp-json\/wp\/v2\/types\/product"}],"wp:featuredmedia":[{"embeddable":true,"href":"https:\/\/drbean.ca\/en\/wp-json\/wp\/v2\/media\/496"}],"wp:attachment":[{"href":"https:\/\/drbean.ca\/en\/wp-json\/wp\/v2\/media?parent=495"}],"wp:term":[{"taxonomy":"product_cat","embeddable":true,"href":"https:\/\/drbean.ca\/en\/wp-json\/wp\/v2\/product_cat?post=495"},{"taxonomy":"product_tag","embeddable":true,"href":"https:\/\/drbean.ca\/en\/wp-json\/wp\/v2\/product_tag?post=495"}],"curies":[{"name":"wp","href":"https:\/\/api.w.org\/{rel}","templated":true}]}}