{"id":514,"date":"2016-08-31T14:26:34","date_gmt":"2016-08-31T18:26:34","guid":{"rendered":"https:\/\/drbean.cafebarista.ca\/catalogue\/dosettes-cafe\/cafe-papouasie-dosettes-ese-x25\/"},"modified":"2023-01-19T16:57:05","modified_gmt":"2023-01-19T20:57:05","slug":"cafe-papouasie-dosettes-ese-x25","status":"publish","type":"product","link":"https:\/\/drbean.ca\/en\/catalogue\/dosettes-cafe\/cafe-papouasie-dosettes-ese-x25\/","title":{"rendered":"Caf\u00e9 Papouasie (dosettes ESE x25)"},"content":{"rendered":"<h3>Caf\u00e9 Papouasie<\/h3>\n<p>Cet \u00e9tui contient 25 pods ESE de caf\u00e9 pur Arabica de Papouasie.<br \/>\nC&rsquo;est un Grand Cru particuli\u00e8rement aromatique aux saveurs riches et \u00e9quilibr\u00e9es. Il r\u00e9v\u00e8le un mariage entre rondeur et douceur relev\u00e9 d&rsquo;une touche acidul\u00e9e.<\/p>\n<p>Sa tasse savoureuse et d\u2019une grande finesse r\u00e9v\u00e8le un go\u00fbt aromatis\u00e9, suave et l\u00e9g\u00e8rement acidul\u00e9.<\/p>\n<p>Marque : <strong>CAFES RICHARD<\/strong><\/p>","protected":false},"excerpt":{"rendered":"<p>Cet \u00e9tui contient 25 pods ESE de caf\u00e9 pur Arabica de Papouasie.<br \/>\nC&rsquo;est un Grand Cru particuli\u00e8rement aromatique aux saveurs riches et \u00e9quilibr\u00e9es. Il r\u00e9v\u00e8le un mariage entre rondeur et douceur relev\u00e9 d&rsquo;une touche acidul\u00e9e.<\/p>\n<p>Sa tasse savoureuse et d\u2019une grande finesse r\u00e9v\u00e8le un go\u00fbt aromatis\u00e9, suave et l\u00e9g\u00e8rement acidul\u00e9.<\/p>\n<p>Marque : <strong>CAFES RICHARD<\/strong><\/p>\n<p>&nbsp;<\/p>\n<p><a class=\"maxbutton-1 maxbutton maxbutton-fiche-technique-mira\" target=\"_blank\" rel=\"noopener\" href=\"http:\/\/drbean.ca\/en\/cartepodsfr.pdf\/\"><span class='mb-text'>CARTE DES CAF\u00c9S<\/span><\/a><\/p>\n<p><a class=\"maxbutton-2 maxbutton maxbutton-technical-manual\" target=\"_blank\" rel=\"noopener\" href=\"http:\/\/drbean.ca\/en\/cartepodgb.pdf\/\"><span class='mb-text'>COFFEE MENU<\/span><\/a><\/p>\n<p>&nbsp;<\/p>","protected":false},"featured_media":515,"template":"","meta":{"_et_pb_use_builder":"","_et_pb_old_content":"","om_disable_all_campaigns":false,"_monsterinsights_skip_tracking":false,"_monsterinsights_sitenote_active":false,"_monsterinsights_sitenote_note":"","_monsterinsights_sitenote_category":0},"product_cat":[48],"product_tag":[],"class_list":{"0":"post-514","1":"product","2":"type-product","3":"status-publish","4":"has-post-thumbnail","6":"product_cat-dosettes-cafe","8":"first","9":"instock","10":"featured","11":"purchasable","12":"product-type-simple"},"aioseo_notices":[],"yoast_head":"<!-- This site is optimized with the Yoast SEO plugin v23.7 - https:\/\/yoast.com\/wordpress\/plugins\/seo\/ -->\n<title>Caf\u00e9 Papouasie (dosettes ESE x25) - Dr Bean<\/title>\n<meta name=\"description\" content=\"D\u00e9couvrez le caf\u00e9 Papouasie en dosettes, Sa tasse savoureuse et d\u2019une grande finesse r\u00e9v\u00e8le un go\u00fbt aromatis\u00e9, suave et l\u00e9g\u00e8rement acidul\u00e9.\" \/>\n<meta name=\"robots\" content=\"index, follow, max-snippet:-1, max-image-preview:large, max-video-preview:-1\" \/>\n<link rel=\"canonical\" href=\"http:\/\/drbean.ca\/en\/catalogue\/dosettes-cafe\/cafe-papouasie-dosettes-ese-x25\/\" \/>\n<meta property=\"og:locale\" content=\"en_US\" \/>\n<meta property=\"og:type\" content=\"article\" \/>\n<meta property=\"og:title\" content=\"Caf\u00e9 Papouasie (dosettes ESE x25) - Dr Bean\" \/>\n<meta property=\"og:description\" content=\"D\u00e9couvrez le caf\u00e9 Papouasie en dosettes, Sa tasse savoureuse et d\u2019une grande finesse r\u00e9v\u00e8le un go\u00fbt aromatis\u00e9, suave et l\u00e9g\u00e8rement acidul\u00e9.\" \/>\n<meta property=\"og:url\" content=\"http:\/\/drbean.ca\/en\/catalogue\/dosettes-cafe\/cafe-papouasie-dosettes-ese-x25\/\" \/>\n<meta property=\"og:site_name\" content=\"Dr Bean\" \/>\n<meta property=\"article:publisher\" content=\"https:\/\/www.facebook.com\/DRBEANMTL\" \/>\n<meta property=\"article:modified_time\" content=\"2023-01-19T20:57:05+00:00\" \/>\n<meta property=\"og:image\" content=\"https:\/\/drbean.ca\/wp-content\/uploads\/2016\/08\/pod-papouasie.jpg\" \/>\n\t<meta property=\"og:image:width\" content=\"900\" \/>\n\t<meta property=\"og:image:height\" content=\"900\" \/>\n\t<meta property=\"og:image:type\" content=\"image\/jpeg\" \/>\n<meta name=\"twitter:card\" content=\"summary_large_image\" \/>\n<script type=\"application\/ld+json\" class=\"yoast-schema-graph\">{\"@context\":\"https:\/\/schema.org\",\"@graph\":[{\"@type\":\"WebPage\",\"@id\":\"http:\/\/drbean.ca\/fr\/catalogue\/dosettes-cafe\/cafe-papouasie-dosettes-ese-x25\/\",\"url\":\"http:\/\/drbean.ca\/fr\/catalogue\/dosettes-cafe\/cafe-papouasie-dosettes-ese-x25\/\",\"name\":\"Caf\u00e9 Papouasie (dosettes ESE x25) - Dr Bean\",\"isPartOf\":{\"@id\":\"https:\/\/drbean.ca\/fr\/#website\"},\"primaryImageOfPage\":{\"@id\":\"http:\/\/drbean.ca\/fr\/catalogue\/dosettes-cafe\/cafe-papouasie-dosettes-ese-x25\/#primaryimage\"},\"image\":{\"@id\":\"http:\/\/drbean.ca\/fr\/catalogue\/dosettes-cafe\/cafe-papouasie-dosettes-ese-x25\/#primaryimage\"},\"thumbnailUrl\":\"https:\/\/drbean.ca\/wp-content\/uploads\/2016\/08\/pod-papouasie.jpg\",\"datePublished\":\"2016-08-31T18:26:34+00:00\",\"dateModified\":\"2023-01-19T20:57:05+00:00\",\"description\":\"D\u00e9couvrez le caf\u00e9 Papouasie en dosettes, Sa tasse savoureuse et d\u2019une grande finesse r\u00e9v\u00e8le un go\u00fbt aromatis\u00e9, suave et l\u00e9g\u00e8rement acidul\u00e9.\",\"breadcrumb\":{\"@id\":\"http:\/\/drbean.ca\/fr\/catalogue\/dosettes-cafe\/cafe-papouasie-dosettes-ese-x25\/#breadcrumb\"},\"inLanguage\":\"en-US\",\"potentialAction\":[{\"@type\":\"ReadAction\",\"target\":[\"http:\/\/drbean.ca\/fr\/catalogue\/dosettes-cafe\/cafe-papouasie-dosettes-ese-x25\/\"]}]},{\"@type\":\"ImageObject\",\"inLanguage\":\"en-US\",\"@id\":\"http:\/\/drbean.ca\/fr\/catalogue\/dosettes-cafe\/cafe-papouasie-dosettes-ese-x25\/#primaryimage\",\"url\":\"https:\/\/drbean.ca\/wp-content\/uploads\/2016\/08\/pod-papouasie.jpg\",\"contentUrl\":\"https:\/\/drbean.ca\/wp-content\/uploads\/2016\/08\/pod-papouasie.jpg\",\"width\":900,\"height\":900,\"caption\":\"caf\u00e9 papouasie\"},{\"@type\":\"BreadcrumbList\",\"@id\":\"http:\/\/drbean.ca\/fr\/catalogue\/dosettes-cafe\/cafe-papouasie-dosettes-ese-x25\/#breadcrumb\",\"itemListElement\":[{\"@type\":\"ListItem\",\"position\":1,\"name\":\"Accueil\",\"item\":\"http:\/\/drbean.ca\/fr\/\"},{\"@type\":\"ListItem\",\"position\":2,\"name\":\"Boutique\",\"item\":\"http:\/\/drbean.ca\/fr\/boutique\/\"},{\"@type\":\"ListItem\",\"position\":3,\"name\":\"Caf\u00e9 Papouasie (dosettes ESE x25)\"}]},{\"@type\":\"WebSite\",\"@id\":\"https:\/\/drbean.ca\/fr\/#website\",\"url\":\"https:\/\/drbean.ca\/fr\/\",\"name\":\"Dr Bean\",\"description\":\"Votre partenaire depuis plus de 15 ans\",\"publisher\":{\"@id\":\"https:\/\/drbean.ca\/fr\/#organization\"},\"potentialAction\":[{\"@type\":\"SearchAction\",\"target\":{\"@type\":\"EntryPoint\",\"urlTemplate\":\"https:\/\/drbean.ca\/fr\/?s={search_term_string}\"},\"query-input\":{\"@type\":\"PropertyValueSpecification\",\"valueRequired\":true,\"valueName\":\"search_term_string\"}}],\"inLanguage\":\"en-US\"},{\"@type\":\"Organization\",\"@id\":\"https:\/\/drbean.ca\/fr\/#organization\",\"name\":\"Dr Bean\",\"url\":\"https:\/\/drbean.ca\/fr\/\",\"logo\":{\"@type\":\"ImageObject\",\"inLanguage\":\"en-US\",\"@id\":\"https:\/\/drbean.ca\/fr\/#\/schema\/logo\/image\/\",\"url\":\"https:\/\/drbean.ca\/wp-content\/uploads\/2016\/09\/footer_logo.png\",\"contentUrl\":\"https:\/\/drbean.ca\/wp-content\/uploads\/2016\/09\/footer_logo.png\",\"width\":216,\"height\":192,\"caption\":\"Dr Bean\"},\"image\":{\"@id\":\"https:\/\/drbean.ca\/fr\/#\/schema\/logo\/image\/\"},\"sameAs\":[\"https:\/\/www.facebook.com\/DRBEANMTL\",\"https:\/\/www.instagram.com\/drbeanmtl\/\"]}]}<\/script>\n<!-- \/ Yoast SEO plugin. -->","yoast_head_json":{"title":"Caf\u00e9 Papouasie (dosettes ESE x25) - Dr Bean","description":"D\u00e9couvrez le caf\u00e9 Papouasie en dosettes, Sa tasse savoureuse et d\u2019une grande finesse r\u00e9v\u00e8le un go\u00fbt aromatis\u00e9, suave et l\u00e9g\u00e8rement acidul\u00e9.","robots":{"index":"index","follow":"follow","max-snippet":"max-snippet:-1","max-image-preview":"max-image-preview:large","max-video-preview":"max-video-preview:-1"},"canonical":"http:\/\/drbean.ca\/en\/catalogue\/dosettes-cafe\/cafe-papouasie-dosettes-ese-x25\/","og_locale":"en_US","og_type":"article","og_title":"Caf\u00e9 Papouasie (dosettes ESE x25) - Dr Bean","og_description":"D\u00e9couvrez le caf\u00e9 Papouasie en dosettes, Sa tasse savoureuse et d\u2019une grande finesse r\u00e9v\u00e8le un go\u00fbt aromatis\u00e9, suave et l\u00e9g\u00e8rement acidul\u00e9.","og_url":"http:\/\/drbean.ca\/en\/catalogue\/dosettes-cafe\/cafe-papouasie-dosettes-ese-x25\/","og_site_name":"Dr Bean","article_publisher":"https:\/\/www.facebook.com\/DRBEANMTL","article_modified_time":"2023-01-19T20:57:05+00:00","og_image":[{"width":900,"height":900,"url":"https:\/\/drbean.ca\/wp-content\/uploads\/2016\/08\/pod-papouasie.jpg","type":"image\/jpeg"}],"twitter_card":"summary_large_image","schema":{"@context":"https:\/\/schema.org","@graph":[{"@type":"WebPage","@id":"http:\/\/drbean.ca\/fr\/catalogue\/dosettes-cafe\/cafe-papouasie-dosettes-ese-x25\/","url":"http:\/\/drbean.ca\/fr\/catalogue\/dosettes-cafe\/cafe-papouasie-dosettes-ese-x25\/","name":"Caf\u00e9 Papouasie (dosettes ESE x25) - Dr Bean","isPartOf":{"@id":"https:\/\/drbean.ca\/fr\/#website"},"primaryImageOfPage":{"@id":"http:\/\/drbean.ca\/fr\/catalogue\/dosettes-cafe\/cafe-papouasie-dosettes-ese-x25\/#primaryimage"},"image":{"@id":"http:\/\/drbean.ca\/fr\/catalogue\/dosettes-cafe\/cafe-papouasie-dosettes-ese-x25\/#primaryimage"},"thumbnailUrl":"https:\/\/drbean.ca\/wp-content\/uploads\/2016\/08\/pod-papouasie.jpg","datePublished":"2016-08-31T18:26:34+00:00","dateModified":"2023-01-19T20:57:05+00:00","description":"D\u00e9couvrez le caf\u00e9 Papouasie en dosettes, Sa tasse savoureuse et d\u2019une grande finesse r\u00e9v\u00e8le un go\u00fbt aromatis\u00e9, suave et l\u00e9g\u00e8rement acidul\u00e9.","breadcrumb":{"@id":"http:\/\/drbean.ca\/fr\/catalogue\/dosettes-cafe\/cafe-papouasie-dosettes-ese-x25\/#breadcrumb"},"inLanguage":"en-US","potentialAction":[{"@type":"ReadAction","target":["http:\/\/drbean.ca\/fr\/catalogue\/dosettes-cafe\/cafe-papouasie-dosettes-ese-x25\/"]}]},{"@type":"ImageObject","inLanguage":"en-US","@id":"http:\/\/drbean.ca\/fr\/catalogue\/dosettes-cafe\/cafe-papouasie-dosettes-ese-x25\/#primaryimage","url":"https:\/\/drbean.ca\/wp-content\/uploads\/2016\/08\/pod-papouasie.jpg","contentUrl":"https:\/\/drbean.ca\/wp-content\/uploads\/2016\/08\/pod-papouasie.jpg","width":900,"height":900,"caption":"caf\u00e9 papouasie"},{"@type":"BreadcrumbList","@id":"http:\/\/drbean.ca\/fr\/catalogue\/dosettes-cafe\/cafe-papouasie-dosettes-ese-x25\/#breadcrumb","itemListElement":[{"@type":"ListItem","position":1,"name":"Accueil","item":"http:\/\/drbean.ca\/fr\/"},{"@type":"ListItem","position":2,"name":"Boutique","item":"http:\/\/drbean.ca\/fr\/boutique\/"},{"@type":"ListItem","position":3,"name":"Caf\u00e9 Papouasie (dosettes ESE x25)"}]},{"@type":"WebSite","@id":"https:\/\/drbean.ca\/fr\/#website","url":"https:\/\/drbean.ca\/fr\/","name":"Dr Bean","description":"Votre partenaire depuis plus de 15 ans","publisher":{"@id":"https:\/\/drbean.ca\/fr\/#organization"},"potentialAction":[{"@type":"SearchAction","target":{"@type":"EntryPoint","urlTemplate":"https:\/\/drbean.ca\/fr\/?s={search_term_string}"},"query-input":{"@type":"PropertyValueSpecification","valueRequired":true,"valueName":"search_term_string"}}],"inLanguage":"en-US"},{"@type":"Organization","@id":"https:\/\/drbean.ca\/fr\/#organization","name":"Dr Bean","url":"https:\/\/drbean.ca\/fr\/","logo":{"@type":"ImageObject","inLanguage":"en-US","@id":"https:\/\/drbean.ca\/fr\/#\/schema\/logo\/image\/","url":"https:\/\/drbean.ca\/wp-content\/uploads\/2016\/09\/footer_logo.png","contentUrl":"https:\/\/drbean.ca\/wp-content\/uploads\/2016\/09\/footer_logo.png","width":216,"height":192,"caption":"Dr Bean"},"image":{"@id":"https:\/\/drbean.ca\/fr\/#\/schema\/logo\/image\/"},"sameAs":["https:\/\/www.facebook.com\/DRBEANMTL","https:\/\/www.instagram.com\/drbeanmtl\/"]}]}},"_links":{"self":[{"href":"https:\/\/drbean.ca\/en\/wp-json\/wp\/v2\/product\/514","targetHints":{"allow":["GET"]}}],"collection":[{"href":"https:\/\/drbean.ca\/en\/wp-json\/wp\/v2\/product"}],"about":[{"href":"https:\/\/drbean.ca\/en\/wp-json\/wp\/v2\/types\/product"}],"wp:featuredmedia":[{"embeddable":true,"href":"https:\/\/drbean.ca\/en\/wp-json\/wp\/v2\/media\/515"}],"wp:attachment":[{"href":"https:\/\/drbean.ca\/en\/wp-json\/wp\/v2\/media?parent=514"}],"wp:term":[{"taxonomy":"product_cat","embeddable":true,"href":"https:\/\/drbean.ca\/en\/wp-json\/wp\/v2\/product_cat?post=514"},{"taxonomy":"product_tag","embeddable":true,"href":"https:\/\/drbean.ca\/en\/wp-json\/wp\/v2\/product_tag?post=514"}],"curies":[{"name":"wp","href":"https:\/\/api.w.org\/{rel}","templated":true}]}}