{"id":543,"date":"2016-08-31T14:56:21","date_gmt":"2016-08-31T18:56:21","guid":{"rendered":"https:\/\/drbean.cafebarista.ca\/catalogue\/thes-et-infusions\/the-vert-jasmin-boite-sachets-voiles-x40\/"},"modified":"2023-03-03T15:54:55","modified_gmt":"2023-03-03T19:54:55","slug":"the-vert-au-jasmin","status":"publish","type":"product","link":"https:\/\/drbean.ca\/en\/catalogue\/thes-et-infusions\/the-vert-au-jasmin\/","title":{"rendered":"Th\u00e9 vert au Jasmin"},"content":{"rendered":"<h3>Th\u00e9 vert au Jasmin<\/h3>\n<p>Ce th\u00e9 vert au Jasmin se d\u00e9guste id\u00e9alement la journ\u00e9e et le soir, sans lait. Ce th\u00e9 r\u00e9unit de petites feuilles torsad\u00e9es de couleur verte p\u00e2le et des p\u00e9tales de jasmin. Sa liqueur claire jaune paille r\u00e9v\u00e8le des notes v\u00e9g\u00e9tales et fleuries avec une l\u00e9g\u00e8re astringence.<\/p>\n<p>Il s&rsquo;accorde parfaitement avec des plats chinois, tha\u00ef ou vietnamiens.<br \/>\nAccord th\u00e9 et confiseries\u00a0: Cakes, sabl\u00e9s, loukoums, fruits secs.<\/p>\n<p>Bo\u00eete de 40 sachets voiles emball\u00e9s individuellement pour pr\u00e9server toute la fra\u00eecheur des ar\u00f4mes.<\/p>\n<p>Marque : <strong>THE DES COMPTOIRS,COMPTOIRS RICHARD<\/strong><\/p>","protected":false},"excerpt":{"rendered":"<p>Ce th\u00e9 vert au Jasmin se d\u00e9guste id\u00e9alement la journ\u00e9e et le soir, sans lait. Ce th\u00e9 r\u00e9unit de petites feuilles torsad\u00e9es de couleur verte p\u00e2le et des p\u00e9tales de jasmin. Sa liqueur claire jaune paille r\u00e9v\u00e8le des notes v\u00e9g\u00e9tales et fleuries avec une l\u00e9g\u00e8re astringence.<\/p>\n<p>Il s&rsquo;accorde parfaitement avec des plats chinois, tha\u00ef ou vietnamiens.<br \/>\nAccord th\u00e9 et confiseries\u00a0: Cakes, sabl\u00e9s, loukoums, fruits secs.<\/p>\n<p>Bo\u00eete de 40 sachets voiles emball\u00e9s individuellement pour pr\u00e9server toute la fra\u00eecheur des ar\u00f4mes.<\/p>\n<p>Marque : <strong>THE DES COMPTOIRS,COMPTOIRS RICHARD<\/strong><\/p>","protected":false},"featured_media":544,"template":"","meta":{"_et_pb_use_builder":"","_et_pb_old_content":"","om_disable_all_campaigns":false,"_monsterinsights_skip_tracking":false,"_monsterinsights_sitenote_active":false,"_monsterinsights_sitenote_note":"","_monsterinsights_sitenote_category":0},"product_cat":[47],"product_tag":[],"class_list":{"0":"post-543","1":"product","2":"type-product","3":"status-publish","4":"has-post-thumbnail","6":"product_cat-thes-et-infusions","8":"first","9":"instock","10":"featured","11":"purchasable","12":"product-type-variable"},"aioseo_notices":[],"yoast_head":"<!-- This site is optimized with the Yoast SEO plugin v23.7 - https:\/\/yoast.com\/wordpress\/plugins\/seo\/ -->\n<title>Th\u00e9 vert au Jasmin - Dr Bean<\/title>\n<meta name=\"description\" content=\"? D\u00e9couvrez le Th\u00e9 vert au Jasmin, sa liqueur claire jaune paille r\u00e9v\u00e8le des notes v\u00e9g\u00e9tales et fleuries avec une l\u00e9g\u00e8re astringence.\" \/>\n<meta name=\"robots\" content=\"index, follow, max-snippet:-1, max-image-preview:large, max-video-preview:-1\" \/>\n<link rel=\"canonical\" href=\"http:\/\/drbean.ca\/en\/catalogue\/thes-et-infusions\/the-vert-au-jasmin\/\" \/>\n<meta property=\"og:locale\" content=\"en_US\" \/>\n<meta property=\"og:type\" content=\"article\" \/>\n<meta property=\"og:title\" content=\"Th\u00e9 vert au Jasmin - Dr Bean\" \/>\n<meta property=\"og:description\" content=\"? D\u00e9couvrez le Th\u00e9 vert au Jasmin, sa liqueur claire jaune paille r\u00e9v\u00e8le des notes v\u00e9g\u00e9tales et fleuries avec une l\u00e9g\u00e8re astringence.\" \/>\n<meta property=\"og:url\" content=\"http:\/\/drbean.ca\/en\/catalogue\/thes-et-infusions\/the-vert-au-jasmin\/\" \/>\n<meta property=\"og:site_name\" content=\"Dr Bean\" \/>\n<meta property=\"article:publisher\" content=\"https:\/\/www.facebook.com\/DRBEANMTL\" \/>\n<meta property=\"article:modified_time\" content=\"2023-03-03T19:54:55+00:00\" \/>\n<meta property=\"og:image\" content=\"https:\/\/drbean.ca\/wp-content\/uploads\/2016\/08\/the-voile-vert-jasmin.jpg\" \/>\n\t<meta property=\"og:image:width\" content=\"900\" \/>\n\t<meta property=\"og:image:height\" content=\"900\" \/>\n\t<meta property=\"og:image:type\" content=\"image\/jpeg\" \/>\n<meta name=\"twitter:card\" content=\"summary_large_image\" \/>\n<meta name=\"twitter:label1\" content=\"Est. reading time\" \/>\n\t<meta name=\"twitter:data1\" content=\"1 minute\" \/>\n<script type=\"application\/ld+json\" class=\"yoast-schema-graph\">{\"@context\":\"https:\/\/schema.org\",\"@graph\":[{\"@type\":\"WebPage\",\"@id\":\"http:\/\/drbean.ca\/fr\/catalogue\/thes-et-infusions\/the-vert-au-jasmin\/\",\"url\":\"http:\/\/drbean.ca\/fr\/catalogue\/thes-et-infusions\/the-vert-au-jasmin\/\",\"name\":\"Th\u00e9 vert au Jasmin - Dr Bean\",\"isPartOf\":{\"@id\":\"https:\/\/drbean.ca\/fr\/#website\"},\"primaryImageOfPage\":{\"@id\":\"http:\/\/drbean.ca\/fr\/catalogue\/thes-et-infusions\/the-vert-au-jasmin\/#primaryimage\"},\"image\":{\"@id\":\"http:\/\/drbean.ca\/fr\/catalogue\/thes-et-infusions\/the-vert-au-jasmin\/#primaryimage\"},\"thumbnailUrl\":\"https:\/\/drbean.ca\/wp-content\/uploads\/2016\/08\/the-voile-vert-jasmin.jpg\",\"datePublished\":\"2016-08-31T18:56:21+00:00\",\"dateModified\":\"2023-03-03T19:54:55+00:00\",\"description\":\"? D\u00e9couvrez le Th\u00e9 vert au Jasmin, sa liqueur claire jaune paille r\u00e9v\u00e8le des notes v\u00e9g\u00e9tales et fleuries avec une l\u00e9g\u00e8re astringence.\",\"breadcrumb\":{\"@id\":\"http:\/\/drbean.ca\/fr\/catalogue\/thes-et-infusions\/the-vert-au-jasmin\/#breadcrumb\"},\"inLanguage\":\"en-US\",\"potentialAction\":[{\"@type\":\"ReadAction\",\"target\":[\"http:\/\/drbean.ca\/fr\/catalogue\/thes-et-infusions\/the-vert-au-jasmin\/\"]}]},{\"@type\":\"ImageObject\",\"inLanguage\":\"en-US\",\"@id\":\"http:\/\/drbean.ca\/fr\/catalogue\/thes-et-infusions\/the-vert-au-jasmin\/#primaryimage\",\"url\":\"https:\/\/drbean.ca\/wp-content\/uploads\/2016\/08\/the-voile-vert-jasmin.jpg\",\"contentUrl\":\"https:\/\/drbean.ca\/wp-content\/uploads\/2016\/08\/the-voile-vert-jasmin.jpg\",\"width\":900,\"height\":900,\"caption\":\"th\u00e9 vert\"},{\"@type\":\"BreadcrumbList\",\"@id\":\"http:\/\/drbean.ca\/fr\/catalogue\/thes-et-infusions\/the-vert-au-jasmin\/#breadcrumb\",\"itemListElement\":[{\"@type\":\"ListItem\",\"position\":1,\"name\":\"Accueil\",\"item\":\"http:\/\/drbean.ca\/fr\/\"},{\"@type\":\"ListItem\",\"position\":2,\"name\":\"Boutique\",\"item\":\"http:\/\/drbean.ca\/fr\/boutique\/\"},{\"@type\":\"ListItem\",\"position\":3,\"name\":\"Th\u00e9 vert au Jasmin\"}]},{\"@type\":\"WebSite\",\"@id\":\"https:\/\/drbean.ca\/fr\/#website\",\"url\":\"https:\/\/drbean.ca\/fr\/\",\"name\":\"Dr Bean\",\"description\":\"Votre partenaire depuis plus de 15 ans\",\"publisher\":{\"@id\":\"https:\/\/drbean.ca\/fr\/#organization\"},\"potentialAction\":[{\"@type\":\"SearchAction\",\"target\":{\"@type\":\"EntryPoint\",\"urlTemplate\":\"https:\/\/drbean.ca\/fr\/?s={search_term_string}\"},\"query-input\":{\"@type\":\"PropertyValueSpecification\",\"valueRequired\":true,\"valueName\":\"search_term_string\"}}],\"inLanguage\":\"en-US\"},{\"@type\":\"Organization\",\"@id\":\"https:\/\/drbean.ca\/fr\/#organization\",\"name\":\"Dr Bean\",\"url\":\"https:\/\/drbean.ca\/fr\/\",\"logo\":{\"@type\":\"ImageObject\",\"inLanguage\":\"en-US\",\"@id\":\"https:\/\/drbean.ca\/fr\/#\/schema\/logo\/image\/\",\"url\":\"https:\/\/drbean.ca\/wp-content\/uploads\/2016\/09\/footer_logo.png\",\"contentUrl\":\"https:\/\/drbean.ca\/wp-content\/uploads\/2016\/09\/footer_logo.png\",\"width\":216,\"height\":192,\"caption\":\"Dr Bean\"},\"image\":{\"@id\":\"https:\/\/drbean.ca\/fr\/#\/schema\/logo\/image\/\"},\"sameAs\":[\"https:\/\/www.facebook.com\/DRBEANMTL\",\"https:\/\/www.instagram.com\/drbeanmtl\/\"]}]}<\/script>\n<!-- \/ Yoast SEO plugin. -->","yoast_head_json":{"title":"Th\u00e9 vert au Jasmin - Dr Bean","description":"? D\u00e9couvrez le Th\u00e9 vert au Jasmin, sa liqueur claire jaune paille r\u00e9v\u00e8le des notes v\u00e9g\u00e9tales et fleuries avec une l\u00e9g\u00e8re astringence.","robots":{"index":"index","follow":"follow","max-snippet":"max-snippet:-1","max-image-preview":"max-image-preview:large","max-video-preview":"max-video-preview:-1"},"canonical":"http:\/\/drbean.ca\/en\/catalogue\/thes-et-infusions\/the-vert-au-jasmin\/","og_locale":"en_US","og_type":"article","og_title":"Th\u00e9 vert au Jasmin - Dr Bean","og_description":"? D\u00e9couvrez le Th\u00e9 vert au Jasmin, sa liqueur claire jaune paille r\u00e9v\u00e8le des notes v\u00e9g\u00e9tales et fleuries avec une l\u00e9g\u00e8re astringence.","og_url":"http:\/\/drbean.ca\/en\/catalogue\/thes-et-infusions\/the-vert-au-jasmin\/","og_site_name":"Dr Bean","article_publisher":"https:\/\/www.facebook.com\/DRBEANMTL","article_modified_time":"2023-03-03T19:54:55+00:00","og_image":[{"width":900,"height":900,"url":"https:\/\/drbean.ca\/wp-content\/uploads\/2016\/08\/the-voile-vert-jasmin.jpg","type":"image\/jpeg"}],"twitter_card":"summary_large_image","twitter_misc":{"Est. reading time":"1 minute"},"schema":{"@context":"https:\/\/schema.org","@graph":[{"@type":"WebPage","@id":"http:\/\/drbean.ca\/fr\/catalogue\/thes-et-infusions\/the-vert-au-jasmin\/","url":"http:\/\/drbean.ca\/fr\/catalogue\/thes-et-infusions\/the-vert-au-jasmin\/","name":"Th\u00e9 vert au Jasmin - Dr Bean","isPartOf":{"@id":"https:\/\/drbean.ca\/fr\/#website"},"primaryImageOfPage":{"@id":"http:\/\/drbean.ca\/fr\/catalogue\/thes-et-infusions\/the-vert-au-jasmin\/#primaryimage"},"image":{"@id":"http:\/\/drbean.ca\/fr\/catalogue\/thes-et-infusions\/the-vert-au-jasmin\/#primaryimage"},"thumbnailUrl":"https:\/\/drbean.ca\/wp-content\/uploads\/2016\/08\/the-voile-vert-jasmin.jpg","datePublished":"2016-08-31T18:56:21+00:00","dateModified":"2023-03-03T19:54:55+00:00","description":"? D\u00e9couvrez le Th\u00e9 vert au Jasmin, sa liqueur claire jaune paille r\u00e9v\u00e8le des notes v\u00e9g\u00e9tales et fleuries avec une l\u00e9g\u00e8re astringence.","breadcrumb":{"@id":"http:\/\/drbean.ca\/fr\/catalogue\/thes-et-infusions\/the-vert-au-jasmin\/#breadcrumb"},"inLanguage":"en-US","potentialAction":[{"@type":"ReadAction","target":["http:\/\/drbean.ca\/fr\/catalogue\/thes-et-infusions\/the-vert-au-jasmin\/"]}]},{"@type":"ImageObject","inLanguage":"en-US","@id":"http:\/\/drbean.ca\/fr\/catalogue\/thes-et-infusions\/the-vert-au-jasmin\/#primaryimage","url":"https:\/\/drbean.ca\/wp-content\/uploads\/2016\/08\/the-voile-vert-jasmin.jpg","contentUrl":"https:\/\/drbean.ca\/wp-content\/uploads\/2016\/08\/the-voile-vert-jasmin.jpg","width":900,"height":900,"caption":"th\u00e9 vert"},{"@type":"BreadcrumbList","@id":"http:\/\/drbean.ca\/fr\/catalogue\/thes-et-infusions\/the-vert-au-jasmin\/#breadcrumb","itemListElement":[{"@type":"ListItem","position":1,"name":"Accueil","item":"http:\/\/drbean.ca\/fr\/"},{"@type":"ListItem","position":2,"name":"Boutique","item":"http:\/\/drbean.ca\/fr\/boutique\/"},{"@type":"ListItem","position":3,"name":"Th\u00e9 vert au Jasmin"}]},{"@type":"WebSite","@id":"https:\/\/drbean.ca\/fr\/#website","url":"https:\/\/drbean.ca\/fr\/","name":"Dr Bean","description":"Votre partenaire depuis plus de 15 ans","publisher":{"@id":"https:\/\/drbean.ca\/fr\/#organization"},"potentialAction":[{"@type":"SearchAction","target":{"@type":"EntryPoint","urlTemplate":"https:\/\/drbean.ca\/fr\/?s={search_term_string}"},"query-input":{"@type":"PropertyValueSpecification","valueRequired":true,"valueName":"search_term_string"}}],"inLanguage":"en-US"},{"@type":"Organization","@id":"https:\/\/drbean.ca\/fr\/#organization","name":"Dr Bean","url":"https:\/\/drbean.ca\/fr\/","logo":{"@type":"ImageObject","inLanguage":"en-US","@id":"https:\/\/drbean.ca\/fr\/#\/schema\/logo\/image\/","url":"https:\/\/drbean.ca\/wp-content\/uploads\/2016\/09\/footer_logo.png","contentUrl":"https:\/\/drbean.ca\/wp-content\/uploads\/2016\/09\/footer_logo.png","width":216,"height":192,"caption":"Dr Bean"},"image":{"@id":"https:\/\/drbean.ca\/fr\/#\/schema\/logo\/image\/"},"sameAs":["https:\/\/www.facebook.com\/DRBEANMTL","https:\/\/www.instagram.com\/drbeanmtl\/"]}]}},"_links":{"self":[{"href":"https:\/\/drbean.ca\/en\/wp-json\/wp\/v2\/product\/543","targetHints":{"allow":["GET"]}}],"collection":[{"href":"https:\/\/drbean.ca\/en\/wp-json\/wp\/v2\/product"}],"about":[{"href":"https:\/\/drbean.ca\/en\/wp-json\/wp\/v2\/types\/product"}],"wp:featuredmedia":[{"embeddable":true,"href":"https:\/\/drbean.ca\/en\/wp-json\/wp\/v2\/media\/544"}],"wp:attachment":[{"href":"https:\/\/drbean.ca\/en\/wp-json\/wp\/v2\/media?parent=543"}],"wp:term":[{"taxonomy":"product_cat","embeddable":true,"href":"https:\/\/drbean.ca\/en\/wp-json\/wp\/v2\/product_cat?post=543"},{"taxonomy":"product_tag","embeddable":true,"href":"https:\/\/drbean.ca\/en\/wp-json\/wp\/v2\/product_tag?post=543"}],"curies":[{"name":"wp","href":"https:\/\/api.w.org\/{rel}","templated":true}]}}