{"id":554,"date":"2016-08-31T15:05:13","date_gmt":"2016-08-31T19:05:13","guid":{"rendered":"https:\/\/drbean.cafebarista.ca\/catalogue\/thes-et-infusions\/the-noir-fruits-rouges-boite-sachets-voiles-x40\/"},"modified":"2023-03-03T15:52:27","modified_gmt":"2023-03-03T19:52:27","slug":"the-noir-fruits-rouges","status":"publish","type":"product","link":"https:\/\/drbean.ca\/en\/catalogue\/thes-et-infusions\/the-noir-fruits-rouges\/","title":{"rendered":"Th\u00e9 noir Fruits rouges"},"content":{"rendered":"<h3>Th\u00e9 noir Fruits rouges<\/h3>\n<p>Ce th\u00e9 noir parfum\u00e9 Fruits rouges se d\u00e9guste id\u00e9alement la journ\u00e9e, avec ou sans lait. Il se compose de th\u00e9 noir parfum\u00e9 \u00e0 la fraise, la framboise, la cerise et la m\u00fbre sauvage avec des morceaux de fraise et des feuilles de m\u00fbrier. Sa liqueur ambr\u00e9e d\u00e9veloppe des notes fruit\u00e9es presque caram\u00e9lis\u00e9es gourmandes sur un fond bois\u00e9.<\/p>\n<p>Accord th\u00e9 et confiseries : Cakes, nougat, sabl\u00e9s, fruits secs.<\/p>\n<p>Bo\u00eete de 40 sachets voiles emball\u00e9s individuellement pour pr\u00e9server toute la fra\u00eecheur des ar\u00f4mes.<\/p>\n<p>Marque : <strong>THE DES COMPTOIRS,COMPTOIRS RICHARD<\/strong><\/p>","protected":false},"excerpt":{"rendered":"<p>Ce th\u00e9 noir parfum\u00e9 Fruits rouges se d\u00e9guste id\u00e9alement la journ\u00e9e, avec ou sans lait. Il se compose de th\u00e9 noir parfum\u00e9 \u00e0 la fraise, la framboise, la cerise et la m\u00fbre sauvage avec des morceaux de fraise et des feuilles de m\u00fbrier. Sa liqueur ambr\u00e9e d\u00e9veloppe des notes fruit\u00e9es presque caram\u00e9lis\u00e9es gourmandes sur un fond bois\u00e9.<\/p>\n<p>Accord th\u00e9 et confiseries : Cakes, nougat, sabl\u00e9s, fruits secs.<\/p>\n<p>Bo\u00eete de 40 sachets voiles emball\u00e9s individuellement pour pr\u00e9server toute la fra\u00eecheur des ar\u00f4mes.<\/p>\n<p>Marque : <strong>THE DES COMPTOIRS,COMPTOIRS RICHARD<\/strong><\/p>","protected":false},"featured_media":555,"template":"","meta":{"_et_pb_use_builder":"","_et_pb_old_content":"","om_disable_all_campaigns":false,"_monsterinsights_skip_tracking":false,"_monsterinsights_sitenote_active":false,"_monsterinsights_sitenote_note":"","_monsterinsights_sitenote_category":0},"product_cat":[47],"product_tag":[],"class_list":{"0":"post-554","1":"product","2":"type-product","3":"status-publish","4":"has-post-thumbnail","6":"product_cat-thes-et-infusions","8":"first","9":"outofstock","10":"featured","11":"purchasable","12":"product-type-variable"},"aioseo_notices":[],"yoast_head":"<!-- This site is optimized with the Yoast SEO plugin v23.7 - https:\/\/yoast.com\/wordpress\/plugins\/seo\/ -->\n<title>Th\u00e9 noir Fruits rouges - Dr Bean<\/title>\n<meta name=\"description\" content=\"? Ce th\u00e9 noir parfum\u00e9 Fruits rouges se d\u00e9guste la journ\u00e9e. Il se compose de th\u00e9 noir parfum\u00e9 \u00e0 la fraise, la framboise, la cerise et la m\u00fbre sauvage\" \/>\n<meta name=\"robots\" content=\"index, follow, max-snippet:-1, max-image-preview:large, max-video-preview:-1\" \/>\n<link rel=\"canonical\" href=\"http:\/\/drbean.ca\/en\/catalogue\/thes-et-infusions\/the-noir-fruits-rouges\/\" \/>\n<meta property=\"og:locale\" content=\"en_US\" \/>\n<meta property=\"og:type\" content=\"article\" \/>\n<meta property=\"og:title\" content=\"Th\u00e9 noir Fruits rouges - Dr Bean\" \/>\n<meta property=\"og:description\" content=\"? Ce th\u00e9 noir parfum\u00e9 Fruits rouges se d\u00e9guste la journ\u00e9e. Il se compose de th\u00e9 noir parfum\u00e9 \u00e0 la fraise, la framboise, la cerise et la m\u00fbre sauvage\" \/>\n<meta property=\"og:url\" content=\"http:\/\/drbean.ca\/en\/catalogue\/thes-et-infusions\/the-noir-fruits-rouges\/\" \/>\n<meta property=\"og:site_name\" content=\"Dr Bean\" \/>\n<meta property=\"article:publisher\" content=\"https:\/\/www.facebook.com\/DRBEANMTL\" \/>\n<meta property=\"article:modified_time\" content=\"2023-03-03T19:52:27+00:00\" \/>\n<meta property=\"og:image\" content=\"https:\/\/drbean.ca\/wp-content\/uploads\/2016\/08\/the-voile-fruits-rouges.jpg\" \/>\n\t<meta property=\"og:image:width\" content=\"900\" \/>\n\t<meta property=\"og:image:height\" content=\"900\" \/>\n\t<meta property=\"og:image:type\" content=\"image\/jpeg\" \/>\n<meta name=\"twitter:card\" content=\"summary_large_image\" \/>\n<meta name=\"twitter:label1\" content=\"Est. reading time\" \/>\n\t<meta name=\"twitter:data1\" content=\"1 minute\" \/>\n<script type=\"application\/ld+json\" class=\"yoast-schema-graph\">{\"@context\":\"https:\/\/schema.org\",\"@graph\":[{\"@type\":\"WebPage\",\"@id\":\"http:\/\/drbean.ca\/fr\/catalogue\/thes-et-infusions\/the-noir-fruits-rouges\/\",\"url\":\"http:\/\/drbean.ca\/fr\/catalogue\/thes-et-infusions\/the-noir-fruits-rouges\/\",\"name\":\"Th\u00e9 noir Fruits rouges - Dr Bean\",\"isPartOf\":{\"@id\":\"https:\/\/drbean.ca\/fr\/#website\"},\"primaryImageOfPage\":{\"@id\":\"http:\/\/drbean.ca\/fr\/catalogue\/thes-et-infusions\/the-noir-fruits-rouges\/#primaryimage\"},\"image\":{\"@id\":\"http:\/\/drbean.ca\/fr\/catalogue\/thes-et-infusions\/the-noir-fruits-rouges\/#primaryimage\"},\"thumbnailUrl\":\"https:\/\/drbean.ca\/wp-content\/uploads\/2016\/08\/the-voile-fruits-rouges.jpg\",\"datePublished\":\"2016-08-31T19:05:13+00:00\",\"dateModified\":\"2023-03-03T19:52:27+00:00\",\"description\":\"? Ce th\u00e9 noir parfum\u00e9 Fruits rouges se d\u00e9guste la journ\u00e9e. Il se compose de th\u00e9 noir parfum\u00e9 \u00e0 la fraise, la framboise, la cerise et la m\u00fbre sauvage\",\"breadcrumb\":{\"@id\":\"http:\/\/drbean.ca\/fr\/catalogue\/thes-et-infusions\/the-noir-fruits-rouges\/#breadcrumb\"},\"inLanguage\":\"en-US\",\"potentialAction\":[{\"@type\":\"ReadAction\",\"target\":[\"http:\/\/drbean.ca\/fr\/catalogue\/thes-et-infusions\/the-noir-fruits-rouges\/\"]}]},{\"@type\":\"ImageObject\",\"inLanguage\":\"en-US\",\"@id\":\"http:\/\/drbean.ca\/fr\/catalogue\/thes-et-infusions\/the-noir-fruits-rouges\/#primaryimage\",\"url\":\"https:\/\/drbean.ca\/wp-content\/uploads\/2016\/08\/the-voile-fruits-rouges.jpg\",\"contentUrl\":\"https:\/\/drbean.ca\/wp-content\/uploads\/2016\/08\/the-voile-fruits-rouges.jpg\",\"width\":900,\"height\":900,\"caption\":\"th\u00e9 noir\"},{\"@type\":\"BreadcrumbList\",\"@id\":\"http:\/\/drbean.ca\/fr\/catalogue\/thes-et-infusions\/the-noir-fruits-rouges\/#breadcrumb\",\"itemListElement\":[{\"@type\":\"ListItem\",\"position\":1,\"name\":\"Accueil\",\"item\":\"http:\/\/drbean.ca\/fr\/\"},{\"@type\":\"ListItem\",\"position\":2,\"name\":\"Boutique\",\"item\":\"http:\/\/drbean.ca\/fr\/boutique\/\"},{\"@type\":\"ListItem\",\"position\":3,\"name\":\"Th\u00e9 noir Fruits rouges\"}]},{\"@type\":\"WebSite\",\"@id\":\"https:\/\/drbean.ca\/fr\/#website\",\"url\":\"https:\/\/drbean.ca\/fr\/\",\"name\":\"Dr Bean\",\"description\":\"Votre partenaire depuis plus de 15 ans\",\"publisher\":{\"@id\":\"https:\/\/drbean.ca\/fr\/#organization\"},\"potentialAction\":[{\"@type\":\"SearchAction\",\"target\":{\"@type\":\"EntryPoint\",\"urlTemplate\":\"https:\/\/drbean.ca\/fr\/?s={search_term_string}\"},\"query-input\":{\"@type\":\"PropertyValueSpecification\",\"valueRequired\":true,\"valueName\":\"search_term_string\"}}],\"inLanguage\":\"en-US\"},{\"@type\":\"Organization\",\"@id\":\"https:\/\/drbean.ca\/fr\/#organization\",\"name\":\"Dr Bean\",\"url\":\"https:\/\/drbean.ca\/fr\/\",\"logo\":{\"@type\":\"ImageObject\",\"inLanguage\":\"en-US\",\"@id\":\"https:\/\/drbean.ca\/fr\/#\/schema\/logo\/image\/\",\"url\":\"https:\/\/drbean.ca\/wp-content\/uploads\/2016\/09\/footer_logo.png\",\"contentUrl\":\"https:\/\/drbean.ca\/wp-content\/uploads\/2016\/09\/footer_logo.png\",\"width\":216,\"height\":192,\"caption\":\"Dr Bean\"},\"image\":{\"@id\":\"https:\/\/drbean.ca\/fr\/#\/schema\/logo\/image\/\"},\"sameAs\":[\"https:\/\/www.facebook.com\/DRBEANMTL\",\"https:\/\/www.instagram.com\/drbeanmtl\/\"]}]}<\/script>\n<!-- \/ Yoast SEO plugin. -->","yoast_head_json":{"title":"Th\u00e9 noir Fruits rouges - Dr Bean","description":"? Ce th\u00e9 noir parfum\u00e9 Fruits rouges se d\u00e9guste la journ\u00e9e. Il se compose de th\u00e9 noir parfum\u00e9 \u00e0 la fraise, la framboise, la cerise et la m\u00fbre sauvage","robots":{"index":"index","follow":"follow","max-snippet":"max-snippet:-1","max-image-preview":"max-image-preview:large","max-video-preview":"max-video-preview:-1"},"canonical":"http:\/\/drbean.ca\/en\/catalogue\/thes-et-infusions\/the-noir-fruits-rouges\/","og_locale":"en_US","og_type":"article","og_title":"Th\u00e9 noir Fruits rouges - Dr Bean","og_description":"? Ce th\u00e9 noir parfum\u00e9 Fruits rouges se d\u00e9guste la journ\u00e9e. Il se compose de th\u00e9 noir parfum\u00e9 \u00e0 la fraise, la framboise, la cerise et la m\u00fbre sauvage","og_url":"http:\/\/drbean.ca\/en\/catalogue\/thes-et-infusions\/the-noir-fruits-rouges\/","og_site_name":"Dr Bean","article_publisher":"https:\/\/www.facebook.com\/DRBEANMTL","article_modified_time":"2023-03-03T19:52:27+00:00","og_image":[{"width":900,"height":900,"url":"https:\/\/drbean.ca\/wp-content\/uploads\/2016\/08\/the-voile-fruits-rouges.jpg","type":"image\/jpeg"}],"twitter_card":"summary_large_image","twitter_misc":{"Est. reading time":"1 minute"},"schema":{"@context":"https:\/\/schema.org","@graph":[{"@type":"WebPage","@id":"http:\/\/drbean.ca\/fr\/catalogue\/thes-et-infusions\/the-noir-fruits-rouges\/","url":"http:\/\/drbean.ca\/fr\/catalogue\/thes-et-infusions\/the-noir-fruits-rouges\/","name":"Th\u00e9 noir Fruits rouges - Dr Bean","isPartOf":{"@id":"https:\/\/drbean.ca\/fr\/#website"},"primaryImageOfPage":{"@id":"http:\/\/drbean.ca\/fr\/catalogue\/thes-et-infusions\/the-noir-fruits-rouges\/#primaryimage"},"image":{"@id":"http:\/\/drbean.ca\/fr\/catalogue\/thes-et-infusions\/the-noir-fruits-rouges\/#primaryimage"},"thumbnailUrl":"https:\/\/drbean.ca\/wp-content\/uploads\/2016\/08\/the-voile-fruits-rouges.jpg","datePublished":"2016-08-31T19:05:13+00:00","dateModified":"2023-03-03T19:52:27+00:00","description":"? Ce th\u00e9 noir parfum\u00e9 Fruits rouges se d\u00e9guste la journ\u00e9e. Il se compose de th\u00e9 noir parfum\u00e9 \u00e0 la fraise, la framboise, la cerise et la m\u00fbre sauvage","breadcrumb":{"@id":"http:\/\/drbean.ca\/fr\/catalogue\/thes-et-infusions\/the-noir-fruits-rouges\/#breadcrumb"},"inLanguage":"en-US","potentialAction":[{"@type":"ReadAction","target":["http:\/\/drbean.ca\/fr\/catalogue\/thes-et-infusions\/the-noir-fruits-rouges\/"]}]},{"@type":"ImageObject","inLanguage":"en-US","@id":"http:\/\/drbean.ca\/fr\/catalogue\/thes-et-infusions\/the-noir-fruits-rouges\/#primaryimage","url":"https:\/\/drbean.ca\/wp-content\/uploads\/2016\/08\/the-voile-fruits-rouges.jpg","contentUrl":"https:\/\/drbean.ca\/wp-content\/uploads\/2016\/08\/the-voile-fruits-rouges.jpg","width":900,"height":900,"caption":"th\u00e9 noir"},{"@type":"BreadcrumbList","@id":"http:\/\/drbean.ca\/fr\/catalogue\/thes-et-infusions\/the-noir-fruits-rouges\/#breadcrumb","itemListElement":[{"@type":"ListItem","position":1,"name":"Accueil","item":"http:\/\/drbean.ca\/fr\/"},{"@type":"ListItem","position":2,"name":"Boutique","item":"http:\/\/drbean.ca\/fr\/boutique\/"},{"@type":"ListItem","position":3,"name":"Th\u00e9 noir Fruits rouges"}]},{"@type":"WebSite","@id":"https:\/\/drbean.ca\/fr\/#website","url":"https:\/\/drbean.ca\/fr\/","name":"Dr Bean","description":"Votre partenaire depuis plus de 15 ans","publisher":{"@id":"https:\/\/drbean.ca\/fr\/#organization"},"potentialAction":[{"@type":"SearchAction","target":{"@type":"EntryPoint","urlTemplate":"https:\/\/drbean.ca\/fr\/?s={search_term_string}"},"query-input":{"@type":"PropertyValueSpecification","valueRequired":true,"valueName":"search_term_string"}}],"inLanguage":"en-US"},{"@type":"Organization","@id":"https:\/\/drbean.ca\/fr\/#organization","name":"Dr Bean","url":"https:\/\/drbean.ca\/fr\/","logo":{"@type":"ImageObject","inLanguage":"en-US","@id":"https:\/\/drbean.ca\/fr\/#\/schema\/logo\/image\/","url":"https:\/\/drbean.ca\/wp-content\/uploads\/2016\/09\/footer_logo.png","contentUrl":"https:\/\/drbean.ca\/wp-content\/uploads\/2016\/09\/footer_logo.png","width":216,"height":192,"caption":"Dr Bean"},"image":{"@id":"https:\/\/drbean.ca\/fr\/#\/schema\/logo\/image\/"},"sameAs":["https:\/\/www.facebook.com\/DRBEANMTL","https:\/\/www.instagram.com\/drbeanmtl\/"]}]}},"_links":{"self":[{"href":"https:\/\/drbean.ca\/en\/wp-json\/wp\/v2\/product\/554","targetHints":{"allow":["GET"]}}],"collection":[{"href":"https:\/\/drbean.ca\/en\/wp-json\/wp\/v2\/product"}],"about":[{"href":"https:\/\/drbean.ca\/en\/wp-json\/wp\/v2\/types\/product"}],"wp:featuredmedia":[{"embeddable":true,"href":"https:\/\/drbean.ca\/en\/wp-json\/wp\/v2\/media\/555"}],"wp:attachment":[{"href":"https:\/\/drbean.ca\/en\/wp-json\/wp\/v2\/media?parent=554"}],"wp:term":[{"taxonomy":"product_cat","embeddable":true,"href":"https:\/\/drbean.ca\/en\/wp-json\/wp\/v2\/product_cat?post=554"},{"taxonomy":"product_tag","embeddable":true,"href":"https:\/\/drbean.ca\/en\/wp-json\/wp\/v2\/product_tag?post=554"}],"curies":[{"name":"wp","href":"https:\/\/api.w.org\/{rel}","templated":true}]}}