{"id":564,"date":"2016-08-31T17:23:23","date_gmt":"2016-08-31T21:23:23","guid":{"rendered":"https:\/\/drbean.cafebarista.ca\/catalogue\/thes-et-infusions\/tisane-secrets-dequilibre-bio-boite-sachets-voiles-x40\/"},"modified":"2023-03-03T15:58:09","modified_gmt":"2023-03-03T19:58:09","slug":"tisane-secrets-dequilibre-bio","status":"publish","type":"product","link":"https:\/\/drbean.ca\/en\/catalogue\/thes-et-infusions\/tisane-secrets-dequilibre-bio\/","title":{"rendered":"Tisane Secrets d&rsquo;Equilibre bio"},"content":{"rendered":"<p>La tisane bio Secrets d&rsquo;Equilibre est un m\u00e9lange savoureux d&rsquo;anis, de fenouil, de r\u00e9glisse et de badiane. Son infusion, qui r\u00e9v\u00e8le une harmonie de notes douces et anis\u00e9es, est reconnue pour ses vertus digestives.<\/p>\n<p>La tisane Secrets d&rsquo;Equilibre Bio se savoure \u00e9galement fra\u00eeche.<\/p>\n<p><strong>Plantes<\/strong>\u00a0: Anis, Badiane, Fenouil, R\u00e9glisse.<\/p>\n<p><strong>Propri\u00e9t\u00e9s<\/strong>\u00a0: Le\u00a0fenouil et l&rsquo;anis favorisent la digestion.<br \/>\nBoire au moins 5 tasses tout au long de la journ\u00e9e en compl\u00e9ment d&rsquo;une alimentation vari\u00e9e et \u00e9quilibr\u00e9e et d&rsquo;un mode de vie sain.<\/p>\n<p>Marque : <strong>THE DES COMPTOIRS,COMPTOIRS RICHARD<\/strong><\/p>","protected":false},"excerpt":{"rendered":"<p>La tisane bio Secrets d&rsquo;Equilibre est un m\u00e9lange savoureux d&rsquo;anis, de fenouil, de r\u00e9glisse et de badiane. Son infusion, qui r\u00e9v\u00e8le une harmonie de notes douces et anis\u00e9es, est reconnue pour ses vertus digestives.<\/p>\n<p>La tisane Secrets d&rsquo;Equilibre Bio se savoure \u00e9galement fra\u00eeche.<\/p>\n<p><strong>Plantes<\/strong>\u00a0: Anis, Badiane, Fenouil, R\u00e9glisse.<\/p>\n<p><strong>Propri\u00e9t\u00e9s<\/strong>\u00a0: Le\u00a0fenouil et l&rsquo;anis favorisent la digestion.<br \/>\nBoire au moins 5 tasses tout au long de la journ\u00e9e en compl\u00e9ment d&rsquo;une alimentation vari\u00e9e et \u00e9quilibr\u00e9e et d&rsquo;un mode de vie sain.<\/p>\n<p>Marque : <strong>THE DES COMPTOIRS,COMPTOIRS RICHARD<\/strong><\/p>","protected":false},"featured_media":2048,"template":"","meta":{"_et_pb_use_builder":"","_et_pb_old_content":"","om_disable_all_campaigns":false,"_monsterinsights_skip_tracking":false,"_monsterinsights_sitenote_active":false,"_monsterinsights_sitenote_note":"","_monsterinsights_sitenote_category":0},"product_cat":[47],"product_tag":[],"class_list":{"0":"post-564","1":"product","2":"type-product","3":"status-publish","4":"has-post-thumbnail","6":"product_cat-thes-et-infusions","8":"first","9":"instock","10":"featured","11":"purchasable","12":"product-type-variable"},"aioseo_notices":[],"yoast_head":"<!-- This site is optimized with the Yoast SEO plugin v23.7 - https:\/\/yoast.com\/wordpress\/plugins\/seo\/ -->\n<title>Tisane Secrets d&#039;Equilibre bio - Dr Bean<\/title>\n<meta name=\"description\" content=\"? La Tisane Secrets d&#039;\u00e9quilibre Bio est un m\u00e9lange savoureux de fenouil, de r\u00e9glisse et de badiane. Elle favorise la digestion apr\u00e8s un bon repas.\" \/>\n<meta name=\"robots\" content=\"index, follow, max-snippet:-1, max-image-preview:large, max-video-preview:-1\" \/>\n<link rel=\"canonical\" href=\"http:\/\/drbean.ca\/en\/catalogue\/thes-et-infusions\/tisane-secrets-dequilibre-bio\/\" \/>\n<meta property=\"og:locale\" content=\"en_US\" \/>\n<meta property=\"og:type\" content=\"article\" \/>\n<meta property=\"og:title\" content=\"Tisane Secrets d&#039;Equilibre bio - Dr Bean\" \/>\n<meta property=\"og:description\" content=\"? La Tisane Secrets d&#039;\u00e9quilibre Bio est un m\u00e9lange savoureux de fenouil, de r\u00e9glisse et de badiane. Elle favorise la digestion apr\u00e8s un bon repas.\" \/>\n<meta property=\"og:url\" content=\"http:\/\/drbean.ca\/en\/catalogue\/thes-et-infusions\/tisane-secrets-dequilibre-bio\/\" \/>\n<meta property=\"og:site_name\" content=\"Dr Bean\" \/>\n<meta property=\"article:publisher\" content=\"https:\/\/www.facebook.com\/DRBEANMTL\" \/>\n<meta property=\"article:modified_time\" content=\"2023-03-03T19:58:09+00:00\" \/>\n<meta property=\"og:image\" content=\"https:\/\/drbean.ca\/wp-content\/uploads\/2016\/08\/tisane-secrets-d-equilibre-bio-boite-sachets-voile-x40.jpg\" \/>\n\t<meta property=\"og:image:width\" content=\"1200\" \/>\n\t<meta property=\"og:image:height\" content=\"1200\" \/>\n\t<meta property=\"og:image:type\" content=\"image\/jpeg\" \/>\n<meta name=\"twitter:card\" content=\"summary_large_image\" \/>\n<script type=\"application\/ld+json\" class=\"yoast-schema-graph\">{\"@context\":\"https:\/\/schema.org\",\"@graph\":[{\"@type\":\"WebPage\",\"@id\":\"http:\/\/drbean.ca\/fr\/catalogue\/thes-et-infusions\/tisane-secrets-dequilibre-bio\/\",\"url\":\"http:\/\/drbean.ca\/fr\/catalogue\/thes-et-infusions\/tisane-secrets-dequilibre-bio\/\",\"name\":\"Tisane Secrets d'Equilibre bio - Dr Bean\",\"isPartOf\":{\"@id\":\"https:\/\/drbean.ca\/fr\/#website\"},\"primaryImageOfPage\":{\"@id\":\"http:\/\/drbean.ca\/fr\/catalogue\/thes-et-infusions\/tisane-secrets-dequilibre-bio\/#primaryimage\"},\"image\":{\"@id\":\"http:\/\/drbean.ca\/fr\/catalogue\/thes-et-infusions\/tisane-secrets-dequilibre-bio\/#primaryimage\"},\"thumbnailUrl\":\"https:\/\/drbean.ca\/wp-content\/uploads\/2016\/08\/tisane-secrets-d-equilibre-bio-boite-sachets-voile-x40.jpg\",\"datePublished\":\"2016-08-31T21:23:23+00:00\",\"dateModified\":\"2023-03-03T19:58:09+00:00\",\"description\":\"? La Tisane Secrets d'\u00e9quilibre Bio est un m\u00e9lange savoureux de fenouil, de r\u00e9glisse et de badiane. Elle favorise la digestion apr\u00e8s un bon repas.\",\"breadcrumb\":{\"@id\":\"http:\/\/drbean.ca\/fr\/catalogue\/thes-et-infusions\/tisane-secrets-dequilibre-bio\/#breadcrumb\"},\"inLanguage\":\"en-US\",\"potentialAction\":[{\"@type\":\"ReadAction\",\"target\":[\"http:\/\/drbean.ca\/fr\/catalogue\/thes-et-infusions\/tisane-secrets-dequilibre-bio\/\"]}]},{\"@type\":\"ImageObject\",\"inLanguage\":\"en-US\",\"@id\":\"http:\/\/drbean.ca\/fr\/catalogue\/thes-et-infusions\/tisane-secrets-dequilibre-bio\/#primaryimage\",\"url\":\"https:\/\/drbean.ca\/wp-content\/uploads\/2016\/08\/tisane-secrets-d-equilibre-bio-boite-sachets-voile-x40.jpg\",\"contentUrl\":\"https:\/\/drbean.ca\/wp-content\/uploads\/2016\/08\/tisane-secrets-d-equilibre-bio-boite-sachets-voile-x40.jpg\",\"width\":1200,\"height\":1200},{\"@type\":\"BreadcrumbList\",\"@id\":\"http:\/\/drbean.ca\/fr\/catalogue\/thes-et-infusions\/tisane-secrets-dequilibre-bio\/#breadcrumb\",\"itemListElement\":[{\"@type\":\"ListItem\",\"position\":1,\"name\":\"Accueil\",\"item\":\"http:\/\/drbean.ca\/fr\/\"},{\"@type\":\"ListItem\",\"position\":2,\"name\":\"Boutique\",\"item\":\"http:\/\/drbean.ca\/fr\/boutique\/\"},{\"@type\":\"ListItem\",\"position\":3,\"name\":\"Tisane Secrets d&rsquo;Equilibre bio\"}]},{\"@type\":\"WebSite\",\"@id\":\"https:\/\/drbean.ca\/fr\/#website\",\"url\":\"https:\/\/drbean.ca\/fr\/\",\"name\":\"Dr Bean\",\"description\":\"Votre partenaire depuis plus de 15 ans\",\"publisher\":{\"@id\":\"https:\/\/drbean.ca\/fr\/#organization\"},\"potentialAction\":[{\"@type\":\"SearchAction\",\"target\":{\"@type\":\"EntryPoint\",\"urlTemplate\":\"https:\/\/drbean.ca\/fr\/?s={search_term_string}\"},\"query-input\":{\"@type\":\"PropertyValueSpecification\",\"valueRequired\":true,\"valueName\":\"search_term_string\"}}],\"inLanguage\":\"en-US\"},{\"@type\":\"Organization\",\"@id\":\"https:\/\/drbean.ca\/fr\/#organization\",\"name\":\"Dr Bean\",\"url\":\"https:\/\/drbean.ca\/fr\/\",\"logo\":{\"@type\":\"ImageObject\",\"inLanguage\":\"en-US\",\"@id\":\"https:\/\/drbean.ca\/fr\/#\/schema\/logo\/image\/\",\"url\":\"https:\/\/drbean.ca\/wp-content\/uploads\/2016\/09\/footer_logo.png\",\"contentUrl\":\"https:\/\/drbean.ca\/wp-content\/uploads\/2016\/09\/footer_logo.png\",\"width\":216,\"height\":192,\"caption\":\"Dr Bean\"},\"image\":{\"@id\":\"https:\/\/drbean.ca\/fr\/#\/schema\/logo\/image\/\"},\"sameAs\":[\"https:\/\/www.facebook.com\/DRBEANMTL\",\"https:\/\/www.instagram.com\/drbeanmtl\/\"]}]}<\/script>\n<!-- \/ Yoast SEO plugin. -->","yoast_head_json":{"title":"Tisane Secrets d'Equilibre bio - Dr Bean","description":"? La Tisane Secrets d'\u00e9quilibre Bio est un m\u00e9lange savoureux de fenouil, de r\u00e9glisse et de badiane. Elle favorise la digestion apr\u00e8s un bon repas.","robots":{"index":"index","follow":"follow","max-snippet":"max-snippet:-1","max-image-preview":"max-image-preview:large","max-video-preview":"max-video-preview:-1"},"canonical":"http:\/\/drbean.ca\/en\/catalogue\/thes-et-infusions\/tisane-secrets-dequilibre-bio\/","og_locale":"en_US","og_type":"article","og_title":"Tisane Secrets d'Equilibre bio - Dr Bean","og_description":"? La Tisane Secrets d'\u00e9quilibre Bio est un m\u00e9lange savoureux de fenouil, de r\u00e9glisse et de badiane. Elle favorise la digestion apr\u00e8s un bon repas.","og_url":"http:\/\/drbean.ca\/en\/catalogue\/thes-et-infusions\/tisane-secrets-dequilibre-bio\/","og_site_name":"Dr Bean","article_publisher":"https:\/\/www.facebook.com\/DRBEANMTL","article_modified_time":"2023-03-03T19:58:09+00:00","og_image":[{"width":1200,"height":1200,"url":"https:\/\/drbean.ca\/wp-content\/uploads\/2016\/08\/tisane-secrets-d-equilibre-bio-boite-sachets-voile-x40.jpg","type":"image\/jpeg"}],"twitter_card":"summary_large_image","schema":{"@context":"https:\/\/schema.org","@graph":[{"@type":"WebPage","@id":"http:\/\/drbean.ca\/fr\/catalogue\/thes-et-infusions\/tisane-secrets-dequilibre-bio\/","url":"http:\/\/drbean.ca\/fr\/catalogue\/thes-et-infusions\/tisane-secrets-dequilibre-bio\/","name":"Tisane Secrets d'Equilibre bio - Dr Bean","isPartOf":{"@id":"https:\/\/drbean.ca\/fr\/#website"},"primaryImageOfPage":{"@id":"http:\/\/drbean.ca\/fr\/catalogue\/thes-et-infusions\/tisane-secrets-dequilibre-bio\/#primaryimage"},"image":{"@id":"http:\/\/drbean.ca\/fr\/catalogue\/thes-et-infusions\/tisane-secrets-dequilibre-bio\/#primaryimage"},"thumbnailUrl":"https:\/\/drbean.ca\/wp-content\/uploads\/2016\/08\/tisane-secrets-d-equilibre-bio-boite-sachets-voile-x40.jpg","datePublished":"2016-08-31T21:23:23+00:00","dateModified":"2023-03-03T19:58:09+00:00","description":"? La Tisane Secrets d'\u00e9quilibre Bio est un m\u00e9lange savoureux de fenouil, de r\u00e9glisse et de badiane. Elle favorise la digestion apr\u00e8s un bon repas.","breadcrumb":{"@id":"http:\/\/drbean.ca\/fr\/catalogue\/thes-et-infusions\/tisane-secrets-dequilibre-bio\/#breadcrumb"},"inLanguage":"en-US","potentialAction":[{"@type":"ReadAction","target":["http:\/\/drbean.ca\/fr\/catalogue\/thes-et-infusions\/tisane-secrets-dequilibre-bio\/"]}]},{"@type":"ImageObject","inLanguage":"en-US","@id":"http:\/\/drbean.ca\/fr\/catalogue\/thes-et-infusions\/tisane-secrets-dequilibre-bio\/#primaryimage","url":"https:\/\/drbean.ca\/wp-content\/uploads\/2016\/08\/tisane-secrets-d-equilibre-bio-boite-sachets-voile-x40.jpg","contentUrl":"https:\/\/drbean.ca\/wp-content\/uploads\/2016\/08\/tisane-secrets-d-equilibre-bio-boite-sachets-voile-x40.jpg","width":1200,"height":1200},{"@type":"BreadcrumbList","@id":"http:\/\/drbean.ca\/fr\/catalogue\/thes-et-infusions\/tisane-secrets-dequilibre-bio\/#breadcrumb","itemListElement":[{"@type":"ListItem","position":1,"name":"Accueil","item":"http:\/\/drbean.ca\/fr\/"},{"@type":"ListItem","position":2,"name":"Boutique","item":"http:\/\/drbean.ca\/fr\/boutique\/"},{"@type":"ListItem","position":3,"name":"Tisane Secrets d&rsquo;Equilibre bio"}]},{"@type":"WebSite","@id":"https:\/\/drbean.ca\/fr\/#website","url":"https:\/\/drbean.ca\/fr\/","name":"Dr Bean","description":"Votre partenaire depuis plus de 15 ans","publisher":{"@id":"https:\/\/drbean.ca\/fr\/#organization"},"potentialAction":[{"@type":"SearchAction","target":{"@type":"EntryPoint","urlTemplate":"https:\/\/drbean.ca\/fr\/?s={search_term_string}"},"query-input":{"@type":"PropertyValueSpecification","valueRequired":true,"valueName":"search_term_string"}}],"inLanguage":"en-US"},{"@type":"Organization","@id":"https:\/\/drbean.ca\/fr\/#organization","name":"Dr Bean","url":"https:\/\/drbean.ca\/fr\/","logo":{"@type":"ImageObject","inLanguage":"en-US","@id":"https:\/\/drbean.ca\/fr\/#\/schema\/logo\/image\/","url":"https:\/\/drbean.ca\/wp-content\/uploads\/2016\/09\/footer_logo.png","contentUrl":"https:\/\/drbean.ca\/wp-content\/uploads\/2016\/09\/footer_logo.png","width":216,"height":192,"caption":"Dr Bean"},"image":{"@id":"https:\/\/drbean.ca\/fr\/#\/schema\/logo\/image\/"},"sameAs":["https:\/\/www.facebook.com\/DRBEANMTL","https:\/\/www.instagram.com\/drbeanmtl\/"]}]}},"_links":{"self":[{"href":"https:\/\/drbean.ca\/en\/wp-json\/wp\/v2\/product\/564","targetHints":{"allow":["GET"]}}],"collection":[{"href":"https:\/\/drbean.ca\/en\/wp-json\/wp\/v2\/product"}],"about":[{"href":"https:\/\/drbean.ca\/en\/wp-json\/wp\/v2\/types\/product"}],"wp:featuredmedia":[{"embeddable":true,"href":"https:\/\/drbean.ca\/en\/wp-json\/wp\/v2\/media\/2048"}],"wp:attachment":[{"href":"https:\/\/drbean.ca\/en\/wp-json\/wp\/v2\/media?parent=564"}],"wp:term":[{"taxonomy":"product_cat","embeddable":true,"href":"https:\/\/drbean.ca\/en\/wp-json\/wp\/v2\/product_cat?post=564"},{"taxonomy":"product_tag","embeddable":true,"href":"https:\/\/drbean.ca\/en\/wp-json\/wp\/v2\/product_tag?post=564"}],"curies":[{"name":"wp","href":"https:\/\/api.w.org\/{rel}","templated":true}]}}