{"id":789,"date":"2019-08-26T09:47:27","date_gmt":"2019-08-26T13:47:27","guid":{"rendered":"https:\/\/drbean.ca\/?post_type=product&#038;p=789"},"modified":"2023-01-19T16:54:52","modified_gmt":"2023-01-19T20:54:52","slug":"presse-agrumes-santos-38","status":"publish","type":"product","link":"https:\/\/drbean.ca\/en\/catalogue\/presse-agrumes\/presse-agrumes-santos-38\/","title":{"rendered":"Presse-Agrumes Santos 38"},"content":{"rendered":"<h3>Presse-Agrumes Santos 38<\/h3>\n<p><b>A utiliser partout o\u00f9 l&rsquo;on consomme du jus d&rsquo;agrumes fra\u00eechement press\u00e9: boutiques de di\u00e9t\u00e9tiques,\u00a0h\u00f4tels, bars, restaurants, collectivit\u00e9s&#8230;<\/b><\/p>\n<p>Presse-agrumes professionnel, construit pour durer, \u00e9quip\u00e9 d&rsquo;un moteur asynchrone robuste et silencieux.<\/p>\n<p><strong>Livr\u00e9 avec 3 ogives amovibles<\/strong> pour citrons, citrons verts, oranges et pamplemousses.<\/p>\n<p><strong>Facile \u00e0 nettoyer:<\/strong> cuve, grille et ogive amovibles.<\/p>\n<p><strong>Hauteur du bec:<\/strong> 135 mm (5&Prime;), pour r\u00e9aliser du jus au verre \u00e0 verre.<\/p>\n<p><strong>D\u00e9bit moyen:<\/strong> 30 l\/h<\/p>","protected":false},"excerpt":{"rendered":"<h3>Presse-Agrumes 38 Santos<\/h3>\n<p><b>A utiliser partout o\u00f9 l&rsquo;on consomme du jus d&rsquo;agrumes fra\u00eechement press\u00e9: boutiques de di\u00e9t\u00e9tiques,\u00a0h\u00f4tels, bars, restaurants, collectivit\u00e9s&#8230;<\/b><\/p>\n<p>Presse-agrumes professionnel, construit pour durer, \u00e9quip\u00e9 d&rsquo;un moteur asynchrone robuste et silencieux.<\/p>\n<p><strong>Livr\u00e9 avec 3 ogives amovibles<\/strong> pour citrons, citrons verts, oranges et pamplemousses.<\/p>\n<p><strong>Facile \u00e0 nettoyer:<\/strong> cuve, grille et ogive amovibles.<\/p>\n<p><strong>Hauteur du bec:<\/strong> 135 mm (5&Prime;), pour r\u00e9aliser du jus au verre \u00e0 verre.<\/p>\n<p><strong>D\u00e9bit moyen:<\/strong> 30 l\/h<\/p>\n<p>&nbsp;<\/p>\n<p><a class=\"maxbutton-1 maxbutton maxbutton-fiche-technique-mira\" target=\"_blank\" rel=\"noopener\" href=\"https:\/\/www.santos.fr\/media\/ftp\/sales_leaflets\/FR_french\/SANTOS_38_leaflet_FR.pdf\"><span class='mb-text'>FICHE TECHNIQUE<\/span><\/a><\/p>\n<p><a class=\"maxbutton-2 maxbutton maxbutton-technical-manual\" target=\"_blank\" rel=\"noopener\" href=\"https:\/\/www.santos.fr\/media\/ftp\/sales_leaflets\/EN_english\/SANTOS_38_leaflet_EN.pdf\"><span class='mb-text'>TECHNICAL MANUAL<\/span><\/a><\/p>\n<p>&nbsp;<\/p>","protected":false},"featured_media":790,"template":"","meta":{"_et_pb_use_builder":"","_et_pb_old_content":"","om_disable_all_campaigns":false,"_monsterinsights_skip_tracking":false,"_monsterinsights_sitenote_active":false,"_monsterinsights_sitenote_note":"","_monsterinsights_sitenote_category":0},"product_cat":[52],"product_tag":[],"class_list":{"0":"post-789","1":"product","2":"type-product","3":"status-publish","4":"has-post-thumbnail","6":"product_cat-presse-agrumes","8":"first","9":"outofstock","10":"taxable","11":"shipping-taxable","12":"product-type-simple"},"aioseo_notices":[],"yoast_head":"<!-- This site is optimized with the Yoast SEO plugin v23.7 - https:\/\/yoast.com\/wordpress\/plugins\/seo\/ -->\n<title>Presse-Agrumes Santos 38 - Dr Bean<\/title>\n<meta name=\"description\" content=\"A utiliser partout o\u00f9 l&#039;on consomme du jus d&#039;agrumes fra\u00eechement press\u00e9: boutiques de di\u00e9t\u00e9tiques,\u00a0h\u00f4tels, bars, restaurants, collectivit\u00e9s...\" \/>\n<meta name=\"robots\" content=\"index, follow, max-snippet:-1, max-image-preview:large, max-video-preview:-1\" \/>\n<link rel=\"canonical\" href=\"http:\/\/drbean.ca\/en\/catalogue\/presse-agrumes\/presse-agrumes-santos-38\/\" \/>\n<meta property=\"og:locale\" content=\"en_US\" \/>\n<meta property=\"og:type\" content=\"article\" \/>\n<meta property=\"og:title\" content=\"Presse-Agrumes Santos 38 - Dr Bean\" \/>\n<meta property=\"og:description\" content=\"A utiliser partout o\u00f9 l&#039;on consomme du jus d&#039;agrumes fra\u00eechement press\u00e9: boutiques de di\u00e9t\u00e9tiques,\u00a0h\u00f4tels, bars, restaurants, collectivit\u00e9s...\" \/>\n<meta property=\"og:url\" content=\"http:\/\/drbean.ca\/en\/catalogue\/presse-agrumes\/presse-agrumes-santos-38\/\" \/>\n<meta property=\"og:site_name\" content=\"Dr Bean\" \/>\n<meta property=\"article:publisher\" content=\"https:\/\/www.facebook.com\/DRBEANMTL\" \/>\n<meta property=\"article:modified_time\" content=\"2023-01-19T20:54:52+00:00\" \/>\n<meta property=\"og:image\" content=\"https:\/\/drbean.ca\/wp-content\/uploads\/2019\/08\/santos38-1.jpg\" \/>\n\t<meta property=\"og:image:width\" content=\"600\" \/>\n\t<meta property=\"og:image:height\" content=\"600\" \/>\n\t<meta property=\"og:image:type\" content=\"image\/jpeg\" \/>\n<meta name=\"twitter:card\" content=\"summary_large_image\" \/>\n<script type=\"application\/ld+json\" class=\"yoast-schema-graph\">{\"@context\":\"https:\/\/schema.org\",\"@graph\":[{\"@type\":\"WebPage\",\"@id\":\"http:\/\/drbean.ca\/fr\/catalogue\/presse-agrumes\/presse-agrumes-santos-38\/\",\"url\":\"http:\/\/drbean.ca\/fr\/catalogue\/presse-agrumes\/presse-agrumes-santos-38\/\",\"name\":\"Presse-Agrumes Santos 38 - Dr Bean\",\"isPartOf\":{\"@id\":\"https:\/\/drbean.ca\/fr\/#website\"},\"primaryImageOfPage\":{\"@id\":\"http:\/\/drbean.ca\/fr\/catalogue\/presse-agrumes\/presse-agrumes-santos-38\/#primaryimage\"},\"image\":{\"@id\":\"http:\/\/drbean.ca\/fr\/catalogue\/presse-agrumes\/presse-agrumes-santos-38\/#primaryimage\"},\"thumbnailUrl\":\"https:\/\/drbean.ca\/wp-content\/uploads\/2019\/08\/santos38-1.jpg\",\"datePublished\":\"2019-08-26T13:47:27+00:00\",\"dateModified\":\"2023-01-19T20:54:52+00:00\",\"description\":\"A utiliser partout o\u00f9 l'on consomme du jus d'agrumes fra\u00eechement press\u00e9: boutiques de di\u00e9t\u00e9tiques,\u00a0h\u00f4tels, bars, restaurants, collectivit\u00e9s...\",\"breadcrumb\":{\"@id\":\"http:\/\/drbean.ca\/fr\/catalogue\/presse-agrumes\/presse-agrumes-santos-38\/#breadcrumb\"},\"inLanguage\":\"en-US\",\"potentialAction\":[{\"@type\":\"ReadAction\",\"target\":[\"http:\/\/drbean.ca\/fr\/catalogue\/presse-agrumes\/presse-agrumes-santos-38\/\"]}]},{\"@type\":\"ImageObject\",\"inLanguage\":\"en-US\",\"@id\":\"http:\/\/drbean.ca\/fr\/catalogue\/presse-agrumes\/presse-agrumes-santos-38\/#primaryimage\",\"url\":\"https:\/\/drbean.ca\/wp-content\/uploads\/2019\/08\/santos38-1.jpg\",\"contentUrl\":\"https:\/\/drbean.ca\/wp-content\/uploads\/2019\/08\/santos38-1.jpg\",\"width\":600,\"height\":600,\"caption\":\"presse-agrumes\"},{\"@type\":\"BreadcrumbList\",\"@id\":\"http:\/\/drbean.ca\/fr\/catalogue\/presse-agrumes\/presse-agrumes-santos-38\/#breadcrumb\",\"itemListElement\":[{\"@type\":\"ListItem\",\"position\":1,\"name\":\"Accueil\",\"item\":\"http:\/\/drbean.ca\/fr\/\"},{\"@type\":\"ListItem\",\"position\":2,\"name\":\"Boutique\",\"item\":\"http:\/\/drbean.ca\/fr\/boutique\/\"},{\"@type\":\"ListItem\",\"position\":3,\"name\":\"Presse-Agrumes Santos 38\"}]},{\"@type\":\"WebSite\",\"@id\":\"https:\/\/drbean.ca\/fr\/#website\",\"url\":\"https:\/\/drbean.ca\/fr\/\",\"name\":\"Dr Bean\",\"description\":\"Votre partenaire depuis plus de 15 ans\",\"publisher\":{\"@id\":\"https:\/\/drbean.ca\/fr\/#organization\"},\"potentialAction\":[{\"@type\":\"SearchAction\",\"target\":{\"@type\":\"EntryPoint\",\"urlTemplate\":\"https:\/\/drbean.ca\/fr\/?s={search_term_string}\"},\"query-input\":{\"@type\":\"PropertyValueSpecification\",\"valueRequired\":true,\"valueName\":\"search_term_string\"}}],\"inLanguage\":\"en-US\"},{\"@type\":\"Organization\",\"@id\":\"https:\/\/drbean.ca\/fr\/#organization\",\"name\":\"Dr Bean\",\"url\":\"https:\/\/drbean.ca\/fr\/\",\"logo\":{\"@type\":\"ImageObject\",\"inLanguage\":\"en-US\",\"@id\":\"https:\/\/drbean.ca\/fr\/#\/schema\/logo\/image\/\",\"url\":\"https:\/\/drbean.ca\/wp-content\/uploads\/2016\/09\/footer_logo.png\",\"contentUrl\":\"https:\/\/drbean.ca\/wp-content\/uploads\/2016\/09\/footer_logo.png\",\"width\":216,\"height\":192,\"caption\":\"Dr Bean\"},\"image\":{\"@id\":\"https:\/\/drbean.ca\/fr\/#\/schema\/logo\/image\/\"},\"sameAs\":[\"https:\/\/www.facebook.com\/DRBEANMTL\",\"https:\/\/www.instagram.com\/drbeanmtl\/\"]}]}<\/script>\n<!-- \/ Yoast SEO plugin. -->","yoast_head_json":{"title":"Presse-Agrumes Santos 38 - Dr Bean","description":"A utiliser partout o\u00f9 l'on consomme du jus d'agrumes fra\u00eechement press\u00e9: boutiques de di\u00e9t\u00e9tiques,\u00a0h\u00f4tels, bars, restaurants, collectivit\u00e9s...","robots":{"index":"index","follow":"follow","max-snippet":"max-snippet:-1","max-image-preview":"max-image-preview:large","max-video-preview":"max-video-preview:-1"},"canonical":"http:\/\/drbean.ca\/en\/catalogue\/presse-agrumes\/presse-agrumes-santos-38\/","og_locale":"en_US","og_type":"article","og_title":"Presse-Agrumes Santos 38 - Dr Bean","og_description":"A utiliser partout o\u00f9 l'on consomme du jus d'agrumes fra\u00eechement press\u00e9: boutiques de di\u00e9t\u00e9tiques,\u00a0h\u00f4tels, bars, restaurants, collectivit\u00e9s...","og_url":"http:\/\/drbean.ca\/en\/catalogue\/presse-agrumes\/presse-agrumes-santos-38\/","og_site_name":"Dr Bean","article_publisher":"https:\/\/www.facebook.com\/DRBEANMTL","article_modified_time":"2023-01-19T20:54:52+00:00","og_image":[{"width":600,"height":600,"url":"https:\/\/drbean.ca\/wp-content\/uploads\/2019\/08\/santos38-1.jpg","type":"image\/jpeg"}],"twitter_card":"summary_large_image","schema":{"@context":"https:\/\/schema.org","@graph":[{"@type":"WebPage","@id":"http:\/\/drbean.ca\/fr\/catalogue\/presse-agrumes\/presse-agrumes-santos-38\/","url":"http:\/\/drbean.ca\/fr\/catalogue\/presse-agrumes\/presse-agrumes-santos-38\/","name":"Presse-Agrumes Santos 38 - Dr Bean","isPartOf":{"@id":"https:\/\/drbean.ca\/fr\/#website"},"primaryImageOfPage":{"@id":"http:\/\/drbean.ca\/fr\/catalogue\/presse-agrumes\/presse-agrumes-santos-38\/#primaryimage"},"image":{"@id":"http:\/\/drbean.ca\/fr\/catalogue\/presse-agrumes\/presse-agrumes-santos-38\/#primaryimage"},"thumbnailUrl":"https:\/\/drbean.ca\/wp-content\/uploads\/2019\/08\/santos38-1.jpg","datePublished":"2019-08-26T13:47:27+00:00","dateModified":"2023-01-19T20:54:52+00:00","description":"A utiliser partout o\u00f9 l'on consomme du jus d'agrumes fra\u00eechement press\u00e9: boutiques de di\u00e9t\u00e9tiques,\u00a0h\u00f4tels, bars, restaurants, collectivit\u00e9s...","breadcrumb":{"@id":"http:\/\/drbean.ca\/fr\/catalogue\/presse-agrumes\/presse-agrumes-santos-38\/#breadcrumb"},"inLanguage":"en-US","potentialAction":[{"@type":"ReadAction","target":["http:\/\/drbean.ca\/fr\/catalogue\/presse-agrumes\/presse-agrumes-santos-38\/"]}]},{"@type":"ImageObject","inLanguage":"en-US","@id":"http:\/\/drbean.ca\/fr\/catalogue\/presse-agrumes\/presse-agrumes-santos-38\/#primaryimage","url":"https:\/\/drbean.ca\/wp-content\/uploads\/2019\/08\/santos38-1.jpg","contentUrl":"https:\/\/drbean.ca\/wp-content\/uploads\/2019\/08\/santos38-1.jpg","width":600,"height":600,"caption":"presse-agrumes"},{"@type":"BreadcrumbList","@id":"http:\/\/drbean.ca\/fr\/catalogue\/presse-agrumes\/presse-agrumes-santos-38\/#breadcrumb","itemListElement":[{"@type":"ListItem","position":1,"name":"Accueil","item":"http:\/\/drbean.ca\/fr\/"},{"@type":"ListItem","position":2,"name":"Boutique","item":"http:\/\/drbean.ca\/fr\/boutique\/"},{"@type":"ListItem","position":3,"name":"Presse-Agrumes Santos 38"}]},{"@type":"WebSite","@id":"https:\/\/drbean.ca\/fr\/#website","url":"https:\/\/drbean.ca\/fr\/","name":"Dr Bean","description":"Votre partenaire depuis plus de 15 ans","publisher":{"@id":"https:\/\/drbean.ca\/fr\/#organization"},"potentialAction":[{"@type":"SearchAction","target":{"@type":"EntryPoint","urlTemplate":"https:\/\/drbean.ca\/fr\/?s={search_term_string}"},"query-input":{"@type":"PropertyValueSpecification","valueRequired":true,"valueName":"search_term_string"}}],"inLanguage":"en-US"},{"@type":"Organization","@id":"https:\/\/drbean.ca\/fr\/#organization","name":"Dr Bean","url":"https:\/\/drbean.ca\/fr\/","logo":{"@type":"ImageObject","inLanguage":"en-US","@id":"https:\/\/drbean.ca\/fr\/#\/schema\/logo\/image\/","url":"https:\/\/drbean.ca\/wp-content\/uploads\/2016\/09\/footer_logo.png","contentUrl":"https:\/\/drbean.ca\/wp-content\/uploads\/2016\/09\/footer_logo.png","width":216,"height":192,"caption":"Dr Bean"},"image":{"@id":"https:\/\/drbean.ca\/fr\/#\/schema\/logo\/image\/"},"sameAs":["https:\/\/www.facebook.com\/DRBEANMTL","https:\/\/www.instagram.com\/drbeanmtl\/"]}]}},"_links":{"self":[{"href":"https:\/\/drbean.ca\/en\/wp-json\/wp\/v2\/product\/789","targetHints":{"allow":["GET"]}}],"collection":[{"href":"https:\/\/drbean.ca\/en\/wp-json\/wp\/v2\/product"}],"about":[{"href":"https:\/\/drbean.ca\/en\/wp-json\/wp\/v2\/types\/product"}],"wp:featuredmedia":[{"embeddable":true,"href":"https:\/\/drbean.ca\/en\/wp-json\/wp\/v2\/media\/790"}],"wp:attachment":[{"href":"https:\/\/drbean.ca\/en\/wp-json\/wp\/v2\/media?parent=789"}],"wp:term":[{"taxonomy":"product_cat","embeddable":true,"href":"https:\/\/drbean.ca\/en\/wp-json\/wp\/v2\/product_cat?post=789"},{"taxonomy":"product_tag","embeddable":true,"href":"https:\/\/drbean.ca\/en\/wp-json\/wp\/v2\/product_tag?post=789"}],"curies":[{"name":"wp","href":"https:\/\/api.w.org\/{rel}","templated":true}]}}