{"id":808,"date":"2019-08-26T10:36:07","date_gmt":"2019-08-26T14:36:07","guid":{"rendered":"https:\/\/drbean.ca\/?post_type=product&#038;p=808"},"modified":"2023-01-19T16:57:58","modified_gmt":"2023-01-19T20:57:58","slug":"centrifugeuse-gros-debit-santos-28","status":"publish","type":"product","link":"https:\/\/drbean.ca\/en\/catalogue\/centrifugeuses\/centrifugeuse-gros-debit-santos-28\/","title":{"rendered":"Centrifugeuse Gros D\u00e9bit Santos 28"},"content":{"rendered":"<h3>Centrifugeuse Gros D\u00e9bit Santos<\/h3>\n<p><b>La centrifugeuse professionnelle de r\u00e9f\u00e9rence depuis 1986. Silencieuse, puissante et robuste, c&rsquo;est l&rsquo;appareil id\u00e9al pour les bars \u00e0 jus, restaurants, collectivit\u00e9s et boutiques de\u00a0di\u00e9t\u00e9tiques.\u00a0<\/b><\/p>\n<p>La centrifugeuse 28 permet de <strong>r\u00e9aliser toutes sortes de jus de fruits et de l\u00e9gumes.<\/strong><\/p>\n<p>\u00c9quip\u00e9e d&rsquo;un <strong>moteur asynchrone professionnel<\/strong>, elle est adapt\u00e9e \u00e0 un usage intensif.<\/p>\n<p><strong>Filtration parfaite:<\/strong> grand panier avec un tamis tr\u00e8s fin (0.5 mm \/ 0.02\u00a0\u00bb).<\/p>\n<p>Appareil livr\u00e9 avec une cl\u00e9 sp\u00e9ciale pour fixer ou retirer le panier.<\/p>\n<p><strong>Goulotte d&rsquo;introduction:<\/strong> 68 mm de diam\u00e8tre.<\/p>","protected":false},"excerpt":{"rendered":"<p><b>La centrifugeuse professionnelle de r\u00e9f\u00e9rence depuis 1986. Silencieuse, puissante et robuste, c&rsquo;est l&rsquo;appareil id\u00e9al pour les bars \u00e0 jus, restaurants, collectivit\u00e9s et boutiques de\u00a0di\u00e9t\u00e9tiques.\u00a0<\/b><\/p>\n<p>La centrifugeuse 28 permet de <strong>r\u00e9aliser toutes sortes de jus de fruits et de l\u00e9gumes.<\/strong><\/p>\n<p>\u00c9quip\u00e9e d&rsquo;un <strong>moteur asynchrone professionnel<\/strong>, elle est adapt\u00e9e \u00e0 un usage intensif.<\/p>\n<p><strong>Filtration parfaite:<\/strong> grand panier avec un tamis tr\u00e8s fin (0.5 mm \/ 0.02\u00a0\u00bb).<\/p>\n<p>Appareil livr\u00e9 avec une cl\u00e9 sp\u00e9ciale pour fixer ou retirer le panier.<\/p>\n<p><strong>Goulotte d&rsquo;introduction:<\/strong> 68 mm de diam\u00e8tre.<\/p>\n<p>Hauteur du bec: 222 mm (9&Prime;)\u00a0pour r\u00e9aliser du jus en continu au pichet ou au verre \u00e0 verre.<\/p>\n<p>D\u00e9bit: 100\u00a0l\/h<\/p>\n<p>&nbsp;<\/p>\n<p><a class=\"maxbutton-1 maxbutton maxbutton-fiche-technique-mira\" target=\"_blank\" rel=\"noopener\" href=\"https:\/\/www.santos.fr\/media\/ftp\/sales_leaflets\/FR_french\/SANTOS_28_leaflet_FR.pdf\"><span class='mb-text'>FICHE TECHNIQUE<\/span><\/a><\/p>\n<p><a class=\"maxbutton-2 maxbutton maxbutton-technical-manual\" target=\"_blank\" rel=\"noopener\" href=\"https:\/\/www.santos.fr\/media\/ftp\/sales_leaflets\/EN_english\/SANTOS_28_leaflet_EN.pdf\"><span class='mb-text'>TECHNICAL MANUAL<\/span><\/a><\/p>\n<p>&nbsp;<\/p>","protected":false},"featured_media":809,"template":"","meta":{"_et_pb_use_builder":"","_et_pb_old_content":"","om_disable_all_campaigns":false,"_monsterinsights_skip_tracking":false,"_monsterinsights_sitenote_active":false,"_monsterinsights_sitenote_note":"","_monsterinsights_sitenote_category":0},"product_cat":[53],"product_tag":[],"class_list":{"0":"post-808","1":"product","2":"type-product","3":"status-publish","4":"has-post-thumbnail","6":"product_cat-centrifugeuses","8":"first","9":"outofstock","10":"taxable","11":"shipping-taxable","12":"product-type-simple"},"aioseo_notices":[],"yoast_head":"<!-- This site is optimized with the Yoast SEO plugin v23.7 - https:\/\/yoast.com\/wordpress\/plugins\/seo\/ -->\n<title>Centrifugeuse Gros D\u00e9bit Santos 28 - Dr Bean<\/title>\n<meta name=\"description\" content=\"La centrifugeuse professionnelle de r\u00e9f\u00e9rence depuis 1986. Silencieuse, puissante et robuste, c&#039;est l&#039;appareil id\u00e9al pour les bars \u00e0 jus, restaurants...\" \/>\n<meta name=\"robots\" content=\"index, follow, max-snippet:-1, max-image-preview:large, max-video-preview:-1\" \/>\n<link rel=\"canonical\" href=\"http:\/\/drbean.ca\/en\/catalogue\/centrifugeuses\/centrifugeuse-gros-debit-santos-28\/\" \/>\n<meta property=\"og:locale\" content=\"en_US\" \/>\n<meta property=\"og:type\" content=\"article\" \/>\n<meta property=\"og:title\" content=\"Centrifugeuse Gros D\u00e9bit Santos 28 - Dr Bean\" \/>\n<meta property=\"og:description\" content=\"La centrifugeuse professionnelle de r\u00e9f\u00e9rence depuis 1986. Silencieuse, puissante et robuste, c&#039;est l&#039;appareil id\u00e9al pour les bars \u00e0 jus, restaurants...\" \/>\n<meta property=\"og:url\" content=\"http:\/\/drbean.ca\/en\/catalogue\/centrifugeuses\/centrifugeuse-gros-debit-santos-28\/\" \/>\n<meta property=\"og:site_name\" content=\"Dr Bean\" \/>\n<meta property=\"article:publisher\" content=\"https:\/\/www.facebook.com\/DRBEANMTL\" \/>\n<meta property=\"article:modified_time\" content=\"2023-01-19T20:57:58+00:00\" \/>\n<meta property=\"og:image\" content=\"https:\/\/drbean.ca\/wp-content\/uploads\/2019\/08\/santons28-1.jpg\" \/>\n\t<meta property=\"og:image:width\" content=\"600\" \/>\n\t<meta property=\"og:image:height\" content=\"600\" \/>\n\t<meta property=\"og:image:type\" content=\"image\/jpeg\" \/>\n<meta name=\"twitter:card\" content=\"summary_large_image\" \/>\n<script type=\"application\/ld+json\" class=\"yoast-schema-graph\">{\"@context\":\"https:\/\/schema.org\",\"@graph\":[{\"@type\":\"WebPage\",\"@id\":\"http:\/\/drbean.ca\/fr\/catalogue\/centrifugeuses\/centrifugeuse-gros-debit-santos-28\/\",\"url\":\"http:\/\/drbean.ca\/fr\/catalogue\/centrifugeuses\/centrifugeuse-gros-debit-santos-28\/\",\"name\":\"Centrifugeuse Gros D\u00e9bit Santos 28 - Dr Bean\",\"isPartOf\":{\"@id\":\"https:\/\/drbean.ca\/fr\/#website\"},\"primaryImageOfPage\":{\"@id\":\"http:\/\/drbean.ca\/fr\/catalogue\/centrifugeuses\/centrifugeuse-gros-debit-santos-28\/#primaryimage\"},\"image\":{\"@id\":\"http:\/\/drbean.ca\/fr\/catalogue\/centrifugeuses\/centrifugeuse-gros-debit-santos-28\/#primaryimage\"},\"thumbnailUrl\":\"https:\/\/drbean.ca\/wp-content\/uploads\/2019\/08\/santons28-1.jpg\",\"datePublished\":\"2019-08-26T14:36:07+00:00\",\"dateModified\":\"2023-01-19T20:57:58+00:00\",\"description\":\"La centrifugeuse professionnelle de r\u00e9f\u00e9rence depuis 1986. Silencieuse, puissante et robuste, c'est l'appareil id\u00e9al pour les bars \u00e0 jus, restaurants...\",\"breadcrumb\":{\"@id\":\"http:\/\/drbean.ca\/fr\/catalogue\/centrifugeuses\/centrifugeuse-gros-debit-santos-28\/#breadcrumb\"},\"inLanguage\":\"en-US\",\"potentialAction\":[{\"@type\":\"ReadAction\",\"target\":[\"http:\/\/drbean.ca\/fr\/catalogue\/centrifugeuses\/centrifugeuse-gros-debit-santos-28\/\"]}]},{\"@type\":\"ImageObject\",\"inLanguage\":\"en-US\",\"@id\":\"http:\/\/drbean.ca\/fr\/catalogue\/centrifugeuses\/centrifugeuse-gros-debit-santos-28\/#primaryimage\",\"url\":\"https:\/\/drbean.ca\/wp-content\/uploads\/2019\/08\/santons28-1.jpg\",\"contentUrl\":\"https:\/\/drbean.ca\/wp-content\/uploads\/2019\/08\/santons28-1.jpg\",\"width\":600,\"height\":600,\"caption\":\"extracteur \u00e0 jus\"},{\"@type\":\"BreadcrumbList\",\"@id\":\"http:\/\/drbean.ca\/fr\/catalogue\/centrifugeuses\/centrifugeuse-gros-debit-santos-28\/#breadcrumb\",\"itemListElement\":[{\"@type\":\"ListItem\",\"position\":1,\"name\":\"Accueil\",\"item\":\"http:\/\/drbean.ca\/fr\/\"},{\"@type\":\"ListItem\",\"position\":2,\"name\":\"Boutique\",\"item\":\"http:\/\/drbean.ca\/fr\/boutique\/\"},{\"@type\":\"ListItem\",\"position\":3,\"name\":\"Centrifugeuse Gros D\u00e9bit Santos 28\"}]},{\"@type\":\"WebSite\",\"@id\":\"https:\/\/drbean.ca\/fr\/#website\",\"url\":\"https:\/\/drbean.ca\/fr\/\",\"name\":\"Dr Bean\",\"description\":\"Votre partenaire depuis plus de 15 ans\",\"publisher\":{\"@id\":\"https:\/\/drbean.ca\/fr\/#organization\"},\"potentialAction\":[{\"@type\":\"SearchAction\",\"target\":{\"@type\":\"EntryPoint\",\"urlTemplate\":\"https:\/\/drbean.ca\/fr\/?s={search_term_string}\"},\"query-input\":{\"@type\":\"PropertyValueSpecification\",\"valueRequired\":true,\"valueName\":\"search_term_string\"}}],\"inLanguage\":\"en-US\"},{\"@type\":\"Organization\",\"@id\":\"https:\/\/drbean.ca\/fr\/#organization\",\"name\":\"Dr Bean\",\"url\":\"https:\/\/drbean.ca\/fr\/\",\"logo\":{\"@type\":\"ImageObject\",\"inLanguage\":\"en-US\",\"@id\":\"https:\/\/drbean.ca\/fr\/#\/schema\/logo\/image\/\",\"url\":\"https:\/\/drbean.ca\/wp-content\/uploads\/2016\/09\/footer_logo.png\",\"contentUrl\":\"https:\/\/drbean.ca\/wp-content\/uploads\/2016\/09\/footer_logo.png\",\"width\":216,\"height\":192,\"caption\":\"Dr Bean\"},\"image\":{\"@id\":\"https:\/\/drbean.ca\/fr\/#\/schema\/logo\/image\/\"},\"sameAs\":[\"https:\/\/www.facebook.com\/DRBEANMTL\",\"https:\/\/www.instagram.com\/drbeanmtl\/\"]}]}<\/script>\n<!-- \/ Yoast SEO plugin. -->","yoast_head_json":{"title":"Centrifugeuse Gros D\u00e9bit Santos 28 - Dr Bean","description":"La centrifugeuse professionnelle de r\u00e9f\u00e9rence depuis 1986. Silencieuse, puissante et robuste, c'est l'appareil id\u00e9al pour les bars \u00e0 jus, restaurants...","robots":{"index":"index","follow":"follow","max-snippet":"max-snippet:-1","max-image-preview":"max-image-preview:large","max-video-preview":"max-video-preview:-1"},"canonical":"http:\/\/drbean.ca\/en\/catalogue\/centrifugeuses\/centrifugeuse-gros-debit-santos-28\/","og_locale":"en_US","og_type":"article","og_title":"Centrifugeuse Gros D\u00e9bit Santos 28 - Dr Bean","og_description":"La centrifugeuse professionnelle de r\u00e9f\u00e9rence depuis 1986. Silencieuse, puissante et robuste, c'est l'appareil id\u00e9al pour les bars \u00e0 jus, restaurants...","og_url":"http:\/\/drbean.ca\/en\/catalogue\/centrifugeuses\/centrifugeuse-gros-debit-santos-28\/","og_site_name":"Dr Bean","article_publisher":"https:\/\/www.facebook.com\/DRBEANMTL","article_modified_time":"2023-01-19T20:57:58+00:00","og_image":[{"width":600,"height":600,"url":"https:\/\/drbean.ca\/wp-content\/uploads\/2019\/08\/santons28-1.jpg","type":"image\/jpeg"}],"twitter_card":"summary_large_image","schema":{"@context":"https:\/\/schema.org","@graph":[{"@type":"WebPage","@id":"http:\/\/drbean.ca\/fr\/catalogue\/centrifugeuses\/centrifugeuse-gros-debit-santos-28\/","url":"http:\/\/drbean.ca\/fr\/catalogue\/centrifugeuses\/centrifugeuse-gros-debit-santos-28\/","name":"Centrifugeuse Gros D\u00e9bit Santos 28 - Dr Bean","isPartOf":{"@id":"https:\/\/drbean.ca\/fr\/#website"},"primaryImageOfPage":{"@id":"http:\/\/drbean.ca\/fr\/catalogue\/centrifugeuses\/centrifugeuse-gros-debit-santos-28\/#primaryimage"},"image":{"@id":"http:\/\/drbean.ca\/fr\/catalogue\/centrifugeuses\/centrifugeuse-gros-debit-santos-28\/#primaryimage"},"thumbnailUrl":"https:\/\/drbean.ca\/wp-content\/uploads\/2019\/08\/santons28-1.jpg","datePublished":"2019-08-26T14:36:07+00:00","dateModified":"2023-01-19T20:57:58+00:00","description":"La centrifugeuse professionnelle de r\u00e9f\u00e9rence depuis 1986. Silencieuse, puissante et robuste, c'est l'appareil id\u00e9al pour les bars \u00e0 jus, restaurants...","breadcrumb":{"@id":"http:\/\/drbean.ca\/fr\/catalogue\/centrifugeuses\/centrifugeuse-gros-debit-santos-28\/#breadcrumb"},"inLanguage":"en-US","potentialAction":[{"@type":"ReadAction","target":["http:\/\/drbean.ca\/fr\/catalogue\/centrifugeuses\/centrifugeuse-gros-debit-santos-28\/"]}]},{"@type":"ImageObject","inLanguage":"en-US","@id":"http:\/\/drbean.ca\/fr\/catalogue\/centrifugeuses\/centrifugeuse-gros-debit-santos-28\/#primaryimage","url":"https:\/\/drbean.ca\/wp-content\/uploads\/2019\/08\/santons28-1.jpg","contentUrl":"https:\/\/drbean.ca\/wp-content\/uploads\/2019\/08\/santons28-1.jpg","width":600,"height":600,"caption":"extracteur \u00e0 jus"},{"@type":"BreadcrumbList","@id":"http:\/\/drbean.ca\/fr\/catalogue\/centrifugeuses\/centrifugeuse-gros-debit-santos-28\/#breadcrumb","itemListElement":[{"@type":"ListItem","position":1,"name":"Accueil","item":"http:\/\/drbean.ca\/fr\/"},{"@type":"ListItem","position":2,"name":"Boutique","item":"http:\/\/drbean.ca\/fr\/boutique\/"},{"@type":"ListItem","position":3,"name":"Centrifugeuse Gros D\u00e9bit Santos 28"}]},{"@type":"WebSite","@id":"https:\/\/drbean.ca\/fr\/#website","url":"https:\/\/drbean.ca\/fr\/","name":"Dr Bean","description":"Votre partenaire depuis plus de 15 ans","publisher":{"@id":"https:\/\/drbean.ca\/fr\/#organization"},"potentialAction":[{"@type":"SearchAction","target":{"@type":"EntryPoint","urlTemplate":"https:\/\/drbean.ca\/fr\/?s={search_term_string}"},"query-input":{"@type":"PropertyValueSpecification","valueRequired":true,"valueName":"search_term_string"}}],"inLanguage":"en-US"},{"@type":"Organization","@id":"https:\/\/drbean.ca\/fr\/#organization","name":"Dr Bean","url":"https:\/\/drbean.ca\/fr\/","logo":{"@type":"ImageObject","inLanguage":"en-US","@id":"https:\/\/drbean.ca\/fr\/#\/schema\/logo\/image\/","url":"https:\/\/drbean.ca\/wp-content\/uploads\/2016\/09\/footer_logo.png","contentUrl":"https:\/\/drbean.ca\/wp-content\/uploads\/2016\/09\/footer_logo.png","width":216,"height":192,"caption":"Dr Bean"},"image":{"@id":"https:\/\/drbean.ca\/fr\/#\/schema\/logo\/image\/"},"sameAs":["https:\/\/www.facebook.com\/DRBEANMTL","https:\/\/www.instagram.com\/drbeanmtl\/"]}]}},"_links":{"self":[{"href":"https:\/\/drbean.ca\/en\/wp-json\/wp\/v2\/product\/808","targetHints":{"allow":["GET"]}}],"collection":[{"href":"https:\/\/drbean.ca\/en\/wp-json\/wp\/v2\/product"}],"about":[{"href":"https:\/\/drbean.ca\/en\/wp-json\/wp\/v2\/types\/product"}],"wp:featuredmedia":[{"embeddable":true,"href":"https:\/\/drbean.ca\/en\/wp-json\/wp\/v2\/media\/809"}],"wp:attachment":[{"href":"https:\/\/drbean.ca\/en\/wp-json\/wp\/v2\/media?parent=808"}],"wp:term":[{"taxonomy":"product_cat","embeddable":true,"href":"https:\/\/drbean.ca\/en\/wp-json\/wp\/v2\/product_cat?post=808"},{"taxonomy":"product_tag","embeddable":true,"href":"https:\/\/drbean.ca\/en\/wp-json\/wp\/v2\/product_tag?post=808"}],"curies":[{"name":"wp","href":"https:\/\/api.w.org\/{rel}","templated":true}]}}