{"id":816,"date":"2019-08-26T10:56:50","date_gmt":"2019-08-26T14:56:50","guid":{"rendered":"https:\/\/drbean.ca\/?post_type=product&#038;p=816"},"modified":"2025-03-26T08:40:10","modified_gmt":"2025-03-26T12:40:10","slug":"centrifugeuse-miracle-edition-santos-68","status":"publish","type":"product","link":"https:\/\/drbean.ca\/en\/catalogue\/centrifugeuses\/centrifugeuse-miracle-edition-santos-68\/","title":{"rendered":"Centrifugeuse \u00ab\u00a0Miracle Edition\u00a0\u00bb Santos 68"},"content":{"rendered":"<h3>Centrifugeuse \u00ab\u00a0Miracle Edition\u00a0\u00bb Santos<\/h3>\n<p><b>La centrifugeuse \u00ab\u00a0Miracle Edition\u00a0\u00bb N\u00b068 est le r\u00e9sultat des 60 ann\u00e9es d&rsquo;exp\u00e9rience de Santos dans le domaine des jus de fruits et l\u00e9gumes frais. Puissante,\u00a0robuste\u00a0et facile \u00e0 nettoyer, c&rsquo;est l&rsquo;outil incontournable des bars \u00e0 jus.<\/b><\/p>\n<p>L&rsquo;\u00e9dition Miracle offre une <strong>grande efficacit\u00e9<\/strong> et est adapt\u00e9e \u00e0 une <strong>utilisation intensive<\/strong>.<\/p>\n<p><strong>Filtration parfaite<\/strong> pour un jus de grande qualit\u00e9:\u00a0grand panier avec tamis tr\u00e8s fin\u00a0(trous de 0.5 mm \/ 0.02\u00a0\u00bb).<\/p>\n<p>Zone alimentaire tout <strong>en inox<\/strong> (pas d&rsquo;aluminium).<\/p>\n<p><strong>Large introduction:<\/strong> 79.5 mm. Laisse passer des fruits et l\u00e9gumes entiers.<\/p>\n<p><strong>Syst\u00e8me brevet\u00e9 Ezy-clean\u2122 II :<\/strong> couvercle, cuve et panier amovibles (sans outil). Fiable et robuste pour une fixation parfaite du panier.<\/p>\n<p><strong>Hauteur du bec:<\/strong> 228 mm (9&Prime;), pour r\u00e9aliser du jus en continu au pichet ou au verre \u00e0 verre.<\/p>\n<p><strong>D\u00e9bit exceptionnel:<\/strong> 140 l\/h.<\/p>\n<p>[vc_video link=&rsquo;https:\/\/www.youtube.com\/watch?v=y8Pefw9uj6k&rsquo;]<\/p>","protected":false},"excerpt":{"rendered":"<p><b>La centrifugeuse \u00ab\u00a0Miracle Edition\u00a0\u00bb N\u00b068 est le r\u00e9sultat des 60 ann\u00e9es d&rsquo;exp\u00e9rience de Santos dans le domaine des jus de fruits et l\u00e9gumes frais. Puissante,\u00a0robuste\u00a0et facile \u00e0 nettoyer, c&rsquo;est l&rsquo;outil incontournable des bars \u00e0 jus.<\/b><\/p>\n<p>L&rsquo;\u00e9dition Miracle offre une <strong>grande efficacit\u00e9<\/strong> et est adapt\u00e9e \u00e0 une <strong>utilisation intensive<\/strong>.<\/p>\n<p><strong>Filtration parfaite<\/strong> pour un jus de grande qualit\u00e9:\u00a0grand panier avec tamis tr\u00e8s fin\u00a0(trous de 0.5 mm \/ 0.02\u00a0\u00bb).<\/p>\n<p>Zone alimentaire tout <strong>en inox<\/strong> (pas d&rsquo;aluminium).<\/p>\n<p><strong>Large introduction:<\/strong> 79.5 mm. Laisse passer des fruits et l\u00e9gumes entiers.<\/p>\n<p><strong>Syst\u00e8me brevet\u00e9 Ezy-clean\u2122 II :<\/strong> couvercle, cuve et panier amovibles (sans outil). Fiable et robuste pour une fixation parfaite du panier.<\/p>\n<p><strong>Hauteur du bec:<\/strong> 228 mm (9&Prime;), pour r\u00e9aliser du jus en continu au pichet ou au verre \u00e0 verre.<\/p>\n<p><strong>D\u00e9bit exceptionnel:<\/strong> 140 l\/h.<\/p>\n<p>[vc_video link=&rsquo;https:\/\/www.youtube.com\/watch?v=y8Pefw9uj6k&rsquo;]<\/p>\n<p>&nbsp;<\/p>\n<p><a class=\"maxbutton-1 maxbutton maxbutton-fiche-technique-mira\" target=\"_blank\" rel=\"noopener\" href=\"https:\/\/www.santos.fr\/media\/ftp\/sales_leaflets\/FR_french\/SANTOS_68_leaflet_FR.pdf\"><span class='mb-text'>FICHE TECHNIQUE<\/span><\/a><\/p>\n<p><a class=\"maxbutton-2 maxbutton maxbutton-technical-manual\" target=\"_blank\" rel=\"noopener\" href=\"https:\/\/www.santos.fr\/media\/ftp\/sales_leaflets\/EN_english\/SANTOS_68_leaflet_EN.pdf\"><span class='mb-text'>TECHNICAL MANUAL<\/span><\/a><\/p>\n<p>&nbsp;<\/p>","protected":false},"featured_media":817,"template":"","meta":{"_et_pb_use_builder":"","_et_pb_old_content":"","om_disable_all_campaigns":false,"_monsterinsights_skip_tracking":false,"_monsterinsights_sitenote_active":false,"_monsterinsights_sitenote_note":"","_monsterinsights_sitenote_category":0},"product_cat":[53,72],"product_tag":[],"class_list":{"0":"post-816","1":"product","2":"type-product","3":"status-publish","4":"has-post-thumbnail","6":"product_cat-centrifugeuses","7":"product_cat-homepage","9":"first","10":"instock","11":"taxable","12":"shipping-taxable","13":"purchasable","14":"product-type-simple"},"aioseo_notices":[],"yoast_head":"<!-- This site is optimized with the Yoast SEO plugin v23.7 - https:\/\/yoast.com\/wordpress\/plugins\/seo\/ -->\n<title>Centrifugeuse &quot;Miracle Edition&quot; Santos 68 - Dr Bean<\/title>\n<meta name=\"description\" content=\"La centrifugeuse &quot;Miracle Edition&quot; N\u00b068 est le r\u00e9sultat des 60 ann\u00e9es d&#039;exp\u00e9rience de Santos dans le domaine des jus de fruits et l\u00e9gumes frais.\" \/>\n<meta name=\"robots\" content=\"index, follow, max-snippet:-1, max-image-preview:large, max-video-preview:-1\" \/>\n<link rel=\"canonical\" href=\"https:\/\/drbean.ca\/en\/catalogue\/centrifugeuses\/centrifugeuse-miracle-edition-santos-68\/\" \/>\n<meta property=\"og:locale\" content=\"en_US\" \/>\n<meta property=\"og:type\" content=\"article\" \/>\n<meta property=\"og:title\" content=\"Centrifugeuse &quot;Miracle Edition&quot; Santos 68 - Dr Bean\" \/>\n<meta property=\"og:description\" content=\"La centrifugeuse &quot;Miracle Edition&quot; N\u00b068 est le r\u00e9sultat des 60 ann\u00e9es d&#039;exp\u00e9rience de Santos dans le domaine des jus de fruits et l\u00e9gumes frais.\" \/>\n<meta property=\"og:url\" content=\"https:\/\/drbean.ca\/en\/catalogue\/centrifugeuses\/centrifugeuse-miracle-edition-santos-68\/\" \/>\n<meta property=\"og:site_name\" content=\"Dr Bean\" \/>\n<meta property=\"article:publisher\" content=\"https:\/\/www.facebook.com\/DRBEANMTL\" \/>\n<meta property=\"article:modified_time\" content=\"2025-03-26T12:40:10+00:00\" \/>\n<meta property=\"og:image\" content=\"https:\/\/drbean.ca\/wp-content\/uploads\/2019\/08\/santos68-1.jpg\" \/>\n\t<meta property=\"og:image:width\" content=\"600\" \/>\n\t<meta property=\"og:image:height\" content=\"600\" \/>\n\t<meta property=\"og:image:type\" content=\"image\/jpeg\" \/>\n<meta name=\"twitter:card\" content=\"summary_large_image\" \/>\n<meta name=\"twitter:label1\" content=\"Est. reading time\" \/>\n\t<meta name=\"twitter:data1\" content=\"1 minute\" \/>\n<script type=\"application\/ld+json\" class=\"yoast-schema-graph\">{\"@context\":\"https:\/\/schema.org\",\"@graph\":[{\"@type\":\"WebPage\",\"@id\":\"https:\/\/drbean.ca\/catalogue\/centrifugeuses\/centrifugeuse-miracle-edition-santos-68\/\",\"url\":\"https:\/\/drbean.ca\/catalogue\/centrifugeuses\/centrifugeuse-miracle-edition-santos-68\/\",\"name\":\"Centrifugeuse \\\"Miracle Edition\\\" Santos 68 - Dr Bean\",\"isPartOf\":{\"@id\":\"https:\/\/drbean.ca\/fr\/#website\"},\"primaryImageOfPage\":{\"@id\":\"https:\/\/drbean.ca\/catalogue\/centrifugeuses\/centrifugeuse-miracle-edition-santos-68\/#primaryimage\"},\"image\":{\"@id\":\"https:\/\/drbean.ca\/catalogue\/centrifugeuses\/centrifugeuse-miracle-edition-santos-68\/#primaryimage\"},\"thumbnailUrl\":\"https:\/\/drbean.ca\/wp-content\/uploads\/2019\/08\/santos68-1.jpg\",\"datePublished\":\"2019-08-26T14:56:50+00:00\",\"dateModified\":\"2025-03-26T12:40:10+00:00\",\"description\":\"La centrifugeuse \\\"Miracle Edition\\\" N\u00b068 est le r\u00e9sultat des 60 ann\u00e9es d'exp\u00e9rience de Santos dans le domaine des jus de fruits et l\u00e9gumes frais.\",\"breadcrumb\":{\"@id\":\"https:\/\/drbean.ca\/catalogue\/centrifugeuses\/centrifugeuse-miracle-edition-santos-68\/#breadcrumb\"},\"inLanguage\":\"en-US\",\"potentialAction\":[{\"@type\":\"ReadAction\",\"target\":[\"https:\/\/drbean.ca\/catalogue\/centrifugeuses\/centrifugeuse-miracle-edition-santos-68\/\"]}]},{\"@type\":\"ImageObject\",\"inLanguage\":\"en-US\",\"@id\":\"https:\/\/drbean.ca\/catalogue\/centrifugeuses\/centrifugeuse-miracle-edition-santos-68\/#primaryimage\",\"url\":\"https:\/\/drbean.ca\/wp-content\/uploads\/2019\/08\/santos68-1.jpg\",\"contentUrl\":\"https:\/\/drbean.ca\/wp-content\/uploads\/2019\/08\/santos68-1.jpg\",\"width\":600,\"height\":600,\"caption\":\"centrifugeuse\"},{\"@type\":\"BreadcrumbList\",\"@id\":\"https:\/\/drbean.ca\/catalogue\/centrifugeuses\/centrifugeuse-miracle-edition-santos-68\/#breadcrumb\",\"itemListElement\":[{\"@type\":\"ListItem\",\"position\":1,\"name\":\"Accueil\",\"item\":\"http:\/\/drbean.ca\/fr\/\"},{\"@type\":\"ListItem\",\"position\":2,\"name\":\"Boutique\",\"item\":\"http:\/\/drbean.ca\/fr\/boutique\/\"},{\"@type\":\"ListItem\",\"position\":3,\"name\":\"Centrifugeuse &#8220;Miracle Edition&#8221; Santos 68\"}]},{\"@type\":\"WebSite\",\"@id\":\"https:\/\/drbean.ca\/fr\/#website\",\"url\":\"https:\/\/drbean.ca\/fr\/\",\"name\":\"Dr Bean\",\"description\":\"Votre partenaire depuis plus de 15 ans\",\"publisher\":{\"@id\":\"https:\/\/drbean.ca\/fr\/#organization\"},\"potentialAction\":[{\"@type\":\"SearchAction\",\"target\":{\"@type\":\"EntryPoint\",\"urlTemplate\":\"https:\/\/drbean.ca\/fr\/?s={search_term_string}\"},\"query-input\":{\"@type\":\"PropertyValueSpecification\",\"valueRequired\":true,\"valueName\":\"search_term_string\"}}],\"inLanguage\":\"en-US\"},{\"@type\":\"Organization\",\"@id\":\"https:\/\/drbean.ca\/fr\/#organization\",\"name\":\"Dr Bean\",\"url\":\"https:\/\/drbean.ca\/fr\/\",\"logo\":{\"@type\":\"ImageObject\",\"inLanguage\":\"en-US\",\"@id\":\"https:\/\/drbean.ca\/fr\/#\/schema\/logo\/image\/\",\"url\":\"https:\/\/drbean.ca\/wp-content\/uploads\/2016\/09\/footer_logo.png\",\"contentUrl\":\"https:\/\/drbean.ca\/wp-content\/uploads\/2016\/09\/footer_logo.png\",\"width\":216,\"height\":192,\"caption\":\"Dr Bean\"},\"image\":{\"@id\":\"https:\/\/drbean.ca\/fr\/#\/schema\/logo\/image\/\"},\"sameAs\":[\"https:\/\/www.facebook.com\/DRBEANMTL\",\"https:\/\/www.instagram.com\/drbeanmtl\/\"]}]}<\/script>\n<!-- \/ Yoast SEO plugin. -->","yoast_head_json":{"title":"Centrifugeuse \"Miracle Edition\" Santos 68 - Dr Bean","description":"La centrifugeuse \"Miracle Edition\" N\u00b068 est le r\u00e9sultat des 60 ann\u00e9es d'exp\u00e9rience de Santos dans le domaine des jus de fruits et l\u00e9gumes frais.","robots":{"index":"index","follow":"follow","max-snippet":"max-snippet:-1","max-image-preview":"max-image-preview:large","max-video-preview":"max-video-preview:-1"},"canonical":"https:\/\/drbean.ca\/en\/catalogue\/centrifugeuses\/centrifugeuse-miracle-edition-santos-68\/","og_locale":"en_US","og_type":"article","og_title":"Centrifugeuse \"Miracle Edition\" Santos 68 - Dr Bean","og_description":"La centrifugeuse \"Miracle Edition\" N\u00b068 est le r\u00e9sultat des 60 ann\u00e9es d'exp\u00e9rience de Santos dans le domaine des jus de fruits et l\u00e9gumes frais.","og_url":"https:\/\/drbean.ca\/en\/catalogue\/centrifugeuses\/centrifugeuse-miracle-edition-santos-68\/","og_site_name":"Dr Bean","article_publisher":"https:\/\/www.facebook.com\/DRBEANMTL","article_modified_time":"2025-03-26T12:40:10+00:00","og_image":[{"width":600,"height":600,"url":"https:\/\/drbean.ca\/wp-content\/uploads\/2019\/08\/santos68-1.jpg","type":"image\/jpeg"}],"twitter_card":"summary_large_image","twitter_misc":{"Est. reading time":"1 minute"},"schema":{"@context":"https:\/\/schema.org","@graph":[{"@type":"WebPage","@id":"https:\/\/drbean.ca\/catalogue\/centrifugeuses\/centrifugeuse-miracle-edition-santos-68\/","url":"https:\/\/drbean.ca\/catalogue\/centrifugeuses\/centrifugeuse-miracle-edition-santos-68\/","name":"Centrifugeuse \"Miracle Edition\" Santos 68 - Dr Bean","isPartOf":{"@id":"https:\/\/drbean.ca\/fr\/#website"},"primaryImageOfPage":{"@id":"https:\/\/drbean.ca\/catalogue\/centrifugeuses\/centrifugeuse-miracle-edition-santos-68\/#primaryimage"},"image":{"@id":"https:\/\/drbean.ca\/catalogue\/centrifugeuses\/centrifugeuse-miracle-edition-santos-68\/#primaryimage"},"thumbnailUrl":"https:\/\/drbean.ca\/wp-content\/uploads\/2019\/08\/santos68-1.jpg","datePublished":"2019-08-26T14:56:50+00:00","dateModified":"2025-03-26T12:40:10+00:00","description":"La centrifugeuse \"Miracle Edition\" N\u00b068 est le r\u00e9sultat des 60 ann\u00e9es d'exp\u00e9rience de Santos dans le domaine des jus de fruits et l\u00e9gumes frais.","breadcrumb":{"@id":"https:\/\/drbean.ca\/catalogue\/centrifugeuses\/centrifugeuse-miracle-edition-santos-68\/#breadcrumb"},"inLanguage":"en-US","potentialAction":[{"@type":"ReadAction","target":["https:\/\/drbean.ca\/catalogue\/centrifugeuses\/centrifugeuse-miracle-edition-santos-68\/"]}]},{"@type":"ImageObject","inLanguage":"en-US","@id":"https:\/\/drbean.ca\/catalogue\/centrifugeuses\/centrifugeuse-miracle-edition-santos-68\/#primaryimage","url":"https:\/\/drbean.ca\/wp-content\/uploads\/2019\/08\/santos68-1.jpg","contentUrl":"https:\/\/drbean.ca\/wp-content\/uploads\/2019\/08\/santos68-1.jpg","width":600,"height":600,"caption":"centrifugeuse"},{"@type":"BreadcrumbList","@id":"https:\/\/drbean.ca\/catalogue\/centrifugeuses\/centrifugeuse-miracle-edition-santos-68\/#breadcrumb","itemListElement":[{"@type":"ListItem","position":1,"name":"Accueil","item":"http:\/\/drbean.ca\/fr\/"},{"@type":"ListItem","position":2,"name":"Boutique","item":"http:\/\/drbean.ca\/fr\/boutique\/"},{"@type":"ListItem","position":3,"name":"Centrifugeuse &#8220;Miracle Edition&#8221; Santos 68"}]},{"@type":"WebSite","@id":"https:\/\/drbean.ca\/fr\/#website","url":"https:\/\/drbean.ca\/fr\/","name":"Dr Bean","description":"Votre partenaire depuis plus de 15 ans","publisher":{"@id":"https:\/\/drbean.ca\/fr\/#organization"},"potentialAction":[{"@type":"SearchAction","target":{"@type":"EntryPoint","urlTemplate":"https:\/\/drbean.ca\/fr\/?s={search_term_string}"},"query-input":{"@type":"PropertyValueSpecification","valueRequired":true,"valueName":"search_term_string"}}],"inLanguage":"en-US"},{"@type":"Organization","@id":"https:\/\/drbean.ca\/fr\/#organization","name":"Dr Bean","url":"https:\/\/drbean.ca\/fr\/","logo":{"@type":"ImageObject","inLanguage":"en-US","@id":"https:\/\/drbean.ca\/fr\/#\/schema\/logo\/image\/","url":"https:\/\/drbean.ca\/wp-content\/uploads\/2016\/09\/footer_logo.png","contentUrl":"https:\/\/drbean.ca\/wp-content\/uploads\/2016\/09\/footer_logo.png","width":216,"height":192,"caption":"Dr Bean"},"image":{"@id":"https:\/\/drbean.ca\/fr\/#\/schema\/logo\/image\/"},"sameAs":["https:\/\/www.facebook.com\/DRBEANMTL","https:\/\/www.instagram.com\/drbeanmtl\/"]}]}},"_links":{"self":[{"href":"https:\/\/drbean.ca\/en\/wp-json\/wp\/v2\/product\/816","targetHints":{"allow":["GET"]}}],"collection":[{"href":"https:\/\/drbean.ca\/en\/wp-json\/wp\/v2\/product"}],"about":[{"href":"https:\/\/drbean.ca\/en\/wp-json\/wp\/v2\/types\/product"}],"wp:featuredmedia":[{"embeddable":true,"href":"https:\/\/drbean.ca\/en\/wp-json\/wp\/v2\/media\/817"}],"wp:attachment":[{"href":"https:\/\/drbean.ca\/en\/wp-json\/wp\/v2\/media?parent=816"}],"wp:term":[{"taxonomy":"product_cat","embeddable":true,"href":"https:\/\/drbean.ca\/en\/wp-json\/wp\/v2\/product_cat?post=816"},{"taxonomy":"product_tag","embeddable":true,"href":"https:\/\/drbean.ca\/en\/wp-json\/wp\/v2\/product_tag?post=816"}],"curies":[{"name":"wp","href":"https:\/\/api.w.org\/{rel}","templated":true}]}}