{"id":820,"date":"2019-08-26T11:23:04","date_gmt":"2019-08-26T15:23:04","guid":{"rendered":"https:\/\/drbean.ca\/?post_type=product&#038;p=820"},"modified":"2025-03-26T08:41:18","modified_gmt":"2025-03-26T12:41:18","slug":"blender-brushless-santos-62","status":"publish","type":"product","link":"https:\/\/drbean.ca\/en\/catalogue\/blender\/blender-brushless-santos-62\/","title":{"rendered":"Blender \u00ab\u00a0Brushless\u00a0\u00bb Santos 62"},"content":{"rendered":"<h3>Blender Brushless Santos<\/h3>\n<p><strong>Le Blender Brushless est l&rsquo;appareil id\u00e9al pour les bars \u00e0 jus, coffee shops, cha\u00eenes de restauration rapide, h\u00f4tels&#8230;\u00a0Il permet de r\u00e9aliser toutes sortes de cocktails, smoothies, milkshakes, granitas, caf\u00e9s frapp\u00e9s gr\u00e2ce \u00e0 ses 30 cycles pr\u00e9-programm\u00e9s.<\/strong><\/p>\n<p>&nbsp;<\/p>\n<p>Seul blender au monde \u00e9quip\u00e9 d&rsquo;un\u00a0<strong>moteur Brushless<\/strong>\u00a0qui, par opposition aux moteurs universels, ne poss\u00e8de pas de charbons, ce qui lui conf\u00e8re une tr\u00e8s grande dur\u00e9e de vie, un tr\u00e8s bon rendement \u00e9nerg\u00e9tique et un faible niveau sonore.<\/p>\n<p>&nbsp;<\/p>\n<p>DUAL CRUSHING ACTION:\u00a0<strong>Double sens de rotation des couteaux<\/strong>\u00a0brevet\u00e9, unique sur le march\u00e9, id\u00e9al pour les boissons glac\u00e9es. Le nouveau couteau et les nouveaux programmes Dual Crushing Action, tournant dans les deux sens, broient et mixent tous types d&rsquo;ingr\u00e9dients en quelques secondes: gla\u00e7ons, fruits congel\u00e9s&#8230;<\/p>\n<p>&nbsp;<\/p>\n<p><strong>Tr\u00e8s silencieux<\/strong>\u00a0gr\u00e2ce \u00e0 sa nouvelle cloche d\u2019insonorisation, son moteur brushless et son tapis de bol anti-vibrations.<\/p>\n<p>&nbsp;<\/p>\n<p>Utilisation simple:\u00a0<strong>30 cycles pr\u00e9-programm\u00e9s<\/strong>\u00a0+ possibilit\u00e9 de cr\u00e9er ses propres programmes (logiciel gratuit + port USB).<\/p>\n<p>&nbsp;<\/p>\n<p>Le blender est modulable et peut s&rsquo;utiliser en v<strong>ersion standard ou encastrable<\/strong>, sans option suppl\u00e9mentaire.<\/p>\n<p>&nbsp;<\/p>\n<p>Livr\u00e9 avec un bol transparent gradu\u00e9, sans bisph\u00e9nol A: capacit\u00e9 utile 1,4 l (48 oz), capacit\u00e9 max. 2,4 l (8 oz).<\/p>\n<p>&nbsp;<\/p>","protected":false},"excerpt":{"rendered":"<p><strong>Le Blender Brushless est l&rsquo;appareil id\u00e9al pour les bars \u00e0 jus, coffee shops, cha\u00eenes de restauration rapide, h\u00f4tels&#8230;\u00a0Il permet de r\u00e9aliser toutes sortes de cocktails, smoothies, milkshakes, granitas, caf\u00e9s frapp\u00e9s gr\u00e2ce \u00e0 ses 30 cycles pr\u00e9-programm\u00e9s.<\/strong><\/p>\n<p>&nbsp;<\/p>\n<p>Seul blender au monde \u00e9quip\u00e9 d&rsquo;un\u00a0<strong>moteur Brushless<\/strong>\u00a0qui, par opposition aux moteurs universels, ne poss\u00e8de pas de charbons, ce qui lui conf\u00e8re une tr\u00e8s grande dur\u00e9e de vie, un tr\u00e8s bon rendement \u00e9nerg\u00e9tique et un faible niveau sonore.<\/p>\n<p>&nbsp;<\/p>\n<p>DUAL CRUSHING ACTION:\u00a0<strong>Double sens de rotation des couteaux<\/strong>\u00a0brevet\u00e9, unique sur le march\u00e9, id\u00e9al pour les boissons glac\u00e9es. Le nouveau couteau et les nouveaux programmes Dual Crushing Action, tournant dans les deux sens, broient et mixent tous types d&rsquo;ingr\u00e9dients en quelques secondes: gla\u00e7ons, fruits congel\u00e9s&#8230;<\/p>\n<p>&nbsp;<\/p>\n<p><strong>Tr\u00e8s silencieux<\/strong>\u00a0gr\u00e2ce \u00e0 sa nouvelle cloche d\u2019insonorisation, son moteur brushless et son tapis de bol anti-vibrations.<\/p>\n<p>&nbsp;<\/p>\n<p>Utilisation simple:\u00a0<strong>30 cycles pr\u00e9-programm\u00e9s<\/strong>\u00a0+ possibilit\u00e9 de cr\u00e9er ses propres programmes (logiciel gratuit + port USB).<\/p>\n<p>&nbsp;<\/p>\n<p>Le blender est modulable et peut s&rsquo;utiliser en v<strong>ersion standard ou encastrable<\/strong>, sans option suppl\u00e9mentaire.<\/p>\n<p>&nbsp;<\/p>\n<p>Livr\u00e9 avec un bol transparent gradu\u00e9, sans bisph\u00e9nol A: capacit\u00e9 utile 1,4 l (48 oz), capacit\u00e9 max. 2,4 l (8 oz).<\/p>\n<p>[vc_video link=&rsquo;https:\/\/www.youtube.com\/watch?v=092LppoqWk8&amp;t=&rsquo;]<\/p>\n<p>&nbsp;<\/p>\n<p><a class=\"maxbutton-1 maxbutton maxbutton-fiche-technique-mira\" target=\"_blank\" rel=\"noopener\" href=\"https:\/\/www.santos.fr\/media\/ftp\/sales_leaflets\/FR_french\/SANTOS_62_leaflet_FR.pdf\"><span class='mb-text'>FICHE TECHNIQUE<\/span><\/a><\/p>\n<p><a class=\"maxbutton-2 maxbutton maxbutton-technical-manual\" target=\"_blank\" rel=\"noopener\" href=\"https:\/\/www.santos.fr\/media\/ftp\/sales_leaflets\/EN_english\/SANTOS_62_leaflet_EN.pdf\"><span class='mb-text'>TECHNICAL MANUAL<\/span><\/a><\/p>\n<p>&nbsp;<\/p>","protected":false},"featured_media":821,"template":"","meta":{"_et_pb_use_builder":"","_et_pb_old_content":"","om_disable_all_campaigns":false,"_monsterinsights_skip_tracking":false,"_monsterinsights_sitenote_active":false,"_monsterinsights_sitenote_note":"","_monsterinsights_sitenote_category":0},"product_cat":[54],"product_tag":[],"class_list":{"0":"post-820","1":"product","2":"type-product","3":"status-publish","4":"has-post-thumbnail","6":"product_cat-blender","8":"first","9":"outofstock","10":"taxable","11":"shipping-taxable","12":"purchasable","13":"product-type-simple"},"aioseo_notices":[],"yoast_head":"<!-- This site is optimized with the Yoast SEO plugin v23.7 - https:\/\/yoast.com\/wordpress\/plugins\/seo\/ -->\n<title>Blender &quot;Brushless&quot; Santos 62 - Dr Bean<\/title>\n<meta name=\"description\" content=\"? Le Blender Brushless est l&#039;appareil id\u00e9al pour les bars \u00e0 jus, coffee shops, cha\u00eenes de restauration rapide, h\u00f4tels... Il est \u00e9galement tr\u00e8s silencieux.\" \/>\n<meta name=\"robots\" content=\"index, follow, max-snippet:-1, max-image-preview:large, max-video-preview:-1\" \/>\n<link rel=\"canonical\" href=\"https:\/\/drbean.ca\/en\/catalogue\/blender\/blender-brushless-santos-62\/\" \/>\n<meta property=\"og:locale\" content=\"en_US\" \/>\n<meta property=\"og:type\" content=\"article\" \/>\n<meta property=\"og:title\" content=\"Blender &quot;Brushless&quot; Santos 62 - Dr Bean\" \/>\n<meta property=\"og:description\" content=\"? Le Blender Brushless est l&#039;appareil id\u00e9al pour les bars \u00e0 jus, coffee shops, cha\u00eenes de restauration rapide, h\u00f4tels... Il est \u00e9galement tr\u00e8s silencieux.\" \/>\n<meta property=\"og:url\" content=\"https:\/\/drbean.ca\/en\/catalogue\/blender\/blender-brushless-santos-62\/\" \/>\n<meta property=\"og:site_name\" content=\"Dr Bean\" \/>\n<meta property=\"article:publisher\" content=\"https:\/\/www.facebook.com\/DRBEANMTL\" \/>\n<meta property=\"article:modified_time\" content=\"2025-03-26T12:41:18+00:00\" \/>\n<meta property=\"og:image\" content=\"https:\/\/drbean.ca\/wp-content\/uploads\/2019\/08\/santons62-1.jpg\" \/>\n\t<meta property=\"og:image:width\" content=\"600\" \/>\n\t<meta property=\"og:image:height\" content=\"600\" \/>\n\t<meta property=\"og:image:type\" content=\"image\/jpeg\" \/>\n<meta name=\"twitter:card\" content=\"summary_large_image\" \/>\n<meta name=\"twitter:label1\" content=\"Est. reading time\" \/>\n\t<meta name=\"twitter:data1\" content=\"1 minute\" \/>\n<script type=\"application\/ld+json\" class=\"yoast-schema-graph\">{\"@context\":\"https:\/\/schema.org\",\"@graph\":[{\"@type\":\"WebPage\",\"@id\":\"https:\/\/drbean.ca\/catalogue\/blender\/blender-brushless-santos-62\/\",\"url\":\"https:\/\/drbean.ca\/catalogue\/blender\/blender-brushless-santos-62\/\",\"name\":\"Blender \\\"Brushless\\\" Santos 62 - Dr Bean\",\"isPartOf\":{\"@id\":\"https:\/\/drbean.ca\/fr\/#website\"},\"primaryImageOfPage\":{\"@id\":\"https:\/\/drbean.ca\/catalogue\/blender\/blender-brushless-santos-62\/#primaryimage\"},\"image\":{\"@id\":\"https:\/\/drbean.ca\/catalogue\/blender\/blender-brushless-santos-62\/#primaryimage\"},\"thumbnailUrl\":\"https:\/\/drbean.ca\/wp-content\/uploads\/2019\/08\/santons62-1.jpg\",\"datePublished\":\"2019-08-26T15:23:04+00:00\",\"dateModified\":\"2025-03-26T12:41:18+00:00\",\"description\":\"? Le Blender Brushless est l'appareil id\u00e9al pour les bars \u00e0 jus, coffee shops, cha\u00eenes de restauration rapide, h\u00f4tels... Il est \u00e9galement tr\u00e8s silencieux.\",\"breadcrumb\":{\"@id\":\"https:\/\/drbean.ca\/catalogue\/blender\/blender-brushless-santos-62\/#breadcrumb\"},\"inLanguage\":\"en-US\",\"potentialAction\":[{\"@type\":\"ReadAction\",\"target\":[\"https:\/\/drbean.ca\/catalogue\/blender\/blender-brushless-santos-62\/\"]}]},{\"@type\":\"ImageObject\",\"inLanguage\":\"en-US\",\"@id\":\"https:\/\/drbean.ca\/catalogue\/blender\/blender-brushless-santos-62\/#primaryimage\",\"url\":\"https:\/\/drbean.ca\/wp-content\/uploads\/2019\/08\/santons62-1.jpg\",\"contentUrl\":\"https:\/\/drbean.ca\/wp-content\/uploads\/2019\/08\/santons62-1.jpg\",\"width\":600,\"height\":600,\"caption\":\"blender\"},{\"@type\":\"BreadcrumbList\",\"@id\":\"https:\/\/drbean.ca\/catalogue\/blender\/blender-brushless-santos-62\/#breadcrumb\",\"itemListElement\":[{\"@type\":\"ListItem\",\"position\":1,\"name\":\"Accueil\",\"item\":\"http:\/\/drbean.ca\/fr\/\"},{\"@type\":\"ListItem\",\"position\":2,\"name\":\"Boutique\",\"item\":\"http:\/\/drbean.ca\/fr\/boutique\/\"},{\"@type\":\"ListItem\",\"position\":3,\"name\":\"Blender &#8220;Brushless&#8221; Santos 62\"}]},{\"@type\":\"WebSite\",\"@id\":\"https:\/\/drbean.ca\/fr\/#website\",\"url\":\"https:\/\/drbean.ca\/fr\/\",\"name\":\"Dr Bean\",\"description\":\"Votre partenaire depuis plus de 15 ans\",\"publisher\":{\"@id\":\"https:\/\/drbean.ca\/fr\/#organization\"},\"potentialAction\":[{\"@type\":\"SearchAction\",\"target\":{\"@type\":\"EntryPoint\",\"urlTemplate\":\"https:\/\/drbean.ca\/fr\/?s={search_term_string}\"},\"query-input\":{\"@type\":\"PropertyValueSpecification\",\"valueRequired\":true,\"valueName\":\"search_term_string\"}}],\"inLanguage\":\"en-US\"},{\"@type\":\"Organization\",\"@id\":\"https:\/\/drbean.ca\/fr\/#organization\",\"name\":\"Dr Bean\",\"url\":\"https:\/\/drbean.ca\/fr\/\",\"logo\":{\"@type\":\"ImageObject\",\"inLanguage\":\"en-US\",\"@id\":\"https:\/\/drbean.ca\/fr\/#\/schema\/logo\/image\/\",\"url\":\"https:\/\/drbean.ca\/wp-content\/uploads\/2016\/09\/footer_logo.png\",\"contentUrl\":\"https:\/\/drbean.ca\/wp-content\/uploads\/2016\/09\/footer_logo.png\",\"width\":216,\"height\":192,\"caption\":\"Dr Bean\"},\"image\":{\"@id\":\"https:\/\/drbean.ca\/fr\/#\/schema\/logo\/image\/\"},\"sameAs\":[\"https:\/\/www.facebook.com\/DRBEANMTL\",\"https:\/\/www.instagram.com\/drbeanmtl\/\"]}]}<\/script>\n<!-- \/ Yoast SEO plugin. -->","yoast_head_json":{"title":"Blender \"Brushless\" Santos 62 - Dr Bean","description":"? Le Blender Brushless est l'appareil id\u00e9al pour les bars \u00e0 jus, coffee shops, cha\u00eenes de restauration rapide, h\u00f4tels... Il est \u00e9galement tr\u00e8s silencieux.","robots":{"index":"index","follow":"follow","max-snippet":"max-snippet:-1","max-image-preview":"max-image-preview:large","max-video-preview":"max-video-preview:-1"},"canonical":"https:\/\/drbean.ca\/en\/catalogue\/blender\/blender-brushless-santos-62\/","og_locale":"en_US","og_type":"article","og_title":"Blender \"Brushless\" Santos 62 - Dr Bean","og_description":"? Le Blender Brushless est l'appareil id\u00e9al pour les bars \u00e0 jus, coffee shops, cha\u00eenes de restauration rapide, h\u00f4tels... Il est \u00e9galement tr\u00e8s silencieux.","og_url":"https:\/\/drbean.ca\/en\/catalogue\/blender\/blender-brushless-santos-62\/","og_site_name":"Dr Bean","article_publisher":"https:\/\/www.facebook.com\/DRBEANMTL","article_modified_time":"2025-03-26T12:41:18+00:00","og_image":[{"width":600,"height":600,"url":"https:\/\/drbean.ca\/wp-content\/uploads\/2019\/08\/santons62-1.jpg","type":"image\/jpeg"}],"twitter_card":"summary_large_image","twitter_misc":{"Est. reading time":"1 minute"},"schema":{"@context":"https:\/\/schema.org","@graph":[{"@type":"WebPage","@id":"https:\/\/drbean.ca\/catalogue\/blender\/blender-brushless-santos-62\/","url":"https:\/\/drbean.ca\/catalogue\/blender\/blender-brushless-santos-62\/","name":"Blender \"Brushless\" Santos 62 - Dr Bean","isPartOf":{"@id":"https:\/\/drbean.ca\/fr\/#website"},"primaryImageOfPage":{"@id":"https:\/\/drbean.ca\/catalogue\/blender\/blender-brushless-santos-62\/#primaryimage"},"image":{"@id":"https:\/\/drbean.ca\/catalogue\/blender\/blender-brushless-santos-62\/#primaryimage"},"thumbnailUrl":"https:\/\/drbean.ca\/wp-content\/uploads\/2019\/08\/santons62-1.jpg","datePublished":"2019-08-26T15:23:04+00:00","dateModified":"2025-03-26T12:41:18+00:00","description":"? Le Blender Brushless est l'appareil id\u00e9al pour les bars \u00e0 jus, coffee shops, cha\u00eenes de restauration rapide, h\u00f4tels... Il est \u00e9galement tr\u00e8s silencieux.","breadcrumb":{"@id":"https:\/\/drbean.ca\/catalogue\/blender\/blender-brushless-santos-62\/#breadcrumb"},"inLanguage":"en-US","potentialAction":[{"@type":"ReadAction","target":["https:\/\/drbean.ca\/catalogue\/blender\/blender-brushless-santos-62\/"]}]},{"@type":"ImageObject","inLanguage":"en-US","@id":"https:\/\/drbean.ca\/catalogue\/blender\/blender-brushless-santos-62\/#primaryimage","url":"https:\/\/drbean.ca\/wp-content\/uploads\/2019\/08\/santons62-1.jpg","contentUrl":"https:\/\/drbean.ca\/wp-content\/uploads\/2019\/08\/santons62-1.jpg","width":600,"height":600,"caption":"blender"},{"@type":"BreadcrumbList","@id":"https:\/\/drbean.ca\/catalogue\/blender\/blender-brushless-santos-62\/#breadcrumb","itemListElement":[{"@type":"ListItem","position":1,"name":"Accueil","item":"http:\/\/drbean.ca\/fr\/"},{"@type":"ListItem","position":2,"name":"Boutique","item":"http:\/\/drbean.ca\/fr\/boutique\/"},{"@type":"ListItem","position":3,"name":"Blender &#8220;Brushless&#8221; Santos 62"}]},{"@type":"WebSite","@id":"https:\/\/drbean.ca\/fr\/#website","url":"https:\/\/drbean.ca\/fr\/","name":"Dr Bean","description":"Votre partenaire depuis plus de 15 ans","publisher":{"@id":"https:\/\/drbean.ca\/fr\/#organization"},"potentialAction":[{"@type":"SearchAction","target":{"@type":"EntryPoint","urlTemplate":"https:\/\/drbean.ca\/fr\/?s={search_term_string}"},"query-input":{"@type":"PropertyValueSpecification","valueRequired":true,"valueName":"search_term_string"}}],"inLanguage":"en-US"},{"@type":"Organization","@id":"https:\/\/drbean.ca\/fr\/#organization","name":"Dr Bean","url":"https:\/\/drbean.ca\/fr\/","logo":{"@type":"ImageObject","inLanguage":"en-US","@id":"https:\/\/drbean.ca\/fr\/#\/schema\/logo\/image\/","url":"https:\/\/drbean.ca\/wp-content\/uploads\/2016\/09\/footer_logo.png","contentUrl":"https:\/\/drbean.ca\/wp-content\/uploads\/2016\/09\/footer_logo.png","width":216,"height":192,"caption":"Dr Bean"},"image":{"@id":"https:\/\/drbean.ca\/fr\/#\/schema\/logo\/image\/"},"sameAs":["https:\/\/www.facebook.com\/DRBEANMTL","https:\/\/www.instagram.com\/drbeanmtl\/"]}]}},"_links":{"self":[{"href":"https:\/\/drbean.ca\/en\/wp-json\/wp\/v2\/product\/820","targetHints":{"allow":["GET"]}}],"collection":[{"href":"https:\/\/drbean.ca\/en\/wp-json\/wp\/v2\/product"}],"about":[{"href":"https:\/\/drbean.ca\/en\/wp-json\/wp\/v2\/types\/product"}],"wp:featuredmedia":[{"embeddable":true,"href":"https:\/\/drbean.ca\/en\/wp-json\/wp\/v2\/media\/821"}],"wp:attachment":[{"href":"https:\/\/drbean.ca\/en\/wp-json\/wp\/v2\/media?parent=820"}],"wp:term":[{"taxonomy":"product_cat","embeddable":true,"href":"https:\/\/drbean.ca\/en\/wp-json\/wp\/v2\/product_cat?post=820"},{"taxonomy":"product_tag","embeddable":true,"href":"https:\/\/drbean.ca\/en\/wp-json\/wp\/v2\/product_tag?post=820"}],"curies":[{"name":"wp","href":"https:\/\/api.w.org\/{rel}","templated":true}]}}