{"id":854,"date":"2019-08-26T13:51:05","date_gmt":"2019-08-26T17:51:05","guid":{"rendered":"https:\/\/drbean.ca\/?post_type=product&#038;p=854"},"modified":"2023-01-19T16:54:53","modified_gmt":"2023-01-19T20:54:53","slug":"moulin-a-cafe-espresso-automatique-santos-55","status":"publish","type":"product","link":"https:\/\/drbean.ca\/en\/catalogue\/moulins-a-cafe\/moulin-a-cafe-espresso-automatique-santos-55\/","title":{"rendered":"Moulin \u00e0 caf\u00e9 espresso \u00ab\u00a0Automatique\u00a0\u00bb Santos 55"},"content":{"rendered":"<h3>Moulin \u00e0 caf\u00e9 espresso \u00ab\u00a0Automatique\u00a0\u00bb Santos<\/h3>\n<ul>\n<li>Marque :\u00a0<strong>SANTOS<\/strong><\/li>\n<li>Silencieux: 63 dBA<\/li>\n<li>Tr\u00e9mie: 2.2 Kg.<\/li>\n<li>D\u00e9bit moyen: jusqu\u2019\u00e0 25 Kg \/ heure<\/li>\n<li>220-240 V-50\/ 60 Hz -1100 W<\/li>\n<li>100 &#8211; 120 V-50\/60 Hz &#8211; 800 W<\/li>\n<li>Net : 15 kg (33lbs)<\/li>\n<li>P : 397 mm (16\u2019\u2019)<\/li>\n<li>L : 198 mm (8\u2019\u2019)<\/li>\n<li>H : 577 mm (23\u2019\u2019)<\/li>\n<\/ul>","protected":false},"excerpt":{"rendered":"<p><b>Garanti un caf\u00e9 moulu ultra frais. L&rsquo;appareil id\u00e9al pour servir un caf\u00e9 espresso de qualit\u00e9.\u00a0<\/b><\/p>\n<p>Ce moulin silencieux trouve sa place sur les comptoirs, en compl\u00e9ment de la traditionnelle machine espresso 1,2 ou 3 groupes.<\/p>\n<p><b>Tout automatique:<\/b>\u00a0la dose pr\u00e9cise de caf\u00e9 pour 1 ou 2 espressos est automatiquement distribu\u00e9e lorsque le porte-filtre est d\u00e9tect\u00e9.<\/p>\n<p><b>Pas de doseur:\u00a0<\/b>caf\u00e9 moulu ultra frais.<\/p>\n<p><b>Rapide:<\/b>\u00a0une dose de caf\u00e9 distribu\u00e9e en moins d&rsquo;une seconde.<\/p>\n<p><b>R\u00e9glage de pr\u00e9cision:\u00a0<\/b>meules de \u00d8 63,5 mm con\u00e7ues et fabriqu\u00e9es par Santos pour une mouture de qualit\u00e9, pr\u00e9cise et fine.\u00a0<b><\/b><\/p>\n<p><b>Silencieux :<\/b>\u00a063 dB<\/p>\n<p><b>Puissant:<\/b>\u00a0moteur professionnel robuste.<\/p>\n<p><b>Tr\u00e9mie:\u00a0<\/b>2.2 Kg.<\/p>\n<p><b>D\u00e9bit moyen:<\/b>\u00a025 kg\/h<\/p>\n<p>&nbsp;<\/p>\n<p><a class=\"maxbutton-1 maxbutton maxbutton-fiche-technique-mira\" target=\"_blank\" rel=\"noopener\" href=\"https:\/\/www.santos.fr\/media\/ftp\/sales_leaflets\/FR_french\/SANTOS_55_leaflet_FR.pdf\"><span class='mb-text'>FICHE TECHNIQUE<\/span><\/a><\/p>\n<p><a class=\"maxbutton-2 maxbutton maxbutton-technical-manual\" target=\"_blank\" rel=\"noopener\" href=\"https:\/\/www.santos.fr\/media\/ftp\/sales_leaflets\/EN_english\/SANTOS_55_leaflet_EN.pdf\"><span class='mb-text'>TECHNICAL MANUAL<\/span><\/a><\/p>\n<p>&nbsp;<\/p>","protected":false},"featured_media":856,"template":"","meta":{"_et_pb_use_builder":"","_et_pb_old_content":"","om_disable_all_campaigns":false,"_monsterinsights_skip_tracking":false,"_monsterinsights_sitenote_active":false,"_monsterinsights_sitenote_note":"","_monsterinsights_sitenote_category":0},"product_cat":[45],"product_tag":[],"class_list":{"0":"post-854","1":"product","2":"type-product","3":"status-publish","4":"has-post-thumbnail","6":"product_cat-moulins-a-cafe","8":"first","9":"instock","10":"taxable","11":"shipping-taxable","12":"purchasable","13":"product-type-variable"},"aioseo_notices":[],"yoast_head":"<!-- This site is optimized with the Yoast SEO plugin v23.7 - https:\/\/yoast.com\/wordpress\/plugins\/seo\/ -->\n<title>Moulin \u00e0 caf\u00e9 espresso &quot;Automatique&quot; Santos 55 - Dr Bean<\/title>\n<meta name=\"description\" content=\"Ce moulin \u00e0 caf\u00e9 espresso silencieux trouve sa place sur les comptoirs, en compl\u00e9ment de la traditionnelle machine espresso 1,2 ou 3 groupes.\" \/>\n<meta name=\"robots\" content=\"index, follow, max-snippet:-1, max-image-preview:large, max-video-preview:-1\" \/>\n<link rel=\"canonical\" href=\"http:\/\/drbean.ca\/en\/catalogue\/moulins-a-cafe\/moulin-a-cafe-espresso-automatique-santos-55\/\" \/>\n<meta property=\"og:locale\" content=\"en_US\" \/>\n<meta property=\"og:type\" content=\"article\" \/>\n<meta property=\"og:title\" content=\"Moulin \u00e0 caf\u00e9 espresso &quot;Automatique&quot; Santos 55 - Dr Bean\" \/>\n<meta property=\"og:description\" content=\"Ce moulin \u00e0 caf\u00e9 espresso silencieux trouve sa place sur les comptoirs, en compl\u00e9ment de la traditionnelle machine espresso 1,2 ou 3 groupes.\" \/>\n<meta property=\"og:url\" content=\"http:\/\/drbean.ca\/en\/catalogue\/moulins-a-cafe\/moulin-a-cafe-espresso-automatique-santos-55\/\" \/>\n<meta property=\"og:site_name\" content=\"Dr Bean\" \/>\n<meta property=\"article:publisher\" content=\"https:\/\/www.facebook.com\/DRBEANMTL\" \/>\n<meta property=\"article:modified_time\" content=\"2023-01-19T20:54:53+00:00\" \/>\n<meta property=\"og:image\" content=\"https:\/\/drbean.ca\/wp-content\/uploads\/2019\/08\/santos55-1.jpg\" \/>\n\t<meta property=\"og:image:width\" content=\"600\" \/>\n\t<meta property=\"og:image:height\" content=\"600\" \/>\n\t<meta property=\"og:image:type\" content=\"image\/jpeg\" \/>\n<meta name=\"twitter:card\" content=\"summary_large_image\" \/>\n<script type=\"application\/ld+json\" class=\"yoast-schema-graph\">{\"@context\":\"https:\/\/schema.org\",\"@graph\":[{\"@type\":\"WebPage\",\"@id\":\"http:\/\/drbean.ca\/fr\/catalogue\/moulins-a-cafe\/moulin-a-cafe-espresso-automatique-santos-55\/\",\"url\":\"http:\/\/drbean.ca\/fr\/catalogue\/moulins-a-cafe\/moulin-a-cafe-espresso-automatique-santos-55\/\",\"name\":\"Moulin \u00e0 caf\u00e9 espresso \\\"Automatique\\\" Santos 55 - Dr Bean\",\"isPartOf\":{\"@id\":\"https:\/\/drbean.ca\/fr\/#website\"},\"primaryImageOfPage\":{\"@id\":\"http:\/\/drbean.ca\/fr\/catalogue\/moulins-a-cafe\/moulin-a-cafe-espresso-automatique-santos-55\/#primaryimage\"},\"image\":{\"@id\":\"http:\/\/drbean.ca\/fr\/catalogue\/moulins-a-cafe\/moulin-a-cafe-espresso-automatique-santos-55\/#primaryimage\"},\"thumbnailUrl\":\"https:\/\/drbean.ca\/wp-content\/uploads\/2019\/08\/santos55-1.jpg\",\"datePublished\":\"2019-08-26T17:51:05+00:00\",\"dateModified\":\"2023-01-19T20:54:53+00:00\",\"description\":\"Ce moulin \u00e0 caf\u00e9 espresso silencieux trouve sa place sur les comptoirs, en compl\u00e9ment de la traditionnelle machine espresso 1,2 ou 3 groupes.\",\"breadcrumb\":{\"@id\":\"http:\/\/drbean.ca\/fr\/catalogue\/moulins-a-cafe\/moulin-a-cafe-espresso-automatique-santos-55\/#breadcrumb\"},\"inLanguage\":\"en-US\",\"potentialAction\":[{\"@type\":\"ReadAction\",\"target\":[\"http:\/\/drbean.ca\/fr\/catalogue\/moulins-a-cafe\/moulin-a-cafe-espresso-automatique-santos-55\/\"]}]},{\"@type\":\"ImageObject\",\"inLanguage\":\"en-US\",\"@id\":\"http:\/\/drbean.ca\/fr\/catalogue\/moulins-a-cafe\/moulin-a-cafe-espresso-automatique-santos-55\/#primaryimage\",\"url\":\"https:\/\/drbean.ca\/wp-content\/uploads\/2019\/08\/santos55-1.jpg\",\"contentUrl\":\"https:\/\/drbean.ca\/wp-content\/uploads\/2019\/08\/santos55-1.jpg\",\"width\":600,\"height\":600,\"caption\":\"Moulin \u00e0 caf\u00e9 espresso\"},{\"@type\":\"BreadcrumbList\",\"@id\":\"http:\/\/drbean.ca\/fr\/catalogue\/moulins-a-cafe\/moulin-a-cafe-espresso-automatique-santos-55\/#breadcrumb\",\"itemListElement\":[{\"@type\":\"ListItem\",\"position\":1,\"name\":\"Accueil\",\"item\":\"http:\/\/drbean.ca\/fr\/\"},{\"@type\":\"ListItem\",\"position\":2,\"name\":\"Boutique\",\"item\":\"http:\/\/drbean.ca\/fr\/boutique\/\"},{\"@type\":\"ListItem\",\"position\":3,\"name\":\"Moulin \u00e0 caf\u00e9 espresso \u00ab\u00a0Automatique\u00a0\u00bb Santos 55\"}]},{\"@type\":\"WebSite\",\"@id\":\"https:\/\/drbean.ca\/fr\/#website\",\"url\":\"https:\/\/drbean.ca\/fr\/\",\"name\":\"Dr Bean\",\"description\":\"Votre partenaire depuis plus de 15 ans\",\"publisher\":{\"@id\":\"https:\/\/drbean.ca\/fr\/#organization\"},\"potentialAction\":[{\"@type\":\"SearchAction\",\"target\":{\"@type\":\"EntryPoint\",\"urlTemplate\":\"https:\/\/drbean.ca\/fr\/?s={search_term_string}\"},\"query-input\":{\"@type\":\"PropertyValueSpecification\",\"valueRequired\":true,\"valueName\":\"search_term_string\"}}],\"inLanguage\":\"en-US\"},{\"@type\":\"Organization\",\"@id\":\"https:\/\/drbean.ca\/fr\/#organization\",\"name\":\"Dr Bean\",\"url\":\"https:\/\/drbean.ca\/fr\/\",\"logo\":{\"@type\":\"ImageObject\",\"inLanguage\":\"en-US\",\"@id\":\"https:\/\/drbean.ca\/fr\/#\/schema\/logo\/image\/\",\"url\":\"https:\/\/drbean.ca\/wp-content\/uploads\/2016\/09\/footer_logo.png\",\"contentUrl\":\"https:\/\/drbean.ca\/wp-content\/uploads\/2016\/09\/footer_logo.png\",\"width\":216,\"height\":192,\"caption\":\"Dr Bean\"},\"image\":{\"@id\":\"https:\/\/drbean.ca\/fr\/#\/schema\/logo\/image\/\"},\"sameAs\":[\"https:\/\/www.facebook.com\/DRBEANMTL\",\"https:\/\/www.instagram.com\/drbeanmtl\/\"]}]}<\/script>\n<!-- \/ Yoast SEO plugin. -->","yoast_head_json":{"title":"Moulin \u00e0 caf\u00e9 espresso \"Automatique\" Santos 55 - Dr Bean","description":"Ce moulin \u00e0 caf\u00e9 espresso silencieux trouve sa place sur les comptoirs, en compl\u00e9ment de la traditionnelle machine espresso 1,2 ou 3 groupes.","robots":{"index":"index","follow":"follow","max-snippet":"max-snippet:-1","max-image-preview":"max-image-preview:large","max-video-preview":"max-video-preview:-1"},"canonical":"http:\/\/drbean.ca\/en\/catalogue\/moulins-a-cafe\/moulin-a-cafe-espresso-automatique-santos-55\/","og_locale":"en_US","og_type":"article","og_title":"Moulin \u00e0 caf\u00e9 espresso \"Automatique\" Santos 55 - Dr Bean","og_description":"Ce moulin \u00e0 caf\u00e9 espresso silencieux trouve sa place sur les comptoirs, en compl\u00e9ment de la traditionnelle machine espresso 1,2 ou 3 groupes.","og_url":"http:\/\/drbean.ca\/en\/catalogue\/moulins-a-cafe\/moulin-a-cafe-espresso-automatique-santos-55\/","og_site_name":"Dr Bean","article_publisher":"https:\/\/www.facebook.com\/DRBEANMTL","article_modified_time":"2023-01-19T20:54:53+00:00","og_image":[{"width":600,"height":600,"url":"https:\/\/drbean.ca\/wp-content\/uploads\/2019\/08\/santos55-1.jpg","type":"image\/jpeg"}],"twitter_card":"summary_large_image","schema":{"@context":"https:\/\/schema.org","@graph":[{"@type":"WebPage","@id":"http:\/\/drbean.ca\/fr\/catalogue\/moulins-a-cafe\/moulin-a-cafe-espresso-automatique-santos-55\/","url":"http:\/\/drbean.ca\/fr\/catalogue\/moulins-a-cafe\/moulin-a-cafe-espresso-automatique-santos-55\/","name":"Moulin \u00e0 caf\u00e9 espresso \"Automatique\" Santos 55 - Dr Bean","isPartOf":{"@id":"https:\/\/drbean.ca\/fr\/#website"},"primaryImageOfPage":{"@id":"http:\/\/drbean.ca\/fr\/catalogue\/moulins-a-cafe\/moulin-a-cafe-espresso-automatique-santos-55\/#primaryimage"},"image":{"@id":"http:\/\/drbean.ca\/fr\/catalogue\/moulins-a-cafe\/moulin-a-cafe-espresso-automatique-santos-55\/#primaryimage"},"thumbnailUrl":"https:\/\/drbean.ca\/wp-content\/uploads\/2019\/08\/santos55-1.jpg","datePublished":"2019-08-26T17:51:05+00:00","dateModified":"2023-01-19T20:54:53+00:00","description":"Ce moulin \u00e0 caf\u00e9 espresso silencieux trouve sa place sur les comptoirs, en compl\u00e9ment de la traditionnelle machine espresso 1,2 ou 3 groupes.","breadcrumb":{"@id":"http:\/\/drbean.ca\/fr\/catalogue\/moulins-a-cafe\/moulin-a-cafe-espresso-automatique-santos-55\/#breadcrumb"},"inLanguage":"en-US","potentialAction":[{"@type":"ReadAction","target":["http:\/\/drbean.ca\/fr\/catalogue\/moulins-a-cafe\/moulin-a-cafe-espresso-automatique-santos-55\/"]}]},{"@type":"ImageObject","inLanguage":"en-US","@id":"http:\/\/drbean.ca\/fr\/catalogue\/moulins-a-cafe\/moulin-a-cafe-espresso-automatique-santos-55\/#primaryimage","url":"https:\/\/drbean.ca\/wp-content\/uploads\/2019\/08\/santos55-1.jpg","contentUrl":"https:\/\/drbean.ca\/wp-content\/uploads\/2019\/08\/santos55-1.jpg","width":600,"height":600,"caption":"Moulin \u00e0 caf\u00e9 espresso"},{"@type":"BreadcrumbList","@id":"http:\/\/drbean.ca\/fr\/catalogue\/moulins-a-cafe\/moulin-a-cafe-espresso-automatique-santos-55\/#breadcrumb","itemListElement":[{"@type":"ListItem","position":1,"name":"Accueil","item":"http:\/\/drbean.ca\/fr\/"},{"@type":"ListItem","position":2,"name":"Boutique","item":"http:\/\/drbean.ca\/fr\/boutique\/"},{"@type":"ListItem","position":3,"name":"Moulin \u00e0 caf\u00e9 espresso \u00ab\u00a0Automatique\u00a0\u00bb Santos 55"}]},{"@type":"WebSite","@id":"https:\/\/drbean.ca\/fr\/#website","url":"https:\/\/drbean.ca\/fr\/","name":"Dr Bean","description":"Votre partenaire depuis plus de 15 ans","publisher":{"@id":"https:\/\/drbean.ca\/fr\/#organization"},"potentialAction":[{"@type":"SearchAction","target":{"@type":"EntryPoint","urlTemplate":"https:\/\/drbean.ca\/fr\/?s={search_term_string}"},"query-input":{"@type":"PropertyValueSpecification","valueRequired":true,"valueName":"search_term_string"}}],"inLanguage":"en-US"},{"@type":"Organization","@id":"https:\/\/drbean.ca\/fr\/#organization","name":"Dr Bean","url":"https:\/\/drbean.ca\/fr\/","logo":{"@type":"ImageObject","inLanguage":"en-US","@id":"https:\/\/drbean.ca\/fr\/#\/schema\/logo\/image\/","url":"https:\/\/drbean.ca\/wp-content\/uploads\/2016\/09\/footer_logo.png","contentUrl":"https:\/\/drbean.ca\/wp-content\/uploads\/2016\/09\/footer_logo.png","width":216,"height":192,"caption":"Dr Bean"},"image":{"@id":"https:\/\/drbean.ca\/fr\/#\/schema\/logo\/image\/"},"sameAs":["https:\/\/www.facebook.com\/DRBEANMTL","https:\/\/www.instagram.com\/drbeanmtl\/"]}]}},"_links":{"self":[{"href":"https:\/\/drbean.ca\/en\/wp-json\/wp\/v2\/product\/854","targetHints":{"allow":["GET"]}}],"collection":[{"href":"https:\/\/drbean.ca\/en\/wp-json\/wp\/v2\/product"}],"about":[{"href":"https:\/\/drbean.ca\/en\/wp-json\/wp\/v2\/types\/product"}],"wp:featuredmedia":[{"embeddable":true,"href":"https:\/\/drbean.ca\/en\/wp-json\/wp\/v2\/media\/856"}],"wp:attachment":[{"href":"https:\/\/drbean.ca\/en\/wp-json\/wp\/v2\/media?parent=854"}],"wp:term":[{"taxonomy":"product_cat","embeddable":true,"href":"https:\/\/drbean.ca\/en\/wp-json\/wp\/v2\/product_cat?post=854"},{"taxonomy":"product_tag","embeddable":true,"href":"https:\/\/drbean.ca\/en\/wp-json\/wp\/v2\/product_tag?post=854"}],"curies":[{"name":"wp","href":"https:\/\/api.w.org\/{rel}","templated":true}]}}