{"id":904,"date":"2019-08-29T09:45:20","date_gmt":"2019-08-29T13:45:20","guid":{"rendered":"https:\/\/drbean.ca\/?post_type=product&#038;p=904"},"modified":"2023-01-19T16:58:49","modified_gmt":"2023-01-19T20:58:49","slug":"unic-pony-2","status":"publish","type":"product","link":"https:\/\/drbean.ca\/en\/catalogue\/machines\/traditionnelles\/unic-pony-2\/","title":{"rendered":"Unic Pony 2"},"content":{"rendered":"<h3>Pony 2<\/h3>\n<p>Facile d\u2019utilisation et d\u2019entretien, la\u00a0<strong>PONY 2<\/strong>\u00a0est la machine espresso traditionnelle destin\u00e9e aux \u00e9tablissements de restauration, aux bars et brasseries.<\/p>\n<p>La <strong>gamme de machines PONY ESPRESSO<\/strong>, compos\u00e9e des deux mod\u00e8les <strong>PONY 2<\/strong> et <strong>PONY 4<\/strong>, apporte une solution pratique et performante aux professionnels qui font le choix de la dosette de caf\u00e9 type E.S.E. (Easy Serving Espresso) ou POD.<\/p>\n<p><strong>La qualit\u00e9 d\u2019extraction<\/strong> est au rendez-vous, et le r\u00e9sultat constant tout au long du service que vous choisissiez un espresso court ou long.<\/p>\n<ul>\n<li>Marque :\u00a0<strong>UNIC<\/strong><\/li>\n<li>Largeur 34cm<\/li>\n<li>Profondeur 57cm<\/li>\n<li>Hauteur 58cm<\/li>\n<li>Poids 47Kg<\/li>\n<li>Puissance totale 3000W<\/li>\n<li>Voltage 230V<\/li>\n<\/ul>","protected":false},"excerpt":{"rendered":"<p>Facile d\u2019utilisation et d\u2019entretien, la\u00a0<strong>PONY 2<\/strong>\u00a0est la machine espresso traditionnelle destin\u00e9e aux \u00e9tablissements de restauration, aux bars et brasseries.<\/p>\n<p>La <strong>gamme de machines PONY ESPRESSO<\/strong>, compos\u00e9e des deux mod\u00e8les <strong>PONY 2<\/strong> et <strong>PONY 4<\/strong>, apporte une solution pratique et performante aux professionnels qui font le choix de la dosette de caf\u00e9 type E.S.E. (Easy Serving Espresso) ou POD.<\/p>\n<p><strong>La qualit\u00e9 d\u2019extraction<\/strong> est au rendez-vous, et le r\u00e9sultat constant tout au long du service que vous choisissiez un espresso court ou long.<\/p>\n<p>[vc_video link=&rsquo;https:\/\/www.youtube.com\/watch?v=f3ZlXjgD39w&rsquo;]<\/p>\n<p>&nbsp;<\/p>\n<p><a class=\"maxbutton-1 maxbutton maxbutton-fiche-technique-mira\" target=\"_blank\" rel=\"noopener\" href=\"http:\/\/drbean.ca\/en\/pony.pdf\/\"><span class='mb-text'>FICHE TECHNIQUE<\/span><\/a><\/p>\n<p>&nbsp;<\/p>\n<p><a class=\"maxbutton-1 maxbutton maxbutton-fiche-technique-mira\" target=\"_blank\" rel=\"noopener\" href=\"http:\/\/drbean.ca\/en\/pony24.pdf\/\"><span class='mb-text'>PI\u00c8CES D\u00c9TACH\u00c9ES<\/span><\/a><\/p>\n<p>&nbsp;<\/p>","protected":false},"featured_media":905,"template":"","meta":{"_et_pb_use_builder":"","_et_pb_old_content":"","om_disable_all_campaigns":false,"_monsterinsights_skip_tracking":false,"_monsterinsights_sitenote_active":false,"_monsterinsights_sitenote_note":"","_monsterinsights_sitenote_category":0},"product_cat":[72,41,42],"product_tag":[],"class_list":{"0":"post-904","1":"product","2":"type-product","3":"status-publish","4":"has-post-thumbnail","6":"product_cat-homepage","7":"product_cat-machines","8":"product_cat-traditionnelles","10":"first","11":"instock","12":"featured","13":"taxable","14":"shipping-taxable","15":"product-type-simple"},"aioseo_notices":[],"yoast_head":"<!-- This site is optimized with the Yoast SEO plugin v23.7 - https:\/\/yoast.com\/wordpress\/plugins\/seo\/ -->\n<title>Unic Pony 2 - Dr Bean<\/title>\n<meta name=\"description\" content=\"Facile d\u2019utilisation et d\u2019entretien, la PONY 2 est la machine espresso traditionnelle destin\u00e9e aux \u00e9tablissements de restauration, aux bars et brasseries.\" \/>\n<meta name=\"robots\" content=\"index, follow, max-snippet:-1, max-image-preview:large, max-video-preview:-1\" \/>\n<link rel=\"canonical\" href=\"http:\/\/drbean.ca\/en\/catalogue\/machines\/traditionnelles\/unic-pony-2\/\" \/>\n<meta property=\"og:locale\" content=\"en_US\" \/>\n<meta property=\"og:type\" content=\"article\" \/>\n<meta property=\"og:title\" content=\"Unic Pony 2 - Dr Bean\" \/>\n<meta property=\"og:description\" content=\"Facile d\u2019utilisation et d\u2019entretien, la PONY 2 est la machine espresso traditionnelle destin\u00e9e aux \u00e9tablissements de restauration, aux bars et brasseries.\" \/>\n<meta property=\"og:url\" content=\"http:\/\/drbean.ca\/en\/catalogue\/machines\/traditionnelles\/unic-pony-2\/\" \/>\n<meta property=\"og:site_name\" content=\"Dr Bean\" \/>\n<meta property=\"article:publisher\" content=\"https:\/\/www.facebook.com\/DRBEANMTL\" \/>\n<meta property=\"article:modified_time\" content=\"2023-01-19T20:58:49+00:00\" \/>\n<meta property=\"og:image\" content=\"https:\/\/drbean.ca\/wp-content\/uploads\/2019\/08\/pony2-1.jpg\" \/>\n\t<meta property=\"og:image:width\" content=\"600\" \/>\n\t<meta property=\"og:image:height\" content=\"600\" \/>\n\t<meta property=\"og:image:type\" content=\"image\/jpeg\" \/>\n<meta name=\"twitter:card\" content=\"summary_large_image\" \/>\n<meta name=\"twitter:label1\" content=\"Est. reading time\" \/>\n\t<meta name=\"twitter:data1\" content=\"1 minute\" \/>\n<script type=\"application\/ld+json\" class=\"yoast-schema-graph\">{\"@context\":\"https:\/\/schema.org\",\"@graph\":[{\"@type\":\"WebPage\",\"@id\":\"http:\/\/drbean.ca\/fr\/catalogue\/machines\/traditionnelles\/unic-pony-2\/\",\"url\":\"http:\/\/drbean.ca\/fr\/catalogue\/machines\/traditionnelles\/unic-pony-2\/\",\"name\":\"Unic Pony 2 - Dr Bean\",\"isPartOf\":{\"@id\":\"https:\/\/drbean.ca\/fr\/#website\"},\"primaryImageOfPage\":{\"@id\":\"http:\/\/drbean.ca\/fr\/catalogue\/machines\/traditionnelles\/unic-pony-2\/#primaryimage\"},\"image\":{\"@id\":\"http:\/\/drbean.ca\/fr\/catalogue\/machines\/traditionnelles\/unic-pony-2\/#primaryimage\"},\"thumbnailUrl\":\"https:\/\/drbean.ca\/wp-content\/uploads\/2019\/08\/pony2-1.jpg\",\"datePublished\":\"2019-08-29T13:45:20+00:00\",\"dateModified\":\"2023-01-19T20:58:49+00:00\",\"description\":\"Facile d\u2019utilisation et d\u2019entretien, la PONY 2 est la machine espresso traditionnelle destin\u00e9e aux \u00e9tablissements de restauration, aux bars et brasseries.\",\"breadcrumb\":{\"@id\":\"http:\/\/drbean.ca\/fr\/catalogue\/machines\/traditionnelles\/unic-pony-2\/#breadcrumb\"},\"inLanguage\":\"en-US\",\"potentialAction\":[{\"@type\":\"ReadAction\",\"target\":[\"http:\/\/drbean.ca\/fr\/catalogue\/machines\/traditionnelles\/unic-pony-2\/\"]}]},{\"@type\":\"ImageObject\",\"inLanguage\":\"en-US\",\"@id\":\"http:\/\/drbean.ca\/fr\/catalogue\/machines\/traditionnelles\/unic-pony-2\/#primaryimage\",\"url\":\"https:\/\/drbean.ca\/wp-content\/uploads\/2019\/08\/pony2-1.jpg\",\"contentUrl\":\"https:\/\/drbean.ca\/wp-content\/uploads\/2019\/08\/pony2-1.jpg\",\"width\":600,\"height\":600,\"caption\":\"machine \u00e0 caf\u00e9 Pony 2\"},{\"@type\":\"BreadcrumbList\",\"@id\":\"http:\/\/drbean.ca\/fr\/catalogue\/machines\/traditionnelles\/unic-pony-2\/#breadcrumb\",\"itemListElement\":[{\"@type\":\"ListItem\",\"position\":1,\"name\":\"Accueil\",\"item\":\"http:\/\/drbean.ca\/fr\/\"},{\"@type\":\"ListItem\",\"position\":2,\"name\":\"Boutique\",\"item\":\"http:\/\/drbean.ca\/fr\/boutique\/\"},{\"@type\":\"ListItem\",\"position\":3,\"name\":\"Unic Pony 2\"}]},{\"@type\":\"WebSite\",\"@id\":\"https:\/\/drbean.ca\/fr\/#website\",\"url\":\"https:\/\/drbean.ca\/fr\/\",\"name\":\"Dr Bean\",\"description\":\"Votre partenaire depuis plus de 15 ans\",\"publisher\":{\"@id\":\"https:\/\/drbean.ca\/fr\/#organization\"},\"potentialAction\":[{\"@type\":\"SearchAction\",\"target\":{\"@type\":\"EntryPoint\",\"urlTemplate\":\"https:\/\/drbean.ca\/fr\/?s={search_term_string}\"},\"query-input\":{\"@type\":\"PropertyValueSpecification\",\"valueRequired\":true,\"valueName\":\"search_term_string\"}}],\"inLanguage\":\"en-US\"},{\"@type\":\"Organization\",\"@id\":\"https:\/\/drbean.ca\/fr\/#organization\",\"name\":\"Dr Bean\",\"url\":\"https:\/\/drbean.ca\/fr\/\",\"logo\":{\"@type\":\"ImageObject\",\"inLanguage\":\"en-US\",\"@id\":\"https:\/\/drbean.ca\/fr\/#\/schema\/logo\/image\/\",\"url\":\"https:\/\/drbean.ca\/wp-content\/uploads\/2016\/09\/footer_logo.png\",\"contentUrl\":\"https:\/\/drbean.ca\/wp-content\/uploads\/2016\/09\/footer_logo.png\",\"width\":216,\"height\":192,\"caption\":\"Dr Bean\"},\"image\":{\"@id\":\"https:\/\/drbean.ca\/fr\/#\/schema\/logo\/image\/\"},\"sameAs\":[\"https:\/\/www.facebook.com\/DRBEANMTL\",\"https:\/\/www.instagram.com\/drbeanmtl\/\"]}]}<\/script>\n<!-- \/ Yoast SEO plugin. -->","yoast_head_json":{"title":"Unic Pony 2 - Dr Bean","description":"Facile d\u2019utilisation et d\u2019entretien, la PONY 2 est la machine espresso traditionnelle destin\u00e9e aux \u00e9tablissements de restauration, aux bars et brasseries.","robots":{"index":"index","follow":"follow","max-snippet":"max-snippet:-1","max-image-preview":"max-image-preview:large","max-video-preview":"max-video-preview:-1"},"canonical":"http:\/\/drbean.ca\/en\/catalogue\/machines\/traditionnelles\/unic-pony-2\/","og_locale":"en_US","og_type":"article","og_title":"Unic Pony 2 - Dr Bean","og_description":"Facile d\u2019utilisation et d\u2019entretien, la PONY 2 est la machine espresso traditionnelle destin\u00e9e aux \u00e9tablissements de restauration, aux bars et brasseries.","og_url":"http:\/\/drbean.ca\/en\/catalogue\/machines\/traditionnelles\/unic-pony-2\/","og_site_name":"Dr Bean","article_publisher":"https:\/\/www.facebook.com\/DRBEANMTL","article_modified_time":"2023-01-19T20:58:49+00:00","og_image":[{"width":600,"height":600,"url":"https:\/\/drbean.ca\/wp-content\/uploads\/2019\/08\/pony2-1.jpg","type":"image\/jpeg"}],"twitter_card":"summary_large_image","twitter_misc":{"Est. reading time":"1 minute"},"schema":{"@context":"https:\/\/schema.org","@graph":[{"@type":"WebPage","@id":"http:\/\/drbean.ca\/fr\/catalogue\/machines\/traditionnelles\/unic-pony-2\/","url":"http:\/\/drbean.ca\/fr\/catalogue\/machines\/traditionnelles\/unic-pony-2\/","name":"Unic Pony 2 - Dr Bean","isPartOf":{"@id":"https:\/\/drbean.ca\/fr\/#website"},"primaryImageOfPage":{"@id":"http:\/\/drbean.ca\/fr\/catalogue\/machines\/traditionnelles\/unic-pony-2\/#primaryimage"},"image":{"@id":"http:\/\/drbean.ca\/fr\/catalogue\/machines\/traditionnelles\/unic-pony-2\/#primaryimage"},"thumbnailUrl":"https:\/\/drbean.ca\/wp-content\/uploads\/2019\/08\/pony2-1.jpg","datePublished":"2019-08-29T13:45:20+00:00","dateModified":"2023-01-19T20:58:49+00:00","description":"Facile d\u2019utilisation et d\u2019entretien, la PONY 2 est la machine espresso traditionnelle destin\u00e9e aux \u00e9tablissements de restauration, aux bars et brasseries.","breadcrumb":{"@id":"http:\/\/drbean.ca\/fr\/catalogue\/machines\/traditionnelles\/unic-pony-2\/#breadcrumb"},"inLanguage":"en-US","potentialAction":[{"@type":"ReadAction","target":["http:\/\/drbean.ca\/fr\/catalogue\/machines\/traditionnelles\/unic-pony-2\/"]}]},{"@type":"ImageObject","inLanguage":"en-US","@id":"http:\/\/drbean.ca\/fr\/catalogue\/machines\/traditionnelles\/unic-pony-2\/#primaryimage","url":"https:\/\/drbean.ca\/wp-content\/uploads\/2019\/08\/pony2-1.jpg","contentUrl":"https:\/\/drbean.ca\/wp-content\/uploads\/2019\/08\/pony2-1.jpg","width":600,"height":600,"caption":"machine \u00e0 caf\u00e9 Pony 2"},{"@type":"BreadcrumbList","@id":"http:\/\/drbean.ca\/fr\/catalogue\/machines\/traditionnelles\/unic-pony-2\/#breadcrumb","itemListElement":[{"@type":"ListItem","position":1,"name":"Accueil","item":"http:\/\/drbean.ca\/fr\/"},{"@type":"ListItem","position":2,"name":"Boutique","item":"http:\/\/drbean.ca\/fr\/boutique\/"},{"@type":"ListItem","position":3,"name":"Unic Pony 2"}]},{"@type":"WebSite","@id":"https:\/\/drbean.ca\/fr\/#website","url":"https:\/\/drbean.ca\/fr\/","name":"Dr Bean","description":"Votre partenaire depuis plus de 15 ans","publisher":{"@id":"https:\/\/drbean.ca\/fr\/#organization"},"potentialAction":[{"@type":"SearchAction","target":{"@type":"EntryPoint","urlTemplate":"https:\/\/drbean.ca\/fr\/?s={search_term_string}"},"query-input":{"@type":"PropertyValueSpecification","valueRequired":true,"valueName":"search_term_string"}}],"inLanguage":"en-US"},{"@type":"Organization","@id":"https:\/\/drbean.ca\/fr\/#organization","name":"Dr Bean","url":"https:\/\/drbean.ca\/fr\/","logo":{"@type":"ImageObject","inLanguage":"en-US","@id":"https:\/\/drbean.ca\/fr\/#\/schema\/logo\/image\/","url":"https:\/\/drbean.ca\/wp-content\/uploads\/2016\/09\/footer_logo.png","contentUrl":"https:\/\/drbean.ca\/wp-content\/uploads\/2016\/09\/footer_logo.png","width":216,"height":192,"caption":"Dr Bean"},"image":{"@id":"https:\/\/drbean.ca\/fr\/#\/schema\/logo\/image\/"},"sameAs":["https:\/\/www.facebook.com\/DRBEANMTL","https:\/\/www.instagram.com\/drbeanmtl\/"]}]}},"_links":{"self":[{"href":"https:\/\/drbean.ca\/en\/wp-json\/wp\/v2\/product\/904","targetHints":{"allow":["GET"]}}],"collection":[{"href":"https:\/\/drbean.ca\/en\/wp-json\/wp\/v2\/product"}],"about":[{"href":"https:\/\/drbean.ca\/en\/wp-json\/wp\/v2\/types\/product"}],"wp:featuredmedia":[{"embeddable":true,"href":"https:\/\/drbean.ca\/en\/wp-json\/wp\/v2\/media\/905"}],"wp:attachment":[{"href":"https:\/\/drbean.ca\/en\/wp-json\/wp\/v2\/media?parent=904"}],"wp:term":[{"taxonomy":"product_cat","embeddable":true,"href":"https:\/\/drbean.ca\/en\/wp-json\/wp\/v2\/product_cat?post=904"},{"taxonomy":"product_tag","embeddable":true,"href":"https:\/\/drbean.ca\/en\/wp-json\/wp\/v2\/product_tag?post=904"}],"curies":[{"name":"wp","href":"https:\/\/api.w.org\/{rel}","templated":true}]}}