{"id":193,"date":"2019-09-13T18:58:16","date_gmt":"2019-09-13T16:58:16","guid":{"rendered":"http:\/\/localhost\/?page_id=193"},"modified":"2019-09-19T10:18:38","modified_gmt":"2019-09-19T14:18:38","slug":"mrpod","status":"publish","type":"page","link":"https:\/\/drbean.ca\/fr\/mrpod\/","title":{"rendered":"Mrpod"},"content":{"rendered":"<p>[et_pb_section fb_built=\u00a0\u00bb1&Prime; _builder_version=\u00a0\u00bb3.28&Prime; use_background_color_gradient=\u00a0\u00bbon\u00a0\u00bb background_color_gradient_start=\u00a0\u00bb#FF5E5E\u00a0\u00bb background_color_gradient_end=\u00a0\u00bb#ED7B7B\u00a0\u00bb background_color_gradient_direction=\u00a0\u00bb160deg\u00a0\u00bb background_color_gradient_start_position=\u00a0\u00bb74%\u00a0\u00bb background_color_gradient_end_position=\u00a0\u00bb36%\u00a0\u00bb fb_built=\u00a0\u00bb1&Prime; _i=\u00a0\u00bb0&Prime; _address=\u00a0\u00bb0&Prime;][et_pb_row _builder_version=\u00a0\u00bb3.28&Prime; _i=\u00a0\u00bb0&Prime; _address=\u00a0\u00bb0.0&Prime;][et_pb_column type=\u00a0\u00bb4_4&Prime; _builder_version=\u00a0\u00bb3.28&Prime; _i=\u00a0\u00bb0&Prime; _address=\u00a0\u00bb0.0.0&Prime;][et_pb_text _builder_version=\u00a0\u00bb3.28&Prime; text_font=\u00a0\u00bbHeebo||||||||\u00a0\u00bb text_text_color=\u00a0\u00bb#ffffff\u00a0\u00bb text_font_size=\u00a0\u00bb34px\u00a0\u00bb _i=\u00a0\u00bb0&Prime; _address=\u00a0\u00bb0.0.0.0&Prime;]<\/p>\n<p style=\"text-align: center;\">MR POD<\/p>\n<p>[\/et_pb_text][\/et_pb_column][\/et_pb_row][\/et_pb_section][et_pb_section fb_built=\u00a0\u00bb1&Prime; _builder_version=\u00a0\u00bb3.28&Prime; fb_built=\u00a0\u00bb1&Prime; _i=\u00a0\u00bb1&Prime; _address=\u00a0\u00bb1&Prime;][et_pb_row column_structure=\u00a0\u00bb1_2,1_2&Prime; _builder_version=\u00a0\u00bb3.28&Prime; _i=\u00a0\u00bb0&Prime; _address=\u00a0\u00bb1.0&Prime;][et_pb_column type=\u00a0\u00bb1_2&Prime; _builder_version=\u00a0\u00bb3.28&Prime; _i=\u00a0\u00bb0&Prime; _address=\u00a0\u00bb1.0.0&Prime;][et_pb_image src=\u00a0\u00bbhttp:\/\/drbean.ca\/wp-content\/uploads\/2019\/09\/mr-pod-1.jpg\u00a0\u00bb _builder_version=\u00a0\u00bb3.27.4&Prime; _i=\u00a0\u00bb0&Prime; _address=\u00a0\u00bb1.0.0.0&Prime;][\/et_pb_image][\/et_pb_column][et_pb_column type=\u00a0\u00bb1_2&Prime; _builder_version=\u00a0\u00bb3.28&Prime; _i=\u00a0\u00bb1&Prime; _address=\u00a0\u00bb1.0.1&Prime;][et_pb_text _builder_version=\u00a0\u00bb3.28&Prime; text_font=\u00a0\u00bbHeebo||||||||\u00a0\u00bb text_text_color=\u00a0\u00bb#000000&Prime; text_font_size=\u00a0\u00bb19px\u00a0\u00bb _i=\u00a0\u00bb0&Prime; _address=\u00a0\u00bb1.0.1.0&Prime;]<\/p>\n<p>L\u2019ESPRESSO EN TOUTE BONNE CONSCIENCE<\/p>\n<p>[\/et_pb_text][et_pb_text _builder_version=\u00a0\u00bb3.28&Prime; _i=\u00a0\u00bb1&Prime; _address=\u00a0\u00bb1.0.1.1&Prime;]<\/p>\n<p>Dosettes E.S.E., tel est le mot-cl\u00e9 auquel nous accordons toute notre attention pour concevoir notre machine \u00e0 espresso Mr Pod. Vous d\u00e9couvrirez derri\u00e8re le terme \u201cdosettes\u201d, et bien plus \u00e0 l\u2019int\u00e9rieur de ces derni\u00e8res, des sortes de caf\u00e9 exclusives, qu\u2019elles soient douces, fortes, \u00e9quilibr\u00e9es ou cors\u00e9es. Gr\u00e2ce \u00e0 cette nouvelle machine Mr Pod Espresso, nous vous offrons une r\u00e9elle alternative au caf\u00e9 en capsules.<\/p>\n<p>[\/et_pb_text][et_pb_text _builder_version=\u00a0\u00bb3.28&Prime; text_font=\u00a0\u00bbHeebo||||||||\u00a0\u00bb text_text_color=\u00a0\u00bb#000000&Prime; text_font_size=\u00a0\u00bb19px\u00a0\u00bb _i=\u00a0\u00bb2&Prime; _address=\u00a0\u00bb1.0.1.2&Prime;]<\/p>\n<p>LE CAF\u00c9 EN PORTIONS POUR LES AMATEURS DE QUALIT\u00c9<\/p>\n<p>[\/et_pb_text][et_pb_text _builder_version=\u00a0\u00bb3.28&Prime; _i=\u00a0\u00bb3&Prime; _address=\u00a0\u00bb1.0.1.3&Prime;]<\/p>\n<p>Vous avez envie d\u2019avoir acc\u00e8s \u00e0 un grand choix de sortes de caf\u00e9 et de pouvoir d\u00e9guster des caf\u00e9s produits par la plupart des entreprises de torr\u00e9faction? Tout en respectant l\u2019environnement? R\u00e9jouissez-vous de votre prochaine tasse de caf\u00e9, source de sensation provoqu\u00e9e par un go\u00fbt exquis et non pas par la couleur d\u2019une capsule!<\/p>\n<p>[\/et_pb_text][et_pb_text _builder_version=\u00a0\u00bb3.28&Prime; text_font=\u00a0\u00bbHeebo||||||||\u00a0\u00bb text_text_color=\u00a0\u00bb#000000&Prime; text_font_size=\u00a0\u00bb19px\u00a0\u00bb _i=\u00a0\u00bb4&Prime; _address=\u00a0\u00bb1.0.1.4&Prime;]<\/p>\n<p>LA VRAIE ALTERNATIVE \u00c9COLOGIQUE AUX CAPSULES LES DOSETTES E.S.E C\u2019EST QUOI ?<\/p>\n<p>[\/et_pb_text][et_pb_text _builder_version=\u00a0\u00bb3.28&Prime; _i=\u00a0\u00bb5&Prime; _address=\u00a0\u00bb1.0.1.5&Prime;]<\/p>\n<p>Les dosettes constituent une forme de pr\u00e9sentation respectueuse de l\u2019environnement. Elles sont en effet compostables \u00e0 100%!<\/p>\n<p>Les doses individuelles de caf\u00e9 contiennent 7 grammes de caf\u00e9, la mouture est tass\u00e9e \u00e0 point pour la pr\u00e9paration d\u2019un expresso parfait \u00e0 coup s\u00fbr, d\u2019un geste, facilement et en toute propret\u00e9.<\/p>\n<p>Le papier des dosettes E.S.E., utilis\u00e9 pour contenir le caf\u00e9, est 100% d\u2019origine v\u00e9g\u00e9tale sans chlore, non blanchi et donc totalement biod\u00e9gradable sans go\u00fbt ni odeur. La dosette ESE est donc tr\u00e8s \u00e9cologique!<\/p>\n<p>[\/et_pb_text][\/et_pb_column][\/et_pb_row][\/et_pb_section][et_pb_section fb_built=\u00a0\u00bb1&Prime; _builder_version=\u00a0\u00bb3.28&Prime; background_color=\u00a0\u00bb#E54539&Prime; custom_padding=\u00a0\u00bb20px||6px|||\u00a0\u00bb fb_built=\u00a0\u00bb1&Prime; _i=\u00a0\u00bb2&Prime; _address=\u00a0\u00bb2&Prime;][et_pb_row _builder_version=\u00a0\u00bb3.28&Prime; _i=\u00a0\u00bb0&Prime; _address=\u00a0\u00bb2.0&Prime;][et_pb_column type=\u00a0\u00bb4_4&Prime; _builder_version=\u00a0\u00bb3.28&Prime; _i=\u00a0\u00bb0&Prime; _address=\u00a0\u00bb2.0.0&Prime;][et_pb_text _builder_version=\u00a0\u00bb3.28&Prime; text_font=\u00a0\u00bbHeebo||||||||\u00a0\u00bb text_text_color=\u00a0\u00bb#ffffff\u00a0\u00bb text_font_size=\u00a0\u00bb31px\u00a0\u00bb text_letter_spacing=\u00a0\u00bb1px\u00a0\u00bb _i=\u00a0\u00bb0&Prime; _address=\u00a0\u00bb2.0.0.0&Prime;]<\/p>\n<p style=\"text-align: center;\">COMMANDEZ LA MACHINE MR POD<\/p>\n<p>[\/et_pb_text][et_pb_button button_text=\u00a0\u00bbD\u00c8S MAINTENANT !\u00a0\u00bb button_alignment=\u00a0\u00bbcenter\u00a0\u00bb _builder_version=\u00a0\u00bb3.27.4&Prime; custom_button=\u00a0\u00bbon\u00a0\u00bb button_text_size=\u00a0\u00bb20px\u00a0\u00bb button_text_color=\u00a0\u00bb#ffffff\u00a0\u00bb button_border_color=\u00a0\u00bb#ffffff\u00a0\u00bb button_border_radius=\u00a0\u00bb10px\u00a0\u00bb hover_enabled=\u00a0\u00bb0&Prime; button_text_color__hover_enabled=\u00a0\u00bbon|hover\u00a0\u00bb button_text_color__hover=\u00a0\u00bb#000000&Prime; button_bg_color__hover_enabled=\u00a0\u00bbon|hover\u00a0\u00bb button_bg_color__hover=\u00a0\u00bb#ffffff\u00a0\u00bb button_bg_enable_color__hover=\u00a0\u00bbon\u00a0\u00bb _i=\u00a0\u00bb1&Prime; _address=\u00a0\u00bb2.0.0.1&Prime; button_url=\u00a0\u00bbhttp:\/\/drbean.ca\/catalogue\/machines\/residentielles\/machine-a-cafe-expresso-mr-pod\/\u00a0\u00bb][\/et_pb_button][\/et_pb_column][\/et_pb_row][\/et_pb_section][et_pb_section fb_built=\u00a0\u00bb1&Prime; _builder_version=\u00a0\u00bb3.28&Prime; background_enable_image=\u00a0\u00bboff\u00a0\u00bb custom_margin=\u00a0\u00bb-5px|||||\u00a0\u00bb custom_padding=\u00a0\u00bb51px||0px|||\u00a0\u00bb locked=\u00a0\u00bboff\u00a0\u00bb fb_built=\u00a0\u00bb1&Prime; _i=\u00a0\u00bb3&Prime; _address=\u00a0\u00bb3&Prime;][et_pb_row _builder_version=\u00a0\u00bb3.28&Prime; custom_margin=\u00a0\u00bb-11px|auto||auto||\u00a0\u00bb custom_padding=\u00a0\u00bb||13px|||\u00a0\u00bb _i=\u00a0\u00bb0&Prime; _address=\u00a0\u00bb3.0&Prime;][et_pb_column type=\u00a0\u00bb4_4&Prime; _builder_version=\u00a0\u00bb3.28&Prime; _i=\u00a0\u00bb0&Prime; _address=\u00a0\u00bb3.0.0&Prime;][et_pb_text _builder_version=\u00a0\u00bb3.28&Prime; text_font=\u00a0\u00bbHeebo|700|||||||\u00a0\u00bb text_text_color=\u00a0\u00bb#000000&Prime; text_font_size=\u00a0\u00bb26px\u00a0\u00bb text_orientation=\u00a0\u00bbcenter\u00a0\u00bb _i=\u00a0\u00bb0&Prime; _address=\u00a0\u00bb3.0.0.0&Prime;]<\/p>\n<p>QUELQUES PRODUITS<\/p>\n<p>[\/et_pb_text][et_pb_divider color=\u00a0\u00bb#000000&Prime; divider_weight=\u00a0\u00bb8px\u00a0\u00bb _builder_version=\u00a0\u00bb3.28&Prime; background_enable_color=\u00a0\u00bboff\u00a0\u00bb width=\u00a0\u00bb29%\u00a0\u00bb module_alignment=\u00a0\u00bbcenter\u00a0\u00bb _i=\u00a0\u00bb1&Prime; _address=\u00a0\u00bb3.0.0.1&Prime;][\/et_pb_divider][\/et_pb_column][\/et_pb_row][\/et_pb_section][et_pb_section fb_built=\u00a0\u00bb1&Prime; _builder_version=\u00a0\u00bb3.28&Prime; background_color=\u00a0\u00bb#E54539&Prime; custom_padding=\u00a0\u00bb20px||6px|||\u00a0\u00bb fb_built=\u00a0\u00bb1&Prime; _i=\u00a0\u00bb4&Prime; _address=\u00a0\u00bb4&Prime;][et_pb_row _builder_version=\u00a0\u00bb3.28&Prime; _i=\u00a0\u00bb0&Prime; _address=\u00a0\u00bb4.0&Prime;][et_pb_column type=\u00a0\u00bb4_4&Prime; _builder_version=\u00a0\u00bb3.28&Prime; _i=\u00a0\u00bb0&Prime; _address=\u00a0\u00bb4.0.0&Prime;][et_pb_text _builder_version=\u00a0\u00bb3.28&Prime; text_font=\u00a0\u00bbHeebo||||||||\u00a0\u00bb text_text_color=\u00a0\u00bb#ffffff\u00a0\u00bb text_font_size=\u00a0\u00bb31px\u00a0\u00bb text_letter_spacing=\u00a0\u00bb1px\u00a0\u00bb text_line_height=\u00a0\u00bb0.5em\u00a0\u00bb _i=\u00a0\u00bb0&Prime; _address=\u00a0\u00bb4.0.0.0&Prime;]<\/p>\n<p style=\"text-align: center;\">POUR UNE EXP\u00c9RIENCE UNIQUE DE SAVEURS,<\/p>\n<p style=\"text-align: center;\">D\u00c9COUVREZ NOS CAF\u00c9S GOURMETS<\/p>\n<p>[\/et_pb_text][et_pb_button button_text=\u00a0\u00bbVOIR NOS CAF\u00c9S\u00a0\u00bb button_alignment=\u00a0\u00bbcenter\u00a0\u00bb _builder_version=\u00a0\u00bb3.27.4&Prime; custom_button=\u00a0\u00bbon\u00a0\u00bb button_text_size=\u00a0\u00bb20px\u00a0\u00bb button_text_color=\u00a0\u00bb#ffffff\u00a0\u00bb button_border_color=\u00a0\u00bb#ffffff\u00a0\u00bb button_border_radius=\u00a0\u00bb10px\u00a0\u00bb hover_enabled=\u00a0\u00bb0&Prime; button_text_color__hover_enabled=\u00a0\u00bbon|hover\u00a0\u00bb button_text_color__hover=\u00a0\u00bb#000000&Prime; button_bg_color__hover_enabled=\u00a0\u00bbon|hover\u00a0\u00bb button_bg_color__hover=\u00a0\u00bb#ffffff\u00a0\u00bb button_bg_enable_color__hover=\u00a0\u00bbon\u00a0\u00bb _i=\u00a0\u00bb1&Prime; _address=\u00a0\u00bb4.0.0.1&Prime; button_url=\u00a0\u00bbhttp:\/\/drbean.ca\/categorie-produit\/cafe-espresso\/\u00a0\u00bb][\/et_pb_button][\/et_pb_column][\/et_pb_row][\/et_pb_section][et_pb_section fb_built=\u00a0\u00bb1&Prime; _builder_version=\u00a0\u00bb3.28&Prime; custom_padding=\u00a0\u00bb37px||0px|||\u00a0\u00bb locked=\u00a0\u00bboff\u00a0\u00bb fb_built=\u00a0\u00bb1&Prime; _i=\u00a0\u00bb5&Prime; _address=\u00a0\u00bb5&Prime;][et_pb_row _builder_version=\u00a0\u00bb3.28&Prime; custom_padding=\u00a0\u00bb0px|||||\u00a0\u00bb _i=\u00a0\u00bb0&Prime; _address=\u00a0\u00bb5.0&Prime;][et_pb_column type=\u00a0\u00bb4_4&Prime; _builder_version=\u00a0\u00bb3.28&Prime; _i=\u00a0\u00bb0&Prime; _address=\u00a0\u00bb5.0.0&Prime;][et_pb_shop posts_number=\u00a0\u00bb4&Prime; icon_hover_color=\u00a0\u00bb#ffffff\u00a0\u00bb _builder_version=\u00a0\u00bb3.28&Prime; title_font=\u00a0\u00bbHeebo||||||||\u00a0\u00bb title_text_align=\u00a0\u00bbcenter\u00a0\u00bb title_text_color=\u00a0\u00bb#000000&Prime; title_font_size=\u00a0\u00bb19px\u00a0\u00bb price_font=\u00a0\u00bb|600|||||||\u00a0\u00bb price_text_align=\u00a0\u00bbcenter\u00a0\u00bb price_text_color=\u00a0\u00bb#1dad1f\u00a0\u00bb price_font_size=\u00a0\u00bb16px\u00a0\u00bb background_enable_color=\u00a0\u00bboff\u00a0\u00bb custom_margin=\u00a0\u00bb||0px|||\u00a0\u00bb _i=\u00a0\u00bb0&Prime; _address=\u00a0\u00bb5.0.0.0&Prime;][\/et_pb_shop][et_pb_button button_text=\u00a0\u00bbVOIR TOUS LES PRODUITS\u00a0\u00bb button_alignment=\u00a0\u00bbcenter\u00a0\u00bb _builder_version=\u00a0\u00bb3.28&Prime; custom_button=\u00a0\u00bbon\u00a0\u00bb button_text_color=\u00a0\u00bb#000000&Prime; button_bg_color=\u00a0\u00bbrgba(0,0,0,0)\u00a0\u00bb button_border_color=\u00a0\u00bb#000000&Prime; custom_padding=\u00a0\u00bb0px|||||\u00a0\u00bb button_text_color__hover_enabled=\u00a0\u00bbon|hover\u00a0\u00bb button_text_color__hover=\u00a0\u00bb#ffffff\u00a0\u00bb button_bg_enable_color=\u00a0\u00bbon\u00a0\u00bb button_bg_color__hover_enabled=\u00a0\u00bbon|hover\u00a0\u00bb button_bg_color__hover=\u00a0\u00bb#e02b20&Prime; button_bg_enable_color__hover=\u00a0\u00bbon\u00a0\u00bb button_border_color__hover_enabled=\u00a0\u00bbon|hover\u00a0\u00bb button_border_color__hover=\u00a0\u00bb#e02b20&Prime; _i=\u00a0\u00bb1&Prime; _address=\u00a0\u00bb5.0.0.1&Prime;][\/et_pb_button][\/et_pb_column][\/et_pb_row][\/et_pb_section]<\/p>\n","protected":false},"excerpt":{"rendered":"<p>[et_pb_section fb_built=\u00a0\u00bb1&Prime; _builder_version=\u00a0\u00bb3.28&Prime; use_background_color_gradient=\u00a0\u00bbon\u00a0\u00bb background_color_gradient_start=\u00a0\u00bb#FF5E5E\u00a0\u00bb background_color_gradient_end=\u00a0\u00bb#ED7B7B\u00a0\u00bb background_color_gradient_direction=\u00a0\u00bb160deg\u00a0\u00bb background_color_gradient_start_position=\u00a0\u00bb74%\u00a0\u00bb background_color_gradient_end_position=\u00a0\u00bb36%\u00a0\u00bb fb_built=\u00a0\u00bb1&Prime; _i=\u00a0\u00bb0&Prime; _address=\u00a0\u00bb0&Prime;][et_pb_row _builder_version=\u00a0\u00bb3.28&Prime; _i=\u00a0\u00bb0&Prime; _address=\u00a0\u00bb0.0&Prime;][et_pb_column type=\u00a0\u00bb4_4&Prime; _builder_version=\u00a0\u00bb3.28&Prime; _i=\u00a0\u00bb0&Prime; _address=\u00a0\u00bb0.0.0&Prime;][et_pb_text _builder_version=\u00a0\u00bb3.28&Prime; text_font=\u00a0\u00bbHeebo||||||||\u00a0\u00bb text_text_color=\u00a0\u00bb#ffffff\u00a0\u00bb text_font_size=\u00a0\u00bb34px\u00a0\u00bb _i=\u00a0\u00bb0&Prime; _address=\u00a0\u00bb0.0.0.0&Prime;] MR POD [\/et_pb_text][\/et_pb_column][\/et_pb_row][\/et_pb_section][et_pb_section fb_built=\u00a0\u00bb1&Prime; _builder_version=\u00a0\u00bb3.28&Prime; fb_built=\u00a0\u00bb1&Prime; _i=\u00a0\u00bb1&Prime; _address=\u00a0\u00bb1&Prime;][et_pb_row column_structure=\u00a0\u00bb1_2,1_2&Prime; _builder_version=\u00a0\u00bb3.28&Prime; _i=\u00a0\u00bb0&Prime; _address=\u00a0\u00bb1.0&Prime;][et_pb_column type=\u00a0\u00bb1_2&Prime; _builder_version=\u00a0\u00bb3.28&Prime; _i=\u00a0\u00bb0&Prime; _address=\u00a0\u00bb1.0.0&Prime;][et_pb_image src=\u00a0\u00bbhttp:\/\/drbean.ca\/wp-content\/uploads\/2019\/09\/mr-pod-1.jpg\u00a0\u00bb _builder_version=\u00a0\u00bb3.27.4&Prime; _i=\u00a0\u00bb0&Prime; _address=\u00a0\u00bb1.0.0.0&Prime;][\/et_pb_image][\/et_pb_column][et_pb_column type=\u00a0\u00bb1_2&Prime; _builder_version=\u00a0\u00bb3.28&Prime; _i=\u00a0\u00bb1&Prime; _address=\u00a0\u00bb1.0.1&Prime;][et_pb_text _builder_version=\u00a0\u00bb3.28&Prime; text_font=\u00a0\u00bbHeebo||||||||\u00a0\u00bb text_text_color=\u00a0\u00bb#000000&Prime; text_font_size=\u00a0\u00bb19px\u00a0\u00bb _i=\u00a0\u00bb0&Prime; _address=\u00a0\u00bb1.0.1.0&Prime;] [&hellip;]<\/p>\n","protected":false},"author":5,"featured_media":0,"parent":0,"menu_order":0,"comment_status":"closed","ping_status":"closed","template":"","meta":{"_et_pb_use_builder":"on","_et_pb_old_content":"","om_disable_all_campaigns":false,"_monsterinsights_skip_tracking":false,"_monsterinsights_sitenote_active":false,"_monsterinsights_sitenote_note":"","_monsterinsights_sitenote_category":0,"footnotes":""},"class_list":["post-193","page","type-page","status-publish","hentry"],"aioseo_notices":[],"yoast_head":"<!-- This site is optimized with the Yoast SEO plugin v23.7 - https:\/\/yoast.com\/wordpress\/plugins\/seo\/ -->\n<title>Mrpod - Dr Bean<\/title>\n<meta name=\"robots\" content=\"index, follow, max-snippet:-1, max-image-preview:large, max-video-preview:-1\" \/>\n<link rel=\"canonical\" href=\"http:\/\/drbean.ca\/fr\/mrpod\/\" \/>\n<meta property=\"og:locale\" content=\"fr_FR\" \/>\n<meta property=\"og:type\" content=\"article\" \/>\n<meta property=\"og:title\" content=\"Mrpod - Dr Bean\" \/>\n<meta property=\"og:description\" content=\"[et_pb_section fb_built=\u00a0\u00bb1&Prime; _builder_version=\u00a0\u00bb3.28&Prime; use_background_color_gradient=\u00a0\u00bbon\u00a0\u00bb background_color_gradient_start=\u00a0\u00bb#FF5E5E\u00a0\u00bb background_color_gradient_end=\u00a0\u00bb#ED7B7B\u00a0\u00bb background_color_gradient_direction=\u00a0\u00bb160deg\u00a0\u00bb background_color_gradient_start_position=\u00a0\u00bb74%\u00a0\u00bb background_color_gradient_end_position=\u00a0\u00bb36%\u00a0\u00bb fb_built=\u00a0\u00bb1&Prime; _i=\u00a0\u00bb0&Prime; _address=\u00a0\u00bb0&Prime;][et_pb_row _builder_version=\u00a0\u00bb3.28&Prime; _i=\u00a0\u00bb0&Prime; _address=\u00a0\u00bb0.0&Prime;][et_pb_column type=\u00a0\u00bb4_4&Prime; _builder_version=\u00a0\u00bb3.28&Prime; _i=\u00a0\u00bb0&Prime; _address=\u00a0\u00bb0.0.0&Prime;][et_pb_text _builder_version=\u00a0\u00bb3.28&Prime; text_font=\u00a0\u00bbHeebo||||||||\u00a0\u00bb text_text_color=\u00a0\u00bb#ffffff\u00a0\u00bb text_font_size=\u00a0\u00bb34px\u00a0\u00bb _i=\u00a0\u00bb0&Prime; _address=\u00a0\u00bb0.0.0.0&Prime;] MR POD [\/et_pb_text][\/et_pb_column][\/et_pb_row][\/et_pb_section][et_pb_section fb_built=\u00a0\u00bb1&Prime; _builder_version=\u00a0\u00bb3.28&Prime; fb_built=\u00a0\u00bb1&Prime; _i=\u00a0\u00bb1&Prime; _address=\u00a0\u00bb1&Prime;][et_pb_row column_structure=\u00a0\u00bb1_2,1_2&Prime; _builder_version=\u00a0\u00bb3.28&Prime; _i=\u00a0\u00bb0&Prime; _address=\u00a0\u00bb1.0&Prime;][et_pb_column type=\u00a0\u00bb1_2&Prime; _builder_version=\u00a0\u00bb3.28&Prime; _i=\u00a0\u00bb0&Prime; _address=\u00a0\u00bb1.0.0&Prime;][et_pb_image src=\u00a0\u00bbhttp:\/\/drbean.ca\/wp-content\/uploads\/2019\/09\/mr-pod-1.jpg\u00a0\u00bb _builder_version=\u00a0\u00bb3.27.4&Prime; _i=\u00a0\u00bb0&Prime; _address=\u00a0\u00bb1.0.0.0&Prime;][\/et_pb_image][\/et_pb_column][et_pb_column type=\u00a0\u00bb1_2&Prime; _builder_version=\u00a0\u00bb3.28&Prime; _i=\u00a0\u00bb1&Prime; _address=\u00a0\u00bb1.0.1&Prime;][et_pb_text _builder_version=\u00a0\u00bb3.28&Prime; text_font=\u00a0\u00bbHeebo||||||||\u00a0\u00bb text_text_color=\u00a0\u00bb#000000&Prime; text_font_size=\u00a0\u00bb19px\u00a0\u00bb _i=\u00a0\u00bb0&Prime; _address=\u00a0\u00bb1.0.1.0&Prime;] [&hellip;]\" \/>\n<meta property=\"og:url\" content=\"http:\/\/drbean.ca\/fr\/mrpod\/\" \/>\n<meta property=\"og:site_name\" content=\"Dr Bean\" \/>\n<meta property=\"article:publisher\" content=\"https:\/\/www.facebook.com\/DRBEANMTL\" \/>\n<meta property=\"article:modified_time\" content=\"2019-09-19T14:18:38+00:00\" \/>\n<meta name=\"twitter:card\" content=\"summary_large_image\" \/>\n<meta name=\"twitter:label1\" content=\"Dur\u00e9e de lecture estim\u00e9e\" \/>\n\t<meta name=\"twitter:data1\" content=\"5 minutes\" \/>\n<script type=\"application\/ld+json\" class=\"yoast-schema-graph\">{\"@context\":\"https:\/\/schema.org\",\"@graph\":[{\"@type\":\"WebPage\",\"@id\":\"http:\/\/drbean.ca\/fr\/mrpod\/\",\"url\":\"http:\/\/drbean.ca\/fr\/mrpod\/\",\"name\":\"Mrpod - Dr Bean\",\"isPartOf\":{\"@id\":\"https:\/\/drbean.ca\/fr\/#website\"},\"datePublished\":\"2019-09-13T16:58:16+00:00\",\"dateModified\":\"2019-09-19T14:18:38+00:00\",\"breadcrumb\":{\"@id\":\"http:\/\/drbean.ca\/fr\/mrpod\/#breadcrumb\"},\"inLanguage\":\"fr-FR\",\"potentialAction\":[{\"@type\":\"ReadAction\",\"target\":[\"http:\/\/drbean.ca\/fr\/mrpod\/\"]}]},{\"@type\":\"BreadcrumbList\",\"@id\":\"http:\/\/drbean.ca\/fr\/mrpod\/#breadcrumb\",\"itemListElement\":[{\"@type\":\"ListItem\",\"position\":1,\"name\":\"Accueil\",\"item\":\"http:\/\/drbean.ca\/fr\/\"},{\"@type\":\"ListItem\",\"position\":2,\"name\":\"Mrpod\"}]},{\"@type\":\"WebSite\",\"@id\":\"https:\/\/drbean.ca\/fr\/#website\",\"url\":\"https:\/\/drbean.ca\/fr\/\",\"name\":\"Dr Bean\",\"description\":\"Votre partenaire depuis plus de 15 ans\",\"publisher\":{\"@id\":\"https:\/\/drbean.ca\/fr\/#organization\"},\"potentialAction\":[{\"@type\":\"SearchAction\",\"target\":{\"@type\":\"EntryPoint\",\"urlTemplate\":\"https:\/\/drbean.ca\/fr\/?s={search_term_string}\"},\"query-input\":{\"@type\":\"PropertyValueSpecification\",\"valueRequired\":true,\"valueName\":\"search_term_string\"}}],\"inLanguage\":\"fr-FR\"},{\"@type\":\"Organization\",\"@id\":\"https:\/\/drbean.ca\/fr\/#organization\",\"name\":\"Dr Bean\",\"url\":\"https:\/\/drbean.ca\/fr\/\",\"logo\":{\"@type\":\"ImageObject\",\"inLanguage\":\"fr-FR\",\"@id\":\"https:\/\/drbean.ca\/fr\/#\/schema\/logo\/image\/\",\"url\":\"https:\/\/drbean.ca\/wp-content\/uploads\/2016\/09\/footer_logo.png\",\"contentUrl\":\"https:\/\/drbean.ca\/wp-content\/uploads\/2016\/09\/footer_logo.png\",\"width\":216,\"height\":192,\"caption\":\"Dr Bean\"},\"image\":{\"@id\":\"https:\/\/drbean.ca\/fr\/#\/schema\/logo\/image\/\"},\"sameAs\":[\"https:\/\/www.facebook.com\/DRBEANMTL\",\"https:\/\/www.instagram.com\/drbeanmtl\/\"]}]}<\/script>\n<!-- \/ Yoast SEO plugin. -->","yoast_head_json":{"title":"Mrpod - Dr Bean","robots":{"index":"index","follow":"follow","max-snippet":"max-snippet:-1","max-image-preview":"max-image-preview:large","max-video-preview":"max-video-preview:-1"},"canonical":"http:\/\/drbean.ca\/fr\/mrpod\/","og_locale":"fr_FR","og_type":"article","og_title":"Mrpod - Dr Bean","og_description":"[et_pb_section fb_built=\u00a0\u00bb1&Prime; _builder_version=\u00a0\u00bb3.28&Prime; use_background_color_gradient=\u00a0\u00bbon\u00a0\u00bb background_color_gradient_start=\u00a0\u00bb#FF5E5E\u00a0\u00bb background_color_gradient_end=\u00a0\u00bb#ED7B7B\u00a0\u00bb background_color_gradient_direction=\u00a0\u00bb160deg\u00a0\u00bb background_color_gradient_start_position=\u00a0\u00bb74%\u00a0\u00bb background_color_gradient_end_position=\u00a0\u00bb36%\u00a0\u00bb fb_built=\u00a0\u00bb1&Prime; _i=\u00a0\u00bb0&Prime; _address=\u00a0\u00bb0&Prime;][et_pb_row _builder_version=\u00a0\u00bb3.28&Prime; _i=\u00a0\u00bb0&Prime; _address=\u00a0\u00bb0.0&Prime;][et_pb_column type=\u00a0\u00bb4_4&Prime; _builder_version=\u00a0\u00bb3.28&Prime; _i=\u00a0\u00bb0&Prime; _address=\u00a0\u00bb0.0.0&Prime;][et_pb_text _builder_version=\u00a0\u00bb3.28&Prime; text_font=\u00a0\u00bbHeebo||||||||\u00a0\u00bb text_text_color=\u00a0\u00bb#ffffff\u00a0\u00bb text_font_size=\u00a0\u00bb34px\u00a0\u00bb _i=\u00a0\u00bb0&Prime; _address=\u00a0\u00bb0.0.0.0&Prime;] MR POD [\/et_pb_text][\/et_pb_column][\/et_pb_row][\/et_pb_section][et_pb_section fb_built=\u00a0\u00bb1&Prime; _builder_version=\u00a0\u00bb3.28&Prime; fb_built=\u00a0\u00bb1&Prime; _i=\u00a0\u00bb1&Prime; _address=\u00a0\u00bb1&Prime;][et_pb_row column_structure=\u00a0\u00bb1_2,1_2&Prime; _builder_version=\u00a0\u00bb3.28&Prime; _i=\u00a0\u00bb0&Prime; _address=\u00a0\u00bb1.0&Prime;][et_pb_column type=\u00a0\u00bb1_2&Prime; _builder_version=\u00a0\u00bb3.28&Prime; _i=\u00a0\u00bb0&Prime; _address=\u00a0\u00bb1.0.0&Prime;][et_pb_image src=\u00a0\u00bbhttp:\/\/drbean.ca\/wp-content\/uploads\/2019\/09\/mr-pod-1.jpg\u00a0\u00bb _builder_version=\u00a0\u00bb3.27.4&Prime; _i=\u00a0\u00bb0&Prime; _address=\u00a0\u00bb1.0.0.0&Prime;][\/et_pb_image][\/et_pb_column][et_pb_column type=\u00a0\u00bb1_2&Prime; _builder_version=\u00a0\u00bb3.28&Prime; _i=\u00a0\u00bb1&Prime; _address=\u00a0\u00bb1.0.1&Prime;][et_pb_text _builder_version=\u00a0\u00bb3.28&Prime; text_font=\u00a0\u00bbHeebo||||||||\u00a0\u00bb text_text_color=\u00a0\u00bb#000000&Prime; text_font_size=\u00a0\u00bb19px\u00a0\u00bb _i=\u00a0\u00bb0&Prime; _address=\u00a0\u00bb1.0.1.0&Prime;] [&hellip;]","og_url":"http:\/\/drbean.ca\/fr\/mrpod\/","og_site_name":"Dr Bean","article_publisher":"https:\/\/www.facebook.com\/DRBEANMTL","article_modified_time":"2019-09-19T14:18:38+00:00","twitter_card":"summary_large_image","twitter_misc":{"Dur\u00e9e de lecture estim\u00e9e":"5 minutes"},"schema":{"@context":"https:\/\/schema.org","@graph":[{"@type":"WebPage","@id":"http:\/\/drbean.ca\/fr\/mrpod\/","url":"http:\/\/drbean.ca\/fr\/mrpod\/","name":"Mrpod - Dr Bean","isPartOf":{"@id":"https:\/\/drbean.ca\/fr\/#website"},"datePublished":"2019-09-13T16:58:16+00:00","dateModified":"2019-09-19T14:18:38+00:00","breadcrumb":{"@id":"http:\/\/drbean.ca\/fr\/mrpod\/#breadcrumb"},"inLanguage":"fr-FR","potentialAction":[{"@type":"ReadAction","target":["http:\/\/drbean.ca\/fr\/mrpod\/"]}]},{"@type":"BreadcrumbList","@id":"http:\/\/drbean.ca\/fr\/mrpod\/#breadcrumb","itemListElement":[{"@type":"ListItem","position":1,"name":"Accueil","item":"http:\/\/drbean.ca\/fr\/"},{"@type":"ListItem","position":2,"name":"Mrpod"}]},{"@type":"WebSite","@id":"https:\/\/drbean.ca\/fr\/#website","url":"https:\/\/drbean.ca\/fr\/","name":"Dr Bean","description":"Votre partenaire depuis plus de 15 ans","publisher":{"@id":"https:\/\/drbean.ca\/fr\/#organization"},"potentialAction":[{"@type":"SearchAction","target":{"@type":"EntryPoint","urlTemplate":"https:\/\/drbean.ca\/fr\/?s={search_term_string}"},"query-input":{"@type":"PropertyValueSpecification","valueRequired":true,"valueName":"search_term_string"}}],"inLanguage":"fr-FR"},{"@type":"Organization","@id":"https:\/\/drbean.ca\/fr\/#organization","name":"Dr Bean","url":"https:\/\/drbean.ca\/fr\/","logo":{"@type":"ImageObject","inLanguage":"fr-FR","@id":"https:\/\/drbean.ca\/fr\/#\/schema\/logo\/image\/","url":"https:\/\/drbean.ca\/wp-content\/uploads\/2016\/09\/footer_logo.png","contentUrl":"https:\/\/drbean.ca\/wp-content\/uploads\/2016\/09\/footer_logo.png","width":216,"height":192,"caption":"Dr Bean"},"image":{"@id":"https:\/\/drbean.ca\/fr\/#\/schema\/logo\/image\/"},"sameAs":["https:\/\/www.facebook.com\/DRBEANMTL","https:\/\/www.instagram.com\/drbeanmtl\/"]}]}},"_links":{"self":[{"href":"https:\/\/drbean.ca\/fr\/wp-json\/wp\/v2\/pages\/193","targetHints":{"allow":["GET"]}}],"collection":[{"href":"https:\/\/drbean.ca\/fr\/wp-json\/wp\/v2\/pages"}],"about":[{"href":"https:\/\/drbean.ca\/fr\/wp-json\/wp\/v2\/types\/page"}],"author":[{"embeddable":true,"href":"https:\/\/drbean.ca\/fr\/wp-json\/wp\/v2\/users\/5"}],"replies":[{"embeddable":true,"href":"https:\/\/drbean.ca\/fr\/wp-json\/wp\/v2\/comments?post=193"}],"version-history":[{"count":0,"href":"https:\/\/drbean.ca\/fr\/wp-json\/wp\/v2\/pages\/193\/revisions"}],"wp:attachment":[{"href":"https:\/\/drbean.ca\/fr\/wp-json\/wp\/v2\/media?parent=193"}],"curies":[{"name":"wp","href":"https:\/\/api.w.org\/{rel}","templated":true}]}}