{"id":1296,"date":"2019-09-11T11:14:54","date_gmt":"2019-09-11T15:14:54","guid":{"rendered":"https:\/\/drbean.ca\/?post_type=product&#038;p=1296"},"modified":"2021-07-15T08:59:06","modified_gmt":"2021-07-15T12:59:06","slug":"gb5","status":"publish","type":"product","link":"https:\/\/drbean.ca\/fr\/catalogue\/machines\/traditionnelles\/gb5\/","title":{"rendered":"La Marzocco GB5"},"content":{"rendered":"<p><span style=\"text-decoration: underline;\"><strong>Stabilit\u00e9 de la temp\u00e9rature<\/strong><\/span><\/p>\n<p>Un ensemble de pr\u00e9chauffage dynamique garantit que l&rsquo;eau entrant dans la chaudi\u00e8re \u00e0 caf\u00e9 est pr\u00e9cis\u00e9ment \u00e0 170 degr\u00e9s. L&rsquo;eau \u00e0 170 degr\u00e9s remplace l&rsquo;eau chaude sortant du groupe, r\u00e9duisant les fluctuations de temp\u00e9rature dans la chaudi\u00e8re \u00e0 caf\u00e9. Un r\u00e9gulateur de temp\u00e9rature PID bas\u00e9 sur un algorithme r\u00e9duit encore les fluctuations de temp\u00e9rature dans la chaudi\u00e8re \u00e0 caf\u00e9. Un bouchon de groupe con\u00e7u par Piero Bambi et un limiteur de d\u00e9bit en rubis int\u00e9gr\u00e9 r\u00e9duisent la canalisation et garantissent que l&rsquo;eau ne quitte jamais la zone satur\u00e9e de la chaudi\u00e8re \u00e0 caf\u00e9; ceci \u00e9limine l&rsquo;introduction d&rsquo;une instabilit\u00e9 de temp\u00e9rature pendant le processus de brassage.<\/p>\n<p><span style=\"text-decoration: underline;\"><strong>Ing\u00e9nierie<\/strong><\/span><\/p>\n<p><strong>deux chaudi\u00e8res<\/strong><br \/>\nDes chaudi\u00e8res s\u00e9par\u00e9es optimisent le brassage d&rsquo;espresso et la production de vapeur.<\/p>\n<p><strong>groupes satur\u00e9s<\/strong><br \/>\nAssure une stabilit\u00e9 thermique in\u00e9gal\u00e9e, coup apr\u00e8s coup.<\/p>\n<p><strong>\u00e9conomiseur d&rsquo;eau chaude<\/strong><br \/>\nVous permet de r\u00e9gler avec pr\u00e9cision la temp\u00e9rature de l&rsquo;eau du robinet pour le rin\u00e7age.<\/p>\n<p><strong>double PID (caf\u00e9 et vapeur)<\/strong><br \/>\nVous permet de contr\u00f4ler \u00e9lectroniquement les temp\u00e9ratures des chaudi\u00e8res \u00e0 caf\u00e9 et \u00e0 vapeur.<\/p>\n<p><strong>restricteurs de d\u00e9bit de rubis<\/strong><br \/>\nLes r\u00e9ducteurs de flux rubis r\u00e9sistent \u00e0 la formation de tartre et \u00e0 l&rsquo;\u00e9rosion.<\/p>\n<p><strong>syst\u00e8me de stabilit\u00e9 thermique<\/strong><br \/>\nLorsque l&rsquo;eau passe \u00e0 travers chaque \u00e9l\u00e9ment, la temp\u00e9rature se stabilise davantage.<\/p>\n<p><span style=\"text-decoration: underline;\"><strong>Ergonomie<\/strong><\/span><\/p>\n<p><strong>lumi\u00e8res de barista<\/strong><br \/>\nL&rsquo;\u00e9clairage LED vous permet de vous concentrer sur votre extraction et la tasse.<\/p>\n<p><strong>interface LCD et minuteries de tir<\/strong><br \/>\nLa programmation intuitive facilite le r\u00e9glage des param\u00e8tres de la machine.<\/p>\n<p><strong>couleur personnalis\u00e9e<\/strong><br \/>\nCouleurs personnalisables bas\u00e9es sur le syst\u00e8me de couleurs RAL sur demande.<\/p>\n<p><span style=\"text-decoration: underline;\"><strong>Options<\/strong><\/span><br \/>\n<strong>Mod\u00e8les disponibles<\/strong><br \/>\n2, 3 ou 4 groupes.<\/p>\n<p><strong>Configurations disponibles<\/strong><br \/>\nSemi-automatique (EE), auto-volum\u00e9trique (AV).<\/p>\n<p><strong>Couleurs et finitions personnalis\u00e9es<\/strong><br \/>\nCouleurs personnalisables bas\u00e9es sur le syst\u00e8me de couleurs RAL, sur demande.<\/p>\n<h3 class=\"title\"><strong>Sp\u00e9cifications du produit<\/strong><\/h3>\n<div class=\"wrap clearfix toggle-content\">\n<table width=\"100%\">\n<tbody>\n<tr>\n<th>sp\u00e9cifications<\/th>\n<th><strong>2grp<\/strong><\/th>\n<th><strong>3grp<\/strong><\/th>\n<th><strong>4grp<\/strong><\/th>\n<\/tr>\n<tr>\n<td>Hauteur (po)<\/td>\n<td>22<\/td>\n<td>22<\/td>\n<td>22<\/td>\n<\/tr>\n<tr>\n<td>Largeur (po)<\/td>\n<td>30<\/td>\n<td>38<\/td>\n<td>47<\/td>\n<\/tr>\n<tr>\n<td>Profondeur (po)<\/td>\n<td>25<\/td>\n<td>25<\/td>\n<td>25<\/td>\n<\/tr>\n<tr>\n<td>Poids (lbs)<\/td>\n<td>162<\/td>\n<td>201<\/td>\n<td>280<\/td>\n<\/tr>\n<tr>\n<td>Voltage (VAC, phase, Hz)<\/td>\n<td>208-240, 1, 60<\/td>\n<td>208-240, 1, 60<\/td>\n<td>208-240, 1, 60<\/td>\n<\/tr>\n<tr>\n<td>Amp\u00e9rage (A)<\/td>\n<td>30<\/td>\n<td>50<\/td>\n<td>50<\/td>\n<\/tr>\n<tr>\n<td>Puissance de l&rsquo;\u00e9l\u00e9ment (W)<\/td>\n<td>4600<\/td>\n<td>6100<\/td>\n<td>8000<\/td>\n<\/tr>\n<tr>\n<td>Chaudi\u00e8re \u00e0 caf\u00e9 (litres)<\/td>\n<td>3.4<\/td>\n<td>5<\/td>\n<td>6.8<\/td>\n<\/tr>\n<tr>\n<td>Chaudi\u00e8re \u00e0 vapeur (litres)<\/td>\n<td>7<\/td>\n<td>11<\/td>\n<td>14.5<\/td>\n<\/tr>\n<\/tbody>\n<\/table>\n<\/div>\n","protected":false},"excerpt":{"rendered":"<p><strong>La gb5 a red\u00e9fini la norme de stabilit\u00e9 de la temp\u00e9rature dans les \u00e9quipements d&rsquo;espresso modernes.<\/strong><\/p>\n<p>Sorti en 2005, le GB5 est dot\u00e9 du syst\u00e8me de stabilit\u00e9 thermique, qui a \u00e9t\u00e9 con\u00e7u pour r\u00e9pondre \u00e0 la demande d&rsquo;une meilleure stabilit\u00e9 de la temp\u00e9rature dans l&rsquo;industrie. \u00c9quip\u00e9 d&rsquo;une carte CPU, le GB5 combine des lignes gracieuses et des courbes harmonieuses avec de puissantes avanc\u00e9es technologiques, en ligne avec le design et l&rsquo;esprit classiques de La Marzocco. C&rsquo;\u00e9tait la machine utilis\u00e9e dans le championnat du monde de barista de 2005 \u00e0 2009, et a \u00e9t\u00e9 nomm\u00e9 pour l&rsquo;\u00e9pouse de Piero Bambi, Giovanna Bambi. La machine est un compagnon discret de tout bar \u00e0 caf\u00e9.<\/p>\n<p>&nbsp;<\/p>\n<p><a class=\"maxbutton-1 maxbutton maxbutton-fiche-technique-mira\" target=\"_blank\" rel=\"noopener\" href=\"https:\/\/international.lamarzocco.com\/wp-content\/uploads\/2019\/08\/product_brochure_gb5_fra.pdf\"><span class='mb-text'>FICHE TECHNIQUE<\/span><\/a><\/p>\n<p><a class=\"maxbutton-2 maxbutton maxbutton-technical-manual\" target=\"_blank\" rel=\"noopener\" href=\"https:\/\/international.lamarzocco.com\/wp-content\/uploads\/2019\/08\/product_brochure_gb5_eng.pdf\"><span class='mb-text'>TECHNICAL MANUAL<\/span><\/a><\/p>\n<p>&nbsp;<\/p>\n","protected":false},"featured_media":1297,"template":"","meta":{"_et_pb_use_builder":"","_et_pb_old_content":"","om_disable_all_campaigns":false,"_monsterinsights_skip_tracking":false,"_monsterinsights_sitenote_active":false,"_monsterinsights_sitenote_note":"","_monsterinsights_sitenote_category":0},"product_cat":[41,42],"product_tag":[],"class_list":{"0":"post-1296","1":"product","2":"type-product","3":"status-publish","4":"has-post-thumbnail","6":"product_cat-machines","7":"product_cat-traditionnelles","9":"first","10":"instock","11":"taxable","12":"shipping-taxable","13":"product-type-simple"},"aioseo_notices":[],"yoast_head":"<!-- This site is optimized with the Yoast SEO plugin v23.7 - https:\/\/yoast.com\/wordpress\/plugins\/seo\/ -->\n<title>La Marzocco GB5 - Dr Bean<\/title>\n<meta name=\"robots\" content=\"index, follow, max-snippet:-1, max-image-preview:large, max-video-preview:-1\" \/>\n<link rel=\"canonical\" href=\"http:\/\/drbean.ca\/fr\/catalogue\/machines\/traditionnelles\/gb5\/\" \/>\n<meta property=\"og:locale\" content=\"fr_FR\" \/>\n<meta property=\"og:type\" content=\"article\" \/>\n<meta property=\"og:title\" content=\"La Marzocco GB5 - Dr Bean\" \/>\n<meta property=\"og:description\" content=\"La gb5 a red\u00e9fini la norme de stabilit\u00e9 de la temp\u00e9rature dans les \u00e9quipements d&#039;espresso modernes.  Sorti en 2005, le GB5 est dot\u00e9 du syst\u00e8me de stabilit\u00e9 thermique, qui a \u00e9t\u00e9 con\u00e7u pour r\u00e9pondre \u00e0 la demande d&#039;une meilleure stabilit\u00e9 de la temp\u00e9rature dans l&#039;industrie. \u00c9quip\u00e9 d&#039;une carte CPU, le GB5 combine des lignes gracieuses et des courbes harmonieuses avec de puissantes avanc\u00e9es technologiques, en ligne avec le design et l&#039;esprit classiques de La Marzocco. C&#039;\u00e9tait la machine utilis\u00e9e dans le championnat du monde de barista de 2005 \u00e0 2009, et a \u00e9t\u00e9 nomm\u00e9 pour l&#039;\u00e9pouse de Piero Bambi, Giovanna Bambi. La machine est un compagnon discret de tout bar \u00e0 caf\u00e9.  &nbsp;      &nbsp;\" \/>\n<meta property=\"og:url\" content=\"http:\/\/drbean.ca\/fr\/catalogue\/machines\/traditionnelles\/gb5\/\" \/>\n<meta property=\"og:site_name\" content=\"Dr Bean\" \/>\n<meta property=\"article:publisher\" content=\"https:\/\/www.facebook.com\/DRBEANMTL\" \/>\n<meta property=\"article:modified_time\" content=\"2021-07-15T12:59:06+00:00\" \/>\n<meta property=\"og:image\" content=\"https:\/\/drbean.ca\/wp-content\/uploads\/2019\/09\/gb5_2gr_ee_front.jpg\" \/>\n\t<meta property=\"og:image:width\" content=\"1000\" \/>\n\t<meta property=\"og:image:height\" content=\"1000\" \/>\n\t<meta property=\"og:image:type\" content=\"image\/jpeg\" \/>\n<meta name=\"twitter:card\" content=\"summary_large_image\" \/>\n<meta name=\"twitter:label1\" content=\"Dur\u00e9e de lecture estim\u00e9e\" \/>\n\t<meta name=\"twitter:data1\" content=\"2 minutes\" \/>\n<script type=\"application\/ld+json\" class=\"yoast-schema-graph\">{\"@context\":\"https:\/\/schema.org\",\"@graph\":[{\"@type\":\"WebPage\",\"@id\":\"http:\/\/drbean.ca\/fr\/catalogue\/machines\/traditionnelles\/gb5\/\",\"url\":\"http:\/\/drbean.ca\/fr\/catalogue\/machines\/traditionnelles\/gb5\/\",\"name\":\"La Marzocco GB5 - Dr Bean\",\"isPartOf\":{\"@id\":\"https:\/\/drbean.ca\/fr\/#website\"},\"primaryImageOfPage\":{\"@id\":\"http:\/\/drbean.ca\/fr\/catalogue\/machines\/traditionnelles\/gb5\/#primaryimage\"},\"image\":{\"@id\":\"http:\/\/drbean.ca\/fr\/catalogue\/machines\/traditionnelles\/gb5\/#primaryimage\"},\"thumbnailUrl\":\"https:\/\/drbean.ca\/wp-content\/uploads\/2019\/09\/gb5_2gr_ee_front.jpg\",\"datePublished\":\"2019-09-11T15:14:54+00:00\",\"dateModified\":\"2021-07-15T12:59:06+00:00\",\"breadcrumb\":{\"@id\":\"http:\/\/drbean.ca\/fr\/catalogue\/machines\/traditionnelles\/gb5\/#breadcrumb\"},\"inLanguage\":\"fr-FR\",\"potentialAction\":[{\"@type\":\"ReadAction\",\"target\":[\"http:\/\/drbean.ca\/fr\/catalogue\/machines\/traditionnelles\/gb5\/\"]}]},{\"@type\":\"ImageObject\",\"inLanguage\":\"fr-FR\",\"@id\":\"http:\/\/drbean.ca\/fr\/catalogue\/machines\/traditionnelles\/gb5\/#primaryimage\",\"url\":\"https:\/\/drbean.ca\/wp-content\/uploads\/2019\/09\/gb5_2gr_ee_front.jpg\",\"contentUrl\":\"https:\/\/drbean.ca\/wp-content\/uploads\/2019\/09\/gb5_2gr_ee_front.jpg\",\"width\":1000,\"height\":1000},{\"@type\":\"BreadcrumbList\",\"@id\":\"http:\/\/drbean.ca\/fr\/catalogue\/machines\/traditionnelles\/gb5\/#breadcrumb\",\"itemListElement\":[{\"@type\":\"ListItem\",\"position\":1,\"name\":\"Accueil\",\"item\":\"http:\/\/drbean.ca\/fr\/\"},{\"@type\":\"ListItem\",\"position\":2,\"name\":\"Boutique\",\"item\":\"http:\/\/drbean.ca\/fr\/boutique\/\"},{\"@type\":\"ListItem\",\"position\":3,\"name\":\"La Marzocco GB5\"}]},{\"@type\":\"WebSite\",\"@id\":\"https:\/\/drbean.ca\/fr\/#website\",\"url\":\"https:\/\/drbean.ca\/fr\/\",\"name\":\"Dr Bean\",\"description\":\"Votre partenaire depuis plus de 15 ans\",\"publisher\":{\"@id\":\"https:\/\/drbean.ca\/fr\/#organization\"},\"potentialAction\":[{\"@type\":\"SearchAction\",\"target\":{\"@type\":\"EntryPoint\",\"urlTemplate\":\"https:\/\/drbean.ca\/fr\/?s={search_term_string}\"},\"query-input\":{\"@type\":\"PropertyValueSpecification\",\"valueRequired\":true,\"valueName\":\"search_term_string\"}}],\"inLanguage\":\"fr-FR\"},{\"@type\":\"Organization\",\"@id\":\"https:\/\/drbean.ca\/fr\/#organization\",\"name\":\"Dr Bean\",\"url\":\"https:\/\/drbean.ca\/fr\/\",\"logo\":{\"@type\":\"ImageObject\",\"inLanguage\":\"fr-FR\",\"@id\":\"https:\/\/drbean.ca\/fr\/#\/schema\/logo\/image\/\",\"url\":\"https:\/\/drbean.ca\/wp-content\/uploads\/2016\/09\/footer_logo.png\",\"contentUrl\":\"https:\/\/drbean.ca\/wp-content\/uploads\/2016\/09\/footer_logo.png\",\"width\":216,\"height\":192,\"caption\":\"Dr Bean\"},\"image\":{\"@id\":\"https:\/\/drbean.ca\/fr\/#\/schema\/logo\/image\/\"},\"sameAs\":[\"https:\/\/www.facebook.com\/DRBEANMTL\",\"https:\/\/www.instagram.com\/drbeanmtl\/\"]}]}<\/script>\n<!-- \/ Yoast SEO plugin. -->","yoast_head_json":{"title":"La Marzocco GB5 - Dr Bean","robots":{"index":"index","follow":"follow","max-snippet":"max-snippet:-1","max-image-preview":"max-image-preview:large","max-video-preview":"max-video-preview:-1"},"canonical":"http:\/\/drbean.ca\/fr\/catalogue\/machines\/traditionnelles\/gb5\/","og_locale":"fr_FR","og_type":"article","og_title":"La Marzocco GB5 - Dr Bean","og_description":"La gb5 a red\u00e9fini la norme de stabilit\u00e9 de la temp\u00e9rature dans les \u00e9quipements d'espresso modernes.  Sorti en 2005, le GB5 est dot\u00e9 du syst\u00e8me de stabilit\u00e9 thermique, qui a \u00e9t\u00e9 con\u00e7u pour r\u00e9pondre \u00e0 la demande d'une meilleure stabilit\u00e9 de la temp\u00e9rature dans l'industrie. \u00c9quip\u00e9 d'une carte CPU, le GB5 combine des lignes gracieuses et des courbes harmonieuses avec de puissantes avanc\u00e9es technologiques, en ligne avec le design et l'esprit classiques de La Marzocco. C'\u00e9tait la machine utilis\u00e9e dans le championnat du monde de barista de 2005 \u00e0 2009, et a \u00e9t\u00e9 nomm\u00e9 pour l'\u00e9pouse de Piero Bambi, Giovanna Bambi. La machine est un compagnon discret de tout bar \u00e0 caf\u00e9.  &nbsp;      &nbsp;","og_url":"http:\/\/drbean.ca\/fr\/catalogue\/machines\/traditionnelles\/gb5\/","og_site_name":"Dr Bean","article_publisher":"https:\/\/www.facebook.com\/DRBEANMTL","article_modified_time":"2021-07-15T12:59:06+00:00","og_image":[{"width":1000,"height":1000,"url":"https:\/\/drbean.ca\/wp-content\/uploads\/2019\/09\/gb5_2gr_ee_front.jpg","type":"image\/jpeg"}],"twitter_card":"summary_large_image","twitter_misc":{"Dur\u00e9e de lecture estim\u00e9e":"2 minutes"},"schema":{"@context":"https:\/\/schema.org","@graph":[{"@type":"WebPage","@id":"http:\/\/drbean.ca\/fr\/catalogue\/machines\/traditionnelles\/gb5\/","url":"http:\/\/drbean.ca\/fr\/catalogue\/machines\/traditionnelles\/gb5\/","name":"La Marzocco GB5 - Dr Bean","isPartOf":{"@id":"https:\/\/drbean.ca\/fr\/#website"},"primaryImageOfPage":{"@id":"http:\/\/drbean.ca\/fr\/catalogue\/machines\/traditionnelles\/gb5\/#primaryimage"},"image":{"@id":"http:\/\/drbean.ca\/fr\/catalogue\/machines\/traditionnelles\/gb5\/#primaryimage"},"thumbnailUrl":"https:\/\/drbean.ca\/wp-content\/uploads\/2019\/09\/gb5_2gr_ee_front.jpg","datePublished":"2019-09-11T15:14:54+00:00","dateModified":"2021-07-15T12:59:06+00:00","breadcrumb":{"@id":"http:\/\/drbean.ca\/fr\/catalogue\/machines\/traditionnelles\/gb5\/#breadcrumb"},"inLanguage":"fr-FR","potentialAction":[{"@type":"ReadAction","target":["http:\/\/drbean.ca\/fr\/catalogue\/machines\/traditionnelles\/gb5\/"]}]},{"@type":"ImageObject","inLanguage":"fr-FR","@id":"http:\/\/drbean.ca\/fr\/catalogue\/machines\/traditionnelles\/gb5\/#primaryimage","url":"https:\/\/drbean.ca\/wp-content\/uploads\/2019\/09\/gb5_2gr_ee_front.jpg","contentUrl":"https:\/\/drbean.ca\/wp-content\/uploads\/2019\/09\/gb5_2gr_ee_front.jpg","width":1000,"height":1000},{"@type":"BreadcrumbList","@id":"http:\/\/drbean.ca\/fr\/catalogue\/machines\/traditionnelles\/gb5\/#breadcrumb","itemListElement":[{"@type":"ListItem","position":1,"name":"Accueil","item":"http:\/\/drbean.ca\/fr\/"},{"@type":"ListItem","position":2,"name":"Boutique","item":"http:\/\/drbean.ca\/fr\/boutique\/"},{"@type":"ListItem","position":3,"name":"La Marzocco GB5"}]},{"@type":"WebSite","@id":"https:\/\/drbean.ca\/fr\/#website","url":"https:\/\/drbean.ca\/fr\/","name":"Dr Bean","description":"Votre partenaire depuis plus de 15 ans","publisher":{"@id":"https:\/\/drbean.ca\/fr\/#organization"},"potentialAction":[{"@type":"SearchAction","target":{"@type":"EntryPoint","urlTemplate":"https:\/\/drbean.ca\/fr\/?s={search_term_string}"},"query-input":{"@type":"PropertyValueSpecification","valueRequired":true,"valueName":"search_term_string"}}],"inLanguage":"fr-FR"},{"@type":"Organization","@id":"https:\/\/drbean.ca\/fr\/#organization","name":"Dr Bean","url":"https:\/\/drbean.ca\/fr\/","logo":{"@type":"ImageObject","inLanguage":"fr-FR","@id":"https:\/\/drbean.ca\/fr\/#\/schema\/logo\/image\/","url":"https:\/\/drbean.ca\/wp-content\/uploads\/2016\/09\/footer_logo.png","contentUrl":"https:\/\/drbean.ca\/wp-content\/uploads\/2016\/09\/footer_logo.png","width":216,"height":192,"caption":"Dr Bean"},"image":{"@id":"https:\/\/drbean.ca\/fr\/#\/schema\/logo\/image\/"},"sameAs":["https:\/\/www.facebook.com\/DRBEANMTL","https:\/\/www.instagram.com\/drbeanmtl\/"]}]}},"_links":{"self":[{"href":"https:\/\/drbean.ca\/fr\/wp-json\/wp\/v2\/product\/1296","targetHints":{"allow":["GET"]}}],"collection":[{"href":"https:\/\/drbean.ca\/fr\/wp-json\/wp\/v2\/product"}],"about":[{"href":"https:\/\/drbean.ca\/fr\/wp-json\/wp\/v2\/types\/product"}],"wp:featuredmedia":[{"embeddable":true,"href":"https:\/\/drbean.ca\/fr\/wp-json\/wp\/v2\/media\/1297"}],"wp:attachment":[{"href":"https:\/\/drbean.ca\/fr\/wp-json\/wp\/v2\/media?parent=1296"}],"wp:term":[{"taxonomy":"product_cat","embeddable":true,"href":"https:\/\/drbean.ca\/fr\/wp-json\/wp\/v2\/product_cat?post=1296"},{"taxonomy":"product_tag","embeddable":true,"href":"https:\/\/drbean.ca\/fr\/wp-json\/wp\/v2\/product_tag?post=1296"}],"curies":[{"name":"wp","href":"https:\/\/api.w.org\/{rel}","templated":true}]}}