{"id":1299,"date":"2019-09-11T11:20:33","date_gmt":"2019-09-11T15:20:33","guid":{"rendered":"https:\/\/drbean.ca\/?post_type=product&#038;p=1299"},"modified":"2022-02-22T12:32:11","modified_gmt":"2022-02-22T16:32:11","slug":"linea-classic","status":"publish","type":"product","link":"https:\/\/drbean.ca\/fr\/catalogue\/machines\/traditionnelles\/linea-classic\/","title":{"rendered":"La Marzocco Linea Classic"},"content":{"rendered":"<h3>Linea Classic<\/h3>\n<p>Soigneusement con\u00e7ue pour se m\u00e9langer dans n\u2019importe quel environnement, la Linea Classic \u2013 avec son syst\u00e8me \u00e0 double chaudi\u00e8re, ses groupes satur\u00e9s et son contr\u00f4leur PID, est une \u0153uvre d\u2019art au design lin\u00e9aire et rev\u00eatue d\u2019acier inoxydable poli et qui inclut des porte-filtres en acier inoxydable et des paniers \u00e0 la pr\u00e9cision avanc\u00e9e.<\/p>\n<p>Ses lignes nettes et son charme simple meublent de nombreux caf\u00e9s, torr\u00e9facteurs et cha\u00eenes dont les noms ont d\u00e9fini l\u2019industrie sp\u00e9cialis\u00e9e du caf\u00e9 et ont encourag\u00e9 le d\u00e9veloppement de l\u2019industrie sp\u00e9cialis\u00e9e du caf\u00e9 d\u00e8s 1990.<\/p>\n","protected":false},"excerpt":{"rendered":"<p>Soigneusement con\u00e7ue pour se m\u00e9langer dans n\u2019importe quel environnement, la Linea Classic \u2013 avec son syst\u00e8me \u00e0 double chaudi\u00e8re, ses groupes satur\u00e9s et son contr\u00f4leur PID, est une \u0153uvre d\u2019art au design lin\u00e9aire et rev\u00eatue d\u2019acier inoxydable poli et qui inclut des porte-filtres en acier inoxydable et des paniers \u00e0 la pr\u00e9cision avanc\u00e9e.<\/p>\n<p>Ses lignes nettes et son charme simple meublent de nombreux caf\u00e9s, torr\u00e9facteurs et cha\u00eenes dont les noms ont d\u00e9fini l\u2019industrie sp\u00e9cialis\u00e9e du caf\u00e9 et ont encourag\u00e9 le d\u00e9veloppement de l\u2019industrie sp\u00e9cialis\u00e9e du caf\u00e9 d\u00e8s 1990.<\/p>\n<p>&nbsp;<\/p>\n<p><a class=\"maxbutton-1 maxbutton maxbutton-fiche-technique-mira\" target=\"_blank\" rel=\"noopener\" href=\"https:\/\/international.lamarzocco.com\/wp-content\/uploads\/2019\/08\/product_brochure_linea_classic_fra.pdf\"><span class='mb-text'>FICHE TECHNIQUE<\/span><\/a><\/p>\n<p><a class=\"maxbutton-2 maxbutton maxbutton-technical-manual\" target=\"_blank\" rel=\"noopener\" href=\"https:\/\/international.lamarzocco.com\/wp-content\/uploads\/2019\/08\/product_brochure_linea_classic_eng.pdf\"><span class='mb-text'>TECHNICAL MANUAL<\/span><\/a><\/p>\n<p>&nbsp;<\/p>\n","protected":false},"featured_media":1300,"template":"","meta":{"_et_pb_use_builder":"","_et_pb_old_content":"","om_disable_all_campaigns":false,"_monsterinsights_skip_tracking":false,"_monsterinsights_sitenote_active":false,"_monsterinsights_sitenote_note":"","_monsterinsights_sitenote_category":0},"product_cat":[41,42],"product_tag":[],"class_list":{"0":"post-1299","1":"product","2":"type-product","3":"status-publish","4":"has-post-thumbnail","6":"product_cat-machines","7":"product_cat-traditionnelles","9":"first","10":"instock","11":"taxable","12":"shipping-taxable","13":"product-type-simple"},"aioseo_notices":[],"yoast_head":"<!-- This site is optimized with the Yoast SEO plugin v23.7 - https:\/\/yoast.com\/wordpress\/plugins\/seo\/ -->\n<title>La Marzocco Linea Classic - Dr Bean<\/title>\n<meta name=\"robots\" content=\"index, follow, max-snippet:-1, max-image-preview:large, max-video-preview:-1\" \/>\n<link rel=\"canonical\" href=\"http:\/\/drbean.ca\/fr\/catalogue\/machines\/traditionnelles\/linea-classic\/\" \/>\n<meta property=\"og:locale\" content=\"fr_FR\" \/>\n<meta property=\"og:type\" content=\"article\" \/>\n<meta property=\"og:title\" content=\"La Marzocco Linea Classic - Dr Bean\" \/>\n<meta property=\"og:description\" content=\"Soigneusement con\u00e7ue pour se m\u00e9langer dans n\u2019importe quel environnement, la Linea Classic \u2013 avec son syst\u00e8me \u00e0 double chaudi\u00e8re, ses groupes satur\u00e9s et son contr\u00f4leur PID, est une \u0153uvre d\u2019art au design lin\u00e9aire et rev\u00eatue d\u2019acier inoxydable poli et qui inclut des porte-filtres en acier inoxydable et des paniers \u00e0 la pr\u00e9cision avanc\u00e9e.  Ses lignes nettes et son charme simple meublent de nombreux caf\u00e9s, torr\u00e9facteurs et cha\u00eenes dont les noms ont d\u00e9fini l\u2019industrie sp\u00e9cialis\u00e9e du caf\u00e9 et ont encourag\u00e9 le d\u00e9veloppement de l\u2019industrie sp\u00e9cialis\u00e9e du caf\u00e9 d\u00e8s 1990.  &nbsp;      &nbsp;\" \/>\n<meta property=\"og:url\" content=\"http:\/\/drbean.ca\/fr\/catalogue\/machines\/traditionnelles\/linea-classic\/\" \/>\n<meta property=\"og:site_name\" content=\"Dr Bean\" \/>\n<meta property=\"article:publisher\" content=\"https:\/\/www.facebook.com\/DRBEANMTL\" \/>\n<meta property=\"article:modified_time\" content=\"2022-02-22T16:32:11+00:00\" \/>\n<meta property=\"og:image\" content=\"https:\/\/drbean.ca\/wp-content\/uploads\/2019\/09\/lineaclasic.jpg\" \/>\n\t<meta property=\"og:image:width\" content=\"600\" \/>\n\t<meta property=\"og:image:height\" content=\"600\" \/>\n\t<meta property=\"og:image:type\" content=\"image\/jpeg\" \/>\n<meta name=\"twitter:card\" content=\"summary_large_image\" \/>\n<meta name=\"twitter:label1\" content=\"Dur\u00e9e de lecture estim\u00e9e\" \/>\n\t<meta name=\"twitter:data1\" content=\"1 minute\" \/>\n<script type=\"application\/ld+json\" class=\"yoast-schema-graph\">{\"@context\":\"https:\/\/schema.org\",\"@graph\":[{\"@type\":\"WebPage\",\"@id\":\"http:\/\/drbean.ca\/fr\/catalogue\/machines\/traditionnelles\/linea-classic\/\",\"url\":\"http:\/\/drbean.ca\/fr\/catalogue\/machines\/traditionnelles\/linea-classic\/\",\"name\":\"La Marzocco Linea Classic - Dr Bean\",\"isPartOf\":{\"@id\":\"https:\/\/drbean.ca\/fr\/#website\"},\"primaryImageOfPage\":{\"@id\":\"http:\/\/drbean.ca\/fr\/catalogue\/machines\/traditionnelles\/linea-classic\/#primaryimage\"},\"image\":{\"@id\":\"http:\/\/drbean.ca\/fr\/catalogue\/machines\/traditionnelles\/linea-classic\/#primaryimage\"},\"thumbnailUrl\":\"https:\/\/drbean.ca\/wp-content\/uploads\/2019\/09\/lineaclasic.jpg\",\"datePublished\":\"2019-09-11T15:20:33+00:00\",\"dateModified\":\"2022-02-22T16:32:11+00:00\",\"breadcrumb\":{\"@id\":\"http:\/\/drbean.ca\/fr\/catalogue\/machines\/traditionnelles\/linea-classic\/#breadcrumb\"},\"inLanguage\":\"fr-FR\",\"potentialAction\":[{\"@type\":\"ReadAction\",\"target\":[\"http:\/\/drbean.ca\/fr\/catalogue\/machines\/traditionnelles\/linea-classic\/\"]}]},{\"@type\":\"ImageObject\",\"inLanguage\":\"fr-FR\",\"@id\":\"http:\/\/drbean.ca\/fr\/catalogue\/machines\/traditionnelles\/linea-classic\/#primaryimage\",\"url\":\"https:\/\/drbean.ca\/wp-content\/uploads\/2019\/09\/lineaclasic.jpg\",\"contentUrl\":\"https:\/\/drbean.ca\/wp-content\/uploads\/2019\/09\/lineaclasic.jpg\",\"width\":600,\"height\":600},{\"@type\":\"BreadcrumbList\",\"@id\":\"http:\/\/drbean.ca\/fr\/catalogue\/machines\/traditionnelles\/linea-classic\/#breadcrumb\",\"itemListElement\":[{\"@type\":\"ListItem\",\"position\":1,\"name\":\"Accueil\",\"item\":\"http:\/\/drbean.ca\/fr\/\"},{\"@type\":\"ListItem\",\"position\":2,\"name\":\"Boutique\",\"item\":\"http:\/\/drbean.ca\/fr\/boutique\/\"},{\"@type\":\"ListItem\",\"position\":3,\"name\":\"La Marzocco Linea Classic\"}]},{\"@type\":\"WebSite\",\"@id\":\"https:\/\/drbean.ca\/fr\/#website\",\"url\":\"https:\/\/drbean.ca\/fr\/\",\"name\":\"Dr Bean\",\"description\":\"Votre partenaire depuis plus de 15 ans\",\"publisher\":{\"@id\":\"https:\/\/drbean.ca\/fr\/#organization\"},\"potentialAction\":[{\"@type\":\"SearchAction\",\"target\":{\"@type\":\"EntryPoint\",\"urlTemplate\":\"https:\/\/drbean.ca\/fr\/?s={search_term_string}\"},\"query-input\":{\"@type\":\"PropertyValueSpecification\",\"valueRequired\":true,\"valueName\":\"search_term_string\"}}],\"inLanguage\":\"fr-FR\"},{\"@type\":\"Organization\",\"@id\":\"https:\/\/drbean.ca\/fr\/#organization\",\"name\":\"Dr Bean\",\"url\":\"https:\/\/drbean.ca\/fr\/\",\"logo\":{\"@type\":\"ImageObject\",\"inLanguage\":\"fr-FR\",\"@id\":\"https:\/\/drbean.ca\/fr\/#\/schema\/logo\/image\/\",\"url\":\"https:\/\/drbean.ca\/wp-content\/uploads\/2016\/09\/footer_logo.png\",\"contentUrl\":\"https:\/\/drbean.ca\/wp-content\/uploads\/2016\/09\/footer_logo.png\",\"width\":216,\"height\":192,\"caption\":\"Dr Bean\"},\"image\":{\"@id\":\"https:\/\/drbean.ca\/fr\/#\/schema\/logo\/image\/\"},\"sameAs\":[\"https:\/\/www.facebook.com\/DRBEANMTL\",\"https:\/\/www.instagram.com\/drbeanmtl\/\"]}]}<\/script>\n<!-- \/ Yoast SEO plugin. -->","yoast_head_json":{"title":"La Marzocco Linea Classic - Dr Bean","robots":{"index":"index","follow":"follow","max-snippet":"max-snippet:-1","max-image-preview":"max-image-preview:large","max-video-preview":"max-video-preview:-1"},"canonical":"http:\/\/drbean.ca\/fr\/catalogue\/machines\/traditionnelles\/linea-classic\/","og_locale":"fr_FR","og_type":"article","og_title":"La Marzocco Linea Classic - Dr Bean","og_description":"Soigneusement con\u00e7ue pour se m\u00e9langer dans n\u2019importe quel environnement, la Linea Classic \u2013 avec son syst\u00e8me \u00e0 double chaudi\u00e8re, ses groupes satur\u00e9s et son contr\u00f4leur PID, est une \u0153uvre d\u2019art au design lin\u00e9aire et rev\u00eatue d\u2019acier inoxydable poli et qui inclut des porte-filtres en acier inoxydable et des paniers \u00e0 la pr\u00e9cision avanc\u00e9e.  Ses lignes nettes et son charme simple meublent de nombreux caf\u00e9s, torr\u00e9facteurs et cha\u00eenes dont les noms ont d\u00e9fini l\u2019industrie sp\u00e9cialis\u00e9e du caf\u00e9 et ont encourag\u00e9 le d\u00e9veloppement de l\u2019industrie sp\u00e9cialis\u00e9e du caf\u00e9 d\u00e8s 1990.  &nbsp;      &nbsp;","og_url":"http:\/\/drbean.ca\/fr\/catalogue\/machines\/traditionnelles\/linea-classic\/","og_site_name":"Dr Bean","article_publisher":"https:\/\/www.facebook.com\/DRBEANMTL","article_modified_time":"2022-02-22T16:32:11+00:00","og_image":[{"width":600,"height":600,"url":"https:\/\/drbean.ca\/wp-content\/uploads\/2019\/09\/lineaclasic.jpg","type":"image\/jpeg"}],"twitter_card":"summary_large_image","twitter_misc":{"Dur\u00e9e de lecture estim\u00e9e":"1 minute"},"schema":{"@context":"https:\/\/schema.org","@graph":[{"@type":"WebPage","@id":"http:\/\/drbean.ca\/fr\/catalogue\/machines\/traditionnelles\/linea-classic\/","url":"http:\/\/drbean.ca\/fr\/catalogue\/machines\/traditionnelles\/linea-classic\/","name":"La Marzocco Linea Classic - Dr Bean","isPartOf":{"@id":"https:\/\/drbean.ca\/fr\/#website"},"primaryImageOfPage":{"@id":"http:\/\/drbean.ca\/fr\/catalogue\/machines\/traditionnelles\/linea-classic\/#primaryimage"},"image":{"@id":"http:\/\/drbean.ca\/fr\/catalogue\/machines\/traditionnelles\/linea-classic\/#primaryimage"},"thumbnailUrl":"https:\/\/drbean.ca\/wp-content\/uploads\/2019\/09\/lineaclasic.jpg","datePublished":"2019-09-11T15:20:33+00:00","dateModified":"2022-02-22T16:32:11+00:00","breadcrumb":{"@id":"http:\/\/drbean.ca\/fr\/catalogue\/machines\/traditionnelles\/linea-classic\/#breadcrumb"},"inLanguage":"fr-FR","potentialAction":[{"@type":"ReadAction","target":["http:\/\/drbean.ca\/fr\/catalogue\/machines\/traditionnelles\/linea-classic\/"]}]},{"@type":"ImageObject","inLanguage":"fr-FR","@id":"http:\/\/drbean.ca\/fr\/catalogue\/machines\/traditionnelles\/linea-classic\/#primaryimage","url":"https:\/\/drbean.ca\/wp-content\/uploads\/2019\/09\/lineaclasic.jpg","contentUrl":"https:\/\/drbean.ca\/wp-content\/uploads\/2019\/09\/lineaclasic.jpg","width":600,"height":600},{"@type":"BreadcrumbList","@id":"http:\/\/drbean.ca\/fr\/catalogue\/machines\/traditionnelles\/linea-classic\/#breadcrumb","itemListElement":[{"@type":"ListItem","position":1,"name":"Accueil","item":"http:\/\/drbean.ca\/fr\/"},{"@type":"ListItem","position":2,"name":"Boutique","item":"http:\/\/drbean.ca\/fr\/boutique\/"},{"@type":"ListItem","position":3,"name":"La Marzocco Linea Classic"}]},{"@type":"WebSite","@id":"https:\/\/drbean.ca\/fr\/#website","url":"https:\/\/drbean.ca\/fr\/","name":"Dr Bean","description":"Votre partenaire depuis plus de 15 ans","publisher":{"@id":"https:\/\/drbean.ca\/fr\/#organization"},"potentialAction":[{"@type":"SearchAction","target":{"@type":"EntryPoint","urlTemplate":"https:\/\/drbean.ca\/fr\/?s={search_term_string}"},"query-input":{"@type":"PropertyValueSpecification","valueRequired":true,"valueName":"search_term_string"}}],"inLanguage":"fr-FR"},{"@type":"Organization","@id":"https:\/\/drbean.ca\/fr\/#organization","name":"Dr Bean","url":"https:\/\/drbean.ca\/fr\/","logo":{"@type":"ImageObject","inLanguage":"fr-FR","@id":"https:\/\/drbean.ca\/fr\/#\/schema\/logo\/image\/","url":"https:\/\/drbean.ca\/wp-content\/uploads\/2016\/09\/footer_logo.png","contentUrl":"https:\/\/drbean.ca\/wp-content\/uploads\/2016\/09\/footer_logo.png","width":216,"height":192,"caption":"Dr Bean"},"image":{"@id":"https:\/\/drbean.ca\/fr\/#\/schema\/logo\/image\/"},"sameAs":["https:\/\/www.facebook.com\/DRBEANMTL","https:\/\/www.instagram.com\/drbeanmtl\/"]}]}},"_links":{"self":[{"href":"https:\/\/drbean.ca\/fr\/wp-json\/wp\/v2\/product\/1299","targetHints":{"allow":["GET"]}}],"collection":[{"href":"https:\/\/drbean.ca\/fr\/wp-json\/wp\/v2\/product"}],"about":[{"href":"https:\/\/drbean.ca\/fr\/wp-json\/wp\/v2\/types\/product"}],"wp:featuredmedia":[{"embeddable":true,"href":"https:\/\/drbean.ca\/fr\/wp-json\/wp\/v2\/media\/1300"}],"wp:attachment":[{"href":"https:\/\/drbean.ca\/fr\/wp-json\/wp\/v2\/media?parent=1299"}],"wp:term":[{"taxonomy":"product_cat","embeddable":true,"href":"https:\/\/drbean.ca\/fr\/wp-json\/wp\/v2\/product_cat?post=1299"},{"taxonomy":"product_tag","embeddable":true,"href":"https:\/\/drbean.ca\/fr\/wp-json\/wp\/v2\/product_tag?post=1299"}],"curies":[{"name":"wp","href":"https:\/\/api.w.org\/{rel}","templated":true}]}}