{"id":1308,"date":"2019-09-11T13:28:48","date_gmt":"2019-09-11T17:28:48","guid":{"rendered":"https:\/\/drbean.ca\/?post_type=product&#038;p=1308"},"modified":"2023-01-19T16:57:56","modified_gmt":"2023-01-19T20:57:56","slug":"mythos-ii","status":"publish","type":"product","link":"https:\/\/drbean.ca\/fr\/catalogue\/moulins-a-cafe\/mythos-ii\/","title":{"rendered":"Mythos II"},"content":{"rendered":"<p>En seulement <strong>quatre ans<\/strong>, <strong>Mythos One<\/strong> a conquis les meilleurs baristas du monde et est devenu le compagnon id\u00e9al de toute machine \u00e0 espresso professionnelle.<\/p>\n<p>Cependant, <strong>Nuova Simonelli<\/strong> ne serait pas elle-m\u00eame si elle \u00e9tait satisfaite des r\u00e9sultats obtenus : Mythos One a donn\u00e9 naissance \u00e0 <strong>Mythos 2<\/strong>, le moulin \u00e0 caf\u00e9 avec la technologie Clima Pro 2.0.<\/p>\n<div class=\"Prodotto_Title\"><strong>Caract\u00e9ristiques<\/strong><\/div>\n<div>\n<ul>\n<li>Technologie Clima Pro 2.0<\/li>\n<li>Vitesse variable<\/li>\n<li>Transparent bean hopper (2Kg)<\/li>\n<li>Clump crusher<\/li>\n<li>3 Scenarios<\/li>\n<li>Display touch<\/li>\n<li>Micrometric grinding regulation<\/li>\n<li>Long life burrs<\/li>\n<li>Working switch<\/li>\n<li>Portafilter hook<\/li>\n<li>Low profile<\/li>\n<li>Cooling system<\/li>\n<\/ul>\n<\/div>\n","protected":false},"excerpt":{"rendered":"<p>En seulement <strong>quatre ans<\/strong>, <strong>Mythos One<\/strong> a conquis les meilleurs baristas du monde et est devenu le compagnon id\u00e9al de toute machine \u00e0 espresso professionnelle.<\/p>\n<p>Cependant, <strong>Nuova Simonelli<\/strong> ne serait pas elle-m\u00eame si elle \u00e9tait satisfaite des r\u00e9sultats obtenus : Mythos One a donn\u00e9 naissance \u00e0 <strong>Mythos 2<\/strong>, le moulin \u00e0 caf\u00e9 avec la technologie Clima Pro 2.0.<\/p>\n<p><a class=\"maxbutton-1 maxbutton maxbutton-fiche-technique-mira\" target=\"_blank\" rel=\"noopener\" href=\"https:\/\/www.nuovasimonelli.it\/images\/stories\/site\/prodotti\/macinadosatori\/brochure\/MythosII\/mythos-ii.pdf\"><span class='mb-text'>FICHE TECHNIQUE<\/span><\/a><\/p>\n","protected":false},"featured_media":1309,"template":"","meta":{"_et_pb_use_builder":"","_et_pb_old_content":"","om_disable_all_campaigns":false,"_monsterinsights_skip_tracking":false,"_monsterinsights_sitenote_active":false,"_monsterinsights_sitenote_note":"","_monsterinsights_sitenote_category":0},"product_cat":[45],"product_tag":[],"class_list":{"0":"post-1308","1":"product","2":"type-product","3":"status-publish","4":"has-post-thumbnail","6":"product_cat-moulins-a-cafe","8":"first","9":"outofstock","10":"taxable","11":"shipping-taxable","12":"product-type-simple"},"aioseo_notices":[],"yoast_head":"<!-- This site is optimized with the Yoast SEO plugin v23.7 - https:\/\/yoast.com\/wordpress\/plugins\/seo\/ -->\n<title>Mythos II - Dr Bean<\/title>\n<meta name=\"robots\" content=\"index, follow, max-snippet:-1, max-image-preview:large, max-video-preview:-1\" \/>\n<link rel=\"canonical\" href=\"http:\/\/drbean.ca\/fr\/catalogue\/moulins-a-cafe\/mythos-ii\/\" \/>\n<meta property=\"og:locale\" content=\"fr_FR\" \/>\n<meta property=\"og:type\" content=\"article\" \/>\n<meta property=\"og:title\" content=\"Mythos II - Dr Bean\" \/>\n<meta property=\"og:description\" content=\"En seulement quatre ans, Mythos One a conquis les meilleurs baristas du monde et est devenu le compagnon id\u00e9al de toute machine \u00e0 espresso professionnelle.  Cependant, Nuova Simonelli ne serait pas elle-m\u00eame si elle \u00e9tait satisfaite des r\u00e9sultats obtenus : Mythos One a donn\u00e9 naissance \u00e0 Mythos 2, le moulin \u00e0 caf\u00e9 avec la technologie Clima Pro 2.0.\" \/>\n<meta property=\"og:url\" content=\"http:\/\/drbean.ca\/fr\/catalogue\/moulins-a-cafe\/mythos-ii\/\" \/>\n<meta property=\"og:site_name\" content=\"Dr Bean\" \/>\n<meta property=\"article:publisher\" content=\"https:\/\/www.facebook.com\/DRBEANMTL\" \/>\n<meta property=\"article:modified_time\" content=\"2023-01-19T20:57:56+00:00\" \/>\n<meta property=\"og:image\" content=\"https:\/\/drbean.ca\/wp-content\/uploads\/2019\/09\/mythos.jpg\" \/>\n\t<meta property=\"og:image:width\" content=\"600\" \/>\n\t<meta property=\"og:image:height\" content=\"600\" \/>\n\t<meta property=\"og:image:type\" content=\"image\/jpeg\" \/>\n<meta name=\"twitter:card\" content=\"summary_large_image\" \/>\n<script type=\"application\/ld+json\" class=\"yoast-schema-graph\">{\"@context\":\"https:\/\/schema.org\",\"@graph\":[{\"@type\":\"WebPage\",\"@id\":\"http:\/\/drbean.ca\/fr\/catalogue\/moulins-a-cafe\/mythos-ii\/\",\"url\":\"http:\/\/drbean.ca\/fr\/catalogue\/moulins-a-cafe\/mythos-ii\/\",\"name\":\"Mythos II - Dr Bean\",\"isPartOf\":{\"@id\":\"https:\/\/drbean.ca\/fr\/#website\"},\"primaryImageOfPage\":{\"@id\":\"http:\/\/drbean.ca\/fr\/catalogue\/moulins-a-cafe\/mythos-ii\/#primaryimage\"},\"image\":{\"@id\":\"http:\/\/drbean.ca\/fr\/catalogue\/moulins-a-cafe\/mythos-ii\/#primaryimage\"},\"thumbnailUrl\":\"https:\/\/drbean.ca\/wp-content\/uploads\/2019\/09\/mythos.jpg\",\"datePublished\":\"2019-09-11T17:28:48+00:00\",\"dateModified\":\"2023-01-19T20:57:56+00:00\",\"breadcrumb\":{\"@id\":\"http:\/\/drbean.ca\/fr\/catalogue\/moulins-a-cafe\/mythos-ii\/#breadcrumb\"},\"inLanguage\":\"fr-FR\",\"potentialAction\":[{\"@type\":\"ReadAction\",\"target\":[\"http:\/\/drbean.ca\/fr\/catalogue\/moulins-a-cafe\/mythos-ii\/\"]}]},{\"@type\":\"ImageObject\",\"inLanguage\":\"fr-FR\",\"@id\":\"http:\/\/drbean.ca\/fr\/catalogue\/moulins-a-cafe\/mythos-ii\/#primaryimage\",\"url\":\"https:\/\/drbean.ca\/wp-content\/uploads\/2019\/09\/mythos.jpg\",\"contentUrl\":\"https:\/\/drbean.ca\/wp-content\/uploads\/2019\/09\/mythos.jpg\",\"width\":600,\"height\":600},{\"@type\":\"BreadcrumbList\",\"@id\":\"http:\/\/drbean.ca\/fr\/catalogue\/moulins-a-cafe\/mythos-ii\/#breadcrumb\",\"itemListElement\":[{\"@type\":\"ListItem\",\"position\":1,\"name\":\"Accueil\",\"item\":\"http:\/\/drbean.ca\/fr\/\"},{\"@type\":\"ListItem\",\"position\":2,\"name\":\"Boutique\",\"item\":\"http:\/\/drbean.ca\/fr\/boutique\/\"},{\"@type\":\"ListItem\",\"position\":3,\"name\":\"Mythos II\"}]},{\"@type\":\"WebSite\",\"@id\":\"https:\/\/drbean.ca\/fr\/#website\",\"url\":\"https:\/\/drbean.ca\/fr\/\",\"name\":\"Dr Bean\",\"description\":\"Votre partenaire depuis plus de 15 ans\",\"publisher\":{\"@id\":\"https:\/\/drbean.ca\/fr\/#organization\"},\"potentialAction\":[{\"@type\":\"SearchAction\",\"target\":{\"@type\":\"EntryPoint\",\"urlTemplate\":\"https:\/\/drbean.ca\/fr\/?s={search_term_string}\"},\"query-input\":{\"@type\":\"PropertyValueSpecification\",\"valueRequired\":true,\"valueName\":\"search_term_string\"}}],\"inLanguage\":\"fr-FR\"},{\"@type\":\"Organization\",\"@id\":\"https:\/\/drbean.ca\/fr\/#organization\",\"name\":\"Dr Bean\",\"url\":\"https:\/\/drbean.ca\/fr\/\",\"logo\":{\"@type\":\"ImageObject\",\"inLanguage\":\"fr-FR\",\"@id\":\"https:\/\/drbean.ca\/fr\/#\/schema\/logo\/image\/\",\"url\":\"https:\/\/drbean.ca\/wp-content\/uploads\/2016\/09\/footer_logo.png\",\"contentUrl\":\"https:\/\/drbean.ca\/wp-content\/uploads\/2016\/09\/footer_logo.png\",\"width\":216,\"height\":192,\"caption\":\"Dr Bean\"},\"image\":{\"@id\":\"https:\/\/drbean.ca\/fr\/#\/schema\/logo\/image\/\"},\"sameAs\":[\"https:\/\/www.facebook.com\/DRBEANMTL\",\"https:\/\/www.instagram.com\/drbeanmtl\/\"]}]}<\/script>\n<!-- \/ Yoast SEO plugin. -->","yoast_head_json":{"title":"Mythos II - Dr Bean","robots":{"index":"index","follow":"follow","max-snippet":"max-snippet:-1","max-image-preview":"max-image-preview:large","max-video-preview":"max-video-preview:-1"},"canonical":"http:\/\/drbean.ca\/fr\/catalogue\/moulins-a-cafe\/mythos-ii\/","og_locale":"fr_FR","og_type":"article","og_title":"Mythos II - Dr Bean","og_description":"En seulement quatre ans, Mythos One a conquis les meilleurs baristas du monde et est devenu le compagnon id\u00e9al de toute machine \u00e0 espresso professionnelle.  Cependant, Nuova Simonelli ne serait pas elle-m\u00eame si elle \u00e9tait satisfaite des r\u00e9sultats obtenus : Mythos One a donn\u00e9 naissance \u00e0 Mythos 2, le moulin \u00e0 caf\u00e9 avec la technologie Clima Pro 2.0.","og_url":"http:\/\/drbean.ca\/fr\/catalogue\/moulins-a-cafe\/mythos-ii\/","og_site_name":"Dr Bean","article_publisher":"https:\/\/www.facebook.com\/DRBEANMTL","article_modified_time":"2023-01-19T20:57:56+00:00","og_image":[{"width":600,"height":600,"url":"https:\/\/drbean.ca\/wp-content\/uploads\/2019\/09\/mythos.jpg","type":"image\/jpeg"}],"twitter_card":"summary_large_image","schema":{"@context":"https:\/\/schema.org","@graph":[{"@type":"WebPage","@id":"http:\/\/drbean.ca\/fr\/catalogue\/moulins-a-cafe\/mythos-ii\/","url":"http:\/\/drbean.ca\/fr\/catalogue\/moulins-a-cafe\/mythos-ii\/","name":"Mythos II - Dr Bean","isPartOf":{"@id":"https:\/\/drbean.ca\/fr\/#website"},"primaryImageOfPage":{"@id":"http:\/\/drbean.ca\/fr\/catalogue\/moulins-a-cafe\/mythos-ii\/#primaryimage"},"image":{"@id":"http:\/\/drbean.ca\/fr\/catalogue\/moulins-a-cafe\/mythos-ii\/#primaryimage"},"thumbnailUrl":"https:\/\/drbean.ca\/wp-content\/uploads\/2019\/09\/mythos.jpg","datePublished":"2019-09-11T17:28:48+00:00","dateModified":"2023-01-19T20:57:56+00:00","breadcrumb":{"@id":"http:\/\/drbean.ca\/fr\/catalogue\/moulins-a-cafe\/mythos-ii\/#breadcrumb"},"inLanguage":"fr-FR","potentialAction":[{"@type":"ReadAction","target":["http:\/\/drbean.ca\/fr\/catalogue\/moulins-a-cafe\/mythos-ii\/"]}]},{"@type":"ImageObject","inLanguage":"fr-FR","@id":"http:\/\/drbean.ca\/fr\/catalogue\/moulins-a-cafe\/mythos-ii\/#primaryimage","url":"https:\/\/drbean.ca\/wp-content\/uploads\/2019\/09\/mythos.jpg","contentUrl":"https:\/\/drbean.ca\/wp-content\/uploads\/2019\/09\/mythos.jpg","width":600,"height":600},{"@type":"BreadcrumbList","@id":"http:\/\/drbean.ca\/fr\/catalogue\/moulins-a-cafe\/mythos-ii\/#breadcrumb","itemListElement":[{"@type":"ListItem","position":1,"name":"Accueil","item":"http:\/\/drbean.ca\/fr\/"},{"@type":"ListItem","position":2,"name":"Boutique","item":"http:\/\/drbean.ca\/fr\/boutique\/"},{"@type":"ListItem","position":3,"name":"Mythos II"}]},{"@type":"WebSite","@id":"https:\/\/drbean.ca\/fr\/#website","url":"https:\/\/drbean.ca\/fr\/","name":"Dr Bean","description":"Votre partenaire depuis plus de 15 ans","publisher":{"@id":"https:\/\/drbean.ca\/fr\/#organization"},"potentialAction":[{"@type":"SearchAction","target":{"@type":"EntryPoint","urlTemplate":"https:\/\/drbean.ca\/fr\/?s={search_term_string}"},"query-input":{"@type":"PropertyValueSpecification","valueRequired":true,"valueName":"search_term_string"}}],"inLanguage":"fr-FR"},{"@type":"Organization","@id":"https:\/\/drbean.ca\/fr\/#organization","name":"Dr Bean","url":"https:\/\/drbean.ca\/fr\/","logo":{"@type":"ImageObject","inLanguage":"fr-FR","@id":"https:\/\/drbean.ca\/fr\/#\/schema\/logo\/image\/","url":"https:\/\/drbean.ca\/wp-content\/uploads\/2016\/09\/footer_logo.png","contentUrl":"https:\/\/drbean.ca\/wp-content\/uploads\/2016\/09\/footer_logo.png","width":216,"height":192,"caption":"Dr Bean"},"image":{"@id":"https:\/\/drbean.ca\/fr\/#\/schema\/logo\/image\/"},"sameAs":["https:\/\/www.facebook.com\/DRBEANMTL","https:\/\/www.instagram.com\/drbeanmtl\/"]}]}},"_links":{"self":[{"href":"https:\/\/drbean.ca\/fr\/wp-json\/wp\/v2\/product\/1308","targetHints":{"allow":["GET"]}}],"collection":[{"href":"https:\/\/drbean.ca\/fr\/wp-json\/wp\/v2\/product"}],"about":[{"href":"https:\/\/drbean.ca\/fr\/wp-json\/wp\/v2\/types\/product"}],"wp:featuredmedia":[{"embeddable":true,"href":"https:\/\/drbean.ca\/fr\/wp-json\/wp\/v2\/media\/1309"}],"wp:attachment":[{"href":"https:\/\/drbean.ca\/fr\/wp-json\/wp\/v2\/media?parent=1308"}],"wp:term":[{"taxonomy":"product_cat","embeddable":true,"href":"https:\/\/drbean.ca\/fr\/wp-json\/wp\/v2\/product_cat?post=1308"},{"taxonomy":"product_tag","embeddable":true,"href":"https:\/\/drbean.ca\/fr\/wp-json\/wp\/v2\/product_tag?post=1308"}],"curies":[{"name":"wp","href":"https:\/\/api.w.org\/{rel}","templated":true}]}}