{"id":1963,"date":"2020-09-22T13:34:53","date_gmt":"2020-09-22T17:34:53","guid":{"rendered":"https:\/\/drbean.ca\/?post_type=product&#038;p=1963"},"modified":"2023-03-03T16:00:17","modified_gmt":"2023-03-03T20:00:17","slug":"ascaso-steel-uno-pid","status":"publish","type":"product","link":"https:\/\/drbean.ca\/fr\/catalogue\/residentiel\/ascaso-steel-uno-pid\/","title":{"rendered":"Ascaso Steel UNO PID"},"content":{"rendered":"<p><span class=\"PBLongTxt\">\u00a0C&rsquo;est une v\u00e9ritable machine professionnelle pour un environnement domestique. La particularit\u00e9 essentielle de cette machine est qu&rsquo;elle est con\u00e7ue pour r\u00e9aliser l&rsquo;expresso de fa\u00e7on traditionnelle avec du caf\u00e9 fra\u00eechement moulu , mouture expresso. Il est pr\u00e9f\u00e9rable de l&rsquo;accompagner d&rsquo;un moulin \u00e0 caf\u00e9 de qualit\u00e9, de fa\u00e7on \u00e0 r\u00e9gler la mouture tr\u00e8s pr\u00e9cis\u00e9ment.<\/span><\/p>\n<p>Le groupe de qualit\u00e9 professionnelle en laiton permet de r\u00e9partir la chaleur uniform\u00e9ment et avoir une temp\u00e9rature stable pilot\u00e9e par le PID. Le thermoblock vous permet d&rsquo;avoir une vapeur importante et constante .<\/p>\n<p><span class=\"PBLongTxt\">\u00a0<\/span><\/p>\n<p>&nbsp;<\/p>\n<p>&nbsp;<\/p>\n<p><strong>Avantages<\/strong><\/p>\n<p><span class=\"PBLongTxt\">Thermoblock nouvelle g\u00e9n\u00e9ration<br \/>\nBrevet\u00e9 Ascaso, corps en aluminium, int\u00e9rieur en inox (1 m\u00e8tre de tube en inox).<br \/>\nL&rsquo;eau n&rsquo;est ainsi pas en contact direct avec l&rsquo;aluminium et ne stagne pas \u00e0 l&rsquo;int\u00e9rieur du serpentin . L&rsquo;inox r\u00e9duit consid\u00e9rablement le risque de d\u00e9p\u00f4t de min\u00e9raux .<br \/>\n<\/span><\/p>\n<p><span class=\"PBLongTxt\">\u00a0<\/span><\/p>\n<p><span class=\"PBLongTxt\">Chauffe tasses<br \/>\nInspir\u00e9 des machines \u00e0 caf\u00e9 professionnelles , le chauffe-tasses vous permet de garder les tasses \u00e0 la bonne temp\u00e9rature (50\u00b0C).<\/span><\/p>\n<p><span class=\"PBLongTxt\">\u00a0<\/span><\/p>\n<p><span class=\"PBLongTxt\">Tube vapeur<br \/>\nLe tube\u00a0 vapeur permet de mousser facilement gr\u00e2ce \u00e0 la puissance du thermoblock . Vous pourrez \u00e9galement l&rsquo;utiliser pour distribuer de l&rsquo;eau chaude.<\/span><\/p>\n<p><span class=\"PBLongTxt\">\u00a0<\/span><\/p>\n<p><span class=\"PBLongTxt\">Porte filtre<br \/>\nUn porte-filtre en laiton chrom\u00e9 \u00e9quip\u00e9 d&rsquo;une poign\u00e9e ergonomique pour recevoir les filtres classiques 1 et 2 tasses (non pressuris\u00e9s) ainsi que le filtre \u00e0 POD.<br \/>\n<\/span><\/p>\n<p><span class=\"PBLongTxt\">\u00a0<\/span><\/p>\n<p><span class=\"PBLongTxt\">\u2022 Carrosserie acier inoxydable<br \/>\n\u2022 1 porte filtre en laiton et 2 filtres non pressuris\u00e9s pour caf\u00e9 moulu expresso ainsi que filtre \u00e0 POD<br \/>\n\u2022 Pesse caf\u00e9 en aluminium<br \/>\n\u2022 Thermom\u00e8tre en fa\u00e7ade<br \/>\n\u2022 Thermoblock aluminium Inox<br \/>\n\u2022 \u00c9lectrovanne 3 voies professionnelle<br \/>\n\u2022 Pompe Ulka 16 bars<br \/>\n\u2022 Un r\u00e9servoir d&rsquo;eau amovible de 2 litres permettant une vision constante du niveau d&rsquo;eau et un remplissage ais\u00e9<br \/>\n\u2022 Une puissante distribution d&rsquo;eau chaude et de vapeur gr\u00e2ce \u00e0 une v\u00e9ritable buse vapeur<br \/>\n\u2022 PID qui vous permet de r\u00e9guler tr\u00e8s pr\u00e9cis\u00e9ment la temp\u00e9rature de votre caf\u00e9, 0.5 degr\u00e9 celsius .<br \/>\n\u2022 Puissance 952 W<br \/>\n\u2022 Dimensions L x H x P (cm): 27 x 36 x 31,5<br \/>\n\u2022 Poids 11 kg<br \/>\n\u2022 Hauteur max de tasse : 8 cm<\/span><\/p>\n<p>&nbsp;<\/p>\n<p>&nbsp;<\/p>\n<p>&nbsp;<\/p>\n","protected":false},"excerpt":{"rendered":"<p><strong>Chez Dr Bean nous avons d\u00e9cider d&rsquo;importer ce mod\u00e8le d&rsquo;Ascaso avec un tapis de caoutchouc et un monte lait pour compl\u00e9ter votre exp\u00e9rience espresso.<\/strong><\/p>\n<p>&nbsp;<\/p>\n<p>&nbsp;<\/p>\n","protected":false},"featured_media":1897,"template":"","meta":{"_et_pb_use_builder":"","_et_pb_old_content":"","om_disable_all_campaigns":false,"_monsterinsights_skip_tracking":false,"_monsterinsights_sitenote_active":false,"_monsterinsights_sitenote_note":"","_monsterinsights_sitenote_category":0},"product_cat":[72,44],"product_tag":[],"class_list":{"0":"post-1963","1":"product","2":"type-product","3":"status-publish","4":"has-post-thumbnail","6":"product_cat-homepage","7":"product_cat-residentiel","9":"first","10":"instock","11":"featured","12":"taxable","13":"shipping-taxable","14":"purchasable","15":"product-type-variable"},"aioseo_notices":[],"yoast_head":"<!-- This site is optimized with the Yoast SEO plugin v23.7 - https:\/\/yoast.com\/wordpress\/plugins\/seo\/ -->\n<title>Ascaso Steel UNO PID - Dr Bean<\/title>\n<meta name=\"robots\" content=\"index, follow, max-snippet:-1, max-image-preview:large, max-video-preview:-1\" \/>\n<link rel=\"canonical\" href=\"http:\/\/drbean.ca\/fr\/catalogue\/residentiel\/ascaso-steel-uno-pid\/\" \/>\n<meta property=\"og:locale\" content=\"fr_FR\" \/>\n<meta property=\"og:type\" content=\"article\" \/>\n<meta property=\"og:title\" content=\"Ascaso Steel UNO PID - Dr Bean\" \/>\n<meta property=\"og:description\" content=\"Chez Dr Bean nous avons d\u00e9cider d&#039;importer ce mod\u00e8le d&#039;Ascaso avec un tapis de caoutchouc et un monte lait pour compl\u00e9ter votre exp\u00e9rience espresso.  &nbsp;  &nbsp;\" \/>\n<meta property=\"og:url\" content=\"http:\/\/drbean.ca\/fr\/catalogue\/residentiel\/ascaso-steel-uno-pid\/\" \/>\n<meta property=\"og:site_name\" content=\"Dr Bean\" \/>\n<meta property=\"article:publisher\" content=\"https:\/\/www.facebook.com\/DRBEANMTL\" \/>\n<meta property=\"article:modified_time\" content=\"2023-03-03T20:00:17+00:00\" \/>\n<meta property=\"og:image\" content=\"https:\/\/drbean.ca\/wp-content\/uploads\/2020\/09\/STEEL-PID-UNO-BLANCA-001-1024x1024.png\" \/>\n\t<meta property=\"og:image:width\" content=\"1024\" \/>\n\t<meta property=\"og:image:height\" content=\"1024\" \/>\n\t<meta property=\"og:image:type\" content=\"image\/png\" \/>\n<meta name=\"twitter:card\" content=\"summary_large_image\" \/>\n<meta name=\"twitter:label1\" content=\"Dur\u00e9e de lecture estim\u00e9e\" \/>\n\t<meta name=\"twitter:data1\" content=\"2 minutes\" \/>\n<script type=\"application\/ld+json\" class=\"yoast-schema-graph\">{\"@context\":\"https:\/\/schema.org\",\"@graph\":[{\"@type\":\"WebPage\",\"@id\":\"http:\/\/drbean.ca\/fr\/catalogue\/residentiel\/ascaso-steel-uno-pid\/\",\"url\":\"http:\/\/drbean.ca\/fr\/catalogue\/residentiel\/ascaso-steel-uno-pid\/\",\"name\":\"Ascaso Steel UNO PID - Dr Bean\",\"isPartOf\":{\"@id\":\"https:\/\/drbean.ca\/fr\/#website\"},\"primaryImageOfPage\":{\"@id\":\"http:\/\/drbean.ca\/fr\/catalogue\/residentiel\/ascaso-steel-uno-pid\/#primaryimage\"},\"image\":{\"@id\":\"http:\/\/drbean.ca\/fr\/catalogue\/residentiel\/ascaso-steel-uno-pid\/#primaryimage\"},\"thumbnailUrl\":\"https:\/\/drbean.ca\/wp-content\/uploads\/2020\/09\/STEEL-PID-UNO-BLANCA-001.png\",\"datePublished\":\"2020-09-22T17:34:53+00:00\",\"dateModified\":\"2023-03-03T20:00:17+00:00\",\"breadcrumb\":{\"@id\":\"http:\/\/drbean.ca\/fr\/catalogue\/residentiel\/ascaso-steel-uno-pid\/#breadcrumb\"},\"inLanguage\":\"fr-FR\",\"potentialAction\":[{\"@type\":\"ReadAction\",\"target\":[\"http:\/\/drbean.ca\/fr\/catalogue\/residentiel\/ascaso-steel-uno-pid\/\"]}]},{\"@type\":\"ImageObject\",\"inLanguage\":\"fr-FR\",\"@id\":\"http:\/\/drbean.ca\/fr\/catalogue\/residentiel\/ascaso-steel-uno-pid\/#primaryimage\",\"url\":\"https:\/\/drbean.ca\/wp-content\/uploads\/2020\/09\/STEEL-PID-UNO-BLANCA-001.png\",\"contentUrl\":\"https:\/\/drbean.ca\/wp-content\/uploads\/2020\/09\/STEEL-PID-UNO-BLANCA-001.png\",\"width\":3072,\"height\":3072},{\"@type\":\"BreadcrumbList\",\"@id\":\"http:\/\/drbean.ca\/fr\/catalogue\/residentiel\/ascaso-steel-uno-pid\/#breadcrumb\",\"itemListElement\":[{\"@type\":\"ListItem\",\"position\":1,\"name\":\"Accueil\",\"item\":\"http:\/\/drbean.ca\/fr\/\"},{\"@type\":\"ListItem\",\"position\":2,\"name\":\"Boutique\",\"item\":\"http:\/\/drbean.ca\/fr\/boutique\/\"},{\"@type\":\"ListItem\",\"position\":3,\"name\":\"Ascaso Steel UNO PID\"}]},{\"@type\":\"WebSite\",\"@id\":\"https:\/\/drbean.ca\/fr\/#website\",\"url\":\"https:\/\/drbean.ca\/fr\/\",\"name\":\"Dr Bean\",\"description\":\"Votre partenaire depuis plus de 15 ans\",\"publisher\":{\"@id\":\"https:\/\/drbean.ca\/fr\/#organization\"},\"potentialAction\":[{\"@type\":\"SearchAction\",\"target\":{\"@type\":\"EntryPoint\",\"urlTemplate\":\"https:\/\/drbean.ca\/fr\/?s={search_term_string}\"},\"query-input\":{\"@type\":\"PropertyValueSpecification\",\"valueRequired\":true,\"valueName\":\"search_term_string\"}}],\"inLanguage\":\"fr-FR\"},{\"@type\":\"Organization\",\"@id\":\"https:\/\/drbean.ca\/fr\/#organization\",\"name\":\"Dr Bean\",\"url\":\"https:\/\/drbean.ca\/fr\/\",\"logo\":{\"@type\":\"ImageObject\",\"inLanguage\":\"fr-FR\",\"@id\":\"https:\/\/drbean.ca\/fr\/#\/schema\/logo\/image\/\",\"url\":\"https:\/\/drbean.ca\/wp-content\/uploads\/2016\/09\/footer_logo.png\",\"contentUrl\":\"https:\/\/drbean.ca\/wp-content\/uploads\/2016\/09\/footer_logo.png\",\"width\":216,\"height\":192,\"caption\":\"Dr Bean\"},\"image\":{\"@id\":\"https:\/\/drbean.ca\/fr\/#\/schema\/logo\/image\/\"},\"sameAs\":[\"https:\/\/www.facebook.com\/DRBEANMTL\",\"https:\/\/www.instagram.com\/drbeanmtl\/\"]}]}<\/script>\n<!-- \/ Yoast SEO plugin. -->","yoast_head_json":{"title":"Ascaso Steel UNO PID - Dr Bean","robots":{"index":"index","follow":"follow","max-snippet":"max-snippet:-1","max-image-preview":"max-image-preview:large","max-video-preview":"max-video-preview:-1"},"canonical":"http:\/\/drbean.ca\/fr\/catalogue\/residentiel\/ascaso-steel-uno-pid\/","og_locale":"fr_FR","og_type":"article","og_title":"Ascaso Steel UNO PID - Dr Bean","og_description":"Chez Dr Bean nous avons d\u00e9cider d'importer ce mod\u00e8le d'Ascaso avec un tapis de caoutchouc et un monte lait pour compl\u00e9ter votre exp\u00e9rience espresso.  &nbsp;  &nbsp;","og_url":"http:\/\/drbean.ca\/fr\/catalogue\/residentiel\/ascaso-steel-uno-pid\/","og_site_name":"Dr Bean","article_publisher":"https:\/\/www.facebook.com\/DRBEANMTL","article_modified_time":"2023-03-03T20:00:17+00:00","og_image":[{"width":1024,"height":1024,"url":"https:\/\/drbean.ca\/wp-content\/uploads\/2020\/09\/STEEL-PID-UNO-BLANCA-001-1024x1024.png","type":"image\/png"}],"twitter_card":"summary_large_image","twitter_misc":{"Dur\u00e9e de lecture estim\u00e9e":"2 minutes"},"schema":{"@context":"https:\/\/schema.org","@graph":[{"@type":"WebPage","@id":"http:\/\/drbean.ca\/fr\/catalogue\/residentiel\/ascaso-steel-uno-pid\/","url":"http:\/\/drbean.ca\/fr\/catalogue\/residentiel\/ascaso-steel-uno-pid\/","name":"Ascaso Steel UNO PID - Dr Bean","isPartOf":{"@id":"https:\/\/drbean.ca\/fr\/#website"},"primaryImageOfPage":{"@id":"http:\/\/drbean.ca\/fr\/catalogue\/residentiel\/ascaso-steel-uno-pid\/#primaryimage"},"image":{"@id":"http:\/\/drbean.ca\/fr\/catalogue\/residentiel\/ascaso-steel-uno-pid\/#primaryimage"},"thumbnailUrl":"https:\/\/drbean.ca\/wp-content\/uploads\/2020\/09\/STEEL-PID-UNO-BLANCA-001.png","datePublished":"2020-09-22T17:34:53+00:00","dateModified":"2023-03-03T20:00:17+00:00","breadcrumb":{"@id":"http:\/\/drbean.ca\/fr\/catalogue\/residentiel\/ascaso-steel-uno-pid\/#breadcrumb"},"inLanguage":"fr-FR","potentialAction":[{"@type":"ReadAction","target":["http:\/\/drbean.ca\/fr\/catalogue\/residentiel\/ascaso-steel-uno-pid\/"]}]},{"@type":"ImageObject","inLanguage":"fr-FR","@id":"http:\/\/drbean.ca\/fr\/catalogue\/residentiel\/ascaso-steel-uno-pid\/#primaryimage","url":"https:\/\/drbean.ca\/wp-content\/uploads\/2020\/09\/STEEL-PID-UNO-BLANCA-001.png","contentUrl":"https:\/\/drbean.ca\/wp-content\/uploads\/2020\/09\/STEEL-PID-UNO-BLANCA-001.png","width":3072,"height":3072},{"@type":"BreadcrumbList","@id":"http:\/\/drbean.ca\/fr\/catalogue\/residentiel\/ascaso-steel-uno-pid\/#breadcrumb","itemListElement":[{"@type":"ListItem","position":1,"name":"Accueil","item":"http:\/\/drbean.ca\/fr\/"},{"@type":"ListItem","position":2,"name":"Boutique","item":"http:\/\/drbean.ca\/fr\/boutique\/"},{"@type":"ListItem","position":3,"name":"Ascaso Steel UNO PID"}]},{"@type":"WebSite","@id":"https:\/\/drbean.ca\/fr\/#website","url":"https:\/\/drbean.ca\/fr\/","name":"Dr Bean","description":"Votre partenaire depuis plus de 15 ans","publisher":{"@id":"https:\/\/drbean.ca\/fr\/#organization"},"potentialAction":[{"@type":"SearchAction","target":{"@type":"EntryPoint","urlTemplate":"https:\/\/drbean.ca\/fr\/?s={search_term_string}"},"query-input":{"@type":"PropertyValueSpecification","valueRequired":true,"valueName":"search_term_string"}}],"inLanguage":"fr-FR"},{"@type":"Organization","@id":"https:\/\/drbean.ca\/fr\/#organization","name":"Dr Bean","url":"https:\/\/drbean.ca\/fr\/","logo":{"@type":"ImageObject","inLanguage":"fr-FR","@id":"https:\/\/drbean.ca\/fr\/#\/schema\/logo\/image\/","url":"https:\/\/drbean.ca\/wp-content\/uploads\/2016\/09\/footer_logo.png","contentUrl":"https:\/\/drbean.ca\/wp-content\/uploads\/2016\/09\/footer_logo.png","width":216,"height":192,"caption":"Dr Bean"},"image":{"@id":"https:\/\/drbean.ca\/fr\/#\/schema\/logo\/image\/"},"sameAs":["https:\/\/www.facebook.com\/DRBEANMTL","https:\/\/www.instagram.com\/drbeanmtl\/"]}]}},"_links":{"self":[{"href":"https:\/\/drbean.ca\/fr\/wp-json\/wp\/v2\/product\/1963","targetHints":{"allow":["GET"]}}],"collection":[{"href":"https:\/\/drbean.ca\/fr\/wp-json\/wp\/v2\/product"}],"about":[{"href":"https:\/\/drbean.ca\/fr\/wp-json\/wp\/v2\/types\/product"}],"wp:featuredmedia":[{"embeddable":true,"href":"https:\/\/drbean.ca\/fr\/wp-json\/wp\/v2\/media\/1897"}],"wp:attachment":[{"href":"https:\/\/drbean.ca\/fr\/wp-json\/wp\/v2\/media?parent=1963"}],"wp:term":[{"taxonomy":"product_cat","embeddable":true,"href":"https:\/\/drbean.ca\/fr\/wp-json\/wp\/v2\/product_cat?post=1963"},{"taxonomy":"product_tag","embeddable":true,"href":"https:\/\/drbean.ca\/fr\/wp-json\/wp\/v2\/product_tag?post=1963"}],"curies":[{"name":"wp","href":"https:\/\/api.w.org\/{rel}","templated":true}]}}