{"id":2008,"date":"2020-09-24T14:55:03","date_gmt":"2020-09-24T18:55:03","guid":{"rendered":"https:\/\/drbean.ca\/?post_type=product&#038;p=2008"},"modified":"2023-03-03T15:50:39","modified_gmt":"2023-03-03T19:50:39","slug":"the-noir-vanille-caramel","status":"publish","type":"product","link":"https:\/\/drbean.ca\/fr\/catalogue\/thes-et-infusions\/the-noir-vanille-caramel\/","title":{"rendered":"Th\u00e9 noir Vanille caramel"},"content":{"rendered":"<p>Le th\u00e9 noir aromatis\u00e9 Vanille Caramel se compose d&rsquo;un m\u00e9lange de th\u00e9s noirs aromatis\u00e9 au caramel fudge et \u00e0 la vanille avec des morceaux de gousse de vanille. Sa liqueur cuivr\u00e9e r\u00e9v\u00e8le des notes douces vanill\u00e9es et gourmandes lact\u00e9es caram\u00e9lis\u00e9es.<\/p>\n<p><strong>Moment de la journ\u00e9e<\/strong>\u00a0: id\u00e9alement la journ\u00e9e, avec ou sans nuage de lait.<\/p>\n<p><strong>Accord th\u00e9 et confiseries<\/strong>\u00a0: marrons glac\u00e9s, chocolats, sabl\u00e9s, cakes aux p\u00e9pites de chocolat, fruits secs.<\/p>\n<p>Marque : <strong>THE DES COMPTOIRS,COMPTOIRS RICHARD<\/strong><\/p>\n<p>&nbsp;<\/p>\n","protected":false},"excerpt":{"rendered":"<p>Le th\u00e9 noir aromatis\u00e9 Vanille Caramel se compose d&rsquo;un m\u00e9lange de th\u00e9s noirs aromatis\u00e9 au caramel fudge et \u00e0 la vanille avec des morceaux de gousse de vanille. Sa liqueur cuivr\u00e9e r\u00e9v\u00e8le des notes douces vanill\u00e9es et gourmandes lact\u00e9es caram\u00e9lis\u00e9es.<\/p>\n<p><strong>Moment de la journ\u00e9e<\/strong>\u00a0: id\u00e9alement la journ\u00e9e, avec ou sans nuage de lait.<\/p>\n<p><strong>Accord th\u00e9 et confiseries<\/strong>\u00a0: marrons glac\u00e9s, chocolats, sabl\u00e9s, cakes aux p\u00e9pites de chocolat, fruits secs.<\/p>\n<p>Marque : <strong>THE DES COMPTOIRS,COMPTOIRS RICHARD<\/strong><\/p>\n","protected":false},"featured_media":2006,"template":"","meta":{"_et_pb_use_builder":"","_et_pb_old_content":"","om_disable_all_campaigns":false,"_monsterinsights_skip_tracking":false,"_monsterinsights_sitenote_active":false,"_monsterinsights_sitenote_note":"","_monsterinsights_sitenote_category":0},"product_cat":[47],"product_tag":[],"class_list":{"0":"post-2008","1":"product","2":"type-product","3":"status-publish","4":"has-post-thumbnail","6":"product_cat-thes-et-infusions","8":"first","9":"outofstock","10":"featured","11":"purchasable","12":"product-type-variable"},"aioseo_notices":[],"yoast_head":"<!-- This site is optimized with the Yoast SEO plugin v23.7 - https:\/\/yoast.com\/wordpress\/plugins\/seo\/ -->\n<title>Th\u00e9 noir Vanille caramel - Dr Bean<\/title>\n<meta name=\"description\" content=\"? L&#039;infusion de Tilleul Bio r\u00e9v\u00e8le une saveur douce et raffin\u00e9e participant \u00e0 de d\u00e9licats moments de s\u00e9r\u00e9nit\u00e9. Bo\u00eete de 40 sachets. ?\" \/>\n<meta name=\"robots\" content=\"index, follow, max-snippet:-1, max-image-preview:large, max-video-preview:-1\" \/>\n<link rel=\"canonical\" href=\"http:\/\/drbean.ca\/fr\/catalogue\/thes-et-infusions\/the-noir-vanille-caramel\/\" \/>\n<meta property=\"og:locale\" content=\"fr_FR\" \/>\n<meta property=\"og:type\" content=\"article\" \/>\n<meta property=\"og:title\" content=\"Th\u00e9 noir Vanille caramel - Dr Bean\" \/>\n<meta property=\"og:description\" content=\"? L&#039;infusion de Tilleul Bio r\u00e9v\u00e8le une saveur douce et raffin\u00e9e participant \u00e0 de d\u00e9licats moments de s\u00e9r\u00e9nit\u00e9. Bo\u00eete de 40 sachets. ?\" \/>\n<meta property=\"og:url\" content=\"http:\/\/drbean.ca\/fr\/catalogue\/thes-et-infusions\/the-noir-vanille-caramel\/\" \/>\n<meta property=\"og:site_name\" content=\"Dr Bean\" \/>\n<meta property=\"article:publisher\" content=\"https:\/\/www.facebook.com\/DRBEANMTL\" \/>\n<meta property=\"article:modified_time\" content=\"2023-03-03T19:50:39+00:00\" \/>\n<meta property=\"og:image\" content=\"https:\/\/drbean.ca\/wp-content\/uploads\/2020\/09\/the-noir-aromatise-vanille-caramel-boite-sachets-voile-x40.jpg\" \/>\n\t<meta property=\"og:image:width\" content=\"1200\" \/>\n\t<meta property=\"og:image:height\" content=\"1200\" \/>\n\t<meta property=\"og:image:type\" content=\"image\/jpeg\" \/>\n<meta name=\"twitter:card\" content=\"summary_large_image\" \/>\n<script type=\"application\/ld+json\" class=\"yoast-schema-graph\">{\"@context\":\"https:\/\/schema.org\",\"@graph\":[{\"@type\":\"WebPage\",\"@id\":\"http:\/\/drbean.ca\/fr\/catalogue\/thes-et-infusions\/the-noir-vanille-caramel\/\",\"url\":\"http:\/\/drbean.ca\/fr\/catalogue\/thes-et-infusions\/the-noir-vanille-caramel\/\",\"name\":\"Th\u00e9 noir Vanille caramel - Dr Bean\",\"isPartOf\":{\"@id\":\"https:\/\/drbean.ca\/fr\/#website\"},\"primaryImageOfPage\":{\"@id\":\"http:\/\/drbean.ca\/fr\/catalogue\/thes-et-infusions\/the-noir-vanille-caramel\/#primaryimage\"},\"image\":{\"@id\":\"http:\/\/drbean.ca\/fr\/catalogue\/thes-et-infusions\/the-noir-vanille-caramel\/#primaryimage\"},\"thumbnailUrl\":\"https:\/\/drbean.ca\/wp-content\/uploads\/2020\/09\/the-noir-aromatise-vanille-caramel-boite-sachets-voile-x40.jpg\",\"datePublished\":\"2020-09-24T18:55:03+00:00\",\"dateModified\":\"2023-03-03T19:50:39+00:00\",\"description\":\"? L'infusion de Tilleul Bio r\u00e9v\u00e8le une saveur douce et raffin\u00e9e participant \u00e0 de d\u00e9licats moments de s\u00e9r\u00e9nit\u00e9. Bo\u00eete de 40 sachets. ?\",\"breadcrumb\":{\"@id\":\"http:\/\/drbean.ca\/fr\/catalogue\/thes-et-infusions\/the-noir-vanille-caramel\/#breadcrumb\"},\"inLanguage\":\"fr-FR\",\"potentialAction\":[{\"@type\":\"ReadAction\",\"target\":[\"http:\/\/drbean.ca\/fr\/catalogue\/thes-et-infusions\/the-noir-vanille-caramel\/\"]}]},{\"@type\":\"ImageObject\",\"inLanguage\":\"fr-FR\",\"@id\":\"http:\/\/drbean.ca\/fr\/catalogue\/thes-et-infusions\/the-noir-vanille-caramel\/#primaryimage\",\"url\":\"https:\/\/drbean.ca\/wp-content\/uploads\/2020\/09\/the-noir-aromatise-vanille-caramel-boite-sachets-voile-x40.jpg\",\"contentUrl\":\"https:\/\/drbean.ca\/wp-content\/uploads\/2020\/09\/the-noir-aromatise-vanille-caramel-boite-sachets-voile-x40.jpg\",\"width\":1200,\"height\":1200},{\"@type\":\"BreadcrumbList\",\"@id\":\"http:\/\/drbean.ca\/fr\/catalogue\/thes-et-infusions\/the-noir-vanille-caramel\/#breadcrumb\",\"itemListElement\":[{\"@type\":\"ListItem\",\"position\":1,\"name\":\"Accueil\",\"item\":\"http:\/\/drbean.ca\/fr\/\"},{\"@type\":\"ListItem\",\"position\":2,\"name\":\"Boutique\",\"item\":\"http:\/\/drbean.ca\/fr\/boutique\/\"},{\"@type\":\"ListItem\",\"position\":3,\"name\":\"Th\u00e9 noir Vanille caramel\"}]},{\"@type\":\"WebSite\",\"@id\":\"https:\/\/drbean.ca\/fr\/#website\",\"url\":\"https:\/\/drbean.ca\/fr\/\",\"name\":\"Dr Bean\",\"description\":\"Votre partenaire depuis plus de 15 ans\",\"publisher\":{\"@id\":\"https:\/\/drbean.ca\/fr\/#organization\"},\"potentialAction\":[{\"@type\":\"SearchAction\",\"target\":{\"@type\":\"EntryPoint\",\"urlTemplate\":\"https:\/\/drbean.ca\/fr\/?s={search_term_string}\"},\"query-input\":{\"@type\":\"PropertyValueSpecification\",\"valueRequired\":true,\"valueName\":\"search_term_string\"}}],\"inLanguage\":\"fr-FR\"},{\"@type\":\"Organization\",\"@id\":\"https:\/\/drbean.ca\/fr\/#organization\",\"name\":\"Dr Bean\",\"url\":\"https:\/\/drbean.ca\/fr\/\",\"logo\":{\"@type\":\"ImageObject\",\"inLanguage\":\"fr-FR\",\"@id\":\"https:\/\/drbean.ca\/fr\/#\/schema\/logo\/image\/\",\"url\":\"https:\/\/drbean.ca\/wp-content\/uploads\/2016\/09\/footer_logo.png\",\"contentUrl\":\"https:\/\/drbean.ca\/wp-content\/uploads\/2016\/09\/footer_logo.png\",\"width\":216,\"height\":192,\"caption\":\"Dr Bean\"},\"image\":{\"@id\":\"https:\/\/drbean.ca\/fr\/#\/schema\/logo\/image\/\"},\"sameAs\":[\"https:\/\/www.facebook.com\/DRBEANMTL\",\"https:\/\/www.instagram.com\/drbeanmtl\/\"]}]}<\/script>\n<!-- \/ Yoast SEO plugin. -->","yoast_head_json":{"title":"Th\u00e9 noir Vanille caramel - Dr Bean","description":"? L'infusion de Tilleul Bio r\u00e9v\u00e8le une saveur douce et raffin\u00e9e participant \u00e0 de d\u00e9licats moments de s\u00e9r\u00e9nit\u00e9. Bo\u00eete de 40 sachets. ?","robots":{"index":"index","follow":"follow","max-snippet":"max-snippet:-1","max-image-preview":"max-image-preview:large","max-video-preview":"max-video-preview:-1"},"canonical":"http:\/\/drbean.ca\/fr\/catalogue\/thes-et-infusions\/the-noir-vanille-caramel\/","og_locale":"fr_FR","og_type":"article","og_title":"Th\u00e9 noir Vanille caramel - Dr Bean","og_description":"? L'infusion de Tilleul Bio r\u00e9v\u00e8le une saveur douce et raffin\u00e9e participant \u00e0 de d\u00e9licats moments de s\u00e9r\u00e9nit\u00e9. Bo\u00eete de 40 sachets. ?","og_url":"http:\/\/drbean.ca\/fr\/catalogue\/thes-et-infusions\/the-noir-vanille-caramel\/","og_site_name":"Dr Bean","article_publisher":"https:\/\/www.facebook.com\/DRBEANMTL","article_modified_time":"2023-03-03T19:50:39+00:00","og_image":[{"width":1200,"height":1200,"url":"https:\/\/drbean.ca\/wp-content\/uploads\/2020\/09\/the-noir-aromatise-vanille-caramel-boite-sachets-voile-x40.jpg","type":"image\/jpeg"}],"twitter_card":"summary_large_image","schema":{"@context":"https:\/\/schema.org","@graph":[{"@type":"WebPage","@id":"http:\/\/drbean.ca\/fr\/catalogue\/thes-et-infusions\/the-noir-vanille-caramel\/","url":"http:\/\/drbean.ca\/fr\/catalogue\/thes-et-infusions\/the-noir-vanille-caramel\/","name":"Th\u00e9 noir Vanille caramel - Dr Bean","isPartOf":{"@id":"https:\/\/drbean.ca\/fr\/#website"},"primaryImageOfPage":{"@id":"http:\/\/drbean.ca\/fr\/catalogue\/thes-et-infusions\/the-noir-vanille-caramel\/#primaryimage"},"image":{"@id":"http:\/\/drbean.ca\/fr\/catalogue\/thes-et-infusions\/the-noir-vanille-caramel\/#primaryimage"},"thumbnailUrl":"https:\/\/drbean.ca\/wp-content\/uploads\/2020\/09\/the-noir-aromatise-vanille-caramel-boite-sachets-voile-x40.jpg","datePublished":"2020-09-24T18:55:03+00:00","dateModified":"2023-03-03T19:50:39+00:00","description":"? L'infusion de Tilleul Bio r\u00e9v\u00e8le une saveur douce et raffin\u00e9e participant \u00e0 de d\u00e9licats moments de s\u00e9r\u00e9nit\u00e9. Bo\u00eete de 40 sachets. ?","breadcrumb":{"@id":"http:\/\/drbean.ca\/fr\/catalogue\/thes-et-infusions\/the-noir-vanille-caramel\/#breadcrumb"},"inLanguage":"fr-FR","potentialAction":[{"@type":"ReadAction","target":["http:\/\/drbean.ca\/fr\/catalogue\/thes-et-infusions\/the-noir-vanille-caramel\/"]}]},{"@type":"ImageObject","inLanguage":"fr-FR","@id":"http:\/\/drbean.ca\/fr\/catalogue\/thes-et-infusions\/the-noir-vanille-caramel\/#primaryimage","url":"https:\/\/drbean.ca\/wp-content\/uploads\/2020\/09\/the-noir-aromatise-vanille-caramel-boite-sachets-voile-x40.jpg","contentUrl":"https:\/\/drbean.ca\/wp-content\/uploads\/2020\/09\/the-noir-aromatise-vanille-caramel-boite-sachets-voile-x40.jpg","width":1200,"height":1200},{"@type":"BreadcrumbList","@id":"http:\/\/drbean.ca\/fr\/catalogue\/thes-et-infusions\/the-noir-vanille-caramel\/#breadcrumb","itemListElement":[{"@type":"ListItem","position":1,"name":"Accueil","item":"http:\/\/drbean.ca\/fr\/"},{"@type":"ListItem","position":2,"name":"Boutique","item":"http:\/\/drbean.ca\/fr\/boutique\/"},{"@type":"ListItem","position":3,"name":"Th\u00e9 noir Vanille caramel"}]},{"@type":"WebSite","@id":"https:\/\/drbean.ca\/fr\/#website","url":"https:\/\/drbean.ca\/fr\/","name":"Dr Bean","description":"Votre partenaire depuis plus de 15 ans","publisher":{"@id":"https:\/\/drbean.ca\/fr\/#organization"},"potentialAction":[{"@type":"SearchAction","target":{"@type":"EntryPoint","urlTemplate":"https:\/\/drbean.ca\/fr\/?s={search_term_string}"},"query-input":{"@type":"PropertyValueSpecification","valueRequired":true,"valueName":"search_term_string"}}],"inLanguage":"fr-FR"},{"@type":"Organization","@id":"https:\/\/drbean.ca\/fr\/#organization","name":"Dr Bean","url":"https:\/\/drbean.ca\/fr\/","logo":{"@type":"ImageObject","inLanguage":"fr-FR","@id":"https:\/\/drbean.ca\/fr\/#\/schema\/logo\/image\/","url":"https:\/\/drbean.ca\/wp-content\/uploads\/2016\/09\/footer_logo.png","contentUrl":"https:\/\/drbean.ca\/wp-content\/uploads\/2016\/09\/footer_logo.png","width":216,"height":192,"caption":"Dr Bean"},"image":{"@id":"https:\/\/drbean.ca\/fr\/#\/schema\/logo\/image\/"},"sameAs":["https:\/\/www.facebook.com\/DRBEANMTL","https:\/\/www.instagram.com\/drbeanmtl\/"]}]}},"_links":{"self":[{"href":"https:\/\/drbean.ca\/fr\/wp-json\/wp\/v2\/product\/2008","targetHints":{"allow":["GET"]}}],"collection":[{"href":"https:\/\/drbean.ca\/fr\/wp-json\/wp\/v2\/product"}],"about":[{"href":"https:\/\/drbean.ca\/fr\/wp-json\/wp\/v2\/types\/product"}],"wp:featuredmedia":[{"embeddable":true,"href":"https:\/\/drbean.ca\/fr\/wp-json\/wp\/v2\/media\/2006"}],"wp:attachment":[{"href":"https:\/\/drbean.ca\/fr\/wp-json\/wp\/v2\/media?parent=2008"}],"wp:term":[{"taxonomy":"product_cat","embeddable":true,"href":"https:\/\/drbean.ca\/fr\/wp-json\/wp\/v2\/product_cat?post=2008"},{"taxonomy":"product_tag","embeddable":true,"href":"https:\/\/drbean.ca\/fr\/wp-json\/wp\/v2\/product_tag?post=2008"}],"curies":[{"name":"wp","href":"https:\/\/api.w.org\/{rel}","templated":true}]}}