{"id":2025,"date":"2020-09-25T09:21:26","date_gmt":"2020-09-25T13:21:26","guid":{"rendered":"https:\/\/drbean.ca\/?post_type=product&#038;p=2025"},"modified":"2023-03-03T12:44:05","modified_gmt":"2023-03-03T16:44:05","slug":"the-noir-breakfast-bop","status":"publish","type":"product","link":"https:\/\/drbean.ca\/fr\/catalogue\/thes-et-infusions\/the-noir-breakfast-bop\/","title":{"rendered":"Th\u00e9 noir Breakfast BOP"},"content":{"rendered":"<p>Le th\u00e9 noir nature Breakfast BOP (Broken Orange Pekoe) est un assemblage maison de crus de Ceylan en feuilles bris\u00e9es id\u00e9al pour r\u00e9veiller les papilles le matin r\u00e9v\u00e8lant une liqueur cuivr\u00e9e aux notes bois\u00e9es, cors\u00e9es avec une belle charpente.<\/p>\n<p><strong>Moment de la journ\u00e9e<\/strong>\u00a0: id\u00e9alement le matin et en journ\u00e9e, avec ou sans lait.<\/p>\n<p><strong>Accord th\u00e9 et confiseries<\/strong>\u00a0: caramel, chocolat noir et lait, pralin\u00e9, sabl\u00e9s, nougats.<\/p>\n<p>Marque : <strong>THE DES COMPTOIRS,COMPTOIRS RICHARD<\/strong><\/p>\n<p>&nbsp;<\/p>\n","protected":false},"excerpt":{"rendered":"<p>Le th\u00e9 noir nature Breakfast BOP (Broken Orange Pekoe) est un assemblage maison de crus de Ceylan en feuilles bris\u00e9es id\u00e9al pour r\u00e9veiller les papilles le matin r\u00e9v\u00e8lant une liqueur cuivr\u00e9e aux notes bois\u00e9es, cors\u00e9es avec une belle charpente.<\/p>\n<p><strong>Moment de la journ\u00e9e<\/strong>\u00a0: id\u00e9alement le matin et en journ\u00e9e, avec ou sans lait.<\/p>\n<p><strong>Accord th\u00e9 et confiseries<\/strong>\u00a0: caramel, chocolat noir et lait, pralin\u00e9, sabl\u00e9s, nougats.<\/p>\n<p>Marque : <strong>THE DES COMPTOIRS,COMPTOIRS RICHARD<\/strong><\/p>\n","protected":false},"featured_media":2026,"template":"","meta":{"_et_pb_use_builder":"","_et_pb_old_content":"","om_disable_all_campaigns":false,"_monsterinsights_skip_tracking":false,"_monsterinsights_sitenote_active":false,"_monsterinsights_sitenote_note":"","_monsterinsights_sitenote_category":0},"product_cat":[47],"product_tag":[],"class_list":{"0":"post-2025","1":"product","2":"type-product","3":"status-publish","4":"has-post-thumbnail","6":"product_cat-thes-et-infusions","8":"first","9":"outofstock","10":"featured","11":"purchasable","12":"product-type-variable"},"aioseo_notices":[],"yoast_head":"<!-- This site is optimized with the Yoast SEO plugin v23.7 - https:\/\/yoast.com\/wordpress\/plugins\/seo\/ -->\n<title>Th\u00e9 noir Breakfast BOP - Dr Bean<\/title>\n<meta name=\"description\" content=\"? L&#039;infusion de Tilleul Bio r\u00e9v\u00e8le une saveur douce et raffin\u00e9e participant \u00e0 de d\u00e9licats moments de s\u00e9r\u00e9nit\u00e9. Bo\u00eete de 40 sachets. ?\" \/>\n<meta name=\"robots\" content=\"index, follow, max-snippet:-1, max-image-preview:large, max-video-preview:-1\" \/>\n<link rel=\"canonical\" href=\"http:\/\/drbean.ca\/fr\/catalogue\/thes-et-infusions\/the-noir-breakfast-bop\/\" \/>\n<meta property=\"og:locale\" content=\"fr_FR\" \/>\n<meta property=\"og:type\" content=\"article\" \/>\n<meta property=\"og:title\" content=\"Th\u00e9 noir Breakfast BOP - Dr Bean\" \/>\n<meta property=\"og:description\" content=\"? L&#039;infusion de Tilleul Bio r\u00e9v\u00e8le une saveur douce et raffin\u00e9e participant \u00e0 de d\u00e9licats moments de s\u00e9r\u00e9nit\u00e9. Bo\u00eete de 40 sachets. ?\" \/>\n<meta property=\"og:url\" content=\"http:\/\/drbean.ca\/fr\/catalogue\/thes-et-infusions\/the-noir-breakfast-bop\/\" \/>\n<meta property=\"og:site_name\" content=\"Dr Bean\" \/>\n<meta property=\"article:publisher\" content=\"https:\/\/www.facebook.com\/DRBEANMTL\" \/>\n<meta property=\"article:modified_time\" content=\"2023-03-03T16:44:05+00:00\" \/>\n<meta property=\"og:image\" content=\"https:\/\/drbean.ca\/wp-content\/uploads\/2020\/09\/breakfast-boite-sachet-15-1.jpg\" \/>\n\t<meta property=\"og:image:width\" content=\"1200\" \/>\n\t<meta property=\"og:image:height\" content=\"1200\" \/>\n\t<meta property=\"og:image:type\" content=\"image\/jpeg\" \/>\n<meta name=\"twitter:card\" content=\"summary_large_image\" \/>\n<script type=\"application\/ld+json\" class=\"yoast-schema-graph\">{\"@context\":\"https:\/\/schema.org\",\"@graph\":[{\"@type\":\"WebPage\",\"@id\":\"http:\/\/drbean.ca\/fr\/catalogue\/thes-et-infusions\/the-noir-breakfast-bop\/\",\"url\":\"http:\/\/drbean.ca\/fr\/catalogue\/thes-et-infusions\/the-noir-breakfast-bop\/\",\"name\":\"Th\u00e9 noir Breakfast BOP - Dr Bean\",\"isPartOf\":{\"@id\":\"https:\/\/drbean.ca\/fr\/#website\"},\"primaryImageOfPage\":{\"@id\":\"http:\/\/drbean.ca\/fr\/catalogue\/thes-et-infusions\/the-noir-breakfast-bop\/#primaryimage\"},\"image\":{\"@id\":\"http:\/\/drbean.ca\/fr\/catalogue\/thes-et-infusions\/the-noir-breakfast-bop\/#primaryimage\"},\"thumbnailUrl\":\"https:\/\/drbean.ca\/wp-content\/uploads\/2020\/09\/breakfast-boite-sachet-15-1.jpg\",\"datePublished\":\"2020-09-25T13:21:26+00:00\",\"dateModified\":\"2023-03-03T16:44:05+00:00\",\"description\":\"? L'infusion de Tilleul Bio r\u00e9v\u00e8le une saveur douce et raffin\u00e9e participant \u00e0 de d\u00e9licats moments de s\u00e9r\u00e9nit\u00e9. Bo\u00eete de 40 sachets. ?\",\"breadcrumb\":{\"@id\":\"http:\/\/drbean.ca\/fr\/catalogue\/thes-et-infusions\/the-noir-breakfast-bop\/#breadcrumb\"},\"inLanguage\":\"fr-FR\",\"potentialAction\":[{\"@type\":\"ReadAction\",\"target\":[\"http:\/\/drbean.ca\/fr\/catalogue\/thes-et-infusions\/the-noir-breakfast-bop\/\"]}]},{\"@type\":\"ImageObject\",\"inLanguage\":\"fr-FR\",\"@id\":\"http:\/\/drbean.ca\/fr\/catalogue\/thes-et-infusions\/the-noir-breakfast-bop\/#primaryimage\",\"url\":\"https:\/\/drbean.ca\/wp-content\/uploads\/2020\/09\/breakfast-boite-sachet-15-1.jpg\",\"contentUrl\":\"https:\/\/drbean.ca\/wp-content\/uploads\/2020\/09\/breakfast-boite-sachet-15-1.jpg\",\"width\":1200,\"height\":1200},{\"@type\":\"BreadcrumbList\",\"@id\":\"http:\/\/drbean.ca\/fr\/catalogue\/thes-et-infusions\/the-noir-breakfast-bop\/#breadcrumb\",\"itemListElement\":[{\"@type\":\"ListItem\",\"position\":1,\"name\":\"Accueil\",\"item\":\"http:\/\/drbean.ca\/fr\/\"},{\"@type\":\"ListItem\",\"position\":2,\"name\":\"Boutique\",\"item\":\"http:\/\/drbean.ca\/fr\/boutique\/\"},{\"@type\":\"ListItem\",\"position\":3,\"name\":\"Th\u00e9 noir Breakfast BOP\"}]},{\"@type\":\"WebSite\",\"@id\":\"https:\/\/drbean.ca\/fr\/#website\",\"url\":\"https:\/\/drbean.ca\/fr\/\",\"name\":\"Dr Bean\",\"description\":\"Votre partenaire depuis plus de 15 ans\",\"publisher\":{\"@id\":\"https:\/\/drbean.ca\/fr\/#organization\"},\"potentialAction\":[{\"@type\":\"SearchAction\",\"target\":{\"@type\":\"EntryPoint\",\"urlTemplate\":\"https:\/\/drbean.ca\/fr\/?s={search_term_string}\"},\"query-input\":{\"@type\":\"PropertyValueSpecification\",\"valueRequired\":true,\"valueName\":\"search_term_string\"}}],\"inLanguage\":\"fr-FR\"},{\"@type\":\"Organization\",\"@id\":\"https:\/\/drbean.ca\/fr\/#organization\",\"name\":\"Dr Bean\",\"url\":\"https:\/\/drbean.ca\/fr\/\",\"logo\":{\"@type\":\"ImageObject\",\"inLanguage\":\"fr-FR\",\"@id\":\"https:\/\/drbean.ca\/fr\/#\/schema\/logo\/image\/\",\"url\":\"https:\/\/drbean.ca\/wp-content\/uploads\/2016\/09\/footer_logo.png\",\"contentUrl\":\"https:\/\/drbean.ca\/wp-content\/uploads\/2016\/09\/footer_logo.png\",\"width\":216,\"height\":192,\"caption\":\"Dr Bean\"},\"image\":{\"@id\":\"https:\/\/drbean.ca\/fr\/#\/schema\/logo\/image\/\"},\"sameAs\":[\"https:\/\/www.facebook.com\/DRBEANMTL\",\"https:\/\/www.instagram.com\/drbeanmtl\/\"]}]}<\/script>\n<!-- \/ Yoast SEO plugin. -->","yoast_head_json":{"title":"Th\u00e9 noir Breakfast BOP - Dr Bean","description":"? L'infusion de Tilleul Bio r\u00e9v\u00e8le une saveur douce et raffin\u00e9e participant \u00e0 de d\u00e9licats moments de s\u00e9r\u00e9nit\u00e9. Bo\u00eete de 40 sachets. ?","robots":{"index":"index","follow":"follow","max-snippet":"max-snippet:-1","max-image-preview":"max-image-preview:large","max-video-preview":"max-video-preview:-1"},"canonical":"http:\/\/drbean.ca\/fr\/catalogue\/thes-et-infusions\/the-noir-breakfast-bop\/","og_locale":"fr_FR","og_type":"article","og_title":"Th\u00e9 noir Breakfast BOP - Dr Bean","og_description":"? L'infusion de Tilleul Bio r\u00e9v\u00e8le une saveur douce et raffin\u00e9e participant \u00e0 de d\u00e9licats moments de s\u00e9r\u00e9nit\u00e9. Bo\u00eete de 40 sachets. ?","og_url":"http:\/\/drbean.ca\/fr\/catalogue\/thes-et-infusions\/the-noir-breakfast-bop\/","og_site_name":"Dr Bean","article_publisher":"https:\/\/www.facebook.com\/DRBEANMTL","article_modified_time":"2023-03-03T16:44:05+00:00","og_image":[{"width":1200,"height":1200,"url":"https:\/\/drbean.ca\/wp-content\/uploads\/2020\/09\/breakfast-boite-sachet-15-1.jpg","type":"image\/jpeg"}],"twitter_card":"summary_large_image","schema":{"@context":"https:\/\/schema.org","@graph":[{"@type":"WebPage","@id":"http:\/\/drbean.ca\/fr\/catalogue\/thes-et-infusions\/the-noir-breakfast-bop\/","url":"http:\/\/drbean.ca\/fr\/catalogue\/thes-et-infusions\/the-noir-breakfast-bop\/","name":"Th\u00e9 noir Breakfast BOP - Dr Bean","isPartOf":{"@id":"https:\/\/drbean.ca\/fr\/#website"},"primaryImageOfPage":{"@id":"http:\/\/drbean.ca\/fr\/catalogue\/thes-et-infusions\/the-noir-breakfast-bop\/#primaryimage"},"image":{"@id":"http:\/\/drbean.ca\/fr\/catalogue\/thes-et-infusions\/the-noir-breakfast-bop\/#primaryimage"},"thumbnailUrl":"https:\/\/drbean.ca\/wp-content\/uploads\/2020\/09\/breakfast-boite-sachet-15-1.jpg","datePublished":"2020-09-25T13:21:26+00:00","dateModified":"2023-03-03T16:44:05+00:00","description":"? L'infusion de Tilleul Bio r\u00e9v\u00e8le une saveur douce et raffin\u00e9e participant \u00e0 de d\u00e9licats moments de s\u00e9r\u00e9nit\u00e9. Bo\u00eete de 40 sachets. ?","breadcrumb":{"@id":"http:\/\/drbean.ca\/fr\/catalogue\/thes-et-infusions\/the-noir-breakfast-bop\/#breadcrumb"},"inLanguage":"fr-FR","potentialAction":[{"@type":"ReadAction","target":["http:\/\/drbean.ca\/fr\/catalogue\/thes-et-infusions\/the-noir-breakfast-bop\/"]}]},{"@type":"ImageObject","inLanguage":"fr-FR","@id":"http:\/\/drbean.ca\/fr\/catalogue\/thes-et-infusions\/the-noir-breakfast-bop\/#primaryimage","url":"https:\/\/drbean.ca\/wp-content\/uploads\/2020\/09\/breakfast-boite-sachet-15-1.jpg","contentUrl":"https:\/\/drbean.ca\/wp-content\/uploads\/2020\/09\/breakfast-boite-sachet-15-1.jpg","width":1200,"height":1200},{"@type":"BreadcrumbList","@id":"http:\/\/drbean.ca\/fr\/catalogue\/thes-et-infusions\/the-noir-breakfast-bop\/#breadcrumb","itemListElement":[{"@type":"ListItem","position":1,"name":"Accueil","item":"http:\/\/drbean.ca\/fr\/"},{"@type":"ListItem","position":2,"name":"Boutique","item":"http:\/\/drbean.ca\/fr\/boutique\/"},{"@type":"ListItem","position":3,"name":"Th\u00e9 noir Breakfast BOP"}]},{"@type":"WebSite","@id":"https:\/\/drbean.ca\/fr\/#website","url":"https:\/\/drbean.ca\/fr\/","name":"Dr Bean","description":"Votre partenaire depuis plus de 15 ans","publisher":{"@id":"https:\/\/drbean.ca\/fr\/#organization"},"potentialAction":[{"@type":"SearchAction","target":{"@type":"EntryPoint","urlTemplate":"https:\/\/drbean.ca\/fr\/?s={search_term_string}"},"query-input":{"@type":"PropertyValueSpecification","valueRequired":true,"valueName":"search_term_string"}}],"inLanguage":"fr-FR"},{"@type":"Organization","@id":"https:\/\/drbean.ca\/fr\/#organization","name":"Dr Bean","url":"https:\/\/drbean.ca\/fr\/","logo":{"@type":"ImageObject","inLanguage":"fr-FR","@id":"https:\/\/drbean.ca\/fr\/#\/schema\/logo\/image\/","url":"https:\/\/drbean.ca\/wp-content\/uploads\/2016\/09\/footer_logo.png","contentUrl":"https:\/\/drbean.ca\/wp-content\/uploads\/2016\/09\/footer_logo.png","width":216,"height":192,"caption":"Dr Bean"},"image":{"@id":"https:\/\/drbean.ca\/fr\/#\/schema\/logo\/image\/"},"sameAs":["https:\/\/www.facebook.com\/DRBEANMTL","https:\/\/www.instagram.com\/drbeanmtl\/"]}]}},"_links":{"self":[{"href":"https:\/\/drbean.ca\/fr\/wp-json\/wp\/v2\/product\/2025","targetHints":{"allow":["GET"]}}],"collection":[{"href":"https:\/\/drbean.ca\/fr\/wp-json\/wp\/v2\/product"}],"about":[{"href":"https:\/\/drbean.ca\/fr\/wp-json\/wp\/v2\/types\/product"}],"wp:featuredmedia":[{"embeddable":true,"href":"https:\/\/drbean.ca\/fr\/wp-json\/wp\/v2\/media\/2026"}],"wp:attachment":[{"href":"https:\/\/drbean.ca\/fr\/wp-json\/wp\/v2\/media?parent=2025"}],"wp:term":[{"taxonomy":"product_cat","embeddable":true,"href":"https:\/\/drbean.ca\/fr\/wp-json\/wp\/v2\/product_cat?post=2025"},{"taxonomy":"product_tag","embeddable":true,"href":"https:\/\/drbean.ca\/fr\/wp-json\/wp\/v2\/product_tag?post=2025"}],"curies":[{"name":"wp","href":"https:\/\/api.w.org\/{rel}","templated":true}]}}