{"id":2041,"date":"2020-09-25T14:41:55","date_gmt":"2020-09-25T18:41:55","guid":{"rendered":"https:\/\/drbean.ca\/?post_type=product&#038;p=2041"},"modified":"2023-03-03T16:02:00","modified_gmt":"2023-03-03T20:02:00","slug":"the-noir-noel-aux-comptoirs","status":"publish","type":"product","link":"https:\/\/drbean.ca\/fr\/catalogue\/thes-et-infusions\/the-noir-noel-aux-comptoirs\/","title":{"rendered":"Th\u00e9 noir No\u00ebl aux Comptoirs"},"content":{"rendered":"<p>Le th\u00e9 noir aromatis\u00e9 No\u00ebl aux Comptoirs\u00a0se compose d&rsquo;un gourmand m\u00e9lange de th\u00e9 noir avec des \u00e9pices, de l\u2019orange douce et de la vanille et agr\u00e9ment\u00e9 de baies roses, de p\u00e9tales de calendula. Comme un biscuit \u00e0 croquer.<br \/>\nSa liqueur cuivr\u00e9e d\u00e9veloppe une dominante de notes gourmandes douces vanill\u00e9es et zest\u00e9es orange sur un fond bois\u00e9.<\/p>\n<p><strong>Moment de la journ\u00e9e<\/strong>\u00a0: Id\u00e9alement la journ\u00e9e, avec ou sans nuage de lait.<\/p>\n<p><strong>Accord th\u00e9 et confiseries<\/strong>\u00a0: Cakes, chocolat au lait avec ou sans pralin\u00e9 (p\u00e2tes \u00e0 tartiner, plaquettes de chocolat), chocolat noir, croquants, sabl\u00e9s, pannetone.<\/p>\n<p>Marque : <strong>THE DES COMPTOIRS,COMPTOIRS RICHARD<\/strong><\/p>\n<p>&nbsp;<\/p>\n","protected":false},"excerpt":{"rendered":"<p>Le th\u00e9 noir aromatis\u00e9 No\u00ebl aux Comptoirs\u00a0se compose d&rsquo;un gourmand m\u00e9lange de th\u00e9 noir avec des \u00e9pices, de l\u2019orange douce et de la vanille et agr\u00e9ment\u00e9 de baies roses, de p\u00e9tales de calendula. Comme un biscuit \u00e0 croquer.<br \/>\nSa liqueur cuivr\u00e9e d\u00e9veloppe une dominante de notes gourmandes douces vanill\u00e9es et zest\u00e9es orange sur un fond bois\u00e9.<\/p>\n<p><strong>Moment de la journ\u00e9e<\/strong>\u00a0: Id\u00e9alement la journ\u00e9e, avec ou sans nuage de lait.<\/p>\n<p><strong>Accord th\u00e9 et confiseries<\/strong>\u00a0: Cakes, chocolat au lait avec ou sans pralin\u00e9 (p\u00e2tes \u00e0 tartiner, plaquettes de chocolat), chocolat noir, croquants, sabl\u00e9s, pannetone.<\/p>\n<p>Marque : <strong>THE DES COMPTOIRS,COMPTOIRS RICHARD<\/strong><\/p>\n","protected":false},"featured_media":2047,"template":"","meta":{"_et_pb_use_builder":"","_et_pb_old_content":"","om_disable_all_campaigns":false,"_monsterinsights_skip_tracking":false,"_monsterinsights_sitenote_active":false,"_monsterinsights_sitenote_note":"","_monsterinsights_sitenote_category":0},"product_cat":[47],"product_tag":[],"class_list":{"0":"post-2041","1":"product","2":"type-product","3":"status-publish","4":"has-post-thumbnail","6":"product_cat-thes-et-infusions","8":"first","9":"instock","10":"featured","11":"purchasable","12":"product-type-variable"},"aioseo_notices":[],"yoast_head":"<!-- This site is optimized with the Yoast SEO plugin v23.7 - https:\/\/yoast.com\/wordpress\/plugins\/seo\/ -->\n<title>Th\u00e9 noir No\u00ebl aux Comptoirs - Dr Bean<\/title>\n<meta name=\"description\" content=\"? L&#039;infusion de Tilleul Bio r\u00e9v\u00e8le une saveur douce et raffin\u00e9e participant \u00e0 de d\u00e9licats moments de s\u00e9r\u00e9nit\u00e9. Bo\u00eete de 40 sachets. ?\" \/>\n<meta name=\"robots\" content=\"index, follow, max-snippet:-1, max-image-preview:large, max-video-preview:-1\" \/>\n<link rel=\"canonical\" href=\"http:\/\/drbean.ca\/fr\/catalogue\/thes-et-infusions\/the-noir-noel-aux-comptoirs\/\" \/>\n<meta property=\"og:locale\" content=\"fr_FR\" \/>\n<meta property=\"og:type\" content=\"article\" \/>\n<meta property=\"og:title\" content=\"Th\u00e9 noir No\u00ebl aux Comptoirs - Dr Bean\" \/>\n<meta property=\"og:description\" content=\"? L&#039;infusion de Tilleul Bio r\u00e9v\u00e8le une saveur douce et raffin\u00e9e participant \u00e0 de d\u00e9licats moments de s\u00e9r\u00e9nit\u00e9. Bo\u00eete de 40 sachets. ?\" \/>\n<meta property=\"og:url\" content=\"http:\/\/drbean.ca\/fr\/catalogue\/thes-et-infusions\/the-noir-noel-aux-comptoirs\/\" \/>\n<meta property=\"og:site_name\" content=\"Dr Bean\" \/>\n<meta property=\"article:publisher\" content=\"https:\/\/www.facebook.com\/DRBEANMTL\" \/>\n<meta property=\"article:modified_time\" content=\"2023-03-03T20:02:00+00:00\" \/>\n<meta property=\"og:image\" content=\"https:\/\/drbean.ca\/wp-content\/uploads\/2020\/09\/noel-aux-comptoirs-the-noir-40-sachets-voiles-1.jpg\" \/>\n\t<meta property=\"og:image:width\" content=\"1200\" \/>\n\t<meta property=\"og:image:height\" content=\"1200\" \/>\n\t<meta property=\"og:image:type\" content=\"image\/jpeg\" \/>\n<meta name=\"twitter:card\" content=\"summary_large_image\" \/>\n<meta name=\"twitter:label1\" content=\"Dur\u00e9e de lecture estim\u00e9e\" \/>\n\t<meta name=\"twitter:data1\" content=\"1 minute\" \/>\n<script type=\"application\/ld+json\" class=\"yoast-schema-graph\">{\"@context\":\"https:\/\/schema.org\",\"@graph\":[{\"@type\":\"WebPage\",\"@id\":\"http:\/\/drbean.ca\/fr\/catalogue\/thes-et-infusions\/the-noir-noel-aux-comptoirs\/\",\"url\":\"http:\/\/drbean.ca\/fr\/catalogue\/thes-et-infusions\/the-noir-noel-aux-comptoirs\/\",\"name\":\"Th\u00e9 noir No\u00ebl aux Comptoirs - Dr Bean\",\"isPartOf\":{\"@id\":\"https:\/\/drbean.ca\/fr\/#website\"},\"primaryImageOfPage\":{\"@id\":\"http:\/\/drbean.ca\/fr\/catalogue\/thes-et-infusions\/the-noir-noel-aux-comptoirs\/#primaryimage\"},\"image\":{\"@id\":\"http:\/\/drbean.ca\/fr\/catalogue\/thes-et-infusions\/the-noir-noel-aux-comptoirs\/#primaryimage\"},\"thumbnailUrl\":\"https:\/\/drbean.ca\/wp-content\/uploads\/2020\/09\/noel-aux-comptoirs-the-noir-40-sachets-voiles-1.jpg\",\"datePublished\":\"2020-09-25T18:41:55+00:00\",\"dateModified\":\"2023-03-03T20:02:00+00:00\",\"description\":\"? L'infusion de Tilleul Bio r\u00e9v\u00e8le une saveur douce et raffin\u00e9e participant \u00e0 de d\u00e9licats moments de s\u00e9r\u00e9nit\u00e9. Bo\u00eete de 40 sachets. ?\",\"breadcrumb\":{\"@id\":\"http:\/\/drbean.ca\/fr\/catalogue\/thes-et-infusions\/the-noir-noel-aux-comptoirs\/#breadcrumb\"},\"inLanguage\":\"fr-FR\",\"potentialAction\":[{\"@type\":\"ReadAction\",\"target\":[\"http:\/\/drbean.ca\/fr\/catalogue\/thes-et-infusions\/the-noir-noel-aux-comptoirs\/\"]}]},{\"@type\":\"ImageObject\",\"inLanguage\":\"fr-FR\",\"@id\":\"http:\/\/drbean.ca\/fr\/catalogue\/thes-et-infusions\/the-noir-noel-aux-comptoirs\/#primaryimage\",\"url\":\"https:\/\/drbean.ca\/wp-content\/uploads\/2020\/09\/noel-aux-comptoirs-the-noir-40-sachets-voiles-1.jpg\",\"contentUrl\":\"https:\/\/drbean.ca\/wp-content\/uploads\/2020\/09\/noel-aux-comptoirs-the-noir-40-sachets-voiles-1.jpg\",\"width\":1200,\"height\":1200},{\"@type\":\"BreadcrumbList\",\"@id\":\"http:\/\/drbean.ca\/fr\/catalogue\/thes-et-infusions\/the-noir-noel-aux-comptoirs\/#breadcrumb\",\"itemListElement\":[{\"@type\":\"ListItem\",\"position\":1,\"name\":\"Accueil\",\"item\":\"http:\/\/drbean.ca\/fr\/\"},{\"@type\":\"ListItem\",\"position\":2,\"name\":\"Boutique\",\"item\":\"http:\/\/drbean.ca\/fr\/boutique\/\"},{\"@type\":\"ListItem\",\"position\":3,\"name\":\"Th\u00e9 noir No\u00ebl aux Comptoirs\"}]},{\"@type\":\"WebSite\",\"@id\":\"https:\/\/drbean.ca\/fr\/#website\",\"url\":\"https:\/\/drbean.ca\/fr\/\",\"name\":\"Dr Bean\",\"description\":\"Votre partenaire depuis plus de 15 ans\",\"publisher\":{\"@id\":\"https:\/\/drbean.ca\/fr\/#organization\"},\"potentialAction\":[{\"@type\":\"SearchAction\",\"target\":{\"@type\":\"EntryPoint\",\"urlTemplate\":\"https:\/\/drbean.ca\/fr\/?s={search_term_string}\"},\"query-input\":{\"@type\":\"PropertyValueSpecification\",\"valueRequired\":true,\"valueName\":\"search_term_string\"}}],\"inLanguage\":\"fr-FR\"},{\"@type\":\"Organization\",\"@id\":\"https:\/\/drbean.ca\/fr\/#organization\",\"name\":\"Dr Bean\",\"url\":\"https:\/\/drbean.ca\/fr\/\",\"logo\":{\"@type\":\"ImageObject\",\"inLanguage\":\"fr-FR\",\"@id\":\"https:\/\/drbean.ca\/fr\/#\/schema\/logo\/image\/\",\"url\":\"https:\/\/drbean.ca\/wp-content\/uploads\/2016\/09\/footer_logo.png\",\"contentUrl\":\"https:\/\/drbean.ca\/wp-content\/uploads\/2016\/09\/footer_logo.png\",\"width\":216,\"height\":192,\"caption\":\"Dr Bean\"},\"image\":{\"@id\":\"https:\/\/drbean.ca\/fr\/#\/schema\/logo\/image\/\"},\"sameAs\":[\"https:\/\/www.facebook.com\/DRBEANMTL\",\"https:\/\/www.instagram.com\/drbeanmtl\/\"]}]}<\/script>\n<!-- \/ Yoast SEO plugin. -->","yoast_head_json":{"title":"Th\u00e9 noir No\u00ebl aux Comptoirs - Dr Bean","description":"? L'infusion de Tilleul Bio r\u00e9v\u00e8le une saveur douce et raffin\u00e9e participant \u00e0 de d\u00e9licats moments de s\u00e9r\u00e9nit\u00e9. Bo\u00eete de 40 sachets. ?","robots":{"index":"index","follow":"follow","max-snippet":"max-snippet:-1","max-image-preview":"max-image-preview:large","max-video-preview":"max-video-preview:-1"},"canonical":"http:\/\/drbean.ca\/fr\/catalogue\/thes-et-infusions\/the-noir-noel-aux-comptoirs\/","og_locale":"fr_FR","og_type":"article","og_title":"Th\u00e9 noir No\u00ebl aux Comptoirs - Dr Bean","og_description":"? L'infusion de Tilleul Bio r\u00e9v\u00e8le une saveur douce et raffin\u00e9e participant \u00e0 de d\u00e9licats moments de s\u00e9r\u00e9nit\u00e9. Bo\u00eete de 40 sachets. ?","og_url":"http:\/\/drbean.ca\/fr\/catalogue\/thes-et-infusions\/the-noir-noel-aux-comptoirs\/","og_site_name":"Dr Bean","article_publisher":"https:\/\/www.facebook.com\/DRBEANMTL","article_modified_time":"2023-03-03T20:02:00+00:00","og_image":[{"width":1200,"height":1200,"url":"https:\/\/drbean.ca\/wp-content\/uploads\/2020\/09\/noel-aux-comptoirs-the-noir-40-sachets-voiles-1.jpg","type":"image\/jpeg"}],"twitter_card":"summary_large_image","twitter_misc":{"Dur\u00e9e de lecture estim\u00e9e":"1 minute"},"schema":{"@context":"https:\/\/schema.org","@graph":[{"@type":"WebPage","@id":"http:\/\/drbean.ca\/fr\/catalogue\/thes-et-infusions\/the-noir-noel-aux-comptoirs\/","url":"http:\/\/drbean.ca\/fr\/catalogue\/thes-et-infusions\/the-noir-noel-aux-comptoirs\/","name":"Th\u00e9 noir No\u00ebl aux Comptoirs - Dr Bean","isPartOf":{"@id":"https:\/\/drbean.ca\/fr\/#website"},"primaryImageOfPage":{"@id":"http:\/\/drbean.ca\/fr\/catalogue\/thes-et-infusions\/the-noir-noel-aux-comptoirs\/#primaryimage"},"image":{"@id":"http:\/\/drbean.ca\/fr\/catalogue\/thes-et-infusions\/the-noir-noel-aux-comptoirs\/#primaryimage"},"thumbnailUrl":"https:\/\/drbean.ca\/wp-content\/uploads\/2020\/09\/noel-aux-comptoirs-the-noir-40-sachets-voiles-1.jpg","datePublished":"2020-09-25T18:41:55+00:00","dateModified":"2023-03-03T20:02:00+00:00","description":"? L'infusion de Tilleul Bio r\u00e9v\u00e8le une saveur douce et raffin\u00e9e participant \u00e0 de d\u00e9licats moments de s\u00e9r\u00e9nit\u00e9. Bo\u00eete de 40 sachets. ?","breadcrumb":{"@id":"http:\/\/drbean.ca\/fr\/catalogue\/thes-et-infusions\/the-noir-noel-aux-comptoirs\/#breadcrumb"},"inLanguage":"fr-FR","potentialAction":[{"@type":"ReadAction","target":["http:\/\/drbean.ca\/fr\/catalogue\/thes-et-infusions\/the-noir-noel-aux-comptoirs\/"]}]},{"@type":"ImageObject","inLanguage":"fr-FR","@id":"http:\/\/drbean.ca\/fr\/catalogue\/thes-et-infusions\/the-noir-noel-aux-comptoirs\/#primaryimage","url":"https:\/\/drbean.ca\/wp-content\/uploads\/2020\/09\/noel-aux-comptoirs-the-noir-40-sachets-voiles-1.jpg","contentUrl":"https:\/\/drbean.ca\/wp-content\/uploads\/2020\/09\/noel-aux-comptoirs-the-noir-40-sachets-voiles-1.jpg","width":1200,"height":1200},{"@type":"BreadcrumbList","@id":"http:\/\/drbean.ca\/fr\/catalogue\/thes-et-infusions\/the-noir-noel-aux-comptoirs\/#breadcrumb","itemListElement":[{"@type":"ListItem","position":1,"name":"Accueil","item":"http:\/\/drbean.ca\/fr\/"},{"@type":"ListItem","position":2,"name":"Boutique","item":"http:\/\/drbean.ca\/fr\/boutique\/"},{"@type":"ListItem","position":3,"name":"Th\u00e9 noir No\u00ebl aux Comptoirs"}]},{"@type":"WebSite","@id":"https:\/\/drbean.ca\/fr\/#website","url":"https:\/\/drbean.ca\/fr\/","name":"Dr Bean","description":"Votre partenaire depuis plus de 15 ans","publisher":{"@id":"https:\/\/drbean.ca\/fr\/#organization"},"potentialAction":[{"@type":"SearchAction","target":{"@type":"EntryPoint","urlTemplate":"https:\/\/drbean.ca\/fr\/?s={search_term_string}"},"query-input":{"@type":"PropertyValueSpecification","valueRequired":true,"valueName":"search_term_string"}}],"inLanguage":"fr-FR"},{"@type":"Organization","@id":"https:\/\/drbean.ca\/fr\/#organization","name":"Dr Bean","url":"https:\/\/drbean.ca\/fr\/","logo":{"@type":"ImageObject","inLanguage":"fr-FR","@id":"https:\/\/drbean.ca\/fr\/#\/schema\/logo\/image\/","url":"https:\/\/drbean.ca\/wp-content\/uploads\/2016\/09\/footer_logo.png","contentUrl":"https:\/\/drbean.ca\/wp-content\/uploads\/2016\/09\/footer_logo.png","width":216,"height":192,"caption":"Dr Bean"},"image":{"@id":"https:\/\/drbean.ca\/fr\/#\/schema\/logo\/image\/"},"sameAs":["https:\/\/www.facebook.com\/DRBEANMTL","https:\/\/www.instagram.com\/drbeanmtl\/"]}]}},"_links":{"self":[{"href":"https:\/\/drbean.ca\/fr\/wp-json\/wp\/v2\/product\/2041","targetHints":{"allow":["GET"]}}],"collection":[{"href":"https:\/\/drbean.ca\/fr\/wp-json\/wp\/v2\/product"}],"about":[{"href":"https:\/\/drbean.ca\/fr\/wp-json\/wp\/v2\/types\/product"}],"wp:featuredmedia":[{"embeddable":true,"href":"https:\/\/drbean.ca\/fr\/wp-json\/wp\/v2\/media\/2047"}],"wp:attachment":[{"href":"https:\/\/drbean.ca\/fr\/wp-json\/wp\/v2\/media?parent=2041"}],"wp:term":[{"taxonomy":"product_cat","embeddable":true,"href":"https:\/\/drbean.ca\/fr\/wp-json\/wp\/v2\/product_cat?post=2041"},{"taxonomy":"product_tag","embeddable":true,"href":"https:\/\/drbean.ca\/fr\/wp-json\/wp\/v2\/product_tag?post=2041"}],"curies":[{"name":"wp","href":"https:\/\/api.w.org\/{rel}","templated":true}]}}