{"id":2288,"date":"2020-11-02T13:12:27","date_gmt":"2020-11-02T17:12:27","guid":{"rendered":"https:\/\/drbean.ca\/?post_type=product&#038;p=2288"},"modified":"2025-03-26T08:37:02","modified_gmt":"2025-03-26T12:37:02","slug":"moulin-a-cafe-pince-sac-santos-04","status":"publish","type":"product","link":"https:\/\/drbean.ca\/fr\/catalogue\/moulins-a-cafe\/moulin-a-cafe-pince-sac-santos-04\/","title":{"rendered":"Moulin \u00c0 Caf\u00e9 &#8211; Pince sac Santos 04"},"content":{"rendered":"<h3>ET CARACTERISTIQUES TECHNIQUES<\/h3>\n<div class=\"block_slide\">\n<div>\n<div>\n<p><b>Moteur<\/b><\/p>\n<p>Monophas\u00e9<\/p>\n<p>220 &#8211; 240 V &#8211; 50\/60 Hz &#8211; 600 W<\/p>\n<p>100 &#8211; 120 V \u00a0&#8211; 50\/60 Hz &#8211; 650 W<\/p>\n<p><b>Vitesse:<\/b>\u00a01500 tr\/min (50 Hz)\/ 1800 tr\/min (60 Hz)<\/p>\n<p><b>Poids<\/b><\/p>\n<p>Net: 17,7 kg (40 lbs)<\/p>\n<p>Emball\u00e9: 19,7 kg \u00a0(43 lbs)<\/p>\n<\/div>\n<div>\n<p><b>Dimensions<\/b><\/p>\n<p>Net<\/p>\n<p>P: 320 mm (13&Prime;)<\/p>\n<p>L: 220 mm (9&Prime;)<\/p>\n<p>H: 700 mm (28&Prime;)<\/p>\n<p>Emball\u00e9<\/p>\n<p>P: 450 mm (18&Prime;)<\/p>\n<p>L: 300 mm (12&Prime;)<\/p>\n<p>H: 600 mm (24&Prime;)<\/p>\n<\/div>\n<\/div>\n<div>\n<div class=\"standard-compliance\"><img decoding=\"async\" src=\"https:\/\/www.santos.fr\/media\/ftp\/normes\/CE.png\" alt=\"CE\" \/><\/div>\n<div class=\"standard-compliance\"><img decoding=\"async\" src=\"https:\/\/www.santos.fr\/media\/ftp\/normes\/RoHs.jpg\" alt=\"RoHs\" \/><\/div>\n<\/div>\n<div>\n<p><b>Normes<\/b><\/p>\n<p>&#8211; Versions 4 (220-240V &#8211; 50\/60Hz) : CE, RoHS.<br \/>\n&#8211; Versions 4V1 (100-120V &#8211; 50\/60Hz) : CE, RoHS.<\/p>\n<\/div>\n<\/div>\n","protected":false},"excerpt":{"rendered":"<p><b>Moulin \u00e0 caf\u00e9 traditionnel, puissant et robuste, avec pince-sac. Id\u00e9al pour les boutiques de torr\u00e9faction, supermarch\u00e9s, caf\u00e9s&#8230;<\/b><\/p>\n<p>Facile \u00e0 utiliser et performant, le moulin \u00e0 caf\u00e9 N\u00b004 vous donne la garantie d&rsquo;une mouture de qualit\u00e9.<\/p>\n<p>Pince sac: hauteur 280 mm (11&Prime;).<\/p>\n<p><b>R\u00e9glage de mouture ajustable:<\/b>\u00a0d&rsquo;extra fin \u00e0 gros.<\/p>\n<p>Meules en\u00a0<b>axe<\/b>\u00a0<b>horizontal<\/b>, avec une vis d&rsquo;amen\u00e9e.<\/p>\n<p>Distribution simple et directe du caf\u00e9<b><\/b>: caf\u00e9 moulu frais.<\/p>\n<p><b>R\u00e9glage de pr\u00e9cision:<\/b>\u00a0meules de \u00d8 63,5 mm con\u00e7ues et fabriqu\u00e9es par Santos pour une mouture de qualit\u00e9, pr\u00e9cise et fine.<\/p>\n<p><b>Puissant:<\/b>\u00a0moteur professionnel robuste.<\/p>\n<p><b>Tr\u00e9mie:\u00a0<\/b>1 Kg.\u00a0<b><\/b><\/p>\n<p><b>D\u00e9bit moyen: 14 Kg \/ heure<\/b><\/p>\n","protected":false},"featured_media":2289,"template":"","meta":{"_et_pb_use_builder":"","_et_pb_old_content":"","om_disable_all_campaigns":false,"_monsterinsights_skip_tracking":false,"_monsterinsights_sitenote_active":false,"_monsterinsights_sitenote_note":"","_monsterinsights_sitenote_category":0},"product_cat":[45],"product_tag":[],"class_list":{"0":"post-2288","1":"product","2":"type-product","3":"status-publish","4":"has-post-thumbnail","6":"product_cat-moulins-a-cafe","8":"first","9":"instock","10":"taxable","11":"shipping-taxable","12":"purchasable","13":"product-type-simple"},"aioseo_notices":[],"yoast_head":"<!-- This site is optimized with the Yoast SEO plugin v23.7 - https:\/\/yoast.com\/wordpress\/plugins\/seo\/ -->\n<title>Moulin \u00c0 Caf\u00e9 - Pince sac Santos 04 - Dr Bean<\/title>\n<meta name=\"description\" content=\"\u2615 Moulin \u00e0 caf\u00e9 &quot;Coffee Shop&quot;, rapide, pr\u00e9cis et fiable, il vous offre la garantie d&#039;une mouture de grande qualit\u00e9. Il est adapt\u00e9 \u00e0 un usage intensif. \u2705\" \/>\n<meta name=\"robots\" content=\"index, follow, max-snippet:-1, max-image-preview:large, max-video-preview:-1\" \/>\n<link rel=\"canonical\" href=\"https:\/\/drbean.ca\/fr\/catalogue\/moulins-a-cafe\/moulin-a-cafe-pince-sac-santos-04\/\" \/>\n<meta property=\"og:locale\" content=\"fr_FR\" \/>\n<meta property=\"og:type\" content=\"article\" \/>\n<meta property=\"og:title\" content=\"Moulin \u00c0 Caf\u00e9 - Pince sac Santos 04 - Dr Bean\" \/>\n<meta property=\"og:description\" content=\"\u2615 Moulin \u00e0 caf\u00e9 &quot;Coffee Shop&quot;, rapide, pr\u00e9cis et fiable, il vous offre la garantie d&#039;une mouture de grande qualit\u00e9. Il est adapt\u00e9 \u00e0 un usage intensif. \u2705\" \/>\n<meta property=\"og:url\" content=\"https:\/\/drbean.ca\/fr\/catalogue\/moulins-a-cafe\/moulin-a-cafe-pince-sac-santos-04\/\" \/>\n<meta property=\"og:site_name\" content=\"Dr Bean\" \/>\n<meta property=\"article:publisher\" content=\"https:\/\/www.facebook.com\/DRBEANMTL\" \/>\n<meta property=\"article:modified_time\" content=\"2025-03-26T12:37:02+00:00\" \/>\n<meta property=\"og:image\" content=\"https:\/\/drbean.ca\/wp-content\/uploads\/2020\/11\/SANTOS_04N_Grinder_D_hd.jpg\" \/>\n\t<meta property=\"og:image:width\" content=\"600\" \/>\n\t<meta property=\"og:image:height\" content=\"800\" \/>\n\t<meta property=\"og:image:type\" content=\"image\/jpeg\" \/>\n<meta name=\"twitter:card\" content=\"summary_large_image\" \/>\n<script type=\"application\/ld+json\" class=\"yoast-schema-graph\">{\"@context\":\"https:\/\/schema.org\",\"@graph\":[{\"@type\":\"WebPage\",\"@id\":\"https:\/\/drbean.ca\/catalogue\/moulins-a-cafe\/moulin-a-cafe-pince-sac-santos-04\/\",\"url\":\"https:\/\/drbean.ca\/catalogue\/moulins-a-cafe\/moulin-a-cafe-pince-sac-santos-04\/\",\"name\":\"Moulin \u00c0 Caf\u00e9 - Pince sac Santos 04 - Dr Bean\",\"isPartOf\":{\"@id\":\"https:\/\/drbean.ca\/fr\/#website\"},\"primaryImageOfPage\":{\"@id\":\"https:\/\/drbean.ca\/catalogue\/moulins-a-cafe\/moulin-a-cafe-pince-sac-santos-04\/#primaryimage\"},\"image\":{\"@id\":\"https:\/\/drbean.ca\/catalogue\/moulins-a-cafe\/moulin-a-cafe-pince-sac-santos-04\/#primaryimage\"},\"thumbnailUrl\":\"https:\/\/drbean.ca\/wp-content\/uploads\/2020\/11\/SANTOS_04N_Grinder_D_hd.jpg\",\"datePublished\":\"2020-11-02T17:12:27+00:00\",\"dateModified\":\"2025-03-26T12:37:02+00:00\",\"description\":\"\u2615 Moulin \u00e0 caf\u00e9 \\\"Coffee Shop\\\", rapide, pr\u00e9cis et fiable, il vous offre la garantie d'une mouture de grande qualit\u00e9. Il est adapt\u00e9 \u00e0 un usage intensif. \u2705\",\"breadcrumb\":{\"@id\":\"https:\/\/drbean.ca\/catalogue\/moulins-a-cafe\/moulin-a-cafe-pince-sac-santos-04\/#breadcrumb\"},\"inLanguage\":\"fr-FR\",\"potentialAction\":[{\"@type\":\"ReadAction\",\"target\":[\"https:\/\/drbean.ca\/catalogue\/moulins-a-cafe\/moulin-a-cafe-pince-sac-santos-04\/\"]}]},{\"@type\":\"ImageObject\",\"inLanguage\":\"fr-FR\",\"@id\":\"https:\/\/drbean.ca\/catalogue\/moulins-a-cafe\/moulin-a-cafe-pince-sac-santos-04\/#primaryimage\",\"url\":\"https:\/\/drbean.ca\/wp-content\/uploads\/2020\/11\/SANTOS_04N_Grinder_D_hd.jpg\",\"contentUrl\":\"https:\/\/drbean.ca\/wp-content\/uploads\/2020\/11\/SANTOS_04N_Grinder_D_hd.jpg\",\"width\":600,\"height\":800},{\"@type\":\"BreadcrumbList\",\"@id\":\"https:\/\/drbean.ca\/catalogue\/moulins-a-cafe\/moulin-a-cafe-pince-sac-santos-04\/#breadcrumb\",\"itemListElement\":[{\"@type\":\"ListItem\",\"position\":1,\"name\":\"Accueil\",\"item\":\"http:\/\/drbean.ca\/fr\/\"},{\"@type\":\"ListItem\",\"position\":2,\"name\":\"Boutique\",\"item\":\"http:\/\/drbean.ca\/fr\/boutique\/\"},{\"@type\":\"ListItem\",\"position\":3,\"name\":\"Moulin \u00c0 Caf\u00e9 &#8211; Pince sac Santos 04\"}]},{\"@type\":\"WebSite\",\"@id\":\"https:\/\/drbean.ca\/fr\/#website\",\"url\":\"https:\/\/drbean.ca\/fr\/\",\"name\":\"Dr Bean\",\"description\":\"Votre partenaire depuis plus de 15 ans\",\"publisher\":{\"@id\":\"https:\/\/drbean.ca\/fr\/#organization\"},\"potentialAction\":[{\"@type\":\"SearchAction\",\"target\":{\"@type\":\"EntryPoint\",\"urlTemplate\":\"https:\/\/drbean.ca\/fr\/?s={search_term_string}\"},\"query-input\":{\"@type\":\"PropertyValueSpecification\",\"valueRequired\":true,\"valueName\":\"search_term_string\"}}],\"inLanguage\":\"fr-FR\"},{\"@type\":\"Organization\",\"@id\":\"https:\/\/drbean.ca\/fr\/#organization\",\"name\":\"Dr Bean\",\"url\":\"https:\/\/drbean.ca\/fr\/\",\"logo\":{\"@type\":\"ImageObject\",\"inLanguage\":\"fr-FR\",\"@id\":\"https:\/\/drbean.ca\/fr\/#\/schema\/logo\/image\/\",\"url\":\"https:\/\/drbean.ca\/wp-content\/uploads\/2016\/09\/footer_logo.png\",\"contentUrl\":\"https:\/\/drbean.ca\/wp-content\/uploads\/2016\/09\/footer_logo.png\",\"width\":216,\"height\":192,\"caption\":\"Dr Bean\"},\"image\":{\"@id\":\"https:\/\/drbean.ca\/fr\/#\/schema\/logo\/image\/\"},\"sameAs\":[\"https:\/\/www.facebook.com\/DRBEANMTL\",\"https:\/\/www.instagram.com\/drbeanmtl\/\"]}]}<\/script>\n<!-- \/ Yoast SEO plugin. -->","yoast_head_json":{"title":"Moulin \u00c0 Caf\u00e9 - Pince sac Santos 04 - Dr Bean","description":"\u2615 Moulin \u00e0 caf\u00e9 \"Coffee Shop\", rapide, pr\u00e9cis et fiable, il vous offre la garantie d'une mouture de grande qualit\u00e9. Il est adapt\u00e9 \u00e0 un usage intensif. \u2705","robots":{"index":"index","follow":"follow","max-snippet":"max-snippet:-1","max-image-preview":"max-image-preview:large","max-video-preview":"max-video-preview:-1"},"canonical":"https:\/\/drbean.ca\/fr\/catalogue\/moulins-a-cafe\/moulin-a-cafe-pince-sac-santos-04\/","og_locale":"fr_FR","og_type":"article","og_title":"Moulin \u00c0 Caf\u00e9 - Pince sac Santos 04 - Dr Bean","og_description":"\u2615 Moulin \u00e0 caf\u00e9 \"Coffee Shop\", rapide, pr\u00e9cis et fiable, il vous offre la garantie d'une mouture de grande qualit\u00e9. Il est adapt\u00e9 \u00e0 un usage intensif. \u2705","og_url":"https:\/\/drbean.ca\/fr\/catalogue\/moulins-a-cafe\/moulin-a-cafe-pince-sac-santos-04\/","og_site_name":"Dr Bean","article_publisher":"https:\/\/www.facebook.com\/DRBEANMTL","article_modified_time":"2025-03-26T12:37:02+00:00","og_image":[{"width":600,"height":800,"url":"https:\/\/drbean.ca\/wp-content\/uploads\/2020\/11\/SANTOS_04N_Grinder_D_hd.jpg","type":"image\/jpeg"}],"twitter_card":"summary_large_image","schema":{"@context":"https:\/\/schema.org","@graph":[{"@type":"WebPage","@id":"https:\/\/drbean.ca\/catalogue\/moulins-a-cafe\/moulin-a-cafe-pince-sac-santos-04\/","url":"https:\/\/drbean.ca\/catalogue\/moulins-a-cafe\/moulin-a-cafe-pince-sac-santos-04\/","name":"Moulin \u00c0 Caf\u00e9 - Pince sac Santos 04 - Dr Bean","isPartOf":{"@id":"https:\/\/drbean.ca\/fr\/#website"},"primaryImageOfPage":{"@id":"https:\/\/drbean.ca\/catalogue\/moulins-a-cafe\/moulin-a-cafe-pince-sac-santos-04\/#primaryimage"},"image":{"@id":"https:\/\/drbean.ca\/catalogue\/moulins-a-cafe\/moulin-a-cafe-pince-sac-santos-04\/#primaryimage"},"thumbnailUrl":"https:\/\/drbean.ca\/wp-content\/uploads\/2020\/11\/SANTOS_04N_Grinder_D_hd.jpg","datePublished":"2020-11-02T17:12:27+00:00","dateModified":"2025-03-26T12:37:02+00:00","description":"\u2615 Moulin \u00e0 caf\u00e9 \"Coffee Shop\", rapide, pr\u00e9cis et fiable, il vous offre la garantie d'une mouture de grande qualit\u00e9. Il est adapt\u00e9 \u00e0 un usage intensif. \u2705","breadcrumb":{"@id":"https:\/\/drbean.ca\/catalogue\/moulins-a-cafe\/moulin-a-cafe-pince-sac-santos-04\/#breadcrumb"},"inLanguage":"fr-FR","potentialAction":[{"@type":"ReadAction","target":["https:\/\/drbean.ca\/catalogue\/moulins-a-cafe\/moulin-a-cafe-pince-sac-santos-04\/"]}]},{"@type":"ImageObject","inLanguage":"fr-FR","@id":"https:\/\/drbean.ca\/catalogue\/moulins-a-cafe\/moulin-a-cafe-pince-sac-santos-04\/#primaryimage","url":"https:\/\/drbean.ca\/wp-content\/uploads\/2020\/11\/SANTOS_04N_Grinder_D_hd.jpg","contentUrl":"https:\/\/drbean.ca\/wp-content\/uploads\/2020\/11\/SANTOS_04N_Grinder_D_hd.jpg","width":600,"height":800},{"@type":"BreadcrumbList","@id":"https:\/\/drbean.ca\/catalogue\/moulins-a-cafe\/moulin-a-cafe-pince-sac-santos-04\/#breadcrumb","itemListElement":[{"@type":"ListItem","position":1,"name":"Accueil","item":"http:\/\/drbean.ca\/fr\/"},{"@type":"ListItem","position":2,"name":"Boutique","item":"http:\/\/drbean.ca\/fr\/boutique\/"},{"@type":"ListItem","position":3,"name":"Moulin \u00c0 Caf\u00e9 &#8211; Pince sac Santos 04"}]},{"@type":"WebSite","@id":"https:\/\/drbean.ca\/fr\/#website","url":"https:\/\/drbean.ca\/fr\/","name":"Dr Bean","description":"Votre partenaire depuis plus de 15 ans","publisher":{"@id":"https:\/\/drbean.ca\/fr\/#organization"},"potentialAction":[{"@type":"SearchAction","target":{"@type":"EntryPoint","urlTemplate":"https:\/\/drbean.ca\/fr\/?s={search_term_string}"},"query-input":{"@type":"PropertyValueSpecification","valueRequired":true,"valueName":"search_term_string"}}],"inLanguage":"fr-FR"},{"@type":"Organization","@id":"https:\/\/drbean.ca\/fr\/#organization","name":"Dr Bean","url":"https:\/\/drbean.ca\/fr\/","logo":{"@type":"ImageObject","inLanguage":"fr-FR","@id":"https:\/\/drbean.ca\/fr\/#\/schema\/logo\/image\/","url":"https:\/\/drbean.ca\/wp-content\/uploads\/2016\/09\/footer_logo.png","contentUrl":"https:\/\/drbean.ca\/wp-content\/uploads\/2016\/09\/footer_logo.png","width":216,"height":192,"caption":"Dr Bean"},"image":{"@id":"https:\/\/drbean.ca\/fr\/#\/schema\/logo\/image\/"},"sameAs":["https:\/\/www.facebook.com\/DRBEANMTL","https:\/\/www.instagram.com\/drbeanmtl\/"]}]}},"_links":{"self":[{"href":"https:\/\/drbean.ca\/fr\/wp-json\/wp\/v2\/product\/2288","targetHints":{"allow":["GET"]}}],"collection":[{"href":"https:\/\/drbean.ca\/fr\/wp-json\/wp\/v2\/product"}],"about":[{"href":"https:\/\/drbean.ca\/fr\/wp-json\/wp\/v2\/types\/product"}],"wp:featuredmedia":[{"embeddable":true,"href":"https:\/\/drbean.ca\/fr\/wp-json\/wp\/v2\/media\/2289"}],"wp:attachment":[{"href":"https:\/\/drbean.ca\/fr\/wp-json\/wp\/v2\/media?parent=2288"}],"wp:term":[{"taxonomy":"product_cat","embeddable":true,"href":"https:\/\/drbean.ca\/fr\/wp-json\/wp\/v2\/product_cat?post=2288"},{"taxonomy":"product_tag","embeddable":true,"href":"https:\/\/drbean.ca\/fr\/wp-json\/wp\/v2\/product_tag?post=2288"}],"curies":[{"name":"wp","href":"https:\/\/api.w.org\/{rel}","templated":true}]}}