{"id":2300,"date":"2020-11-06T12:50:24","date_gmt":"2020-11-06T16:50:24","guid":{"rendered":"https:\/\/drbean.ca\/?post_type=product&#038;p=2300"},"modified":"2025-03-26T08:38:22","modified_gmt":"2025-03-26T12:38:22","slug":"mixer-de-bar-santos-33","status":"publish","type":"product","link":"https:\/\/drbean.ca\/fr\/catalogue\/blender\/mixer-de-bar-santos-33\/","title":{"rendered":"Mixer de bar Santos 33"},"content":{"rendered":"<div>\n<div>\n<p><strong>Moteur<\/strong><\/p>\n<p>Monophas\u00e9<\/p>\n<p>220 &#8211; 240 V &#8211; 50\/60 Hz &#8211; 600 W<\/p>\n<p>100 &#8211; 120 V &#8211; 50\/60 Hz &#8211; 600 W<\/p>\n<p>&nbsp;<\/p>\n<p><strong>2 vitesses<\/strong><\/p>\n<p>13000 tr\/min et 16000 tr\/min<\/p>\n<p>&nbsp;<\/p>\n<p><strong>Poids<\/strong><\/p>\n<p>Net: 3\u00a0kg (6,6\u00a0lbs)<\/p>\n<p>Emball\u00e9: 3,6\u00a0kg (7,9\u00a0lbs)<\/p>\n<p>&nbsp;<\/p>\n<\/div>\n<div>\n<p><strong>Dimensions<\/strong><\/p>\n<p>&nbsp;<\/p>\n<p>Net:<\/p>\n<p>P: 180 mm (7&Prime;)<\/p>\n<p>L: 180 mm (7&Prime;)<\/p>\n<p>H: 420 mm (17&Prime;)<\/p>\n<p>&nbsp;<\/p>\n<p>Emball\u00e9:<\/p>\n<p>P: 230 mm (9&Prime;)<\/p>\n<p>L: 210 mm (9&Prime;)<\/p>\n<p>H: 475\u00a0mm (19&Prime;)<\/p>\n<p>&nbsp;<\/p>\n<\/div>\n<\/div>\n<div>\n<div class=\"standard-compliance\"><img decoding=\"async\" src=\"https:\/\/www.santos.fr\/media\/ftp\/normes\/CE.png\" alt=\"CE\" \/><\/div>\n<div class=\"standard-compliance\"><img decoding=\"async\" src=\"https:\/\/www.santos.fr\/media\/ftp\/normes\/RoHs.jpg\" alt=\"RoHs\" \/><\/div>\n<\/div>\n<div>\n<p><b>Normes<\/b><\/p>\n<p>&#8211; Versions 33 &amp; 33C (220-240V &#8211; 50\/60Hz) : CE, RoHS.<br \/>\n&#8211; Versions 33V1 &amp; 33CV1\u00a0 (100-120V &#8211; 50\/60Hz) : CE, RoHS.<\/p>\n<\/div>\n","protected":false},"excerpt":{"rendered":"<p><b>Petit mixer de bar performant permettant de r\u00e9aliser toutes sortes de pr\u00e9parations \u00e0 base de glace pill\u00e9e: cocktails, smoothies, boissons glac\u00e9es, milkshakes&#8230;<\/b><\/p>\n<p>2 vitesses pour une ma\u00eetrise facile de votre pr\u00e9paration:\u00a013000 tr\/min et 16000 tr\/min.<\/p>\n<p>Couteaux r\u00e9sistants en acier inoxydable.<br \/>\nPi\u00e8ces amovibles pour un nettoyage facile : bol, couvercle, \u00e9crou, joint, moyeu porte-couteaux.<br \/>\nCouvercle avec bouchon pour ajouter des ingr\u00e9dients en cours d\u2019utilisation.<\/p>\n<p><b><u>Mixer de Bar N\u00b033 Evolution<\/u><\/b><\/p>\n<p>Cette version est \u00e9quip\u00e9e d&rsquo;une d\u00e9tection de bol: le moteur s&rsquo;arr\u00eate lorsqu&rsquo;on retire le bol de la base. Cette d\u00e9tection de bol permet de pr\u00e9server les accouplements.<\/p>\n","protected":false},"featured_media":2301,"template":"","meta":{"_et_pb_use_builder":"","_et_pb_old_content":"","om_disable_all_campaigns":false,"_monsterinsights_skip_tracking":false,"_monsterinsights_sitenote_active":false,"_monsterinsights_sitenote_note":"","_monsterinsights_sitenote_category":0},"product_cat":[54],"product_tag":[],"class_list":{"0":"post-2300","1":"product","2":"type-product","3":"status-publish","4":"has-post-thumbnail","6":"product_cat-blender","8":"first","9":"instock","10":"taxable","11":"shipping-taxable","12":"product-type-simple"},"aioseo_notices":[],"yoast_head":"<!-- This site is optimized with the Yoast SEO plugin v23.7 - https:\/\/yoast.com\/wordpress\/plugins\/seo\/ -->\n<title>Mixer de bar Santos 33 - Dr Bean<\/title>\n<meta name=\"description\" content=\"? Le Blender Brushless est l&#039;appareil id\u00e9al pour les bars \u00e0 jus, coffee shops, cha\u00eenes de restauration rapide, h\u00f4tels... Il est \u00e9galement tr\u00e8s silencieux.\" \/>\n<meta name=\"robots\" content=\"index, follow, max-snippet:-1, max-image-preview:large, max-video-preview:-1\" \/>\n<link rel=\"canonical\" href=\"https:\/\/drbean.ca\/fr\/catalogue\/blender\/mixer-de-bar-santos-33\/\" \/>\n<meta property=\"og:locale\" content=\"fr_FR\" \/>\n<meta property=\"og:type\" content=\"article\" \/>\n<meta property=\"og:title\" content=\"Mixer de bar Santos 33 - Dr Bean\" \/>\n<meta property=\"og:description\" content=\"? Le Blender Brushless est l&#039;appareil id\u00e9al pour les bars \u00e0 jus, coffee shops, cha\u00eenes de restauration rapide, h\u00f4tels... Il est \u00e9galement tr\u00e8s silencieux.\" \/>\n<meta property=\"og:url\" content=\"https:\/\/drbean.ca\/fr\/catalogue\/blender\/mixer-de-bar-santos-33\/\" \/>\n<meta property=\"og:site_name\" content=\"Dr Bean\" \/>\n<meta property=\"article:publisher\" content=\"https:\/\/www.facebook.com\/DRBEANMTL\" \/>\n<meta property=\"article:modified_time\" content=\"2025-03-26T12:38:22+00:00\" \/>\n<meta property=\"og:image\" content=\"https:\/\/drbean.ca\/wp-content\/uploads\/2020\/11\/SANTOS_33_Mixer_D_hd.jpg\" \/>\n\t<meta property=\"og:image:width\" content=\"400\" \/>\n\t<meta property=\"og:image:height\" content=\"533\" \/>\n\t<meta property=\"og:image:type\" content=\"image\/jpeg\" \/>\n<meta name=\"twitter:card\" content=\"summary_large_image\" \/>\n<script type=\"application\/ld+json\" class=\"yoast-schema-graph\">{\"@context\":\"https:\/\/schema.org\",\"@graph\":[{\"@type\":\"WebPage\",\"@id\":\"https:\/\/drbean.ca\/catalogue\/blender\/mixer-de-bar-santos-33\/\",\"url\":\"https:\/\/drbean.ca\/catalogue\/blender\/mixer-de-bar-santos-33\/\",\"name\":\"Mixer de bar Santos 33 - Dr Bean\",\"isPartOf\":{\"@id\":\"https:\/\/drbean.ca\/fr\/#website\"},\"primaryImageOfPage\":{\"@id\":\"https:\/\/drbean.ca\/catalogue\/blender\/mixer-de-bar-santos-33\/#primaryimage\"},\"image\":{\"@id\":\"https:\/\/drbean.ca\/catalogue\/blender\/mixer-de-bar-santos-33\/#primaryimage\"},\"thumbnailUrl\":\"https:\/\/drbean.ca\/wp-content\/uploads\/2020\/11\/SANTOS_33_Mixer_D_hd.jpg\",\"datePublished\":\"2020-11-06T16:50:24+00:00\",\"dateModified\":\"2025-03-26T12:38:22+00:00\",\"description\":\"? Le Blender Brushless est l'appareil id\u00e9al pour les bars \u00e0 jus, coffee shops, cha\u00eenes de restauration rapide, h\u00f4tels... Il est \u00e9galement tr\u00e8s silencieux.\",\"breadcrumb\":{\"@id\":\"https:\/\/drbean.ca\/catalogue\/blender\/mixer-de-bar-santos-33\/#breadcrumb\"},\"inLanguage\":\"fr-FR\",\"potentialAction\":[{\"@type\":\"ReadAction\",\"target\":[\"https:\/\/drbean.ca\/catalogue\/blender\/mixer-de-bar-santos-33\/\"]}]},{\"@type\":\"ImageObject\",\"inLanguage\":\"fr-FR\",\"@id\":\"https:\/\/drbean.ca\/catalogue\/blender\/mixer-de-bar-santos-33\/#primaryimage\",\"url\":\"https:\/\/drbean.ca\/wp-content\/uploads\/2020\/11\/SANTOS_33_Mixer_D_hd.jpg\",\"contentUrl\":\"https:\/\/drbean.ca\/wp-content\/uploads\/2020\/11\/SANTOS_33_Mixer_D_hd.jpg\",\"width\":400,\"height\":533},{\"@type\":\"BreadcrumbList\",\"@id\":\"https:\/\/drbean.ca\/catalogue\/blender\/mixer-de-bar-santos-33\/#breadcrumb\",\"itemListElement\":[{\"@type\":\"ListItem\",\"position\":1,\"name\":\"Accueil\",\"item\":\"http:\/\/drbean.ca\/fr\/\"},{\"@type\":\"ListItem\",\"position\":2,\"name\":\"Boutique\",\"item\":\"http:\/\/drbean.ca\/fr\/boutique\/\"},{\"@type\":\"ListItem\",\"position\":3,\"name\":\"Mixer de bar Santos 33\"}]},{\"@type\":\"WebSite\",\"@id\":\"https:\/\/drbean.ca\/fr\/#website\",\"url\":\"https:\/\/drbean.ca\/fr\/\",\"name\":\"Dr Bean\",\"description\":\"Votre partenaire depuis plus de 15 ans\",\"publisher\":{\"@id\":\"https:\/\/drbean.ca\/fr\/#organization\"},\"potentialAction\":[{\"@type\":\"SearchAction\",\"target\":{\"@type\":\"EntryPoint\",\"urlTemplate\":\"https:\/\/drbean.ca\/fr\/?s={search_term_string}\"},\"query-input\":{\"@type\":\"PropertyValueSpecification\",\"valueRequired\":true,\"valueName\":\"search_term_string\"}}],\"inLanguage\":\"fr-FR\"},{\"@type\":\"Organization\",\"@id\":\"https:\/\/drbean.ca\/fr\/#organization\",\"name\":\"Dr Bean\",\"url\":\"https:\/\/drbean.ca\/fr\/\",\"logo\":{\"@type\":\"ImageObject\",\"inLanguage\":\"fr-FR\",\"@id\":\"https:\/\/drbean.ca\/fr\/#\/schema\/logo\/image\/\",\"url\":\"https:\/\/drbean.ca\/wp-content\/uploads\/2016\/09\/footer_logo.png\",\"contentUrl\":\"https:\/\/drbean.ca\/wp-content\/uploads\/2016\/09\/footer_logo.png\",\"width\":216,\"height\":192,\"caption\":\"Dr Bean\"},\"image\":{\"@id\":\"https:\/\/drbean.ca\/fr\/#\/schema\/logo\/image\/\"},\"sameAs\":[\"https:\/\/www.facebook.com\/DRBEANMTL\",\"https:\/\/www.instagram.com\/drbeanmtl\/\"]}]}<\/script>\n<!-- \/ Yoast SEO plugin. -->","yoast_head_json":{"title":"Mixer de bar Santos 33 - Dr Bean","description":"? Le Blender Brushless est l'appareil id\u00e9al pour les bars \u00e0 jus, coffee shops, cha\u00eenes de restauration rapide, h\u00f4tels... Il est \u00e9galement tr\u00e8s silencieux.","robots":{"index":"index","follow":"follow","max-snippet":"max-snippet:-1","max-image-preview":"max-image-preview:large","max-video-preview":"max-video-preview:-1"},"canonical":"https:\/\/drbean.ca\/fr\/catalogue\/blender\/mixer-de-bar-santos-33\/","og_locale":"fr_FR","og_type":"article","og_title":"Mixer de bar Santos 33 - Dr Bean","og_description":"? Le Blender Brushless est l'appareil id\u00e9al pour les bars \u00e0 jus, coffee shops, cha\u00eenes de restauration rapide, h\u00f4tels... Il est \u00e9galement tr\u00e8s silencieux.","og_url":"https:\/\/drbean.ca\/fr\/catalogue\/blender\/mixer-de-bar-santos-33\/","og_site_name":"Dr Bean","article_publisher":"https:\/\/www.facebook.com\/DRBEANMTL","article_modified_time":"2025-03-26T12:38:22+00:00","og_image":[{"width":400,"height":533,"url":"https:\/\/drbean.ca\/wp-content\/uploads\/2020\/11\/SANTOS_33_Mixer_D_hd.jpg","type":"image\/jpeg"}],"twitter_card":"summary_large_image","schema":{"@context":"https:\/\/schema.org","@graph":[{"@type":"WebPage","@id":"https:\/\/drbean.ca\/catalogue\/blender\/mixer-de-bar-santos-33\/","url":"https:\/\/drbean.ca\/catalogue\/blender\/mixer-de-bar-santos-33\/","name":"Mixer de bar Santos 33 - Dr Bean","isPartOf":{"@id":"https:\/\/drbean.ca\/fr\/#website"},"primaryImageOfPage":{"@id":"https:\/\/drbean.ca\/catalogue\/blender\/mixer-de-bar-santos-33\/#primaryimage"},"image":{"@id":"https:\/\/drbean.ca\/catalogue\/blender\/mixer-de-bar-santos-33\/#primaryimage"},"thumbnailUrl":"https:\/\/drbean.ca\/wp-content\/uploads\/2020\/11\/SANTOS_33_Mixer_D_hd.jpg","datePublished":"2020-11-06T16:50:24+00:00","dateModified":"2025-03-26T12:38:22+00:00","description":"? Le Blender Brushless est l'appareil id\u00e9al pour les bars \u00e0 jus, coffee shops, cha\u00eenes de restauration rapide, h\u00f4tels... Il est \u00e9galement tr\u00e8s silencieux.","breadcrumb":{"@id":"https:\/\/drbean.ca\/catalogue\/blender\/mixer-de-bar-santos-33\/#breadcrumb"},"inLanguage":"fr-FR","potentialAction":[{"@type":"ReadAction","target":["https:\/\/drbean.ca\/catalogue\/blender\/mixer-de-bar-santos-33\/"]}]},{"@type":"ImageObject","inLanguage":"fr-FR","@id":"https:\/\/drbean.ca\/catalogue\/blender\/mixer-de-bar-santos-33\/#primaryimage","url":"https:\/\/drbean.ca\/wp-content\/uploads\/2020\/11\/SANTOS_33_Mixer_D_hd.jpg","contentUrl":"https:\/\/drbean.ca\/wp-content\/uploads\/2020\/11\/SANTOS_33_Mixer_D_hd.jpg","width":400,"height":533},{"@type":"BreadcrumbList","@id":"https:\/\/drbean.ca\/catalogue\/blender\/mixer-de-bar-santos-33\/#breadcrumb","itemListElement":[{"@type":"ListItem","position":1,"name":"Accueil","item":"http:\/\/drbean.ca\/fr\/"},{"@type":"ListItem","position":2,"name":"Boutique","item":"http:\/\/drbean.ca\/fr\/boutique\/"},{"@type":"ListItem","position":3,"name":"Mixer de bar Santos 33"}]},{"@type":"WebSite","@id":"https:\/\/drbean.ca\/fr\/#website","url":"https:\/\/drbean.ca\/fr\/","name":"Dr Bean","description":"Votre partenaire depuis plus de 15 ans","publisher":{"@id":"https:\/\/drbean.ca\/fr\/#organization"},"potentialAction":[{"@type":"SearchAction","target":{"@type":"EntryPoint","urlTemplate":"https:\/\/drbean.ca\/fr\/?s={search_term_string}"},"query-input":{"@type":"PropertyValueSpecification","valueRequired":true,"valueName":"search_term_string"}}],"inLanguage":"fr-FR"},{"@type":"Organization","@id":"https:\/\/drbean.ca\/fr\/#organization","name":"Dr Bean","url":"https:\/\/drbean.ca\/fr\/","logo":{"@type":"ImageObject","inLanguage":"fr-FR","@id":"https:\/\/drbean.ca\/fr\/#\/schema\/logo\/image\/","url":"https:\/\/drbean.ca\/wp-content\/uploads\/2016\/09\/footer_logo.png","contentUrl":"https:\/\/drbean.ca\/wp-content\/uploads\/2016\/09\/footer_logo.png","width":216,"height":192,"caption":"Dr Bean"},"image":{"@id":"https:\/\/drbean.ca\/fr\/#\/schema\/logo\/image\/"},"sameAs":["https:\/\/www.facebook.com\/DRBEANMTL","https:\/\/www.instagram.com\/drbeanmtl\/"]}]}},"_links":{"self":[{"href":"https:\/\/drbean.ca\/fr\/wp-json\/wp\/v2\/product\/2300","targetHints":{"allow":["GET"]}}],"collection":[{"href":"https:\/\/drbean.ca\/fr\/wp-json\/wp\/v2\/product"}],"about":[{"href":"https:\/\/drbean.ca\/fr\/wp-json\/wp\/v2\/types\/product"}],"wp:featuredmedia":[{"embeddable":true,"href":"https:\/\/drbean.ca\/fr\/wp-json\/wp\/v2\/media\/2301"}],"wp:attachment":[{"href":"https:\/\/drbean.ca\/fr\/wp-json\/wp\/v2\/media?parent=2300"}],"wp:term":[{"taxonomy":"product_cat","embeddable":true,"href":"https:\/\/drbean.ca\/fr\/wp-json\/wp\/v2\/product_cat?post=2300"},{"taxonomy":"product_tag","embeddable":true,"href":"https:\/\/drbean.ca\/fr\/wp-json\/wp\/v2\/product_tag?post=2300"}],"curies":[{"name":"wp","href":"https:\/\/api.w.org\/{rel}","templated":true}]}}