{"id":2302,"date":"2020-11-06T12:55:41","date_gmt":"2020-11-06T16:55:41","guid":{"rendered":"https:\/\/drbean.ca\/?post_type=product&#038;p=2302"},"modified":"2025-03-26T08:44:52","modified_gmt":"2025-03-26T12:44:52","slug":"extracteur-de-jus-nutrisantos-santos-65","status":"publish","type":"product","link":"https:\/\/drbean.ca\/fr\/catalogue\/centrifugeuses\/extracteur-de-jus-nutrisantos-santos-65\/","title":{"rendered":"Extracteur de jus Nutrisantos Santos 65"},"content":{"rendered":"<div>\n<div>\n<p><strong>Moteur<\/strong><\/p>\n<p>Monophas\u00e9<\/p>\n<p>220 &#8211; 240 V &#8211; 50\/60 Hz &#8211; 650 W<\/p>\n<p>100 &#8211; 120 V &#8211; 50\/60 Hz &#8211; 650 W<\/p>\n<p>&nbsp;<\/p>\n<p><strong>Vitesse:<\/strong><\/p>\n<p>De 5 \u00e0 80 tr\/min<\/p>\n<p>&nbsp;<\/p>\n<p><strong>Poids<\/strong><\/p>\n<p>Net: 28.5\u00a0kg\u00a0 (62,8\u00a0lbs)<\/p>\n<p>Emball\u00e9:\u00a031,3\u00a0kg (69\u00a0lbs)<\/p>\n<\/div>\n<div>\n<p><strong>Dimensions<\/strong><\/p>\n<p>&nbsp;<\/p>\n<p>Net<\/p>\n<p>P: 412 mm\u00a0(16.2\u00a0\u00bb)<\/p>\n<p>L:\u00a0236 mm\u00a0(9.3\u00a0\u00bb)<\/p>\n<p>H:\u00a0642 mm\u00a0(25.3\u00a0\u00bb)<\/p>\n<p>&nbsp;<\/p>\n<p>Emball\u00e9<\/p>\n<p>P: 490 mm\u00a0(19.3&Prime;)<\/p>\n<p>L:\u00a0330 mm\u00a0(13&Prime;)<\/p>\n<p>H: 660 mm\u00a0(26&Prime;)<\/p>\n<\/div>\n<\/div>\n<div>\n<div class=\"standard-compliance\">\n<div class=\"hover\"><\/div>\n<p><a href=\"http:\/\/info.nsf.org\/Certified\/Food\/Listings.asp?TradeName=&amp;CompanyName=SANTOS&amp;PlantState=&amp;PlantCountry=&amp;PlantRegion=&amp;Standard=008&amp;search=SEARCH\" target=\"_blank\" rel=\"noopener noreferrer\"><img decoding=\"async\" src=\"https:\/\/www.santos.fr\/media\/ftp\/normes\/NSF.png\" alt=\"NSF\" \/><\/a><\/p>\n<\/div>\n<div class=\"standard-compliance\"><img decoding=\"async\" src=\"https:\/\/www.santos.fr\/media\/ftp\/normes\/CE.png\" alt=\"CE\" \/><\/div>\n<div class=\"standard-compliance\"><img decoding=\"async\" src=\"https:\/\/www.santos.fr\/media\/ftp\/normes\/RoHs.jpg\" alt=\"RoHs\" \/><\/div>\n<\/div>\n","protected":false},"excerpt":{"rendered":"<p>L\u2019extracteur de jus Nutrisantos<sup>TM<\/sup>\u00a0#65 est la solution pour tous les bars \u00e0 jus et restaurants, souhaitant r\u00e9aliser des jus frais, press\u00e9s \u00e0 froid, sur demande.<\/p>\n<p>Cette nouvelle fa\u00e7on d\u2019extraire du jus, en pressant tr\u00e8s lentement toutes sortes de fruits, l\u00e9gumes et herbes, permet de pr\u00e9server les vitamines, nutriments, enzymes et min\u00e9raux.<\/p>\n<p>Santos poss\u00e8de 2 brevets sur ce syst\u00e8me de pressage \u00e0 froid, ce qui est une r\u00e9elle innovation sur le march\u00e9 !<\/p>\n<p><b>EXTRACTION IMMEDIATE: Pressez et buvez !<\/b><\/p>\n<p>&#8211;\u00a0Extracteur de jus professionnel: Corps en aluminium et zone alimentaire 100% inox. Equip\u00e9 d\u2019un moteur asynchrone puissant et robuste.<br \/>\n&#8211; Une nouvelle fa\u00e7on d\u2019extraire du jus: Ajustez votre vitesse (5 \u00e0 80 tr\/min) et choisissez votre taille de filtre pour obtenir le jus que vous souhaitez.<br \/>\n&#8211; Des jus frais press\u00e9s \u00e0 froid, faits sur demande, en face du client. Les jus press\u00e9s \u00e0 froid conservent un maximum de nutriments, d\u2019enzymes, de min\u00e9raux et de vitamines.<br \/>\n&#8211; Goulotte d\u2019introduction XL: Large goulotte d\u2019introduction de \u00d879.5mm permettant de passer des fruits et l\u00e9gumes entiers.<br \/>\n&#8211; Facile \u00e0 nettoyer: Toutes les pi\u00e8ces en contact avec les aliments sont amovibles pour un nettoyage facile (Lavables au lave-vaisselle)<br \/>\n-Rendement exceptionnel: Extraction du jus maximale.<\/p>\n<p>Livr\u00e9 avec 1 filtre inox (trous de 0.3mm).<\/p>\n","protected":false},"featured_media":2304,"template":"","meta":{"_et_pb_use_builder":"","_et_pb_old_content":"","om_disable_all_campaigns":false,"_monsterinsights_skip_tracking":false,"_monsterinsights_sitenote_active":false,"_monsterinsights_sitenote_note":"","_monsterinsights_sitenote_category":0},"product_cat":[53,72],"product_tag":[],"class_list":{"0":"post-2302","1":"product","2":"type-product","3":"status-publish","4":"has-post-thumbnail","6":"product_cat-centrifugeuses","7":"product_cat-homepage","9":"first","10":"outofstock","11":"taxable","12":"shipping-taxable","13":"purchasable","14":"product-type-simple"},"aioseo_notices":[],"yoast_head":"<!-- This site is optimized with the Yoast SEO plugin v23.7 - https:\/\/yoast.com\/wordpress\/plugins\/seo\/ -->\n<title>Extracteur de jus Nutrisantos Santos 65 - Dr Bean<\/title>\n<meta name=\"description\" content=\"La centrifugeuse &quot;Miracle Edition&quot; N\u00b068 est le r\u00e9sultat des 60 ann\u00e9es d&#039;exp\u00e9rience de Santos dans le domaine des jus de fruits et l\u00e9gumes frais.\" \/>\n<meta name=\"robots\" content=\"index, follow, max-snippet:-1, max-image-preview:large, max-video-preview:-1\" \/>\n<link rel=\"canonical\" href=\"https:\/\/drbean.ca\/fr\/catalogue\/centrifugeuses\/extracteur-de-jus-nutrisantos-santos-65\/\" \/>\n<meta property=\"og:locale\" content=\"fr_FR\" \/>\n<meta property=\"og:type\" content=\"article\" \/>\n<meta property=\"og:title\" content=\"Extracteur de jus Nutrisantos Santos 65 - Dr Bean\" \/>\n<meta property=\"og:description\" content=\"La centrifugeuse &quot;Miracle Edition&quot; N\u00b068 est le r\u00e9sultat des 60 ann\u00e9es d&#039;exp\u00e9rience de Santos dans le domaine des jus de fruits et l\u00e9gumes frais.\" \/>\n<meta property=\"og:url\" content=\"https:\/\/drbean.ca\/fr\/catalogue\/centrifugeuses\/extracteur-de-jus-nutrisantos-santos-65\/\" \/>\n<meta property=\"og:site_name\" content=\"Dr Bean\" \/>\n<meta property=\"article:publisher\" content=\"https:\/\/www.facebook.com\/DRBEANMTL\" \/>\n<meta property=\"article:modified_time\" content=\"2025-03-26T12:44:52+00:00\" \/>\n<meta property=\"og:image\" content=\"https:\/\/drbean.ca\/wp-content\/uploads\/2020\/11\/65-1.png\" \/>\n\t<meta property=\"og:image:width\" content=\"446\" \/>\n\t<meta property=\"og:image:height\" content=\"755\" \/>\n\t<meta property=\"og:image:type\" content=\"image\/png\" \/>\n<meta name=\"twitter:card\" content=\"summary_large_image\" \/>\n<script type=\"application\/ld+json\" class=\"yoast-schema-graph\">{\"@context\":\"https:\/\/schema.org\",\"@graph\":[{\"@type\":\"WebPage\",\"@id\":\"https:\/\/drbean.ca\/catalogue\/centrifugeuses\/extracteur-de-jus-nutrisantos-santos-65\/\",\"url\":\"https:\/\/drbean.ca\/catalogue\/centrifugeuses\/extracteur-de-jus-nutrisantos-santos-65\/\",\"name\":\"Extracteur de jus Nutrisantos Santos 65 - Dr Bean\",\"isPartOf\":{\"@id\":\"https:\/\/drbean.ca\/fr\/#website\"},\"primaryImageOfPage\":{\"@id\":\"https:\/\/drbean.ca\/catalogue\/centrifugeuses\/extracteur-de-jus-nutrisantos-santos-65\/#primaryimage\"},\"image\":{\"@id\":\"https:\/\/drbean.ca\/catalogue\/centrifugeuses\/extracteur-de-jus-nutrisantos-santos-65\/#primaryimage\"},\"thumbnailUrl\":\"https:\/\/drbean.ca\/wp-content\/uploads\/2020\/11\/65-1.png\",\"datePublished\":\"2020-11-06T16:55:41+00:00\",\"dateModified\":\"2025-03-26T12:44:52+00:00\",\"description\":\"La centrifugeuse \\\"Miracle Edition\\\" N\u00b068 est le r\u00e9sultat des 60 ann\u00e9es d'exp\u00e9rience de Santos dans le domaine des jus de fruits et l\u00e9gumes frais.\",\"breadcrumb\":{\"@id\":\"https:\/\/drbean.ca\/catalogue\/centrifugeuses\/extracteur-de-jus-nutrisantos-santos-65\/#breadcrumb\"},\"inLanguage\":\"fr-FR\",\"potentialAction\":[{\"@type\":\"ReadAction\",\"target\":[\"https:\/\/drbean.ca\/catalogue\/centrifugeuses\/extracteur-de-jus-nutrisantos-santos-65\/\"]}]},{\"@type\":\"ImageObject\",\"inLanguage\":\"fr-FR\",\"@id\":\"https:\/\/drbean.ca\/catalogue\/centrifugeuses\/extracteur-de-jus-nutrisantos-santos-65\/#primaryimage\",\"url\":\"https:\/\/drbean.ca\/wp-content\/uploads\/2020\/11\/65-1.png\",\"contentUrl\":\"https:\/\/drbean.ca\/wp-content\/uploads\/2020\/11\/65-1.png\",\"width\":446,\"height\":755},{\"@type\":\"BreadcrumbList\",\"@id\":\"https:\/\/drbean.ca\/catalogue\/centrifugeuses\/extracteur-de-jus-nutrisantos-santos-65\/#breadcrumb\",\"itemListElement\":[{\"@type\":\"ListItem\",\"position\":1,\"name\":\"Accueil\",\"item\":\"http:\/\/drbean.ca\/fr\/\"},{\"@type\":\"ListItem\",\"position\":2,\"name\":\"Boutique\",\"item\":\"http:\/\/drbean.ca\/fr\/boutique\/\"},{\"@type\":\"ListItem\",\"position\":3,\"name\":\"Extracteur de jus Nutrisantos Santos 65\"}]},{\"@type\":\"WebSite\",\"@id\":\"https:\/\/drbean.ca\/fr\/#website\",\"url\":\"https:\/\/drbean.ca\/fr\/\",\"name\":\"Dr Bean\",\"description\":\"Votre partenaire depuis plus de 15 ans\",\"publisher\":{\"@id\":\"https:\/\/drbean.ca\/fr\/#organization\"},\"potentialAction\":[{\"@type\":\"SearchAction\",\"target\":{\"@type\":\"EntryPoint\",\"urlTemplate\":\"https:\/\/drbean.ca\/fr\/?s={search_term_string}\"},\"query-input\":{\"@type\":\"PropertyValueSpecification\",\"valueRequired\":true,\"valueName\":\"search_term_string\"}}],\"inLanguage\":\"fr-FR\"},{\"@type\":\"Organization\",\"@id\":\"https:\/\/drbean.ca\/fr\/#organization\",\"name\":\"Dr Bean\",\"url\":\"https:\/\/drbean.ca\/fr\/\",\"logo\":{\"@type\":\"ImageObject\",\"inLanguage\":\"fr-FR\",\"@id\":\"https:\/\/drbean.ca\/fr\/#\/schema\/logo\/image\/\",\"url\":\"https:\/\/drbean.ca\/wp-content\/uploads\/2016\/09\/footer_logo.png\",\"contentUrl\":\"https:\/\/drbean.ca\/wp-content\/uploads\/2016\/09\/footer_logo.png\",\"width\":216,\"height\":192,\"caption\":\"Dr Bean\"},\"image\":{\"@id\":\"https:\/\/drbean.ca\/fr\/#\/schema\/logo\/image\/\"},\"sameAs\":[\"https:\/\/www.facebook.com\/DRBEANMTL\",\"https:\/\/www.instagram.com\/drbeanmtl\/\"]}]}<\/script>\n<!-- \/ Yoast SEO plugin. -->","yoast_head_json":{"title":"Extracteur de jus Nutrisantos Santos 65 - Dr Bean","description":"La centrifugeuse \"Miracle Edition\" N\u00b068 est le r\u00e9sultat des 60 ann\u00e9es d'exp\u00e9rience de Santos dans le domaine des jus de fruits et l\u00e9gumes frais.","robots":{"index":"index","follow":"follow","max-snippet":"max-snippet:-1","max-image-preview":"max-image-preview:large","max-video-preview":"max-video-preview:-1"},"canonical":"https:\/\/drbean.ca\/fr\/catalogue\/centrifugeuses\/extracteur-de-jus-nutrisantos-santos-65\/","og_locale":"fr_FR","og_type":"article","og_title":"Extracteur de jus Nutrisantos Santos 65 - Dr Bean","og_description":"La centrifugeuse \"Miracle Edition\" N\u00b068 est le r\u00e9sultat des 60 ann\u00e9es d'exp\u00e9rience de Santos dans le domaine des jus de fruits et l\u00e9gumes frais.","og_url":"https:\/\/drbean.ca\/fr\/catalogue\/centrifugeuses\/extracteur-de-jus-nutrisantos-santos-65\/","og_site_name":"Dr Bean","article_publisher":"https:\/\/www.facebook.com\/DRBEANMTL","article_modified_time":"2025-03-26T12:44:52+00:00","og_image":[{"width":446,"height":755,"url":"https:\/\/drbean.ca\/wp-content\/uploads\/2020\/11\/65-1.png","type":"image\/png"}],"twitter_card":"summary_large_image","schema":{"@context":"https:\/\/schema.org","@graph":[{"@type":"WebPage","@id":"https:\/\/drbean.ca\/catalogue\/centrifugeuses\/extracteur-de-jus-nutrisantos-santos-65\/","url":"https:\/\/drbean.ca\/catalogue\/centrifugeuses\/extracteur-de-jus-nutrisantos-santos-65\/","name":"Extracteur de jus Nutrisantos Santos 65 - Dr Bean","isPartOf":{"@id":"https:\/\/drbean.ca\/fr\/#website"},"primaryImageOfPage":{"@id":"https:\/\/drbean.ca\/catalogue\/centrifugeuses\/extracteur-de-jus-nutrisantos-santos-65\/#primaryimage"},"image":{"@id":"https:\/\/drbean.ca\/catalogue\/centrifugeuses\/extracteur-de-jus-nutrisantos-santos-65\/#primaryimage"},"thumbnailUrl":"https:\/\/drbean.ca\/wp-content\/uploads\/2020\/11\/65-1.png","datePublished":"2020-11-06T16:55:41+00:00","dateModified":"2025-03-26T12:44:52+00:00","description":"La centrifugeuse \"Miracle Edition\" N\u00b068 est le r\u00e9sultat des 60 ann\u00e9es d'exp\u00e9rience de Santos dans le domaine des jus de fruits et l\u00e9gumes frais.","breadcrumb":{"@id":"https:\/\/drbean.ca\/catalogue\/centrifugeuses\/extracteur-de-jus-nutrisantos-santos-65\/#breadcrumb"},"inLanguage":"fr-FR","potentialAction":[{"@type":"ReadAction","target":["https:\/\/drbean.ca\/catalogue\/centrifugeuses\/extracteur-de-jus-nutrisantos-santos-65\/"]}]},{"@type":"ImageObject","inLanguage":"fr-FR","@id":"https:\/\/drbean.ca\/catalogue\/centrifugeuses\/extracteur-de-jus-nutrisantos-santos-65\/#primaryimage","url":"https:\/\/drbean.ca\/wp-content\/uploads\/2020\/11\/65-1.png","contentUrl":"https:\/\/drbean.ca\/wp-content\/uploads\/2020\/11\/65-1.png","width":446,"height":755},{"@type":"BreadcrumbList","@id":"https:\/\/drbean.ca\/catalogue\/centrifugeuses\/extracteur-de-jus-nutrisantos-santos-65\/#breadcrumb","itemListElement":[{"@type":"ListItem","position":1,"name":"Accueil","item":"http:\/\/drbean.ca\/fr\/"},{"@type":"ListItem","position":2,"name":"Boutique","item":"http:\/\/drbean.ca\/fr\/boutique\/"},{"@type":"ListItem","position":3,"name":"Extracteur de jus Nutrisantos Santos 65"}]},{"@type":"WebSite","@id":"https:\/\/drbean.ca\/fr\/#website","url":"https:\/\/drbean.ca\/fr\/","name":"Dr Bean","description":"Votre partenaire depuis plus de 15 ans","publisher":{"@id":"https:\/\/drbean.ca\/fr\/#organization"},"potentialAction":[{"@type":"SearchAction","target":{"@type":"EntryPoint","urlTemplate":"https:\/\/drbean.ca\/fr\/?s={search_term_string}"},"query-input":{"@type":"PropertyValueSpecification","valueRequired":true,"valueName":"search_term_string"}}],"inLanguage":"fr-FR"},{"@type":"Organization","@id":"https:\/\/drbean.ca\/fr\/#organization","name":"Dr Bean","url":"https:\/\/drbean.ca\/fr\/","logo":{"@type":"ImageObject","inLanguage":"fr-FR","@id":"https:\/\/drbean.ca\/fr\/#\/schema\/logo\/image\/","url":"https:\/\/drbean.ca\/wp-content\/uploads\/2016\/09\/footer_logo.png","contentUrl":"https:\/\/drbean.ca\/wp-content\/uploads\/2016\/09\/footer_logo.png","width":216,"height":192,"caption":"Dr Bean"},"image":{"@id":"https:\/\/drbean.ca\/fr\/#\/schema\/logo\/image\/"},"sameAs":["https:\/\/www.facebook.com\/DRBEANMTL","https:\/\/www.instagram.com\/drbeanmtl\/"]}]}},"_links":{"self":[{"href":"https:\/\/drbean.ca\/fr\/wp-json\/wp\/v2\/product\/2302","targetHints":{"allow":["GET"]}}],"collection":[{"href":"https:\/\/drbean.ca\/fr\/wp-json\/wp\/v2\/product"}],"about":[{"href":"https:\/\/drbean.ca\/fr\/wp-json\/wp\/v2\/types\/product"}],"wp:featuredmedia":[{"embeddable":true,"href":"https:\/\/drbean.ca\/fr\/wp-json\/wp\/v2\/media\/2304"}],"wp:attachment":[{"href":"https:\/\/drbean.ca\/fr\/wp-json\/wp\/v2\/media?parent=2302"}],"wp:term":[{"taxonomy":"product_cat","embeddable":true,"href":"https:\/\/drbean.ca\/fr\/wp-json\/wp\/v2\/product_cat?post=2302"},{"taxonomy":"product_tag","embeddable":true,"href":"https:\/\/drbean.ca\/fr\/wp-json\/wp\/v2\/product_tag?post=2302"}],"curies":[{"name":"wp","href":"https:\/\/api.w.org\/{rel}","templated":true}]}}