{"id":2343,"date":"2020-12-09T13:18:44","date_gmt":"2020-12-09T17:18:44","guid":{"rendered":"https:\/\/drbean.ca\/?post_type=product&#038;p=2343"},"modified":"2023-01-19T16:54:53","modified_gmt":"2023-01-19T20:54:53","slug":"airscape","status":"publish","type":"product","link":"https:\/\/drbean.ca\/fr\/catalogue\/accessoires\/airscape\/","title":{"rendered":"Airscape"},"content":{"rendered":"","protected":false},"excerpt":{"rendered":"<p>Conteneur \u00e9tanche \u00e0 l&rsquo;air, maintient l&rsquo;ar\u00f4me et la saveur riche et compl\u00e8te du caf\u00e9.<\/p>\n<p>Gardez-le frais, peu importe combien il en reste.<\/p>\n","protected":false},"featured_media":2323,"template":"","meta":{"_et_pb_use_builder":"","_et_pb_old_content":"","om_disable_all_campaigns":false,"_monsterinsights_skip_tracking":false,"_monsterinsights_sitenote_active":false,"_monsterinsights_sitenote_note":"","_monsterinsights_sitenote_category":0},"product_cat":[77],"product_tag":[],"class_list":{"0":"post-2343","1":"product","2":"type-product","3":"status-publish","4":"has-post-thumbnail","6":"product_cat-accessoires","8":"first","9":"instock","10":"taxable","11":"shipping-taxable","12":"purchasable","13":"product-type-simple"},"aioseo_notices":[],"yoast_head":"<!-- This site is optimized with the Yoast SEO plugin v23.7 - https:\/\/yoast.com\/wordpress\/plugins\/seo\/ -->\n<title>Airscape - Dr Bean<\/title>\n<meta name=\"robots\" content=\"index, follow, max-snippet:-1, max-image-preview:large, max-video-preview:-1\" \/>\n<link rel=\"canonical\" href=\"http:\/\/drbean.ca\/fr\/catalogue\/accessoires\/airscape\/\" \/>\n<meta property=\"og:locale\" content=\"fr_FR\" \/>\n<meta property=\"og:type\" content=\"article\" \/>\n<meta property=\"og:title\" content=\"Airscape - Dr Bean\" \/>\n<meta property=\"og:description\" content=\"Conteneur \u00e9tanche \u00e0 l&#039;air, maintient l&#039;ar\u00f4me et la saveur riche et compl\u00e8te du caf\u00e9.  Gardez-le frais, peu importe combien il en reste.\" \/>\n<meta property=\"og:url\" content=\"http:\/\/drbean.ca\/fr\/catalogue\/accessoires\/airscape\/\" \/>\n<meta property=\"og:site_name\" content=\"Dr Bean\" \/>\n<meta property=\"article:publisher\" content=\"https:\/\/www.facebook.com\/DRBEANMTL\" \/>\n<meta property=\"article:modified_time\" content=\"2023-01-19T20:54:53+00:00\" \/>\n<meta property=\"og:image\" content=\"https:\/\/drbean.ca\/wp-content\/uploads\/2020\/12\/IMG_1880-1024x768.jpg\" \/>\n\t<meta property=\"og:image:width\" content=\"1024\" \/>\n\t<meta property=\"og:image:height\" content=\"768\" \/>\n\t<meta property=\"og:image:type\" content=\"image\/jpeg\" \/>\n<meta name=\"twitter:card\" content=\"summary_large_image\" \/>\n<script type=\"application\/ld+json\" class=\"yoast-schema-graph\">{\"@context\":\"https:\/\/schema.org\",\"@graph\":[{\"@type\":\"WebPage\",\"@id\":\"http:\/\/drbean.ca\/fr\/catalogue\/accessoires\/airscape\/\",\"url\":\"http:\/\/drbean.ca\/fr\/catalogue\/accessoires\/airscape\/\",\"name\":\"Airscape - Dr Bean\",\"isPartOf\":{\"@id\":\"https:\/\/drbean.ca\/fr\/#website\"},\"primaryImageOfPage\":{\"@id\":\"http:\/\/drbean.ca\/fr\/catalogue\/accessoires\/airscape\/#primaryimage\"},\"image\":{\"@id\":\"http:\/\/drbean.ca\/fr\/catalogue\/accessoires\/airscape\/#primaryimage\"},\"thumbnailUrl\":\"https:\/\/drbean.ca\/wp-content\/uploads\/2020\/12\/IMG_1880.jpg\",\"datePublished\":\"2020-12-09T17:18:44+00:00\",\"dateModified\":\"2023-01-19T20:54:53+00:00\",\"breadcrumb\":{\"@id\":\"http:\/\/drbean.ca\/fr\/catalogue\/accessoires\/airscape\/#breadcrumb\"},\"inLanguage\":\"fr-FR\",\"potentialAction\":[{\"@type\":\"ReadAction\",\"target\":[\"http:\/\/drbean.ca\/fr\/catalogue\/accessoires\/airscape\/\"]}]},{\"@type\":\"ImageObject\",\"inLanguage\":\"fr-FR\",\"@id\":\"http:\/\/drbean.ca\/fr\/catalogue\/accessoires\/airscape\/#primaryimage\",\"url\":\"https:\/\/drbean.ca\/wp-content\/uploads\/2020\/12\/IMG_1880.jpg\",\"contentUrl\":\"https:\/\/drbean.ca\/wp-content\/uploads\/2020\/12\/IMG_1880.jpg\",\"width\":4032,\"height\":3024},{\"@type\":\"BreadcrumbList\",\"@id\":\"http:\/\/drbean.ca\/fr\/catalogue\/accessoires\/airscape\/#breadcrumb\",\"itemListElement\":[{\"@type\":\"ListItem\",\"position\":1,\"name\":\"Accueil\",\"item\":\"http:\/\/drbean.ca\/fr\/\"},{\"@type\":\"ListItem\",\"position\":2,\"name\":\"Boutique\",\"item\":\"http:\/\/drbean.ca\/fr\/boutique\/\"},{\"@type\":\"ListItem\",\"position\":3,\"name\":\"Airscape\"}]},{\"@type\":\"WebSite\",\"@id\":\"https:\/\/drbean.ca\/fr\/#website\",\"url\":\"https:\/\/drbean.ca\/fr\/\",\"name\":\"Dr Bean\",\"description\":\"Votre partenaire depuis plus de 15 ans\",\"publisher\":{\"@id\":\"https:\/\/drbean.ca\/fr\/#organization\"},\"potentialAction\":[{\"@type\":\"SearchAction\",\"target\":{\"@type\":\"EntryPoint\",\"urlTemplate\":\"https:\/\/drbean.ca\/fr\/?s={search_term_string}\"},\"query-input\":{\"@type\":\"PropertyValueSpecification\",\"valueRequired\":true,\"valueName\":\"search_term_string\"}}],\"inLanguage\":\"fr-FR\"},{\"@type\":\"Organization\",\"@id\":\"https:\/\/drbean.ca\/fr\/#organization\",\"name\":\"Dr Bean\",\"url\":\"https:\/\/drbean.ca\/fr\/\",\"logo\":{\"@type\":\"ImageObject\",\"inLanguage\":\"fr-FR\",\"@id\":\"https:\/\/drbean.ca\/fr\/#\/schema\/logo\/image\/\",\"url\":\"https:\/\/drbean.ca\/wp-content\/uploads\/2016\/09\/footer_logo.png\",\"contentUrl\":\"https:\/\/drbean.ca\/wp-content\/uploads\/2016\/09\/footer_logo.png\",\"width\":216,\"height\":192,\"caption\":\"Dr Bean\"},\"image\":{\"@id\":\"https:\/\/drbean.ca\/fr\/#\/schema\/logo\/image\/\"},\"sameAs\":[\"https:\/\/www.facebook.com\/DRBEANMTL\",\"https:\/\/www.instagram.com\/drbeanmtl\/\"]}]}<\/script>\n<!-- \/ Yoast SEO plugin. -->","yoast_head_json":{"title":"Airscape - Dr Bean","robots":{"index":"index","follow":"follow","max-snippet":"max-snippet:-1","max-image-preview":"max-image-preview:large","max-video-preview":"max-video-preview:-1"},"canonical":"http:\/\/drbean.ca\/fr\/catalogue\/accessoires\/airscape\/","og_locale":"fr_FR","og_type":"article","og_title":"Airscape - Dr Bean","og_description":"Conteneur \u00e9tanche \u00e0 l'air, maintient l'ar\u00f4me et la saveur riche et compl\u00e8te du caf\u00e9.  Gardez-le frais, peu importe combien il en reste.","og_url":"http:\/\/drbean.ca\/fr\/catalogue\/accessoires\/airscape\/","og_site_name":"Dr Bean","article_publisher":"https:\/\/www.facebook.com\/DRBEANMTL","article_modified_time":"2023-01-19T20:54:53+00:00","og_image":[{"width":1024,"height":768,"url":"https:\/\/drbean.ca\/wp-content\/uploads\/2020\/12\/IMG_1880-1024x768.jpg","type":"image\/jpeg"}],"twitter_card":"summary_large_image","schema":{"@context":"https:\/\/schema.org","@graph":[{"@type":"WebPage","@id":"http:\/\/drbean.ca\/fr\/catalogue\/accessoires\/airscape\/","url":"http:\/\/drbean.ca\/fr\/catalogue\/accessoires\/airscape\/","name":"Airscape - Dr Bean","isPartOf":{"@id":"https:\/\/drbean.ca\/fr\/#website"},"primaryImageOfPage":{"@id":"http:\/\/drbean.ca\/fr\/catalogue\/accessoires\/airscape\/#primaryimage"},"image":{"@id":"http:\/\/drbean.ca\/fr\/catalogue\/accessoires\/airscape\/#primaryimage"},"thumbnailUrl":"https:\/\/drbean.ca\/wp-content\/uploads\/2020\/12\/IMG_1880.jpg","datePublished":"2020-12-09T17:18:44+00:00","dateModified":"2023-01-19T20:54:53+00:00","breadcrumb":{"@id":"http:\/\/drbean.ca\/fr\/catalogue\/accessoires\/airscape\/#breadcrumb"},"inLanguage":"fr-FR","potentialAction":[{"@type":"ReadAction","target":["http:\/\/drbean.ca\/fr\/catalogue\/accessoires\/airscape\/"]}]},{"@type":"ImageObject","inLanguage":"fr-FR","@id":"http:\/\/drbean.ca\/fr\/catalogue\/accessoires\/airscape\/#primaryimage","url":"https:\/\/drbean.ca\/wp-content\/uploads\/2020\/12\/IMG_1880.jpg","contentUrl":"https:\/\/drbean.ca\/wp-content\/uploads\/2020\/12\/IMG_1880.jpg","width":4032,"height":3024},{"@type":"BreadcrumbList","@id":"http:\/\/drbean.ca\/fr\/catalogue\/accessoires\/airscape\/#breadcrumb","itemListElement":[{"@type":"ListItem","position":1,"name":"Accueil","item":"http:\/\/drbean.ca\/fr\/"},{"@type":"ListItem","position":2,"name":"Boutique","item":"http:\/\/drbean.ca\/fr\/boutique\/"},{"@type":"ListItem","position":3,"name":"Airscape"}]},{"@type":"WebSite","@id":"https:\/\/drbean.ca\/fr\/#website","url":"https:\/\/drbean.ca\/fr\/","name":"Dr Bean","description":"Votre partenaire depuis plus de 15 ans","publisher":{"@id":"https:\/\/drbean.ca\/fr\/#organization"},"potentialAction":[{"@type":"SearchAction","target":{"@type":"EntryPoint","urlTemplate":"https:\/\/drbean.ca\/fr\/?s={search_term_string}"},"query-input":{"@type":"PropertyValueSpecification","valueRequired":true,"valueName":"search_term_string"}}],"inLanguage":"fr-FR"},{"@type":"Organization","@id":"https:\/\/drbean.ca\/fr\/#organization","name":"Dr Bean","url":"https:\/\/drbean.ca\/fr\/","logo":{"@type":"ImageObject","inLanguage":"fr-FR","@id":"https:\/\/drbean.ca\/fr\/#\/schema\/logo\/image\/","url":"https:\/\/drbean.ca\/wp-content\/uploads\/2016\/09\/footer_logo.png","contentUrl":"https:\/\/drbean.ca\/wp-content\/uploads\/2016\/09\/footer_logo.png","width":216,"height":192,"caption":"Dr Bean"},"image":{"@id":"https:\/\/drbean.ca\/fr\/#\/schema\/logo\/image\/"},"sameAs":["https:\/\/www.facebook.com\/DRBEANMTL","https:\/\/www.instagram.com\/drbeanmtl\/"]}]}},"_links":{"self":[{"href":"https:\/\/drbean.ca\/fr\/wp-json\/wp\/v2\/product\/2343","targetHints":{"allow":["GET"]}}],"collection":[{"href":"https:\/\/drbean.ca\/fr\/wp-json\/wp\/v2\/product"}],"about":[{"href":"https:\/\/drbean.ca\/fr\/wp-json\/wp\/v2\/types\/product"}],"wp:featuredmedia":[{"embeddable":true,"href":"https:\/\/drbean.ca\/fr\/wp-json\/wp\/v2\/media\/2323"}],"wp:attachment":[{"href":"https:\/\/drbean.ca\/fr\/wp-json\/wp\/v2\/media?parent=2343"}],"wp:term":[{"taxonomy":"product_cat","embeddable":true,"href":"https:\/\/drbean.ca\/fr\/wp-json\/wp\/v2\/product_cat?post=2343"},{"taxonomy":"product_tag","embeddable":true,"href":"https:\/\/drbean.ca\/fr\/wp-json\/wp\/v2\/product_tag?post=2343"}],"curies":[{"name":"wp","href":"https:\/\/api.w.org\/{rel}","templated":true}]}}