{"id":2344,"date":"2020-12-09T14:14:19","date_gmt":"2020-12-09T18:14:19","guid":{"rendered":"https:\/\/drbean.ca\/?post_type=product&#038;p=2344"},"modified":"2023-01-19T16:56:12","modified_gmt":"2023-01-19T20:56:12","slug":"bac-a-marc","status":"publish","type":"product","link":"https:\/\/drbean.ca\/fr\/catalogue\/accessoires\/bac-a-marc\/","title":{"rendered":"Bac \u00e0 marc"},"content":{"rendered":"","protected":false},"excerpt":{"rendered":"<p>425x280x100 mm<\/p>\n<p>Poign\u00e9e pour une prise facile<br \/>\nA\u00e9rations sup\u00e9rieures pour sortie vapeur<br \/>\nBarre triangulaire pour faire taire le bruit<br \/>\nSupport de b\u00e2ton renforc\u00e9<br \/>\nPieds con\u00e7us pour apporter solidit\u00e9 et r\u00e9duction du bruit<br \/>\nAcier inoxydable poli<br \/>\nLe tiroir est enti\u00e8rement amovible pour un nettoyage facile<\/p>\n","protected":false},"featured_media":2327,"template":"","meta":{"_et_pb_use_builder":"","_et_pb_old_content":"","om_disable_all_campaigns":false,"_monsterinsights_skip_tracking":false,"_monsterinsights_sitenote_active":false,"_monsterinsights_sitenote_note":"","_monsterinsights_sitenote_category":0},"product_cat":[77],"product_tag":[],"class_list":{"0":"post-2344","1":"product","2":"type-product","3":"status-publish","4":"has-post-thumbnail","6":"product_cat-accessoires","8":"first","9":"instock","10":"taxable","11":"shipping-taxable","12":"purchasable","13":"product-type-simple"},"aioseo_notices":[],"yoast_head":"<!-- This site is optimized with the Yoast SEO plugin v23.7 - https:\/\/yoast.com\/wordpress\/plugins\/seo\/ -->\n<title>Bac \u00e0 marc - Dr Bean<\/title>\n<meta name=\"robots\" content=\"index, follow, max-snippet:-1, max-image-preview:large, max-video-preview:-1\" \/>\n<link rel=\"canonical\" href=\"http:\/\/drbean.ca\/fr\/catalogue\/accessoires\/bac-a-marc\/\" \/>\n<meta property=\"og:locale\" content=\"fr_FR\" \/>\n<meta property=\"og:type\" content=\"article\" \/>\n<meta property=\"og:title\" content=\"Bac \u00e0 marc - Dr Bean\" \/>\n<meta property=\"og:description\" content=\"425x280x100 mm  Poign\u00e9e pour une prise facile A\u00e9rations sup\u00e9rieures pour sortie vapeur Barre triangulaire pour faire taire le bruit Support de b\u00e2ton renforc\u00e9 Pieds con\u00e7us pour apporter solidit\u00e9 et r\u00e9duction du bruit Acier inoxydable poli Le tiroir est enti\u00e8rement amovible pour un nettoyage facile\" \/>\n<meta property=\"og:url\" content=\"http:\/\/drbean.ca\/fr\/catalogue\/accessoires\/bac-a-marc\/\" \/>\n<meta property=\"og:site_name\" content=\"Dr Bean\" \/>\n<meta property=\"article:publisher\" content=\"https:\/\/www.facebook.com\/DRBEANMTL\" \/>\n<meta property=\"article:modified_time\" content=\"2023-01-19T20:56:12+00:00\" \/>\n<meta property=\"og:image\" content=\"https:\/\/drbean.ca\/wp-content\/uploads\/2020\/12\/IMG_1860-768x1024.jpg\" \/>\n\t<meta property=\"og:image:width\" content=\"768\" \/>\n\t<meta property=\"og:image:height\" content=\"1024\" \/>\n\t<meta property=\"og:image:type\" content=\"image\/jpeg\" \/>\n<meta name=\"twitter:card\" content=\"summary_large_image\" \/>\n<script type=\"application\/ld+json\" class=\"yoast-schema-graph\">{\"@context\":\"https:\/\/schema.org\",\"@graph\":[{\"@type\":\"WebPage\",\"@id\":\"http:\/\/drbean.ca\/fr\/catalogue\/accessoires\/bac-a-marc\/\",\"url\":\"http:\/\/drbean.ca\/fr\/catalogue\/accessoires\/bac-a-marc\/\",\"name\":\"Bac \u00e0 marc - Dr Bean\",\"isPartOf\":{\"@id\":\"https:\/\/drbean.ca\/fr\/#website\"},\"primaryImageOfPage\":{\"@id\":\"http:\/\/drbean.ca\/fr\/catalogue\/accessoires\/bac-a-marc\/#primaryimage\"},\"image\":{\"@id\":\"http:\/\/drbean.ca\/fr\/catalogue\/accessoires\/bac-a-marc\/#primaryimage\"},\"thumbnailUrl\":\"https:\/\/drbean.ca\/wp-content\/uploads\/2020\/12\/IMG_1860.jpg\",\"datePublished\":\"2020-12-09T18:14:19+00:00\",\"dateModified\":\"2023-01-19T20:56:12+00:00\",\"breadcrumb\":{\"@id\":\"http:\/\/drbean.ca\/fr\/catalogue\/accessoires\/bac-a-marc\/#breadcrumb\"},\"inLanguage\":\"fr-FR\",\"potentialAction\":[{\"@type\":\"ReadAction\",\"target\":[\"http:\/\/drbean.ca\/fr\/catalogue\/accessoires\/bac-a-marc\/\"]}]},{\"@type\":\"ImageObject\",\"inLanguage\":\"fr-FR\",\"@id\":\"http:\/\/drbean.ca\/fr\/catalogue\/accessoires\/bac-a-marc\/#primaryimage\",\"url\":\"https:\/\/drbean.ca\/wp-content\/uploads\/2020\/12\/IMG_1860.jpg\",\"contentUrl\":\"https:\/\/drbean.ca\/wp-content\/uploads\/2020\/12\/IMG_1860.jpg\",\"width\":3024,\"height\":4032},{\"@type\":\"BreadcrumbList\",\"@id\":\"http:\/\/drbean.ca\/fr\/catalogue\/accessoires\/bac-a-marc\/#breadcrumb\",\"itemListElement\":[{\"@type\":\"ListItem\",\"position\":1,\"name\":\"Accueil\",\"item\":\"http:\/\/drbean.ca\/fr\/\"},{\"@type\":\"ListItem\",\"position\":2,\"name\":\"Boutique\",\"item\":\"http:\/\/drbean.ca\/fr\/boutique\/\"},{\"@type\":\"ListItem\",\"position\":3,\"name\":\"Bac \u00e0 marc\"}]},{\"@type\":\"WebSite\",\"@id\":\"https:\/\/drbean.ca\/fr\/#website\",\"url\":\"https:\/\/drbean.ca\/fr\/\",\"name\":\"Dr Bean\",\"description\":\"Votre partenaire depuis plus de 15 ans\",\"publisher\":{\"@id\":\"https:\/\/drbean.ca\/fr\/#organization\"},\"potentialAction\":[{\"@type\":\"SearchAction\",\"target\":{\"@type\":\"EntryPoint\",\"urlTemplate\":\"https:\/\/drbean.ca\/fr\/?s={search_term_string}\"},\"query-input\":{\"@type\":\"PropertyValueSpecification\",\"valueRequired\":true,\"valueName\":\"search_term_string\"}}],\"inLanguage\":\"fr-FR\"},{\"@type\":\"Organization\",\"@id\":\"https:\/\/drbean.ca\/fr\/#organization\",\"name\":\"Dr Bean\",\"url\":\"https:\/\/drbean.ca\/fr\/\",\"logo\":{\"@type\":\"ImageObject\",\"inLanguage\":\"fr-FR\",\"@id\":\"https:\/\/drbean.ca\/fr\/#\/schema\/logo\/image\/\",\"url\":\"https:\/\/drbean.ca\/wp-content\/uploads\/2016\/09\/footer_logo.png\",\"contentUrl\":\"https:\/\/drbean.ca\/wp-content\/uploads\/2016\/09\/footer_logo.png\",\"width\":216,\"height\":192,\"caption\":\"Dr Bean\"},\"image\":{\"@id\":\"https:\/\/drbean.ca\/fr\/#\/schema\/logo\/image\/\"},\"sameAs\":[\"https:\/\/www.facebook.com\/DRBEANMTL\",\"https:\/\/www.instagram.com\/drbeanmtl\/\"]}]}<\/script>\n<!-- \/ Yoast SEO plugin. -->","yoast_head_json":{"title":"Bac \u00e0 marc - Dr Bean","robots":{"index":"index","follow":"follow","max-snippet":"max-snippet:-1","max-image-preview":"max-image-preview:large","max-video-preview":"max-video-preview:-1"},"canonical":"http:\/\/drbean.ca\/fr\/catalogue\/accessoires\/bac-a-marc\/","og_locale":"fr_FR","og_type":"article","og_title":"Bac \u00e0 marc - Dr Bean","og_description":"425x280x100 mm  Poign\u00e9e pour une prise facile A\u00e9rations sup\u00e9rieures pour sortie vapeur Barre triangulaire pour faire taire le bruit Support de b\u00e2ton renforc\u00e9 Pieds con\u00e7us pour apporter solidit\u00e9 et r\u00e9duction du bruit Acier inoxydable poli Le tiroir est enti\u00e8rement amovible pour un nettoyage facile","og_url":"http:\/\/drbean.ca\/fr\/catalogue\/accessoires\/bac-a-marc\/","og_site_name":"Dr Bean","article_publisher":"https:\/\/www.facebook.com\/DRBEANMTL","article_modified_time":"2023-01-19T20:56:12+00:00","og_image":[{"width":768,"height":1024,"url":"https:\/\/drbean.ca\/wp-content\/uploads\/2020\/12\/IMG_1860-768x1024.jpg","type":"image\/jpeg"}],"twitter_card":"summary_large_image","schema":{"@context":"https:\/\/schema.org","@graph":[{"@type":"WebPage","@id":"http:\/\/drbean.ca\/fr\/catalogue\/accessoires\/bac-a-marc\/","url":"http:\/\/drbean.ca\/fr\/catalogue\/accessoires\/bac-a-marc\/","name":"Bac \u00e0 marc - Dr Bean","isPartOf":{"@id":"https:\/\/drbean.ca\/fr\/#website"},"primaryImageOfPage":{"@id":"http:\/\/drbean.ca\/fr\/catalogue\/accessoires\/bac-a-marc\/#primaryimage"},"image":{"@id":"http:\/\/drbean.ca\/fr\/catalogue\/accessoires\/bac-a-marc\/#primaryimage"},"thumbnailUrl":"https:\/\/drbean.ca\/wp-content\/uploads\/2020\/12\/IMG_1860.jpg","datePublished":"2020-12-09T18:14:19+00:00","dateModified":"2023-01-19T20:56:12+00:00","breadcrumb":{"@id":"http:\/\/drbean.ca\/fr\/catalogue\/accessoires\/bac-a-marc\/#breadcrumb"},"inLanguage":"fr-FR","potentialAction":[{"@type":"ReadAction","target":["http:\/\/drbean.ca\/fr\/catalogue\/accessoires\/bac-a-marc\/"]}]},{"@type":"ImageObject","inLanguage":"fr-FR","@id":"http:\/\/drbean.ca\/fr\/catalogue\/accessoires\/bac-a-marc\/#primaryimage","url":"https:\/\/drbean.ca\/wp-content\/uploads\/2020\/12\/IMG_1860.jpg","contentUrl":"https:\/\/drbean.ca\/wp-content\/uploads\/2020\/12\/IMG_1860.jpg","width":3024,"height":4032},{"@type":"BreadcrumbList","@id":"http:\/\/drbean.ca\/fr\/catalogue\/accessoires\/bac-a-marc\/#breadcrumb","itemListElement":[{"@type":"ListItem","position":1,"name":"Accueil","item":"http:\/\/drbean.ca\/fr\/"},{"@type":"ListItem","position":2,"name":"Boutique","item":"http:\/\/drbean.ca\/fr\/boutique\/"},{"@type":"ListItem","position":3,"name":"Bac \u00e0 marc"}]},{"@type":"WebSite","@id":"https:\/\/drbean.ca\/fr\/#website","url":"https:\/\/drbean.ca\/fr\/","name":"Dr Bean","description":"Votre partenaire depuis plus de 15 ans","publisher":{"@id":"https:\/\/drbean.ca\/fr\/#organization"},"potentialAction":[{"@type":"SearchAction","target":{"@type":"EntryPoint","urlTemplate":"https:\/\/drbean.ca\/fr\/?s={search_term_string}"},"query-input":{"@type":"PropertyValueSpecification","valueRequired":true,"valueName":"search_term_string"}}],"inLanguage":"fr-FR"},{"@type":"Organization","@id":"https:\/\/drbean.ca\/fr\/#organization","name":"Dr Bean","url":"https:\/\/drbean.ca\/fr\/","logo":{"@type":"ImageObject","inLanguage":"fr-FR","@id":"https:\/\/drbean.ca\/fr\/#\/schema\/logo\/image\/","url":"https:\/\/drbean.ca\/wp-content\/uploads\/2016\/09\/footer_logo.png","contentUrl":"https:\/\/drbean.ca\/wp-content\/uploads\/2016\/09\/footer_logo.png","width":216,"height":192,"caption":"Dr Bean"},"image":{"@id":"https:\/\/drbean.ca\/fr\/#\/schema\/logo\/image\/"},"sameAs":["https:\/\/www.facebook.com\/DRBEANMTL","https:\/\/www.instagram.com\/drbeanmtl\/"]}]}},"_links":{"self":[{"href":"https:\/\/drbean.ca\/fr\/wp-json\/wp\/v2\/product\/2344","targetHints":{"allow":["GET"]}}],"collection":[{"href":"https:\/\/drbean.ca\/fr\/wp-json\/wp\/v2\/product"}],"about":[{"href":"https:\/\/drbean.ca\/fr\/wp-json\/wp\/v2\/types\/product"}],"wp:featuredmedia":[{"embeddable":true,"href":"https:\/\/drbean.ca\/fr\/wp-json\/wp\/v2\/media\/2327"}],"wp:attachment":[{"href":"https:\/\/drbean.ca\/fr\/wp-json\/wp\/v2\/media?parent=2344"}],"wp:term":[{"taxonomy":"product_cat","embeddable":true,"href":"https:\/\/drbean.ca\/fr\/wp-json\/wp\/v2\/product_cat?post=2344"},{"taxonomy":"product_tag","embeddable":true,"href":"https:\/\/drbean.ca\/fr\/wp-json\/wp\/v2\/product_tag?post=2344"}],"curies":[{"name":"wp","href":"https:\/\/api.w.org\/{rel}","templated":true}]}}