{"id":2415,"date":"2021-03-23T10:45:20","date_gmt":"2021-03-23T14:45:20","guid":{"rendered":"http:\/\/fast-rose.flywheelsites.com\/?post_type=product&#038;p=2415"},"modified":"2023-01-19T16:58:50","modified_gmt":"2023-01-19T20:58:50","slug":"lelit-mara-x","status":"publish","type":"product","link":"https:\/\/drbean.ca\/fr\/catalogue\/residentiel\/lelit-mara-x\/","title":{"rendered":"Lelit Mara X"},"content":{"rendered":"<p>Les machines espresso Lelit sont fabriqu\u00e9es dans la r\u00e9gion de Milan en Italie, utilisant les m\u00eames technologies et composants que des machines professionnelles. Chaque machine a \u00e9t\u00e9 con\u00e7ue pour donner la temp\u00e9rature et la pression d\u2019eau optimale pour<br \/>\ndes espresso d\u2019exception.<br \/>\nEn choisissant une machine Lelit vous avez chez vous une machine imagin\u00e9e,<br \/>\ncr\u00e9\u00e9e et produite pour les vrais amoureux d\u2019espresso.<br \/>\n<iframe title=\"LELIT MaraX PL62X\" width=\"1080\" height=\"608\" src=\"https:\/\/www.youtube.com\/embed\/DDkTVc43aI4?feature=oembed\" frameborder=\"0\" allow=\"accelerometer; autoplay; clipboard-write; encrypted-media; gyroscope; picture-in-picture\" allowfullscreen><\/iframe><\/p>\n","protected":false},"excerpt":{"rendered":"<p><strong>LA MACHINE \u00c0 ESPRESSO LA PLUS COMPACTE AVEC LE GROUPE DE TYPE E61<\/strong><\/p>\n<p>Nous avons mis en \u0153uvre la meilleure technologie existante dans le monde du caf\u00e9 dans une machine au design unique et compact. Un objet merveilleux pour pratiquer les r\u00e8gles d&rsquo;or qui permettent \u00e0 chaque vrai barista de pr\u00e9parer l&rsquo;espresso le plus sensuel dont il puisse r\u00eaver.<\/p>\n<p><strong>Mara <\/strong>est au sommet du prestige dans le secteur des machines espresso r\u00e9sidentielles. Elle combine la meilleure technologie jamais produite, le groupe E61 en laiton chrom\u00e9 et un corps compact tout en acier inoxydable.<\/p>\n<p>\u2022 Bouilloire en inox 1,5 l<br \/>\navec \u00e9changeur de chaleur<br \/>\n\u2022 Groupe E61 avec pr\u00e9-infusion m\u00e9canique<br \/>\n\u2022 Chauffage du groupe<br \/>\npar thermosiphon<br \/>\n\u2022 Robinets eau\/vapeur professionnels<br \/>\navec fermeture \u00e0 ressort<br \/>\n\u2022 \u00c9lectrovanne trois voies<br \/>\n\u2022 Interrupteur \u00e0 levier<br \/>\n\u2022 DEL d\u2019indication de chauffe<br \/>\n\u2022 Indicateur marche-arr\u00eat<br \/>\n\u2022 Indicateur sonore de niveau d\u2019eau<br \/>\n\u2022 Bras vapeur et eau chaude anti-br\u00fblure et multidirectionnels<\/p>\n<p><strong>Livr\u00e9e avec:<\/strong> porte-filtre professionnel 58 mm avec filtre 1 dose, second porte-filtre avec filtre 2 doses, filtre aveugle, filtre r\u00e9sine pour 35 l, tasseur en acier inox avec manche en bois rouge<\/p>\n<p><strong>R\u00e9servoir d&rsquo;eau:<\/strong><br \/>\n2,5 l<\/p>\n<p><strong>Pompe \u00e0 caf\u00e9 \/ eau:<\/strong><br \/>\n15 bar<\/p>\n<p><strong>Dimensions:<\/strong><br \/>\n22x41x35 cm<\/p>\n<p><strong>Puissance totale:<\/strong><br \/>\n1350 W<\/p>\n<p><strong>Tension:<\/strong><br \/>\n120V 60Hz<\/p>\n<p><strong>Poids:<\/strong><br \/>\n18,8 kilogrammes<\/p>\n","protected":false},"featured_media":2416,"template":"","meta":{"_et_pb_use_builder":"","_et_pb_old_content":"","om_disable_all_campaigns":false,"_monsterinsights_skip_tracking":false,"_monsterinsights_sitenote_active":false,"_monsterinsights_sitenote_note":"","_monsterinsights_sitenote_category":0},"product_cat":[72,44],"product_tag":[],"class_list":{"0":"post-2415","1":"product","2":"type-product","3":"status-publish","4":"has-post-thumbnail","6":"product_cat-homepage","7":"product_cat-residentiel","9":"first","10":"instock","11":"sold-individually","12":"taxable","13":"shipping-taxable","14":"purchasable","15":"product-type-simple"},"aioseo_notices":[],"yoast_head":"<!-- This site is optimized with the Yoast SEO plugin v23.7 - https:\/\/yoast.com\/wordpress\/plugins\/seo\/ -->\n<title>Lelit Mara X - Dr Bean<\/title>\n<meta name=\"robots\" content=\"index, follow, max-snippet:-1, max-image-preview:large, max-video-preview:-1\" \/>\n<link rel=\"canonical\" href=\"http:\/\/drbean.ca\/fr\/catalogue\/residentiel\/lelit-mara-x\/\" \/>\n<meta property=\"og:locale\" content=\"fr_FR\" \/>\n<meta property=\"og:type\" content=\"article\" \/>\n<meta property=\"og:title\" content=\"Lelit Mara X - Dr Bean\" \/>\n<meta property=\"og:description\" content=\"LA MACHINE \u00c0 ESPRESSO LA PLUS COMPACTE AVEC LE GROUPE DE TYPE E61  Nous avons mis en \u0153uvre la meilleure technologie existante dans le monde du caf\u00e9 dans une machine au design unique et compact. Un objet merveilleux pour pratiquer les r\u00e8gles d&#039;or qui permettent \u00e0 chaque vrai barista de pr\u00e9parer l&#039;espresso le plus sensuel dont il puisse r\u00eaver.  Mara est au sommet du prestige dans le secteur des machines espresso r\u00e9sidentielles. Elle combine la meilleure technologie jamais produite, le groupe E61 en laiton chrom\u00e9 et un corps compact tout en acier inoxydable.  \u2022 Bouilloire en inox 1,5 l avec \u00e9changeur de chaleur \u2022 Groupe E61 avec pr\u00e9-infusion m\u00e9canique \u2022 Chauffage du groupe par thermosiphon \u2022 Robinets eau\/vapeur professionnels avec fermeture \u00e0 ressort \u2022 \u00c9lectrovanne trois voies \u2022 Interrupteur \u00e0 levier \u2022 DEL d\u2019indication de chauffe \u2022 Indicateur marche-arr\u00eat \u2022 Indicateur sonore de niveau d\u2019eau \u2022 Bras vapeur et eau chaude anti-br\u00fblure et multidirectionnels  Livr\u00e9e avec: porte-filtre professionnel 58 mm avec filtre 1 dose, second porte-filtre avec filtre 2 doses, filtre aveugle, filtre r\u00e9sine pour 35 l, tasseur en acier inox avec manche en bois rouge   R\u00e9servoir d&#039;eau: 2,5 l  Pompe \u00e0 caf\u00e9 \/ eau: 15 bar  Dimensions: 22x41x35 cm  Puissance totale: 1350 W  Tension: 120V 60Hz  Poids: 18,8 kilogrammes\" \/>\n<meta property=\"og:url\" content=\"http:\/\/drbean.ca\/fr\/catalogue\/residentiel\/lelit-mara-x\/\" \/>\n<meta property=\"og:site_name\" content=\"Dr Bean\" \/>\n<meta property=\"article:publisher\" content=\"https:\/\/www.facebook.com\/DRBEANMTL\" \/>\n<meta property=\"article:modified_time\" content=\"2023-01-19T20:58:50+00:00\" \/>\n<meta property=\"og:image\" content=\"https:\/\/drbean.ca\/wp-content\/uploads\/2021\/03\/mara-x.png\" \/>\n\t<meta property=\"og:image:width\" content=\"499\" \/>\n\t<meta property=\"og:image:height\" content=\"500\" \/>\n\t<meta property=\"og:image:type\" content=\"image\/png\" \/>\n<meta name=\"twitter:card\" content=\"summary_large_image\" \/>\n<script type=\"application\/ld+json\" class=\"yoast-schema-graph\">{\"@context\":\"https:\/\/schema.org\",\"@graph\":[{\"@type\":\"WebPage\",\"@id\":\"http:\/\/drbean.ca\/fr\/catalogue\/residentiel\/lelit-mara-x\/\",\"url\":\"http:\/\/drbean.ca\/fr\/catalogue\/residentiel\/lelit-mara-x\/\",\"name\":\"Lelit Mara X - Dr Bean\",\"isPartOf\":{\"@id\":\"https:\/\/drbean.ca\/fr\/#website\"},\"primaryImageOfPage\":{\"@id\":\"http:\/\/drbean.ca\/fr\/catalogue\/residentiel\/lelit-mara-x\/#primaryimage\"},\"image\":{\"@id\":\"http:\/\/drbean.ca\/fr\/catalogue\/residentiel\/lelit-mara-x\/#primaryimage\"},\"thumbnailUrl\":\"https:\/\/drbean.ca\/wp-content\/uploads\/2021\/03\/mara-x.png\",\"datePublished\":\"2021-03-23T14:45:20+00:00\",\"dateModified\":\"2023-01-19T20:58:50+00:00\",\"breadcrumb\":{\"@id\":\"http:\/\/drbean.ca\/fr\/catalogue\/residentiel\/lelit-mara-x\/#breadcrumb\"},\"inLanguage\":\"fr-FR\",\"potentialAction\":[{\"@type\":\"ReadAction\",\"target\":[\"http:\/\/drbean.ca\/fr\/catalogue\/residentiel\/lelit-mara-x\/\"]}]},{\"@type\":\"ImageObject\",\"inLanguage\":\"fr-FR\",\"@id\":\"http:\/\/drbean.ca\/fr\/catalogue\/residentiel\/lelit-mara-x\/#primaryimage\",\"url\":\"https:\/\/drbean.ca\/wp-content\/uploads\/2021\/03\/mara-x.png\",\"contentUrl\":\"https:\/\/drbean.ca\/wp-content\/uploads\/2021\/03\/mara-x.png\",\"width\":499,\"height\":500},{\"@type\":\"BreadcrumbList\",\"@id\":\"http:\/\/drbean.ca\/fr\/catalogue\/residentiel\/lelit-mara-x\/#breadcrumb\",\"itemListElement\":[{\"@type\":\"ListItem\",\"position\":1,\"name\":\"Accueil\",\"item\":\"http:\/\/drbean.ca\/fr\/\"},{\"@type\":\"ListItem\",\"position\":2,\"name\":\"Boutique\",\"item\":\"http:\/\/drbean.ca\/fr\/boutique\/\"},{\"@type\":\"ListItem\",\"position\":3,\"name\":\"Lelit Mara X\"}]},{\"@type\":\"WebSite\",\"@id\":\"https:\/\/drbean.ca\/fr\/#website\",\"url\":\"https:\/\/drbean.ca\/fr\/\",\"name\":\"Dr Bean\",\"description\":\"Votre partenaire depuis plus de 15 ans\",\"publisher\":{\"@id\":\"https:\/\/drbean.ca\/fr\/#organization\"},\"potentialAction\":[{\"@type\":\"SearchAction\",\"target\":{\"@type\":\"EntryPoint\",\"urlTemplate\":\"https:\/\/drbean.ca\/fr\/?s={search_term_string}\"},\"query-input\":{\"@type\":\"PropertyValueSpecification\",\"valueRequired\":true,\"valueName\":\"search_term_string\"}}],\"inLanguage\":\"fr-FR\"},{\"@type\":\"Organization\",\"@id\":\"https:\/\/drbean.ca\/fr\/#organization\",\"name\":\"Dr Bean\",\"url\":\"https:\/\/drbean.ca\/fr\/\",\"logo\":{\"@type\":\"ImageObject\",\"inLanguage\":\"fr-FR\",\"@id\":\"https:\/\/drbean.ca\/fr\/#\/schema\/logo\/image\/\",\"url\":\"https:\/\/drbean.ca\/wp-content\/uploads\/2016\/09\/footer_logo.png\",\"contentUrl\":\"https:\/\/drbean.ca\/wp-content\/uploads\/2016\/09\/footer_logo.png\",\"width\":216,\"height\":192,\"caption\":\"Dr Bean\"},\"image\":{\"@id\":\"https:\/\/drbean.ca\/fr\/#\/schema\/logo\/image\/\"},\"sameAs\":[\"https:\/\/www.facebook.com\/DRBEANMTL\",\"https:\/\/www.instagram.com\/drbeanmtl\/\"]}]}<\/script>\n<!-- \/ Yoast SEO plugin. -->","yoast_head_json":{"title":"Lelit Mara X - Dr Bean","robots":{"index":"index","follow":"follow","max-snippet":"max-snippet:-1","max-image-preview":"max-image-preview:large","max-video-preview":"max-video-preview:-1"},"canonical":"http:\/\/drbean.ca\/fr\/catalogue\/residentiel\/lelit-mara-x\/","og_locale":"fr_FR","og_type":"article","og_title":"Lelit Mara X - Dr Bean","og_description":"LA MACHINE \u00c0 ESPRESSO LA PLUS COMPACTE AVEC LE GROUPE DE TYPE E61  Nous avons mis en \u0153uvre la meilleure technologie existante dans le monde du caf\u00e9 dans une machine au design unique et compact. Un objet merveilleux pour pratiquer les r\u00e8gles d'or qui permettent \u00e0 chaque vrai barista de pr\u00e9parer l'espresso le plus sensuel dont il puisse r\u00eaver.  Mara est au sommet du prestige dans le secteur des machines espresso r\u00e9sidentielles. Elle combine la meilleure technologie jamais produite, le groupe E61 en laiton chrom\u00e9 et un corps compact tout en acier inoxydable.  \u2022 Bouilloire en inox 1,5 l avec \u00e9changeur de chaleur \u2022 Groupe E61 avec pr\u00e9-infusion m\u00e9canique \u2022 Chauffage du groupe par thermosiphon \u2022 Robinets eau\/vapeur professionnels avec fermeture \u00e0 ressort \u2022 \u00c9lectrovanne trois voies \u2022 Interrupteur \u00e0 levier \u2022 DEL d\u2019indication de chauffe \u2022 Indicateur marche-arr\u00eat \u2022 Indicateur sonore de niveau d\u2019eau \u2022 Bras vapeur et eau chaude anti-br\u00fblure et multidirectionnels  Livr\u00e9e avec: porte-filtre professionnel 58 mm avec filtre 1 dose, second porte-filtre avec filtre 2 doses, filtre aveugle, filtre r\u00e9sine pour 35 l, tasseur en acier inox avec manche en bois rouge   R\u00e9servoir d'eau: 2,5 l  Pompe \u00e0 caf\u00e9 \/ eau: 15 bar  Dimensions: 22x41x35 cm  Puissance totale: 1350 W  Tension: 120V 60Hz  Poids: 18,8 kilogrammes","og_url":"http:\/\/drbean.ca\/fr\/catalogue\/residentiel\/lelit-mara-x\/","og_site_name":"Dr Bean","article_publisher":"https:\/\/www.facebook.com\/DRBEANMTL","article_modified_time":"2023-01-19T20:58:50+00:00","og_image":[{"width":499,"height":500,"url":"https:\/\/drbean.ca\/wp-content\/uploads\/2021\/03\/mara-x.png","type":"image\/png"}],"twitter_card":"summary_large_image","schema":{"@context":"https:\/\/schema.org","@graph":[{"@type":"WebPage","@id":"http:\/\/drbean.ca\/fr\/catalogue\/residentiel\/lelit-mara-x\/","url":"http:\/\/drbean.ca\/fr\/catalogue\/residentiel\/lelit-mara-x\/","name":"Lelit Mara X - Dr Bean","isPartOf":{"@id":"https:\/\/drbean.ca\/fr\/#website"},"primaryImageOfPage":{"@id":"http:\/\/drbean.ca\/fr\/catalogue\/residentiel\/lelit-mara-x\/#primaryimage"},"image":{"@id":"http:\/\/drbean.ca\/fr\/catalogue\/residentiel\/lelit-mara-x\/#primaryimage"},"thumbnailUrl":"https:\/\/drbean.ca\/wp-content\/uploads\/2021\/03\/mara-x.png","datePublished":"2021-03-23T14:45:20+00:00","dateModified":"2023-01-19T20:58:50+00:00","breadcrumb":{"@id":"http:\/\/drbean.ca\/fr\/catalogue\/residentiel\/lelit-mara-x\/#breadcrumb"},"inLanguage":"fr-FR","potentialAction":[{"@type":"ReadAction","target":["http:\/\/drbean.ca\/fr\/catalogue\/residentiel\/lelit-mara-x\/"]}]},{"@type":"ImageObject","inLanguage":"fr-FR","@id":"http:\/\/drbean.ca\/fr\/catalogue\/residentiel\/lelit-mara-x\/#primaryimage","url":"https:\/\/drbean.ca\/wp-content\/uploads\/2021\/03\/mara-x.png","contentUrl":"https:\/\/drbean.ca\/wp-content\/uploads\/2021\/03\/mara-x.png","width":499,"height":500},{"@type":"BreadcrumbList","@id":"http:\/\/drbean.ca\/fr\/catalogue\/residentiel\/lelit-mara-x\/#breadcrumb","itemListElement":[{"@type":"ListItem","position":1,"name":"Accueil","item":"http:\/\/drbean.ca\/fr\/"},{"@type":"ListItem","position":2,"name":"Boutique","item":"http:\/\/drbean.ca\/fr\/boutique\/"},{"@type":"ListItem","position":3,"name":"Lelit Mara X"}]},{"@type":"WebSite","@id":"https:\/\/drbean.ca\/fr\/#website","url":"https:\/\/drbean.ca\/fr\/","name":"Dr Bean","description":"Votre partenaire depuis plus de 15 ans","publisher":{"@id":"https:\/\/drbean.ca\/fr\/#organization"},"potentialAction":[{"@type":"SearchAction","target":{"@type":"EntryPoint","urlTemplate":"https:\/\/drbean.ca\/fr\/?s={search_term_string}"},"query-input":{"@type":"PropertyValueSpecification","valueRequired":true,"valueName":"search_term_string"}}],"inLanguage":"fr-FR"},{"@type":"Organization","@id":"https:\/\/drbean.ca\/fr\/#organization","name":"Dr Bean","url":"https:\/\/drbean.ca\/fr\/","logo":{"@type":"ImageObject","inLanguage":"fr-FR","@id":"https:\/\/drbean.ca\/fr\/#\/schema\/logo\/image\/","url":"https:\/\/drbean.ca\/wp-content\/uploads\/2016\/09\/footer_logo.png","contentUrl":"https:\/\/drbean.ca\/wp-content\/uploads\/2016\/09\/footer_logo.png","width":216,"height":192,"caption":"Dr Bean"},"image":{"@id":"https:\/\/drbean.ca\/fr\/#\/schema\/logo\/image\/"},"sameAs":["https:\/\/www.facebook.com\/DRBEANMTL","https:\/\/www.instagram.com\/drbeanmtl\/"]}]}},"_links":{"self":[{"href":"https:\/\/drbean.ca\/fr\/wp-json\/wp\/v2\/product\/2415","targetHints":{"allow":["GET"]}}],"collection":[{"href":"https:\/\/drbean.ca\/fr\/wp-json\/wp\/v2\/product"}],"about":[{"href":"https:\/\/drbean.ca\/fr\/wp-json\/wp\/v2\/types\/product"}],"wp:featuredmedia":[{"embeddable":true,"href":"https:\/\/drbean.ca\/fr\/wp-json\/wp\/v2\/media\/2416"}],"wp:attachment":[{"href":"https:\/\/drbean.ca\/fr\/wp-json\/wp\/v2\/media?parent=2415"}],"wp:term":[{"taxonomy":"product_cat","embeddable":true,"href":"https:\/\/drbean.ca\/fr\/wp-json\/wp\/v2\/product_cat?post=2415"},{"taxonomy":"product_tag","embeddable":true,"href":"https:\/\/drbean.ca\/fr\/wp-json\/wp\/v2\/product_tag?post=2415"}],"curies":[{"name":"wp","href":"https:\/\/api.w.org\/{rel}","templated":true}]}}