{"id":280,"date":"2016-06-10T08:44:54","date_gmt":"2016-06-10T12:44:54","guid":{"rendered":"https:\/\/drbean.cafebarista.ca\/?post_type=product&#038;p=280"},"modified":"2023-01-19T16:57:59","modified_gmt":"2023-01-19T20:57:59","slug":"machine-a-cafe-tango-uno","status":"publish","type":"product","link":"https:\/\/drbean.ca\/fr\/catalogue\/machines\/automatiques\/machine-a-cafe-tango-uno\/","title":{"rendered":"Unic Tango Ace"},"content":{"rendered":"<h3>Tango Uno<\/h3>\n<p>La\u00a0<strong>machine \u00e0 caf\u00e9 automatique professionnelle\u00a0<\/strong>Tango\u00ae Ace \u00e9tonne par son r\u00e9sultat exceptionnel dans la tasse, et sa qualit\u00e9 de fabrication gage de fiabilit\u00e9 pour un mat\u00e9riel de haut niveau professionnel.<\/p>\n<p>D\u00e9clin\u00e9e en 3 coloris, blanc, noir et inox, et \u00e9quip\u00e9e d\u2019un \u00e9cran tactile de 7&Prime;, la<strong>\u00a0Tango\u00ae Ace<\/strong>\u00a0offre une s\u00e9lection de 48 boissons chaudes, enti\u00e8rement personnalisable, et tr\u00e8s compl\u00e8te gr\u00e2ce \u00e0 l\u2019ajout d\u2019une tr\u00e9mie produit poudre pour le chocolat ou encore du syst\u00e8me cappuccinatore pour le traitement du lait frais.<\/p>\n<p>La\u00a0<strong>Tango\u00ae Ace<\/strong>\u00a0est conseill\u00e9e pour des professionnels (restaurants, bars, chaines de restauration et de caf\u00e9, restauration d\u2019entreprise et collective\u2026)\u00a0<strong>ayant une consommation hebdomadaire jusqu\u2019\u00e0 10Kg de caf\u00e9.<\/strong><\/p>\n<p><strong>Production horaire :<\/strong><\/p>\n<ul>\n<li><strong>Espresso<\/strong>\u00a040ml : 220 tasses\/h<\/li>\n<li><strong>Lungo<\/strong>\u00a0100ml : 150 tasses\/h<\/li>\n<li><strong>Eau chaude<\/strong>\u00a0: 30 L\/h<\/li>\n<li><strong>Cappuccino<\/strong>\u00a0100ml *: 170 tasses\/h<\/li>\n<li><strong>Latte\/Caf\u00e9 lait<\/strong>\u00a0100ml * : 150 tasses\/h<\/li>\n<\/ul>\n<p>* avec syst\u00e8me Cappuccinatore en option<\/p>\n","protected":false},"excerpt":{"rendered":"<p>La\u00a0<strong>machine \u00e0 caf\u00e9 automatique professionnelle\u00a0<\/strong>Tango\u00ae Ace \u00e9tonne par son r\u00e9sultat exceptionnel dans la tasse, et sa qualit\u00e9 de fabrication gage de fiabilit\u00e9 pour un mat\u00e9riel de haut niveau professionnel.<\/p>\n<p>D\u00e9clin\u00e9e en 3 coloris, blanc, noir et inox, et \u00e9quip\u00e9e d\u2019un \u00e9cran tactile de 7&Prime;, la<strong>\u00a0Tango\u00ae Ace<\/strong>\u00a0offre une s\u00e9lection de 48 boissons chaudes, enti\u00e8rement personnalisable, et tr\u00e8s compl\u00e8te gr\u00e2ce \u00e0 l\u2019ajout d\u2019une tr\u00e9mie produit poudre pour le chocolat ou encore du syst\u00e8me cappuccinatore pour le traitement du lait frais.<\/p>\n<p>La\u00a0<strong>Tango\u00ae Ace<\/strong>\u00a0est conseill\u00e9e pour des professionnels (restaurants, bars, chaines de restauration et de caf\u00e9, restauration d\u2019entreprise et collective\u2026)\u00a0<strong>ayant une consommation hebdomadaire jusqu\u2019\u00e0 10Kg de caf\u00e9.<\/strong><\/p>\n<p>&nbsp;<\/p>\n<p><a class=\"maxbutton-1 maxbutton maxbutton-fiche-technique-mira\" target=\"_blank\" rel=\"noopener\" href=\"https:\/\/www.unic-sa.com\/uploads\/media\/product\/0001\/01\/f60b9d321f81c7c72bda54bb60d473452f92a733.pdf\"><span class='mb-text'>FICHE TECHNIQUE<\/span><\/a><\/p>\n<p><a class=\"maxbutton-2 maxbutton maxbutton-technical-manual\" target=\"_blank\" rel=\"noopener\" href=\"https:\/\/www.unic-sa.com\/uploads\/media\/product\/0001\/01\/f4d86f354cf37eaee7fa6215b425b9e7e20e3af1.pdf\"><span class='mb-text'>TECHNICAL MANUAL<\/span><\/a><\/p>\n<p>&nbsp;<\/p>\n","protected":false},"featured_media":1670,"template":"","meta":{"_et_pb_use_builder":"","_et_pb_old_content":"","om_disable_all_campaigns":false,"_monsterinsights_skip_tracking":false,"_monsterinsights_sitenote_active":false,"_monsterinsights_sitenote_note":"","_monsterinsights_sitenote_category":0},"product_cat":[41,43,32,35],"product_tag":[],"class_list":{"0":"post-280","1":"product","2":"type-product","3":"status-publish","4":"has-post-thumbnail","6":"product_cat-machines","7":"product_cat-automatiques","8":"product_cat-restaurants","9":"product_cat-de-20-a-60-places-assises","11":"first","12":"instock","13":"featured","14":"taxable","15":"shipping-taxable","16":"product-type-simple"},"aioseo_notices":[],"yoast_head":"<!-- This site is optimized with the Yoast SEO plugin v23.7 - https:\/\/yoast.com\/wordpress\/plugins\/seo\/ -->\n<title>Unic Tango Ace - Dr Bean<\/title>\n<meta name=\"description\" content=\"La TANGO\u00ae UNO est la machine espresso automatique adapt\u00e9e aux \u00e9tablissements faisant le choix de la pr\u00e9paration automatique de boissons caf\u00e9.\" \/>\n<meta name=\"robots\" content=\"index, follow, max-snippet:-1, max-image-preview:large, max-video-preview:-1\" \/>\n<link rel=\"canonical\" href=\"http:\/\/drbean.ca\/fr\/catalogue\/machines\/automatiques\/machine-a-cafe-tango-uno\/\" \/>\n<meta property=\"og:locale\" content=\"fr_FR\" \/>\n<meta property=\"og:type\" content=\"article\" \/>\n<meta property=\"og:title\" content=\"Unic Tango Ace - Dr Bean\" \/>\n<meta property=\"og:description\" content=\"La TANGO\u00ae UNO est la machine espresso automatique adapt\u00e9e aux \u00e9tablissements faisant le choix de la pr\u00e9paration automatique de boissons caf\u00e9.\" \/>\n<meta property=\"og:url\" content=\"http:\/\/drbean.ca\/fr\/catalogue\/machines\/automatiques\/machine-a-cafe-tango-uno\/\" \/>\n<meta property=\"og:site_name\" content=\"Dr Bean\" \/>\n<meta property=\"article:publisher\" content=\"https:\/\/www.facebook.com\/DRBEANMTL\" \/>\n<meta property=\"article:modified_time\" content=\"2023-01-19T20:57:59+00:00\" \/>\n<meta property=\"og:image\" content=\"https:\/\/drbean.ca\/wp-content\/uploads\/2016\/06\/thumb_861_product_large.jpeg\" \/>\n\t<meta property=\"og:image:width\" content=\"962\" \/>\n\t<meta property=\"og:image:height\" content=\"1089\" \/>\n\t<meta property=\"og:image:type\" content=\"image\/jpeg\" \/>\n<meta name=\"twitter:card\" content=\"summary_large_image\" \/>\n<meta name=\"twitter:label1\" content=\"Dur\u00e9e de lecture estim\u00e9e\" \/>\n\t<meta name=\"twitter:data1\" content=\"1 minute\" \/>\n<script type=\"application\/ld+json\" class=\"yoast-schema-graph\">{\"@context\":\"https:\/\/schema.org\",\"@graph\":[{\"@type\":\"WebPage\",\"@id\":\"http:\/\/drbean.ca\/fr\/catalogue\/machines\/automatiques\/machine-a-cafe-tango-uno\/\",\"url\":\"http:\/\/drbean.ca\/fr\/catalogue\/machines\/automatiques\/machine-a-cafe-tango-uno\/\",\"name\":\"Unic Tango Ace - Dr Bean\",\"isPartOf\":{\"@id\":\"https:\/\/drbean.ca\/fr\/#website\"},\"primaryImageOfPage\":{\"@id\":\"http:\/\/drbean.ca\/fr\/catalogue\/machines\/automatiques\/machine-a-cafe-tango-uno\/#primaryimage\"},\"image\":{\"@id\":\"http:\/\/drbean.ca\/fr\/catalogue\/machines\/automatiques\/machine-a-cafe-tango-uno\/#primaryimage\"},\"thumbnailUrl\":\"https:\/\/drbean.ca\/wp-content\/uploads\/2016\/06\/thumb_861_product_large.jpeg\",\"datePublished\":\"2016-06-10T12:44:54+00:00\",\"dateModified\":\"2023-01-19T20:57:59+00:00\",\"description\":\"La TANGO\u00ae UNO est la machine espresso automatique adapt\u00e9e aux \u00e9tablissements faisant le choix de la pr\u00e9paration automatique de boissons caf\u00e9.\",\"breadcrumb\":{\"@id\":\"http:\/\/drbean.ca\/fr\/catalogue\/machines\/automatiques\/machine-a-cafe-tango-uno\/#breadcrumb\"},\"inLanguage\":\"fr-FR\",\"potentialAction\":[{\"@type\":\"ReadAction\",\"target\":[\"http:\/\/drbean.ca\/fr\/catalogue\/machines\/automatiques\/machine-a-cafe-tango-uno\/\"]}]},{\"@type\":\"ImageObject\",\"inLanguage\":\"fr-FR\",\"@id\":\"http:\/\/drbean.ca\/fr\/catalogue\/machines\/automatiques\/machine-a-cafe-tango-uno\/#primaryimage\",\"url\":\"https:\/\/drbean.ca\/wp-content\/uploads\/2016\/06\/thumb_861_product_large.jpeg\",\"contentUrl\":\"https:\/\/drbean.ca\/wp-content\/uploads\/2016\/06\/thumb_861_product_large.jpeg\",\"width\":962,\"height\":1089},{\"@type\":\"BreadcrumbList\",\"@id\":\"http:\/\/drbean.ca\/fr\/catalogue\/machines\/automatiques\/machine-a-cafe-tango-uno\/#breadcrumb\",\"itemListElement\":[{\"@type\":\"ListItem\",\"position\":1,\"name\":\"Accueil\",\"item\":\"http:\/\/drbean.ca\/fr\/\"},{\"@type\":\"ListItem\",\"position\":2,\"name\":\"Boutique\",\"item\":\"http:\/\/drbean.ca\/fr\/boutique\/\"},{\"@type\":\"ListItem\",\"position\":3,\"name\":\"Unic Tango Ace\"}]},{\"@type\":\"WebSite\",\"@id\":\"https:\/\/drbean.ca\/fr\/#website\",\"url\":\"https:\/\/drbean.ca\/fr\/\",\"name\":\"Dr Bean\",\"description\":\"Votre partenaire depuis plus de 15 ans\",\"publisher\":{\"@id\":\"https:\/\/drbean.ca\/fr\/#organization\"},\"potentialAction\":[{\"@type\":\"SearchAction\",\"target\":{\"@type\":\"EntryPoint\",\"urlTemplate\":\"https:\/\/drbean.ca\/fr\/?s={search_term_string}\"},\"query-input\":{\"@type\":\"PropertyValueSpecification\",\"valueRequired\":true,\"valueName\":\"search_term_string\"}}],\"inLanguage\":\"fr-FR\"},{\"@type\":\"Organization\",\"@id\":\"https:\/\/drbean.ca\/fr\/#organization\",\"name\":\"Dr Bean\",\"url\":\"https:\/\/drbean.ca\/fr\/\",\"logo\":{\"@type\":\"ImageObject\",\"inLanguage\":\"fr-FR\",\"@id\":\"https:\/\/drbean.ca\/fr\/#\/schema\/logo\/image\/\",\"url\":\"https:\/\/drbean.ca\/wp-content\/uploads\/2016\/09\/footer_logo.png\",\"contentUrl\":\"https:\/\/drbean.ca\/wp-content\/uploads\/2016\/09\/footer_logo.png\",\"width\":216,\"height\":192,\"caption\":\"Dr Bean\"},\"image\":{\"@id\":\"https:\/\/drbean.ca\/fr\/#\/schema\/logo\/image\/\"},\"sameAs\":[\"https:\/\/www.facebook.com\/DRBEANMTL\",\"https:\/\/www.instagram.com\/drbeanmtl\/\"]}]}<\/script>\n<!-- \/ Yoast SEO plugin. -->","yoast_head_json":{"title":"Unic Tango Ace - Dr Bean","description":"La TANGO\u00ae UNO est la machine espresso automatique adapt\u00e9e aux \u00e9tablissements faisant le choix de la pr\u00e9paration automatique de boissons caf\u00e9.","robots":{"index":"index","follow":"follow","max-snippet":"max-snippet:-1","max-image-preview":"max-image-preview:large","max-video-preview":"max-video-preview:-1"},"canonical":"http:\/\/drbean.ca\/fr\/catalogue\/machines\/automatiques\/machine-a-cafe-tango-uno\/","og_locale":"fr_FR","og_type":"article","og_title":"Unic Tango Ace - Dr Bean","og_description":"La TANGO\u00ae UNO est la machine espresso automatique adapt\u00e9e aux \u00e9tablissements faisant le choix de la pr\u00e9paration automatique de boissons caf\u00e9.","og_url":"http:\/\/drbean.ca\/fr\/catalogue\/machines\/automatiques\/machine-a-cafe-tango-uno\/","og_site_name":"Dr Bean","article_publisher":"https:\/\/www.facebook.com\/DRBEANMTL","article_modified_time":"2023-01-19T20:57:59+00:00","og_image":[{"width":962,"height":1089,"url":"https:\/\/drbean.ca\/wp-content\/uploads\/2016\/06\/thumb_861_product_large.jpeg","type":"image\/jpeg"}],"twitter_card":"summary_large_image","twitter_misc":{"Dur\u00e9e de lecture estim\u00e9e":"1 minute"},"schema":{"@context":"https:\/\/schema.org","@graph":[{"@type":"WebPage","@id":"http:\/\/drbean.ca\/fr\/catalogue\/machines\/automatiques\/machine-a-cafe-tango-uno\/","url":"http:\/\/drbean.ca\/fr\/catalogue\/machines\/automatiques\/machine-a-cafe-tango-uno\/","name":"Unic Tango Ace - Dr Bean","isPartOf":{"@id":"https:\/\/drbean.ca\/fr\/#website"},"primaryImageOfPage":{"@id":"http:\/\/drbean.ca\/fr\/catalogue\/machines\/automatiques\/machine-a-cafe-tango-uno\/#primaryimage"},"image":{"@id":"http:\/\/drbean.ca\/fr\/catalogue\/machines\/automatiques\/machine-a-cafe-tango-uno\/#primaryimage"},"thumbnailUrl":"https:\/\/drbean.ca\/wp-content\/uploads\/2016\/06\/thumb_861_product_large.jpeg","datePublished":"2016-06-10T12:44:54+00:00","dateModified":"2023-01-19T20:57:59+00:00","description":"La TANGO\u00ae UNO est la machine espresso automatique adapt\u00e9e aux \u00e9tablissements faisant le choix de la pr\u00e9paration automatique de boissons caf\u00e9.","breadcrumb":{"@id":"http:\/\/drbean.ca\/fr\/catalogue\/machines\/automatiques\/machine-a-cafe-tango-uno\/#breadcrumb"},"inLanguage":"fr-FR","potentialAction":[{"@type":"ReadAction","target":["http:\/\/drbean.ca\/fr\/catalogue\/machines\/automatiques\/machine-a-cafe-tango-uno\/"]}]},{"@type":"ImageObject","inLanguage":"fr-FR","@id":"http:\/\/drbean.ca\/fr\/catalogue\/machines\/automatiques\/machine-a-cafe-tango-uno\/#primaryimage","url":"https:\/\/drbean.ca\/wp-content\/uploads\/2016\/06\/thumb_861_product_large.jpeg","contentUrl":"https:\/\/drbean.ca\/wp-content\/uploads\/2016\/06\/thumb_861_product_large.jpeg","width":962,"height":1089},{"@type":"BreadcrumbList","@id":"http:\/\/drbean.ca\/fr\/catalogue\/machines\/automatiques\/machine-a-cafe-tango-uno\/#breadcrumb","itemListElement":[{"@type":"ListItem","position":1,"name":"Accueil","item":"http:\/\/drbean.ca\/fr\/"},{"@type":"ListItem","position":2,"name":"Boutique","item":"http:\/\/drbean.ca\/fr\/boutique\/"},{"@type":"ListItem","position":3,"name":"Unic Tango Ace"}]},{"@type":"WebSite","@id":"https:\/\/drbean.ca\/fr\/#website","url":"https:\/\/drbean.ca\/fr\/","name":"Dr Bean","description":"Votre partenaire depuis plus de 15 ans","publisher":{"@id":"https:\/\/drbean.ca\/fr\/#organization"},"potentialAction":[{"@type":"SearchAction","target":{"@type":"EntryPoint","urlTemplate":"https:\/\/drbean.ca\/fr\/?s={search_term_string}"},"query-input":{"@type":"PropertyValueSpecification","valueRequired":true,"valueName":"search_term_string"}}],"inLanguage":"fr-FR"},{"@type":"Organization","@id":"https:\/\/drbean.ca\/fr\/#organization","name":"Dr Bean","url":"https:\/\/drbean.ca\/fr\/","logo":{"@type":"ImageObject","inLanguage":"fr-FR","@id":"https:\/\/drbean.ca\/fr\/#\/schema\/logo\/image\/","url":"https:\/\/drbean.ca\/wp-content\/uploads\/2016\/09\/footer_logo.png","contentUrl":"https:\/\/drbean.ca\/wp-content\/uploads\/2016\/09\/footer_logo.png","width":216,"height":192,"caption":"Dr Bean"},"image":{"@id":"https:\/\/drbean.ca\/fr\/#\/schema\/logo\/image\/"},"sameAs":["https:\/\/www.facebook.com\/DRBEANMTL","https:\/\/www.instagram.com\/drbeanmtl\/"]}]}},"_links":{"self":[{"href":"https:\/\/drbean.ca\/fr\/wp-json\/wp\/v2\/product\/280","targetHints":{"allow":["GET"]}}],"collection":[{"href":"https:\/\/drbean.ca\/fr\/wp-json\/wp\/v2\/product"}],"about":[{"href":"https:\/\/drbean.ca\/fr\/wp-json\/wp\/v2\/types\/product"}],"wp:featuredmedia":[{"embeddable":true,"href":"https:\/\/drbean.ca\/fr\/wp-json\/wp\/v2\/media\/1670"}],"wp:attachment":[{"href":"https:\/\/drbean.ca\/fr\/wp-json\/wp\/v2\/media?parent=280"}],"wp:term":[{"taxonomy":"product_cat","embeddable":true,"href":"https:\/\/drbean.ca\/fr\/wp-json\/wp\/v2\/product_cat?post=280"},{"taxonomy":"product_tag","embeddable":true,"href":"https:\/\/drbean.ca\/fr\/wp-json\/wp\/v2\/product_tag?post=280"}],"curies":[{"name":"wp","href":"https:\/\/api.w.org\/{rel}","templated":true}]}}