{"id":493,"date":"2016-08-31T13:07:54","date_gmt":"2016-08-31T17:07:54","guid":{"rendered":"https:\/\/drbean.cafebarista.ca\/catalogue\/boutique-specialisee\/stella-di-caffe\/"},"modified":"2022-02-22T12:31:59","modified_gmt":"2022-02-22T16:31:59","slug":"stella-di-caffe","status":"publish","type":"product","link":"https:\/\/drbean.ca\/fr\/catalogue\/machines\/traditionnelles\/stella-di-caffe\/","title":{"rendered":"Unic Stella Di Caff\u00e8"},"content":{"rendered":"<h3>Stella Di Caff\u00e8<\/h3>\n<p>Machine au design \u00e0 la fois contemporain et vintage original, la <strong>Stella di Caff\u00e8<\/strong> garantit une extraction exceptionnelle gr\u00e2ce \u00e0 sa technologie Thermalink network\u00ae qui contr\u00f4le la distribution d\u2019\u00e9nergie et assure une parfaite stabilit\u00e9 thermique via une r\u00e9gulation PID.<\/p>\n<p><strong>Stella di Caff\u00e8<\/strong> est la machine espresso id\u00e9ale pour les caf\u00e9s, bars ayant une consommation de caf\u00e9 moyenne de 10 \u00e0 30 kg\/semaine, ainsi que les coffee shops et les \u00e9tablissements sp\u00e9cialis\u00e9s dans l\u2019offre de caf\u00e9s de sp\u00e9cialit\u00e9 qui exigent des r\u00e9glages pr\u00e9cis et une capacit\u00e9 vapeur maximale.<\/p>\n<p>La <strong>Stella di Caff\u00e8<\/strong> est disponible en 2, 3 ou 4 groupes.<\/p>\n<ul>\n<li>Marque : <strong>UNIC<\/strong><\/li>\n<li>Hauteur 48cm<\/li>\n<li>Largeur 79cm<\/li>\n<li>Profondeur 60cm<\/li>\n<li>Poids 80Kg<\/li>\n<li>Puissance totale 6700 W<\/li>\n<li>Puissance chaudi\u00e8re vapeur 6550 W<\/li>\n<li>Puissance chaudi\u00e8re caf\u00e9 4000 W<\/li>\n<li>Voltage 230V \/400V Tri+N<\/li>\n<\/ul>\n","protected":false},"excerpt":{"rendered":"<p>Machine au design \u00e0 la fois contemporain et vintage original, la <strong>Stella di Caff\u00e8<\/strong> garantit une extraction exceptionnelle gr\u00e2ce \u00e0 sa technologie Thermalink network\u00ae qui contr\u00f4le la distribution d\u2019\u00e9nergie et assure une parfaite stabilit\u00e9 thermique via une r\u00e9gulation PID.<\/p>\n<p>La <strong>Stella di Caff\u00e8<\/strong> est la machine espresso id\u00e9ale pour les caf\u00e9s, bars ayant une consommation de caf\u00e9 moyenne de 10 \u00e0 30 kg\/semaine, ainsi que les coffee shops et les \u00e9tablissements sp\u00e9cialis\u00e9s dans l\u2019offre de caf\u00e9s de sp\u00e9cialit\u00e9 qui exigent des r\u00e9glages pr\u00e9cis et une capacit\u00e9 vapeur maximale.<\/p>\n<p>La <strong>Stella di Caff\u00e8<\/strong> est disponible en 2, 3 ou 4 groupes.<\/p>\n<p>&nbsp;<\/p>\n<p><a class=\"maxbutton-1 maxbutton maxbutton-fiche-technique-mira\" target=\"_blank\" rel=\"noopener\" href=\"https:\/\/www.unic-sa.com\/uploads\/media\/product\/0001\/01\/0b5d0cb91b89fa1ea3e6342f2d52aff3e57116b8.pdf\"><span class='mb-text'>FICHE TECHNIQUE<\/span><\/a><\/p>\n<p><a class=\"maxbutton-2 maxbutton maxbutton-technical-manual\" target=\"_blank\" rel=\"noopener\" href=\"https:\/\/www.unic-sa.com\/uploads\/media\/product\/0001\/01\/45835f3a83f0a733671f66a7a474368a9024d5cd.pdf\"><span class='mb-text'>TECHNICAL MANUAL<\/span><\/a><\/p>\n<p>&nbsp;<\/p>\n<p><a class=\"maxbutton-1 maxbutton maxbutton-fiche-technique-mira\" target=\"_blank\" rel=\"noopener\" href=\"http:\/\/drbean.ca\/stella.pdf\"><span class='mb-text'>PI\u00c8CES D\u00c9TACH\u00c9ES<\/span><\/a><\/p>\n<p>&nbsp;<\/p>\n<p>&nbsp;<\/p>\n","protected":false},"featured_media":494,"template":"","meta":{"_et_pb_use_builder":"","_et_pb_old_content":"","om_disable_all_campaigns":false,"_monsterinsights_skip_tracking":false,"_monsterinsights_sitenote_active":false,"_monsterinsights_sitenote_note":"","_monsterinsights_sitenote_category":0},"product_cat":[17,25,27,23,24,37,41,36,31,40,32,42],"product_tag":[],"class_list":{"0":"post-493","1":"product","2":"type-product","3":"status-publish","4":"has-post-thumbnail","6":"product_cat-boutique-specialisee","7":"product_cat-brulerie","8":"product_cat-bureaux","9":"product_cat-coffee-shop","10":"product_cat-espresso-bar","11":"product_cat-hotels","12":"product_cat-machines","13":"product_cat-plus-de-60-places-assises","14":"product_cat-plus-de-70-collaborateurs","15":"product_cat-plus-de-80-chambres","16":"product_cat-restaurants","17":"product_cat-traditionnelles","19":"first","20":"instock","21":"featured","22":"taxable","23":"shipping-taxable","24":"product-type-simple"},"aioseo_notices":[],"yoast_head":"<!-- This site is optimized with the Yoast SEO plugin v23.7 - https:\/\/yoast.com\/wordpress\/plugins\/seo\/ -->\n<title>Unic Stella Di Caff\u00e8 - Dr Bean<\/title>\n<meta name=\"robots\" content=\"index, follow, max-snippet:-1, max-image-preview:large, max-video-preview:-1\" \/>\n<link rel=\"canonical\" href=\"http:\/\/drbean.ca\/fr\/catalogue\/machines\/traditionnelles\/stella-di-caffe\/\" \/>\n<meta property=\"og:locale\" content=\"fr_FR\" \/>\n<meta property=\"og:type\" content=\"article\" \/>\n<meta property=\"og:title\" content=\"Unic Stella Di Caff\u00e8 - Dr Bean\" \/>\n<meta property=\"og:description\" content=\"Machine au design \u00e0 la fois contemporain et vintage original, la Stella di Caff\u00e8 garantit une extraction exceptionnelle gr\u00e2ce \u00e0 sa technologie Thermalink network\u00ae qui contr\u00f4le la distribution d\u2019\u00e9nergie et assure une parfaite stabilit\u00e9 thermique via une r\u00e9gulation PID.  La Stella di Caff\u00e8 est la machine espresso id\u00e9ale pour les caf\u00e9s, bars ayant une consommation de caf\u00e9 moyenne de 10 \u00e0 30 kg\/semaine, ainsi que les coffee shops et les \u00e9tablissements sp\u00e9cialis\u00e9s dans l\u2019offre de caf\u00e9s de sp\u00e9cialit\u00e9 qui exigent des r\u00e9glages pr\u00e9cis et une capacit\u00e9 vapeur maximale.  La Stella di Caff\u00e8 est disponible en 2, 3 ou 4 groupes.  &nbsp;      &nbsp;    &nbsp;  &nbsp;\" \/>\n<meta property=\"og:url\" content=\"http:\/\/drbean.ca\/fr\/catalogue\/machines\/traditionnelles\/stella-di-caffe\/\" \/>\n<meta property=\"og:site_name\" content=\"Dr Bean\" \/>\n<meta property=\"article:publisher\" content=\"https:\/\/www.facebook.com\/DRBEANMTL\" \/>\n<meta property=\"article:modified_time\" content=\"2022-02-22T16:31:59+00:00\" \/>\n<meta property=\"og:image\" content=\"https:\/\/drbean.ca\/wp-content\/uploads\/2016\/08\/STELLA-DI-CAFFE.jpeg\" \/>\n\t<meta property=\"og:image:width\" content=\"437\" \/>\n\t<meta property=\"og:image:height\" content=\"495\" \/>\n\t<meta property=\"og:image:type\" content=\"image\/jpeg\" \/>\n<meta name=\"twitter:card\" content=\"summary_large_image\" \/>\n<meta name=\"twitter:label1\" content=\"Dur\u00e9e de lecture estim\u00e9e\" \/>\n\t<meta name=\"twitter:data1\" content=\"1 minute\" \/>\n<script type=\"application\/ld+json\" class=\"yoast-schema-graph\">{\"@context\":\"https:\/\/schema.org\",\"@graph\":[{\"@type\":\"WebPage\",\"@id\":\"http:\/\/drbean.ca\/fr\/catalogue\/machines\/traditionnelles\/stella-di-caffe\/\",\"url\":\"http:\/\/drbean.ca\/fr\/catalogue\/machines\/traditionnelles\/stella-di-caffe\/\",\"name\":\"Unic Stella Di Caff\u00e8 - Dr Bean\",\"isPartOf\":{\"@id\":\"https:\/\/drbean.ca\/fr\/#website\"},\"primaryImageOfPage\":{\"@id\":\"http:\/\/drbean.ca\/fr\/catalogue\/machines\/traditionnelles\/stella-di-caffe\/#primaryimage\"},\"image\":{\"@id\":\"http:\/\/drbean.ca\/fr\/catalogue\/machines\/traditionnelles\/stella-di-caffe\/#primaryimage\"},\"thumbnailUrl\":\"https:\/\/drbean.ca\/wp-content\/uploads\/2016\/08\/STELLA-DI-CAFFE.jpeg\",\"datePublished\":\"2016-08-31T17:07:54+00:00\",\"dateModified\":\"2022-02-22T16:31:59+00:00\",\"breadcrumb\":{\"@id\":\"http:\/\/drbean.ca\/fr\/catalogue\/machines\/traditionnelles\/stella-di-caffe\/#breadcrumb\"},\"inLanguage\":\"fr-FR\",\"potentialAction\":[{\"@type\":\"ReadAction\",\"target\":[\"http:\/\/drbean.ca\/fr\/catalogue\/machines\/traditionnelles\/stella-di-caffe\/\"]}]},{\"@type\":\"ImageObject\",\"inLanguage\":\"fr-FR\",\"@id\":\"http:\/\/drbean.ca\/fr\/catalogue\/machines\/traditionnelles\/stella-di-caffe\/#primaryimage\",\"url\":\"https:\/\/drbean.ca\/wp-content\/uploads\/2016\/08\/STELLA-DI-CAFFE.jpeg\",\"contentUrl\":\"https:\/\/drbean.ca\/wp-content\/uploads\/2016\/08\/STELLA-DI-CAFFE.jpeg\",\"width\":437,\"height\":495,\"caption\":\"machine \u00e0 caf\u00e9 Stella\"},{\"@type\":\"BreadcrumbList\",\"@id\":\"http:\/\/drbean.ca\/fr\/catalogue\/machines\/traditionnelles\/stella-di-caffe\/#breadcrumb\",\"itemListElement\":[{\"@type\":\"ListItem\",\"position\":1,\"name\":\"Accueil\",\"item\":\"http:\/\/drbean.ca\/fr\/\"},{\"@type\":\"ListItem\",\"position\":2,\"name\":\"Boutique\",\"item\":\"http:\/\/drbean.ca\/fr\/boutique\/\"},{\"@type\":\"ListItem\",\"position\":3,\"name\":\"Unic Stella Di Caff\u00e8\"}]},{\"@type\":\"WebSite\",\"@id\":\"https:\/\/drbean.ca\/fr\/#website\",\"url\":\"https:\/\/drbean.ca\/fr\/\",\"name\":\"Dr Bean\",\"description\":\"Votre partenaire depuis plus de 15 ans\",\"publisher\":{\"@id\":\"https:\/\/drbean.ca\/fr\/#organization\"},\"potentialAction\":[{\"@type\":\"SearchAction\",\"target\":{\"@type\":\"EntryPoint\",\"urlTemplate\":\"https:\/\/drbean.ca\/fr\/?s={search_term_string}\"},\"query-input\":{\"@type\":\"PropertyValueSpecification\",\"valueRequired\":true,\"valueName\":\"search_term_string\"}}],\"inLanguage\":\"fr-FR\"},{\"@type\":\"Organization\",\"@id\":\"https:\/\/drbean.ca\/fr\/#organization\",\"name\":\"Dr Bean\",\"url\":\"https:\/\/drbean.ca\/fr\/\",\"logo\":{\"@type\":\"ImageObject\",\"inLanguage\":\"fr-FR\",\"@id\":\"https:\/\/drbean.ca\/fr\/#\/schema\/logo\/image\/\",\"url\":\"https:\/\/drbean.ca\/wp-content\/uploads\/2016\/09\/footer_logo.png\",\"contentUrl\":\"https:\/\/drbean.ca\/wp-content\/uploads\/2016\/09\/footer_logo.png\",\"width\":216,\"height\":192,\"caption\":\"Dr Bean\"},\"image\":{\"@id\":\"https:\/\/drbean.ca\/fr\/#\/schema\/logo\/image\/\"},\"sameAs\":[\"https:\/\/www.facebook.com\/DRBEANMTL\",\"https:\/\/www.instagram.com\/drbeanmtl\/\"]}]}<\/script>\n<!-- \/ Yoast SEO plugin. -->","yoast_head_json":{"title":"Unic Stella Di Caff\u00e8 - Dr Bean","robots":{"index":"index","follow":"follow","max-snippet":"max-snippet:-1","max-image-preview":"max-image-preview:large","max-video-preview":"max-video-preview:-1"},"canonical":"http:\/\/drbean.ca\/fr\/catalogue\/machines\/traditionnelles\/stella-di-caffe\/","og_locale":"fr_FR","og_type":"article","og_title":"Unic Stella Di Caff\u00e8 - Dr Bean","og_description":"Machine au design \u00e0 la fois contemporain et vintage original, la Stella di Caff\u00e8 garantit une extraction exceptionnelle gr\u00e2ce \u00e0 sa technologie Thermalink network\u00ae qui contr\u00f4le la distribution d\u2019\u00e9nergie et assure une parfaite stabilit\u00e9 thermique via une r\u00e9gulation PID.  La Stella di Caff\u00e8 est la machine espresso id\u00e9ale pour les caf\u00e9s, bars ayant une consommation de caf\u00e9 moyenne de 10 \u00e0 30 kg\/semaine, ainsi que les coffee shops et les \u00e9tablissements sp\u00e9cialis\u00e9s dans l\u2019offre de caf\u00e9s de sp\u00e9cialit\u00e9 qui exigent des r\u00e9glages pr\u00e9cis et une capacit\u00e9 vapeur maximale.  La Stella di Caff\u00e8 est disponible en 2, 3 ou 4 groupes.  &nbsp;      &nbsp;    &nbsp;  &nbsp;","og_url":"http:\/\/drbean.ca\/fr\/catalogue\/machines\/traditionnelles\/stella-di-caffe\/","og_site_name":"Dr Bean","article_publisher":"https:\/\/www.facebook.com\/DRBEANMTL","article_modified_time":"2022-02-22T16:31:59+00:00","og_image":[{"width":437,"height":495,"url":"https:\/\/drbean.ca\/wp-content\/uploads\/2016\/08\/STELLA-DI-CAFFE.jpeg","type":"image\/jpeg"}],"twitter_card":"summary_large_image","twitter_misc":{"Dur\u00e9e de lecture estim\u00e9e":"1 minute"},"schema":{"@context":"https:\/\/schema.org","@graph":[{"@type":"WebPage","@id":"http:\/\/drbean.ca\/fr\/catalogue\/machines\/traditionnelles\/stella-di-caffe\/","url":"http:\/\/drbean.ca\/fr\/catalogue\/machines\/traditionnelles\/stella-di-caffe\/","name":"Unic Stella Di Caff\u00e8 - Dr Bean","isPartOf":{"@id":"https:\/\/drbean.ca\/fr\/#website"},"primaryImageOfPage":{"@id":"http:\/\/drbean.ca\/fr\/catalogue\/machines\/traditionnelles\/stella-di-caffe\/#primaryimage"},"image":{"@id":"http:\/\/drbean.ca\/fr\/catalogue\/machines\/traditionnelles\/stella-di-caffe\/#primaryimage"},"thumbnailUrl":"https:\/\/drbean.ca\/wp-content\/uploads\/2016\/08\/STELLA-DI-CAFFE.jpeg","datePublished":"2016-08-31T17:07:54+00:00","dateModified":"2022-02-22T16:31:59+00:00","breadcrumb":{"@id":"http:\/\/drbean.ca\/fr\/catalogue\/machines\/traditionnelles\/stella-di-caffe\/#breadcrumb"},"inLanguage":"fr-FR","potentialAction":[{"@type":"ReadAction","target":["http:\/\/drbean.ca\/fr\/catalogue\/machines\/traditionnelles\/stella-di-caffe\/"]}]},{"@type":"ImageObject","inLanguage":"fr-FR","@id":"http:\/\/drbean.ca\/fr\/catalogue\/machines\/traditionnelles\/stella-di-caffe\/#primaryimage","url":"https:\/\/drbean.ca\/wp-content\/uploads\/2016\/08\/STELLA-DI-CAFFE.jpeg","contentUrl":"https:\/\/drbean.ca\/wp-content\/uploads\/2016\/08\/STELLA-DI-CAFFE.jpeg","width":437,"height":495,"caption":"machine \u00e0 caf\u00e9 Stella"},{"@type":"BreadcrumbList","@id":"http:\/\/drbean.ca\/fr\/catalogue\/machines\/traditionnelles\/stella-di-caffe\/#breadcrumb","itemListElement":[{"@type":"ListItem","position":1,"name":"Accueil","item":"http:\/\/drbean.ca\/fr\/"},{"@type":"ListItem","position":2,"name":"Boutique","item":"http:\/\/drbean.ca\/fr\/boutique\/"},{"@type":"ListItem","position":3,"name":"Unic Stella Di Caff\u00e8"}]},{"@type":"WebSite","@id":"https:\/\/drbean.ca\/fr\/#website","url":"https:\/\/drbean.ca\/fr\/","name":"Dr Bean","description":"Votre partenaire depuis plus de 15 ans","publisher":{"@id":"https:\/\/drbean.ca\/fr\/#organization"},"potentialAction":[{"@type":"SearchAction","target":{"@type":"EntryPoint","urlTemplate":"https:\/\/drbean.ca\/fr\/?s={search_term_string}"},"query-input":{"@type":"PropertyValueSpecification","valueRequired":true,"valueName":"search_term_string"}}],"inLanguage":"fr-FR"},{"@type":"Organization","@id":"https:\/\/drbean.ca\/fr\/#organization","name":"Dr Bean","url":"https:\/\/drbean.ca\/fr\/","logo":{"@type":"ImageObject","inLanguage":"fr-FR","@id":"https:\/\/drbean.ca\/fr\/#\/schema\/logo\/image\/","url":"https:\/\/drbean.ca\/wp-content\/uploads\/2016\/09\/footer_logo.png","contentUrl":"https:\/\/drbean.ca\/wp-content\/uploads\/2016\/09\/footer_logo.png","width":216,"height":192,"caption":"Dr Bean"},"image":{"@id":"https:\/\/drbean.ca\/fr\/#\/schema\/logo\/image\/"},"sameAs":["https:\/\/www.facebook.com\/DRBEANMTL","https:\/\/www.instagram.com\/drbeanmtl\/"]}]}},"_links":{"self":[{"href":"https:\/\/drbean.ca\/fr\/wp-json\/wp\/v2\/product\/493","targetHints":{"allow":["GET"]}}],"collection":[{"href":"https:\/\/drbean.ca\/fr\/wp-json\/wp\/v2\/product"}],"about":[{"href":"https:\/\/drbean.ca\/fr\/wp-json\/wp\/v2\/types\/product"}],"wp:featuredmedia":[{"embeddable":true,"href":"https:\/\/drbean.ca\/fr\/wp-json\/wp\/v2\/media\/494"}],"wp:attachment":[{"href":"https:\/\/drbean.ca\/fr\/wp-json\/wp\/v2\/media?parent=493"}],"wp:term":[{"taxonomy":"product_cat","embeddable":true,"href":"https:\/\/drbean.ca\/fr\/wp-json\/wp\/v2\/product_cat?post=493"},{"taxonomy":"product_tag","embeddable":true,"href":"https:\/\/drbean.ca\/fr\/wp-json\/wp\/v2\/product_tag?post=493"}],"curies":[{"name":"wp","href":"https:\/\/api.w.org\/{rel}","templated":true}]}}