{"id":510,"date":"2016-08-31T14:20:26","date_gmt":"2016-08-31T18:20:26","guid":{"rendered":"https:\/\/drbean.cafebarista.ca\/catalogue\/boutique-specialisee\/decafeine-dosettes-ese-x25\/"},"modified":"2023-01-19T16:54:52","modified_gmt":"2023-01-19T20:54:52","slug":"decafeine-dosettes-ese","status":"publish","type":"product","link":"https:\/\/drbean.ca\/fr\/catalogue\/hotels\/jusqua-20-chambres\/decafeine-dosettes-ese\/","title":{"rendered":"D\u00e9caf\u00e9in\u00e9 (dosettes ESE)"},"content":{"rendered":"<h3>Caf\u00e9 D\u00e9caf\u00e9in\u00e9<\/h3>\n<p>Cet \u00e9tui contient 25 ou 100 pods ESE de d\u00e9caf\u00e9in\u00e9 100% Arabica.<br \/>\nIl est constitu\u00e9 d&rsquo;un assemblage des meilleurs Arabicas pour un expresso aux saveurs pleines et onctueuses sans caf\u00e9ine.<\/p>\n<p>Marque : <strong>CAFES RICHARD<\/strong><\/p>\n","protected":false},"excerpt":{"rendered":"<p>Cet \u00e9tui contient 25 ou 100 pods ESE de d\u00e9caf\u00e9in\u00e9 100% Arabica.<br \/>\nIl est constitu\u00e9 d&rsquo;un assemblage des meilleurs Arabicas pour un expresso aux saveurs pleines et onctueuses sans caf\u00e9ine.<\/p>\n<p>Marque : <strong>CAFES RICHARD<\/strong><\/p>\n<p>&nbsp;<\/p>\n<p><a class=\"maxbutton-1 maxbutton maxbutton-fiche-technique-mira\" target=\"_blank\" rel=\"noopener\" href=\"http:\/\/drbean.ca\/cartepodsfr.pdf\"><span class='mb-text'>CARTE DES CAF\u00c9S<\/span><\/a><\/p>\n<p><a class=\"maxbutton-2 maxbutton maxbutton-technical-manual\" target=\"_blank\" rel=\"noopener\" href=\"http:\/\/drbean.ca\/cartepodgb.pdf\"><span class='mb-text'>COFFEE MENU<\/span><\/a><\/p>\n<p>&nbsp;<\/p>\n<p>&nbsp;<\/p>\n","protected":false},"featured_media":511,"template":"","meta":{"_et_pb_use_builder":"","_et_pb_old_content":"","om_disable_all_campaigns":false,"_monsterinsights_skip_tracking":false,"_monsterinsights_sitenote_active":false,"_monsterinsights_sitenote_note":"","_monsterinsights_sitenote_category":0},"product_cat":[17,27,29,30,48,24,37,28,38],"product_tag":[],"class_list":{"0":"post-510","1":"product","2":"type-product","3":"status-publish","4":"has-post-thumbnail","6":"product_cat-boutique-specialisee","7":"product_cat-bureaux","8":"product_cat-de-10-a-30-collaborateurs","9":"product_cat-de-30-a-70-collaborateurs","10":"product_cat-dosettes-cafe","11":"product_cat-espresso-bar","12":"product_cat-hotels","13":"product_cat-jusqua-10-collaborateurs","14":"product_cat-jusqua-20-chambres","16":"first","17":"instock","18":"featured","19":"purchasable","20":"product-type-variable"},"aioseo_notices":[],"yoast_head":"<!-- This site is optimized with the Yoast SEO plugin v23.7 - https:\/\/yoast.com\/wordpress\/plugins\/seo\/ -->\n<title>D\u00e9caf\u00e9in\u00e9 (dosettes ESE) - Dr Bean<\/title>\n<meta name=\"description\" content=\"D\u00e9couvrez le caf\u00e9 D\u00e9caf\u00e9in\u00e9 en dosettes, constitu\u00e9 d&#039;un assemblage des meilleurs Arabicas pour un expresso aux saveurs pleines et onctueuses sans caf\u00e9ine.\" \/>\n<meta name=\"robots\" content=\"index, follow, max-snippet:-1, max-image-preview:large, max-video-preview:-1\" \/>\n<link rel=\"canonical\" href=\"http:\/\/drbean.ca\/fr\/catalogue\/hotels\/jusqua-20-chambres\/decafeine-dosettes-ese\/\" \/>\n<meta property=\"og:locale\" content=\"fr_FR\" \/>\n<meta property=\"og:type\" content=\"article\" \/>\n<meta property=\"og:title\" content=\"D\u00e9caf\u00e9in\u00e9 (dosettes ESE) - Dr Bean\" \/>\n<meta property=\"og:description\" content=\"D\u00e9couvrez le caf\u00e9 D\u00e9caf\u00e9in\u00e9 en dosettes, constitu\u00e9 d&#039;un assemblage des meilleurs Arabicas pour un expresso aux saveurs pleines et onctueuses sans caf\u00e9ine.\" \/>\n<meta property=\"og:url\" content=\"http:\/\/drbean.ca\/fr\/catalogue\/hotels\/jusqua-20-chambres\/decafeine-dosettes-ese\/\" \/>\n<meta property=\"og:site_name\" content=\"Dr Bean\" \/>\n<meta property=\"article:publisher\" content=\"https:\/\/www.facebook.com\/DRBEANMTL\" \/>\n<meta property=\"article:modified_time\" content=\"2023-01-19T20:54:52+00:00\" \/>\n<meta property=\"og:image\" content=\"https:\/\/drbean.ca\/wp-content\/uploads\/2016\/08\/pod-decafeine.jpg\" \/>\n\t<meta property=\"og:image:width\" content=\"900\" \/>\n\t<meta property=\"og:image:height\" content=\"900\" \/>\n\t<meta property=\"og:image:type\" content=\"image\/jpeg\" \/>\n<meta name=\"twitter:card\" content=\"summary_large_image\" \/>\n<script type=\"application\/ld+json\" class=\"yoast-schema-graph\">{\"@context\":\"https:\/\/schema.org\",\"@graph\":[{\"@type\":\"WebPage\",\"@id\":\"http:\/\/drbean.ca\/fr\/catalogue\/hotels\/jusqua-20-chambres\/decafeine-dosettes-ese\/\",\"url\":\"http:\/\/drbean.ca\/fr\/catalogue\/hotels\/jusqua-20-chambres\/decafeine-dosettes-ese\/\",\"name\":\"D\u00e9caf\u00e9in\u00e9 (dosettes ESE) - Dr Bean\",\"isPartOf\":{\"@id\":\"https:\/\/drbean.ca\/fr\/#website\"},\"primaryImageOfPage\":{\"@id\":\"http:\/\/drbean.ca\/fr\/catalogue\/hotels\/jusqua-20-chambres\/decafeine-dosettes-ese\/#primaryimage\"},\"image\":{\"@id\":\"http:\/\/drbean.ca\/fr\/catalogue\/hotels\/jusqua-20-chambres\/decafeine-dosettes-ese\/#primaryimage\"},\"thumbnailUrl\":\"https:\/\/drbean.ca\/wp-content\/uploads\/2016\/08\/pod-decafeine.jpg\",\"datePublished\":\"2016-08-31T18:20:26+00:00\",\"dateModified\":\"2023-01-19T20:54:52+00:00\",\"description\":\"D\u00e9couvrez le caf\u00e9 D\u00e9caf\u00e9in\u00e9 en dosettes, constitu\u00e9 d'un assemblage des meilleurs Arabicas pour un expresso aux saveurs pleines et onctueuses sans caf\u00e9ine.\",\"breadcrumb\":{\"@id\":\"http:\/\/drbean.ca\/fr\/catalogue\/hotels\/jusqua-20-chambres\/decafeine-dosettes-ese\/#breadcrumb\"},\"inLanguage\":\"fr-FR\",\"potentialAction\":[{\"@type\":\"ReadAction\",\"target\":[\"http:\/\/drbean.ca\/fr\/catalogue\/hotels\/jusqua-20-chambres\/decafeine-dosettes-ese\/\"]}]},{\"@type\":\"ImageObject\",\"inLanguage\":\"fr-FR\",\"@id\":\"http:\/\/drbean.ca\/fr\/catalogue\/hotels\/jusqua-20-chambres\/decafeine-dosettes-ese\/#primaryimage\",\"url\":\"https:\/\/drbean.ca\/wp-content\/uploads\/2016\/08\/pod-decafeine.jpg\",\"contentUrl\":\"https:\/\/drbean.ca\/wp-content\/uploads\/2016\/08\/pod-decafeine.jpg\",\"width\":900,\"height\":900,\"caption\":\"Caf\u00e9 D\u00e9caf\u00e9in\u00e9\"},{\"@type\":\"BreadcrumbList\",\"@id\":\"http:\/\/drbean.ca\/fr\/catalogue\/hotels\/jusqua-20-chambres\/decafeine-dosettes-ese\/#breadcrumb\",\"itemListElement\":[{\"@type\":\"ListItem\",\"position\":1,\"name\":\"Accueil\",\"item\":\"http:\/\/drbean.ca\/fr\/\"},{\"@type\":\"ListItem\",\"position\":2,\"name\":\"Boutique\",\"item\":\"http:\/\/drbean.ca\/fr\/boutique\/\"},{\"@type\":\"ListItem\",\"position\":3,\"name\":\"D\u00e9caf\u00e9in\u00e9 (dosettes ESE)\"}]},{\"@type\":\"WebSite\",\"@id\":\"https:\/\/drbean.ca\/fr\/#website\",\"url\":\"https:\/\/drbean.ca\/fr\/\",\"name\":\"Dr Bean\",\"description\":\"Votre partenaire depuis plus de 15 ans\",\"publisher\":{\"@id\":\"https:\/\/drbean.ca\/fr\/#organization\"},\"potentialAction\":[{\"@type\":\"SearchAction\",\"target\":{\"@type\":\"EntryPoint\",\"urlTemplate\":\"https:\/\/drbean.ca\/fr\/?s={search_term_string}\"},\"query-input\":{\"@type\":\"PropertyValueSpecification\",\"valueRequired\":true,\"valueName\":\"search_term_string\"}}],\"inLanguage\":\"fr-FR\"},{\"@type\":\"Organization\",\"@id\":\"https:\/\/drbean.ca\/fr\/#organization\",\"name\":\"Dr Bean\",\"url\":\"https:\/\/drbean.ca\/fr\/\",\"logo\":{\"@type\":\"ImageObject\",\"inLanguage\":\"fr-FR\",\"@id\":\"https:\/\/drbean.ca\/fr\/#\/schema\/logo\/image\/\",\"url\":\"https:\/\/drbean.ca\/wp-content\/uploads\/2016\/09\/footer_logo.png\",\"contentUrl\":\"https:\/\/drbean.ca\/wp-content\/uploads\/2016\/09\/footer_logo.png\",\"width\":216,\"height\":192,\"caption\":\"Dr Bean\"},\"image\":{\"@id\":\"https:\/\/drbean.ca\/fr\/#\/schema\/logo\/image\/\"},\"sameAs\":[\"https:\/\/www.facebook.com\/DRBEANMTL\",\"https:\/\/www.instagram.com\/drbeanmtl\/\"]}]}<\/script>\n<!-- \/ Yoast SEO plugin. -->","yoast_head_json":{"title":"D\u00e9caf\u00e9in\u00e9 (dosettes ESE) - Dr Bean","description":"D\u00e9couvrez le caf\u00e9 D\u00e9caf\u00e9in\u00e9 en dosettes, constitu\u00e9 d'un assemblage des meilleurs Arabicas pour un expresso aux saveurs pleines et onctueuses sans caf\u00e9ine.","robots":{"index":"index","follow":"follow","max-snippet":"max-snippet:-1","max-image-preview":"max-image-preview:large","max-video-preview":"max-video-preview:-1"},"canonical":"http:\/\/drbean.ca\/fr\/catalogue\/hotels\/jusqua-20-chambres\/decafeine-dosettes-ese\/","og_locale":"fr_FR","og_type":"article","og_title":"D\u00e9caf\u00e9in\u00e9 (dosettes ESE) - Dr Bean","og_description":"D\u00e9couvrez le caf\u00e9 D\u00e9caf\u00e9in\u00e9 en dosettes, constitu\u00e9 d'un assemblage des meilleurs Arabicas pour un expresso aux saveurs pleines et onctueuses sans caf\u00e9ine.","og_url":"http:\/\/drbean.ca\/fr\/catalogue\/hotels\/jusqua-20-chambres\/decafeine-dosettes-ese\/","og_site_name":"Dr Bean","article_publisher":"https:\/\/www.facebook.com\/DRBEANMTL","article_modified_time":"2023-01-19T20:54:52+00:00","og_image":[{"width":900,"height":900,"url":"https:\/\/drbean.ca\/wp-content\/uploads\/2016\/08\/pod-decafeine.jpg","type":"image\/jpeg"}],"twitter_card":"summary_large_image","schema":{"@context":"https:\/\/schema.org","@graph":[{"@type":"WebPage","@id":"http:\/\/drbean.ca\/fr\/catalogue\/hotels\/jusqua-20-chambres\/decafeine-dosettes-ese\/","url":"http:\/\/drbean.ca\/fr\/catalogue\/hotels\/jusqua-20-chambres\/decafeine-dosettes-ese\/","name":"D\u00e9caf\u00e9in\u00e9 (dosettes ESE) - Dr Bean","isPartOf":{"@id":"https:\/\/drbean.ca\/fr\/#website"},"primaryImageOfPage":{"@id":"http:\/\/drbean.ca\/fr\/catalogue\/hotels\/jusqua-20-chambres\/decafeine-dosettes-ese\/#primaryimage"},"image":{"@id":"http:\/\/drbean.ca\/fr\/catalogue\/hotels\/jusqua-20-chambres\/decafeine-dosettes-ese\/#primaryimage"},"thumbnailUrl":"https:\/\/drbean.ca\/wp-content\/uploads\/2016\/08\/pod-decafeine.jpg","datePublished":"2016-08-31T18:20:26+00:00","dateModified":"2023-01-19T20:54:52+00:00","description":"D\u00e9couvrez le caf\u00e9 D\u00e9caf\u00e9in\u00e9 en dosettes, constitu\u00e9 d'un assemblage des meilleurs Arabicas pour un expresso aux saveurs pleines et onctueuses sans caf\u00e9ine.","breadcrumb":{"@id":"http:\/\/drbean.ca\/fr\/catalogue\/hotels\/jusqua-20-chambres\/decafeine-dosettes-ese\/#breadcrumb"},"inLanguage":"fr-FR","potentialAction":[{"@type":"ReadAction","target":["http:\/\/drbean.ca\/fr\/catalogue\/hotels\/jusqua-20-chambres\/decafeine-dosettes-ese\/"]}]},{"@type":"ImageObject","inLanguage":"fr-FR","@id":"http:\/\/drbean.ca\/fr\/catalogue\/hotels\/jusqua-20-chambres\/decafeine-dosettes-ese\/#primaryimage","url":"https:\/\/drbean.ca\/wp-content\/uploads\/2016\/08\/pod-decafeine.jpg","contentUrl":"https:\/\/drbean.ca\/wp-content\/uploads\/2016\/08\/pod-decafeine.jpg","width":900,"height":900,"caption":"Caf\u00e9 D\u00e9caf\u00e9in\u00e9"},{"@type":"BreadcrumbList","@id":"http:\/\/drbean.ca\/fr\/catalogue\/hotels\/jusqua-20-chambres\/decafeine-dosettes-ese\/#breadcrumb","itemListElement":[{"@type":"ListItem","position":1,"name":"Accueil","item":"http:\/\/drbean.ca\/fr\/"},{"@type":"ListItem","position":2,"name":"Boutique","item":"http:\/\/drbean.ca\/fr\/boutique\/"},{"@type":"ListItem","position":3,"name":"D\u00e9caf\u00e9in\u00e9 (dosettes ESE)"}]},{"@type":"WebSite","@id":"https:\/\/drbean.ca\/fr\/#website","url":"https:\/\/drbean.ca\/fr\/","name":"Dr Bean","description":"Votre partenaire depuis plus de 15 ans","publisher":{"@id":"https:\/\/drbean.ca\/fr\/#organization"},"potentialAction":[{"@type":"SearchAction","target":{"@type":"EntryPoint","urlTemplate":"https:\/\/drbean.ca\/fr\/?s={search_term_string}"},"query-input":{"@type":"PropertyValueSpecification","valueRequired":true,"valueName":"search_term_string"}}],"inLanguage":"fr-FR"},{"@type":"Organization","@id":"https:\/\/drbean.ca\/fr\/#organization","name":"Dr Bean","url":"https:\/\/drbean.ca\/fr\/","logo":{"@type":"ImageObject","inLanguage":"fr-FR","@id":"https:\/\/drbean.ca\/fr\/#\/schema\/logo\/image\/","url":"https:\/\/drbean.ca\/wp-content\/uploads\/2016\/09\/footer_logo.png","contentUrl":"https:\/\/drbean.ca\/wp-content\/uploads\/2016\/09\/footer_logo.png","width":216,"height":192,"caption":"Dr Bean"},"image":{"@id":"https:\/\/drbean.ca\/fr\/#\/schema\/logo\/image\/"},"sameAs":["https:\/\/www.facebook.com\/DRBEANMTL","https:\/\/www.instagram.com\/drbeanmtl\/"]}]}},"_links":{"self":[{"href":"https:\/\/drbean.ca\/fr\/wp-json\/wp\/v2\/product\/510","targetHints":{"allow":["GET"]}}],"collection":[{"href":"https:\/\/drbean.ca\/fr\/wp-json\/wp\/v2\/product"}],"about":[{"href":"https:\/\/drbean.ca\/fr\/wp-json\/wp\/v2\/types\/product"}],"wp:featuredmedia":[{"embeddable":true,"href":"https:\/\/drbean.ca\/fr\/wp-json\/wp\/v2\/media\/511"}],"wp:attachment":[{"href":"https:\/\/drbean.ca\/fr\/wp-json\/wp\/v2\/media?parent=510"}],"wp:term":[{"taxonomy":"product_cat","embeddable":true,"href":"https:\/\/drbean.ca\/fr\/wp-json\/wp\/v2\/product_cat?post=510"},{"taxonomy":"product_tag","embeddable":true,"href":"https:\/\/drbean.ca\/fr\/wp-json\/wp\/v2\/product_tag?post=510"}],"curies":[{"name":"wp","href":"https:\/\/api.w.org\/{rel}","templated":true}]}}