{"id":545,"date":"2016-08-31T14:57:49","date_gmt":"2016-08-31T18:57:49","guid":{"rendered":"https:\/\/drbean.cafebarista.ca\/catalogue\/thes-et-infusions\/the-noir-jardins-de-darjeeling-boite-sachets-voiles-x40\/"},"modified":"2022-02-22T12:31:31","modified_gmt":"2022-02-22T16:31:31","slug":"the-noir-jardins-de-darjeeling","status":"publish","type":"product","link":"https:\/\/drbean.ca\/fr\/catalogue\/thes-et-infusions\/the-noir-jardins-de-darjeeling\/","title":{"rendered":"Th\u00e9 noir Jardins de Darjeeling"},"content":{"rendered":"<h3>Th\u00e9 noir Jardins de Darjeeling<\/h3>\n<p>Ce th\u00e9 noir nature Jardins de Darjeeling se d\u00e9guste id\u00e9alement le matin et en journ\u00e9e, avec ou sans lait. Tr\u00e8s raffin\u00e9, ce m\u00e9lange de crus d\u2019\u00e9t\u00e9 en feuilles enti\u00e8res est issu de jardins s\u00e9lectionn\u00e9s dans l\u2019appellation Darjeeling. Sa liqueur ambr\u00e9e r\u00e9v\u00e8le une l\u00e9g\u00e8re astringence et des notes bois\u00e9es et fruit\u00e9es.<\/p>\n<p>Accord th\u00e9 et confiseries : Cake \u00e0 l\u2019orange ou au citron, chocolat noir et au lait, pralin\u00e9, amandes.<\/p>\n<p>Bo\u00eete de 40 sachets voiles emball\u00e9s individuellement pour pr\u00e9server toute la fra\u00eecheur des ar\u00f4mes.<\/p>\n<p>Marque : <strong>THE DES COMPTOIRS,COMPTOIRS RICHARD<\/strong><\/p>\n","protected":false},"excerpt":{"rendered":"<p>Ce th\u00e9 noir nature Jardins de Darjeeling se d\u00e9guste id\u00e9alement le matin et en journ\u00e9e, avec ou sans lait. Tr\u00e8s raffin\u00e9, ce m\u00e9lange de crus d\u2019\u00e9t\u00e9 en feuilles enti\u00e8res est issu de jardins s\u00e9lectionn\u00e9s dans l\u2019appellation Darjeeling. Sa liqueur ambr\u00e9e r\u00e9v\u00e8le une l\u00e9g\u00e8re astringence et des notes bois\u00e9es et fruit\u00e9es.<\/p>\n<p>Accord th\u00e9 et confiseries : Cake \u00e0 l\u2019orange ou au citron, chocolat noir et au lait, pralin\u00e9, amandes.<\/p>\n<p>Bo\u00eete de 40 sachets voiles emball\u00e9s individuellement pour pr\u00e9server toute la fra\u00eecheur des ar\u00f4mes.<\/p>\n<p>Marque : <strong>THE DES COMPTOIRS,COMPTOIRS RICHARD<\/strong><\/p>\n","protected":false},"featured_media":546,"template":"","meta":{"_et_pb_use_builder":"","_et_pb_old_content":"","om_disable_all_campaigns":false,"_monsterinsights_skip_tracking":false,"_monsterinsights_sitenote_active":false,"_monsterinsights_sitenote_note":"","_monsterinsights_sitenote_category":0},"product_cat":[47],"product_tag":[],"class_list":{"0":"post-545","1":"product","2":"type-product","3":"status-publish","4":"has-post-thumbnail","6":"product_cat-thes-et-infusions","8":"first","9":"outofstock","10":"featured","11":"purchasable","12":"product-type-variable"},"aioseo_notices":[],"yoast_head":"<!-- This site is optimized with the Yoast SEO plugin v23.7 - https:\/\/yoast.com\/wordpress\/plugins\/seo\/ -->\n<title>Th\u00e9 noir Jardins de Darjeeling - Dr Bean<\/title>\n<meta name=\"description\" content=\"? D\u00e9couvrez le th\u00e9 noir Jardins de Darjeeling, sa liqueur ambr\u00e9e r\u00e9v\u00e8le une l\u00e9g\u00e8re astringence et des notes bois\u00e9es et fruit\u00e9es.\" \/>\n<meta name=\"robots\" content=\"index, follow, max-snippet:-1, max-image-preview:large, max-video-preview:-1\" \/>\n<link rel=\"canonical\" href=\"http:\/\/drbean.ca\/fr\/catalogue\/thes-et-infusions\/the-noir-jardins-de-darjeeling\/\" \/>\n<meta property=\"og:locale\" content=\"fr_FR\" \/>\n<meta property=\"og:type\" content=\"article\" \/>\n<meta property=\"og:title\" content=\"Th\u00e9 noir Jardins de Darjeeling - Dr Bean\" \/>\n<meta property=\"og:description\" content=\"? D\u00e9couvrez le th\u00e9 noir Jardins de Darjeeling, sa liqueur ambr\u00e9e r\u00e9v\u00e8le une l\u00e9g\u00e8re astringence et des notes bois\u00e9es et fruit\u00e9es.\" \/>\n<meta property=\"og:url\" content=\"http:\/\/drbean.ca\/fr\/catalogue\/thes-et-infusions\/the-noir-jardins-de-darjeeling\/\" \/>\n<meta property=\"og:site_name\" content=\"Dr Bean\" \/>\n<meta property=\"article:publisher\" content=\"https:\/\/www.facebook.com\/DRBEANMTL\" \/>\n<meta property=\"article:modified_time\" content=\"2022-02-22T16:31:31+00:00\" \/>\n<meta property=\"og:image\" content=\"https:\/\/drbean.ca\/wp-content\/uploads\/2016\/08\/the-voile-jardin-de-darjeeling.jpg\" \/>\n\t<meta property=\"og:image:width\" content=\"900\" \/>\n\t<meta property=\"og:image:height\" content=\"900\" \/>\n\t<meta property=\"og:image:type\" content=\"image\/jpeg\" \/>\n<meta name=\"twitter:card\" content=\"summary_large_image\" \/>\n<meta name=\"twitter:label1\" content=\"Dur\u00e9e de lecture estim\u00e9e\" \/>\n\t<meta name=\"twitter:data1\" content=\"1 minute\" \/>\n<script type=\"application\/ld+json\" class=\"yoast-schema-graph\">{\"@context\":\"https:\/\/schema.org\",\"@graph\":[{\"@type\":\"WebPage\",\"@id\":\"http:\/\/drbean.ca\/fr\/catalogue\/thes-et-infusions\/the-noir-jardins-de-darjeeling\/\",\"url\":\"http:\/\/drbean.ca\/fr\/catalogue\/thes-et-infusions\/the-noir-jardins-de-darjeeling\/\",\"name\":\"Th\u00e9 noir Jardins de Darjeeling - Dr Bean\",\"isPartOf\":{\"@id\":\"https:\/\/drbean.ca\/fr\/#website\"},\"primaryImageOfPage\":{\"@id\":\"http:\/\/drbean.ca\/fr\/catalogue\/thes-et-infusions\/the-noir-jardins-de-darjeeling\/#primaryimage\"},\"image\":{\"@id\":\"http:\/\/drbean.ca\/fr\/catalogue\/thes-et-infusions\/the-noir-jardins-de-darjeeling\/#primaryimage\"},\"thumbnailUrl\":\"https:\/\/drbean.ca\/wp-content\/uploads\/2016\/08\/the-voile-jardin-de-darjeeling.jpg\",\"datePublished\":\"2016-08-31T18:57:49+00:00\",\"dateModified\":\"2022-02-22T16:31:31+00:00\",\"description\":\"? D\u00e9couvrez le th\u00e9 noir Jardins de Darjeeling, sa liqueur ambr\u00e9e r\u00e9v\u00e8le une l\u00e9g\u00e8re astringence et des notes bois\u00e9es et fruit\u00e9es.\",\"breadcrumb\":{\"@id\":\"http:\/\/drbean.ca\/fr\/catalogue\/thes-et-infusions\/the-noir-jardins-de-darjeeling\/#breadcrumb\"},\"inLanguage\":\"fr-FR\",\"potentialAction\":[{\"@type\":\"ReadAction\",\"target\":[\"http:\/\/drbean.ca\/fr\/catalogue\/thes-et-infusions\/the-noir-jardins-de-darjeeling\/\"]}]},{\"@type\":\"ImageObject\",\"inLanguage\":\"fr-FR\",\"@id\":\"http:\/\/drbean.ca\/fr\/catalogue\/thes-et-infusions\/the-noir-jardins-de-darjeeling\/#primaryimage\",\"url\":\"https:\/\/drbean.ca\/wp-content\/uploads\/2016\/08\/the-voile-jardin-de-darjeeling.jpg\",\"contentUrl\":\"https:\/\/drbean.ca\/wp-content\/uploads\/2016\/08\/the-voile-jardin-de-darjeeling.jpg\",\"width\":900,\"height\":900,\"caption\":\"th\u00e9 noir\"},{\"@type\":\"BreadcrumbList\",\"@id\":\"http:\/\/drbean.ca\/fr\/catalogue\/thes-et-infusions\/the-noir-jardins-de-darjeeling\/#breadcrumb\",\"itemListElement\":[{\"@type\":\"ListItem\",\"position\":1,\"name\":\"Accueil\",\"item\":\"http:\/\/drbean.ca\/fr\/\"},{\"@type\":\"ListItem\",\"position\":2,\"name\":\"Boutique\",\"item\":\"http:\/\/drbean.ca\/fr\/boutique\/\"},{\"@type\":\"ListItem\",\"position\":3,\"name\":\"Th\u00e9 noir Jardins de Darjeeling\"}]},{\"@type\":\"WebSite\",\"@id\":\"https:\/\/drbean.ca\/fr\/#website\",\"url\":\"https:\/\/drbean.ca\/fr\/\",\"name\":\"Dr Bean\",\"description\":\"Votre partenaire depuis plus de 15 ans\",\"publisher\":{\"@id\":\"https:\/\/drbean.ca\/fr\/#organization\"},\"potentialAction\":[{\"@type\":\"SearchAction\",\"target\":{\"@type\":\"EntryPoint\",\"urlTemplate\":\"https:\/\/drbean.ca\/fr\/?s={search_term_string}\"},\"query-input\":{\"@type\":\"PropertyValueSpecification\",\"valueRequired\":true,\"valueName\":\"search_term_string\"}}],\"inLanguage\":\"fr-FR\"},{\"@type\":\"Organization\",\"@id\":\"https:\/\/drbean.ca\/fr\/#organization\",\"name\":\"Dr Bean\",\"url\":\"https:\/\/drbean.ca\/fr\/\",\"logo\":{\"@type\":\"ImageObject\",\"inLanguage\":\"fr-FR\",\"@id\":\"https:\/\/drbean.ca\/fr\/#\/schema\/logo\/image\/\",\"url\":\"https:\/\/drbean.ca\/wp-content\/uploads\/2016\/09\/footer_logo.png\",\"contentUrl\":\"https:\/\/drbean.ca\/wp-content\/uploads\/2016\/09\/footer_logo.png\",\"width\":216,\"height\":192,\"caption\":\"Dr Bean\"},\"image\":{\"@id\":\"https:\/\/drbean.ca\/fr\/#\/schema\/logo\/image\/\"},\"sameAs\":[\"https:\/\/www.facebook.com\/DRBEANMTL\",\"https:\/\/www.instagram.com\/drbeanmtl\/\"]}]}<\/script>\n<!-- \/ Yoast SEO plugin. -->","yoast_head_json":{"title":"Th\u00e9 noir Jardins de Darjeeling - Dr Bean","description":"? D\u00e9couvrez le th\u00e9 noir Jardins de Darjeeling, sa liqueur ambr\u00e9e r\u00e9v\u00e8le une l\u00e9g\u00e8re astringence et des notes bois\u00e9es et fruit\u00e9es.","robots":{"index":"index","follow":"follow","max-snippet":"max-snippet:-1","max-image-preview":"max-image-preview:large","max-video-preview":"max-video-preview:-1"},"canonical":"http:\/\/drbean.ca\/fr\/catalogue\/thes-et-infusions\/the-noir-jardins-de-darjeeling\/","og_locale":"fr_FR","og_type":"article","og_title":"Th\u00e9 noir Jardins de Darjeeling - Dr Bean","og_description":"? D\u00e9couvrez le th\u00e9 noir Jardins de Darjeeling, sa liqueur ambr\u00e9e r\u00e9v\u00e8le une l\u00e9g\u00e8re astringence et des notes bois\u00e9es et fruit\u00e9es.","og_url":"http:\/\/drbean.ca\/fr\/catalogue\/thes-et-infusions\/the-noir-jardins-de-darjeeling\/","og_site_name":"Dr Bean","article_publisher":"https:\/\/www.facebook.com\/DRBEANMTL","article_modified_time":"2022-02-22T16:31:31+00:00","og_image":[{"width":900,"height":900,"url":"https:\/\/drbean.ca\/wp-content\/uploads\/2016\/08\/the-voile-jardin-de-darjeeling.jpg","type":"image\/jpeg"}],"twitter_card":"summary_large_image","twitter_misc":{"Dur\u00e9e de lecture estim\u00e9e":"1 minute"},"schema":{"@context":"https:\/\/schema.org","@graph":[{"@type":"WebPage","@id":"http:\/\/drbean.ca\/fr\/catalogue\/thes-et-infusions\/the-noir-jardins-de-darjeeling\/","url":"http:\/\/drbean.ca\/fr\/catalogue\/thes-et-infusions\/the-noir-jardins-de-darjeeling\/","name":"Th\u00e9 noir Jardins de Darjeeling - Dr Bean","isPartOf":{"@id":"https:\/\/drbean.ca\/fr\/#website"},"primaryImageOfPage":{"@id":"http:\/\/drbean.ca\/fr\/catalogue\/thes-et-infusions\/the-noir-jardins-de-darjeeling\/#primaryimage"},"image":{"@id":"http:\/\/drbean.ca\/fr\/catalogue\/thes-et-infusions\/the-noir-jardins-de-darjeeling\/#primaryimage"},"thumbnailUrl":"https:\/\/drbean.ca\/wp-content\/uploads\/2016\/08\/the-voile-jardin-de-darjeeling.jpg","datePublished":"2016-08-31T18:57:49+00:00","dateModified":"2022-02-22T16:31:31+00:00","description":"? D\u00e9couvrez le th\u00e9 noir Jardins de Darjeeling, sa liqueur ambr\u00e9e r\u00e9v\u00e8le une l\u00e9g\u00e8re astringence et des notes bois\u00e9es et fruit\u00e9es.","breadcrumb":{"@id":"http:\/\/drbean.ca\/fr\/catalogue\/thes-et-infusions\/the-noir-jardins-de-darjeeling\/#breadcrumb"},"inLanguage":"fr-FR","potentialAction":[{"@type":"ReadAction","target":["http:\/\/drbean.ca\/fr\/catalogue\/thes-et-infusions\/the-noir-jardins-de-darjeeling\/"]}]},{"@type":"ImageObject","inLanguage":"fr-FR","@id":"http:\/\/drbean.ca\/fr\/catalogue\/thes-et-infusions\/the-noir-jardins-de-darjeeling\/#primaryimage","url":"https:\/\/drbean.ca\/wp-content\/uploads\/2016\/08\/the-voile-jardin-de-darjeeling.jpg","contentUrl":"https:\/\/drbean.ca\/wp-content\/uploads\/2016\/08\/the-voile-jardin-de-darjeeling.jpg","width":900,"height":900,"caption":"th\u00e9 noir"},{"@type":"BreadcrumbList","@id":"http:\/\/drbean.ca\/fr\/catalogue\/thes-et-infusions\/the-noir-jardins-de-darjeeling\/#breadcrumb","itemListElement":[{"@type":"ListItem","position":1,"name":"Accueil","item":"http:\/\/drbean.ca\/fr\/"},{"@type":"ListItem","position":2,"name":"Boutique","item":"http:\/\/drbean.ca\/fr\/boutique\/"},{"@type":"ListItem","position":3,"name":"Th\u00e9 noir Jardins de Darjeeling"}]},{"@type":"WebSite","@id":"https:\/\/drbean.ca\/fr\/#website","url":"https:\/\/drbean.ca\/fr\/","name":"Dr Bean","description":"Votre partenaire depuis plus de 15 ans","publisher":{"@id":"https:\/\/drbean.ca\/fr\/#organization"},"potentialAction":[{"@type":"SearchAction","target":{"@type":"EntryPoint","urlTemplate":"https:\/\/drbean.ca\/fr\/?s={search_term_string}"},"query-input":{"@type":"PropertyValueSpecification","valueRequired":true,"valueName":"search_term_string"}}],"inLanguage":"fr-FR"},{"@type":"Organization","@id":"https:\/\/drbean.ca\/fr\/#organization","name":"Dr Bean","url":"https:\/\/drbean.ca\/fr\/","logo":{"@type":"ImageObject","inLanguage":"fr-FR","@id":"https:\/\/drbean.ca\/fr\/#\/schema\/logo\/image\/","url":"https:\/\/drbean.ca\/wp-content\/uploads\/2016\/09\/footer_logo.png","contentUrl":"https:\/\/drbean.ca\/wp-content\/uploads\/2016\/09\/footer_logo.png","width":216,"height":192,"caption":"Dr Bean"},"image":{"@id":"https:\/\/drbean.ca\/fr\/#\/schema\/logo\/image\/"},"sameAs":["https:\/\/www.facebook.com\/DRBEANMTL","https:\/\/www.instagram.com\/drbeanmtl\/"]}]}},"_links":{"self":[{"href":"https:\/\/drbean.ca\/fr\/wp-json\/wp\/v2\/product\/545","targetHints":{"allow":["GET"]}}],"collection":[{"href":"https:\/\/drbean.ca\/fr\/wp-json\/wp\/v2\/product"}],"about":[{"href":"https:\/\/drbean.ca\/fr\/wp-json\/wp\/v2\/types\/product"}],"wp:featuredmedia":[{"embeddable":true,"href":"https:\/\/drbean.ca\/fr\/wp-json\/wp\/v2\/media\/546"}],"wp:attachment":[{"href":"https:\/\/drbean.ca\/fr\/wp-json\/wp\/v2\/media?parent=545"}],"wp:term":[{"taxonomy":"product_cat","embeddable":true,"href":"https:\/\/drbean.ca\/fr\/wp-json\/wp\/v2\/product_cat?post=545"},{"taxonomy":"product_tag","embeddable":true,"href":"https:\/\/drbean.ca\/fr\/wp-json\/wp\/v2\/product_tag?post=545"}],"curies":[{"name":"wp","href":"https:\/\/api.w.org\/{rel}","templated":true}]}}