{"id":568,"date":"2016-08-31T17:26:52","date_gmt":"2016-08-31T21:26:52","guid":{"rendered":"https:\/\/drbean.cafebarista.ca\/catalogue\/thes-et-infusions\/tisane-camomille-bio-boite-sachets-voiles-x40\/"},"modified":"2023-03-03T15:57:11","modified_gmt":"2023-03-03T19:57:11","slug":"tisane-camomille-bio","status":"publish","type":"product","link":"https:\/\/drbean.ca\/fr\/catalogue\/thes-et-infusions\/tisane-camomille-bio\/","title":{"rendered":"Tisane Camomille bio"},"content":{"rendered":"<h3 class=\"keyword-text _ngcontent-mhu-82\"><span class=\"keyword _ngcontent-mhu-82\">Infusion de\u00a0Camomille<\/span><\/h3>\n<p>Cette tisane se compose d&rsquo;une jolie s\u00e9lection de petites camomilles qui r\u00e9v\u00e8lent en infusion aux douces notes fleuries. On dit que sa douceur incite \u00e0 la tranquillit\u00e9 apr\u00e8s un bon repas ou une journ\u00e9e agit\u00e9e. Elle s&rsquo;agr\u00e9mente parfaitement de miel d&rsquo;acacia, de vanille ou de cannelle.<\/p>\n<p>Elle se savoure \u00e9galement en d\u00e9licieuse boisson fra\u00eeche.<\/p>\n<p>Bo\u00eete de 40 sachets voiles emball\u00e9s individuellement pour pr\u00e9server toute la fra\u00eecheur des ar\u00f4mes.<\/p>\n<p>Marque : <strong>THE DES COMPTOIRS,COMPTOIRS RICHARD<\/strong><\/p>\n","protected":false},"excerpt":{"rendered":"<p>Cette tisane se compose d&rsquo;une jolie s\u00e9lection de petites camomilles qui r\u00e9v\u00e8lent en infusion aux douces notes fleuries. On dit que sa douceur incite \u00e0 la tranquillit\u00e9 apr\u00e8s un bon repas ou une journ\u00e9e agit\u00e9e. Elle s&rsquo;agr\u00e9mente parfaitement de miel d&rsquo;acacia, de vanille ou de cannelle.<\/p>\n<p>Elle se savoure \u00e9galement en d\u00e9licieuse boisson fra\u00eeche.<\/p>\n<p>Bo\u00eete de 40 sachets voiles emball\u00e9s individuellement pour pr\u00e9server toute la fra\u00eecheur des ar\u00f4mes.<\/p>\n<p>Marque : <strong>THE DES COMPTOIRS,COMPTOIRS RICHARD<\/strong><\/p>\n","protected":false},"featured_media":2059,"template":"","meta":{"_et_pb_use_builder":"","_et_pb_old_content":"","om_disable_all_campaigns":false,"_monsterinsights_skip_tracking":false,"_monsterinsights_sitenote_active":false,"_monsterinsights_sitenote_note":"","_monsterinsights_sitenote_category":0},"product_cat":[47],"product_tag":[],"class_list":{"0":"post-568","1":"product","2":"type-product","3":"status-publish","4":"has-post-thumbnail","6":"product_cat-thes-et-infusions","8":"first","9":"outofstock","10":"featured","11":"purchasable","12":"product-type-variable"},"aioseo_notices":[],"yoast_head":"<!-- This site is optimized with the Yoast SEO plugin v23.7 - https:\/\/yoast.com\/wordpress\/plugins\/seo\/ -->\n<title>Tisane Camomille bio - Dr Bean<\/title>\n<meta name=\"description\" content=\"? L&#039;infusion de Camomille r\u00e9v\u00e8lent une infusion aux douces notes fleuries. Bo\u00eete de 40 sachets. ?\" \/>\n<meta name=\"robots\" content=\"index, follow, max-snippet:-1, max-image-preview:large, max-video-preview:-1\" \/>\n<link rel=\"canonical\" href=\"http:\/\/drbean.ca\/fr\/catalogue\/thes-et-infusions\/tisane-camomille-bio\/\" \/>\n<meta property=\"og:locale\" content=\"fr_FR\" \/>\n<meta property=\"og:type\" content=\"article\" \/>\n<meta property=\"og:title\" content=\"Tisane Camomille bio - Dr Bean\" \/>\n<meta property=\"og:description\" content=\"? L&#039;infusion de Camomille r\u00e9v\u00e8lent une infusion aux douces notes fleuries. Bo\u00eete de 40 sachets. ?\" \/>\n<meta property=\"og:url\" content=\"http:\/\/drbean.ca\/fr\/catalogue\/thes-et-infusions\/tisane-camomille-bio\/\" \/>\n<meta property=\"og:site_name\" content=\"Dr Bean\" \/>\n<meta property=\"article:publisher\" content=\"https:\/\/www.facebook.com\/DRBEANMTL\" \/>\n<meta property=\"article:modified_time\" content=\"2023-03-03T19:57:11+00:00\" \/>\n<meta property=\"og:image\" content=\"https:\/\/drbean.ca\/wp-content\/uploads\/2016\/08\/tisane-camomille-bio-boite-sachets-voile-x40.jpg\" \/>\n\t<meta property=\"og:image:width\" content=\"1200\" \/>\n\t<meta property=\"og:image:height\" content=\"1200\" \/>\n\t<meta property=\"og:image:type\" content=\"image\/jpeg\" \/>\n<meta name=\"twitter:card\" content=\"summary_large_image\" \/>\n<script type=\"application\/ld+json\" class=\"yoast-schema-graph\">{\"@context\":\"https:\/\/schema.org\",\"@graph\":[{\"@type\":\"WebPage\",\"@id\":\"http:\/\/drbean.ca\/fr\/catalogue\/thes-et-infusions\/tisane-camomille-bio\/\",\"url\":\"http:\/\/drbean.ca\/fr\/catalogue\/thes-et-infusions\/tisane-camomille-bio\/\",\"name\":\"Tisane Camomille bio - Dr Bean\",\"isPartOf\":{\"@id\":\"https:\/\/drbean.ca\/fr\/#website\"},\"primaryImageOfPage\":{\"@id\":\"http:\/\/drbean.ca\/fr\/catalogue\/thes-et-infusions\/tisane-camomille-bio\/#primaryimage\"},\"image\":{\"@id\":\"http:\/\/drbean.ca\/fr\/catalogue\/thes-et-infusions\/tisane-camomille-bio\/#primaryimage\"},\"thumbnailUrl\":\"https:\/\/drbean.ca\/wp-content\/uploads\/2016\/08\/tisane-camomille-bio-boite-sachets-voile-x40.jpg\",\"datePublished\":\"2016-08-31T21:26:52+00:00\",\"dateModified\":\"2023-03-03T19:57:11+00:00\",\"description\":\"? L'infusion de Camomille r\u00e9v\u00e8lent une infusion aux douces notes fleuries. Bo\u00eete de 40 sachets. ?\",\"breadcrumb\":{\"@id\":\"http:\/\/drbean.ca\/fr\/catalogue\/thes-et-infusions\/tisane-camomille-bio\/#breadcrumb\"},\"inLanguage\":\"fr-FR\",\"potentialAction\":[{\"@type\":\"ReadAction\",\"target\":[\"http:\/\/drbean.ca\/fr\/catalogue\/thes-et-infusions\/tisane-camomille-bio\/\"]}]},{\"@type\":\"ImageObject\",\"inLanguage\":\"fr-FR\",\"@id\":\"http:\/\/drbean.ca\/fr\/catalogue\/thes-et-infusions\/tisane-camomille-bio\/#primaryimage\",\"url\":\"https:\/\/drbean.ca\/wp-content\/uploads\/2016\/08\/tisane-camomille-bio-boite-sachets-voile-x40.jpg\",\"contentUrl\":\"https:\/\/drbean.ca\/wp-content\/uploads\/2016\/08\/tisane-camomille-bio-boite-sachets-voile-x40.jpg\",\"width\":1200,\"height\":1200},{\"@type\":\"BreadcrumbList\",\"@id\":\"http:\/\/drbean.ca\/fr\/catalogue\/thes-et-infusions\/tisane-camomille-bio\/#breadcrumb\",\"itemListElement\":[{\"@type\":\"ListItem\",\"position\":1,\"name\":\"Accueil\",\"item\":\"http:\/\/drbean.ca\/fr\/\"},{\"@type\":\"ListItem\",\"position\":2,\"name\":\"Boutique\",\"item\":\"http:\/\/drbean.ca\/fr\/boutique\/\"},{\"@type\":\"ListItem\",\"position\":3,\"name\":\"Tisane Camomille bio\"}]},{\"@type\":\"WebSite\",\"@id\":\"https:\/\/drbean.ca\/fr\/#website\",\"url\":\"https:\/\/drbean.ca\/fr\/\",\"name\":\"Dr Bean\",\"description\":\"Votre partenaire depuis plus de 15 ans\",\"publisher\":{\"@id\":\"https:\/\/drbean.ca\/fr\/#organization\"},\"potentialAction\":[{\"@type\":\"SearchAction\",\"target\":{\"@type\":\"EntryPoint\",\"urlTemplate\":\"https:\/\/drbean.ca\/fr\/?s={search_term_string}\"},\"query-input\":{\"@type\":\"PropertyValueSpecification\",\"valueRequired\":true,\"valueName\":\"search_term_string\"}}],\"inLanguage\":\"fr-FR\"},{\"@type\":\"Organization\",\"@id\":\"https:\/\/drbean.ca\/fr\/#organization\",\"name\":\"Dr Bean\",\"url\":\"https:\/\/drbean.ca\/fr\/\",\"logo\":{\"@type\":\"ImageObject\",\"inLanguage\":\"fr-FR\",\"@id\":\"https:\/\/drbean.ca\/fr\/#\/schema\/logo\/image\/\",\"url\":\"https:\/\/drbean.ca\/wp-content\/uploads\/2016\/09\/footer_logo.png\",\"contentUrl\":\"https:\/\/drbean.ca\/wp-content\/uploads\/2016\/09\/footer_logo.png\",\"width\":216,\"height\":192,\"caption\":\"Dr Bean\"},\"image\":{\"@id\":\"https:\/\/drbean.ca\/fr\/#\/schema\/logo\/image\/\"},\"sameAs\":[\"https:\/\/www.facebook.com\/DRBEANMTL\",\"https:\/\/www.instagram.com\/drbeanmtl\/\"]}]}<\/script>\n<!-- \/ Yoast SEO plugin. -->","yoast_head_json":{"title":"Tisane Camomille bio - Dr Bean","description":"? L'infusion de Camomille r\u00e9v\u00e8lent une infusion aux douces notes fleuries. Bo\u00eete de 40 sachets. ?","robots":{"index":"index","follow":"follow","max-snippet":"max-snippet:-1","max-image-preview":"max-image-preview:large","max-video-preview":"max-video-preview:-1"},"canonical":"http:\/\/drbean.ca\/fr\/catalogue\/thes-et-infusions\/tisane-camomille-bio\/","og_locale":"fr_FR","og_type":"article","og_title":"Tisane Camomille bio - Dr Bean","og_description":"? L'infusion de Camomille r\u00e9v\u00e8lent une infusion aux douces notes fleuries. Bo\u00eete de 40 sachets. ?","og_url":"http:\/\/drbean.ca\/fr\/catalogue\/thes-et-infusions\/tisane-camomille-bio\/","og_site_name":"Dr Bean","article_publisher":"https:\/\/www.facebook.com\/DRBEANMTL","article_modified_time":"2023-03-03T19:57:11+00:00","og_image":[{"width":1200,"height":1200,"url":"https:\/\/drbean.ca\/wp-content\/uploads\/2016\/08\/tisane-camomille-bio-boite-sachets-voile-x40.jpg","type":"image\/jpeg"}],"twitter_card":"summary_large_image","schema":{"@context":"https:\/\/schema.org","@graph":[{"@type":"WebPage","@id":"http:\/\/drbean.ca\/fr\/catalogue\/thes-et-infusions\/tisane-camomille-bio\/","url":"http:\/\/drbean.ca\/fr\/catalogue\/thes-et-infusions\/tisane-camomille-bio\/","name":"Tisane Camomille bio - Dr Bean","isPartOf":{"@id":"https:\/\/drbean.ca\/fr\/#website"},"primaryImageOfPage":{"@id":"http:\/\/drbean.ca\/fr\/catalogue\/thes-et-infusions\/tisane-camomille-bio\/#primaryimage"},"image":{"@id":"http:\/\/drbean.ca\/fr\/catalogue\/thes-et-infusions\/tisane-camomille-bio\/#primaryimage"},"thumbnailUrl":"https:\/\/drbean.ca\/wp-content\/uploads\/2016\/08\/tisane-camomille-bio-boite-sachets-voile-x40.jpg","datePublished":"2016-08-31T21:26:52+00:00","dateModified":"2023-03-03T19:57:11+00:00","description":"? L'infusion de Camomille r\u00e9v\u00e8lent une infusion aux douces notes fleuries. Bo\u00eete de 40 sachets. ?","breadcrumb":{"@id":"http:\/\/drbean.ca\/fr\/catalogue\/thes-et-infusions\/tisane-camomille-bio\/#breadcrumb"},"inLanguage":"fr-FR","potentialAction":[{"@type":"ReadAction","target":["http:\/\/drbean.ca\/fr\/catalogue\/thes-et-infusions\/tisane-camomille-bio\/"]}]},{"@type":"ImageObject","inLanguage":"fr-FR","@id":"http:\/\/drbean.ca\/fr\/catalogue\/thes-et-infusions\/tisane-camomille-bio\/#primaryimage","url":"https:\/\/drbean.ca\/wp-content\/uploads\/2016\/08\/tisane-camomille-bio-boite-sachets-voile-x40.jpg","contentUrl":"https:\/\/drbean.ca\/wp-content\/uploads\/2016\/08\/tisane-camomille-bio-boite-sachets-voile-x40.jpg","width":1200,"height":1200},{"@type":"BreadcrumbList","@id":"http:\/\/drbean.ca\/fr\/catalogue\/thes-et-infusions\/tisane-camomille-bio\/#breadcrumb","itemListElement":[{"@type":"ListItem","position":1,"name":"Accueil","item":"http:\/\/drbean.ca\/fr\/"},{"@type":"ListItem","position":2,"name":"Boutique","item":"http:\/\/drbean.ca\/fr\/boutique\/"},{"@type":"ListItem","position":3,"name":"Tisane Camomille bio"}]},{"@type":"WebSite","@id":"https:\/\/drbean.ca\/fr\/#website","url":"https:\/\/drbean.ca\/fr\/","name":"Dr Bean","description":"Votre partenaire depuis plus de 15 ans","publisher":{"@id":"https:\/\/drbean.ca\/fr\/#organization"},"potentialAction":[{"@type":"SearchAction","target":{"@type":"EntryPoint","urlTemplate":"https:\/\/drbean.ca\/fr\/?s={search_term_string}"},"query-input":{"@type":"PropertyValueSpecification","valueRequired":true,"valueName":"search_term_string"}}],"inLanguage":"fr-FR"},{"@type":"Organization","@id":"https:\/\/drbean.ca\/fr\/#organization","name":"Dr Bean","url":"https:\/\/drbean.ca\/fr\/","logo":{"@type":"ImageObject","inLanguage":"fr-FR","@id":"https:\/\/drbean.ca\/fr\/#\/schema\/logo\/image\/","url":"https:\/\/drbean.ca\/wp-content\/uploads\/2016\/09\/footer_logo.png","contentUrl":"https:\/\/drbean.ca\/wp-content\/uploads\/2016\/09\/footer_logo.png","width":216,"height":192,"caption":"Dr Bean"},"image":{"@id":"https:\/\/drbean.ca\/fr\/#\/schema\/logo\/image\/"},"sameAs":["https:\/\/www.facebook.com\/DRBEANMTL","https:\/\/www.instagram.com\/drbeanmtl\/"]}]}},"_links":{"self":[{"href":"https:\/\/drbean.ca\/fr\/wp-json\/wp\/v2\/product\/568","targetHints":{"allow":["GET"]}}],"collection":[{"href":"https:\/\/drbean.ca\/fr\/wp-json\/wp\/v2\/product"}],"about":[{"href":"https:\/\/drbean.ca\/fr\/wp-json\/wp\/v2\/types\/product"}],"wp:featuredmedia":[{"embeddable":true,"href":"https:\/\/drbean.ca\/fr\/wp-json\/wp\/v2\/media\/2059"}],"wp:attachment":[{"href":"https:\/\/drbean.ca\/fr\/wp-json\/wp\/v2\/media?parent=568"}],"wp:term":[{"taxonomy":"product_cat","embeddable":true,"href":"https:\/\/drbean.ca\/fr\/wp-json\/wp\/v2\/product_cat?post=568"},{"taxonomy":"product_tag","embeddable":true,"href":"https:\/\/drbean.ca\/fr\/wp-json\/wp\/v2\/product_tag?post=568"}],"curies":[{"name":"wp","href":"https:\/\/api.w.org\/{rel}","templated":true}]}}