{"id":572,"date":"2016-08-31T17:29:51","date_gmt":"2016-08-31T21:29:51","guid":{"rendered":"https:\/\/drbean.cafebarista.ca\/catalogue\/bureaux\/machine-a-cafe-expresso-mr-pod\/"},"modified":"2023-01-19T16:57:57","modified_gmt":"2023-01-19T20:57:57","slug":"machine-a-cafe-expresso-mr-pod","status":"publish","type":"product","link":"https:\/\/drbean.ca\/fr\/catalogue\/hotels\/jusqua-20-chambres\/machine-a-cafe-expresso-mr-pod\/","title":{"rendered":"Machine \u00e0 caf\u00e9 espresso Mr POD"},"content":{"rendered":"<h5>LA MACHINE MrPOD \u2013 SIMPLICITE ET DESIGN<\/h5>\n<p>La machine espresso Mr POD pousse \u00e0 19 bars de pression, vous obtenez une mousse g\u00e9n\u00e9reuse et un rendu des ar\u00f4mes parfait, bref, toute la diff\u00e9rence entre un caf\u00e9 filtre et un espresso.<\/p>\n<h5>L&rsquo;ESPRESSO EN BONNE CONSCIENCE<\/h5>\n<p>Pour permettre aux utilisateurs une grande libert\u00e9 de choix et d&rsquo;utilisation, les torr\u00e9facteurs de caf\u00e9 ont \u00e9tabli une norme commune de fabrication des dosettes espresso : la norme E.S.E. (Easy Serving Espresso). Dans le respect de l&rsquo;environnement, les pods E.S.E. ou les dosettes E.S.E. constituent une forme de pr\u00e9sentation respectueuse de l&rsquo;environnement. Elles sont en effet compostables \u00e0 100%!<\/p>\n<h5>CARACTERISTIQUES DE LA MACHINE<\/h5>\n<ul>\n<li>Boutons pour caf\u00e9 court et long ajustable<\/li>\n<li>Capacit\u00e9 d&rsquo;eau : 0,8 litre<\/li>\n<li>R\u00e9servoir d&rsquo;eau amovible transparent<\/li>\n<li>Distributeur de caf\u00e9 r\u00e9glable en hauteur<\/li>\n<li>R\u00e9servoir pour 10 dosettes utilis\u00e9es<\/li>\n<li>LED de couleur bleue<\/li>\n<li>110 V &#8211; 1260 W.<\/li>\n<li>Pompe 19 bars fabriqu\u00e9e en Italie<\/li>\n<li>Garantie 12 mois<\/li>\n<li>Marque : <strong>MR POD<\/strong><\/li>\n<\/ul>\n<h2>Machine \u00e0 caf\u00e9 espresso \u00e0 POD<\/h2>\n","protected":false},"excerpt":{"rendered":"<h5>LA MACHINE MrPOD \u2013 SIMPLICITE ET DESIGN<\/h5>\n<p>La machine espresso Mr POD pousse \u00e0 19 bars de pression, vous obtenez une mousse g\u00e9n\u00e9reuse et un rendu des ar\u00f4mes parfait, bref, toute la diff\u00e9rence entre un caf\u00e9 filtre et un espresso.<\/p>\n<h5>L&rsquo;ESPRESSO EN BONNE CONSCIENCE<\/h5>\n<p>Pour permettre aux utilisateurs une grande libert\u00e9 de choix et d&rsquo;utilisation, les torr\u00e9facteurs de caf\u00e9 ont \u00e9tabli une norme commune de fabrication des dosettes espresso : la norme E.S.E. (Easy Serving Espresso). Dans le respect de l&rsquo;environnement, les pods E.S.E. ou les dosettes E.S.E. constituent une forme de pr\u00e9sentation respectueuse de l&rsquo;environnement. Elles sont en effet compostables \u00e0 100%!<\/p>\n","protected":false},"featured_media":742,"template":"","meta":{"_et_pb_use_builder":"","_et_pb_old_content":"","om_disable_all_campaigns":false,"_monsterinsights_skip_tracking":false,"_monsterinsights_sitenote_active":false,"_monsterinsights_sitenote_note":"","_monsterinsights_sitenote_category":0},"product_cat":[27,39,37,28,38,40,44],"product_tag":[],"class_list":{"0":"post-572","1":"product","2":"type-product","3":"status-publish","4":"has-post-thumbnail","6":"product_cat-bureaux","7":"product_cat-de-20-a-80-chambres","8":"product_cat-hotels","9":"product_cat-jusqua-10-collaborateurs","10":"product_cat-jusqua-20-chambres","11":"product_cat-plus-de-80-chambres","12":"product_cat-residentiel","14":"first","15":"instock","16":"featured","17":"taxable","18":"shipping-taxable","19":"purchasable","20":"product-type-simple"},"aioseo_notices":[],"yoast_head":"<!-- This site is optimized with the Yoast SEO plugin v23.7 - https:\/\/yoast.com\/wordpress\/plugins\/seo\/ -->\n<title>Machine \u00e0 caf\u00e9 espresso Mr POD - Dr Bean<\/title>\n<meta name=\"robots\" content=\"index, follow, max-snippet:-1, max-image-preview:large, max-video-preview:-1\" \/>\n<link rel=\"canonical\" href=\"http:\/\/drbean.ca\/fr\/catalogue\/hotels\/jusqua-20-chambres\/machine-a-cafe-expresso-mr-pod\/\" \/>\n<meta property=\"og:locale\" content=\"fr_FR\" \/>\n<meta property=\"og:type\" content=\"article\" \/>\n<meta property=\"og:title\" content=\"Machine \u00e0 caf\u00e9 espresso Mr POD - Dr Bean\" \/>\n<meta property=\"og:description\" content=\"LA MACHINE MrPOD \u2013 SIMPLICITE ET DESIGN La machine espresso Mr POD pousse \u00e0 19 bars de pression, vous obtenez une mousse g\u00e9n\u00e9reuse et un rendu des ar\u00f4mes parfait, bref, toute la diff\u00e9rence entre un caf\u00e9 filtre et un espresso. L&#039;ESPRESSO EN BONNE CONSCIENCE Pour permettre aux utilisateurs une grande libert\u00e9 de choix et d&#039;utilisation, les torr\u00e9facteurs de caf\u00e9 ont \u00e9tabli une norme commune de fabrication des dosettes espresso : la norme E.S.E. (Easy Serving Espresso). Dans le respect de l&#039;environnement, les pods E.S.E. ou les dosettes E.S.E. constituent une forme de pr\u00e9sentation respectueuse de l&#039;environnement. Elles sont en effet compostables \u00e0 100%!\" \/>\n<meta property=\"og:url\" content=\"http:\/\/drbean.ca\/fr\/catalogue\/hotels\/jusqua-20-chambres\/machine-a-cafe-expresso-mr-pod\/\" \/>\n<meta property=\"og:site_name\" content=\"Dr Bean\" \/>\n<meta property=\"article:publisher\" content=\"https:\/\/www.facebook.com\/DRBEANMTL\" \/>\n<meta property=\"article:modified_time\" content=\"2023-01-19T20:57:57+00:00\" \/>\n<meta property=\"og:image\" content=\"https:\/\/drbean.ca\/wp-content\/uploads\/2016\/06\/mr-pod.jpg\" \/>\n\t<meta property=\"og:image:width\" content=\"600\" \/>\n\t<meta property=\"og:image:height\" content=\"600\" \/>\n\t<meta property=\"og:image:type\" content=\"image\/jpeg\" \/>\n<meta name=\"twitter:card\" content=\"summary_large_image\" \/>\n<meta name=\"twitter:label1\" content=\"Dur\u00e9e de lecture estim\u00e9e\" \/>\n\t<meta name=\"twitter:data1\" content=\"1 minute\" \/>\n<script type=\"application\/ld+json\" class=\"yoast-schema-graph\">{\"@context\":\"https:\/\/schema.org\",\"@graph\":[{\"@type\":\"WebPage\",\"@id\":\"http:\/\/drbean.ca\/fr\/catalogue\/hotels\/jusqua-20-chambres\/machine-a-cafe-expresso-mr-pod\/\",\"url\":\"http:\/\/drbean.ca\/fr\/catalogue\/hotels\/jusqua-20-chambres\/machine-a-cafe-expresso-mr-pod\/\",\"name\":\"Machine \u00e0 caf\u00e9 espresso Mr POD - Dr Bean\",\"isPartOf\":{\"@id\":\"https:\/\/drbean.ca\/fr\/#website\"},\"primaryImageOfPage\":{\"@id\":\"http:\/\/drbean.ca\/fr\/catalogue\/hotels\/jusqua-20-chambres\/machine-a-cafe-expresso-mr-pod\/#primaryimage\"},\"image\":{\"@id\":\"http:\/\/drbean.ca\/fr\/catalogue\/hotels\/jusqua-20-chambres\/machine-a-cafe-expresso-mr-pod\/#primaryimage\"},\"thumbnailUrl\":\"https:\/\/drbean.ca\/wp-content\/uploads\/2016\/06\/mr-pod.jpg\",\"datePublished\":\"2016-08-31T21:29:51+00:00\",\"dateModified\":\"2023-01-19T20:57:57+00:00\",\"breadcrumb\":{\"@id\":\"http:\/\/drbean.ca\/fr\/catalogue\/hotels\/jusqua-20-chambres\/machine-a-cafe-expresso-mr-pod\/#breadcrumb\"},\"inLanguage\":\"fr-FR\",\"potentialAction\":[{\"@type\":\"ReadAction\",\"target\":[\"http:\/\/drbean.ca\/fr\/catalogue\/hotels\/jusqua-20-chambres\/machine-a-cafe-expresso-mr-pod\/\"]}]},{\"@type\":\"ImageObject\",\"inLanguage\":\"fr-FR\",\"@id\":\"http:\/\/drbean.ca\/fr\/catalogue\/hotels\/jusqua-20-chambres\/machine-a-cafe-expresso-mr-pod\/#primaryimage\",\"url\":\"https:\/\/drbean.ca\/wp-content\/uploads\/2016\/06\/mr-pod.jpg\",\"contentUrl\":\"https:\/\/drbean.ca\/wp-content\/uploads\/2016\/06\/mr-pod.jpg\",\"width\":600,\"height\":600,\"caption\":\"Machine \u00e0 caf\u00e9 expresso\"},{\"@type\":\"BreadcrumbList\",\"@id\":\"http:\/\/drbean.ca\/fr\/catalogue\/hotels\/jusqua-20-chambres\/machine-a-cafe-expresso-mr-pod\/#breadcrumb\",\"itemListElement\":[{\"@type\":\"ListItem\",\"position\":1,\"name\":\"Accueil\",\"item\":\"http:\/\/drbean.ca\/fr\/\"},{\"@type\":\"ListItem\",\"position\":2,\"name\":\"Boutique\",\"item\":\"http:\/\/drbean.ca\/fr\/boutique\/\"},{\"@type\":\"ListItem\",\"position\":3,\"name\":\"Machine \u00e0 caf\u00e9 espresso Mr POD\"}]},{\"@type\":\"WebSite\",\"@id\":\"https:\/\/drbean.ca\/fr\/#website\",\"url\":\"https:\/\/drbean.ca\/fr\/\",\"name\":\"Dr Bean\",\"description\":\"Votre partenaire depuis plus de 15 ans\",\"publisher\":{\"@id\":\"https:\/\/drbean.ca\/fr\/#organization\"},\"potentialAction\":[{\"@type\":\"SearchAction\",\"target\":{\"@type\":\"EntryPoint\",\"urlTemplate\":\"https:\/\/drbean.ca\/fr\/?s={search_term_string}\"},\"query-input\":{\"@type\":\"PropertyValueSpecification\",\"valueRequired\":true,\"valueName\":\"search_term_string\"}}],\"inLanguage\":\"fr-FR\"},{\"@type\":\"Organization\",\"@id\":\"https:\/\/drbean.ca\/fr\/#organization\",\"name\":\"Dr Bean\",\"url\":\"https:\/\/drbean.ca\/fr\/\",\"logo\":{\"@type\":\"ImageObject\",\"inLanguage\":\"fr-FR\",\"@id\":\"https:\/\/drbean.ca\/fr\/#\/schema\/logo\/image\/\",\"url\":\"https:\/\/drbean.ca\/wp-content\/uploads\/2016\/09\/footer_logo.png\",\"contentUrl\":\"https:\/\/drbean.ca\/wp-content\/uploads\/2016\/09\/footer_logo.png\",\"width\":216,\"height\":192,\"caption\":\"Dr Bean\"},\"image\":{\"@id\":\"https:\/\/drbean.ca\/fr\/#\/schema\/logo\/image\/\"},\"sameAs\":[\"https:\/\/www.facebook.com\/DRBEANMTL\",\"https:\/\/www.instagram.com\/drbeanmtl\/\"]}]}<\/script>\n<!-- \/ Yoast SEO plugin. -->","yoast_head_json":{"title":"Machine \u00e0 caf\u00e9 espresso Mr POD - Dr Bean","robots":{"index":"index","follow":"follow","max-snippet":"max-snippet:-1","max-image-preview":"max-image-preview:large","max-video-preview":"max-video-preview:-1"},"canonical":"http:\/\/drbean.ca\/fr\/catalogue\/hotels\/jusqua-20-chambres\/machine-a-cafe-expresso-mr-pod\/","og_locale":"fr_FR","og_type":"article","og_title":"Machine \u00e0 caf\u00e9 espresso Mr POD - Dr Bean","og_description":"LA MACHINE MrPOD \u2013 SIMPLICITE ET DESIGN La machine espresso Mr POD pousse \u00e0 19 bars de pression, vous obtenez une mousse g\u00e9n\u00e9reuse et un rendu des ar\u00f4mes parfait, bref, toute la diff\u00e9rence entre un caf\u00e9 filtre et un espresso. L'ESPRESSO EN BONNE CONSCIENCE Pour permettre aux utilisateurs une grande libert\u00e9 de choix et d'utilisation, les torr\u00e9facteurs de caf\u00e9 ont \u00e9tabli une norme commune de fabrication des dosettes espresso : la norme E.S.E. (Easy Serving Espresso). Dans le respect de l'environnement, les pods E.S.E. ou les dosettes E.S.E. constituent une forme de pr\u00e9sentation respectueuse de l'environnement. Elles sont en effet compostables \u00e0 100%!","og_url":"http:\/\/drbean.ca\/fr\/catalogue\/hotels\/jusqua-20-chambres\/machine-a-cafe-expresso-mr-pod\/","og_site_name":"Dr Bean","article_publisher":"https:\/\/www.facebook.com\/DRBEANMTL","article_modified_time":"2023-01-19T20:57:57+00:00","og_image":[{"width":600,"height":600,"url":"https:\/\/drbean.ca\/wp-content\/uploads\/2016\/06\/mr-pod.jpg","type":"image\/jpeg"}],"twitter_card":"summary_large_image","twitter_misc":{"Dur\u00e9e de lecture estim\u00e9e":"1 minute"},"schema":{"@context":"https:\/\/schema.org","@graph":[{"@type":"WebPage","@id":"http:\/\/drbean.ca\/fr\/catalogue\/hotels\/jusqua-20-chambres\/machine-a-cafe-expresso-mr-pod\/","url":"http:\/\/drbean.ca\/fr\/catalogue\/hotels\/jusqua-20-chambres\/machine-a-cafe-expresso-mr-pod\/","name":"Machine \u00e0 caf\u00e9 espresso Mr POD - Dr Bean","isPartOf":{"@id":"https:\/\/drbean.ca\/fr\/#website"},"primaryImageOfPage":{"@id":"http:\/\/drbean.ca\/fr\/catalogue\/hotels\/jusqua-20-chambres\/machine-a-cafe-expresso-mr-pod\/#primaryimage"},"image":{"@id":"http:\/\/drbean.ca\/fr\/catalogue\/hotels\/jusqua-20-chambres\/machine-a-cafe-expresso-mr-pod\/#primaryimage"},"thumbnailUrl":"https:\/\/drbean.ca\/wp-content\/uploads\/2016\/06\/mr-pod.jpg","datePublished":"2016-08-31T21:29:51+00:00","dateModified":"2023-01-19T20:57:57+00:00","breadcrumb":{"@id":"http:\/\/drbean.ca\/fr\/catalogue\/hotels\/jusqua-20-chambres\/machine-a-cafe-expresso-mr-pod\/#breadcrumb"},"inLanguage":"fr-FR","potentialAction":[{"@type":"ReadAction","target":["http:\/\/drbean.ca\/fr\/catalogue\/hotels\/jusqua-20-chambres\/machine-a-cafe-expresso-mr-pod\/"]}]},{"@type":"ImageObject","inLanguage":"fr-FR","@id":"http:\/\/drbean.ca\/fr\/catalogue\/hotels\/jusqua-20-chambres\/machine-a-cafe-expresso-mr-pod\/#primaryimage","url":"https:\/\/drbean.ca\/wp-content\/uploads\/2016\/06\/mr-pod.jpg","contentUrl":"https:\/\/drbean.ca\/wp-content\/uploads\/2016\/06\/mr-pod.jpg","width":600,"height":600,"caption":"Machine \u00e0 caf\u00e9 expresso"},{"@type":"BreadcrumbList","@id":"http:\/\/drbean.ca\/fr\/catalogue\/hotels\/jusqua-20-chambres\/machine-a-cafe-expresso-mr-pod\/#breadcrumb","itemListElement":[{"@type":"ListItem","position":1,"name":"Accueil","item":"http:\/\/drbean.ca\/fr\/"},{"@type":"ListItem","position":2,"name":"Boutique","item":"http:\/\/drbean.ca\/fr\/boutique\/"},{"@type":"ListItem","position":3,"name":"Machine \u00e0 caf\u00e9 espresso Mr POD"}]},{"@type":"WebSite","@id":"https:\/\/drbean.ca\/fr\/#website","url":"https:\/\/drbean.ca\/fr\/","name":"Dr Bean","description":"Votre partenaire depuis plus de 15 ans","publisher":{"@id":"https:\/\/drbean.ca\/fr\/#organization"},"potentialAction":[{"@type":"SearchAction","target":{"@type":"EntryPoint","urlTemplate":"https:\/\/drbean.ca\/fr\/?s={search_term_string}"},"query-input":{"@type":"PropertyValueSpecification","valueRequired":true,"valueName":"search_term_string"}}],"inLanguage":"fr-FR"},{"@type":"Organization","@id":"https:\/\/drbean.ca\/fr\/#organization","name":"Dr Bean","url":"https:\/\/drbean.ca\/fr\/","logo":{"@type":"ImageObject","inLanguage":"fr-FR","@id":"https:\/\/drbean.ca\/fr\/#\/schema\/logo\/image\/","url":"https:\/\/drbean.ca\/wp-content\/uploads\/2016\/09\/footer_logo.png","contentUrl":"https:\/\/drbean.ca\/wp-content\/uploads\/2016\/09\/footer_logo.png","width":216,"height":192,"caption":"Dr Bean"},"image":{"@id":"https:\/\/drbean.ca\/fr\/#\/schema\/logo\/image\/"},"sameAs":["https:\/\/www.facebook.com\/DRBEANMTL","https:\/\/www.instagram.com\/drbeanmtl\/"]}]}},"_links":{"self":[{"href":"https:\/\/drbean.ca\/fr\/wp-json\/wp\/v2\/product\/572","targetHints":{"allow":["GET"]}}],"collection":[{"href":"https:\/\/drbean.ca\/fr\/wp-json\/wp\/v2\/product"}],"about":[{"href":"https:\/\/drbean.ca\/fr\/wp-json\/wp\/v2\/types\/product"}],"wp:featuredmedia":[{"embeddable":true,"href":"https:\/\/drbean.ca\/fr\/wp-json\/wp\/v2\/media\/742"}],"wp:attachment":[{"href":"https:\/\/drbean.ca\/fr\/wp-json\/wp\/v2\/media?parent=572"}],"wp:term":[{"taxonomy":"product_cat","embeddable":true,"href":"https:\/\/drbean.ca\/fr\/wp-json\/wp\/v2\/product_cat?post=572"},{"taxonomy":"product_tag","embeddable":true,"href":"https:\/\/drbean.ca\/fr\/wp-json\/wp\/v2\/product_tag?post=572"}],"curies":[{"name":"wp","href":"https:\/\/api.w.org\/{rel}","templated":true}]}}