{"id":804,"date":"2019-08-26T10:23:36","date_gmt":"2019-08-26T14:23:36","guid":{"rendered":"https:\/\/drbean.ca\/?post_type=product&#038;p=804"},"modified":"2025-03-26T08:40:26","modified_gmt":"2025-03-26T12:40:26","slug":"presse-agrumes-a-levier-evolution-santos-70","status":"publish","type":"product","link":"https:\/\/drbean.ca\/fr\/catalogue\/presse-agrumes\/presse-agrumes-a-levier-evolution-santos-70\/","title":{"rendered":"Presse-Agrumes a Levier \u00ab\u00a0Evolution\u00a0\u00bb Santos 70"},"content":{"rendered":"<h3>Presse-Agrumes a Levier \u00ab\u00a0Evolution\u00a0\u00bb Santos<\/h3>\n<p><b>Le presse-agrumes gros d\u00e9bit \u00e0 levier est \u00e0 utiliser partout o\u00f9 l&rsquo;on consomme du jus d&rsquo;agrumes fra\u00eechement press\u00e9: bars \u00e0 jus, boutiques de\u00a0di\u00e9t\u00e9tiques, h\u00f4tels, bars, restaurants&#8230;<\/b><\/p>\n<p>Presse-agrumes professionnel <strong>adapt\u00e9 \u00e0 un usage intensif<\/strong> gr\u00e2ce \u00e0 son moteur asynchrone puissant et son d\u00e9bit \u00e9lev\u00e9.<\/p>\n<p><strong>Livr\u00e9 avec une ogive universelle<\/strong> pour oranges, citrons, citrons verts et pamplemousses.<\/p>\n<p><strong>Facile \u00e0 utiliser:<\/strong> d\u00e9marrage automatique quand on appuie sur le levier (syst\u00e8me d&#8217;embrayage brevet\u00e9).<\/p>\n<p><strong>Facile \u00e0 nettoyer:<\/strong> cuve, ogive et coupelle amovibles<\/p>\n<p><strong>Hauteur du bec:<\/strong> 220mm (8.6&Prime;), pour r\u00e9aliser du jus en continu au pichet ou au verre \u00e0 verre.<\/p>\n<p><strong>D\u00e9bit moyen:<\/strong> 50 l\/h<\/p>\n<p><b><u>Option:<\/u><\/b>\u00a0Rehausse-verre disponible sur demande<\/p>\n","protected":false},"excerpt":{"rendered":"<p><b>Le presse-agrumes gros d\u00e9bit \u00e0 levier est \u00e0 utiliser partout o\u00f9 l&rsquo;on consomme du jus d&rsquo;agrumes fra\u00eechement press\u00e9: bars \u00e0 jus, boutiques de\u00a0di\u00e9t\u00e9tiques, h\u00f4tels, bars, restaurants&#8230;<\/b><\/p>\n<p>Presse-agrumes professionnel <strong>adapt\u00e9 \u00e0 un usage intensif<\/strong> gr\u00e2ce \u00e0 son moteur asynchrone puissant et son d\u00e9bit \u00e9lev\u00e9.<\/p>\n<p><strong>Livr\u00e9 avec une ogive universelle<\/strong> pour oranges, citrons, citrons verts et pamplemousses.<\/p>\n<p><strong>Facile \u00e0 utiliser:<\/strong> d\u00e9marrage automatique quand on appuie sur le levier (syst\u00e8me d&#8217;embrayage brevet\u00e9).<\/p>\n<p><strong>Facile \u00e0 nettoyer:<\/strong> cuve, ogive et coupelle amovibles<\/p>\n<p><strong>Hauteur du bec:<\/strong> 220mm (8.6&Prime;), pour r\u00e9aliser du jus en continu au pichet ou au verre \u00e0 verre.<\/p>\n<p><strong>D\u00e9bit moyen:<\/strong> 50 l\/h<\/p>\n<p><b><u>Option:<\/u><\/b>\u00a0Rehausse-verre disponible sur demande<\/p>\n<p>&nbsp;<\/p>\n<p><a class=\"maxbutton-1 maxbutton maxbutton-fiche-technique-mira\" target=\"_blank\" rel=\"noopener\" href=\"https:\/\/www.santos.fr\/media\/ftp\/sales_leaflets\/FR_french\/SANTOS_70_leaflet_FR.pdf\"><span class='mb-text'>FICHE TECHNIQUE<\/span><\/a><\/p>\n<p><a class=\"maxbutton-2 maxbutton maxbutton-technical-manual\" target=\"_blank\" rel=\"noopener\" href=\"https:\/\/www.santos.fr\/media\/ftp\/sales_leaflets\/EN_english\/SANTOS_70_leaflet_EN.pdf\"><span class='mb-text'>TECHNICAL MANUAL<\/span><\/a><\/p>\n<p>&nbsp;<\/p>\n","protected":false},"featured_media":805,"template":"","meta":{"_et_pb_use_builder":"","_et_pb_old_content":"","om_disable_all_campaigns":false,"_monsterinsights_skip_tracking":false,"_monsterinsights_sitenote_active":false,"_monsterinsights_sitenote_note":"","_monsterinsights_sitenote_category":0},"product_cat":[52],"product_tag":[],"class_list":{"0":"post-804","1":"product","2":"type-product","3":"status-publish","4":"has-post-thumbnail","6":"product_cat-presse-agrumes","8":"first","9":"instock","10":"taxable","11":"shipping-taxable","12":"purchasable","13":"product-type-simple"},"aioseo_notices":[],"yoast_head":"<!-- This site is optimized with the Yoast SEO plugin v23.7 - https:\/\/yoast.com\/wordpress\/plugins\/seo\/ -->\n<title>Presse-Agrumes a Levier &quot;Evolution&quot; Santos 70 - Dr Bean<\/title>\n<meta name=\"description\" content=\"Le presse-agrumes gros d\u00e9bit \u00e0 levier est \u00e0 utiliser partout o\u00f9 l&#039;on consomme du jus d&#039;agrumes fra\u00eechement press\u00e9: bars \u00e0 jus, boutiques de\u00a0di\u00e9t\u00e9tiques...\" \/>\n<meta name=\"robots\" content=\"index, follow, max-snippet:-1, max-image-preview:large, max-video-preview:-1\" \/>\n<link rel=\"canonical\" href=\"https:\/\/drbean.ca\/fr\/catalogue\/presse-agrumes\/presse-agrumes-a-levier-evolution-santos-70\/\" \/>\n<meta property=\"og:locale\" content=\"fr_FR\" \/>\n<meta property=\"og:type\" content=\"article\" \/>\n<meta property=\"og:title\" content=\"Presse-Agrumes a Levier &quot;Evolution&quot; Santos 70 - Dr Bean\" \/>\n<meta property=\"og:description\" content=\"Le presse-agrumes gros d\u00e9bit \u00e0 levier est \u00e0 utiliser partout o\u00f9 l&#039;on consomme du jus d&#039;agrumes fra\u00eechement press\u00e9: bars \u00e0 jus, boutiques de\u00a0di\u00e9t\u00e9tiques...\" \/>\n<meta property=\"og:url\" content=\"https:\/\/drbean.ca\/fr\/catalogue\/presse-agrumes\/presse-agrumes-a-levier-evolution-santos-70\/\" \/>\n<meta property=\"og:site_name\" content=\"Dr Bean\" \/>\n<meta property=\"article:publisher\" content=\"https:\/\/www.facebook.com\/DRBEANMTL\" \/>\n<meta property=\"article:modified_time\" content=\"2025-03-26T12:40:26+00:00\" \/>\n<meta property=\"og:image\" content=\"https:\/\/drbean.ca\/wp-content\/uploads\/2019\/08\/santos70-1.jpg\" \/>\n\t<meta property=\"og:image:width\" content=\"600\" \/>\n\t<meta property=\"og:image:height\" content=\"600\" \/>\n\t<meta property=\"og:image:type\" content=\"image\/jpeg\" \/>\n<meta name=\"twitter:card\" content=\"summary_large_image\" \/>\n<meta name=\"twitter:label1\" content=\"Dur\u00e9e de lecture estim\u00e9e\" \/>\n\t<meta name=\"twitter:data1\" content=\"1 minute\" \/>\n<script type=\"application\/ld+json\" class=\"yoast-schema-graph\">{\"@context\":\"https:\/\/schema.org\",\"@graph\":[{\"@type\":\"WebPage\",\"@id\":\"https:\/\/drbean.ca\/catalogue\/presse-agrumes\/presse-agrumes-a-levier-evolution-santos-70\/\",\"url\":\"https:\/\/drbean.ca\/catalogue\/presse-agrumes\/presse-agrumes-a-levier-evolution-santos-70\/\",\"name\":\"Presse-Agrumes a Levier \\\"Evolution\\\" Santos 70 - Dr Bean\",\"isPartOf\":{\"@id\":\"https:\/\/drbean.ca\/fr\/#website\"},\"primaryImageOfPage\":{\"@id\":\"https:\/\/drbean.ca\/catalogue\/presse-agrumes\/presse-agrumes-a-levier-evolution-santos-70\/#primaryimage\"},\"image\":{\"@id\":\"https:\/\/drbean.ca\/catalogue\/presse-agrumes\/presse-agrumes-a-levier-evolution-santos-70\/#primaryimage\"},\"thumbnailUrl\":\"https:\/\/drbean.ca\/wp-content\/uploads\/2019\/08\/santos70-1.jpg\",\"datePublished\":\"2019-08-26T14:23:36+00:00\",\"dateModified\":\"2025-03-26T12:40:26+00:00\",\"description\":\"Le presse-agrumes gros d\u00e9bit \u00e0 levier est \u00e0 utiliser partout o\u00f9 l'on consomme du jus d'agrumes fra\u00eechement press\u00e9: bars \u00e0 jus, boutiques de\u00a0di\u00e9t\u00e9tiques...\",\"breadcrumb\":{\"@id\":\"https:\/\/drbean.ca\/catalogue\/presse-agrumes\/presse-agrumes-a-levier-evolution-santos-70\/#breadcrumb\"},\"inLanguage\":\"fr-FR\",\"potentialAction\":[{\"@type\":\"ReadAction\",\"target\":[\"https:\/\/drbean.ca\/catalogue\/presse-agrumes\/presse-agrumes-a-levier-evolution-santos-70\/\"]}]},{\"@type\":\"ImageObject\",\"inLanguage\":\"fr-FR\",\"@id\":\"https:\/\/drbean.ca\/catalogue\/presse-agrumes\/presse-agrumes-a-levier-evolution-santos-70\/#primaryimage\",\"url\":\"https:\/\/drbean.ca\/wp-content\/uploads\/2019\/08\/santos70-1.jpg\",\"contentUrl\":\"https:\/\/drbean.ca\/wp-content\/uploads\/2019\/08\/santos70-1.jpg\",\"width\":600,\"height\":600,\"caption\":\"presse-agrumes\"},{\"@type\":\"BreadcrumbList\",\"@id\":\"https:\/\/drbean.ca\/catalogue\/presse-agrumes\/presse-agrumes-a-levier-evolution-santos-70\/#breadcrumb\",\"itemListElement\":[{\"@type\":\"ListItem\",\"position\":1,\"name\":\"Accueil\",\"item\":\"http:\/\/drbean.ca\/fr\/\"},{\"@type\":\"ListItem\",\"position\":2,\"name\":\"Boutique\",\"item\":\"http:\/\/drbean.ca\/fr\/boutique\/\"},{\"@type\":\"ListItem\",\"position\":3,\"name\":\"Presse-Agrumes a Levier &#8220;Evolution&#8221; Santos 70\"}]},{\"@type\":\"WebSite\",\"@id\":\"https:\/\/drbean.ca\/fr\/#website\",\"url\":\"https:\/\/drbean.ca\/fr\/\",\"name\":\"Dr Bean\",\"description\":\"Votre partenaire depuis plus de 15 ans\",\"publisher\":{\"@id\":\"https:\/\/drbean.ca\/fr\/#organization\"},\"potentialAction\":[{\"@type\":\"SearchAction\",\"target\":{\"@type\":\"EntryPoint\",\"urlTemplate\":\"https:\/\/drbean.ca\/fr\/?s={search_term_string}\"},\"query-input\":{\"@type\":\"PropertyValueSpecification\",\"valueRequired\":true,\"valueName\":\"search_term_string\"}}],\"inLanguage\":\"fr-FR\"},{\"@type\":\"Organization\",\"@id\":\"https:\/\/drbean.ca\/fr\/#organization\",\"name\":\"Dr Bean\",\"url\":\"https:\/\/drbean.ca\/fr\/\",\"logo\":{\"@type\":\"ImageObject\",\"inLanguage\":\"fr-FR\",\"@id\":\"https:\/\/drbean.ca\/fr\/#\/schema\/logo\/image\/\",\"url\":\"https:\/\/drbean.ca\/wp-content\/uploads\/2016\/09\/footer_logo.png\",\"contentUrl\":\"https:\/\/drbean.ca\/wp-content\/uploads\/2016\/09\/footer_logo.png\",\"width\":216,\"height\":192,\"caption\":\"Dr Bean\"},\"image\":{\"@id\":\"https:\/\/drbean.ca\/fr\/#\/schema\/logo\/image\/\"},\"sameAs\":[\"https:\/\/www.facebook.com\/DRBEANMTL\",\"https:\/\/www.instagram.com\/drbeanmtl\/\"]}]}<\/script>\n<!-- \/ Yoast SEO plugin. -->","yoast_head_json":{"title":"Presse-Agrumes a Levier \"Evolution\" Santos 70 - Dr Bean","description":"Le presse-agrumes gros d\u00e9bit \u00e0 levier est \u00e0 utiliser partout o\u00f9 l'on consomme du jus d'agrumes fra\u00eechement press\u00e9: bars \u00e0 jus, boutiques de\u00a0di\u00e9t\u00e9tiques...","robots":{"index":"index","follow":"follow","max-snippet":"max-snippet:-1","max-image-preview":"max-image-preview:large","max-video-preview":"max-video-preview:-1"},"canonical":"https:\/\/drbean.ca\/fr\/catalogue\/presse-agrumes\/presse-agrumes-a-levier-evolution-santos-70\/","og_locale":"fr_FR","og_type":"article","og_title":"Presse-Agrumes a Levier \"Evolution\" Santos 70 - Dr Bean","og_description":"Le presse-agrumes gros d\u00e9bit \u00e0 levier est \u00e0 utiliser partout o\u00f9 l'on consomme du jus d'agrumes fra\u00eechement press\u00e9: bars \u00e0 jus, boutiques de\u00a0di\u00e9t\u00e9tiques...","og_url":"https:\/\/drbean.ca\/fr\/catalogue\/presse-agrumes\/presse-agrumes-a-levier-evolution-santos-70\/","og_site_name":"Dr Bean","article_publisher":"https:\/\/www.facebook.com\/DRBEANMTL","article_modified_time":"2025-03-26T12:40:26+00:00","og_image":[{"width":600,"height":600,"url":"https:\/\/drbean.ca\/wp-content\/uploads\/2019\/08\/santos70-1.jpg","type":"image\/jpeg"}],"twitter_card":"summary_large_image","twitter_misc":{"Dur\u00e9e de lecture estim\u00e9e":"1 minute"},"schema":{"@context":"https:\/\/schema.org","@graph":[{"@type":"WebPage","@id":"https:\/\/drbean.ca\/catalogue\/presse-agrumes\/presse-agrumes-a-levier-evolution-santos-70\/","url":"https:\/\/drbean.ca\/catalogue\/presse-agrumes\/presse-agrumes-a-levier-evolution-santos-70\/","name":"Presse-Agrumes a Levier \"Evolution\" Santos 70 - Dr Bean","isPartOf":{"@id":"https:\/\/drbean.ca\/fr\/#website"},"primaryImageOfPage":{"@id":"https:\/\/drbean.ca\/catalogue\/presse-agrumes\/presse-agrumes-a-levier-evolution-santos-70\/#primaryimage"},"image":{"@id":"https:\/\/drbean.ca\/catalogue\/presse-agrumes\/presse-agrumes-a-levier-evolution-santos-70\/#primaryimage"},"thumbnailUrl":"https:\/\/drbean.ca\/wp-content\/uploads\/2019\/08\/santos70-1.jpg","datePublished":"2019-08-26T14:23:36+00:00","dateModified":"2025-03-26T12:40:26+00:00","description":"Le presse-agrumes gros d\u00e9bit \u00e0 levier est \u00e0 utiliser partout o\u00f9 l'on consomme du jus d'agrumes fra\u00eechement press\u00e9: bars \u00e0 jus, boutiques de\u00a0di\u00e9t\u00e9tiques...","breadcrumb":{"@id":"https:\/\/drbean.ca\/catalogue\/presse-agrumes\/presse-agrumes-a-levier-evolution-santos-70\/#breadcrumb"},"inLanguage":"fr-FR","potentialAction":[{"@type":"ReadAction","target":["https:\/\/drbean.ca\/catalogue\/presse-agrumes\/presse-agrumes-a-levier-evolution-santos-70\/"]}]},{"@type":"ImageObject","inLanguage":"fr-FR","@id":"https:\/\/drbean.ca\/catalogue\/presse-agrumes\/presse-agrumes-a-levier-evolution-santos-70\/#primaryimage","url":"https:\/\/drbean.ca\/wp-content\/uploads\/2019\/08\/santos70-1.jpg","contentUrl":"https:\/\/drbean.ca\/wp-content\/uploads\/2019\/08\/santos70-1.jpg","width":600,"height":600,"caption":"presse-agrumes"},{"@type":"BreadcrumbList","@id":"https:\/\/drbean.ca\/catalogue\/presse-agrumes\/presse-agrumes-a-levier-evolution-santos-70\/#breadcrumb","itemListElement":[{"@type":"ListItem","position":1,"name":"Accueil","item":"http:\/\/drbean.ca\/fr\/"},{"@type":"ListItem","position":2,"name":"Boutique","item":"http:\/\/drbean.ca\/fr\/boutique\/"},{"@type":"ListItem","position":3,"name":"Presse-Agrumes a Levier &#8220;Evolution&#8221; Santos 70"}]},{"@type":"WebSite","@id":"https:\/\/drbean.ca\/fr\/#website","url":"https:\/\/drbean.ca\/fr\/","name":"Dr Bean","description":"Votre partenaire depuis plus de 15 ans","publisher":{"@id":"https:\/\/drbean.ca\/fr\/#organization"},"potentialAction":[{"@type":"SearchAction","target":{"@type":"EntryPoint","urlTemplate":"https:\/\/drbean.ca\/fr\/?s={search_term_string}"},"query-input":{"@type":"PropertyValueSpecification","valueRequired":true,"valueName":"search_term_string"}}],"inLanguage":"fr-FR"},{"@type":"Organization","@id":"https:\/\/drbean.ca\/fr\/#organization","name":"Dr Bean","url":"https:\/\/drbean.ca\/fr\/","logo":{"@type":"ImageObject","inLanguage":"fr-FR","@id":"https:\/\/drbean.ca\/fr\/#\/schema\/logo\/image\/","url":"https:\/\/drbean.ca\/wp-content\/uploads\/2016\/09\/footer_logo.png","contentUrl":"https:\/\/drbean.ca\/wp-content\/uploads\/2016\/09\/footer_logo.png","width":216,"height":192,"caption":"Dr Bean"},"image":{"@id":"https:\/\/drbean.ca\/fr\/#\/schema\/logo\/image\/"},"sameAs":["https:\/\/www.facebook.com\/DRBEANMTL","https:\/\/www.instagram.com\/drbeanmtl\/"]}]}},"_links":{"self":[{"href":"https:\/\/drbean.ca\/fr\/wp-json\/wp\/v2\/product\/804","targetHints":{"allow":["GET"]}}],"collection":[{"href":"https:\/\/drbean.ca\/fr\/wp-json\/wp\/v2\/product"}],"about":[{"href":"https:\/\/drbean.ca\/fr\/wp-json\/wp\/v2\/types\/product"}],"wp:featuredmedia":[{"embeddable":true,"href":"https:\/\/drbean.ca\/fr\/wp-json\/wp\/v2\/media\/805"}],"wp:attachment":[{"href":"https:\/\/drbean.ca\/fr\/wp-json\/wp\/v2\/media?parent=804"}],"wp:term":[{"taxonomy":"product_cat","embeddable":true,"href":"https:\/\/drbean.ca\/fr\/wp-json\/wp\/v2\/product_cat?post=804"},{"taxonomy":"product_tag","embeddable":true,"href":"https:\/\/drbean.ca\/fr\/wp-json\/wp\/v2\/product_tag?post=804"}],"curies":[{"name":"wp","href":"https:\/\/api.w.org\/{rel}","templated":true}]}}