{"id":830,"date":"2019-08-26T11:44:12","date_gmt":"2019-08-26T15:44:12","guid":{"rendered":"https:\/\/drbean.ca\/?post_type=product&#038;p=830"},"modified":"2025-03-26T08:41:40","modified_gmt":"2025-03-26T12:41:40","slug":"broyeur-a-glacons-53-santos","status":"publish","type":"product","link":"https:\/\/drbean.ca\/fr\/catalogue\/broyeur-a-glacons\/broyeur-a-glacons-53-santos\/","title":{"rendered":"Broyeur \u00e0 gla\u00e7ons 53 Santos"},"content":{"rendered":"<h3>Broyeur \u00e0 gla\u00e7ons 53 Santos<\/h3>\n<p><b>A utiliser partout o\u00f9 l&rsquo;on consomme de la glace pil\u00e9e: bars \u00e0 cocktails, h\u00f4tels, restaurants, glaciers, bars et night clubs. Particuli\u00e8rement adapt\u00e9 \u00e0 la r\u00e9alisation de cocktails (mojitos, margaritas, daiquiris&#8230;)<\/b><\/p>\n<p>Il est \u00e9quip\u00e9 d&rsquo;un moteur asynchrone <strong>robuste<\/strong> et <strong>silencieux<\/strong>.<\/p>\n<p>2 tailles de glace pil\u00e9e :<strong> fin \/ gros.<\/strong><\/p>\n<p>2 modes de fonctionnement: <strong>automatique<\/strong> (broie automatiquement la totalit\u00e9 des gla\u00e7ons plac\u00e9s dans le r\u00e9servoir) et<strong> manuel<\/strong> (broie la glace tant que l&rsquo;on appuie sur le bouton).<\/p>\n<p><strong>D\u00e9bit exceptionnel<\/strong>: permet de broyer 1,2 kg de glace en 30 secondes.<\/p>\n<p>&nbsp;<\/p>\n","protected":false},"excerpt":{"rendered":"<p><b>A utiliser partout o\u00f9 l&rsquo;on consomme de la glace pil\u00e9e: bars \u00e0 cocktails, h\u00f4tels, restaurants, glaciers, bars et night clubs. Particuli\u00e8rement adapt\u00e9 \u00e0 la r\u00e9alisation de cocktails (mojitos, margaritas, daiquiris&#8230;)<\/b><\/p>\n<p>Il est \u00e9quip\u00e9 d&rsquo;un moteur asynchrone <strong>robuste<\/strong> et <strong>silencieux<\/strong>.<\/p>\n<p>2 tailles de glace pil\u00e9e :<strong> fin \/ gros.<\/strong><\/p>\n<p>2 modes de fonctionnement: <strong>automatique<\/strong> (broie automatiquement la totalit\u00e9 des gla\u00e7ons plac\u00e9s dans le r\u00e9servoir) et<strong> manuel<\/strong> (broie la glace tant que l&rsquo;on appuie sur le bouton).<\/p>\n<p><strong>D\u00e9bit exceptionnel<\/strong>: permet de broyer 1,2 kg de glace en 30 secondes.<\/p>\n<p>[vc_video link=&rsquo;https:\/\/www.youtube.com\/watch?v=nAqOkk1RTWE&rsquo;]<\/p>\n<p>&nbsp;<\/p>\n<p><a class=\"maxbutton-1 maxbutton maxbutton-fiche-technique-mira\" target=\"_blank\" rel=\"noopener\" href=\"https:\/\/www.santos.fr\/media\/ftp\/sales_leaflets\/FR_french\/SANTOS_53_leaflet_FR.pdf\"><span class='mb-text'>FICHE TECHNIQUE<\/span><\/a><\/p>\n<p><a class=\"maxbutton-2 maxbutton maxbutton-technical-manual\" target=\"_blank\" rel=\"noopener\" href=\"https:\/\/www.santos.fr\/media\/ftp\/sales_leaflets\/EN_english\/SANTOS_53_leaflet_EN.pdf\"><span class='mb-text'>TECHNICAL MANUAL<\/span><\/a><\/p>\n<p>&nbsp;<\/p>\n","protected":false},"featured_media":831,"template":"","meta":{"_et_pb_use_builder":"","_et_pb_old_content":"","om_disable_all_campaigns":false,"_monsterinsights_skip_tracking":false,"_monsterinsights_sitenote_active":false,"_monsterinsights_sitenote_note":"","_monsterinsights_sitenote_category":0},"product_cat":[68],"product_tag":[],"class_list":{"0":"post-830","1":"product","2":"type-product","3":"status-publish","4":"has-post-thumbnail","6":"product_cat-broyeur-a-glacons","8":"first","9":"outofstock","10":"taxable","11":"shipping-taxable","12":"purchasable","13":"product-type-simple"},"aioseo_notices":[],"yoast_head":"<!-- This site is optimized with the Yoast SEO plugin v23.7 - https:\/\/yoast.com\/wordpress\/plugins\/seo\/ -->\n<title>Broyeur \u00e0 gla\u00e7ons 53 Santos - Dr Bean<\/title>\n<meta name=\"description\" content=\"? A utiliser partout o\u00f9 l&#039;on consomme de la glace pil\u00e9e: restaurants, bars, night clubs, ... Particuli\u00e8rement adapt\u00e9 \u00e0 la r\u00e9alisation de cocktails.\" \/>\n<meta name=\"robots\" content=\"index, follow, max-snippet:-1, max-image-preview:large, max-video-preview:-1\" \/>\n<link rel=\"canonical\" href=\"https:\/\/drbean.ca\/fr\/catalogue\/broyeur-a-glacons\/broyeur-a-glacons-53-santos\/\" \/>\n<meta property=\"og:locale\" content=\"fr_FR\" \/>\n<meta property=\"og:type\" content=\"article\" \/>\n<meta property=\"og:title\" content=\"Broyeur \u00e0 gla\u00e7ons 53 Santos - Dr Bean\" \/>\n<meta property=\"og:description\" content=\"? A utiliser partout o\u00f9 l&#039;on consomme de la glace pil\u00e9e: restaurants, bars, night clubs, ... Particuli\u00e8rement adapt\u00e9 \u00e0 la r\u00e9alisation de cocktails.\" \/>\n<meta property=\"og:url\" content=\"https:\/\/drbean.ca\/fr\/catalogue\/broyeur-a-glacons\/broyeur-a-glacons-53-santos\/\" \/>\n<meta property=\"og:site_name\" content=\"Dr Bean\" \/>\n<meta property=\"article:publisher\" content=\"https:\/\/www.facebook.com\/DRBEANMTL\" \/>\n<meta property=\"article:modified_time\" content=\"2025-03-26T12:41:40+00:00\" \/>\n<meta property=\"og:image\" content=\"https:\/\/drbean.ca\/wp-content\/uploads\/2019\/08\/santos53-1.jpg\" \/>\n\t<meta property=\"og:image:width\" content=\"600\" \/>\n\t<meta property=\"og:image:height\" content=\"600\" \/>\n\t<meta property=\"og:image:type\" content=\"image\/jpeg\" \/>\n<meta name=\"twitter:card\" content=\"summary_large_image\" \/>\n<script type=\"application\/ld+json\" class=\"yoast-schema-graph\">{\"@context\":\"https:\/\/schema.org\",\"@graph\":[{\"@type\":\"WebPage\",\"@id\":\"https:\/\/drbean.ca\/catalogue\/broyeur-a-glacons\/broyeur-a-glacons-53-santos\/\",\"url\":\"https:\/\/drbean.ca\/catalogue\/broyeur-a-glacons\/broyeur-a-glacons-53-santos\/\",\"name\":\"Broyeur \u00e0 gla\u00e7ons 53 Santos - Dr Bean\",\"isPartOf\":{\"@id\":\"https:\/\/drbean.ca\/fr\/#website\"},\"primaryImageOfPage\":{\"@id\":\"https:\/\/drbean.ca\/catalogue\/broyeur-a-glacons\/broyeur-a-glacons-53-santos\/#primaryimage\"},\"image\":{\"@id\":\"https:\/\/drbean.ca\/catalogue\/broyeur-a-glacons\/broyeur-a-glacons-53-santos\/#primaryimage\"},\"thumbnailUrl\":\"https:\/\/drbean.ca\/wp-content\/uploads\/2019\/08\/santos53-1.jpg\",\"datePublished\":\"2019-08-26T15:44:12+00:00\",\"dateModified\":\"2025-03-26T12:41:40+00:00\",\"description\":\"? A utiliser partout o\u00f9 l'on consomme de la glace pil\u00e9e: restaurants, bars, night clubs, ... Particuli\u00e8rement adapt\u00e9 \u00e0 la r\u00e9alisation de cocktails.\",\"breadcrumb\":{\"@id\":\"https:\/\/drbean.ca\/catalogue\/broyeur-a-glacons\/broyeur-a-glacons-53-santos\/#breadcrumb\"},\"inLanguage\":\"fr-FR\",\"potentialAction\":[{\"@type\":\"ReadAction\",\"target\":[\"https:\/\/drbean.ca\/catalogue\/broyeur-a-glacons\/broyeur-a-glacons-53-santos\/\"]}]},{\"@type\":\"ImageObject\",\"inLanguage\":\"fr-FR\",\"@id\":\"https:\/\/drbean.ca\/catalogue\/broyeur-a-glacons\/broyeur-a-glacons-53-santos\/#primaryimage\",\"url\":\"https:\/\/drbean.ca\/wp-content\/uploads\/2019\/08\/santos53-1.jpg\",\"contentUrl\":\"https:\/\/drbean.ca\/wp-content\/uploads\/2019\/08\/santos53-1.jpg\",\"width\":600,\"height\":600,\"caption\":\"broyeur \u00e0 gla\u00e7ons\"},{\"@type\":\"BreadcrumbList\",\"@id\":\"https:\/\/drbean.ca\/catalogue\/broyeur-a-glacons\/broyeur-a-glacons-53-santos\/#breadcrumb\",\"itemListElement\":[{\"@type\":\"ListItem\",\"position\":1,\"name\":\"Accueil\",\"item\":\"http:\/\/drbean.ca\/fr\/\"},{\"@type\":\"ListItem\",\"position\":2,\"name\":\"Boutique\",\"item\":\"http:\/\/drbean.ca\/fr\/boutique\/\"},{\"@type\":\"ListItem\",\"position\":3,\"name\":\"Broyeur \u00e0 gla\u00e7ons 53 Santos\"}]},{\"@type\":\"WebSite\",\"@id\":\"https:\/\/drbean.ca\/fr\/#website\",\"url\":\"https:\/\/drbean.ca\/fr\/\",\"name\":\"Dr Bean\",\"description\":\"Votre partenaire depuis plus de 15 ans\",\"publisher\":{\"@id\":\"https:\/\/drbean.ca\/fr\/#organization\"},\"potentialAction\":[{\"@type\":\"SearchAction\",\"target\":{\"@type\":\"EntryPoint\",\"urlTemplate\":\"https:\/\/drbean.ca\/fr\/?s={search_term_string}\"},\"query-input\":{\"@type\":\"PropertyValueSpecification\",\"valueRequired\":true,\"valueName\":\"search_term_string\"}}],\"inLanguage\":\"fr-FR\"},{\"@type\":\"Organization\",\"@id\":\"https:\/\/drbean.ca\/fr\/#organization\",\"name\":\"Dr Bean\",\"url\":\"https:\/\/drbean.ca\/fr\/\",\"logo\":{\"@type\":\"ImageObject\",\"inLanguage\":\"fr-FR\",\"@id\":\"https:\/\/drbean.ca\/fr\/#\/schema\/logo\/image\/\",\"url\":\"https:\/\/drbean.ca\/wp-content\/uploads\/2016\/09\/footer_logo.png\",\"contentUrl\":\"https:\/\/drbean.ca\/wp-content\/uploads\/2016\/09\/footer_logo.png\",\"width\":216,\"height\":192,\"caption\":\"Dr Bean\"},\"image\":{\"@id\":\"https:\/\/drbean.ca\/fr\/#\/schema\/logo\/image\/\"},\"sameAs\":[\"https:\/\/www.facebook.com\/DRBEANMTL\",\"https:\/\/www.instagram.com\/drbeanmtl\/\"]}]}<\/script>\n<!-- \/ Yoast SEO plugin. -->","yoast_head_json":{"title":"Broyeur \u00e0 gla\u00e7ons 53 Santos - Dr Bean","description":"? A utiliser partout o\u00f9 l'on consomme de la glace pil\u00e9e: restaurants, bars, night clubs, ... Particuli\u00e8rement adapt\u00e9 \u00e0 la r\u00e9alisation de cocktails.","robots":{"index":"index","follow":"follow","max-snippet":"max-snippet:-1","max-image-preview":"max-image-preview:large","max-video-preview":"max-video-preview:-1"},"canonical":"https:\/\/drbean.ca\/fr\/catalogue\/broyeur-a-glacons\/broyeur-a-glacons-53-santos\/","og_locale":"fr_FR","og_type":"article","og_title":"Broyeur \u00e0 gla\u00e7ons 53 Santos - Dr Bean","og_description":"? A utiliser partout o\u00f9 l'on consomme de la glace pil\u00e9e: restaurants, bars, night clubs, ... Particuli\u00e8rement adapt\u00e9 \u00e0 la r\u00e9alisation de cocktails.","og_url":"https:\/\/drbean.ca\/fr\/catalogue\/broyeur-a-glacons\/broyeur-a-glacons-53-santos\/","og_site_name":"Dr Bean","article_publisher":"https:\/\/www.facebook.com\/DRBEANMTL","article_modified_time":"2025-03-26T12:41:40+00:00","og_image":[{"width":600,"height":600,"url":"https:\/\/drbean.ca\/wp-content\/uploads\/2019\/08\/santos53-1.jpg","type":"image\/jpeg"}],"twitter_card":"summary_large_image","schema":{"@context":"https:\/\/schema.org","@graph":[{"@type":"WebPage","@id":"https:\/\/drbean.ca\/catalogue\/broyeur-a-glacons\/broyeur-a-glacons-53-santos\/","url":"https:\/\/drbean.ca\/catalogue\/broyeur-a-glacons\/broyeur-a-glacons-53-santos\/","name":"Broyeur \u00e0 gla\u00e7ons 53 Santos - Dr Bean","isPartOf":{"@id":"https:\/\/drbean.ca\/fr\/#website"},"primaryImageOfPage":{"@id":"https:\/\/drbean.ca\/catalogue\/broyeur-a-glacons\/broyeur-a-glacons-53-santos\/#primaryimage"},"image":{"@id":"https:\/\/drbean.ca\/catalogue\/broyeur-a-glacons\/broyeur-a-glacons-53-santos\/#primaryimage"},"thumbnailUrl":"https:\/\/drbean.ca\/wp-content\/uploads\/2019\/08\/santos53-1.jpg","datePublished":"2019-08-26T15:44:12+00:00","dateModified":"2025-03-26T12:41:40+00:00","description":"? A utiliser partout o\u00f9 l'on consomme de la glace pil\u00e9e: restaurants, bars, night clubs, ... Particuli\u00e8rement adapt\u00e9 \u00e0 la r\u00e9alisation de cocktails.","breadcrumb":{"@id":"https:\/\/drbean.ca\/catalogue\/broyeur-a-glacons\/broyeur-a-glacons-53-santos\/#breadcrumb"},"inLanguage":"fr-FR","potentialAction":[{"@type":"ReadAction","target":["https:\/\/drbean.ca\/catalogue\/broyeur-a-glacons\/broyeur-a-glacons-53-santos\/"]}]},{"@type":"ImageObject","inLanguage":"fr-FR","@id":"https:\/\/drbean.ca\/catalogue\/broyeur-a-glacons\/broyeur-a-glacons-53-santos\/#primaryimage","url":"https:\/\/drbean.ca\/wp-content\/uploads\/2019\/08\/santos53-1.jpg","contentUrl":"https:\/\/drbean.ca\/wp-content\/uploads\/2019\/08\/santos53-1.jpg","width":600,"height":600,"caption":"broyeur \u00e0 gla\u00e7ons"},{"@type":"BreadcrumbList","@id":"https:\/\/drbean.ca\/catalogue\/broyeur-a-glacons\/broyeur-a-glacons-53-santos\/#breadcrumb","itemListElement":[{"@type":"ListItem","position":1,"name":"Accueil","item":"http:\/\/drbean.ca\/fr\/"},{"@type":"ListItem","position":2,"name":"Boutique","item":"http:\/\/drbean.ca\/fr\/boutique\/"},{"@type":"ListItem","position":3,"name":"Broyeur \u00e0 gla\u00e7ons 53 Santos"}]},{"@type":"WebSite","@id":"https:\/\/drbean.ca\/fr\/#website","url":"https:\/\/drbean.ca\/fr\/","name":"Dr Bean","description":"Votre partenaire depuis plus de 15 ans","publisher":{"@id":"https:\/\/drbean.ca\/fr\/#organization"},"potentialAction":[{"@type":"SearchAction","target":{"@type":"EntryPoint","urlTemplate":"https:\/\/drbean.ca\/fr\/?s={search_term_string}"},"query-input":{"@type":"PropertyValueSpecification","valueRequired":true,"valueName":"search_term_string"}}],"inLanguage":"fr-FR"},{"@type":"Organization","@id":"https:\/\/drbean.ca\/fr\/#organization","name":"Dr Bean","url":"https:\/\/drbean.ca\/fr\/","logo":{"@type":"ImageObject","inLanguage":"fr-FR","@id":"https:\/\/drbean.ca\/fr\/#\/schema\/logo\/image\/","url":"https:\/\/drbean.ca\/wp-content\/uploads\/2016\/09\/footer_logo.png","contentUrl":"https:\/\/drbean.ca\/wp-content\/uploads\/2016\/09\/footer_logo.png","width":216,"height":192,"caption":"Dr Bean"},"image":{"@id":"https:\/\/drbean.ca\/fr\/#\/schema\/logo\/image\/"},"sameAs":["https:\/\/www.facebook.com\/DRBEANMTL","https:\/\/www.instagram.com\/drbeanmtl\/"]}]}},"_links":{"self":[{"href":"https:\/\/drbean.ca\/fr\/wp-json\/wp\/v2\/product\/830","targetHints":{"allow":["GET"]}}],"collection":[{"href":"https:\/\/drbean.ca\/fr\/wp-json\/wp\/v2\/product"}],"about":[{"href":"https:\/\/drbean.ca\/fr\/wp-json\/wp\/v2\/types\/product"}],"wp:featuredmedia":[{"embeddable":true,"href":"https:\/\/drbean.ca\/fr\/wp-json\/wp\/v2\/media\/831"}],"wp:attachment":[{"href":"https:\/\/drbean.ca\/fr\/wp-json\/wp\/v2\/media?parent=830"}],"wp:term":[{"taxonomy":"product_cat","embeddable":true,"href":"https:\/\/drbean.ca\/fr\/wp-json\/wp\/v2\/product_cat?post=830"},{"taxonomy":"product_tag","embeddable":true,"href":"https:\/\/drbean.ca\/fr\/wp-json\/wp\/v2\/product_tag?post=830"}],"curies":[{"name":"wp","href":"https:\/\/api.w.org\/{rel}","templated":true}]}}